{"id":4031,"date":"2024-05-03T06:27:01","date_gmt":"2024-05-03T06:27:01","guid":{"rendered":"https:\/\/elfsight.com\/pl\/?page_id=4031"},"modified":"2024-11-14T09:02:06","modified_gmt":"2024-11-14T09:02:06","slug":"bigcommerce","status":"publish","type":"page","link":"https:\/\/elfsight.com\/pl\/all-in-one-chat-widget\/bigcommerce\/","title":{"rendered":"All-in-One Chat &#8211; BigCommerce"},"content":{"rendered":"<div class=\"application-platform-content-item-description application-platform-content-item\" id=\"description\" data-nav-section=\"description\"> <h2>Opis<\/h2> <p>Aplikacja Elfsight All-in-One Chat to jedna z najwygodniejszych mo\u017cliwo\u015bci kontaktu z Tob\u0105 i uzyska\u0107 odpowiedzi na swoje pytania. B\u0105d\u017a dost\u0119pny na \u017cywo we wszystkich najpopularniejszych czatach 24 godziny na dob\u0119, 7 dni w tygodniu. Umie\u015b\u0107 wid\u017cet na swojej stronie, a b\u0119dzie on wy\u015bwietlany na wybranych stronach lub dla poszczeg\u00f3lnych kategorii odwiedzaj\u0105cych, wybierz aktywatory inicjuj\u0105ce czat, ustaw tekst powitalny, ustaw ikony i inne funkcje. Dzi\u0119ki aktywnej wtyczce b\u0119dziesz w kontakcie z lud\u017ami w dowolnym miejscu i czasie. <\/p> <p><b>Wszystkie znane komunikatory, takie jak Telegram, Viber, Facebook, WhatsApp i inne w jednym, aby zapewni\u0107 maksymalnie kompetentn\u0105 i wygodn\u0105 interakcj\u0119 z klientami!<\/b><\/p> <p> <b>Scentralizuj wymagania swoich klient\u00f3w<\/b><br>\u0141\u0105cz\u0105c wszystkie dobrze znane kana\u0142y komunikacji w naszej aplikacji Chat Box, b\u0119dziesz m\u00f3g\u0142 wykonywa\u0107 wiele zada\u0144 w jednym miejscu, zwi\u0119kszaj\u0105c satysfakcj\u0119 klienta.<\/p><p><b>Wysoce konfigurowalne narz\u0119dzie<\/b><br>WhatsApp, Viber, Line, Telegram, Discord, Facebook Messenger, &#8211; mo\u017cesz dowolnie korzysta\u0107 z nich wszystkich lub wybra\u0107 te, kt\u00f3re odpowiadaj\u0105 Twoim potrzebom, dostosowuj\u0105c ich kolorystyk\u0119 , rozmiar i wiele wi\u0119cej.<\/b><p><b>Zapewnij rozmow\u0119 w czasie rzeczywistym<\/b><br>Umieszczaj\u0105c wid\u017cet Czat na \u017cywo na swojej stronie internetowej, szybciej zaznajomisz si\u0119 ze swoimi odbiorcami, zapewniaj\u0105c im wiod\u0105c\u0105 w swojej klasie us\u0142ug\u0119 oferuj\u0105c\u0105 bardziej zaawansowane us\u0142ugi.<\/b><\/div> <div class=\"application-platform-content-item-features application-platform-content-item\" id=\"features\" data-nav-section=\"features\"> <h2>Znajd\u017a poni\u017cej najwa\u017cniejsze funkcje aplikacji: <\/h2> <ul><li>Umie\u015b\u0107 wszystko -in-One Chat Messenger na Twojej stronie, aby prowadzi\u0107 rozmowy z u\u017cytkownikami. <\/li><li>3 warianty pozycji czatu: p\u0142ywaj\u0105ca ba\u0144ka, osadzana ba\u0144ka i osadzane okno czatu. <\/li><li>Zbi\u00f3r ikon b\u0105belk\u00f3w do wyboru. <\/li><li>Elastyczny nag\u0142\u00f3wek czatu ze zdj\u0119ciem strony, nazw\u0105 i podtytu\u0142em<\/li><li>Domy\u015blne ustawienie obrazu strony z naszej biblioteki lub przes\u0142anie niestandardowego obrazu. <\/li><\/ul><p><a href=\"#demo\">Mo\u017cesz przekona\u0107 si\u0119, ile wart jest widget, korzystaj\u0105c z wersji demonstracyjnej<\/a><\/p> <\/div> <div class=\"application-platform-content-item-installation application-platform-content-item\" id=\"installation\" data-nav-section=\"installation\"> <h2>Jak mog\u0119 doda\u0107 Czat na \u017cywo do mojej witryny BigCommerce?<\/h2> <div class=\"video-container\"><iframe width=\"720\" height=\"405\" src=\"https:\/\/www.youtube.com\/embed\/VvtQGguqPJE\" frameborder=\"0\" allowfullscreen=\"\"><\/iframe><\/div><p>Wystarczy zastosowa\u0107 si\u0119 do poni\u017cszych instrukcji, aby rozpocz\u0105\u0107 korzystanie z wid\u017cetu. <\/p> <ol><li><b>Zarz\u0105dzaj naszym bezp\u0142atnym konfiguratorem i zacznij kszta\u0142towa\u0107 sw\u00f3j w\u0142asny widget.<\/b><br> Znajd\u017a wybrany wygl\u0105d i funkcjonalno\u015b\u0107 wid\u017cetu i zapisz wszystkie poprawki.<\/li> <li><b>Zdob\u0105d\u017a sw\u00f3j indywidualny kod pokazany w oknie aplikacji Elfsight.<\/b><br> Po zako\u0144czeniu generowania osobistego wid\u017cetu skopiuj kod osobisty z wy\u015bwietlonego wyskakuj\u0105cego okienka i zapisz go na p\u00f3\u017aniej okazja. <\/li> <li><b>Rozpocznij korzystanie z wid\u017cetu na stronie internetowej BigCommerce. <\/b><br> Dodaj skopiowany ostatnio kod do swojej witryny i zapisz ulepszenia.<\/li> <li><b>Gotowe! Integracja zosta\u0142a ca\u0142kowicie zako\u0144czona.<\/b><br> Przejd\u017a na swoj\u0105 witryn\u0119 i zobacz, jak dzia\u0142a widget.<\/li><\/ol><p>Je\u015bli napotkasz jakie\u015b problemy, zwr\u00f3\u0107 si\u0119 o pomoc do naszego personelu pomocy technicznej. Nasi ludzie ch\u0119tnie pomog\u0105 Ci we wszystkich pytaniach zwi\u0105zanych z tym narz\u0119dziem.<\/p> <div class=\"faq\" data-component=\"FAQ\"><div class=\"faq-item\">\r\n\t\t\t\t\t<div class=\"faq-item-question\">\r\n\t\t\t\t\t\t<h3 class=\"faq-item-question-text\">Jak mog\u0119 doda\u0107 kompleksowy czat do mojej witryny BigCommerce bez umiej\u0119tno\u015bci kodowania?<\/h3>\r\n\r\n\t\t\t\t\t\t<div class=\"faq-item-question-icon\"><\/div>\r\n\t\t\t\t\t<\/div>\r\n\r\n\t\t\t\t\t<div class=\"faq-item-answer\">\r\n\t\t\t\t\t\t<div class=\"faq-item-answer-text\"> <p>Elfsight zapewnia rozwi\u0105zanie SaaS, kt\u00f3re umo\u017cliwia samodzielne utworzenie wszechstronnego wid\u017cetu czatu. Przekonaj si\u0119, jak \u0142atwy jest ten proces: Pracuj bezpo\u015brednio w edytorze online, aby utworzy\u0107 kompleksowy wid\u017cet czatu, kt\u00f3ry chcesz ogl\u0105da\u0107 na Twojej stronie BigCommerce. Wybierz jeden z gotowych szablon\u00f3w i dostosuj ustawienia czatu \u201ewszystko w jednym\u201d, dodaj tre\u015b\u0107, zmie\u0144 uk\u0142ad i kolory bez umiej\u0119tno\u015bci kodowania. Zapisz Czat All-in-one i skopiuj jego kod instalacyjny, kt\u00f3ry mo\u017cesz \u0142atwo osadzi\u0107 na swojej stronie BigCommerce bez kupowania wersji p\u0142atnej. Dzi\u0119ki naszemu intuicyjnemu edytorowi ka\u017cdy u\u017cytkownik Internetu mo\u017ce stworzy\u0107 kompleksowy widget czatu online i \u0142atwo osadzi\u0107 go na swojej witrynie BigCommerce. Aby uzyska\u0107 dost\u0119p do us\u0142ugi, nie trzeba p\u0142aci\u0107 ani wprowadza\u0107 danych uwierzytelniaj\u0105cych karty. Je\u015bli na kt\u00f3rymkolwiek etapie napotkasz jakiekolwiek problemy, skontaktuj si\u0119 z naszym zespo\u0142em pomocy technicznej.<\/p><\/div>\r\n\t\t\t\t\t<\/div>\r\n\t\t\t\t<\/div><\/div><\/div>","protected":false},"excerpt":{"rendered":"","protected":false},"author":9,"featured_media":0,"parent":750,"menu_order":0,"comment_status":"closed","ping_status":"closed","template":"templates\/template-application-platform.php","meta":{"publish_to_discourse":"","publish_post_category":"","wpdc_auto_publish_overridden":"","wpdc_topic_tags":"","wpdc_pin_topic":"","wpdc_pin_until":"","discourse_post_id":"","discourse_permalink":"","wpdc_publishing_response":"","wpdc_publishing_error":"","footnotes":""},"class_list":["post-4031","page","type-page","status-publish","hentry"],"yoast_head":"<!-- This site is optimized with the Yoast SEO plugin v25.3.1 - https:\/\/yoast.com\/wordpress\/plugins\/seo\/ -->\n<title>Czat na \u017cywo \u2014 wid\u017cet okna czatu online do witryn BigCommerce [2025]<\/title>\n<meta name=\"description\" content=\"W ci\u0105gu kilku minut umie\u015b\u0107 wid\u017cet All-in-One Live Chat Box na stronie g\u0142\u00f3wnej BigCommerce. Skorzystaj z naszego przydatnego demo, aby \u0142atwo i bez kodowania kszta\u0142towa\u0107 sw\u00f3j unikalny widget.\" \/>\n<meta name=\"robots\" content=\"index, follow, max-snippet:-1, max-image-preview:large, max-video-preview:-1\" \/>\n<link rel=\"canonical\" href=\"https:\/\/elfsight.com\/pl\/all-in-one-chat-widget\/bigcommerce\/\" \/>\n<meta property=\"og:locale\" content=\"pl_PL\" \/>\n<meta property=\"og:type\" content=\"article\" \/>\n<meta property=\"og:title\" content=\"Czat na \u017cywo \u2014 wid\u017cet okna czatu online do witryn BigCommerce [2025]\" \/>\n<meta property=\"og:description\" content=\"W ci\u0105gu kilku minut umie\u015b\u0107 wid\u017cet All-in-One Live Chat Box na stronie g\u0142\u00f3wnej BigCommerce. Skorzystaj z naszego przydatnego demo, aby \u0142atwo i bez kodowania kszta\u0142towa\u0107 sw\u00f3j unikalny widget.\" \/>\n<meta property=\"og:url\" content=\"https:\/\/elfsight.com\/pl\/all-in-one-chat-widget\/bigcommerce\/\" \/>\n<meta property=\"og:site_name\" content=\"Elfsight PL\" \/>\n<meta property=\"article:modified_time\" content=\"2024-11-14T09:02:06+00:00\" \/>\n<meta name=\"twitter:card\" content=\"summary_large_image\" \/>\n<meta name=\"twitter:label1\" content=\"Szacowany czas czytania\" \/>\n\t<meta name=\"twitter:data1\" content=\"3 minuty\" \/>\n<!-- \/ Yoast SEO plugin. -->","yoast_head_json":{"title":"Czat na \u017cywo \u2014 wid\u017cet okna czatu online do witryn BigCommerce [2025]","description":"W ci\u0105gu kilku minut umie\u015b\u0107 wid\u017cet All-in-One Live Chat Box na stronie g\u0142\u00f3wnej BigCommerce. Skorzystaj z naszego przydatnego demo, aby \u0142atwo i bez kodowania kszta\u0142towa\u0107 sw\u00f3j unikalny widget.","robots":{"index":"index","follow":"follow","max-snippet":"max-snippet:-1","max-image-preview":"max-image-preview:large","max-video-preview":"max-video-preview:-1"},"canonical":"https:\/\/elfsight.com\/pl\/all-in-one-chat-widget\/bigcommerce\/","og_locale":"pl_PL","og_type":"article","og_title":"Czat na \u017cywo \u2014 wid\u017cet okna czatu online do witryn BigCommerce [2025]","og_description":"W ci\u0105gu kilku minut umie\u015b\u0107 wid\u017cet All-in-One Live Chat Box na stronie g\u0142\u00f3wnej BigCommerce. Skorzystaj z naszego przydatnego demo, aby \u0142atwo i bez kodowania kszta\u0142towa\u0107 sw\u00f3j unikalny widget.","og_url":"https:\/\/elfsight.com\/pl\/all-in-one-chat-widget\/bigcommerce\/","og_site_name":"Elfsight PL","article_modified_time":"2024-11-14T09:02:06+00:00","twitter_card":"summary_large_image","twitter_misc":{"Szacowany czas czytania":"3 minuty"},"schema":{"@context":"https:\/\/schema.org","@graph":[{"@type":"WebPage","@id":"https:\/\/elfsight.com\/pl\/all-in-one-chat-widget\/bigcommerce\/","url":"https:\/\/elfsight.com\/pl\/all-in-one-chat-widget\/bigcommerce\/","name":"Czat na \u017cywo \u2014 wid\u017cet okna czatu online do witryn BigCommerce [2025]","isPartOf":{"@id":"https:\/\/elfsight.com\/pl\/#website"},"datePublished":"2024-05-03T06:27:01+00:00","dateModified":"2024-11-14T09:02:06+00:00","description":"W ci\u0105gu kilku minut umie\u015b\u0107 wid\u017cet All-in-One Live Chat Box na stronie g\u0142\u00f3wnej BigCommerce. Skorzystaj z naszego przydatnego demo, aby \u0142atwo i bez kodowania kszta\u0142towa\u0107 sw\u00f3j unikalny widget.","breadcrumb":{"@id":"https:\/\/elfsight.com\/pl\/all-in-one-chat-widget\/bigcommerce\/#breadcrumb"},"inLanguage":"pl-PL","potentialAction":[{"@type":"ReadAction","target":["https:\/\/elfsight.com\/pl\/all-in-one-chat-widget\/bigcommerce\/"]}]},{"@type":"BreadcrumbList","@id":"https:\/\/elfsight.com\/pl\/all-in-one-chat-widget\/bigcommerce\/#breadcrumb","itemListElement":[{"@type":"ListItem","position":1,"name":"Home","item":"https:\/\/elfsight.com\/pl\/"},{"@type":"ListItem","position":2,"name":"All-in-One Chat","item":"https:\/\/elfsight.com\/pl\/all-in-one-chat-widget\/"},{"@type":"ListItem","position":3,"name":"All-in-One Chat &#8211; BigCommerce"}]},{"@type":"WebSite","@id":"https:\/\/elfsight.com\/pl\/#website","url":"https:\/\/elfsight.com\/pl\/","name":"Elfsight PL","description":"Just another Elfsight Sites site","potentialAction":[{"@type":"SearchAction","target":{"@type":"EntryPoint","urlTemplate":"https:\/\/elfsight.com\/pl\/?s={search_term_string}"},"query-input":{"@type":"PropertyValueSpecification","valueRequired":true,"valueName":"search_term_string"}}],"inLanguage":"pl-PL"}]}},"meta_box":{"industry":"","seo_heading":"","heading":"","description":"","cta_heading":"","cta_description":"","application":"749","h1":"Wid\u017cet czatu na \u017cywo BigCommerce","h1_caption":"Zaoferuj swoim klientom mo\u017cliwo\u015b\u0107 \u0142atwego kontaktu z Tob\u0105 na wielu platformach komunikacyjnych, takich jak WhatsApp, Facebook, telegram i nie tylko, z jednej aplikacji na Twoj\u0105 witryn\u0119 BigCommerce.","application_category":[],"applications_title":"","applications_request_title":"","applications_request_button_text":"","hero_text":"","hero_video":"","hero_video_schema_markup":"","selling_points_title":"","selling_points_caption":"","selling_points":[],"selling_points_cta_text":"","features_title":"","features":"","ed_cta_examples_text":"","ed_cta_examples_hidden":"","ed_cta_demo_text":"","ed_cta_demo_hidden":"","why_caption":"","why_editor_title":"","why_editor_text":"","why_team_title":"","why_team_text":"","why_service_title":"","why_service_text":"","template_catalog_visible":"","template_catalog_title":"","template_catalog_text":"","template_catalog_categories_visible":"","demo_title":"Utw\u00f3rz aplikacj\u0119 do czatowania typu \u201ewszystko w jednym\u201d.","demo_caption":"Skonfiguruj sw\u00f3j czat All-in-One i dodaj go do swojej witryny BigCommerce za darmo!","default_faq_hidden":"","app_template_category":[],"platform":"41","template_public_id":"","codecanyon_url":"","codecanyon_item_id":"","codecanyon_price":"","pricing_caption":"","pricing_elfsight_apps_hide_column":"","pricing_elfsight_apps_url":"","pricing_codecanyon_price_caption":"","integration_category":[],"integration_request_title":"","integration_request_cta":"","integration_platform":"","integrations":[],"platform_category":[],"video_schema_markup":"","price":"od 0 USD \/ miesi\u0105c","trial":"","benefits":[{"text":"Do\u015bwiadczona obs\u0142uga klienta"},{"text":"Wsparcie premium"},{"text":"14-dniowa gwarancja zwrotu pieni\u0119dzy"}],"button_url":"#demo","button_target_blank":"","button_nofollow":"","attributes":[{"name":"Instaluje"},{"name":"Czu\u0142y"},{"name":"Kompatybilne przegl\u0105darki"}],"tags":[],"tags_disable_links":"","hide_more_platforms":"","video_object":"","demo_hide_cta":"","demo_hide_cloud_options":"","pricing_title":"","pricing":[{"pricing_icon":"platform","pricing_title":"Elfsight Apps","pricing_title_caption":"Wersja wieloplatformowa","pricing_price":"od 0 USD \/ miesi\u0105c","pricing_price_caption":"zacznij od bezp\u0142atnego planu","pricing_benefits":[{"text":"Nielimitowane strony internetowe"},{"text":"Wsparcie 24\/7"},{"text":"Bezp\u0142atna pomoc w instalacji"},{"text":"100% konfigurowalny"}],"pricing_button_text":"Dodaj do witryny","pricing_button_url":"#demo"}],"related_apps_title":"","related_apps_hidden":"","author":"","image":[],"title":"","job":"","social_networks":[]},"_links":{"self":[{"href":"https:\/\/elfsight.com\/pl\/wp-json\/wp\/v2\/pages\/4031","targetHints":{"allow":["GET"]}}],"collection":[{"href":"https:\/\/elfsight.com\/pl\/wp-json\/wp\/v2\/pages"}],"about":[{"href":"https:\/\/elfsight.com\/pl\/wp-json\/wp\/v2\/types\/page"}],"author":[{"embeddable":true,"href":"https:\/\/elfsight.com\/pl\/wp-json\/wp\/v2\/users\/9"}],"replies":[{"embeddable":true,"href":"https:\/\/elfsight.com\/pl\/wp-json\/wp\/v2\/comments?post=4031"}],"version-history":[{"count":2,"href":"https:\/\/elfsight.com\/pl\/wp-json\/wp\/v2\/pages\/4031\/revisions"}],"predecessor-version":[{"id":7632,"href":"https:\/\/elfsight.com\/pl\/wp-json\/wp\/v2\/pages\/4031\/revisions\/7632"}],"up":[{"embeddable":true,"href":"https:\/\/elfsight.com\/pl\/wp-json\/wp\/v2\/pages\/750"}],"wp:attachment":[{"href":"https:\/\/elfsight.com\/pl\/wp-json\/wp\/v2\/media?parent=4031"}],"curies":[{"name":"wp","href":"https:\/\/api.w.org\/{rel}","templated":true}]}}