{"id":4030,"date":"2024-05-03T06:27:00","date_gmt":"2024-05-03T06:27:00","guid":{"rendered":"https:\/\/elfsight.com\/pl\/?page_id=4030"},"modified":"2025-06-25T08:24:32","modified_gmt":"2025-06-25T08:24:32","slug":"blogger","status":"publish","type":"page","link":"https:\/\/elfsight.com\/pl\/all-in-one-chat-widget\/blogger\/","title":{"rendered":"All-in-One Chat &#8211; Blogger"},"content":{"rendered":"<div class=\"application-platform-content-item-description application-platform-content-item\" id=\"description\" data-nav-section=\"description\"> <h2>Opis<\/h2> <p>Uniwersalne okno czatu Elfsight All-in-One to jedna z najszybszych mo\u017cliwo\u015bci, dzi\u0119ki kt\u00f3rej odwiedzaj\u0105cy witryn\u0119 mog\u0105 zwr\u00f3ci\u0107 si\u0119 do Ciebie i rozwi\u0105za\u0107 ich pytania. B\u0119dziesz dost\u0119pny online we wszystkich najpopularniejszych komunikatorach. Zintegruj narz\u0119dzie ze swoj\u0105 witryn\u0105 i b\u0119dzie mo\u017cna je aktywowa\u0107 na okre\u015blonych stronach lub dla okre\u015blonych kategorii odbiorc\u00f3w, wybiera\u0107 aktywatory rozpoczynaj\u0105ce czat, tworzy\u0107 w\u0142asn\u0105 wiadomo\u015b\u0107 powitaln\u0105, ustawia\u0107 ikony i inne funkcje. Po uruchomieniu wtyczki b\u0119dziesz w kontakcie z lud\u017ami w dowolnym miejscu i czasie. <\/p> <p><b>Zdob\u0105d\u017a wi\u0119cej potencjalnych klient\u00f3w poprzez kontakt osobisty<\/b><\/p> <\/div> <div class=\"application-platform-content-item-features application-platform-content-item\" id=\"features\" data-nav-section=\"features\"> <h2>Znajd\u017a poni\u017cej podstawowe funkcje wid\u017cetu: <\/h2> <ul><li>Umie\u015b\u0107 komunikator typu \u201ewszystko w jednym\u201d na swojej stronie internetowej, aby m\u00f3c rozmawia\u0107 z u\u017cytkownikami. <\/li><li>Trzy warianty pozycji czatu: p\u0142ywaj\u0105ca ba\u0144ka, osadzana ba\u0144ka i osadzane okno czatu. <\/li><li>Biblioteka ikon b\u0105belk\u00f3w do wyboru. <\/li><li>Elastyczny nag\u0142\u00f3wek czatu ze zdj\u0119ciem strony, nazw\u0105 i podtytu\u0142em<\/li><li>Domy\u015blny wyb\u00f3r obrazu strony z kolekcji lub przes\u0142anie w\u0142asnego obrazu. <\/li><\/ul><p><a href=\"#demo\">Mo\u017cesz teraz pozna\u0107 pe\u0142ne mo\u017cliwo\u015bci wid\u017cetu w wersji demonstracyjnej<\/a><\/p> <\/div> <div class=\"application-platform-content-item-installation application-platform-content-item\" id=\"installation\" data-nav-section=\"installation\"> <h2>Jak osadzi\u0107 wid\u017cet Czatu na \u017cywo w mojej witrynie Bloggera?<\/h2> <div class=\"video-container\"><iframe width=\"720\" height=\"405\" src=\"https:\/\/www.youtube.com\/embed\/HtA--9mip_g\" frameborder=\"0\" allowfullscreen=\"\"><\/iframe><\/div><p>Wystarczy post\u0119powa\u0107 zgodnie z poni\u017cszymi instrukcjami, aby doda\u0107 narz\u0119dzie.<\/p> <ol><li><b>Skorzystaj z naszego bezp\u0142atnego konfiguratora i zacznij kszta\u0142towa\u0107 sw\u00f3j w\u0142asny instrument. <\/b><br> Znajd\u017a preferowan\u0105 form\u0119 i funkcjonalno\u015b\u0107 wtyczki i zastosuj poprawki. <\/li> <li><b>Odbierz sw\u00f3j unikalny kod pojawiaj\u0105cy si\u0119 w polu w aplikacjach Elfsight. <\/b><br> Zaraz po zako\u0144czeniu tworzenia wtyczki skopiuj kod osobisty z wy\u015bwietlonego wyskakuj\u0105cego okienka i zachowaj go do wykorzystania w przysz\u0142o\u015bci. <\/li> <li><b>Rozpocznij korzystanie z narz\u0119dzia w witrynie Bloggera. <\/b><br> Wpisz skopiowany wcze\u015bniej kod na swojej stronie g\u0142\u00f3wnej i zastosuj poprawki. <\/li> <li><b>Instalacja zosta\u0142a ca\u0142kowicie zako\u0144czona. <\/b><br> Przejd\u017a do swojej witryny, aby obserwowa\u0107 dzia\u0142anie narz\u0119dzia. <\/li><\/ol> <p>W przypadku pyta\u0144 lub trudno\u015bci mo\u017cesz napisa\u0107 do naszego zespo\u0142u obs\u0142ugi klienta. Nasi konsultanci ch\u0119tnie pomog\u0105 Ci we wszystkich pytaniach zwi\u0105zanych z widgetem. <\/p> <div class=\"faq\" data-component=\"FAQ\"><div class=\"faq-item\">\r\n\t\t\t\t\t<div class=\"faq-item-question\">\r\n\t\t\t\t\t\t<h3 class=\"faq-item-question-text\">Jak doda\u0107 czat typu \u201ewszystko w jednym\u201d do mojej witryny Bloggera bez umiej\u0119tno\u015bci kodowania?<\/h3>\r\n\r\n\t\t\t\t\t\t<div class=\"faq-item-question-icon\"><\/div>\r\n\t\t\t\t\t<\/div>\r\n\r\n\t\t\t\t\t<div class=\"faq-item-answer\">\r\n\t\t\t\t\t\t<div class=\"faq-item-answer-text\"><p>Elfsight zapewnia rozwi\u0105zanie SaaS, kt\u00f3re pozwala utworzy\u0107 czat typu \u201ewszystko w jednym\u201d samodzielnie wid\u017cet, przekonaj si\u0119, jakie to proste: Pracuj bezpo\u015brednio w edytorze online, aby utworzy\u0107 kompleksowy wid\u017cet czatu, kt\u00f3ry chcesz widzie\u0107 w swojej witrynie Bloggera. Wybierz jeden z gotowych szablon\u00f3w i dostosuj ustawienia czatu \u201ewszystko w jednym\u201d, dodaj tre\u015b\u0107, zmie\u0144 uk\u0142ad i kolory bez umiej\u0119tno\u015bci kodowania. Zapisz Czat kompleksowy i skopiuj jego kod instalacyjny, kt\u00f3ry mo\u017cesz \u0142atwo osadzi\u0107 na swojej stronie Bloggera bez konieczno\u015bci kupowania wersji p\u0142atnej. Dzi\u0119ki naszemu intuicyjnemu edytorowi ka\u017cdy u\u017cytkownik Internetu mo\u017ce utworzy\u0107 kompleksowy wid\u017cet czatu online i \u0142atwo osadzi\u0107 go na swojej witrynie Bloggera. Aby uzyska\u0107 dost\u0119p do us\u0142ugi, nie trzeba p\u0142aci\u0107 ani wprowadza\u0107 danych uwierzytelniaj\u0105cych karty. Je\u015bli na kt\u00f3rymkolwiek etapie napotkasz jakiekolwiek problemy, skontaktuj si\u0119 z naszym zespo\u0142em pomocy technicznej.<\/p><\/div>\r\n\t\t\t\t\t<\/div>\r\n\t\t\t\t<\/div><\/div><\/div>","protected":false},"excerpt":{"rendered":"","protected":false},"author":9,"featured_media":0,"parent":750,"menu_order":0,"comment_status":"closed","ping_status":"closed","template":"templates\/template-application-platform.php","meta":{"publish_to_discourse":"","publish_post_category":"","wpdc_auto_publish_overridden":"","wpdc_topic_tags":"","wpdc_pin_topic":"","wpdc_pin_until":"","discourse_post_id":"","discourse_permalink":"","wpdc_publishing_response":"","wpdc_publishing_error":"","footnotes":""},"class_list":["post-4030","page","type-page","status-publish","hentry"],"yoast_head":"<!-- This site is optimized with the Yoast SEO plugin v25.3.1 - https:\/\/yoast.com\/wordpress\/plugins\/seo\/ -->\n<title>Czat na \u017cywo \u2014 dodaj wid\u017cet Chat Box do witryn Bloggera (bezp\u0142atny i \u0142atwy)<\/title>\n<meta name=\"description\" content=\"Za pomoc\u0105 kilku klikni\u0119\u0107 mo\u017cesz umie\u015bci\u0107 wid\u017cet All-in-One Live Chat Box w witrynie Bloggera. Skorzystaj z naszego aktywnego demo, aby szybko stworzy\u0107 swoj\u0105 unikaln\u0105 wtyczk\u0119.\" \/>\n<meta name=\"robots\" content=\"index, follow, max-snippet:-1, max-image-preview:large, max-video-preview:-1\" \/>\n<link rel=\"canonical\" href=\"https:\/\/elfsight.com\/pl\/all-in-one-chat-widget\/blogger\/\" \/>\n<meta property=\"og:locale\" content=\"pl_PL\" \/>\n<meta property=\"og:type\" content=\"article\" \/>\n<meta property=\"og:title\" content=\"Czat na \u017cywo \u2014 dodaj wid\u017cet Chat Box do witryn Bloggera (bezp\u0142atny i \u0142atwy)\" \/>\n<meta property=\"og:description\" content=\"Za pomoc\u0105 kilku klikni\u0119\u0107 mo\u017cesz umie\u015bci\u0107 wid\u017cet All-in-One Live Chat Box w witrynie Bloggera. Skorzystaj z naszego aktywnego demo, aby szybko stworzy\u0107 swoj\u0105 unikaln\u0105 wtyczk\u0119.\" \/>\n<meta property=\"og:url\" content=\"https:\/\/elfsight.com\/pl\/all-in-one-chat-widget\/blogger\/\" \/>\n<meta property=\"og:site_name\" content=\"Elfsight PL\" \/>\n<meta property=\"article:modified_time\" content=\"2025-06-25T08:24:32+00:00\" \/>\n<meta name=\"twitter:card\" content=\"summary_large_image\" \/>\n<meta name=\"twitter:label1\" content=\"Szacowany czas czytania\" \/>\n\t<meta name=\"twitter:data1\" content=\"3 minuty\" \/>\n<!-- \/ Yoast SEO plugin. -->","yoast_head_json":{"title":"Czat na \u017cywo \u2014 dodaj wid\u017cet Chat Box do witryn Bloggera (bezp\u0142atny i \u0142atwy)","description":"Za pomoc\u0105 kilku klikni\u0119\u0107 mo\u017cesz umie\u015bci\u0107 wid\u017cet All-in-One Live Chat Box w witrynie Bloggera. Skorzystaj z naszego aktywnego demo, aby szybko stworzy\u0107 swoj\u0105 unikaln\u0105 wtyczk\u0119.","robots":{"index":"index","follow":"follow","max-snippet":"max-snippet:-1","max-image-preview":"max-image-preview:large","max-video-preview":"max-video-preview:-1"},"canonical":"https:\/\/elfsight.com\/pl\/all-in-one-chat-widget\/blogger\/","og_locale":"pl_PL","og_type":"article","og_title":"Czat na \u017cywo \u2014 dodaj wid\u017cet Chat Box do witryn Bloggera (bezp\u0142atny i \u0142atwy)","og_description":"Za pomoc\u0105 kilku klikni\u0119\u0107 mo\u017cesz umie\u015bci\u0107 wid\u017cet All-in-One Live Chat Box w witrynie Bloggera. Skorzystaj z naszego aktywnego demo, aby szybko stworzy\u0107 swoj\u0105 unikaln\u0105 wtyczk\u0119.","og_url":"https:\/\/elfsight.com\/pl\/all-in-one-chat-widget\/blogger\/","og_site_name":"Elfsight PL","article_modified_time":"2025-06-25T08:24:32+00:00","twitter_card":"summary_large_image","twitter_misc":{"Szacowany czas czytania":"3 minuty"},"schema":{"@context":"https:\/\/schema.org","@graph":[{"@type":"WebPage","@id":"https:\/\/elfsight.com\/pl\/all-in-one-chat-widget\/blogger\/","url":"https:\/\/elfsight.com\/pl\/all-in-one-chat-widget\/blogger\/","name":"Czat na \u017cywo \u2014 dodaj wid\u017cet Chat Box do witryn Bloggera (bezp\u0142atny i \u0142atwy)","isPartOf":{"@id":"https:\/\/elfsight.com\/pl\/#website"},"datePublished":"2024-05-03T06:27:00+00:00","dateModified":"2025-06-25T08:24:32+00:00","description":"Za pomoc\u0105 kilku klikni\u0119\u0107 mo\u017cesz umie\u015bci\u0107 wid\u017cet All-in-One Live Chat Box w witrynie Bloggera. Skorzystaj z naszego aktywnego demo, aby szybko stworzy\u0107 swoj\u0105 unikaln\u0105 wtyczk\u0119.","breadcrumb":{"@id":"https:\/\/elfsight.com\/pl\/all-in-one-chat-widget\/blogger\/#breadcrumb"},"inLanguage":"pl-PL","potentialAction":[{"@type":"ReadAction","target":["https:\/\/elfsight.com\/pl\/all-in-one-chat-widget\/blogger\/"]}]},{"@type":"BreadcrumbList","@id":"https:\/\/elfsight.com\/pl\/all-in-one-chat-widget\/blogger\/#breadcrumb","itemListElement":[{"@type":"ListItem","position":1,"name":"Home","item":"https:\/\/elfsight.com\/pl\/"},{"@type":"ListItem","position":2,"name":"All-in-One Chat","item":"https:\/\/elfsight.com\/pl\/all-in-one-chat-widget\/"},{"@type":"ListItem","position":3,"name":"All-in-One Chat &#8211; Blogger"}]},{"@type":"WebSite","@id":"https:\/\/elfsight.com\/pl\/#website","url":"https:\/\/elfsight.com\/pl\/","name":"Elfsight PL","description":"Just another Elfsight Sites site","potentialAction":[{"@type":"SearchAction","target":{"@type":"EntryPoint","urlTemplate":"https:\/\/elfsight.com\/pl\/?s={search_term_string}"},"query-input":{"@type":"PropertyValueSpecification","valueRequired":true,"valueName":"search_term_string"}}],"inLanguage":"pl-PL"}]}},"meta_box":{"industry":"","seo_heading":"","heading":"","description":"","cta_heading":"","cta_description":"","application":"749","h1":"Wid\u017cet czatu na \u017cywo w Bloggerze","h1_caption":"Zaoferuj swoim klientom mo\u017cliwo\u015b\u0107 \u0142atwego kontaktu z Tob\u0105 na wielu platformach komunikacyjnych, takich jak WhatsApp, Facebook, telegram i nie tylko, za pomoc\u0105 jednego wid\u017cetu w Twojej witrynie Bloggera.","application_category":[],"applications_title":"","applications_request_title":"","applications_request_button_text":"","hero_text":"","hero_video":"","hero_video_schema_markup":"","selling_points_title":"","selling_points_caption":"","selling_points":[],"selling_points_cta_text":"","features_title":"","features":"","ed_cta_examples_text":"","ed_cta_examples_hidden":"","ed_cta_demo_text":"","ed_cta_demo_hidden":"","why_caption":"","why_editor_title":"","why_editor_text":"","why_team_title":"","why_team_text":"","why_service_title":"","why_service_text":"","template_catalog_visible":"0","template_catalog_title":"","template_catalog_text":"","template_catalog_categories_visible":"","demo_title":"Utw\u00f3rz wid\u017cet czatu typu \u201ewszystko w jednym\u201d.","demo_caption":"Skonfiguruj czat All-in-One i dodaj go do swojej witryny Bloggera za darmo!","default_faq_hidden":"","app_template_category":[],"platform":"44","template_public_id":"","codecanyon_url":"","codecanyon_item_id":"","codecanyon_price":"","pricing_caption":"","pricing_elfsight_apps_hide_column":"","pricing_elfsight_apps_url":"","pricing_codecanyon_price_caption":"","integration_category":[],"integration_request_title":"","integration_request_cta":"","integration_platform":"","integrations":[],"platform_category":[],"video_schema_markup":"","price":"od 0 USD \/ miesi\u0105c","trial":"","benefits":[{"text":"Bezp\u0142atna pomoc w instalacji"},{"text":"Kompetentna obs\u0142uga klienta"},{"text":"14-dniowa gwarancja zwrotu pieni\u0119dzy"}],"button_url":"#demo","button_target_blank":"0","button_nofollow":"0","attributes":[{"name":"Instaluje"},{"name":"Czu\u0142y"},{"name":"Kompatybilne przegl\u0105darki"}],"tags":[],"tags_disable_links":"0","hide_more_platforms":"0","video_object":"","demo_hide_cta":"0","demo_hide_cloud_options":"0","pricing_title":"","pricing":[{"pricing_icon":"platform","pricing_title":"Elfsight Apps","pricing_title_caption":"Wersja wieloplatformowa","pricing_price":"od 0 USD \/ miesi\u0105c","pricing_price_caption":"od 0 USD \/ miesi\u0105c zacznij od bezp\u0142atnego planu","pricing_benefits":[{"text":"Nielimitowane strony internetowe"},{"text":"Bezp\u0142atne wsparcie firmy i dobrze udokumentowane"},{"text":"Bezp\u0142atna pomoc w monta\u017cu"},{"text":"W pe\u0142ni konfigurowalny"}],"pricing_button_text":"Dodaj do witryny","pricing_button_url":"#demo"}],"related_apps_title":"","related_apps_hidden":"0","author":"","image":[],"title":"","job":"","social_networks":[]},"_links":{"self":[{"href":"https:\/\/elfsight.com\/pl\/wp-json\/wp\/v2\/pages\/4030","targetHints":{"allow":["GET"]}}],"collection":[{"href":"https:\/\/elfsight.com\/pl\/wp-json\/wp\/v2\/pages"}],"about":[{"href":"https:\/\/elfsight.com\/pl\/wp-json\/wp\/v2\/types\/page"}],"author":[{"embeddable":true,"href":"https:\/\/elfsight.com\/pl\/wp-json\/wp\/v2\/users\/9"}],"replies":[{"embeddable":true,"href":"https:\/\/elfsight.com\/pl\/wp-json\/wp\/v2\/comments?post=4030"}],"version-history":[{"count":3,"href":"https:\/\/elfsight.com\/pl\/wp-json\/wp\/v2\/pages\/4030\/revisions"}],"predecessor-version":[{"id":10440,"href":"https:\/\/elfsight.com\/pl\/wp-json\/wp\/v2\/pages\/4030\/revisions\/10440"}],"up":[{"embeddable":true,"href":"https:\/\/elfsight.com\/pl\/wp-json\/wp\/v2\/pages\/750"}],"wp:attachment":[{"href":"https:\/\/elfsight.com\/pl\/wp-json\/wp\/v2\/media?parent=4030"}],"curies":[{"name":"wp","href":"https:\/\/api.w.org\/{rel}","templated":true}]}}