{"id":4029,"date":"2024-05-03T06:26:59","date_gmt":"2024-05-03T06:26:59","guid":{"rendered":"https:\/\/elfsight.com\/pl\/?page_id=4029"},"modified":"2024-11-14T09:01:57","modified_gmt":"2024-11-14T09:01:57","slug":"drupal","status":"publish","type":"page","link":"https:\/\/elfsight.com\/pl\/all-in-one-chat-widget\/drupal\/","title":{"rendered":"All-in-One Chat &#8211; Drupal"},"content":{"rendered":"<div class=\"application-platform-content-item-description application-platform-content-item\" id=\"description\" data-nav-section=\"description\"> <h2>Opis<\/h2> <p>Czat \u201ewszystko w jednym\u201d firmy Elfsight to jedna z najwygodniejszych mo\u017cliwo\u015bci zwracania si\u0119 do Ciebie i uzyskiwania informacji odpowiedzi na ich pytania. B\u0105d\u017a dost\u0119pny online we wszystkich najcz\u0119\u015bciej u\u017cywanych czatach. Zintegruj modu\u0142 na swojej stronie i mo\u017ce on pojawia\u0107 si\u0119 na konkretnych stronach lub dla oddzielnych grup odwiedzaj\u0105cych, przypisywa\u0107 aktywatory inicjuj\u0105ce czat, pisa\u0107 w\u0142asny tekst powitalny, wybiera\u0107 ikony i nie tylko. Dzi\u0119ki dzia\u0142aj\u0105cemu widgetowi b\u0119dziesz w kontakcie z lud\u017ami w dowolnym czasie i miejscu. <\/p> <p><b>Wszystkie najpopularniejsze komunikatory, takie jak Facebook, Telegram, WhatsApp, Viber i wiele innych w jednym, zapewniaj\u0105ce najbardziej kompetentn\u0105 i wygodn\u0105 interakcj\u0119 z klientami!<\/b><\/p> <p><b>Centralizuj \u017c\u0105dania klient\u00f3w<\/b><br>\u0141\u0105cz\u0105c wszystkie dobrze znane kana\u0142y komunikacji w naszym module Chat Box, zyskasz szans\u0119 na rozwi\u0105zanie wielu zada\u0144 w jednym miejscu, zwi\u0119kszaj\u0105c satysfakcj\u0119 klienta.<\/p><p><b>Niezwykle konfigurowalne narz\u0119dzie<\/b><br>Discord, Facebook Messenger, WhatsApp, Telegram, Line, Viber &#8211; mo\u017cesz u\u017cywa\u0107 ich wszystkich na raz lub wybra\u0107 te, kt\u00f3re odpowiadaj\u0105 Twoim potrzebom, zmieniaj\u0105c ich kolory, rozmiar i wiele wi\u0119cej.<\/p><p><b>Um\u00f3w rozmow\u0119 w czasie rzeczywistym<\/b><br>Umieszczaj\u0105c wtyczk\u0119 Live chat na swojej stronie, szybciej poznasz swoich go\u015bci, udzielaj\u0105c im wiod\u0105c\u0105 w swojej klasie us\u0142ug\u0119 i oferuj\u0105c\u0105 bardziej ukierunkowane us\u0142ugi.<\/p><div class=\"faq\" data-component=\"FAQ\"><div class=\"faq-item\">\r\n\t\t\t\t\t<div class=\"faq-item-question\">\r\n\t\t\t\t\t\t<h3 class=\"faq-item-question-text\">Jak doda\u0107 okno czatu All-in-One do strony Drupal?<\/h3>\r\n\r\n\t\t\t\t\t\t<div class=\"faq-item-question-icon\"><\/div>\r\n\t\t\t\t\t<\/div>\r\n\r\n\t\t\t\t\t<div class=\"faq-item-answer\">\r\n\t\t\t\t\t\t<div class=\"faq-item-answer-text\"><p>Integracja czatu modu\u0142 zajmuje oko\u0142o kilku chwil. Dodatkowo nie musisz posiada\u0107 umiej\u0119tno\u015bci kodowania.<\/p><ol><li>Zmodyfikuj widget dla Drupala w darmowym konfiguratorze i zobacz zmiany na \u017cywo. <\/li> <li>Skopiuj kod instalacyjny. <\/li> <li>Wprowad\u017a kod w odpowiednim miejscu na zapleczu witryny. <\/li> <li>Rozumiem! Integracja wtyczki czatu z Drupalem zako\u0144czona! <\/li><\/ol><p>Masz problemy z w\u0142o\u017ceniem wtyczki do Drupala lub ustawieniem czatu All-in-One? Mo\u017cesz znale\u017a\u0107 pe\u0142ny przewodnik <a href=\"https:\/\/elfsight.com\/tutorials\/how-to-add-live-chat-to-website\/#how-to-add-live-chat-to-drupal\">na tej stronie<\/a>. <\/p><\/div>\r\n\t\t\t\t\t<\/div>\r\n\t\t\t\t<\/div><div class=\"faq-item\">\r\n\t\t\t\t\t<div class=\"faq-item-question\">\r\n\t\t\t\t\t\t<h3 class=\"faq-item-question-text\">Czy mog\u0119 zobaczy\u0107, jak b\u0119dzie wygl\u0105da\u0142 wid\u017cet na mojej stronie?<\/h3>\r\n\r\n\t\t\t\t\t\t<div class=\"faq-item-question-icon\"><\/div>\r\n\t\t\t\t\t<\/div>\r\n\r\n\t\t\t\t\t<div class=\"faq-item-answer\">\r\n\t\t\t\t\t\t<div class=\"faq-item-answer-text\"><p>Zdecydowanie! Podczas tworzenia modu\u0142u czatu Drupala w <a href=\"https:\/\/elfsight.com\/all-in-one-chat-widget\/#demo\">darmowym edytorze online<\/a> b\u0119dziesz bra\u0107 pod uwag\u0119 wszystkie poprawki po prawej stronie. Okno czatu b\u0119dzie wygl\u0105da\u0107 tak samo, jak w witrynie Drupal.<\/p><\/div>\r\n\t\t\t\t\t<\/div>\r\n\t\t\t\t<\/div><div class=\"faq-item\">\r\n\t\t\t\t\t<div class=\"faq-item-question\">\r\n\t\t\t\t\t\t<h3 class=\"faq-item-question-text\">Jakie inne modu\u0142y s\u0105 niezb\u0119dne w witrynie Drupal?<\/h3>\r\n\r\n\t\t\t\t\t\t<div class=\"faq-item-question-icon\"><\/div>\r\n\t\t\t\t\t<\/div>\r\n\r\n\t\t\t\t\t<div class=\"faq-item-answer\">\r\n\t\t\t\t\t\t<div class=\"faq-item-answer-text\"><p>Drupal to bezpieczny i elastyczny CMS, z kt\u00f3rego korzysta wielu w\u0142a\u015bcicieli stron internetowych na ca\u0142ym \u015bwiecie. Modu\u0142y Elfsight pomagaj\u0105 rozszerza\u0107 funkcjonalno\u015b\u0107 Drupala i sprawiaj\u0105, \u017ce zbudowane na nim strony internetowe s\u0105 jeszcze bardziej funkcjonalne. Na przyk\u0142ad dost\u0119pne jest <a href=\"https:\/\/elfsight.com\/whatsapp-chat-widget\/drupal\/\">okno czatu WhatsApp<\/a>, kt\u00f3re jeszcze bardziej u\u0142atwia rozmow\u0119 z klientami, <a href=\"https:\/\/elfsight.com\/online-form-builder\/drupal\/\">Kreator formularzy<\/a>, <a href=\"https:\/\/elfsight.com\/pdf-embed-widget\/drupal\/\">Osadzanie plik\u00f3w PDF<\/a> a&gt;, <a href=\"https:\/\/elfsight.com\/instagram-feed-instashow\/drupal\/\">Kana\u0142 na Instagramie<\/a> i <a href=\"https:\/\/elfsight.com\/event-calendar -widget\/drupal\/\">Kalendarz wydarze\u0144<\/a>. Produkty te pomog\u0105 w zwi\u0119kszeniu sprzeda\u017cy i usprawnieniu obs\u0142ugi klienta online.<\/p><\/div>\r\n\t\t\t\t\t<\/div>\r\n\t\t\t\t<\/div><\/div><\/div> <div class=\"application-platform-content-item-features application-platform-content-item\" id=\"features\" data-nav-section=\"features\"> <h2>Oferta kluczowych funkcji widgetu<\/h2> <ul><li>Dodaj modu\u0142 komunikatora All-in-One Live Chat do swojej witryny, aby m\u00f3c rozmawia\u0107 z u\u017cytkownikami. <\/li><li>Trzy warianty pozycji czatu: p\u0142ywaj\u0105ca ba\u0144ka, osadzana ba\u0144ka i osadzane okno czatu. <\/li><li>Zbi\u00f3r ikon b\u0105belk\u00f3w do wyboru. <\/li><li>Elastyczny nag\u0142\u00f3wek czatu z logo strony, nazw\u0105 i podtytu\u0142em<\/li><li>Domy\u015blne wybieranie obrazu strony z kolekcji lub przesy\u0142anie niestandardowego obrazu. <\/li><\/ul><p><a href=\"#demo\">Pe\u0142n\u0105 funkcjonalno\u015b\u0107 wid\u017cetu mo\u017cesz odkry\u0107 w poni\u017cszej wersji demonstracyjnej<\/a><\/p> <\/div> <div class=\"application-platform-content-item- instalacja application-platform-content-item\" id=\" instalacja\" data-nav-section=\" instalacja\"> <h2>Jak doda\u0107 modu\u0142 Live Chat do mojej strony Drupal? <\/h2> <div class=\"video-container\"><iframe width=\"720\" height=\"405\" src=\"https:\/\/www.youtube.com\/embed\/4_i9w_SaFUI\" frameborder=\"0\" allowfullscreen=\"\"><\/iframe><\/div><p>Wystarczy wykona\u0107 poni\u017csze kroki, aby aktywowa\u0107 wid\u017cet. <\/p> <ol><li><b>Wykonaj nasz darmowy konfigurator i rozpocznij tworzenie spersonalizowanej wtyczki. <\/b><br> Znajd\u017a preferowany uk\u0142ad i funkcje narz\u0119dzia i zapisz zmiany. <\/li> <li><b>Zdob\u0105d\u017a kod osobisty wy\u015bwietlany w specjalnym formularzu w aplikacjach Elfsight. <\/b><br> Po wygenerowaniu osobistego wid\u017cetu skopiuj kod osobisty z wy\u015bwietlonego pola i zachowaj go do wykorzystania w przysz\u0142o\u015bci. <\/li> <li><b>Rozpocznij korzystanie z modu\u0142u czatu w witrynie Drupal.<\/b><br> Zaimplementuj skopiowany ostatnio kod na swojej stronie internetowej i zapisz ulepszenia. <\/li> <li><b>Gotowe! Osadzanie zosta\u0142o w pe\u0142ni zako\u0144czone. <\/b><br> Przejd\u017a na swoj\u0105 stron\u0119 internetow\u0105, aby sprawdzi\u0107 dzia\u0142anie wid\u017cetu. <\/li><\/ol><p>Je\u015bli napotkasz jakiekolwiek trudno\u015bci, skontaktuj si\u0119 z naszym dzia\u0142em pomocy. Nasi konsultanci ch\u0119tnie pomog\u0105 Ci we wszystkich problemach, jakie mo\u017cesz mie\u0107 z wtyczk\u0105. <\/p> <\/div>","protected":false},"excerpt":{"rendered":"","protected":false},"author":9,"featured_media":0,"parent":750,"menu_order":0,"comment_status":"closed","ping_status":"closed","template":"templates\/template-application-platform.php","meta":{"publish_to_discourse":"","publish_post_category":"","wpdc_auto_publish_overridden":"","wpdc_topic_tags":"","wpdc_pin_topic":"","wpdc_pin_until":"","discourse_post_id":"","discourse_permalink":"","wpdc_publishing_response":"","wpdc_publishing_error":"","footnotes":""},"class_list":["post-4029","page","type-page","status-publish","hentry"],"yoast_head":"<!-- This site is optimized with the Yoast SEO plugin v25.3.1 - https:\/\/yoast.com\/wordpress\/plugins\/seo\/ -->\n<title>Czat na \u017cywo \u2014 dodaj wid\u017cet Chat Box do witryn Drupal (bezp\u0142atny i \u0142atwy)<\/title>\n<meta name=\"description\" content=\"W ci\u0105gu kilku minut umie\u015b\u0107 wid\u017cet All-in-One Live Chat Box na stronie g\u0142\u00f3wnej Drupala. Skorzystaj z naszego przydatnego demo, aby \u0142atwo i bez kodowania kszta\u0142towa\u0107 sw\u00f3j unikalny widget.\" \/>\n<meta name=\"robots\" content=\"index, follow, max-snippet:-1, max-image-preview:large, max-video-preview:-1\" \/>\n<link rel=\"canonical\" href=\"https:\/\/elfsight.com\/pl\/all-in-one-chat-widget\/drupal\/\" \/>\n<meta property=\"og:locale\" content=\"pl_PL\" \/>\n<meta property=\"og:type\" content=\"article\" \/>\n<meta property=\"og:title\" content=\"Czat na \u017cywo \u2014 dodaj wid\u017cet Chat Box do witryn Drupal (bezp\u0142atny i \u0142atwy)\" \/>\n<meta property=\"og:description\" content=\"W ci\u0105gu kilku minut umie\u015b\u0107 wid\u017cet All-in-One Live Chat Box na stronie g\u0142\u00f3wnej Drupala. Skorzystaj z naszego przydatnego demo, aby \u0142atwo i bez kodowania kszta\u0142towa\u0107 sw\u00f3j unikalny widget.\" \/>\n<meta property=\"og:url\" content=\"https:\/\/elfsight.com\/pl\/all-in-one-chat-widget\/drupal\/\" \/>\n<meta property=\"og:site_name\" content=\"Elfsight PL\" \/>\n<meta property=\"article:modified_time\" content=\"2024-11-14T09:01:57+00:00\" \/>\n<meta name=\"twitter:card\" content=\"summary_large_image\" \/>\n<meta name=\"twitter:label1\" content=\"Szacowany czas czytania\" \/>\n\t<meta name=\"twitter:data1\" content=\"3 minuty\" \/>\n<!-- \/ Yoast SEO plugin. -->","yoast_head_json":{"title":"Czat na \u017cywo \u2014 dodaj wid\u017cet Chat Box do witryn Drupal (bezp\u0142atny i \u0142atwy)","description":"W ci\u0105gu kilku minut umie\u015b\u0107 wid\u017cet All-in-One Live Chat Box na stronie g\u0142\u00f3wnej Drupala. Skorzystaj z naszego przydatnego demo, aby \u0142atwo i bez kodowania kszta\u0142towa\u0107 sw\u00f3j unikalny widget.","robots":{"index":"index","follow":"follow","max-snippet":"max-snippet:-1","max-image-preview":"max-image-preview:large","max-video-preview":"max-video-preview:-1"},"canonical":"https:\/\/elfsight.com\/pl\/all-in-one-chat-widget\/drupal\/","og_locale":"pl_PL","og_type":"article","og_title":"Czat na \u017cywo \u2014 dodaj wid\u017cet Chat Box do witryn Drupal (bezp\u0142atny i \u0142atwy)","og_description":"W ci\u0105gu kilku minut umie\u015b\u0107 wid\u017cet All-in-One Live Chat Box na stronie g\u0142\u00f3wnej Drupala. Skorzystaj z naszego przydatnego demo, aby \u0142atwo i bez kodowania kszta\u0142towa\u0107 sw\u00f3j unikalny widget.","og_url":"https:\/\/elfsight.com\/pl\/all-in-one-chat-widget\/drupal\/","og_site_name":"Elfsight PL","article_modified_time":"2024-11-14T09:01:57+00:00","twitter_card":"summary_large_image","twitter_misc":{"Szacowany czas czytania":"3 minuty"},"schema":{"@context":"https:\/\/schema.org","@graph":[{"@type":"WebPage","@id":"https:\/\/elfsight.com\/pl\/all-in-one-chat-widget\/drupal\/","url":"https:\/\/elfsight.com\/pl\/all-in-one-chat-widget\/drupal\/","name":"Czat na \u017cywo \u2014 dodaj wid\u017cet Chat Box do witryn Drupal (bezp\u0142atny i \u0142atwy)","isPartOf":{"@id":"https:\/\/elfsight.com\/pl\/#website"},"datePublished":"2024-05-03T06:26:59+00:00","dateModified":"2024-11-14T09:01:57+00:00","description":"W ci\u0105gu kilku minut umie\u015b\u0107 wid\u017cet All-in-One Live Chat Box na stronie g\u0142\u00f3wnej Drupala. Skorzystaj z naszego przydatnego demo, aby \u0142atwo i bez kodowania kszta\u0142towa\u0107 sw\u00f3j unikalny widget.","breadcrumb":{"@id":"https:\/\/elfsight.com\/pl\/all-in-one-chat-widget\/drupal\/#breadcrumb"},"inLanguage":"pl-PL","potentialAction":[{"@type":"ReadAction","target":["https:\/\/elfsight.com\/pl\/all-in-one-chat-widget\/drupal\/"]}]},{"@type":"BreadcrumbList","@id":"https:\/\/elfsight.com\/pl\/all-in-one-chat-widget\/drupal\/#breadcrumb","itemListElement":[{"@type":"ListItem","position":1,"name":"Home","item":"https:\/\/elfsight.com\/pl\/"},{"@type":"ListItem","position":2,"name":"All-in-One Chat","item":"https:\/\/elfsight.com\/pl\/all-in-one-chat-widget\/"},{"@type":"ListItem","position":3,"name":"All-in-One Chat &#8211; Drupal"}]},{"@type":"WebSite","@id":"https:\/\/elfsight.com\/pl\/#website","url":"https:\/\/elfsight.com\/pl\/","name":"Elfsight PL","description":"Just another Elfsight Sites site","potentialAction":[{"@type":"SearchAction","target":{"@type":"EntryPoint","urlTemplate":"https:\/\/elfsight.com\/pl\/?s={search_term_string}"},"query-input":{"@type":"PropertyValueSpecification","valueRequired":true,"valueName":"search_term_string"}}],"inLanguage":"pl-PL"}]}},"meta_box":{"industry":"","seo_heading":"","heading":"","description":"","cta_heading":"","cta_description":"","application":"749","h1":"Modu\u0142 Drupala Live Chat","h1_caption":"Zaoferuj swoim klientom mo\u017cliwo\u015b\u0107 \u0142atwego kontaktu z Tob\u0105 na wielu platformach komunikacyjnych, takich jak WhatsApp, Facebook, telegram i nie tylko, z jednego modu\u0142u do Twojej witryny Drupal.","application_category":[],"applications_title":"","applications_request_title":"","applications_request_button_text":"","hero_text":"","hero_video":"","hero_video_schema_markup":"","selling_points_title":"","selling_points_caption":"","selling_points":[],"selling_points_cta_text":"","features_title":"","features":"","ed_cta_examples_text":"","ed_cta_examples_hidden":"","ed_cta_demo_text":"","ed_cta_demo_hidden":"","why_caption":"","why_editor_title":"","why_editor_text":"","why_team_title":"","why_team_text":"","why_service_title":"","why_service_text":"","template_catalog_visible":"","template_catalog_title":"","template_catalog_text":"","template_catalog_categories_visible":"","demo_title":"Utw\u00f3rz modu\u0142 czatu typu \u201ewszystko w jednym\u201d.","demo_caption":"Skonfiguruj sw\u00f3j czat All-in-One i dodaj go do swojej witryny Drupal za darmo!","default_faq_hidden":"","app_template_category":[],"platform":"47","template_public_id":"","codecanyon_url":"","codecanyon_item_id":"","codecanyon_price":"","pricing_caption":"","pricing_elfsight_apps_hide_column":"","pricing_elfsight_apps_url":"","pricing_codecanyon_price_caption":"","integration_category":[],"integration_request_title":"","integration_request_cta":"","integration_platform":"","integrations":[],"platform_category":[],"video_schema_markup":"","price":"od 0 USD \/ miesi\u0105c","trial":"","benefits":[{"text":"Bezp\u0142atna us\u0142uga monta\u017cu"},{"text":"Skuteczna obs\u0142uga klienta"},{"text":"14-dniowa gwarancja zwrotu pieni\u0119dzy"}],"button_url":"#demo","button_target_blank":"","button_nofollow":"","attributes":[{"name":"Instaluje"},{"name":"Czu\u0142y"},{"name":"Kompatybilne przegl\u0105darki"}],"tags":[],"tags_disable_links":"","hide_more_platforms":"","video_object":"","demo_hide_cta":"","demo_hide_cloud_options":"","pricing_title":"","pricing":[{"pricing_icon":"platform","pricing_title":"Elfsight Apps","pricing_title_caption":"Niezale\u017cne od platformy rozwi\u0105zanie cyfrowe, kt\u00f3re dzia\u0142a na ka\u017cdej stronie internetowej","pricing_price":"od 0 USD \/ miesi\u0105c","pricing_price_caption":"zacznij od bezp\u0142atnego planu","pricing_benefits":[{"text":"Nielimitowane domeny"},{"text":"Profesjonalne i terminowe wsparcie"},{"text":"Bezp\u0142atna pomoc w monta\u017cu"},{"text":"Specjalna cena za wiele aplikacji"}],"pricing_button_text":"Dodaj do witryny","pricing_button_url":"#demo"}],"related_apps_title":"","related_apps_hidden":"","author":"","image":[],"title":"","job":"","social_networks":[]},"_links":{"self":[{"href":"https:\/\/elfsight.com\/pl\/wp-json\/wp\/v2\/pages\/4029","targetHints":{"allow":["GET"]}}],"collection":[{"href":"https:\/\/elfsight.com\/pl\/wp-json\/wp\/v2\/pages"}],"about":[{"href":"https:\/\/elfsight.com\/pl\/wp-json\/wp\/v2\/types\/page"}],"author":[{"embeddable":true,"href":"https:\/\/elfsight.com\/pl\/wp-json\/wp\/v2\/users\/9"}],"replies":[{"embeddable":true,"href":"https:\/\/elfsight.com\/pl\/wp-json\/wp\/v2\/comments?post=4029"}],"version-history":[{"count":2,"href":"https:\/\/elfsight.com\/pl\/wp-json\/wp\/v2\/pages\/4029\/revisions"}],"predecessor-version":[{"id":7630,"href":"https:\/\/elfsight.com\/pl\/wp-json\/wp\/v2\/pages\/4029\/revisions\/7630"}],"up":[{"embeddable":true,"href":"https:\/\/elfsight.com\/pl\/wp-json\/wp\/v2\/pages\/750"}],"wp:attachment":[{"href":"https:\/\/elfsight.com\/pl\/wp-json\/wp\/v2\/media?parent=4029"}],"curies":[{"name":"wp","href":"https:\/\/api.w.org\/{rel}","templated":true}]}}