{"id":4023,"date":"2024-05-03T06:26:57","date_gmt":"2024-05-03T06:26:57","guid":{"rendered":"https:\/\/elfsight.com\/pl\/?page_id=4023"},"modified":"2025-06-25T08:27:06","modified_gmt":"2025-06-25T08:27:06","slug":"elementor","status":"publish","type":"page","link":"https:\/\/elfsight.com\/pl\/all-in-one-chat-widget\/elementor\/","title":{"rendered":"All-in-One Chat &#8211; Elementor"},"content":{"rendered":"<div class=\"application-platform-content-item-description application-platform-content-item\" id=\"description\" data-nav-section=\"description\"> <h2>Osad\u017a czat typu \u201ewszystko w jednym\u201d w Elementorze za pomoc\u0105 wid\u017cetu Elfsight<\/h2> <p>Widget czatu \u201ewszystko w jednym\u201d Elfsight jest jedno z najwygodniejszych narz\u0119dzi dla odwiedzaj\u0105cych witryn\u0119, dzi\u0119ki kt\u00f3rym mog\u0105 si\u0119 z Tob\u0105 skontaktowa\u0107 i uzyska\u0107 odpowiedzi na swoje pytania. B\u0105d\u017a dost\u0119pny na \u017cywo we wszystkich najcz\u0119\u015bciej u\u017cywanych komunikatorach. Dodaj wid\u017cet na swoj\u0105 stron\u0119 i ustaw go tak, aby pojawia\u0142 si\u0119 na wybranych stronach lub dla odr\u0119bnych kategorii odbiorc\u00f3w, wybierz startery rozpoczynaj\u0105ce czat, utw\u00f3rz tekst powitalny, wybierz ikony i nie tylko. Dzi\u0119ki wtyczce na swojej stronie b\u0119dziesz mie\u0107 kontakt z lud\u017ami w dowolnym miejscu i czasie. <\/p> <p><b>B\u0105d\u017a \u0142atwy w kontakcie i szybko odpowiadaj, zwi\u0119kszaj\u0105c zakupy dzi\u0119ki doradztwu<\/b><\/p> <\/div> <div class=\"application-platform-content-item-features application-platform-content-item\" id=\"features\" data-nav-section=\"features\"> <h2>To tylko kilka z cennych funkcji wid\u017cetu: <\/h2> <ul><li>Umie\u015b\u0107 komunikator typu \u201ewszystko w jednym\u201d w swojej witrynie, aby m\u00f3c rozmawia\u0107 z u\u017cytkownikami. <\/li><li>3 rodzaje pozycji czatu: p\u0142ywaj\u0105ca ba\u0144ka, osadzona ba\u0144ka i osadzone okno czatu. <\/li><li>Zbi\u00f3r ikon b\u0105belk\u00f3w do wyboru. <\/li><li>Tytu\u0142 MalleableChat ze zdj\u0119ciem strony, nazw\u0105 i podpisem<\/li><li>Domy\u015blny wyb\u00f3r obrazu strony z biblioteki lub przes\u0142anie w\u0142asnego obrazu. <\/li><\/ul><p><a href=\"#demo\">Po prostu wypr\u00f3buj t\u0119 wersj\u0119 demonstracyjn\u0105, aby zobaczy\u0107, ile wart jest wid\u017cet<\/a><\/p> <\/div> <div class=\"application-platform-content-item-installation application-platform-content-item\" id=\"installation\" data-nav-section=\"installation\"> <h2>Jak osadzi\u0107 wid\u017cet Czatu na \u017cywo w mojej witrynie Elementor?<\/h2><div class=\"video-container\"><iframe width=\"720\" height=\"405\" src=\"https:\/\/www.youtube.com\/embed\/uZCfmvtO-nM\" frameborder=\"0\" allowfullscreen=\"\"><\/iframe><\/div><p>Wystarczy wykona\u0107 poni\u017csze wskaz\u00f3wki, aby doda\u0107 wid\u017cet. <\/p> <ol><li><b>Uruchamiaj\u0105c nasz\u0105 bezp\u0142atn\u0105 wersj\u0119 demonstracyjn\u0105, zacznij tworzy\u0107 sw\u00f3j unikalny widget. <\/b><br> Okre\u015bl preferowan\u0105 form\u0119 i cechy narz\u0119dzia oraz zastosuj modyfikacje. <\/li> <li><b>Skopiuj indywidualny kod wy\u015bwietlany w oknie aplikacji Elfsight. <\/b><br> Po zako\u0144czeniu tworzenia wid\u017cetu skopiuj osobisty kod w wy\u015bwietlonym polu i zapisz go na p\u00f3\u017aniej. <\/li> <li><b>Zainicjuj u\u017cycie wtyczki na swojej stronie g\u0142\u00f3wnej Elementora. <\/b><br> Wstaw skopiowany ostatnio kod na swoj\u0105 stron\u0119 g\u0142\u00f3wn\u0105 i zastosuj ulepszenia. <\/li> <li><b>Instalacja zosta\u0142a pomy\u015blnie przeprowadzona. <\/b><br> Odwied\u017a swoj\u0105 witryn\u0119, aby zobaczy\u0107 w akcji, jak dzia\u0142a widget. <\/li><\/ol> <p>Je\u015bli napotkasz jakiekolwiek trudno\u015bci, skontaktuj si\u0119 z naszym dzia\u0142em obs\u0142ugi klienta. Nasi specjali\u015bci z przyjemno\u015bci\u0105 odpowiedz\u0105 na wszystkie pytania dotycz\u0105ce produktu. <\/p> <div class=\"faq\" data-component=\"FAQ\"><div class=\"faq-item\">\r\n\t\t\t\t\t<div class=\"faq-item-question\">\r\n\t\t\t\t\t\t<h3 class=\"faq-item-question-text\">Jak mog\u0119 doda\u0107 czat typu \u201ewszystko w jednym\u201d do mojej witryny internetowej Elementor bez umiej\u0119tno\u015bci kodowania?<\/h3>\r\n\r\n\t\t\t\t\t\t<div class=\"faq-item-question-icon\"><\/div>\r\n\t\t\t\t\t<\/div>\r\n\r\n\t\t\t\t\t<div class=\"faq-item-answer\">\r\n\t\t\t\t\t\t<div class=\"faq-item-answer-text\"><p>Elfsight zapewnia rozwi\u0105zanie SaaS, kt\u00f3re pozwala utworzy\u0107 czat typu \u201ewszystko w jednym\u201d Sam wid\u017cet czatu, przekonaj si\u0119, jak \u0142atwy jest ten proces: Pracuj bezpo\u015brednio w edytorze online, aby utworzy\u0107 kompleksowy wid\u017cet czatu, kt\u00f3ry chcesz zobaczy\u0107 na swojej stronie internetowej Elementor. Wybierz jeden z gotowych szablon\u00f3w i dostosuj ustawienia czatu \u201ewszystko w jednym\u201d, dodaj tre\u015b\u0107, zmie\u0144 uk\u0142ad i kolory bez umiej\u0119tno\u015bci kodowania. Zapisz Czat All-in-one i skopiuj jego kod instalacyjny, kt\u00f3ry mo\u017cesz \u0142atwo osadzi\u0107 na swojej stronie internetowej Elementor, bez konieczno\u015bci kupowania p\u0142atnej subskrypcji. Dzi\u0119ki naszemu intuicyjnemu edytorowi ka\u017cdy u\u017cytkownik Internetu mo\u017ce stworzy\u0107 kompleksowy widget czatu online i \u0142atwo osadzi\u0107 go na swojej stronie internetowej Elementor. Aby uzyska\u0107 dost\u0119p do us\u0142ugi, nie trzeba p\u0142aci\u0107 ani wprowadza\u0107 danych uwierzytelniaj\u0105cych karty. Je\u015bli na kt\u00f3rymkolwiek etapie napotkasz jakiekolwiek problemy, skontaktuj si\u0119 z naszym zespo\u0142em pomocy technicznej.<\/p><\/div>\r\n\t\t\t\t\t<\/div>\r\n\t\t\t\t<\/div><\/div><\/div>","protected":false},"excerpt":{"rendered":"","protected":false},"author":9,"featured_media":0,"parent":750,"menu_order":0,"comment_status":"closed","ping_status":"closed","template":"templates\/template-application-platform.php","meta":{"publish_to_discourse":"","publish_post_category":"","wpdc_auto_publish_overridden":"","wpdc_topic_tags":"","wpdc_pin_topic":"","wpdc_pin_until":"","discourse_post_id":"","discourse_permalink":"","wpdc_publishing_response":"","wpdc_publishing_error":"","footnotes":""},"class_list":["post-4023","page","type-page","status-publish","hentry"],"yoast_head":"<!-- This site is optimized with the Yoast SEO plugin v25.3.1 - https:\/\/yoast.com\/wordpress\/plugins\/seo\/ -->\n<title>Czat na \u017cywo \u2014 dodaj wid\u017cet czatu do stron Elementora (\u0142atwy i bezp\u0142atny)<\/title>\n<meta name=\"description\" content=\"Zaimplementuj wid\u017cet czatu na \u017cywo typu \u201ewszystko w jednym\u201d na stronie internetowej Elementora w krokach 1-2-3. Skorzystaj z naszego aktywnego demo, aby szybko zbudowa\u0107 sw\u00f3j unikalny widget.\" \/>\n<meta name=\"robots\" content=\"index, follow, max-snippet:-1, max-image-preview:large, max-video-preview:-1\" \/>\n<link rel=\"canonical\" href=\"https:\/\/elfsight.com\/pl\/all-in-one-chat-widget\/elementor\/\" \/>\n<meta property=\"og:locale\" content=\"pl_PL\" \/>\n<meta property=\"og:type\" content=\"article\" \/>\n<meta property=\"og:title\" content=\"Czat na \u017cywo \u2014 dodaj wid\u017cet czatu do stron Elementora (\u0142atwy i bezp\u0142atny)\" \/>\n<meta property=\"og:description\" content=\"Zaimplementuj wid\u017cet czatu na \u017cywo typu \u201ewszystko w jednym\u201d na stronie internetowej Elementora w krokach 1-2-3. Skorzystaj z naszego aktywnego demo, aby szybko zbudowa\u0107 sw\u00f3j unikalny widget.\" \/>\n<meta property=\"og:url\" content=\"https:\/\/elfsight.com\/pl\/all-in-one-chat-widget\/elementor\/\" \/>\n<meta property=\"og:site_name\" content=\"Elfsight PL\" \/>\n<meta property=\"article:modified_time\" content=\"2025-06-25T08:27:06+00:00\" \/>\n<meta name=\"twitter:card\" content=\"summary_large_image\" \/>\n<meta name=\"twitter:label1\" content=\"Szacowany czas czytania\" \/>\n\t<meta name=\"twitter:data1\" content=\"3 minuty\" \/>\n<!-- \/ Yoast SEO plugin. -->","yoast_head_json":{"title":"Czat na \u017cywo \u2014 dodaj wid\u017cet czatu do stron Elementora (\u0142atwy i bezp\u0142atny)","description":"Zaimplementuj wid\u017cet czatu na \u017cywo typu \u201ewszystko w jednym\u201d na stronie internetowej Elementora w krokach 1-2-3. Skorzystaj z naszego aktywnego demo, aby szybko zbudowa\u0107 sw\u00f3j unikalny widget.","robots":{"index":"index","follow":"follow","max-snippet":"max-snippet:-1","max-image-preview":"max-image-preview:large","max-video-preview":"max-video-preview:-1"},"canonical":"https:\/\/elfsight.com\/pl\/all-in-one-chat-widget\/elementor\/","og_locale":"pl_PL","og_type":"article","og_title":"Czat na \u017cywo \u2014 dodaj wid\u017cet czatu do stron Elementora (\u0142atwy i bezp\u0142atny)","og_description":"Zaimplementuj wid\u017cet czatu na \u017cywo typu \u201ewszystko w jednym\u201d na stronie internetowej Elementora w krokach 1-2-3. Skorzystaj z naszego aktywnego demo, aby szybko zbudowa\u0107 sw\u00f3j unikalny widget.","og_url":"https:\/\/elfsight.com\/pl\/all-in-one-chat-widget\/elementor\/","og_site_name":"Elfsight PL","article_modified_time":"2025-06-25T08:27:06+00:00","twitter_card":"summary_large_image","twitter_misc":{"Szacowany czas czytania":"3 minuty"},"schema":{"@context":"https:\/\/schema.org","@graph":[{"@type":"WebPage","@id":"https:\/\/elfsight.com\/pl\/all-in-one-chat-widget\/elementor\/","url":"https:\/\/elfsight.com\/pl\/all-in-one-chat-widget\/elementor\/","name":"Czat na \u017cywo \u2014 dodaj wid\u017cet czatu do stron Elementora (\u0142atwy i bezp\u0142atny)","isPartOf":{"@id":"https:\/\/elfsight.com\/pl\/#website"},"datePublished":"2024-05-03T06:26:57+00:00","dateModified":"2025-06-25T08:27:06+00:00","description":"Zaimplementuj wid\u017cet czatu na \u017cywo typu \u201ewszystko w jednym\u201d na stronie internetowej Elementora w krokach 1-2-3. Skorzystaj z naszego aktywnego demo, aby szybko zbudowa\u0107 sw\u00f3j unikalny widget.","breadcrumb":{"@id":"https:\/\/elfsight.com\/pl\/all-in-one-chat-widget\/elementor\/#breadcrumb"},"inLanguage":"pl-PL","potentialAction":[{"@type":"ReadAction","target":["https:\/\/elfsight.com\/pl\/all-in-one-chat-widget\/elementor\/"]}]},{"@type":"BreadcrumbList","@id":"https:\/\/elfsight.com\/pl\/all-in-one-chat-widget\/elementor\/#breadcrumb","itemListElement":[{"@type":"ListItem","position":1,"name":"Home","item":"https:\/\/elfsight.com\/pl\/"},{"@type":"ListItem","position":2,"name":"All-in-One Chat","item":"https:\/\/elfsight.com\/pl\/all-in-one-chat-widget\/"},{"@type":"ListItem","position":3,"name":"All-in-One Chat &#8211; Elementor"}]},{"@type":"WebSite","@id":"https:\/\/elfsight.com\/pl\/#website","url":"https:\/\/elfsight.com\/pl\/","name":"Elfsight PL","description":"Just another Elfsight Sites site","potentialAction":[{"@type":"SearchAction","target":{"@type":"EntryPoint","urlTemplate":"https:\/\/elfsight.com\/pl\/?s={search_term_string}"},"query-input":{"@type":"PropertyValueSpecification","valueRequired":true,"valueName":"search_term_string"}}],"inLanguage":"pl-PL"}]}},"meta_box":{"industry":"","seo_heading":"","heading":"","description":"","cta_heading":"","cta_description":"","application":"749","h1":"Wid\u017cet czatu na \u017cywo Elementora","h1_caption":"Zaoferuj swoim klientom mo\u017cliwo\u015b\u0107 \u0142atwego kontaktu z Tob\u0105 na wielu platformach komunikacyjnych, takich jak WhatsApp, Facebook, telegram i nie tylko, za pomoc\u0105 jednego wid\u017cetu w witrynie Elementor.","application_category":[],"applications_title":"","applications_request_title":"","applications_request_button_text":"","hero_text":"","hero_video":"","hero_video_schema_markup":"","selling_points_title":"","selling_points_caption":"","selling_points":[],"selling_points_cta_text":"","features_title":"","features":"","ed_cta_examples_text":"","ed_cta_examples_hidden":"","ed_cta_demo_text":"","ed_cta_demo_hidden":"","why_caption":"","why_editor_title":"","why_editor_text":"","why_team_title":"","why_team_text":"","why_service_title":"","why_service_text":"","template_catalog_visible":"0","template_catalog_title":"","template_catalog_text":"","template_catalog_categories_visible":"","demo_title":"Utw\u00f3rz wid\u017cet czatu typu \u201ewszystko w jednym\u201d.","demo_caption":"Skonfiguruj sw\u00f3j czat All-in-One i dodaj go do swojej witryny Elementor za darmo!","default_faq_hidden":"","app_template_category":[],"platform":"268","template_public_id":"","codecanyon_url":"","codecanyon_item_id":"","codecanyon_price":"","pricing_caption":"","pricing_elfsight_apps_hide_column":"","pricing_elfsight_apps_url":"","pricing_codecanyon_price_caption":"","integration_category":[],"integration_request_title":"","integration_request_cta":"","integration_platform":"","integrations":[],"platform_category":[],"video_schema_markup":"","price":"od 0 USD \/ miesi\u0105c","trial":"","benefits":[{"text":"Bezp\u0142atna us\u0142uga monta\u017cu"},{"text":"Profesjonalna obs\u0142uga klienta"},{"text":"14-dniowa gwarancja zwrotu pieni\u0119dzy"}],"button_url":"#demo","button_target_blank":"0","button_nofollow":"0","attributes":[{"name":"Instaluje"},{"name":"Czu\u0142y"},{"name":"Kompatybilne przegl\u0105darki"}],"tags":[],"tags_disable_links":"0","hide_more_platforms":"0","video_object":"","demo_hide_cta":"0","demo_hide_cloud_options":"0","pricing_title":"","pricing":[{"pricing_icon":"platform","pricing_title":"Elfsight Apps","pricing_title_caption":"Oprogramowanie wieloplatformowe, kt\u00f3re pasuje do ka\u017cdej witryny internetowej","pricing_price":"od 0 USD \/ miesi\u0105c","pricing_price_caption":"zacznij od bezp\u0142atnego planu","pricing_benefits":[{"text":"Nielimitowane strony internetowe"},{"text":"Szybkie wsparcie firmy"},{"text":"Bezp\u0142atna pomoc w monta\u017cu"},{"text":"Oferta specjalna na wiele aplikacji"}],"pricing_button_text":"Dodaj do witryny","pricing_button_url":"#demo"}],"related_apps_title":"","related_apps_hidden":"0","author":"","image":[],"title":"","job":"","social_networks":[]},"_links":{"self":[{"href":"https:\/\/elfsight.com\/pl\/wp-json\/wp\/v2\/pages\/4023","targetHints":{"allow":["GET"]}}],"collection":[{"href":"https:\/\/elfsight.com\/pl\/wp-json\/wp\/v2\/pages"}],"about":[{"href":"https:\/\/elfsight.com\/pl\/wp-json\/wp\/v2\/types\/page"}],"author":[{"embeddable":true,"href":"https:\/\/elfsight.com\/pl\/wp-json\/wp\/v2\/users\/9"}],"replies":[{"embeddable":true,"href":"https:\/\/elfsight.com\/pl\/wp-json\/wp\/v2\/comments?post=4023"}],"version-history":[{"count":3,"href":"https:\/\/elfsight.com\/pl\/wp-json\/wp\/v2\/pages\/4023\/revisions"}],"predecessor-version":[{"id":10443,"href":"https:\/\/elfsight.com\/pl\/wp-json\/wp\/v2\/pages\/4023\/revisions\/10443"}],"up":[{"embeddable":true,"href":"https:\/\/elfsight.com\/pl\/wp-json\/wp\/v2\/pages\/750"}],"wp:attachment":[{"href":"https:\/\/elfsight.com\/pl\/wp-json\/wp\/v2\/media?parent=4023"}],"curies":[{"name":"wp","href":"https:\/\/api.w.org\/{rel}","templated":true}]}}