{"id":4021,"date":"2024-05-03T06:26:55","date_gmt":"2024-05-03T06:26:55","guid":{"rendered":"https:\/\/elfsight.com\/pl\/?page_id=4021"},"modified":"2024-11-14T09:01:50","modified_gmt":"2024-11-14T09:01:50","slug":"jquery","status":"publish","type":"page","link":"https:\/\/elfsight.com\/pl\/all-in-one-chat-widget\/jquery\/","title":{"rendered":"All-in-One Chat &#8211; jQuery"},"content":{"rendered":"<div class=\"application-platform-content-item-description application-platform-content-item\" id=\"description\" data-nav-section=\"description\"> <h2>Opis<\/h2> <p>Uniwersalne okno czatu firmy Elfsight to jedna z najszybszych mo\u017cliwo\u015bci skontaktowania si\u0119 z Tob\u0105 i uzyska\u0107 od ciebie pomoc. B\u0105d\u017a dost\u0119pny na \u017cywo we wszystkich ulubionych komunikatorach non-stop. Dodaj wid\u017cet na swoj\u0105 stron\u0119, a b\u0119dzie mo\u017cna ustawi\u0107 jego wy\u015bwietlanie na wybranych stronach lub dla oddzielnych kategorii odbiorc\u00f3w, przypisa\u0107 aktywatory rozpoczynaj\u0105ce czat, skomponowa\u0107 wiadomo\u015b\u0107 powitaln\u0105, wybra\u0107 ikony i wiele wi\u0119cej. Dzi\u0119ki wid\u017cetowi na stronie b\u0119dziesz dost\u0119pny dla odwiedzaj\u0105cych o ka\u017cdej porze i z dowolnego miejsca. <\/p> <p><b>Wszystkie znane komunikatory, takie jak Viber, WhatsApp, Facebook, Telegram i inne w jednym, aby zapewni\u0107 najbardziej efektywn\u0105 i wygodn\u0105 interakcj\u0119 z klientami!<\/b><\/p> <p><b>Scentralizuj wymagania swoich klient\u00f3w<\/b><br>\u0141\u0105cz\u0105c wszystkie najwa\u017cniejsze kana\u0142y przesy\u0142ania wiadomo\u015bci we wtyczce Chat Box, zyskasz szans\u0119 na rozwi\u0105zanie wielu zada\u0144 w jednym miejscu, zwi\u0119kszaj\u0105c satysfakcj\u0119 klienta.<\/p><p> <b>Niezwykle konfigurowalne narz\u0119dzie<\/b><br>Viber, WhatsApp, Line, Facebook Messenger, Discord, Telegram, &#8211; mo\u017cesz u\u017cywa\u0107 ich wszystkich na raz lub wybra\u0107 te, kt\u00f3re odpowiadaj\u0105 Twoim potrzebom, dostosowuj\u0105c ich kolorystyk\u0119 , rozmiar i wiele wi\u0119cej.<\/b><p><b>Umo\u017cliw komunikacj\u0119 w czasie rzeczywistym<\/b><br>Osadzaj\u0105c wid\u017cet Czat na \u017cywo w swojej witrynie, lepiej poznasz swoich odbiorc\u00f3w, udzielaj\u0105c im dzi\u0119ki wysokiej klasy us\u0142ugom i tworzeniu bardziej kompetentnych us\u0142ug.<\/b><\/div> <div class=\"application-platform-content-item-features application-platform-content-item\" id=\"features\" data-nav-section=\"features\"> <h2>Poznaj list\u0119 najcenniejszych funkcji: <\/h2> <ul><li> Umie\u015b\u0107 komunikator All-in-One na \u017cywo na swojej stronie, aby rozmawia\u0107 z u\u017cytkownikami. <\/li><li>Trzy warianty pozycji czatu: p\u0142ywaj\u0105ca ba\u0144ka, osadzana ba\u0144ka i osadzane okno czatu. <\/li><li>Biblioteka ikon b\u0105belk\u00f3w do wyboru. <\/li><li>Elastyczny tytu\u0142 czatu ze zdj\u0119ciem strony, nazw\u0105 i podpisem<\/li><li>Domy\u015blne wybieranie obrazu strony z kolekcji lub przesy\u0142anie niestandardowego obrazu. <\/li><\/ul><p><a href=\"#demo\">Przetestuj wszystkie funkcje personalizacji w pe\u0142nej wersji demonstracyjnej<\/a><\/p> <\/div> <div class=\"application-platform-content-item-installation application-platform-content-item\" id=\"installation\" data-nav-section=\"installation\"> <h2>Jak doda\u0107 Live Chat Box do mojej witryny jQuery?<\/h2> <p>Wystarczy wykona\u0107 kilka krok\u00f3w podanych poni\u017cej, aby wstawi\u0107 wid\u017cet. <\/p> <ol><li><b>Korzystaj\u0105c z naszej bezp\u0142atnej wersji demonstracyjnej, rozpocznij tworzenie w\u0142asnego instrumentu. <\/b><br> Wybierz po\u017c\u0105dany wygl\u0105d i cechy funkcjonalne narz\u0119dzia i zastosuj zmiany.<\/li> <li><b>Odbierz sw\u00f3j unikalny kod pojawiaj\u0105cy si\u0119 w specjalnym formularzu w aplikacjach Elfsight.<\/b><br> Zaraz po utworzeniu osobistego wid\u017cetu skopiuj ekskluzywny kod z wy\u015bwietlonego okna i zapisz go na dalsze potrzeby.<\/li> <li><b>Rozpocznij korzystanie z wtyczki w swojej witrynie jQuery.<\/b><br> Dodaj skopiowany ostatnio kod okna czatu do swojej strony g\u0142\u00f3wnej i zastosuj ulepszenia.<\/li> <li><b>Gotowe! Integracja zosta\u0142a pomy\u015blnie przeprowadzona.<\/b><br> Odwied\u017a swoj\u0105 witryn\u0119, aby sprawdzi\u0107 dzia\u0142anie widgetu.<\/li><\/ol> <p>Je\u015bli masz jakiekolwiek trudno\u015bci, nie wahaj si\u0119 zwr\u00f3ci\u0107 o pomoc do naszego pracownicy biura Obs\u0142ugi klienta. Nasi ludzie z przyjemno\u015bci\u0105 rozwi\u0105\u017c\u0105 wszystkie problemy, jakie mo\u017cesz mie\u0107 z widgetem. <\/p> <\/div><div class=\"faq\" data-component=\"FAQ\"><div class=\"faq-item\">\r\n\t\t\t\t\t<div class=\"faq-item-question\">\r\n\t\t\t\t\t\t<h3 class=\"faq-item-question-text\">W jaki spos\u00f3b mog\u0119 osadzi\u0107 czat na \u017cywo w mojej witrynie jQuery?<\/h3>\r\n\r\n\t\t\t\t\t\t<div class=\"faq-item-question-icon\"><\/div>\r\n\t\t\t\t\t<\/div>\r\n\r\n\t\t\t\t\t<div class=\"faq-item-answer\">\r\n\t\t\t\t\t\t<div class=\"faq-item-answer-text\"><p>Utworzenie narz\u0119dzia zajmuje umie\u015b\u0107 na stronach Elfsight i nie musisz uczy\u0107 si\u0119 kodowania. Skorzystaj z naszej wersji demonstracyjnej online, aby dostosowa\u0107 w\u0142asne narz\u0119dzie, uzyska\u0107 kod i umie\u015bci\u0107 go na swojej stronie. <\/p><\/div>\r\n\t\t\t\t\t<\/div>\r\n\t\t\t\t<\/div><div class=\"faq-item\">\r\n\t\t\t\t\t<div class=\"faq-item-question\">\r\n\t\t\t\t\t\t<h3 class=\"faq-item-question-text\">Najlepsze przyk\u0142ady wykorzystania integracji z czatem na \u017cywo<\/h3>\r\n\r\n\t\t\t\t\t\t<div class=\"faq-item-question-icon\"><\/div>\r\n\t\t\t\t\t<\/div>\r\n\r\n\t\t\t\t\t<div class=\"faq-item-answer\">\r\n\t\t\t\t\t\t<div class=\"faq-item-answer-text\"><p>Zapewnimy wiele opcji dostosowywania: pe\u0142nowymiarowe wid\u017cety do wstawiania w obszarze zawarto\u015bci , p\u0142ywaj\u0105ce wtyczki do opcji przewijania, miniatury stopki Twojej witryny, sekcji nag\u0142\u00f3wka i wszelkiego rodzaju opcje pionowe dla pask\u00f3w bocznych i menu witryny. <\/p><\/div>\r\n\t\t\t\t\t<\/div>\r\n\t\t\t\t<\/div><div class=\"faq-item\">\r\n\t\t\t\t\t<div class=\"faq-item-question\">\r\n\t\t\t\t\t\t<h3 class=\"faq-item-question-text\">Czy za po\u015brednictwem redaktora mog\u0119 utworzy\u0107 czat na \u017cywo z pomoc\u0105 lub informacj\u0105 zwrotn\u0105?<\/h3>\r\n\r\n\t\t\t\t\t\t<div class=\"faq-item-question-icon\"><\/div>\r\n\t\t\t\t\t<\/div>\r\n\r\n\t\t\t\t\t<div class=\"faq-item-answer\">\r\n\t\t\t\t\t\t<div class=\"faq-item-answer-text\"><p>Mo\u017cesz tworzy\u0107 dowolne odmiany wid\u017cetu. W edytorze dost\u0119pnych jest mn\u00f3stwo uk\u0142ad\u00f3w, a ka\u017cdy z nich mo\u017cna \u0142atwo dostosowa\u0107 do w\u0142asnych potrzeb. <\/p><\/div>\r\n\t\t\t\t\t<\/div>\r\n\t\t\t\t<\/div><\/div>","protected":false},"excerpt":{"rendered":"","protected":false},"author":9,"featured_media":0,"parent":750,"menu_order":0,"comment_status":"closed","ping_status":"closed","template":"templates\/template-application-platform.php","meta":{"publish_to_discourse":"","publish_post_category":"","wpdc_auto_publish_overridden":"","wpdc_topic_tags":"","wpdc_pin_topic":"","wpdc_pin_until":"","discourse_post_id":"","discourse_permalink":"","wpdc_publishing_response":"","wpdc_publishing_error":"","footnotes":""},"class_list":["post-4021","page","type-page","status-publish","hentry"],"yoast_head":"<!-- This site is optimized with the Yoast SEO plugin v25.3.1 - https:\/\/yoast.com\/wordpress\/plugins\/seo\/ -->\n<title>Czat na \u017cywo \u2014 dodaj wtyczk\u0119 Chat Box do witryny jQuery (bezp\u0142atnie i \u0142atwo)<\/title>\n<meta name=\"description\" content=\"Dodaj wtyczk\u0119 All-in-One Live Chat Box do witryny jQuery w 1-2-3. Skorzystaj z naszego demo na \u017cywo, aby \u0142atwo i bez kodowania kszta\u0142towa\u0107 sw\u00f3j unikalny widget.\" \/>\n<meta name=\"robots\" content=\"index, follow, max-snippet:-1, max-image-preview:large, max-video-preview:-1\" \/>\n<link rel=\"canonical\" href=\"https:\/\/elfsight.com\/pl\/all-in-one-chat-widget\/jquery\/\" \/>\n<meta property=\"og:locale\" content=\"pl_PL\" \/>\n<meta property=\"og:type\" content=\"article\" \/>\n<meta property=\"og:title\" content=\"Czat na \u017cywo \u2014 dodaj wtyczk\u0119 Chat Box do witryny jQuery (bezp\u0142atnie i \u0142atwo)\" \/>\n<meta property=\"og:description\" content=\"Dodaj wtyczk\u0119 All-in-One Live Chat Box do witryny jQuery w 1-2-3. Skorzystaj z naszego demo na \u017cywo, aby \u0142atwo i bez kodowania kszta\u0142towa\u0107 sw\u00f3j unikalny widget.\" \/>\n<meta property=\"og:url\" content=\"https:\/\/elfsight.com\/pl\/all-in-one-chat-widget\/jquery\/\" \/>\n<meta property=\"og:site_name\" content=\"Elfsight PL\" \/>\n<meta property=\"article:modified_time\" content=\"2024-11-14T09:01:50+00:00\" \/>\n<meta name=\"twitter:card\" content=\"summary_large_image\" \/>\n<meta name=\"twitter:label1\" content=\"Szacowany czas czytania\" \/>\n\t<meta name=\"twitter:data1\" content=\"3 minuty\" \/>\n<!-- \/ Yoast SEO plugin. -->","yoast_head_json":{"title":"Czat na \u017cywo \u2014 dodaj wtyczk\u0119 Chat Box do witryny jQuery (bezp\u0142atnie i \u0142atwo)","description":"Dodaj wtyczk\u0119 All-in-One Live Chat Box do witryny jQuery w 1-2-3. Skorzystaj z naszego demo na \u017cywo, aby \u0142atwo i bez kodowania kszta\u0142towa\u0107 sw\u00f3j unikalny widget.","robots":{"index":"index","follow":"follow","max-snippet":"max-snippet:-1","max-image-preview":"max-image-preview:large","max-video-preview":"max-video-preview:-1"},"canonical":"https:\/\/elfsight.com\/pl\/all-in-one-chat-widget\/jquery\/","og_locale":"pl_PL","og_type":"article","og_title":"Czat na \u017cywo \u2014 dodaj wtyczk\u0119 Chat Box do witryny jQuery (bezp\u0142atnie i \u0142atwo)","og_description":"Dodaj wtyczk\u0119 All-in-One Live Chat Box do witryny jQuery w 1-2-3. Skorzystaj z naszego demo na \u017cywo, aby \u0142atwo i bez kodowania kszta\u0142towa\u0107 sw\u00f3j unikalny widget.","og_url":"https:\/\/elfsight.com\/pl\/all-in-one-chat-widget\/jquery\/","og_site_name":"Elfsight PL","article_modified_time":"2024-11-14T09:01:50+00:00","twitter_card":"summary_large_image","twitter_misc":{"Szacowany czas czytania":"3 minuty"},"schema":{"@context":"https:\/\/schema.org","@graph":[{"@type":"WebPage","@id":"https:\/\/elfsight.com\/pl\/all-in-one-chat-widget\/jquery\/","url":"https:\/\/elfsight.com\/pl\/all-in-one-chat-widget\/jquery\/","name":"Czat na \u017cywo \u2014 dodaj wtyczk\u0119 Chat Box do witryny jQuery (bezp\u0142atnie i \u0142atwo)","isPartOf":{"@id":"https:\/\/elfsight.com\/pl\/#website"},"datePublished":"2024-05-03T06:26:55+00:00","dateModified":"2024-11-14T09:01:50+00:00","description":"Dodaj wtyczk\u0119 All-in-One Live Chat Box do witryny jQuery w 1-2-3. Skorzystaj z naszego demo na \u017cywo, aby \u0142atwo i bez kodowania kszta\u0142towa\u0107 sw\u00f3j unikalny widget.","breadcrumb":{"@id":"https:\/\/elfsight.com\/pl\/all-in-one-chat-widget\/jquery\/#breadcrumb"},"inLanguage":"pl-PL","potentialAction":[{"@type":"ReadAction","target":["https:\/\/elfsight.com\/pl\/all-in-one-chat-widget\/jquery\/"]}]},{"@type":"BreadcrumbList","@id":"https:\/\/elfsight.com\/pl\/all-in-one-chat-widget\/jquery\/#breadcrumb","itemListElement":[{"@type":"ListItem","position":1,"name":"Home","item":"https:\/\/elfsight.com\/pl\/"},{"@type":"ListItem","position":2,"name":"All-in-One Chat","item":"https:\/\/elfsight.com\/pl\/all-in-one-chat-widget\/"},{"@type":"ListItem","position":3,"name":"All-in-One Chat &#8211; jQuery"}]},{"@type":"WebSite","@id":"https:\/\/elfsight.com\/pl\/#website","url":"https:\/\/elfsight.com\/pl\/","name":"Elfsight PL","description":"Just another Elfsight Sites site","potentialAction":[{"@type":"SearchAction","target":{"@type":"EntryPoint","urlTemplate":"https:\/\/elfsight.com\/pl\/?s={search_term_string}"},"query-input":{"@type":"PropertyValueSpecification","valueRequired":true,"valueName":"search_term_string"}}],"inLanguage":"pl-PL"}]}},"meta_box":{"industry":"","seo_heading":"","heading":"","description":"","cta_heading":"","cta_description":"","application":"749","h1":"Wtyczka jQuery Live Chat","h1_caption":"Zaoferuj swoim klientom mo\u017cliwo\u015b\u0107 \u0142atwego kontaktu z Tob\u0105 na wielu platformach komunikacyjnych, takich jak WhatsApp, Facebook, Telegram i nie tylko, za pomoc\u0105 jednej wtyczki do Twojej witryny jQuery.","application_category":[],"applications_title":"","applications_request_title":"","applications_request_button_text":"","hero_text":"","hero_video":"","hero_video_schema_markup":"","selling_points_title":"","selling_points_caption":"","selling_points":[],"selling_points_cta_text":"","features_title":"","features":"","ed_cta_examples_text":"","ed_cta_examples_hidden":"","ed_cta_demo_text":"","ed_cta_demo_hidden":"","why_caption":"","why_editor_title":"","why_editor_text":"","why_team_title":"","why_team_text":"","why_service_title":"","why_service_text":"","template_catalog_visible":"","template_catalog_title":"","template_catalog_text":"","template_catalog_categories_visible":"","demo_title":"Utw\u00f3rz wtyczk\u0119 do czatu All-in-One","demo_caption":"Skonfiguruj sw\u00f3j czat All-in-One i dodaj go do swojej witryny jQuery za darmo!","default_faq_hidden":"","app_template_category":[],"platform":"56","template_public_id":"","codecanyon_url":"","codecanyon_item_id":"","codecanyon_price":"","pricing_caption":"","pricing_elfsight_apps_hide_column":"","pricing_elfsight_apps_url":"","pricing_codecanyon_price_caption":"","integration_category":[],"integration_request_title":"","integration_request_cta":"","integration_platform":"","integrations":[],"platform_category":[],"video_schema_markup":"","price":"od 0 USD \/ miesi\u0105c","trial":"","benefits":[{"text":"Bezp\u0142atna pomoc w monta\u017cu"},{"text":"Wyj\u0105tkowe wsparcie"},{"text":"14-dniowa gwarancja zwrotu pieni\u0119dzy"}],"button_url":"#demo","button_target_blank":"","button_nofollow":"","attributes":[{"name":"Instaluje"},{"name":"Czu\u0142y"},{"name":"Kompatybilne przegl\u0105darki"}],"tags":[],"tags_disable_links":"","hide_more_platforms":"","video_object":"","demo_hide_cta":"","demo_hide_cloud_options":"","pricing_title":"","pricing":[{"pricing_icon":"platform","pricing_title":"Elfsight Apps","pricing_title_caption":"Niezale\u017cne od platformy rozwi\u0105zanie cyfrowe","pricing_price":"od 0 USD \/ miesi\u0105c","pricing_price_caption":"zacznij od bezp\u0142atnego planu","pricing_benefits":[{"text":"Nielimitowane domeny"},{"text":"Bezp\u0142atna obs\u0142uga klienta i dobrze udokumentowana"},{"text":"Bezp\u0142atna pomoc przy instalacji"},{"text":"W pe\u0142ni konfigurowalny"}],"pricing_button_text":"Dodaj do witryny","pricing_button_url":"#demo"}],"related_apps_title":"","related_apps_hidden":"","author":"","image":[],"title":"","job":"","social_networks":[]},"_links":{"self":[{"href":"https:\/\/elfsight.com\/pl\/wp-json\/wp\/v2\/pages\/4021","targetHints":{"allow":["GET"]}}],"collection":[{"href":"https:\/\/elfsight.com\/pl\/wp-json\/wp\/v2\/pages"}],"about":[{"href":"https:\/\/elfsight.com\/pl\/wp-json\/wp\/v2\/types\/page"}],"author":[{"embeddable":true,"href":"https:\/\/elfsight.com\/pl\/wp-json\/wp\/v2\/users\/9"}],"replies":[{"embeddable":true,"href":"https:\/\/elfsight.com\/pl\/wp-json\/wp\/v2\/comments?post=4021"}],"version-history":[{"count":1,"href":"https:\/\/elfsight.com\/pl\/wp-json\/wp\/v2\/pages\/4021\/revisions"}],"predecessor-version":[{"id":4025,"href":"https:\/\/elfsight.com\/pl\/wp-json\/wp\/v2\/pages\/4021\/revisions\/4025"}],"up":[{"embeddable":true,"href":"https:\/\/elfsight.com\/pl\/wp-json\/wp\/v2\/pages\/750"}],"wp:attachment":[{"href":"https:\/\/elfsight.com\/pl\/wp-json\/wp\/v2\/media?parent=4021"}],"curies":[{"name":"wp","href":"https:\/\/api.w.org\/{rel}","templated":true}]}}