{"id":4016,"date":"2024-05-03T06:26:54","date_gmt":"2024-05-03T06:26:54","guid":{"rendered":"https:\/\/elfsight.com\/pl\/?page_id=4016"},"modified":"2025-06-25T08:26:25","modified_gmt":"2025-06-25T08:26:25","slug":"iframe","status":"publish","type":"page","link":"https:\/\/elfsight.com\/pl\/all-in-one-chat-widget\/iframe\/","title":{"rendered":"All-in-One Chat &#8211; iFrame"},"content":{"rendered":"<div class=\"application-platform-content-item-description application-platform-content-item\" id=\"description\" data-nav-section=\"description\"> <h2>Osad\u017a czat typu \u201ewszystko w jednym\u201d w ramce iFrame za pomoc\u0105 wid\u017cetu Elfsight<\/h2> <p>Okno czatu typu \u201ewszystko w jednym\u201d Elfsight to jeden z najwygodniejszych sposob\u00f3w, aby odwiedzaj\u0105cy witryn\u0119 mogli si\u0119 z Tob\u0105 skontaktowa\u0107 i uzyska\u0107 od Ciebie wsparcie. B\u0105d\u017a dost\u0119pny na \u017cywo we wszystkich najcz\u0119\u015bciej u\u017cywanych komunikatorach 24 godziny na dob\u0119, 7 dni w tygodniu. Zintegruj widget ze swoj\u0105 witryn\u0105 i ustaw go tak, aby wy\u015bwietla\u0142 si\u0119 na wybranych stronach lub dla okre\u015blonych grup odwiedzaj\u0105cych, przypisz wyzwalacze rozpoczynaj\u0105ce czat, napisz w\u0142asn\u0105 wiadomo\u015b\u0107 powitaln\u0105, wybierz ikony i inne funkcje. Dzi\u0119ki aktywnej wtyczce b\u0119dziesz dost\u0119pny dla odwiedzaj\u0105cych przez ca\u0142y czas i w dowolnym miejscu.<\/p> <p><b>Generuj potencjalnych klient\u00f3w poprzez kontakty osobiste<\/b><\/p> <\/div> <div class=\"application-platform-content-item- funkcje application-platform-content-item\" id=\" funkcje\" data-nav-section=\" funkcje\"> <h2>Oferujemy przydatne i nieskomplikowane funkcje, sprawd\u017a niekt\u00f3re z nich:<\/h2> <ul><li>Zintegruj wid\u017cet komunikatora Chat All-in-One na swojej stronie, aby m\u00f3c rozmawia\u0107 z u\u017cytkownikami. <\/li><li>3 warianty pozycji czatu: p\u0142ywaj\u0105ca ba\u0144ka, osadzana ba\u0144ka i osadzane okno czatu. <\/li><li>Zbi\u00f3r ikon b\u0105belk\u00f3w do wyboru.<\/li><li>Elastyczny tytu\u0142 czatu z logo strony, nazw\u0105 i podpisem<\/li><li>Domy\u015blny wyb\u00f3r obrazu strony, z kolekcji lub prze\u015blij w\u0142asne zdj\u0119cie. <\/li><\/ul><p><a href=\"#demo\">Mo\u017cesz teraz zapozna\u0107 si\u0119 z pe\u0142n\u0105 funkcjonalno\u015bci\u0105 wid\u017cetu w wersji demonstracyjnej<\/a><\/p> <\/div> <div class=\"application-platform-content-item-installation application-platform-content-item\" id=\"installation\" data-nav-section=\"installation\"> <h2>Jak mog\u0119 doda\u0107 Live Chat Box do mojej witryny iFrame?<\/h2> <p>Wystarczy wykona\u0107 poni\u017csze kroki, aby osadzi\u0107 wtyczk\u0119.<\/p> <ol><li><b>Uruchom nasz darmowy edytor i zacznij tworzy\u0107 sw\u00f3j w\u0142asny instrument.<\/b><br> Znajd\u017a odpowiedni uk\u0142ad i funkcjonalno\u015b\u0107 wtyczki oraz zapisz zmiany.<\/li> <li><b>Skopiuj unikalny kod pojawiaj\u0105cy si\u0119 w wdowa w Elfsight Apps.<\/b><br> Zaraz po zako\u0144czeniu dostosowywania osobistej wtyczki skopiuj ekskluzywny kod z wy\u015bwietlonego wyskakuj\u0105cego okienka i zapisz go na przysz\u0142o\u015b\u0107.<\/li> <li><b>Wprowad\u017a na za pomoc\u0105 wid\u017cetu na stronie internetowej iFrame.<\/b><br> Umie\u015b\u0107 ostatnio zapisany kod na swojej stronie i zastosuj poprawki.<\/li> <li><b>Gotowe! Konfiguracja zosta\u0142a w pe\u0142ni uko\u0144czona.<\/b><br> Przejd\u017a do swojej witryny, aby zobaczy\u0107 dzia\u0142anie narz\u0119dzia.<\/li><\/ol><p>Je\u015bli napotkasz jakie\u015b problemy, nie wahaj si\u0119 i z\u0142\u00f3\u017c wniosek nasz zesp\u00f3\u0142 wsparcia. Nasi specjali\u015bci z przyjemno\u015bci\u0105 rozwi\u0105\u017c\u0105 wszystkie problemy, jakie mo\u017cesz mie\u0107 z widgetem. <\/p> <div class=\"faq\" data-component=\"FAQ\"><div class=\"faq-item\">\r\n\t\t\t\t\t<div class=\"faq-item-question\">\r\n\t\t\t\t\t\t<h3 class=\"faq-item-question-text\">Jak doda\u0107 czat typu \u201ewszystko w jednym\u201d do mojej witryny iFrame bez umiej\u0119tno\u015bci kodowania?<\/h3>\r\n\r\n\t\t\t\t\t\t<div class=\"faq-item-question-icon\"><\/div>\r\n\t\t\t\t\t<\/div>\r\n\r\n\t\t\t\t\t<div class=\"faq-item-answer\">\r\n\t\t\t\t\t\t<div class=\"faq-item-answer-text\"><p>Elfsight zapewnia rozwi\u0105zanie SaaS, kt\u00f3re pozwala utworzy\u0107 czat typu \u201ewszystko w jednym\u201d samodzielnie wid\u017cet, przekonaj si\u0119, jak \u0142atwy jest ten proces: Pracuj bezpo\u015brednio w edytorze online, aby utworzy\u0107 kompleksowy wid\u017cet czatu, kt\u00f3ry chcesz widzie\u0107 w swojej witrynie iFrame. Wybierz jeden z gotowych szablon\u00f3w i dostosuj ustawienia czatu \u201ewszystko w jednym\u201d, dodaj tre\u015b\u0107, zmie\u0144 uk\u0142ad i kolory bez umiej\u0119tno\u015bci kodowania. Zapisz Czat All-in-one i skopiuj jego kod instalacyjny, kt\u00f3ry mo\u017cesz \u0142atwo osadzi\u0107 na swojej stronie iFrame bez konieczno\u015bci kupowania wersji p\u0142atnej. Dzi\u0119ki naszemu intuicyjnemu edytorowi ka\u017cdy u\u017cytkownik Internetu mo\u017ce stworzy\u0107 kompleksowy widget czatu online i \u0142atwo osadzi\u0107 go na swojej stronie internetowej iFrame. Aby uzyska\u0107 dost\u0119p do us\u0142ugi, nie trzeba p\u0142aci\u0107 ani wprowadza\u0107 danych uwierzytelniaj\u0105cych karty. Je\u015bli na kt\u00f3rymkolwiek etapie napotkasz jakiekolwiek problemy, skontaktuj si\u0119 z naszym zespo\u0142em pomocy technicznej.<\/p><\/div>\r\n\t\t\t\t\t<\/div>\r\n\t\t\t\t<\/div><\/div><\/div>","protected":false},"excerpt":{"rendered":"","protected":false},"author":9,"featured_media":0,"parent":750,"menu_order":0,"comment_status":"closed","ping_status":"closed","template":"templates\/template-application-platform.php","meta":{"publish_to_discourse":"","publish_post_category":"","wpdc_auto_publish_overridden":"","wpdc_topic_tags":"","wpdc_pin_topic":"","wpdc_pin_until":"","discourse_post_id":"","discourse_permalink":"","wpdc_publishing_response":"","wpdc_publishing_error":"","footnotes":""},"class_list":["post-4016","page","type-page","status-publish","hentry"],"yoast_head":"<!-- This site is optimized with the Yoast SEO plugin v25.3.1 - https:\/\/yoast.com\/wordpress\/plugins\/seo\/ -->\n<title>Czat na \u017cywo \u2014 dodaj wid\u017cet Chat Box do witryn iFrame (bezp\u0142atny i \u0142atwy)<\/title>\n<meta name=\"description\" content=\"W ci\u0105gu kilku minut umie\u015b\u0107 wid\u017cet All-in-One Live Chat Box na stronie g\u0142\u00f3wnej iFrame. Skorzystaj z naszego przydatnego demo, aby \u0142atwo i bez kodowania stworzy\u0107 sw\u00f3j unikalny widget.\" \/>\n<meta name=\"robots\" content=\"index, follow, max-snippet:-1, max-image-preview:large, max-video-preview:-1\" \/>\n<link rel=\"canonical\" href=\"https:\/\/elfsight.com\/pl\/all-in-one-chat-widget\/iframe\/\" \/>\n<meta property=\"og:locale\" content=\"pl_PL\" \/>\n<meta property=\"og:type\" content=\"article\" \/>\n<meta property=\"og:title\" content=\"Czat na \u017cywo \u2014 dodaj wid\u017cet Chat Box do witryn iFrame (bezp\u0142atny i \u0142atwy)\" \/>\n<meta property=\"og:description\" content=\"W ci\u0105gu kilku minut umie\u015b\u0107 wid\u017cet All-in-One Live Chat Box na stronie g\u0142\u00f3wnej iFrame. Skorzystaj z naszego przydatnego demo, aby \u0142atwo i bez kodowania stworzy\u0107 sw\u00f3j unikalny widget.\" \/>\n<meta property=\"og:url\" content=\"https:\/\/elfsight.com\/pl\/all-in-one-chat-widget\/iframe\/\" \/>\n<meta property=\"og:site_name\" content=\"Elfsight PL\" \/>\n<meta property=\"article:modified_time\" content=\"2025-06-25T08:26:25+00:00\" \/>\n<meta name=\"twitter:card\" content=\"summary_large_image\" \/>\n<meta name=\"twitter:label1\" content=\"Szacowany czas czytania\" \/>\n\t<meta name=\"twitter:data1\" content=\"3 minuty\" \/>\n<!-- \/ Yoast SEO plugin. -->","yoast_head_json":{"title":"Czat na \u017cywo \u2014 dodaj wid\u017cet Chat Box do witryn iFrame (bezp\u0142atny i \u0142atwy)","description":"W ci\u0105gu kilku minut umie\u015b\u0107 wid\u017cet All-in-One Live Chat Box na stronie g\u0142\u00f3wnej iFrame. Skorzystaj z naszego przydatnego demo, aby \u0142atwo i bez kodowania stworzy\u0107 sw\u00f3j unikalny widget.","robots":{"index":"index","follow":"follow","max-snippet":"max-snippet:-1","max-image-preview":"max-image-preview:large","max-video-preview":"max-video-preview:-1"},"canonical":"https:\/\/elfsight.com\/pl\/all-in-one-chat-widget\/iframe\/","og_locale":"pl_PL","og_type":"article","og_title":"Czat na \u017cywo \u2014 dodaj wid\u017cet Chat Box do witryn iFrame (bezp\u0142atny i \u0142atwy)","og_description":"W ci\u0105gu kilku minut umie\u015b\u0107 wid\u017cet All-in-One Live Chat Box na stronie g\u0142\u00f3wnej iFrame. Skorzystaj z naszego przydatnego demo, aby \u0142atwo i bez kodowania stworzy\u0107 sw\u00f3j unikalny widget.","og_url":"https:\/\/elfsight.com\/pl\/all-in-one-chat-widget\/iframe\/","og_site_name":"Elfsight PL","article_modified_time":"2025-06-25T08:26:25+00:00","twitter_card":"summary_large_image","twitter_misc":{"Szacowany czas czytania":"3 minuty"},"schema":{"@context":"https:\/\/schema.org","@graph":[{"@type":"WebPage","@id":"https:\/\/elfsight.com\/pl\/all-in-one-chat-widget\/iframe\/","url":"https:\/\/elfsight.com\/pl\/all-in-one-chat-widget\/iframe\/","name":"Czat na \u017cywo \u2014 dodaj wid\u017cet Chat Box do witryn iFrame (bezp\u0142atny i \u0142atwy)","isPartOf":{"@id":"https:\/\/elfsight.com\/pl\/#website"},"datePublished":"2024-05-03T06:26:54+00:00","dateModified":"2025-06-25T08:26:25+00:00","description":"W ci\u0105gu kilku minut umie\u015b\u0107 wid\u017cet All-in-One Live Chat Box na stronie g\u0142\u00f3wnej iFrame. Skorzystaj z naszego przydatnego demo, aby \u0142atwo i bez kodowania stworzy\u0107 sw\u00f3j unikalny widget.","breadcrumb":{"@id":"https:\/\/elfsight.com\/pl\/all-in-one-chat-widget\/iframe\/#breadcrumb"},"inLanguage":"pl-PL","potentialAction":[{"@type":"ReadAction","target":["https:\/\/elfsight.com\/pl\/all-in-one-chat-widget\/iframe\/"]}]},{"@type":"BreadcrumbList","@id":"https:\/\/elfsight.com\/pl\/all-in-one-chat-widget\/iframe\/#breadcrumb","itemListElement":[{"@type":"ListItem","position":1,"name":"Home","item":"https:\/\/elfsight.com\/pl\/"},{"@type":"ListItem","position":2,"name":"All-in-One Chat","item":"https:\/\/elfsight.com\/pl\/all-in-one-chat-widget\/"},{"@type":"ListItem","position":3,"name":"All-in-One Chat &#8211; iFrame"}]},{"@type":"WebSite","@id":"https:\/\/elfsight.com\/pl\/#website","url":"https:\/\/elfsight.com\/pl\/","name":"Elfsight PL","description":"Just another Elfsight Sites site","potentialAction":[{"@type":"SearchAction","target":{"@type":"EntryPoint","urlTemplate":"https:\/\/elfsight.com\/pl\/?s={search_term_string}"},"query-input":{"@type":"PropertyValueSpecification","valueRequired":true,"valueName":"search_term_string"}}],"inLanguage":"pl-PL"}]}},"meta_box":{"industry":"","seo_heading":"","heading":"","description":"","cta_heading":"","cta_description":"","application":"749","h1":"Wid\u017cet czatu na \u017cywo iFrame","h1_caption":"Zaoferuj swoim klientom mo\u017cliwo\u015b\u0107 \u0142atwego kontaktu z Tob\u0105 na wielu platformach komunikacyjnych, takich jak WhatsApp, Facebook, telegram i nie tylko, za pomoc\u0105 jednego wid\u017cetu w Twojej witrynie iFrame.","application_category":[],"applications_title":"","applications_request_title":"","applications_request_button_text":"","hero_text":"","hero_video":"","hero_video_schema_markup":"","selling_points_title":"","selling_points_caption":"","selling_points":[],"selling_points_cta_text":"","features_title":"","features":"","ed_cta_examples_text":"","ed_cta_examples_hidden":"","ed_cta_demo_text":"","ed_cta_demo_hidden":"","why_caption":"","why_editor_title":"","why_editor_text":"","why_team_title":"","why_team_text":"","why_service_title":"","why_service_text":"","template_catalog_visible":"0","template_catalog_title":"","template_catalog_text":"","template_catalog_categories_visible":"","demo_title":"Utw\u00f3rz wid\u017cet czatu typu \u201ewszystko w jednym\u201d.","demo_caption":"Skonfiguruj czat All-in-One i dodaj go do swojej witryny iFrame za darmo!","default_faq_hidden":"","app_template_category":[],"platform":"187","template_public_id":"","codecanyon_url":"","codecanyon_item_id":"","codecanyon_price":"","pricing_caption":"","pricing_elfsight_apps_hide_column":"","pricing_elfsight_apps_url":"","pricing_codecanyon_price_caption":"","integration_category":[],"integration_request_title":"","integration_request_cta":"","integration_platform":"","integrations":[],"platform_category":[],"video_schema_markup":"","price":"od 0 USD \/ miesi\u0105c","trial":"","benefits":[{"text":"Bezp\u0142atna us\u0142uga monta\u017cu"},{"text":"Do\u015bwiadczona obs\u0142uga klienta"},{"text":"14-dniowa gwarancja zwrotu pieni\u0119dzy"}],"button_url":"#demo","button_target_blank":"0","button_nofollow":"0","attributes":[{"name":"Instaluje"},{"name":"Czu\u0142y"},{"name":"Kompatybilne przegl\u0105darki"}],"tags":[],"tags_disable_links":"0","hide_more_platforms":"0","video_object":"","demo_hide_cta":"0","demo_hide_cloud_options":"0","pricing_title":"","pricing":[{"pricing_icon":"platform","pricing_title":"Elfsight Apps","pricing_title_caption":"Oprogramowanie wieloplatformowe","pricing_price":"od 0 USD \/ miesi\u0105c","pricing_price_caption":"zacznij od bezp\u0142atnego planu","pricing_benefits":[{"text":"Nielimitowane strony internetowe"},{"text":"Bezp\u0142atna obs\u0142uga klienta"},{"text":"Bezp\u0142atna us\u0142uga monta\u017cu"},{"text":"W pe\u0142ni konfigurowalny"}],"pricing_button_text":"Dodaj do witryny","pricing_button_url":"#demo"}],"related_apps_title":"","related_apps_hidden":"0","author":"","image":[],"title":"","job":"","social_networks":[]},"_links":{"self":[{"href":"https:\/\/elfsight.com\/pl\/wp-json\/wp\/v2\/pages\/4016","targetHints":{"allow":["GET"]}}],"collection":[{"href":"https:\/\/elfsight.com\/pl\/wp-json\/wp\/v2\/pages"}],"about":[{"href":"https:\/\/elfsight.com\/pl\/wp-json\/wp\/v2\/types\/page"}],"author":[{"embeddable":true,"href":"https:\/\/elfsight.com\/pl\/wp-json\/wp\/v2\/users\/9"}],"replies":[{"embeddable":true,"href":"https:\/\/elfsight.com\/pl\/wp-json\/wp\/v2\/comments?post=4016"}],"version-history":[{"count":2,"href":"https:\/\/elfsight.com\/pl\/wp-json\/wp\/v2\/pages\/4016\/revisions"}],"predecessor-version":[{"id":10442,"href":"https:\/\/elfsight.com\/pl\/wp-json\/wp\/v2\/pages\/4016\/revisions\/10442"}],"up":[{"embeddable":true,"href":"https:\/\/elfsight.com\/pl\/wp-json\/wp\/v2\/pages\/750"}],"wp:attachment":[{"href":"https:\/\/elfsight.com\/pl\/wp-json\/wp\/v2\/media?parent=4016"}],"curies":[{"name":"wp","href":"https:\/\/api.w.org\/{rel}","templated":true}]}}