{"id":4007,"date":"2024-05-03T06:26:49","date_gmt":"2024-05-03T06:26:49","guid":{"rendered":"https:\/\/elfsight.com\/pl\/?page_id=4007"},"modified":"2025-06-25T08:29:14","modified_gmt":"2025-06-25T08:29:14","slug":"shopify","status":"publish","type":"page","link":"https:\/\/elfsight.com\/pl\/all-in-one-chat-widget\/shopify\/","title":{"rendered":"All-in-One Chat &#8211; Shopify"},"content":{"rendered":"<div class=\"application-platform-content-item-description application-platform-content-item\" id=\"description\" data-nav-section=\"description\">\n<h2>Osad\u017a czat typu \u201ewszystko w jednym\u201d w Shopify za pomoc\u0105 wid\u017cetu Elfsight<\/h2>\n<p>Aplikacja do czatu online typu \u201ewszystko w jednym\u201d autorstwa Elfsight to jeden z najszybszych sposob\u00f3w, w jaki odwiedzaj\u0105cy witryn\u0119 mog\u0105 si\u0119 z Tob\u0105 skontaktowa\u0107 i uzyska\u0107 odpowied\u017a na swoje pytania. B\u0105d\u017a dost\u0119pny na \u017cywo we wszystkich najcz\u0119\u015bciej u\u017cywanych komunikatorach non-stop. Umie\u015b\u0107 aplikacj\u0119 na swojej stronie, a b\u0119dzie ona aktywna tylko na okre\u015blonych stronach lub dla odr\u0119bnych kategorii odbiorc\u00f3w, przypisz aktywatory rozpoczynaj\u0105ce czat, skomponuj tekst powitalny, wybierz ikony i inne funkcje. Po uruchomieniu wid\u017cetu b\u0119dziesz dost\u0119pny dla ludzi przez ca\u0142y czas i z dowolnego miejsca.<\/p>\n<p><b>Generuj potencjalnych klient\u00f3w poprzez adresowanie bezpo\u015brednie.<\/b><\/p>\n<\/div>\n\n<div class=\"application-platform-content-item-features application-platform-content-item\" id=\"features\" data-nav-section=\"features\">\n<h2>To tylko kilka r\u00f3\u017cnych funkcji wid\u017cetu:<\/h2>\n<ul>\n    <li>Dodaj na swojej stronie uniwersaln\u0105 aplikacj\u0119 do czatowania online, aby rozmawia\u0107 z u\u017cytkownikami.<\/li>\n    <li>Trzy typy pozycji czatu: p\u0142ywaj\u0105ca ba\u0144ka, osadzana ba\u0144ka i osadzane okno czatu.<\/li>\n    <li>Biblioteka ikon b\u0105belk\u00f3w do wyboru.<\/li>\n    <li>Elastyczny tytu\u0142 czatu z logo strony, nazw\u0105 i podtytu\u0142em.<\/li>\n    <li>Domy\u015blny wyb\u00f3r obrazu strony z biblioteki lub przes\u0142anie w\u0142asnego obrazu.<\/li>\n<\/ul>\n<p><a href=\"#demo\">Mo\u017cesz sprawdzi\u0107, czy wid\u017cet oferuje wypr\u00f3bowanie wersji demonstracyjnej<\/a><\/p>\n\n<div class=\"faq\" data-component=\"FAQ\">\n    <div class=\"faq-item\">\r\n\t\t\t\t\t<div class=\"faq-item-question\">\r\n\t\t\t\t\t\t<h3 class=\"faq-item-question-text\">Jak doda\u0107 okno czatu All-in-One na stron\u0119 Shopify?<\/h3>\r\n\r\n\t\t\t\t\t\t<div class=\"faq-item-question-icon\"><\/div>\r\n\t\t\t\t\t<\/div>\r\n\r\n\t\t\t\t\t<div class=\"faq-item-answer\">\r\n\t\t\t\t\t\t<div class=\"faq-item-answer-text\">\n    <p>Instalacja zajmuje 90 sekund. Co wi\u0119cej, nie musisz posiada\u0107 \u017cadnej umiej\u0119tno\u015bci programowania. <\/p>\n    <ol>\n        <li>Reguluj wid\u017cet Shopify w bezp\u0142atnym konfiguratorze na \u017cywo.<\/li>\n        <li>Skopiuj kod instalacyjny.<\/li>\n        <li>Wstaw kod w odpowiednim miejscu w zapleczu witryny.<\/li>\n        <li>Rozumiem! Konfiguracja wtyczki czatu w Shopify zosta\u0142a uko\u0144czona!<\/li>\n    <\/ol>\n    <p>Masz problemy z instalacj\u0105 wtyczki do Shopify lub formatowaniem czatu All-in-One? By\u0107 mo\u017ce znajdziesz szczeg\u00f3\u0142owy przewodnik <a href=\"https:\/\/elfsight.com\/tutorials\/how-to-add-live-chat-to-website\/#how-to-add-live-chat-to-shopify\">na tej stronie<\/a>. <\/p>\n    <\/div>\r\n\t\t\t\t\t<\/div>\r\n\t\t\t\t<\/div>\n\n    <div class=\"faq-item\">\r\n\t\t\t\t\t<div class=\"faq-item-question\">\r\n\t\t\t\t\t\t<h3 class=\"faq-item-question-text\">Czy mog\u0119 zobaczy\u0107, jak wid\u017cet b\u0119dzie wygl\u0105da\u0142 na stronie?<\/h3>\r\n\r\n\t\t\t\t\t\t<div class=\"faq-item-question-icon\"><\/div>\r\n\t\t\t\t\t<\/div>\r\n\r\n\t\t\t\t\t<div class=\"faq-item-answer\">\r\n\t\t\t\t\t\t<div class=\"faq-item-answer-text\">\n    <p>Tak, mo\u017cesz! W procesie opracowywania wtyczki czatu Shopify w <a href=\"https:\/\/elfsight.com\/all-in-one-chat-widget\/#demo\">bezp\u0142atnym edytorze online<\/a> we\u017amiesz pod uwag\u0119 wszystkie zmiany po prawej stronie. Twoje okno czatu b\u0119dzie wygl\u0105da\u0107 dok\u0142adnie tak samo, jak to, co znajdziesz w swojej witrynie Shopify. <\/p>\n    <\/div>\r\n\t\t\t\t\t<\/div>\r\n\t\t\t\t<\/div>\n\n    <div class=\"faq-item\">\r\n\t\t\t\t\t<div class=\"faq-item-question\">\r\n\t\t\t\t\t\t<h3 class=\"faq-item-question-text\">Jakie inne wid\u017cety s\u0105 niezb\u0119dne w witrynie Shopify?<\/h3>\r\n\r\n\t\t\t\t\t\t<div class=\"faq-item-question-icon\"><\/div>\r\n\t\t\t\t\t<\/div>\r\n\r\n\t\t\t\t\t<div class=\"faq-item-answer\">\r\n\t\t\t\t\t\t<div class=\"faq-item-answer-text\">\n    <p>Shopify to platforma popularna w\u015br\u00f3d w\u0142a\u015bcicieli sklep\u00f3w internetowych. Zapewnia szereg wspania\u0142ych narz\u0119dzi zapewniaj\u0105cych najlepsz\u0105 obs\u0142ug\u0119 u\u017cytkownika i obs\u0142ug\u0119 klienta. B\u0119dziesz potrzebowa\u0107 dodatkowych narz\u0119dzi, aby podnie\u015b\u0107 wsp\u00f3\u0142czynniki konwersji i efektywniej sprzedawa\u0107 produkty.<\/p>\n    <p>Mo\u017cesz na przyk\u0142ad prezentowa\u0107 zdj\u0119cia i filmy w spektakularnym <a href=\"https:\/\/elfsight.com\/slider-widget\/shopify\/\">Slider<\/a>, przedstaw \u015bwietne opinie o swojej firmie dzi\u0119ki <a href=\"https:\/\/elfsight.com\/google-reviews-widget\/shopify\/\">Recenzjom Google<\/a>. Co wi\u0119cej, istnieje mo\u017cliwo\u015b\u0107 pobrania <a href=\"https:\/\/elfsight.com\/google-reviews-widget\/shopify\/\">Kana\u0142u na Instagramie<\/a> jako dekoracji, <a href=\"https:\/\/elfsight.com\/pdf-embed-widget\/shopify\/\">umie\u015b\u0107 pliki PDF<\/a> i <a href=\"https:\/\/elfsight.com\/logo-showcase-widget\/shopify\/\">logo<\/a> na Twoich stronach internetowych.<\/p>\n    <\/div>\r\n\t\t\t\t\t<\/div>\r\n\t\t\t\t<\/div>\n<\/div>\n<\/div>\n\n<div class=\"application-platform-content-item-installation application-platform-content-item\" id=\"installation\" data-nav-section=\"installation\"><\/div>\n<h2>Jak osadzi\u0107 aplikacj\u0119 Live Chat w mojej witrynie Shopify?<\/h2>\n<div class=\"video-container\"><iframe width=\"720\" height=\"405\" src=\"https:\/\/www.youtube.com\/embed\/mfLwq7EZc64\" frameborder=\"0\" allowfullscreen=\"\"><\/iframe><\/div>\n<p>Wystarczy wykona\u0107 poni\u017csze kroki, aby zintegrowa\u0107 wid\u017cet.<\/p>\n<ol>\n    <li><b>Skorzystaj z naszego bezp\u0142atnego konfiguratora i zacznij tworzy\u0107 swoj\u0105 unikaln\u0105 aplikacj\u0119.<\/b><br>Okre\u015bl preferowany interfejs i specyfikacje wid\u017cetu oraz zapisz wszystkie poprawki.<\/li>\n    <li><b>Skopiuj sw\u00f3j unikalny kod, kt\u00f3ry pojawi si\u0119 w polu aplikacji Elfsight.<\/b><br>Zaraz po utworzeniu wid\u017cetu, skopiuj kod w wy\u015bwietlonym oknie i zachowaj go do wykorzystania w przysz\u0142o\u015bci.<\/li>\n    <li><b>Rozpocznij stosowanie aplikacji na stronie Shopify.<\/b><br>Wklej otrzymany kod, kt\u00f3ry zapisa\u0142e\u015b wcze\u015bniej w swojej witrynie i zastosuj poprawki.<\/li>\n    <li><b>Gotowe! Osadzanie zosta\u0142o pomy\u015blnie zako\u0144czone.<\/b><br>Przejd\u017a do swojej witryny, aby zobaczy\u0107 dzia\u0142anie czatu online.<\/li>\n<\/ol>\n<p>Je\u015bli napotkasz jakiekolwiek problemy, nie b\u00f3j si\u0119 szuka\u0107 pomocy naszego personelu pomocniczego. Nasi konsultanci z przyjemno\u015bci\u0105 rozwi\u0105\u017c\u0105 wszystkie problemy, jakie mo\u017cesz mie\u0107 z wtyczk\u0105.<\/p>\n\n<div class=\"faq\" data-component=\"FAQ\">\n    <div class=\"faq-item\">\r\n\t\t\t\t\t<div class=\"faq-item-question\">\r\n\t\t\t\t\t\t<h3 class=\"faq-item-question-text\">Jak doda\u0107 czat na \u017cywo do Shopify?<\/h3>\r\n\r\n\t\t\t\t\t\t<div class=\"faq-item-question-icon\"><\/div>\r\n\t\t\t\t\t<\/div>\r\n\r\n\t\t\t\t\t<div class=\"faq-item-answer\">\r\n\t\t\t\t\t\t<div class=\"faq-item-answer-text\">\n    <p>Tworzenie narz\u0119dzia odbywa si\u0119 w witrynie Elfsight i nie trzeba uczy\u0107 si\u0119 kodowania. Skorzystaj z naszego pokazu na \u017cywo, aby dostosowa\u0107 sw\u00f3j w\u0142asny wid\u017cet, zdob\u0105d\u017a kod i wstaw go na swoj\u0105 stron\u0119. <\/p>\n    <\/div>\r\n\t\t\t\t\t<\/div>\r\n\t\t\t\t<\/div>\n\n    <div class=\"faq-item\">\r\n\t\t\t\t\t<div class=\"faq-item-question\">\r\n\t\t\t\t\t\t<h3 class=\"faq-item-question-text\">Najlepsze sposoby wykorzystania integracji z czatem na \u017cywo<\/h3>\r\n\r\n\t\t\t\t\t\t<div class=\"faq-item-question-icon\"><\/div>\r\n\t\t\t\t\t<\/div>\r\n\r\n\t\t\t\t\t<div class=\"faq-item-answer\">\r\n\t\t\t\t\t\t<div class=\"faq-item-answer-text\">\n    <p>Oferujemy mn\u00f3stwo opcji dostosowywania: pe\u0142nowymiarowe wid\u017cety do wstawiania w obszarze zawarto\u015bci, p\u0142ywaj\u0105ce wtyczki do funkcji przewijania, miniatury stopki, nag\u0142\u00f3wka i wszelkiego rodzaju pionowe mo\u017cliwo\u015bci pask\u00f3w bocznych i menu witryny. <\/p>\n    <\/div>\r\n\t\t\t\t\t<\/div>\r\n\t\t\t\t<\/div>\n\n    <div class=\"faq-item\">\r\n\t\t\t\t\t<div class=\"faq-item-question\">\r\n\t\t\t\t\t\t<h3 class=\"faq-item-question-text\">Jak utworzy\u0107 czat na \u017cywo dotycz\u0105cy pomocy technicznej lub wprowadzenia za pomoc\u0105 edytora?<\/h3>\r\n\r\n\t\t\t\t\t\t<div class=\"faq-item-question-icon\"><\/div>\r\n\t\t\t\t\t<\/div>\r\n\r\n\t\t\t\t\t<div class=\"faq-item-answer\">\r\n\t\t\t\t\t\t<div class=\"faq-item-answer-text\">\n    <p>Mo\u017cesz dowolnie modyfikowa\u0107 dowolne zmiany w wid\u017cecie. W edytorze dost\u0119pnych jest wiele uk\u0142ad\u00f3w, a ka\u017cdy z nich mo\u017cna szybko dostosowa\u0107 wed\u0142ug w\u0142asnych upodoba\u0144. <\/p>\n    <\/div>\r\n\t\t\t\t\t<\/div>\r\n\t\t\t\t<\/div>\n<\/div>","protected":false},"excerpt":{"rendered":"Jak osadzi\u0107 aplikacj\u0119 Live Chat w mojej witrynie Shopify? Wystarczy wykona\u0107 poni\u017csze kroki, aby zintegrowa\u0107 wid\u017cet. Skorzystaj z naszego bezp\u0142atnego konfiguratora i zacznij tworzy\u0107 swoj\u0105 unikaln\u0105 aplikacj\u0119.Okre\u015bl preferowany interfejs i specyfikacje wid\u017cetu oraz zapisz wszystkie poprawki. Skopiuj sw\u00f3j unikalny kod, kt\u00f3ry pojawi si\u0119 w polu aplikacji Elfsight.Zaraz po utworzeniu wid\u017cetu,&#8230;","protected":false},"author":9,"featured_media":0,"parent":750,"menu_order":0,"comment_status":"closed","ping_status":"closed","template":"templates\/template-application-platform.php","meta":{"publish_to_discourse":"","publish_post_category":"","wpdc_auto_publish_overridden":"","wpdc_topic_tags":"","wpdc_pin_topic":"","wpdc_pin_until":"","discourse_post_id":"","discourse_permalink":"","wpdc_publishing_response":"","wpdc_publishing_error":"","footnotes":""},"class_list":["post-4007","page","type-page","status-publish","hentry"],"yoast_head":"<!-- This site is optimized with the Yoast SEO plugin v25.3.1 - https:\/\/yoast.com\/wordpress\/plugins\/seo\/ -->\n<title>Czat na \u017cywo \u2014 dodaj aplikacj\u0119 Czat online do witryn Shopify (bezp\u0142atnie i szybko)<\/title>\n<meta name=\"description\" content=\"Dodaj swoj\u0105 uniwersaln\u0105 aplikacj\u0119 do czatu na \u017cywo do witryny Shopify w ci\u0105gu kilku minut. Skorzystaj z naszego przydatnego demo, aby \u0142atwo zbudowa\u0107 sw\u00f3j ekskluzywny czat online.\" \/>\n<meta name=\"robots\" content=\"index, follow, max-snippet:-1, max-image-preview:large, max-video-preview:-1\" \/>\n<link rel=\"canonical\" href=\"https:\/\/elfsight.com\/pl\/all-in-one-chat-widget\/shopify\/\" \/>\n<meta property=\"og:locale\" content=\"pl_PL\" \/>\n<meta property=\"og:type\" content=\"article\" \/>\n<meta property=\"og:title\" content=\"Czat na \u017cywo \u2014 dodaj aplikacj\u0119 Czat online do witryn Shopify (bezp\u0142atnie i szybko)\" \/>\n<meta property=\"og:description\" content=\"Dodaj swoj\u0105 uniwersaln\u0105 aplikacj\u0119 do czatu na \u017cywo do witryny Shopify w ci\u0105gu kilku minut. Skorzystaj z naszego przydatnego demo, aby \u0142atwo zbudowa\u0107 sw\u00f3j ekskluzywny czat online.\" \/>\n<meta property=\"og:url\" content=\"https:\/\/elfsight.com\/pl\/all-in-one-chat-widget\/shopify\/\" \/>\n<meta property=\"og:site_name\" content=\"Elfsight PL\" \/>\n<meta property=\"article:modified_time\" content=\"2025-06-25T08:29:14+00:00\" \/>\n<meta name=\"twitter:card\" content=\"summary_large_image\" \/>\n<meta name=\"twitter:label1\" content=\"Szacowany czas czytania\" \/>\n\t<meta name=\"twitter:data1\" content=\"4 minuty\" \/>\n<!-- \/ Yoast SEO plugin. -->","yoast_head_json":{"title":"Czat na \u017cywo \u2014 dodaj aplikacj\u0119 Czat online do witryn Shopify (bezp\u0142atnie i szybko)","description":"Dodaj swoj\u0105 uniwersaln\u0105 aplikacj\u0119 do czatu na \u017cywo do witryny Shopify w ci\u0105gu kilku minut. Skorzystaj z naszego przydatnego demo, aby \u0142atwo zbudowa\u0107 sw\u00f3j ekskluzywny czat online.","robots":{"index":"index","follow":"follow","max-snippet":"max-snippet:-1","max-image-preview":"max-image-preview:large","max-video-preview":"max-video-preview:-1"},"canonical":"https:\/\/elfsight.com\/pl\/all-in-one-chat-widget\/shopify\/","og_locale":"pl_PL","og_type":"article","og_title":"Czat na \u017cywo \u2014 dodaj aplikacj\u0119 Czat online do witryn Shopify (bezp\u0142atnie i szybko)","og_description":"Dodaj swoj\u0105 uniwersaln\u0105 aplikacj\u0119 do czatu na \u017cywo do witryny Shopify w ci\u0105gu kilku minut. Skorzystaj z naszego przydatnego demo, aby \u0142atwo zbudowa\u0107 sw\u00f3j ekskluzywny czat online.","og_url":"https:\/\/elfsight.com\/pl\/all-in-one-chat-widget\/shopify\/","og_site_name":"Elfsight PL","article_modified_time":"2025-06-25T08:29:14+00:00","twitter_card":"summary_large_image","twitter_misc":{"Szacowany czas czytania":"4 minuty"},"schema":{"@context":"https:\/\/schema.org","@graph":[{"@type":"WebPage","@id":"https:\/\/elfsight.com\/pl\/all-in-one-chat-widget\/shopify\/","url":"https:\/\/elfsight.com\/pl\/all-in-one-chat-widget\/shopify\/","name":"Czat na \u017cywo \u2014 dodaj aplikacj\u0119 Czat online do witryn Shopify (bezp\u0142atnie i szybko)","isPartOf":{"@id":"https:\/\/elfsight.com\/pl\/#website"},"datePublished":"2024-05-03T06:26:49+00:00","dateModified":"2025-06-25T08:29:14+00:00","description":"Dodaj swoj\u0105 uniwersaln\u0105 aplikacj\u0119 do czatu na \u017cywo do witryny Shopify w ci\u0105gu kilku minut. Skorzystaj z naszego przydatnego demo, aby \u0142atwo zbudowa\u0107 sw\u00f3j ekskluzywny czat online.","breadcrumb":{"@id":"https:\/\/elfsight.com\/pl\/all-in-one-chat-widget\/shopify\/#breadcrumb"},"inLanguage":"pl-PL","potentialAction":[{"@type":"ReadAction","target":["https:\/\/elfsight.com\/pl\/all-in-one-chat-widget\/shopify\/"]}]},{"@type":"BreadcrumbList","@id":"https:\/\/elfsight.com\/pl\/all-in-one-chat-widget\/shopify\/#breadcrumb","itemListElement":[{"@type":"ListItem","position":1,"name":"Home","item":"https:\/\/elfsight.com\/pl\/"},{"@type":"ListItem","position":2,"name":"All-in-One Chat","item":"https:\/\/elfsight.com\/pl\/all-in-one-chat-widget\/"},{"@type":"ListItem","position":3,"name":"All-in-One Chat &#8211; Shopify"}]},{"@type":"WebSite","@id":"https:\/\/elfsight.com\/pl\/#website","url":"https:\/\/elfsight.com\/pl\/","name":"Elfsight PL","description":"Just another Elfsight Sites site","potentialAction":[{"@type":"SearchAction","target":{"@type":"EntryPoint","urlTemplate":"https:\/\/elfsight.com\/pl\/?s={search_term_string}"},"query-input":{"@type":"PropertyValueSpecification","valueRequired":true,"valueName":"search_term_string"}}],"inLanguage":"pl-PL"}]}},"meta_box":{"industry":"","seo_heading":"","heading":"","description":"","cta_heading":"","cta_description":"","application":"749","h1":"Aplikacja Shopify Czat na \u017cywo","h1_caption":"Zaoferuj swoim klientom mo\u017cliwo\u015b\u0107 \u0142atwego kontaktu z Tob\u0105 na wielu platformach komunikacyjnych, takich jak WhatsApp, Facebook, telegram i nie tylko, z jednej aplikacji na Twoj\u0105 witryn\u0119 Shopify.","application_category":[],"applications_title":"","applications_request_title":"","applications_request_button_text":"","hero_text":"","hero_video":"","hero_video_schema_markup":"","selling_points_title":"","selling_points_caption":"","selling_points":[],"selling_points_cta_text":"","features_title":"","features":"","ed_cta_examples_text":"","ed_cta_examples_hidden":"","ed_cta_demo_text":"","ed_cta_demo_hidden":"","why_caption":"","why_editor_title":"","why_editor_text":"","why_team_title":"","why_team_text":"","why_service_title":"","why_service_text":"","template_catalog_visible":"0","template_catalog_title":"","template_catalog_text":"","template_catalog_categories_visible":"","demo_title":"Utw\u00f3rz aplikacj\u0119 do czatowania typu \u201ewszystko w jednym\u201d.","demo_caption":"Skonfiguruj sw\u00f3j czat All-in-One i dodaj go do swojej witryny Shopify za darmo!","default_faq_hidden":"","app_template_category":[],"platform":"7580","template_public_id":"","codecanyon_url":"","codecanyon_item_id":"","codecanyon_price":"","pricing_caption":"","pricing_elfsight_apps_hide_column":"","pricing_elfsight_apps_url":"","pricing_codecanyon_price_caption":"","integration_category":[],"integration_request_title":"","integration_request_cta":"","integration_platform":"","integrations":[],"platform_category":[],"video_schema_markup":"","price":"od 0 USD \/ miesi\u0105c","trial":"","benefits":[{"text":"Bezp\u0142atna us\u0142uga monta\u017cu"},{"text":"Wsparcie premium"},{"text":"14-dniowa gwarancja zwrotu pieni\u0119dzy"}],"button_url":"#demo","button_target_blank":"0","button_nofollow":"0","attributes":[{"name":"Instaluje"},{"name":"Czu\u0142y"},{"name":"Kompatybilne przegl\u0105darki"}],"tags":[],"tags_disable_links":"0","hide_more_platforms":"0","video_object":"","demo_hide_cta":"0","demo_hide_cloud_options":"0","pricing_title":"","pricing":[{"pricing_icon":"cloud","pricing_title":"Elfsight Apps","pricing_title_caption":"Wersja wieloplatformowa, kt\u00f3ra dzia\u0142a na ka\u017cdej stronie internetowej","pricing_price":"od 0 USD \/ miesi\u0105c","pricing_price_caption":"zacznij od bezp\u0142atnego planu","pricing_benefits":[{"text":"Nielimitowane strony internetowe"},{"text":"Wsparcie premium"},{"text":"Bezp\u0142atna us\u0142uga monta\u017cu"},{"text":"Oferta specjalna na wiele aplikacji"}],"pricing_button_text":"Dodaj do witryny","pricing_button_url":"#demo"}],"related_apps_title":"","related_apps_hidden":"0","author":"","image":[],"title":"","job":"","social_networks":[]},"_links":{"self":[{"href":"https:\/\/elfsight.com\/pl\/wp-json\/wp\/v2\/pages\/4007","targetHints":{"allow":["GET"]}}],"collection":[{"href":"https:\/\/elfsight.com\/pl\/wp-json\/wp\/v2\/pages"}],"about":[{"href":"https:\/\/elfsight.com\/pl\/wp-json\/wp\/v2\/types\/page"}],"author":[{"embeddable":true,"href":"https:\/\/elfsight.com\/pl\/wp-json\/wp\/v2\/users\/9"}],"replies":[{"embeddable":true,"href":"https:\/\/elfsight.com\/pl\/wp-json\/wp\/v2\/comments?post=4007"}],"version-history":[{"count":3,"href":"https:\/\/elfsight.com\/pl\/wp-json\/wp\/v2\/pages\/4007\/revisions"}],"predecessor-version":[{"id":10445,"href":"https:\/\/elfsight.com\/pl\/wp-json\/wp\/v2\/pages\/4007\/revisions\/10445"}],"up":[{"embeddable":true,"href":"https:\/\/elfsight.com\/pl\/wp-json\/wp\/v2\/pages\/750"}],"wp:attachment":[{"href":"https:\/\/elfsight.com\/pl\/wp-json\/wp\/v2\/media?parent=4007"}],"curies":[{"name":"wp","href":"https:\/\/api.w.org\/{rel}","templated":true}]}}