{"id":4006,"date":"2024-05-03T06:26:48","date_gmt":"2024-05-03T06:26:48","guid":{"rendered":"https:\/\/elfsight.com\/pl\/?page_id=4006"},"modified":"2025-06-25T08:30:36","modified_gmt":"2025-06-25T08:30:36","slug":"squarespace","status":"publish","type":"page","link":"https:\/\/elfsight.com\/pl\/all-in-one-chat-widget\/squarespace\/","title":{"rendered":"All-in-One Chat &#8211; Squarespace"},"content":{"rendered":"<div class=\"application-platform-content-item-description application-platform-content-item\" id=\"description\" data-nav-section=\"description\">\n<h2>Osad\u017a czat typu \u201ewszystko w jednym\u201d w Squarespace za pomoc\u0105 wid\u017cetu Elfsight<\/h2>\n<p>Wid\u017cet czatu typu \u201ewszystko w jednym\u201d Elfsight jest jedn\u0105 z najszybszych mo\u017cliwo\u015bci skontaktowania si\u0119 z Tob\u0105 i uzyskania odpowiedzi na swoje pytania. B\u0105d\u017a dost\u0119pny online we wszystkich najcz\u0119\u015bciej u\u017cywanych czatach. Umie\u015b\u0107 wtyczk\u0119 na swojej stronie, a b\u0119dzie ona wy\u015bwietlana na wybranych stronach lub dla odr\u0119bnych kategorii odbiorc\u00f3w, wybierz startery inicjuj\u0105ce czat, skomponuj tekst powitalny, wybierz ikony i inne funkcje. Dzi\u0119ki aktywnej wtyczce b\u0119dziesz osi\u0105galny dla odwiedzaj\u0105cych w dowolnym miejscu i czasie.<\/p>\n<p><b>Zwi\u0119ksz liczb\u0119 lead\u00f3w poprzez indywidualne kontakty.<\/b><\/p>\n<\/div>\n\n<div class=\"application-platform-content-item-features application-platform-content-item\" id=\"features\" data-nav-section=\"features\">\n<h2>Oto podstawowe cechy wid\u017cetu:<\/h2>\n<ul>\n    <li>Dodaj komunikator typu \u201ewszystko w jednym\u201d do swojej witryny internetowej, aby m\u00f3c rozmawia\u0107 z u\u017cytkownikami.<\/li>\n    <li>Trzy warianty pozycji czatu: p\u0142ywaj\u0105ca ba\u0144ka, osadzana ba\u0144ka i osadzane okno czatu.<\/li>\n    <li>Biblioteka ikon b\u0105belk\u00f3w do wyboru.<\/li>\n    <li>Elastyczny tytu\u0142 czatu z logo strony, nazw\u0105 i podpisem.<\/li>\n    <li>Domy\u015blny wyb\u00f3r obrazu strony z naszej biblioteki lub przes\u0142anie w\u0142asnego zdj\u0119cia.<\/li>\n<\/ul>\n<p><a href=\"#demo\">Wypr\u00f3buj t\u0119 wersj\u0119 demonstracyjn\u0105, aby zobaczy\u0107, ile wart jest wid\u017cet<\/a><\/p>\n\n<div class=\"faq\" data-component=\"FAQ\">\n    <div class=\"faq-item\">\r\n\t\t\t\t\t<div class=\"faq-item-question\">\r\n\t\t\t\t\t\t<h3 class=\"faq-item-question-text\">Jak to zrobi\u0107 doda\u0107 okno czatu typu \u201ewszystko w jednym\u201d do strony Squarespace?<\/h3>\r\n\r\n\t\t\t\t\t\t<div class=\"faq-item-question-icon\"><\/div>\r\n\t\t\t\t\t<\/div>\r\n\r\n\t\t\t\t\t<div class=\"faq-item-answer\">\r\n\t\t\t\t\t\t<div class=\"faq-item-answer-text\">\n    <p>Dodanie do witryny zajmuje tylko kilka sekund. Ponadto nie musisz posiada\u0107 umiej\u0119tno\u015bci kodowania. <\/p>\n    <ol>\n        <li>Dostosuj wid\u017cet Squarespace w bezp\u0142atnym konfiguratorze na \u017cywo.<\/li>\n        <li>Skopiuj kod instalacyjny.<\/li>\n        <li>Wklej kod w odpowiednim miejscu na zapleczu witryny.<\/li>\n        <li>Fantastyczna robota! Instalacja wtyczki czatu w Squarespace zosta\u0142a zako\u0144czona!<\/li>\n    <\/ol>\n    <p>Masz problemy z w\u0142o\u017ceniem wtyczki do Squarespace lub sformatowaniem czatu All-in-One? Mo\u017cesz znale\u017a\u0107 szczeg\u00f3\u0142owy przewodnik <a href=\"https:\/\/elfsight.com\/tutorials\/how-to-add-live-chat-to-website\/#how-to-add-live-chat-to-squarespace\">na tej stronie<\/a>. <\/p>\n    <\/div>\r\n\t\t\t\t\t<\/div>\r\n\t\t\t\t<\/div>\n\n    <div class=\"faq-item\">\r\n\t\t\t\t\t<div class=\"faq-item-question\">\r\n\t\t\t\t\t\t<h3 class=\"faq-item-question-text\">Czy jest szansa, aby zobaczy\u0107, jak wid\u017cet b\u0119dzie wygl\u0105da\u0142 na stronie internetowej?<\/h3>\r\n\r\n\t\t\t\t\t\t<div class=\"faq-item-question-icon\"><\/div>\r\n\t\t\t\t\t<\/div>\r\n\r\n\t\t\t\t\t<div class=\"faq-item-answer\">\r\n\t\t\t\t\t\t<div class=\"faq-item-answer-text\">\n    <p>Oczywi\u015bcie! Podczas tworzenia wtyczki czatu Squarespace w <a href=\"https:\/\/elfsight.com\/all-in-one-chat-widget\/#demo\">edytorze na \u017cywo<\/a> zobaczysz wszystkie zmiany w jego prawej cz\u0119\u015bci. Okno czatu b\u0119dzie identyczne z tym, kt\u00f3re b\u0119dziesz mie\u0107 na stronie Squarespace. <\/p>\n    <\/div>\r\n\t\t\t\t\t<\/div>\r\n\t\t\t\t<\/div>\n\n    <div class=\"faq-item\">\r\n\t\t\t\t\t<div class=\"faq-item-question\">\r\n\t\t\t\t\t\t<h3 class=\"faq-item-question-text\">Jakie inne wid\u017cety s\u0105 niezb\u0119dne w witrynie Squarespace?<\/h3>\r\n\r\n\t\t\t\t\t\t<div class=\"faq-item-question-icon\"><\/div>\r\n\t\t\t\t\t<\/div>\r\n\r\n\t\t\t\t\t<div class=\"faq-item-answer\">\r\n\t\t\t\t\t\t<div class=\"faq-item-answer-text\">\n    <p>Squarespace to niesamowita platforma do tworzenia niemal ka\u017cdego rodzaju witryny: od bloga po portfolio. Witryny typu e-commerce s\u0105 bardzo popularne w\u015br\u00f3d u\u017cytkownik\u00f3w Squarespace i mo\u017cesz znale\u017a\u0107 wiele narz\u0119dzi dla swojego sklepu internetowego oferowanych przez Elfsight.<\/p>\n    <p>Na przyk\u0142ad Recenzje Google zwi\u0119ksz\u0105 zaufanie do Twojej marki, przycisk WhatsApp Chat zwi\u0119kszy przy\u015bpiesz komunikacj\u0119 z u\u017cytkownikami. <a href=\"https:\/\/elfsight.com\/countdown-timer-widget\/squarespace\/\">Licznik czasu<\/a> zwi\u0119kszy zainteresowanie niesamowit\u0105 wyprzeda\u017c\u0105, <a href=\"https:\/\/elfsight.com\/event-calendar-widget\/squarespace\/\">Widget Kalendarza<\/a> wy\u015bwietli list\u0119 Twoich wspania\u0142ych wydarze\u0144 i na koniec <a href=\"https:\/\/elfsight.com\/qr-code-widget\/squarespace\/\">QR kod<\/a> poprowadzi do dowolnej strony ze szczeg\u00f3\u0142owymi informacjami.<\/p>\n    <\/div>\r\n\t\t\t\t\t<\/div>\r\n\t\t\t\t<\/div>\n<\/div>\n<\/div>\n\n<div class=\"application-platform-content-item-installation application-platform-content-item\" id=\"installation\" data-nav-section=\"installation\">\n<h2>Jak osadzi\u0107 wtyczk\u0119 Live Chat na mojej stronie Squarespace?<\/h2>\n<div class=\"video-container\"><iframe width=\"720\" height=\"405\" src=\"https:\/\/www.youtube.com\/embed\/zBgvDOtNfSg\" frameborder=\"0\" allowfullscreen=\"\"><\/iframe><\/div>\n<p>Wystarczy wykona\u0107 poni\u017csze wskaz\u00f3wki, aby zintegrowa\u0107 wid\u017cet.<\/p>\n<ol>\n    <li><b>Uruchamiaj\u0105c nasz darmowy konfigurator, zacznij tworzy\u0107 niestandardowy wid\u017cet.<\/b><br>Znajd\u017a niestandardowy wygl\u0105d i cechy wid\u017cetu oraz zapisz modyfikacje.<\/li>\n    <li><b>Wy\u015bwietl sw\u00f3j unikalny kod w polu aplikacji Elfsight.<\/b><br>Po skonfigurowaniu osobistego narz\u0119dzia skopiuj indywidualny kod z wy\u015bwietlonego pola i zachowaj go na przysz\u0142o\u015b\u0107.<\/li>\n    <li><b>Rozpocznij korzystanie z narz\u0119dzia na swojej stronie internetowej Squarespace.<\/b><br>Dodaj kod zapisany ostatnio na swojej stronie i zastosuj zmiany.<\/li>\n    <li><b>Gotowe! Osadzanie zosta\u0142o w pe\u0142ni wykonane.<\/b><br>Przejd\u017a do swojej witryny, aby sprawdzi\u0107 dzia\u0142anie okna czatu online.<\/li>\n<\/ol>\n<p>W przypadku pyta\u0144 lub napotkania jakichkolwiek trudno\u015bci, nie b\u00f3j si\u0119 napisa\u0107 do naszego personelu obs\u0142ugi klienta. Nasi ludzie z przyjemno\u015bci\u0105 rozwi\u0105\u017c\u0105 wszystkie problemy, jakie mo\u017cesz mie\u0107 z wid\u017cetem.<\/p>\n<\/div>","protected":false},"excerpt":{"rendered":"","protected":false},"author":9,"featured_media":0,"parent":750,"menu_order":0,"comment_status":"closed","ping_status":"closed","template":"templates\/template-application-platform.php","meta":{"publish_to_discourse":"","publish_post_category":"","wpdc_auto_publish_overridden":"","wpdc_topic_tags":"","wpdc_pin_topic":"","wpdc_pin_until":"","discourse_post_id":"","discourse_permalink":"","wpdc_publishing_response":"","wpdc_publishing_error":"","footnotes":""},"class_list":["post-4006","page","type-page","status-publish","hentry"],"yoast_head":"<!-- This site is optimized with the Yoast SEO plugin v25.3.1 - https:\/\/yoast.com\/wordpress\/plugins\/seo\/ -->\n<title>Wid\u017cet czatu na \u017cywo | Czat online ze stronami Squarespace (bezp\u0142atny i \u0142atwy)<\/title>\n<meta name=\"description\" content=\"Szybko dodaj wtyczk\u0119 czatu na \u017cywo typu \u201ewszystko w jednym\u201d na stronie g\u0142\u00f3wnej Squarespace. Skorzystaj z naszej wersji demonstracyjnej na \u017cywo, aby \u0142atwo i bez kodowania zbudowa\u0107 sw\u00f3j czat online.\" \/>\n<meta name=\"robots\" content=\"index, follow, max-snippet:-1, max-image-preview:large, max-video-preview:-1\" \/>\n<link rel=\"canonical\" href=\"https:\/\/elfsight.com\/pl\/all-in-one-chat-widget\/squarespace\/\" \/>\n<meta property=\"og:locale\" content=\"pl_PL\" \/>\n<meta property=\"og:type\" content=\"article\" \/>\n<meta property=\"og:title\" content=\"Wid\u017cet czatu na \u017cywo | Czat online ze stronami Squarespace (bezp\u0142atny i \u0142atwy)\" \/>\n<meta property=\"og:description\" content=\"Szybko dodaj wtyczk\u0119 czatu na \u017cywo typu \u201ewszystko w jednym\u201d na stronie g\u0142\u00f3wnej Squarespace. Skorzystaj z naszej wersji demonstracyjnej na \u017cywo, aby \u0142atwo i bez kodowania zbudowa\u0107 sw\u00f3j czat online.\" \/>\n<meta property=\"og:url\" content=\"https:\/\/elfsight.com\/pl\/all-in-one-chat-widget\/squarespace\/\" \/>\n<meta property=\"og:site_name\" content=\"Elfsight PL\" \/>\n<meta property=\"article:modified_time\" content=\"2025-06-25T08:30:36+00:00\" \/>\n<meta name=\"twitter:card\" content=\"summary_large_image\" \/>\n<meta name=\"twitter:label1\" content=\"Szacowany czas czytania\" \/>\n\t<meta name=\"twitter:data1\" content=\"3 minuty\" \/>\n<!-- \/ Yoast SEO plugin. -->","yoast_head_json":{"title":"Wid\u017cet czatu na \u017cywo | Czat online ze stronami Squarespace (bezp\u0142atny i \u0142atwy)","description":"Szybko dodaj wtyczk\u0119 czatu na \u017cywo typu \u201ewszystko w jednym\u201d na stronie g\u0142\u00f3wnej Squarespace. Skorzystaj z naszej wersji demonstracyjnej na \u017cywo, aby \u0142atwo i bez kodowania zbudowa\u0107 sw\u00f3j czat online.","robots":{"index":"index","follow":"follow","max-snippet":"max-snippet:-1","max-image-preview":"max-image-preview:large","max-video-preview":"max-video-preview:-1"},"canonical":"https:\/\/elfsight.com\/pl\/all-in-one-chat-widget\/squarespace\/","og_locale":"pl_PL","og_type":"article","og_title":"Wid\u017cet czatu na \u017cywo | Czat online ze stronami Squarespace (bezp\u0142atny i \u0142atwy)","og_description":"Szybko dodaj wtyczk\u0119 czatu na \u017cywo typu \u201ewszystko w jednym\u201d na stronie g\u0142\u00f3wnej Squarespace. Skorzystaj z naszej wersji demonstracyjnej na \u017cywo, aby \u0142atwo i bez kodowania zbudowa\u0107 sw\u00f3j czat online.","og_url":"https:\/\/elfsight.com\/pl\/all-in-one-chat-widget\/squarespace\/","og_site_name":"Elfsight PL","article_modified_time":"2025-06-25T08:30:36+00:00","twitter_card":"summary_large_image","twitter_misc":{"Szacowany czas czytania":"3 minuty"},"schema":{"@context":"https:\/\/schema.org","@graph":[{"@type":"WebPage","@id":"https:\/\/elfsight.com\/pl\/all-in-one-chat-widget\/squarespace\/","url":"https:\/\/elfsight.com\/pl\/all-in-one-chat-widget\/squarespace\/","name":"Wid\u017cet czatu na \u017cywo | Czat online ze stronami Squarespace (bezp\u0142atny i \u0142atwy)","isPartOf":{"@id":"https:\/\/elfsight.com\/pl\/#website"},"datePublished":"2024-05-03T06:26:48+00:00","dateModified":"2025-06-25T08:30:36+00:00","description":"Szybko dodaj wtyczk\u0119 czatu na \u017cywo typu \u201ewszystko w jednym\u201d na stronie g\u0142\u00f3wnej Squarespace. Skorzystaj z naszej wersji demonstracyjnej na \u017cywo, aby \u0142atwo i bez kodowania zbudowa\u0107 sw\u00f3j czat online.","breadcrumb":{"@id":"https:\/\/elfsight.com\/pl\/all-in-one-chat-widget\/squarespace\/#breadcrumb"},"inLanguage":"pl-PL","potentialAction":[{"@type":"ReadAction","target":["https:\/\/elfsight.com\/pl\/all-in-one-chat-widget\/squarespace\/"]}]},{"@type":"BreadcrumbList","@id":"https:\/\/elfsight.com\/pl\/all-in-one-chat-widget\/squarespace\/#breadcrumb","itemListElement":[{"@type":"ListItem","position":1,"name":"Home","item":"https:\/\/elfsight.com\/pl\/"},{"@type":"ListItem","position":2,"name":"All-in-One Chat","item":"https:\/\/elfsight.com\/pl\/all-in-one-chat-widget\/"},{"@type":"ListItem","position":3,"name":"All-in-One Chat &#8211; Squarespace"}]},{"@type":"WebSite","@id":"https:\/\/elfsight.com\/pl\/#website","url":"https:\/\/elfsight.com\/pl\/","name":"Elfsight PL","description":"Just another Elfsight Sites site","potentialAction":[{"@type":"SearchAction","target":{"@type":"EntryPoint","urlTemplate":"https:\/\/elfsight.com\/pl\/?s={search_term_string}"},"query-input":{"@type":"PropertyValueSpecification","valueRequired":true,"valueName":"search_term_string"}}],"inLanguage":"pl-PL"}]}},"meta_box":{"industry":"","seo_heading":"","heading":"","description":"","cta_heading":"","cta_description":"","application":"749","h1":"Wtyczka czatu na \u017cywo Squarespace","h1_caption":"Zaoferuj swoim klientom mo\u017cliwo\u015b\u0107 \u0142atwego kontaktu z Tob\u0105 na wielu platformach komunikacyjnych, takich jak WhatsApp, Facebook, telegram i nie tylko, za pomoc\u0105 jednej wtyczki do Twojej witryny Squarespace.","application_category":[],"applications_title":"","applications_request_title":"","applications_request_button_text":"","hero_text":"","hero_video":"","hero_video_schema_markup":"","selling_points_title":"","selling_points_caption":"","selling_points":[],"selling_points_cta_text":"","features_title":"","features":"","ed_cta_examples_text":"","ed_cta_examples_hidden":"","ed_cta_demo_text":"","ed_cta_demo_hidden":"","why_caption":"","why_editor_title":"","why_editor_text":"","why_team_title":"","why_team_text":"","why_service_title":"","why_service_text":"","template_catalog_visible":"0","template_catalog_title":"","template_catalog_text":"","template_catalog_categories_visible":"","demo_title":"Utw\u00f3rz wtyczk\u0119 do czatu All-in-One","demo_caption":"Skonfiguruj czat All-in-One i dodaj go do swojej witryny Squarespace za darmo!","default_faq_hidden":"","app_template_category":[],"platform":"7588","template_public_id":"","codecanyon_url":"","codecanyon_item_id":"","codecanyon_price":"","pricing_caption":"","pricing_elfsight_apps_hide_column":"","pricing_elfsight_apps_url":"","pricing_codecanyon_price_caption":"","integration_category":[],"integration_request_title":"","integration_request_cta":"","integration_platform":"","integrations":[],"platform_category":[],"video_schema_markup":"","price":"od 0 USD \/ miesi\u0105c","trial":"","benefits":[{"text":"Bezp\u0142atna pomoc w instalacji"},{"text":"Wsparcie premium"},{"text":"14-dniowa gwarancja zwrotu pieni\u0119dzy"}],"button_url":"#demo","button_target_blank":"0","button_nofollow":"0","attributes":[{"name":"Instaluje"},{"name":"Czu\u0142y"},{"name":"Kompatybilne przegl\u0105darki"}],"tags":[],"tags_disable_links":"0","hide_more_platforms":"0","video_object":"","demo_hide_cta":"0","demo_hide_cloud_options":"0","pricing_title":"","pricing":[{"pricing_icon":"platform","pricing_title":"Elfsight Apps","pricing_title_caption":"Rozwi\u0105zanie niezale\u017cne od platformy, kt\u00f3re dzia\u0142a na ka\u017cdej witrynie","pricing_price":"od 0 USD \/ miesi\u0105c","pricing_price_caption":"zacznij od bezp\u0142atnego planu","pricing_benefits":[{"text":"Nielimitowane strony internetowe"},{"text":"Wsparcie firmy premium i dobrze udokumentowane"},{"text":"Bezp\u0142atna pomoc w monta\u017cu"},{"text":"Elastyczny projekt"}],"pricing_button_text":"Dodaj do witryny","pricing_button_url":"#demo"}],"related_apps_title":"","related_apps_hidden":"0","author":"","image":[],"title":"","job":"","social_networks":[]},"_links":{"self":[{"href":"https:\/\/elfsight.com\/pl\/wp-json\/wp\/v2\/pages\/4006","targetHints":{"allow":["GET"]}}],"collection":[{"href":"https:\/\/elfsight.com\/pl\/wp-json\/wp\/v2\/pages"}],"about":[{"href":"https:\/\/elfsight.com\/pl\/wp-json\/wp\/v2\/types\/page"}],"author":[{"embeddable":true,"href":"https:\/\/elfsight.com\/pl\/wp-json\/wp\/v2\/users\/9"}],"replies":[{"embeddable":true,"href":"https:\/\/elfsight.com\/pl\/wp-json\/wp\/v2\/comments?post=4006"}],"version-history":[{"count":3,"href":"https:\/\/elfsight.com\/pl\/wp-json\/wp\/v2\/pages\/4006\/revisions"}],"predecessor-version":[{"id":10446,"href":"https:\/\/elfsight.com\/pl\/wp-json\/wp\/v2\/pages\/4006\/revisions\/10446"}],"up":[{"embeddable":true,"href":"https:\/\/elfsight.com\/pl\/wp-json\/wp\/v2\/pages\/750"}],"wp:attachment":[{"href":"https:\/\/elfsight.com\/pl\/wp-json\/wp\/v2\/media?parent=4006"}],"curies":[{"name":"wp","href":"https:\/\/api.w.org\/{rel}","templated":true}]}}