{"id":4000,"date":"2024-05-03T06:26:46","date_gmt":"2024-05-03T06:26:46","guid":{"rendered":"https:\/\/elfsight.com\/pl\/?page_id=4000"},"modified":"2025-06-25T08:33:59","modified_gmt":"2025-06-25T08:33:59","slug":"webnode","status":"publish","type":"page","link":"https:\/\/elfsight.com\/pl\/all-in-one-chat-widget\/webnode\/","title":{"rendered":"All-in-One Chat &#8211; Webnode"},"content":{"rendered":"<div class=\"application-platform-content-item-description application-platform-content-item\" id=\"description\" data-nav-section=\"description\">\n<h2>Opis<\/h2>\n<p>Wszystkie okno czatu firmy Elfsight to jedno z najwygodniejszych narz\u0119dzi, dzi\u0119ki kt\u00f3rym ludzie mog\u0105 si\u0119 z Tob\u0105 kontaktowa\u0107 i rozwi\u0105za\u0107 ich pytania. B\u0105d\u017a dost\u0119pny na \u017cywo we wszystkich najpopularniejszych komunikatorach 24\/7. Zintegruj wid\u017cet ze swoj\u0105 stron\u0105, a b\u0119dzie on aktywny tylko na okre\u015blonych stronach lub dla odr\u0119bnych kategorii odbiorc\u00f3w, przypisz wyzwalacze rozpoczynaj\u0105ce czat, skomponuj w\u0142asn\u0105 wiadomo\u015b\u0107 powitaln\u0105, ustaw ikony i wiele wi\u0119cej. Dzi\u0119ki wid\u017cetowi na swojej stronie internetowej b\u0119dziesz dost\u0119pny dla odwiedzaj\u0105cych o ka\u017cdej porze i z dowolnego miejsca.<\/p>\n<p><b>B\u0105d\u017a \u0142atwy w kontakcie i szybko odpowiadaj, poprawiaj\u0105c zakupy dzi\u0119ki doradztwu.<\/b><\/p>\n<\/div>\n\n<div class=\"application-platform-content-item-features application-platform-content-item\" id=\"features\" data-nav-section=\"features\">\n<h2>Sprawd\u017a list\u0119 z najpot\u0119\u017cniejszych funkcji:<\/h2>\n<ul>\n    <li>Dodaj do swojej witryny komunikator internetowy typu \u201ewszystko w jednym\u201d, aby m\u00f3c rozmawia\u0107 z u\u017cytkownikami.<\/li>\n    <li>3 warianty pozycji czatu: p\u0142ywaj\u0105ca ba\u0144ka, osadzana ba\u0144ka i osadzane okno czatu.<\/li>\n    <li>Biblioteka ikon b\u0105belk\u00f3w do wyboru.<\/li>\n    <li>Elastyczny nag\u0142\u00f3wek czatu ze zdj\u0119ciem strony, nazw\u0105 i podpisem.<\/li>\n    <li>Domy\u015blne wybieranie obrazu strony z naszej kolekcji lub przesy\u0142anie w\u0142asnego zdj\u0119cia.<\/li>\n<\/ul>\n<p><a href=\"#demo\">Po prostu sprawd\u017a t\u0119 wersj\u0119 demonstracyjn\u0105, aby uzyska\u0107 pe\u0142ny obraz<\/a><\/p>\n<\/div>\n\n<div class=\"application-platform-content-item-installation application-platform-content-item\" id=\"installation\" data-nav-section=\"installation\">\n<h2>Jak mog\u0119 doda\u0107 kompleksowy czat na \u017cywo do mojej witryny Webnode?<\/h2>\n<p>Wystarczy wykona\u0107 kilka krok\u00f3w opisanych poni\u017cej, aby rozpocz\u0105\u0107 prac\u0119 z wid\u017cetem.<\/p>\n<ol>\n    <li><b>Zastosuj nasz darmowy edytor i zacznij tworzy\u0107 w\u0142asn\u0105 wtyczk\u0119.<\/b><br>Wybierz po\u017c\u0105dany wygl\u0105d i opcje wid\u017cetu i zapisz poprawki.<\/li>\n    <li><b>Zdob\u0105d\u017a indywidualny kod, kt\u00f3ry jest wy\u015bwietlany w specjalnym formularzu w aplikacjach Elfsight.<\/b><br>Zaraz po zako\u0144czeniu konfiguracji narz\u0119dzia skopiuj kod osobisty z wy\u015bwietlonego wyskakuj\u0105cego okienka i zachowaj go na przysz\u0142o\u015b\u0107.<\/li>\n    <li><b>Zacznij u\u017cywa\u0107 wtyczki na stronie internetowej Webnode.<\/b><br>Umie\u015b\u0107 skopiowany ostatnio kod na swojej stronie internetowej i zapisz zmiany.<\/li>\n    <li><b>Gotowe! Osadzanie zosta\u0142o ca\u0142kowicie zako\u0144czone.<\/b><br>Odwied\u017a swoj\u0105 stron\u0119 internetow\u0105, aby sprawdzi\u0107, jak dzia\u0142a okno czatu online.<\/li>\n<\/ol>\n<p>W przypadku pyta\u0144 lub napotkania problem\u00f3w prosimy o zwr\u00f3cenie si\u0119 o pomoc do naszego zespo\u0142u wsparcia. Nasi konsultanci ch\u0119tnie rozwi\u0105\u017c\u0105 wszelkie problemy, jakie mo\u017cesz mie\u0107 z wid\u017cetem.<\/p>\n<div class=\"faq\" data-component=\"FAQ\">\n    <div class=\"faq-item\">\r\n\t\t\t\t\t<div class=\"faq-item-question\">\r\n\t\t\t\t\t\t<h3 class=\"faq-item-question-text\">Jak mog\u0119 doda\u0107 czat typu \u201ewszystko w jednym\u201d do mojej witryny internetowej Webnode bez umiej\u0119tno\u015bci kodowania?<\/h3>\r\n\r\n\t\t\t\t\t\t<div class=\"faq-item-question-icon\"><\/div>\r\n\t\t\t\t\t<\/div>\r\n\r\n\t\t\t\t\t<div class=\"faq-item-answer\">\r\n\t\t\t\t\t\t<div class=\"faq-item-answer-text\">\n    <p>Elfsight zapewnia rozwi\u0105zanie SaaS, kt\u00f3re pozwala utworzy\u0107 czat typu \u201ewszystko w jednym\u201d Sam wid\u017cet czatu, przekonaj si\u0119, jak \u0142atwy jest ten proces: Pracuj bezpo\u015brednio w edytorze online, aby utworzy\u0107 kompleksowy wid\u017cet czatu, kt\u00f3ry chcesz widzie\u0107 na swojej stronie Prestashop. Wybierz jeden z gotowych szablon\u00f3w i dostosuj ustawienia czatu \u201ewszystko w jednym\u201d, dodaj tre\u015b\u0107, zmie\u0144 uk\u0142ad i kolory bez umiej\u0119tno\u015bci kodowania. Zapisz Czat All-in-one i skopiuj jego kod instalacyjny, kt\u00f3ry mo\u017cesz \u0142atwo osadzi\u0107 na swojej stronie Prestashop bez konieczno\u015bci kupowania p\u0142atnej subskrypcji. Dzi\u0119ki naszemu intuicyjnemu edytorowi ka\u017cdy u\u017cytkownik Internetu mo\u017ce stworzy\u0107 kompleksowy widget czatu online i \u0142atwo osadzi\u0107 go na swojej stronie internetowej Prestashop. Aby uzyska\u0107 dost\u0119p do us\u0142ugi, nie trzeba p\u0142aci\u0107 ani wprowadza\u0107 danych uwierzytelniaj\u0105cych karty. Je\u015bli na kt\u00f3rymkolwiek etapie napotkasz jakiekolwiek problemy, skontaktuj si\u0119 z naszym zespo\u0142em pomocy technicznej.<\/p>\n    <\/div>\r\n\t\t\t\t\t<\/div>\r\n\t\t\t\t<\/div>\n<\/div>\n<\/div>","protected":false},"excerpt":{"rendered":"","protected":false},"author":9,"featured_media":0,"parent":750,"menu_order":0,"comment_status":"closed","ping_status":"closed","template":"templates\/template-application-platform.php","meta":{"publish_to_discourse":"","publish_post_category":"","wpdc_auto_publish_overridden":"","wpdc_topic_tags":"","wpdc_pin_topic":"","wpdc_pin_until":"","discourse_post_id":"","discourse_permalink":"","wpdc_publishing_response":"","wpdc_publishing_error":"","footnotes":""},"class_list":["post-4000","page","type-page","status-publish","hentry"],"yoast_head":"<!-- This site is optimized with the Yoast SEO plugin v25.3.1 - https:\/\/yoast.com\/wordpress\/plugins\/seo\/ -->\n<title>Czat na \u017cywo \u2014 dodaj okno czatu online do witryn Webnode (bezp\u0142atne i \u0142atwe)<\/title>\n<meta name=\"description\" content=\"Umie\u015b\u0107 wid\u017cet czatu na \u017cywo typu \u201ewszystko w jednym\u201d w Webnode w 1-2-3. Skorzystaj z naszej por\u0119cznej wersji demonstracyjnej, aby \u0142atwo i bez kodowania zbudowa\u0107 unikalne okno czatu online.\" \/>\n<meta name=\"robots\" content=\"index, follow, max-snippet:-1, max-image-preview:large, max-video-preview:-1\" \/>\n<link rel=\"canonical\" href=\"https:\/\/elfsight.com\/pl\/all-in-one-chat-widget\/webnode\/\" \/>\n<meta property=\"og:locale\" content=\"pl_PL\" \/>\n<meta property=\"og:type\" content=\"article\" \/>\n<meta property=\"og:title\" content=\"Czat na \u017cywo \u2014 dodaj okno czatu online do witryn Webnode (bezp\u0142atne i \u0142atwe)\" \/>\n<meta property=\"og:description\" content=\"Umie\u015b\u0107 wid\u017cet czatu na \u017cywo typu \u201ewszystko w jednym\u201d w Webnode w 1-2-3. Skorzystaj z naszej por\u0119cznej wersji demonstracyjnej, aby \u0142atwo i bez kodowania zbudowa\u0107 unikalne okno czatu online.\" \/>\n<meta property=\"og:url\" content=\"https:\/\/elfsight.com\/pl\/all-in-one-chat-widget\/webnode\/\" \/>\n<meta property=\"og:site_name\" content=\"Elfsight PL\" \/>\n<meta property=\"article:modified_time\" content=\"2025-06-25T08:33:59+00:00\" \/>\n<meta name=\"twitter:card\" content=\"summary_large_image\" \/>\n<meta name=\"twitter:label1\" content=\"Szacowany czas czytania\" \/>\n\t<meta name=\"twitter:data1\" content=\"3 minuty\" \/>\n<!-- \/ Yoast SEO plugin. -->","yoast_head_json":{"title":"Czat na \u017cywo \u2014 dodaj okno czatu online do witryn Webnode (bezp\u0142atne i \u0142atwe)","description":"Umie\u015b\u0107 wid\u017cet czatu na \u017cywo typu \u201ewszystko w jednym\u201d w Webnode w 1-2-3. Skorzystaj z naszej por\u0119cznej wersji demonstracyjnej, aby \u0142atwo i bez kodowania zbudowa\u0107 unikalne okno czatu online.","robots":{"index":"index","follow":"follow","max-snippet":"max-snippet:-1","max-image-preview":"max-image-preview:large","max-video-preview":"max-video-preview:-1"},"canonical":"https:\/\/elfsight.com\/pl\/all-in-one-chat-widget\/webnode\/","og_locale":"pl_PL","og_type":"article","og_title":"Czat na \u017cywo \u2014 dodaj okno czatu online do witryn Webnode (bezp\u0142atne i \u0142atwe)","og_description":"Umie\u015b\u0107 wid\u017cet czatu na \u017cywo typu \u201ewszystko w jednym\u201d w Webnode w 1-2-3. Skorzystaj z naszej por\u0119cznej wersji demonstracyjnej, aby \u0142atwo i bez kodowania zbudowa\u0107 unikalne okno czatu online.","og_url":"https:\/\/elfsight.com\/pl\/all-in-one-chat-widget\/webnode\/","og_site_name":"Elfsight PL","article_modified_time":"2025-06-25T08:33:59+00:00","twitter_card":"summary_large_image","twitter_misc":{"Szacowany czas czytania":"3 minuty"},"schema":{"@context":"https:\/\/schema.org","@graph":[{"@type":"WebPage","@id":"https:\/\/elfsight.com\/pl\/all-in-one-chat-widget\/webnode\/","url":"https:\/\/elfsight.com\/pl\/all-in-one-chat-widget\/webnode\/","name":"Czat na \u017cywo \u2014 dodaj okno czatu online do witryn Webnode (bezp\u0142atne i \u0142atwe)","isPartOf":{"@id":"https:\/\/elfsight.com\/pl\/#website"},"datePublished":"2024-05-03T06:26:46+00:00","dateModified":"2025-06-25T08:33:59+00:00","description":"Umie\u015b\u0107 wid\u017cet czatu na \u017cywo typu \u201ewszystko w jednym\u201d w Webnode w 1-2-3. Skorzystaj z naszej por\u0119cznej wersji demonstracyjnej, aby \u0142atwo i bez kodowania zbudowa\u0107 unikalne okno czatu online.","breadcrumb":{"@id":"https:\/\/elfsight.com\/pl\/all-in-one-chat-widget\/webnode\/#breadcrumb"},"inLanguage":"pl-PL","potentialAction":[{"@type":"ReadAction","target":["https:\/\/elfsight.com\/pl\/all-in-one-chat-widget\/webnode\/"]}]},{"@type":"BreadcrumbList","@id":"https:\/\/elfsight.com\/pl\/all-in-one-chat-widget\/webnode\/#breadcrumb","itemListElement":[{"@type":"ListItem","position":1,"name":"Home","item":"https:\/\/elfsight.com\/pl\/"},{"@type":"ListItem","position":2,"name":"All-in-One Chat","item":"https:\/\/elfsight.com\/pl\/all-in-one-chat-widget\/"},{"@type":"ListItem","position":3,"name":"All-in-One Chat &#8211; Webnode"}]},{"@type":"WebSite","@id":"https:\/\/elfsight.com\/pl\/#website","url":"https:\/\/elfsight.com\/pl\/","name":"Elfsight PL","description":"Just another Elfsight Sites site","potentialAction":[{"@type":"SearchAction","target":{"@type":"EntryPoint","urlTemplate":"https:\/\/elfsight.com\/pl\/?s={search_term_string}"},"query-input":{"@type":"PropertyValueSpecification","valueRequired":true,"valueName":"search_term_string"}}],"inLanguage":"pl-PL"}]}},"meta_box":{"industry":"","seo_heading":"","heading":"","description":"","cta_heading":"","cta_description":"","application":"749","h1":"Wid\u017cet czatu na \u017cywo Webnode","h1_caption":"Zaoferuj swoim klientom mo\u017cliwo\u015b\u0107 \u0142atwego kontaktu z Tob\u0105 na wielu platformach komunikacyjnych, takich jak WhatsApp, Facebook, telegram i nie tylko, za pomoc\u0105 jednego wid\u017cetu w witrynie Webnode.","application_category":[],"applications_title":"","applications_request_title":"","applications_request_button_text":"","hero_text":"","hero_video":"","hero_video_schema_markup":"","selling_points_title":"","selling_points_caption":"","selling_points":[],"selling_points_cta_text":"","features_title":"","features":"","ed_cta_examples_text":"","ed_cta_examples_hidden":"","ed_cta_demo_text":"","ed_cta_demo_hidden":"","why_caption":"","why_editor_title":"","why_editor_text":"","why_team_title":"","why_team_text":"","why_service_title":"","why_service_text":"","template_catalog_visible":"0","template_catalog_title":"","template_catalog_text":"","template_catalog_categories_visible":"","demo_title":"Utw\u00f3rz wid\u017cet czatu typu \u201ewszystko w jednym\u201d.","demo_caption":"Skonfiguruj czat All-in-One i dodaj go do swojej witryny Webnode za darmo!","default_faq_hidden":"","app_template_category":[],"platform":"138","template_public_id":"","codecanyon_url":"","codecanyon_item_id":"","codecanyon_price":"","pricing_caption":"","pricing_elfsight_apps_hide_column":"","pricing_elfsight_apps_url":"","pricing_codecanyon_price_caption":"","integration_category":[],"integration_request_title":"","integration_request_cta":"","integration_platform":"","integrations":[],"platform_category":[],"video_schema_markup":"","price":"od 0 USD \/ miesi\u0105c","trial":"","benefits":[{"text":"Bezp\u0142atna pomoc w monta\u017cu"},{"text":"Kompetentna obs\u0142uga klienta"},{"text":"14-dniowa gwarancja zwrotu pieni\u0119dzy"}],"button_url":"#demo","button_target_blank":"0","button_nofollow":"0","attributes":[{"name":"Instaluje"},{"name":"Czu\u0142y"},{"name":"Kompatybilne przegl\u0105darki"}],"tags":[],"tags_disable_links":"0","hide_more_platforms":"0","video_object":"","demo_hide_cta":"0","demo_hide_cloud_options":"0","pricing_title":"","pricing":[{"pricing_icon":"platform","pricing_title":"Elfsight Apps","pricing_title_caption":"Wersja wieloplatformowa","pricing_price":"od 0 USD \/ miesi\u0105c","pricing_price_caption":"zacznij od bezp\u0142atnego planu","pricing_benefits":[{"text":"Nielimitowane strony internetowe"},{"text":"Najwy\u017csza obs\u0142uga klienta"},{"text":"Bezp\u0142atna pomoc w monta\u017cu"},{"text":"Cena do z\u0142apania dla wielu aplikacji"}],"pricing_button_text":"Dodaj do witryny","pricing_button_url":"#demo"}],"related_apps_title":"","related_apps_hidden":"0","author":"","image":[],"title":"","job":"","social_networks":[]},"_links":{"self":[{"href":"https:\/\/elfsight.com\/pl\/wp-json\/wp\/v2\/pages\/4000","targetHints":{"allow":["GET"]}}],"collection":[{"href":"https:\/\/elfsight.com\/pl\/wp-json\/wp\/v2\/pages"}],"about":[{"href":"https:\/\/elfsight.com\/pl\/wp-json\/wp\/v2\/types\/page"}],"author":[{"embeddable":true,"href":"https:\/\/elfsight.com\/pl\/wp-json\/wp\/v2\/users\/9"}],"replies":[{"embeddable":true,"href":"https:\/\/elfsight.com\/pl\/wp-json\/wp\/v2\/comments?post=4000"}],"version-history":[{"count":2,"href":"https:\/\/elfsight.com\/pl\/wp-json\/wp\/v2\/pages\/4000\/revisions"}],"predecessor-version":[{"id":10448,"href":"https:\/\/elfsight.com\/pl\/wp-json\/wp\/v2\/pages\/4000\/revisions\/10448"}],"up":[{"embeddable":true,"href":"https:\/\/elfsight.com\/pl\/wp-json\/wp\/v2\/pages\/750"}],"wp:attachment":[{"href":"https:\/\/elfsight.com\/pl\/wp-json\/wp\/v2\/media?parent=4000"}],"curies":[{"name":"wp","href":"https:\/\/api.w.org\/{rel}","templated":true}]}}