{"id":3999,"date":"2024-05-03T06:26:45","date_gmt":"2024-05-03T06:26:45","guid":{"rendered":"https:\/\/elfsight.com\/pl\/?page_id=3999"},"modified":"2024-11-14T09:01:34","modified_gmt":"2024-11-14T09:01:34","slug":"weebly","status":"publish","type":"page","link":"https:\/\/elfsight.com\/pl\/all-in-one-chat-widget\/weebly\/","title":{"rendered":"All-in-One Chat &#8211; Weebly"},"content":{"rendered":"<div class=\"application-platform-content-item-description application-platform-content-item\" id=\"description\" data-nav-section=\"description\"> <h2>Opis<\/h2> <p>Kompleksowa aplikacja do czatowania online firmy Elfsight to jeden z najszybszych sposob\u00f3w skontaktowania si\u0119 z Tob\u0105 przez u\u017cytkownik\u00f3w i uzyskaj od Ciebie wsparcie. B\u0119dziesz dost\u0119pny na \u017cywo we wszystkich najcz\u0119\u015bciej u\u017cywanych czatach 24 godziny na dob\u0119, 7 dni w tygodniu. Zintegruj aplikacj\u0119 ze swoj\u0105 witryn\u0105 i mo\u017cesz ustawi\u0107 jej wy\u015bwietlanie na wybranych stronach lub dla okre\u015blonych kategorii odbiorc\u00f3w, wybra\u0107 pocz\u0105tek czatu, ustawi\u0107 wiadomo\u015b\u0107 powitaln\u0105, ustawi\u0107 ikony i inne funkcje. Dzi\u0119ki aktywnemu wid\u017cetowi b\u0119dziesz mie\u0107 kontakt z lud\u017ami przez ca\u0142y czas i w dowolnym miejscu.<\/p> <p><b>Wszystkie najpopularniejsze komunikatory, takie jak WhatsApp, Facebook, Telegram, Viber i inne, w jednym, aby zapewni\u0107 najbardziej wydajn\u0105 i wygodna interakcja z klientami! <\/b><\/p> <p><b>Skonsoliduj \u017c\u0105dania klient\u00f3w<\/b><br>\u0141\u0105cz\u0105c wszystkie najwa\u017cniejsze kana\u0142y komunikacji w naszej aplikacji Chat Box, b\u0119dziesz m\u00f3g\u0142 wykonywa\u0107 wiele zada\u0144 w jednym miejscu , zwi\u0119kszaj\u0105c satysfakcj\u0119 klient\u00f3w.<\/p><p><b>Wysoce konfigurowalne narz\u0119dzie<\/b><br>Line, Viber, Discord, Telegram, Facebook Messenger, WhatsApp, &#8211; mo\u017cesz korzysta\u0107 z nich wszystkich razem lub wybra\u0107 takie, kt\u00f3re odpowiadaj\u0105 Twoim potrzebom, dostosowuj\u0105c ich kolorystyk\u0119, rozmiar i wiele wi\u0119cej.<\/b><p><b>Zapewnij rozmow\u0119 w czasie rzeczywistym<\/b><br>Umieszczaj\u0105c wtyczk\u0119 Live chat na stronach swojej witryny, szybciej zaznajomisz si\u0119 ze swoimi go\u015b\u0107mi, zapewniaj\u0105c im pierwszorz\u0119dn\u0105 obs\u0142ug\u0119 i zapewniaj\u0105c bardziej kompetentne us\u0142ugi.<\/b><\/div> <div class=\"application-platform-content-item-features application-platform-content-item\" id=\"features\" data-nav-section=\"features\"> <h2>To tylko kilka z wielu funkcje wid\u017cetu: <\/h2> <ul><li>Dodaj komunikator typu \u201ewszystko w jednym\u201d do swojej witryny, aby m\u00f3c rozmawia\u0107 z odwiedzaj\u0105cymi. <\/li><li>Trzy typy pozycji czatu: p\u0142ywaj\u0105ca ba\u0144ka, osadzana ba\u0144ka i osadzane okno czatu. <\/li><li>Biblioteka ikon b\u0105belk\u00f3w do wyboru. <\/li><li>Elastyczny nag\u0142\u00f3wek czatu z logo strony, nazw\u0105 i podtytu\u0142em<\/li><li>Domy\u015blne wybieranie obrazu strony z biblioteki lub przesy\u0142anie niestandardowego obrazu. <\/li><\/ul><p><a href=\"#demo\">Wypr\u00f3buj wszystkie ustawienia w 100% funkcjonalnej wersji demonstracyjnej<\/a><\/p> <\/div> <div class=\"application-platform-content-item-installation application-platform-content-item\" id=\"installation\" data-nav-section=\"installation\"> <h2>Jak osadzi\u0107 aplikacj\u0119 Czat na \u017cywo w mojej witrynie Weebly? <\/h2> <div class=\"video-container\"><iframe width=\"720\" height=\"405\" src=\"https:\/\/www.youtube.com\/embed\/Rqc0bbNNi8Q\" frameborder=\"0\" allowfullscreen=\"\"><\/iframe><\/div><p>Wystarczy wykona\u0107 poni\u017csze kroki, aby rozpocz\u0105\u0107 prac\u0119 z narz\u0119dziem. <\/p> <ol><li><b>Wykonaj nasz darmowy konfigurator i zacznij tworzy\u0107 spersonalizowan\u0105 aplikacj\u0119. <\/b><br> Znajd\u017a po\u017c\u0105dany wygl\u0105d i wydajno\u015b\u0107 wid\u017cetu i zastosuj wszystkie poprawki. <\/li> <li><b>Odbierz sw\u00f3j osobisty kod pojawiaj\u0105cy si\u0119 w polu w aplikacjach Elfsight. <\/b><br> Po zako\u0144czeniu tworzenia wid\u017cetu skopiuj kod w wy\u015bwietlonym wyskakuj\u0105cym okienku i zapisz go do p\u00f3\u017aniejszego wykorzystania. <\/li> <li><b>Rozpocznij korzystanie z aplikacji na stronie internetowej Weebly. <\/b><br> Wprowad\u017a skopiowany wcze\u015bniej kod na swoj\u0105 stron\u0119 i zapisz ulepszenia. <\/li> <li><b>Instalacja zosta\u0142a pomy\u015blnie przeprowadzona. <\/b><br> Otw\u00f3rz swoj\u0105 witryn\u0119, aby zobaczy\u0107 dzia\u0142anie aplikacji Czat na \u017cywo.<\/li><\/ol><p>Je\u015bli napotkasz jakiekolwiek trudno\u015bci, skontaktuj si\u0119 z naszym zespo\u0142em obs\u0142ugi klienta. Nasi konsultanci ch\u0119tnie odpowiedz\u0105 na wszystkie pytania, jakie mo\u017cesz mie\u0107 w zwi\u0105zku z tym narz\u0119dziem. <\/p> <\/div><div class=\"faq\" data-component=\"FAQ\"><div class=\"faq-item\">\r\n\t\t\t\t\t<div class=\"faq-item-question\">\r\n\t\t\t\t\t\t<h3 class=\"faq-item-question-text\">W jaki spos\u00f3b mog\u0119 doda\u0107 czat na \u017cywo do mojej witryny Weebly?<\/h3>\r\n\r\n\t\t\t\t\t\t<div class=\"faq-item-question-icon\"><\/div>\r\n\t\t\t\t\t<\/div>\r\n\r\n\t\t\t\t\t<div class=\"faq-item-answer\">\r\n\t\t\t\t\t\t<div class=\"faq-item-answer-text\"><p>Nast\u0119puje utworzenie wid\u017cetu na stronach Elfsight i nie ma potrzeby uczenia si\u0119 kodowania. Przejd\u017a do wersji demonstracyjnej na \u017cywo, aby dostosowa\u0107 w\u0142asn\u0105 wtyczk\u0119, uzyska\u0107 kod i zintegrowa\u0107 go ze swoj\u0105 witryn\u0105. <\/p><\/div>\r\n\t\t\t\t\t<\/div>\r\n\t\t\t\t<\/div><div class=\"faq-item\">\r\n\t\t\t\t\t<div class=\"faq-item-question\">\r\n\t\t\t\t\t\t<h3 class=\"faq-item-question-text\">Najlepsze sposoby wykorzystania integracji z czatem na \u017cywo<\/h3>\r\n\r\n\t\t\t\t\t\t<div class=\"faq-item-question-icon\"><\/div>\r\n\t\t\t\t\t<\/div>\r\n\r\n\t\t\t\t\t<div class=\"faq-item-answer\">\r\n\t\t\t\t\t\t<div class=\"faq-item-answer-text\"><p>Mamy wiele opcji personalizacji: pe\u0142nowymiarowe wid\u017cety do wstawienia do sekcji tre\u015bci, p\u0142ywaj\u0105ce wid\u017cety do opcje przewijania, miniatury stopki, sekcji nag\u0142\u00f3wka i wszystkie warianty mo\u017cliwo\u015bci pionowych pask\u00f3w bocznych i menu witryny. <\/p><\/div>\r\n\t\t\t\t\t<\/div>\r\n\t\t\t\t<\/div><div class=\"faq-item\">\r\n\t\t\t\t\t<div class=\"faq-item-question\">\r\n\t\t\t\t\t\t<h3 class=\"faq-item-question-text\">Czy za po\u015brednictwem Twojego redaktora mog\u0119 utworzy\u0107 czat na \u017cywo dotycz\u0105cy wsparcia lub opinii?<\/h3>\r\n\r\n\t\t\t\t\t\t<div class=\"faq-item-question-icon\"><\/div>\r\n\t\t\t\t\t<\/div>\r\n\r\n\t\t\t\t\t<div class=\"faq-item-answer\">\r\n\t\t\t\t\t\t<div class=\"faq-item-answer-text\"><p>Mo\u017cesz wprowadza\u0107 zmiany w dowolnym wid\u017cecie. W edytorze dost\u0119pnych jest mn\u00f3stwo uk\u0142ad\u00f3w, a ka\u017cdy z nich mo\u017cna szybko spersonalizowa\u0107 zgodnie z potrzebami. <\/p><\/div>\r\n\t\t\t\t\t<\/div>\r\n\t\t\t\t<\/div><\/div>","protected":false},"excerpt":{"rendered":"","protected":false},"author":9,"featured_media":0,"parent":750,"menu_order":0,"comment_status":"closed","ping_status":"closed","template":"templates\/template-application-platform.php","meta":{"publish_to_discourse":"","publish_post_category":"","wpdc_auto_publish_overridden":"","wpdc_topic_tags":"","wpdc_pin_topic":"","wpdc_pin_until":"","discourse_post_id":"","discourse_permalink":"","wpdc_publishing_response":"","wpdc_publishing_error":"","footnotes":""},"class_list":["post-3999","page","type-page","status-publish","hentry"],"yoast_head":"<!-- This site is optimized with the Yoast SEO plugin v25.3.1 - https:\/\/yoast.com\/wordpress\/plugins\/seo\/ -->\n<title>Czat na \u017cywo \u2014 dodaj wid\u017cet czatu online do witryn Weebly (bezp\u0142atny i \u0142atwy)<\/title>\n<meta name=\"description\" content=\"Dodaj swoj\u0105 uniwersaln\u0105 aplikacj\u0119 do czatowania na \u017cywo do Weebly w krokach 1-2-3. Skorzystaj z naszej aktywnej wersji demonstracyjnej, aby szybko i bez kodowania utworzy\u0107 unikaln\u0105 aplikacj\u0119 do czatu online.\" \/>\n<meta name=\"robots\" content=\"index, follow, max-snippet:-1, max-image-preview:large, max-video-preview:-1\" \/>\n<link rel=\"canonical\" href=\"https:\/\/elfsight.com\/pl\/all-in-one-chat-widget\/weebly\/\" \/>\n<meta property=\"og:locale\" content=\"pl_PL\" \/>\n<meta property=\"og:type\" content=\"article\" \/>\n<meta property=\"og:title\" content=\"Czat na \u017cywo \u2014 dodaj wid\u017cet czatu online do witryn Weebly (bezp\u0142atny i \u0142atwy)\" \/>\n<meta property=\"og:description\" content=\"Dodaj swoj\u0105 uniwersaln\u0105 aplikacj\u0119 do czatowania na \u017cywo do Weebly w krokach 1-2-3. Skorzystaj z naszej aktywnej wersji demonstracyjnej, aby szybko i bez kodowania utworzy\u0107 unikaln\u0105 aplikacj\u0119 do czatu online.\" \/>\n<meta property=\"og:url\" content=\"https:\/\/elfsight.com\/pl\/all-in-one-chat-widget\/weebly\/\" \/>\n<meta property=\"og:site_name\" content=\"Elfsight PL\" \/>\n<meta property=\"article:modified_time\" content=\"2024-11-14T09:01:34+00:00\" \/>\n<meta name=\"twitter:card\" content=\"summary_large_image\" \/>\n<meta name=\"twitter:label1\" content=\"Szacowany czas czytania\" \/>\n\t<meta name=\"twitter:data1\" content=\"3 minuty\" \/>\n<!-- \/ Yoast SEO plugin. -->","yoast_head_json":{"title":"Czat na \u017cywo \u2014 dodaj wid\u017cet czatu online do witryn Weebly (bezp\u0142atny i \u0142atwy)","description":"Dodaj swoj\u0105 uniwersaln\u0105 aplikacj\u0119 do czatowania na \u017cywo do Weebly w krokach 1-2-3. Skorzystaj z naszej aktywnej wersji demonstracyjnej, aby szybko i bez kodowania utworzy\u0107 unikaln\u0105 aplikacj\u0119 do czatu online.","robots":{"index":"index","follow":"follow","max-snippet":"max-snippet:-1","max-image-preview":"max-image-preview:large","max-video-preview":"max-video-preview:-1"},"canonical":"https:\/\/elfsight.com\/pl\/all-in-one-chat-widget\/weebly\/","og_locale":"pl_PL","og_type":"article","og_title":"Czat na \u017cywo \u2014 dodaj wid\u017cet czatu online do witryn Weebly (bezp\u0142atny i \u0142atwy)","og_description":"Dodaj swoj\u0105 uniwersaln\u0105 aplikacj\u0119 do czatowania na \u017cywo do Weebly w krokach 1-2-3. Skorzystaj z naszej aktywnej wersji demonstracyjnej, aby szybko i bez kodowania utworzy\u0107 unikaln\u0105 aplikacj\u0119 do czatu online.","og_url":"https:\/\/elfsight.com\/pl\/all-in-one-chat-widget\/weebly\/","og_site_name":"Elfsight PL","article_modified_time":"2024-11-14T09:01:34+00:00","twitter_card":"summary_large_image","twitter_misc":{"Szacowany czas czytania":"3 minuty"},"schema":{"@context":"https:\/\/schema.org","@graph":[{"@type":"WebPage","@id":"https:\/\/elfsight.com\/pl\/all-in-one-chat-widget\/weebly\/","url":"https:\/\/elfsight.com\/pl\/all-in-one-chat-widget\/weebly\/","name":"Czat na \u017cywo \u2014 dodaj wid\u017cet czatu online do witryn Weebly (bezp\u0142atny i \u0142atwy)","isPartOf":{"@id":"https:\/\/elfsight.com\/pl\/#website"},"datePublished":"2024-05-03T06:26:45+00:00","dateModified":"2024-11-14T09:01:34+00:00","description":"Dodaj swoj\u0105 uniwersaln\u0105 aplikacj\u0119 do czatowania na \u017cywo do Weebly w krokach 1-2-3. Skorzystaj z naszej aktywnej wersji demonstracyjnej, aby szybko i bez kodowania utworzy\u0107 unikaln\u0105 aplikacj\u0119 do czatu online.","breadcrumb":{"@id":"https:\/\/elfsight.com\/pl\/all-in-one-chat-widget\/weebly\/#breadcrumb"},"inLanguage":"pl-PL","potentialAction":[{"@type":"ReadAction","target":["https:\/\/elfsight.com\/pl\/all-in-one-chat-widget\/weebly\/"]}]},{"@type":"BreadcrumbList","@id":"https:\/\/elfsight.com\/pl\/all-in-one-chat-widget\/weebly\/#breadcrumb","itemListElement":[{"@type":"ListItem","position":1,"name":"Home","item":"https:\/\/elfsight.com\/pl\/"},{"@type":"ListItem","position":2,"name":"All-in-One Chat","item":"https:\/\/elfsight.com\/pl\/all-in-one-chat-widget\/"},{"@type":"ListItem","position":3,"name":"All-in-One Chat &#8211; Weebly"}]},{"@type":"WebSite","@id":"https:\/\/elfsight.com\/pl\/#website","url":"https:\/\/elfsight.com\/pl\/","name":"Elfsight PL","description":"Just another Elfsight Sites site","potentialAction":[{"@type":"SearchAction","target":{"@type":"EntryPoint","urlTemplate":"https:\/\/elfsight.com\/pl\/?s={search_term_string}"},"query-input":{"@type":"PropertyValueSpecification","valueRequired":true,"valueName":"search_term_string"}}],"inLanguage":"pl-PL"}]}},"meta_box":{"industry":"","seo_heading":"","heading":"","description":"","cta_heading":"","cta_description":"","application":"749","h1":"Aplikacja Weebly do czatowania na \u017cywo","h1_caption":"Zaoferuj swoim klientom mo\u017cliwo\u015b\u0107 \u0142atwego kontaktu z Tob\u0105 za po\u015brednictwem wielu platform komunikacyjnych, takich jak WhatsApp, Facebook, telegram i nie tylko, z jednej aplikacji do Twojej witryny Weebly.","application_category":[],"applications_title":"","applications_request_title":"","applications_request_button_text":"","hero_text":"","hero_video":"","hero_video_schema_markup":"","selling_points_title":"","selling_points_caption":"","selling_points":[],"selling_points_cta_text":"","features_title":"","features":"","ed_cta_examples_text":"","ed_cta_examples_hidden":"","ed_cta_demo_text":"","ed_cta_demo_hidden":"","why_caption":"","why_editor_title":"","why_editor_text":"","why_team_title":"","why_team_text":"","why_service_title":"","why_service_text":"","template_catalog_visible":"","template_catalog_title":"","template_catalog_text":"","template_catalog_categories_visible":"","demo_title":"Utw\u00f3rz aplikacj\u0119 do czatowania typu \u201ewszystko w jednym\u201d.","demo_caption":"Skonfiguruj czat All-in-One i dodaj go do swojej witryny Weebly za darmo!","default_faq_hidden":"","app_template_category":[],"platform":"132","template_public_id":"","codecanyon_url":"","codecanyon_item_id":"","codecanyon_price":"","pricing_caption":"","pricing_elfsight_apps_hide_column":"","pricing_elfsight_apps_url":"","pricing_codecanyon_price_caption":"","integration_category":[],"integration_request_title":"","integration_request_cta":"","integration_platform":"","integrations":[],"platform_category":[],"video_schema_markup":"","price":"od 0 USD \/ miesi\u0105c","trial":"","benefits":[{"text":"Bezp\u0142atna pomoc w monta\u017cu"},{"text":"Wsparcie premium"},{"text":"14-dniowa gwarancja zwrotu pieni\u0119dzy"}],"button_url":"#demo","button_target_blank":"","button_nofollow":"","attributes":[{"name":"Instaluje"},{"name":"Czu\u0142y"},{"name":"Kompatybilne przegl\u0105darki"}],"tags":[],"tags_disable_links":"","hide_more_platforms":"","video_object":"","demo_hide_cta":"","demo_hide_cloud_options":"","pricing_title":"","pricing":[{"pricing_icon":"platform","pricing_title":"Elfsight Apps","pricing_title_caption":"Oprogramowanie wieloplatformowe","pricing_price":"od 0 USD \/ miesi\u0105c","pricing_price_caption":"zacznij od bezp\u0142atnego planu","pricing_benefits":[{"text":"Nielimitowane domeny"},{"text":"Szybka obs\u0142uga klienta"},{"text":"Bezp\u0142atne wsparcie instalacyjne"},{"text":"Elastyczny projekt"}],"pricing_button_text":"Dodaj do witryny","pricing_button_url":"#demo"}],"related_apps_title":"","related_apps_hidden":"","author":"","image":[],"title":"","job":"","social_networks":[]},"_links":{"self":[{"href":"https:\/\/elfsight.com\/pl\/wp-json\/wp\/v2\/pages\/3999","targetHints":{"allow":["GET"]}}],"collection":[{"href":"https:\/\/elfsight.com\/pl\/wp-json\/wp\/v2\/pages"}],"about":[{"href":"https:\/\/elfsight.com\/pl\/wp-json\/wp\/v2\/types\/page"}],"author":[{"embeddable":true,"href":"https:\/\/elfsight.com\/pl\/wp-json\/wp\/v2\/users\/9"}],"replies":[{"embeddable":true,"href":"https:\/\/elfsight.com\/pl\/wp-json\/wp\/v2\/comments?post=3999"}],"version-history":[{"count":2,"href":"https:\/\/elfsight.com\/pl\/wp-json\/wp\/v2\/pages\/3999\/revisions"}],"predecessor-version":[{"id":7623,"href":"https:\/\/elfsight.com\/pl\/wp-json\/wp\/v2\/pages\/3999\/revisions\/7623"}],"up":[{"embeddable":true,"href":"https:\/\/elfsight.com\/pl\/wp-json\/wp\/v2\/pages\/750"}],"wp:attachment":[{"href":"https:\/\/elfsight.com\/pl\/wp-json\/wp\/v2\/media?parent=3999"}],"curies":[{"name":"wp","href":"https:\/\/api.w.org\/{rel}","templated":true}]}}