{"id":3998,"date":"2024-05-03T06:26:44","date_gmt":"2024-05-03T06:26:44","guid":{"rendered":"https:\/\/elfsight.com\/pl\/?page_id=3998"},"modified":"2024-11-14T09:01:25","modified_gmt":"2024-11-14T09:01:25","slug":"wix","status":"publish","type":"page","link":"https:\/\/elfsight.com\/pl\/all-in-one-chat-widget\/wix\/","title":{"rendered":"All-in-One Chat &#8211; Wix"},"content":{"rendered":"<div class=\"application-platform-content-item-description application-platform-content-item\" id=\"description\" data-nav-section=\"description\"> <h2>Opis<\/h2> <p>Kompleksowy czat na \u017cywo firmy Elfsight to jedno z najszybszych narz\u0119dzi umo\u017cliwiaj\u0105cych kontakt z Tob\u0105 i uzyska\u0107 od Ciebie wsparcie. B\u0105d\u017a dost\u0119pny online we wszystkich najpopularniejszych czatach 24 godziny na dob\u0119, 7 dni w tygodniu. Dodaj aplikacj\u0119 do swojej witryny, a b\u0119dzie mo\u017cna ustawi\u0107 jej wy\u015bwietlanie na wybranych stronach lub dla okre\u015blonych grup odbiorc\u00f3w, wybra\u0107 osoby rozpoczynaj\u0105ce czat, napisa\u0107 wiadomo\u015b\u0107 powitaln\u0105, wybra\u0107 ikony i nie tylko. Dzi\u0119ki dzia\u0142aj\u0105cej aplikacji b\u0119dziesz dost\u0119pny dla go\u015bci w dowolnym miejscu i czasie. <\/p> <p><b>Wszystkie najbardziej znane komunikatory, takie jak Telegram, Viber, WhatsApp, Facebook i inne w jednym, zapewniaj\u0105ce maksymalnie produktywn\u0105 i wygodn\u0105 interakcj\u0119 z klientami! <\/b><\/p> <p><b>Scentralizuj wymagania swoich klient\u00f3w<\/b><br>\u0141\u0105cz\u0105c wszystkie najwa\u017cniejsze kana\u0142y komunikacji w naszej responsywnej aplikacji Chat Box, b\u0119dziesz m\u00f3g\u0142 rozwi\u0105zywa\u0107 wiele zada\u0144 w jednym miejscu, zwi\u0119kszanie zadowolenia klient\u00f3w.<\/p><p><b>Niezwykle konfigurowalne narz\u0119dzie<\/b><br>WhatsApp, Viber, Facebook Messenger, Telegram, Discord, Line, &#8211; mo\u017cesz korzysta\u0107 z nich wszystkich na raz lub wybra\u0107 takie, kt\u00f3re odpowiadaj\u0105 Twoim potrzebom, zmieniaj\u0105c ich kolory, rozmiar i wiele wi\u0119cej.<\/b><p><b>Um\u00f3w si\u0119 na rozmow\u0119 w czasie rzeczywistym<\/b><br>Dodaj\u0105c wid\u017cet Czat na \u017cywo na stronach swojej witryny , lepiej poznasz swoich u\u017cytkownik\u00f3w, zapewniaj\u0105c im wysok\u0105 jako\u015b\u0107 us\u0142ug i dostarczaj\u0105c bardziej kompetentne us\u0142ugi.<\/b><\/div> <div class=\"application-platform-content-item-features application-platform-content-item\" id=\"features\" data-nav-section=\"features\"> <h2>Wid\u017cet oferuje cenne i \u0142atwe funkcje, tutaj oto niekt\u00f3re z nich: <\/h2> <ul><li>Umie\u015b\u0107 na swojej stronie uniwersaln\u0105 aplikacj\u0119 do obs\u0142ugi czatu online, aby m\u00f3c rozmawia\u0107 z odwiedzaj\u0105cymi. <\/li><li>3 rodzaje pozycji czatu: p\u0142ywaj\u0105ca ba\u0144ka, osadzona ba\u0144ka i osadzone okno czatu. <\/li><li>Zbi\u00f3r ikon b\u0105belk\u00f3w do wyboru. <\/li><li>Elastyczny tytu\u0142 czatu z logo strony, nazw\u0105 i podtytu\u0142em<\/li><li>Ustawianie domy\u015blnego obrazu strony z naszej kolekcji lub przesy\u0142anie niestandardowego obrazu. <\/li><\/ul><p><a href=\"#demo\">Pe\u0142ne mo\u017cliwo\u015bci wid\u017cetu mo\u017cesz ju\u017c teraz sprawdzi\u0107 w wersji demonstracyjnej<\/a><\/p> <\/div> <div class=\"application-platform-content-item-installation application-platform-content-item\" id=\"installation\" data-nav-section=\"installation\"> <h2>Jak osadzi\u0107 aplikacj\u0119 Live Chat na mojej stronie internetowej Wix? <\/h2> <div class=\"video-container\"><iframe width=\"720\" height=\"405\" src=\"https:\/\/www.youtube.com\/embed\/4QxLPwfdx6E\" frameborder=\"0\" allowfullscreen=\"\"><\/iframe><\/div><p>Wystarczy wykona\u0107 kilka krok\u00f3w podanych poni\u017cej, aby doda\u0107 wtyczk\u0119. <\/p> <ol><li><b>Skorzystaj z naszej bezp\u0142atnej wersji demonstracyjnej i zacznij tworzy\u0107 sw\u00f3j spersonalizowany instrument. <\/b><br> Wybierz preferowan\u0105 form\u0119 i cechy funkcjonalne wid\u017cetu i zapisz zmiany. <\/li> <li><b>Skopiuj unikalny kod wy\u015bwietlony w oknie aplikacji Elfsight. <\/b><br> Po zako\u0144czeniu konfiguracji narz\u0119dzia skopiuj indywidualny kod z wy\u015bwietlonego pola i zachowaj go do wykorzystania w przysz\u0142o\u015bci. <\/li> <li><b>Rozpocznij korzystanie z aplikacji na stronie Wix. <\/b><br> Wklej wcze\u015bniej zapisany kod na swoj\u0105 stron\u0119 g\u0142\u00f3wn\u0105 i zastosuj poprawki. <\/li> <li><b>Instalacja zosta\u0142a pomy\u015blnie zako\u0144czona. <\/b><br> Przejd\u017a na swoj\u0105 stron\u0119 internetow\u0105, aby zobaczy\u0107 dzia\u0142anie aplikacji Czat.<\/li><\/ol> <p>Je\u015bli masz do czynienia z zapytaniami lub masz trudno\u015bci, nie wahaj si\u0119 skontaktowa\u0107 skontaktuj si\u0119 z naszym zespo\u0142em wsparcia. Nasi konsultanci z przyjemno\u015bci\u0105 rozwi\u0105\u017c\u0105 wszystkie problemy, jakie mo\u017cesz mie\u0107 z wtyczk\u0105. <\/p> <\/div><div class=\"faq\" data-component=\"FAQ\"><div class=\"faq-item\">\r\n\t\t\t\t\t<div class=\"faq-item-question\">\r\n\t\t\t\t\t\t<h3 class=\"faq-item-question-text\">W jaki spos\u00f3b mog\u0119 doda\u0107 Czat na \u017cywo do witryny Wix?<\/h3>\r\n\r\n\t\t\t\t\t\t<div class=\"faq-item-question-icon\"><\/div>\r\n\t\t\t\t\t<\/div>\r\n\r\n\t\t\t\t\t<div class=\"faq-item-answer\">\r\n\t\t\t\t\t\t<div class=\"faq-item-answer-text\"><p>Tworzenie wid\u017cetu polega na wykonywane na stronach Elfsight i nie trzeba kodowa\u0107. Otw\u00f3rz demo online, aby zaprojektowa\u0107 w\u0142asn\u0105 aplikacj\u0119, uzyska\u0107 kod i zaimplementowa\u0107 go na swojej stronie. <\/p><\/div>\r\n\t\t\t\t\t<\/div>\r\n\t\t\t\t<\/div><div class=\"faq-item\">\r\n\t\t\t\t\t<div class=\"faq-item-question\">\r\n\t\t\t\t\t\t<h3 class=\"faq-item-question-text\">Najlepsze sposoby wykorzystania integracji z czatem na \u017cywo<\/h3>\r\n\r\n\t\t\t\t\t\t<div class=\"faq-item-question-icon\"><\/div>\r\n\t\t\t\t\t<\/div>\r\n\r\n\t\t\t\t\t<div class=\"faq-item-answer\">\r\n\t\t\t\t\t\t<div class=\"faq-item-answer-text\"><p>Oferujemy szerok\u0105 gam\u0119 mo\u017cliwo\u015bci dostosowywania: pe\u0142nowymiarowe wid\u017cety do wdro\u017cenia w sekcji tre\u015bci , p\u0142ywaj\u0105ce wid\u017cety umo\u017cliwiaj\u0105ce przewijanie, uk\u0142ady stopki, nag\u0142\u00f3wka i wszelkiego rodzaju opcje pionowe dla pask\u00f3w bocznych i menu witryny. <\/p><\/div>\r\n\t\t\t\t\t<\/div>\r\n\t\t\t\t<\/div><div class=\"faq-item\">\r\n\t\t\t\t\t<div class=\"faq-item-question\">\r\n\t\t\t\t\t\t<h3 class=\"faq-item-question-text\">Jak zbudowa\u0107 Konsultacj\u0119 lub Czat na \u017cywo Pomocy za po\u015brednictwem swojego redaktora?<\/h3>\r\n\r\n\t\t\t\t\t\t<div class=\"faq-item-question-icon\"><\/div>\r\n\t\t\t\t\t<\/div>\r\n\r\n\t\t\t\t\t<div class=\"faq-item-answer\">\r\n\t\t\t\t\t\t<div class=\"faq-item-answer-text\"><p>Mo\u017cesz kszta\u0142towa\u0107 modyfikacje dowolnego wid\u017cetu. W edytorze masz do dyspozycji szerok\u0105 gam\u0119 uk\u0142ad\u00f3w, a ka\u017cdy z nich mo\u017cna \u0142atwo dostosowa\u0107 do w\u0142asnych potrzeb. <\/p><\/div>\r\n\t\t\t\t\t<\/div>\r\n\t\t\t\t<\/div><div class=\"faq-item\">\r\n\t\t\t\t\t<div class=\"faq-item-question\">\r\n\t\t\t\t\t\t<h3 class=\"faq-item-question-text\">Jakie inne wid\u017cety mog\u0105 ulepszy\u0107 moj\u0105 witryn\u0119 Wix?<\/h3>\r\n\r\n\t\t\t\t\t\t<div class=\"faq-item-question-icon\"><\/div>\r\n\t\t\t\t\t<\/div>\r\n\r\n\t\t\t\t\t<div class=\"faq-item-answer\">\r\n\t\t\t\t\t\t<div class=\"faq-item-answer-text\"><p>Istnieje wiele wid\u017cet\u00f3w Wix, kt\u00f3re z \u0142atwo\u015bci\u0105 mog\u0105 ulepszy\u0107 Twoj\u0105 witryn\u0119. Istniej\u0105 na przyk\u0142ad inne wid\u017cety czatu, takie jak <a href=\"https:\/\/elfsight.com\/whatsapp-chat-widget\/wix\/\" target=\"_blank\" rel=\"noopener\">WhatsAppChat<\/a>, <a href=\"https:\/\/elfsight.com\/facebook-chat-widget\/wix\/\" target=\"_blank\" rel=\"noopener\">Czat na Facebooku<\/a>, <a href=\"https:\/\/elfsight.com \/telegram-chat-widget\/wix\/\" target=\"_blank\" rel=\"noopener\">Czat telegramowy<\/a>, <a href=\"https:\/\/elfsight.com\/viber-chat-widget\/wix\/\" target=\"_blank\" rel=\"noopener\">Czat Viber<\/a>. Wszystkie s\u0105 \u0142atwe do wdro\u017cenia i mog\u0105 znacznie poprawi\u0107 wydajno\u015b\u0107 Twojej witryny.<\/p><\/div>\r\n\t\t\t\t\t<\/div>\r\n\t\t\t\t<\/div><\/div>","protected":false},"excerpt":{"rendered":"","protected":false},"author":9,"featured_media":0,"parent":750,"menu_order":0,"comment_status":"closed","ping_status":"closed","template":"templates\/template-application-platform.php","meta":{"publish_to_discourse":"","publish_post_category":"","wpdc_auto_publish_overridden":"","wpdc_topic_tags":"","wpdc_pin_topic":"","wpdc_pin_until":"","discourse_post_id":"","discourse_permalink":"","wpdc_publishing_response":"","wpdc_publishing_error":"","footnotes":""},"class_list":["post-3998","page","type-page","status-publish","hentry"],"yoast_head":"<!-- This site is optimized with the Yoast SEO plugin v25.3.1 - https:\/\/yoast.com\/wordpress\/plugins\/seo\/ -->\n<title>Czat na \u017cywo \u2014 dodaj wid\u017cet Czatu online do stron Wix (bezp\u0142atny i \u0142atwy)<\/title>\n<meta name=\"description\" content=\"Dodaj swoj\u0105 aplikacj\u0119 All-in-One Live Chat do Wix w 1-2-3. Zastosuj nasze przydatne demo, aby szybko i bez kodowania zbudowa\u0107 ekskluzywny czat online.\" \/>\n<meta name=\"robots\" content=\"index, follow, max-snippet:-1, max-image-preview:large, max-video-preview:-1\" \/>\n<link rel=\"canonical\" href=\"https:\/\/elfsight.com\/pl\/all-in-one-chat-widget\/wix\/\" \/>\n<meta property=\"og:locale\" content=\"pl_PL\" \/>\n<meta property=\"og:type\" content=\"article\" \/>\n<meta property=\"og:title\" content=\"Czat na \u017cywo \u2014 dodaj wid\u017cet Czatu online do stron Wix (bezp\u0142atny i \u0142atwy)\" \/>\n<meta property=\"og:description\" content=\"Dodaj swoj\u0105 aplikacj\u0119 All-in-One Live Chat do Wix w 1-2-3. Zastosuj nasze przydatne demo, aby szybko i bez kodowania zbudowa\u0107 ekskluzywny czat online.\" \/>\n<meta property=\"og:url\" content=\"https:\/\/elfsight.com\/pl\/all-in-one-chat-widget\/wix\/\" \/>\n<meta property=\"og:site_name\" content=\"Elfsight PL\" \/>\n<meta property=\"article:modified_time\" content=\"2024-11-14T09:01:25+00:00\" \/>\n<meta name=\"twitter:card\" content=\"summary_large_image\" \/>\n<meta name=\"twitter:label1\" content=\"Szacowany czas czytania\" \/>\n\t<meta name=\"twitter:data1\" content=\"4 minuty\" \/>\n<!-- \/ Yoast SEO plugin. -->","yoast_head_json":{"title":"Czat na \u017cywo \u2014 dodaj wid\u017cet Czatu online do stron Wix (bezp\u0142atny i \u0142atwy)","description":"Dodaj swoj\u0105 aplikacj\u0119 All-in-One Live Chat do Wix w 1-2-3. Zastosuj nasze przydatne demo, aby szybko i bez kodowania zbudowa\u0107 ekskluzywny czat online.","robots":{"index":"index","follow":"follow","max-snippet":"max-snippet:-1","max-image-preview":"max-image-preview:large","max-video-preview":"max-video-preview:-1"},"canonical":"https:\/\/elfsight.com\/pl\/all-in-one-chat-widget\/wix\/","og_locale":"pl_PL","og_type":"article","og_title":"Czat na \u017cywo \u2014 dodaj wid\u017cet Czatu online do stron Wix (bezp\u0142atny i \u0142atwy)","og_description":"Dodaj swoj\u0105 aplikacj\u0119 All-in-One Live Chat do Wix w 1-2-3. Zastosuj nasze przydatne demo, aby szybko i bez kodowania zbudowa\u0107 ekskluzywny czat online.","og_url":"https:\/\/elfsight.com\/pl\/all-in-one-chat-widget\/wix\/","og_site_name":"Elfsight PL","article_modified_time":"2024-11-14T09:01:25+00:00","twitter_card":"summary_large_image","twitter_misc":{"Szacowany czas czytania":"4 minuty"},"schema":{"@context":"https:\/\/schema.org","@graph":[{"@type":"WebPage","@id":"https:\/\/elfsight.com\/pl\/all-in-one-chat-widget\/wix\/","url":"https:\/\/elfsight.com\/pl\/all-in-one-chat-widget\/wix\/","name":"Czat na \u017cywo \u2014 dodaj wid\u017cet Czatu online do stron Wix (bezp\u0142atny i \u0142atwy)","isPartOf":{"@id":"https:\/\/elfsight.com\/pl\/#website"},"datePublished":"2024-05-03T06:26:44+00:00","dateModified":"2024-11-14T09:01:25+00:00","description":"Dodaj swoj\u0105 aplikacj\u0119 All-in-One Live Chat do Wix w 1-2-3. Zastosuj nasze przydatne demo, aby szybko i bez kodowania zbudowa\u0107 ekskluzywny czat online.","breadcrumb":{"@id":"https:\/\/elfsight.com\/pl\/all-in-one-chat-widget\/wix\/#breadcrumb"},"inLanguage":"pl-PL","potentialAction":[{"@type":"ReadAction","target":["https:\/\/elfsight.com\/pl\/all-in-one-chat-widget\/wix\/"]}]},{"@type":"BreadcrumbList","@id":"https:\/\/elfsight.com\/pl\/all-in-one-chat-widget\/wix\/#breadcrumb","itemListElement":[{"@type":"ListItem","position":1,"name":"Home","item":"https:\/\/elfsight.com\/pl\/"},{"@type":"ListItem","position":2,"name":"All-in-One Chat","item":"https:\/\/elfsight.com\/pl\/all-in-one-chat-widget\/"},{"@type":"ListItem","position":3,"name":"All-in-One Chat &#8211; Wix"}]},{"@type":"WebSite","@id":"https:\/\/elfsight.com\/pl\/#website","url":"https:\/\/elfsight.com\/pl\/","name":"Elfsight PL","description":"Just another Elfsight Sites site","potentialAction":[{"@type":"SearchAction","target":{"@type":"EntryPoint","urlTemplate":"https:\/\/elfsight.com\/pl\/?s={search_term_string}"},"query-input":{"@type":"PropertyValueSpecification","valueRequired":true,"valueName":"search_term_string"}}],"inLanguage":"pl-PL"}]}},"meta_box":{"industry":"","seo_heading":"","heading":"","description":"","cta_heading":"","cta_description":"","application":"749","h1":"Aplikacja Czat na \u017cywo Wix","h1_caption":"Zaoferuj swoim klientom mo\u017cliwo\u015b\u0107 \u0142atwego kontaktu z Tob\u0105 na wielu platformach komunikacyjnych, takich jak WhatsApp, Facebook, telegram i nie tylko, z jednej aplikacji na Twoj\u0105 witryn\u0119 Wix.","application_category":[],"applications_title":"","applications_request_title":"","applications_request_button_text":"","hero_text":"","hero_video":"","hero_video_schema_markup":"","selling_points_title":"","selling_points_caption":"","selling_points":[],"selling_points_cta_text":"","features_title":"","features":"","ed_cta_examples_text":"","ed_cta_examples_hidden":"","ed_cta_demo_text":"","ed_cta_demo_hidden":"","why_caption":"","why_editor_title":"","why_editor_text":"","why_team_title":"","why_team_text":"","why_service_title":"","why_service_text":"","template_catalog_visible":"","template_catalog_title":"","template_catalog_text":"","template_catalog_categories_visible":"","demo_title":"Utw\u00f3rz aplikacj\u0119 do czatowania typu \u201ewszystko w jednym\u201d.","demo_caption":"Skonfiguruj sw\u00f3j czat All-in-One i dodaj go do swojej witryny Wix za darmo!","default_faq_hidden":"","app_template_category":[],"platform":"30","template_public_id":"","codecanyon_url":"","codecanyon_item_id":"","codecanyon_price":"","pricing_caption":"","pricing_elfsight_apps_hide_column":"","pricing_elfsight_apps_url":"","pricing_codecanyon_price_caption":"","integration_category":[],"integration_request_title":"","integration_request_cta":"","integration_platform":"","integrations":[],"platform_category":[],"video_schema_markup":"","price":"od 0 USD \/ miesi\u0105c","trial":"","benefits":[{"text":"Bezp\u0142atna pomoc w monta\u017cu"},{"text":"Wyj\u0105tkowe wsparcie"},{"text":"14-dniowa gwarancja zwrotu pieni\u0119dzy"}],"button_url":"#demo","button_target_blank":"","button_nofollow":"","attributes":[{"name":"Instaluje"},{"name":"Czu\u0142y"},{"name":"Kompatybilne przegl\u0105darki"}],"tags":[],"tags_disable_links":"","hide_more_platforms":"","video_object":"","demo_hide_cta":"","demo_hide_cloud_options":"","pricing_title":"","pricing":[{"pricing_icon":"platform","pricing_title":"Elfsight Apps","pricing_title_caption":"Rozwi\u0105zanie wieloplatformowe","pricing_price":"od 0 USD \/ miesi\u0105c","pricing_price_caption":"zacznij od bezp\u0142atnego planu","pricing_benefits":[{"text":"Nieograniczona liczba stron internetowych"},{"text":"Dedykowana obs\u0142uga klienta"},{"text":"Bezp\u0142atna pomoc przy instalacji"},{"text":"W pe\u0142ni konfigurowalny"}],"pricing_button_text":"Dodaj do witryny","pricing_button_url":"#demo"}],"related_apps_title":"","related_apps_hidden":"","author":"","image":[],"title":"","job":"","social_networks":[]},"_links":{"self":[{"href":"https:\/\/elfsight.com\/pl\/wp-json\/wp\/v2\/pages\/3998","targetHints":{"allow":["GET"]}}],"collection":[{"href":"https:\/\/elfsight.com\/pl\/wp-json\/wp\/v2\/pages"}],"about":[{"href":"https:\/\/elfsight.com\/pl\/wp-json\/wp\/v2\/types\/page"}],"author":[{"embeddable":true,"href":"https:\/\/elfsight.com\/pl\/wp-json\/wp\/v2\/users\/9"}],"replies":[{"embeddable":true,"href":"https:\/\/elfsight.com\/pl\/wp-json\/wp\/v2\/comments?post=3998"}],"version-history":[{"count":2,"href":"https:\/\/elfsight.com\/pl\/wp-json\/wp\/v2\/pages\/3998\/revisions"}],"predecessor-version":[{"id":7622,"href":"https:\/\/elfsight.com\/pl\/wp-json\/wp\/v2\/pages\/3998\/revisions\/7622"}],"up":[{"embeddable":true,"href":"https:\/\/elfsight.com\/pl\/wp-json\/wp\/v2\/pages\/750"}],"wp:attachment":[{"href":"https:\/\/elfsight.com\/pl\/wp-json\/wp\/v2\/media?parent=3998"}],"curies":[{"name":"wp","href":"https:\/\/api.w.org\/{rel}","templated":true}]}}