{"id":3997,"date":"2024-05-03T06:26:43","date_gmt":"2024-05-03T06:26:43","guid":{"rendered":"https:\/\/elfsight.com\/pl\/?page_id=3997"},"modified":"2025-06-25T08:35:32","modified_gmt":"2025-06-25T08:35:32","slug":"wordpress","status":"publish","type":"page","link":"https:\/\/elfsight.com\/pl\/all-in-one-chat-widget\/wordpress\/","title":{"rendered":"All-in-One Chat &#8211; WordPress"},"content":{"rendered":"<div class=\"application-platform-content-item-description application-platform-content-item\" id=\"description\" data-nav-section=\"description\">\n<h2>Osad\u017a czat typu \u201ewszystko w jednym\u201d w WordPress za pomoc\u0105 wid\u017cetu Elfsight<\/h2>\n<p>Najlepszy czat na \u017cywo typu \u201ewszystko w jednym\u201d autorstwa Elfsight to jedna z najwygodniejszych mo\u017cliwo\u015bci skontaktowania si\u0119 z Tob\u0105 i uzyskania od Ciebie wsparcia. B\u0119dziesz m\u00f3g\u0142 by\u0107 dost\u0119pny na \u017cywo we wszystkich najbardziej ulubionych komunikatorach. Umie\u015b\u0107 wtyczk\u0119 na swojej stronie i ustaw j\u0105 tak, aby wy\u015bwietla\u0142a si\u0119 na poszczeg\u00f3lnych stronach lub dla oddzielnych grup odwiedzaj\u0105cych, wybierz wyzwalacze inicjuj\u0105ce czat, ustaw tekst powitalny, wybierz ikony i inne funkcje. Dzi\u0119ki uruchomionej wtyczce b\u0119dziesz w kontakcie z odwiedzaj\u0105cymi w dowolnym miejscu i czasie.<\/p>\n<p><b>Wszystkie najbardziej znane komunikatory, takie jak Telegram, Facebook, Viber, WhatsApp i inne w jednym, zapewniaj\u0105ce maksymalnie wystarczaj\u0105c\u0105 i wygodn\u0105 interakcj\u0119 z odbiorcami!<\/b><\/p>\n<p><b>Centralizuj \u017c\u0105dania klient\u00f3w<\/b><br>\u0141\u0105cz\u0105c wszystkie dobrze znane kana\u0142y przesy\u0142ania wiadomo\u015bci we wtyczce Chat Box, b\u0119dziesz m\u00f3g\u0142 wykonywa\u0107 wiele zada\u0144 w jednym miejscu, zwi\u0119kszaj\u0105c satysfakcj\u0119 klient\u00f3w.<\/p>\n<p><b>Narz\u0119dzie z mo\u017cliwo\u015bci\u0105 g\u0142\u0119bokiej personalizacji<\/b><br>Discord, Line, Viber, Telegram, WhatsApp, Facebook Messenger, &#8211; mo\u017cesz u\u017cywa\u0107 ich wszystkich razem lub wybra\u0107 te, kt\u00f3re odpowiadaj\u0105 Twoim potrzebom, dostosowuj\u0105c ich kolorystyk\u0119, rozmiar i wi\u0119cej.<\/p>\n<p><b>Prowad\u017a rozmow\u0119 w czasie rzeczywistym<\/b><br>Umieszczaj\u0105c wid\u017cet czatu na \u017cywo na stronach swojej witryny, lepiej poznasz swoich odbiorc\u00f3w, zapewniaj\u0105c im wysok\u0105 jako\u015b\u0107 us\u0142ug i oferowanie bardziej ukierunkowanych us\u0142ug.<\/p>\n<\/div>\n\n<div class=\"application-platform-content-item-features application-platform-content-item\" id=\"features\" data-nav-section=\"features\">\n<h2>To tylko kilka z bogatych funkcji wid\u017cetu:<\/h2>\n<ul>\n    <li>Integracja Wtyczka komunikatora All-in-One Live Chat na Twojej stronie, aby rozmawia\u0107 z odwiedzaj\u0105cymi.<\/li>\n    <li>3 rodzaje pozycji czatu: p\u0142ywaj\u0105ca ba\u0144ka, osadzona ba\u0144ka i osadzone okno czatu.<\/li>\n    <li>Zbi\u00f3r ikon b\u0105belk\u00f3w do wyboru.<\/li>\n    <li>Elastyczny tytu\u0142 czatu z logo strony, nazw\u0105 i podtytu\u0142em.<\/li>\n    <li>Domy\u015blny wyb\u00f3r obrazu strony z naszej biblioteki lub przes\u0142anie w\u0142asnego obrazu.<\/li>\n<\/ul>\n<p><a href=\"#demo\">Po prostu wypr\u00f3buj t\u0119 wersj\u0119 demonstracyjn\u0105, aby zobaczy\u0107, jak to dzia\u0142a<\/a><\/p>\n\n<div class=\"faq\" data-component=\"FAQ\">\n    <div class=\"faq-item\">\r\n\t\t\t\t\t<div class=\"faq-item-question\">\r\n\t\t\t\t\t\t<h3 class=\"faq-item-question-text\">Jak doda\u0107 Uniwersalne okno czatu na stron\u0119 WordPress?<\/h3>\r\n\r\n\t\t\t\t\t\t<div class=\"faq-item-question-icon\"><\/div>\r\n\t\t\t\t\t<\/div>\r\n\r\n\t\t\t\t\t<div class=\"faq-item-answer\">\r\n\t\t\t\t\t\t<div class=\"faq-item-answer-text\">\n    <p>Instalacja zajmuje oko\u0142o kilku sekund. Co wi\u0119cej, nie musisz posiada\u0107 wiedzy z zakresu programowania webowego. <\/p>\n    <ol>\n        <li>Zmodyfikuj wid\u017cet dla WordPressa w darmowym konfiguratorze i zobacz modyfikacje na \u017cywo.<\/li>\n        <li>Uzyskaj sw\u00f3j osobisty kod instalacyjny.<\/li>\n        <li>Wprowad\u017a kod w odpowiednim miejscu na zapleczu witryny.<\/li>\n        <li>Fantastyczna robota! Konfiguracja wtyczki czatu na WordPress zosta\u0142a zako\u0144czona!<\/li>\n    <\/ol>\n    <p>Masz problemy z umieszczeniem wtyczki w WordPressie lub ustawieniem czatu All-in-One? Mo\u017cesz zapozna\u0107 si\u0119 ze szczeg\u00f3\u0142owym przewodnikiem <a href=\"https:\/\/elfsight.com\/tutorials\/how-to-add-live-chat-to-website\/#how-to-add-live-chat-to-wordpress\">na tej stronie<\/a>. <\/p>\n    <\/div>\r\n\t\t\t\t\t<\/div>\r\n\t\t\t\t<\/div>\n\n    <div class=\"faq-item\">\r\n\t\t\t\t\t<div class=\"faq-item-question\">\r\n\t\t\t\t\t\t<h3 class=\"faq-item-question-text\">Czy mog\u0119 zobaczy\u0107, jak wid\u017cet b\u0119dzie wygl\u0105da\u0142 na mojej stronie internetowej?<\/h3>\r\n\r\n\t\t\t\t\t\t<div class=\"faq-item-question-icon\"><\/div>\r\n\t\t\t\t\t<\/div>\r\n\r\n\t\t\t\t\t<div class=\"faq-item-answer\">\r\n\t\t\t\t\t\t<div class=\"faq-item-answer-text\">\n    <p>Oczywi\u015bcie! Tworz\u0105c wtyczk\u0119 czatu WordPress w <a href=\"https:\/\/elfsight.com\/all-in-one-chat-widget\/#demo\">edytorze online<\/a>, uwzgl\u0119dnisz wszystkie zmiany prawo. Twoje okno czatu b\u0119dzie identyczne z tym, kt\u00f3re b\u0119dziesz mie\u0107 w swojej witrynie WordPress. <\/p>\n    <\/div>\r\n\t\t\t\t\t<\/div>\r\n\t\t\t\t<\/div>\n\n    <div class=\"faq-item\">\r\n\t\t\t\t\t<div class=\"faq-item-question\">\r\n\t\t\t\t\t\t<h3 class=\"faq-item-question-text\">Jakie inne wid\u017cety s\u0105 niezb\u0119dne w witrynie WordPress?<\/h3>\r\n\r\n\t\t\t\t\t\t<div class=\"faq-item-question-icon\"><\/div>\r\n\t\t\t\t\t<\/div>\r\n\r\n\t\t\t\t\t<div class=\"faq-item-answer\">\r\n\t\t\t\t\t\t<div class=\"faq-item-answer-text\">\n    <p>WordPress to wspania\u0142a platforma zar\u00f3wno dla nowicjuszy, jak i profesjonalnych tw\u00f3rc\u00f3w stron internetowych. Ponadto doskonale pasuje do ka\u017cdego rodzaju witryny internetowej: od blog\u00f3w po ogromne rynki.<\/p>\n    <p>Wiele przydatnych narz\u0119dzi dla witryny WordPress mo\u017cna znale\u017a\u0107 w Elfsight: <a href=\"https:\/\/elfsight.com\/whatsapp-chat-widget\/wordpress\/\">Przycisk Czat WhatsApp<\/a> u\u0142atwi komunikacj\u0119 z obs\u0142ug\u0105 klienta, a <a href=\"https:\/\/elfsight.com\/facebook-chat-widget\/wordpress\/\">Czat na Facebooku<\/a> zwi\u0119kszy sprzeda\u017c, <a href=\"https:\/\/elfsight.com\/google-reviews-widget\/wordpress\/\">Recenzje Google<\/a> udowodni\u0105, \u017ce mo\u017cna na Tobie polega\u0107. <a href=\"https:\/\/elfsight.com\/testimonials-slider-widget\/wordpress\/\">Suwak opinii<\/a> b\u0119dzie pomocny w prezentowaniu ofert Twoich klient\u00f3w, a <a href=\"https:\/\/elfsight.com\/youtube-channel-plugin-yottie\/wordpress\/\">Galeria YouTube<\/a> \u015bwietnie sprawdzi si\u0119 do pobierania przydatnych film\u00f3w i recenzji film\u00f3w.<\/p>\n    <\/div>\r\n\t\t\t\t\t<\/div>\r\n\t\t\t\t<\/div>\n<\/div>\n<\/div>\n\n<div class=\"application-platform-content-item-installation application-platform-content-item\" id=\"installation\" data-nav-section=\"installation\"><\/div>\n<h2>Jak doda\u0107 wtyczk\u0119 Live Chat do mojej witryny WordPress?<\/h2>\n<div class=\"video-container\"><iframe width=\"720\" height=\"405\" src=\"https:\/\/www.youtube.com\/embed\/utblbU9lyGE\" frameborder=\"0\" allowfullscreen=\"\"><\/iframe><\/div>\n<p>Wystarczy post\u0119powa\u0107 zgodnie z poni\u017cszymi instrukcjami, aby aktywowa\u0107 wid\u017cet. <\/p>\n<ol>\n    <li><b>Wykonaj nasz darmowy konfigurator i rozpocznij prac\u0119 ze swoj\u0105 dostosowan\u0105 wtyczk\u0105.<\/b><br>Wybierz preferowany wygl\u0105d i aspekty wid\u017cetu oraz zastosuj wszystkie poprawki.<\/li>\n    <li><b>Odbierz unikalny kod pojawiaj\u0105cy si\u0119 w oknie aplikacji Elfsight.<\/b><br>Po zako\u0144czeniu konfiguracji wid\u017cetu skopiuj ekskluzywny kod z wy\u015bwietlonego pola i zapisz go do p\u00f3\u017aniejszego u\u017cycia.<\/li>\n    <li><b>Rozpocznij korzystanie z wtyczki na swoim Strona WordPressa.<\/b><br>Wstaw kod zapisany ostatnio na swojej stronie i zapisz zmiany.<\/li>\n    <li><b>Instalacja zosta\u0142a zako\u0144czona.<\/b><br>Odwied\u017a swoj\u0105 witryn\u0119, aby zobaczy\u0107 w dzia\u0142aniu jak dzia\u0142a Chat Box.<\/li>\n<\/ol>\n<p>W przypadku pyta\u0144 lub komplikacji nie wahaj si\u0119 zwr\u00f3ci\u0107 o pomoc do naszego personelu obs\u0142ugi klienta. Nasi ludzie z przyjemno\u015bci\u0105 odpowiedz\u0105 na wszystkie pytania dotycz\u0105ce wtyczki. <\/p>\n<div class=\"faq\" data-component=\"FAQ\">\n    <div class=\"faq-item\">\r\n\t\t\t\t\t<div class=\"faq-item-question\">\r\n\t\t\t\t\t\t<h3 class=\"faq-item-question-text\">W jaki spos\u00f3b mog\u0119 osadzi\u0107 czat na \u017cywo w WordPressie?<\/h3>\r\n\r\n\t\t\t\t\t\t<div class=\"faq-item-question-icon\"><\/div>\r\n\t\t\t\t\t<\/div>\r\n\r\n\t\t\t\t\t<div class=\"faq-item-answer\">\r\n\t\t\t\t\t\t<div class=\"faq-item-answer-text\">\n    <p>Utworzenie narz\u0119dzia odbywa si\u0119 na stronie Elfsight i nie ma potrzeby kodowania. Skorzystaj z aktywnego demo, aby dostosowa\u0107 sw\u00f3j osobisty widget, zdob\u0105d\u017a kod i dodaj go na swojej stronie internetowej. <\/p>\n    <\/div>\r\n\t\t\t\t\t<\/div>\r\n\t\t\t\t<\/div>\n\n    <div class=\"faq-item\">\r\n\t\t\t\t\t<div class=\"faq-item-question\">\r\n\t\t\t\t\t\t<h3 class=\"faq-item-question-text\">Najlepsze przyk\u0142ady wykorzystania integracji z czatem na \u017cywo<\/h3>\r\n\r\n\t\t\t\t\t\t<div class=\"faq-item-question-icon\"><\/div>\r\n\t\t\t\t\t<\/div>\r\n\r\n\t\t\t\t\t<div class=\"faq-item-answer\">\r\n\t\t\t\t\t\t<div class=\"faq-item-answer-text\">\n    <p>Oferujemy mn\u00f3stwo mo\u017cliwo\u015bci dostosowywania: pe\u0142nowymiarowe wid\u017cety do dodawania do strefy tre\u015bci, p\u0142ywaj\u0105ce wid\u017cety z opcjami przewijania, miniatury stopki witryny, sekcji nag\u0142\u00f3wka i wszelkiego rodzaju pionowe mo\u017cliwo\u015bci pask\u00f3w bocznych i menu witryny. <\/p>\n    <\/div>\r\n\t\t\t\t\t<\/div>\r\n\t\t\t\t<\/div>\n\n    <div class=\"faq-item\">\r\n\t\t\t\t\t<div class=\"faq-item-question\">\r\n\t\t\t\t\t\t<h3 class=\"faq-item-question-text\">Czy istnieje mo\u017cliwo\u015b\u0107 zbudowania Sprzeda\u017cy lub Czatu na \u017cywo z rezerwacj\u0105 przy pomocy edytora?<\/h3>\r\n\r\n\t\t\t\t\t\t<div class=\"faq-item-question-icon\"><\/div>\r\n\t\t\t\t\t<\/div>\r\n\r\n\t\t\t\t\t<div class=\"faq-item-answer\">\r\n\t\t\t\t\t\t<div class=\"faq-item-answer-text\">\n    <p>Mo\u017cesz stworzy\u0107 dowolne modyfikacje wid\u017cetu. W edytorze dost\u0119pnych jest wiele uk\u0142ad\u00f3w, a ka\u017cdy z nich mo\u017cna \u0142atwo dostosowa\u0107 do w\u0142asnych potrzeb. <\/p>\n    <\/div>\r\n\t\t\t\t\t<\/div>\r\n\t\t\t\t<\/div>\n<\/div>","protected":false},"excerpt":{"rendered":"Jak doda\u0107 wtyczk\u0119 Live Chat do mojej witryny WordPress? Wystarczy post\u0119powa\u0107 zgodnie z poni\u017cszymi instrukcjami, aby aktywowa\u0107 wid\u017cet. Wykonaj nasz darmowy konfigurator i rozpocznij prac\u0119 ze swoj\u0105 dostosowan\u0105 wtyczk\u0105.Wybierz preferowany wygl\u0105d i aspekty wid\u017cetu oraz zastosuj wszystkie poprawki. Odbierz unikalny kod pojawiaj\u0105cy si\u0119 w oknie aplikacji Elfsight.Po zako\u0144czeniu konfiguracji wid\u017cetu&#8230;","protected":false},"author":9,"featured_media":0,"parent":750,"menu_order":0,"comment_status":"closed","ping_status":"closed","template":"templates\/template-application-platform.php","meta":{"publish_to_discourse":"","publish_post_category":"","wpdc_auto_publish_overridden":"","wpdc_topic_tags":"","wpdc_pin_topic":"","wpdc_pin_until":"","discourse_post_id":"","discourse_permalink":"","wpdc_publishing_response":"","wpdc_publishing_error":"","footnotes":""},"class_list":["post-3997","page","type-page","status-publish","hentry"],"yoast_head":"<!-- This site is optimized with the Yoast SEO plugin v25.3.1 - https:\/\/yoast.com\/wordpress\/plugins\/seo\/ -->\n<title>Czat na \u017cywo \u2014 dodaj wid\u017cet Chat Box do witryn WordPress (bezp\u0142atny i \u0142atwy)<\/title>\n<meta name=\"description\" content=\"Dodaj sw\u00f3j kompleksowy czat na \u017cywo do witryny WordPress w ci\u0105gu kilku minut. Skorzystaj z naszej przydatnej wersji demonstracyjnej, aby \u0142atwo stworzy\u0107 swoj\u0105 unikaln\u0105 wtyczk\u0119 Czatu Online.\" \/>\n<meta name=\"robots\" content=\"index, follow, max-snippet:-1, max-image-preview:large, max-video-preview:-1\" \/>\n<link rel=\"canonical\" href=\"https:\/\/elfsight.com\/pl\/all-in-one-chat-widget\/wordpress\/\" \/>\n<meta property=\"og:locale\" content=\"pl_PL\" \/>\n<meta property=\"og:type\" content=\"article\" \/>\n<meta property=\"og:title\" content=\"Czat na \u017cywo \u2014 dodaj wid\u017cet Chat Box do witryn WordPress (bezp\u0142atny i \u0142atwy)\" \/>\n<meta property=\"og:description\" content=\"Dodaj sw\u00f3j kompleksowy czat na \u017cywo do witryny WordPress w ci\u0105gu kilku minut. Skorzystaj z naszej przydatnej wersji demonstracyjnej, aby \u0142atwo stworzy\u0107 swoj\u0105 unikaln\u0105 wtyczk\u0119 Czatu Online.\" \/>\n<meta property=\"og:url\" content=\"https:\/\/elfsight.com\/pl\/all-in-one-chat-widget\/wordpress\/\" \/>\n<meta property=\"og:site_name\" content=\"Elfsight PL\" \/>\n<meta property=\"article:modified_time\" content=\"2025-06-25T08:35:32+00:00\" \/>\n<meta name=\"twitter:card\" content=\"summary_large_image\" \/>\n<meta name=\"twitter:label1\" content=\"Szacowany czas czytania\" \/>\n\t<meta name=\"twitter:data1\" content=\"5 minut\" \/>\n<!-- \/ Yoast SEO plugin. -->","yoast_head_json":{"title":"Czat na \u017cywo \u2014 dodaj wid\u017cet Chat Box do witryn WordPress (bezp\u0142atny i \u0142atwy)","description":"Dodaj sw\u00f3j kompleksowy czat na \u017cywo do witryny WordPress w ci\u0105gu kilku minut. Skorzystaj z naszej przydatnej wersji demonstracyjnej, aby \u0142atwo stworzy\u0107 swoj\u0105 unikaln\u0105 wtyczk\u0119 Czatu Online.","robots":{"index":"index","follow":"follow","max-snippet":"max-snippet:-1","max-image-preview":"max-image-preview:large","max-video-preview":"max-video-preview:-1"},"canonical":"https:\/\/elfsight.com\/pl\/all-in-one-chat-widget\/wordpress\/","og_locale":"pl_PL","og_type":"article","og_title":"Czat na \u017cywo \u2014 dodaj wid\u017cet Chat Box do witryn WordPress (bezp\u0142atny i \u0142atwy)","og_description":"Dodaj sw\u00f3j kompleksowy czat na \u017cywo do witryny WordPress w ci\u0105gu kilku minut. Skorzystaj z naszej przydatnej wersji demonstracyjnej, aby \u0142atwo stworzy\u0107 swoj\u0105 unikaln\u0105 wtyczk\u0119 Czatu Online.","og_url":"https:\/\/elfsight.com\/pl\/all-in-one-chat-widget\/wordpress\/","og_site_name":"Elfsight PL","article_modified_time":"2025-06-25T08:35:32+00:00","twitter_card":"summary_large_image","twitter_misc":{"Szacowany czas czytania":"5 minut"},"schema":{"@context":"https:\/\/schema.org","@graph":[{"@type":"WebPage","@id":"https:\/\/elfsight.com\/pl\/all-in-one-chat-widget\/wordpress\/","url":"https:\/\/elfsight.com\/pl\/all-in-one-chat-widget\/wordpress\/","name":"Czat na \u017cywo \u2014 dodaj wid\u017cet Chat Box do witryn WordPress (bezp\u0142atny i \u0142atwy)","isPartOf":{"@id":"https:\/\/elfsight.com\/pl\/#website"},"datePublished":"2024-05-03T06:26:43+00:00","dateModified":"2025-06-25T08:35:32+00:00","description":"Dodaj sw\u00f3j kompleksowy czat na \u017cywo do witryny WordPress w ci\u0105gu kilku minut. Skorzystaj z naszej przydatnej wersji demonstracyjnej, aby \u0142atwo stworzy\u0107 swoj\u0105 unikaln\u0105 wtyczk\u0119 Czatu Online.","breadcrumb":{"@id":"https:\/\/elfsight.com\/pl\/all-in-one-chat-widget\/wordpress\/#breadcrumb"},"inLanguage":"pl-PL","potentialAction":[{"@type":"ReadAction","target":["https:\/\/elfsight.com\/pl\/all-in-one-chat-widget\/wordpress\/"]}]},{"@type":"BreadcrumbList","@id":"https:\/\/elfsight.com\/pl\/all-in-one-chat-widget\/wordpress\/#breadcrumb","itemListElement":[{"@type":"ListItem","position":1,"name":"Home","item":"https:\/\/elfsight.com\/pl\/"},{"@type":"ListItem","position":2,"name":"All-in-One Chat","item":"https:\/\/elfsight.com\/pl\/all-in-one-chat-widget\/"},{"@type":"ListItem","position":3,"name":"All-in-One Chat &#8211; WordPress"}]},{"@type":"WebSite","@id":"https:\/\/elfsight.com\/pl\/#website","url":"https:\/\/elfsight.com\/pl\/","name":"Elfsight PL","description":"Just another Elfsight Sites site","potentialAction":[{"@type":"SearchAction","target":{"@type":"EntryPoint","urlTemplate":"https:\/\/elfsight.com\/pl\/?s={search_term_string}"},"query-input":{"@type":"PropertyValueSpecification","valueRequired":true,"valueName":"search_term_string"}}],"inLanguage":"pl-PL"}]}},"meta_box":{"industry":"","seo_heading":"","heading":"","description":"","cta_heading":"","cta_description":"","application":"749","h1":"Wtyczka WordPress do czatu na \u017cywo","h1_caption":"Zaoferuj swoim klientom mo\u017cliwo\u015b\u0107 \u0142atwego kontaktu z Tob\u0105 na wielu platformach komunikacyjnych, takich jak WhatsApp, Facebook, telegram i nie tylko, za pomoc\u0105 jednej wtyczki do Twojej witryny WordPress.","application_category":[],"applications_title":"","applications_request_title":"","applications_request_button_text":"","hero_text":"","hero_video":"","hero_video_schema_markup":"","selling_points_title":"","selling_points_caption":"","selling_points":[],"selling_points_cta_text":"","features_title":"","features":"","ed_cta_examples_text":"","ed_cta_examples_hidden":"","ed_cta_demo_text":"","ed_cta_demo_hidden":"","why_caption":"","why_editor_title":"","why_editor_text":"","why_team_title":"","why_team_text":"","why_service_title":"","why_service_text":"","template_catalog_visible":"0","template_catalog_title":"","template_catalog_text":"","template_catalog_categories_visible":"","demo_title":"Utw\u00f3rz wtyczk\u0119 do czatu All-in-One","demo_caption":"Skonfiguruj czat All-in-One i dodaj go do swojej witryny WordPress za darmo!","default_faq_hidden":"","app_template_category":[],"platform":"31","template_public_id":"","codecanyon_url":"","codecanyon_item_id":"","codecanyon_price":"","pricing_caption":"","pricing_elfsight_apps_hide_column":"","pricing_elfsight_apps_url":"","pricing_codecanyon_price_caption":"","integration_category":[],"integration_request_title":"","integration_request_cta":"","integration_platform":"","integrations":[],"platform_category":[],"video_schema_markup":"","price":"od 0 USD \/ miesi\u0105c","trial":"","benefits":[{"text":"Bezp\u0142atna pomoc w monta\u017cu"},{"text":"Wsparcie premium"},{"text":"14-dniowa gwarancja zwrotu pieni\u0119dzy"}],"button_url":"#demo","button_target_blank":"0","button_nofollow":"0","attributes":[{"name":"Instaluje"},{"name":"Czu\u0142y"},{"name":"Kompatybilne przegl\u0105darki"}],"tags":[],"tags_disable_links":"0","hide_more_platforms":"0","video_object":"","demo_hide_cta":"0","demo_hide_cloud_options":"0","pricing_title":"","pricing":[{"pricing_icon":"platform","pricing_title":"Elfsight Apps","pricing_title_caption":"Oprogramowanie wieloplatformowe","pricing_price":"od 0 USD \/ miesi\u0105c","pricing_price_caption":"zacznij od bezp\u0142atnego planu","pricing_benefits":[{"text":"Nielimitowane domeny"},{"text":"Profesjonalne i terminowe wsparcie"},{"text":"Bezp\u0142atna us\u0142uga monta\u017cu"},{"text":"Oferta specjalna na wiele aplikacji"}],"pricing_button_text":"Dodaj do witryny","pricing_button_url":"#demo"}],"related_apps_title":"","related_apps_hidden":"0","author":"","image":[],"title":"","job":"","social_networks":[]},"_links":{"self":[{"href":"https:\/\/elfsight.com\/pl\/wp-json\/wp\/v2\/pages\/3997","targetHints":{"allow":["GET"]}}],"collection":[{"href":"https:\/\/elfsight.com\/pl\/wp-json\/wp\/v2\/pages"}],"about":[{"href":"https:\/\/elfsight.com\/pl\/wp-json\/wp\/v2\/types\/page"}],"author":[{"embeddable":true,"href":"https:\/\/elfsight.com\/pl\/wp-json\/wp\/v2\/users\/9"}],"replies":[{"embeddable":true,"href":"https:\/\/elfsight.com\/pl\/wp-json\/wp\/v2\/comments?post=3997"}],"version-history":[{"count":3,"href":"https:\/\/elfsight.com\/pl\/wp-json\/wp\/v2\/pages\/3997\/revisions"}],"predecessor-version":[{"id":10449,"href":"https:\/\/elfsight.com\/pl\/wp-json\/wp\/v2\/pages\/3997\/revisions\/10449"}],"up":[{"embeddable":true,"href":"https:\/\/elfsight.com\/pl\/wp-json\/wp\/v2\/pages\/750"}],"wp:attachment":[{"href":"https:\/\/elfsight.com\/pl\/wp-json\/wp\/v2\/media?parent=3997"}],"curies":[{"name":"wp","href":"https:\/\/api.w.org\/{rel}","templated":true}]}}