{"id":3992,"date":"2024-05-03T06:26:42","date_gmt":"2024-05-03T06:26:42","guid":{"rendered":"https:\/\/elfsight.com\/pl\/?page_id=3992"},"modified":"2024-11-14T09:01:25","modified_gmt":"2024-11-14T09:01:25","slug":"woocommerce","status":"publish","type":"page","link":"https:\/\/elfsight.com\/pl\/all-in-one-chat-widget\/woocommerce\/","title":{"rendered":"All-in-One Chat &#8211; WooCommerce"},"content":{"rendered":"<div class=\"application-platform-content-item-description application-platform-content-item\" id=\"description\" data-nav-section=\"description\"> <h2>Opis<\/h2> <p>Kompleksowy czat na \u017cywo firmy Elfsight to jeden z najszybszych sposob\u00f3w kontaktowania si\u0119 z Tob\u0105 przez klient\u00f3w witryny internetowej i uzyskaj od Ciebie wsparcie. B\u0119dziesz m\u00f3g\u0142 by\u0107 dost\u0119pny na \u017cywo we wszystkich najcz\u0119\u015bciej u\u017cywanych komunikatorach non-stop. Umie\u015b\u0107 wtyczk\u0119 na swojej stronie, a b\u0119dzie mo\u017cna j\u0105 aktywowa\u0107 na wybranych stronach lub dla oddzielnych grup odwiedzaj\u0105cych, zdefiniowa\u0107 pocz\u0105tek czatu, utworzy\u0107 tekst powitalny, ustawi\u0107 ikony i wiele wi\u0119cej. Dzi\u0119ki wtyczce na stronie b\u0119dziesz dost\u0119pny dla ludzi o ka\u017cdej porze i w ka\u017cdym miejscu. <\/p> <p><b>Wszystkie znane komunikatory, takie jak Facebook, Viber, Telegram, WhatsApp i inne w jednym, aby zapewni\u0107 maksymalnie atrakcyjn\u0105 i wygodn\u0105 interakcj\u0119 z klientami!<\/b><\/p> <p><b>Skonsoliduj wymagania swoich klient\u00f3w<\/b><br>\u0141\u0105cz\u0105c wszystkie dobrze znane kana\u0142y komunikacji w responsywnej wtyczce Chat Box, b\u0119dziesz m\u00f3g\u0142 rozwi\u0105zywa\u0107 wiele zada\u0144 w jednym miejscu, zwi\u0119kszaj\u0105c satysfakcj\u0119 klient\u00f3w.<\/p><p><b>Narz\u0119dzie z mo\u017cliwo\u015bci\u0105 g\u0142\u0119bokiej personalizacji<\/b><br>WhatsApp, Viber, Facebook Messenger, Discord, Telegram, Line, &#8211; mo\u017cesz zastosowa\u0107 je w ca\u0142o\u015bci lub wybra\u0107 te, kt\u00f3re odpowiadaj\u0105 Twoim potrzebom, dostosowuj\u0105c ich kolorystyk\u0119, rozmiar i wiele wi\u0119cej.<\/b><p><b>Utrzymuj komunikacj\u0119 w czasie rzeczywistym<\/b><br>Umieszczaj\u0105c wid\u017cet Czat na \u017cywo na swojej stronie internetowej, lepiej poznasz swoich go\u015bci, zapewniaj\u0105c im wiod\u0105ca w swojej klasie us\u0142uga oferuj\u0105ca bardziej ukierunkowane us\u0142ugi.<\/b><\/div> <div class=\"application-platform-content-item-features application-platform-content-item\" id=\"features\" data-nav-section=\"features\"> <h2>Najpopularniejsze funkcje widget\u00f3w obejmuj\u0105<\/h2> <ul><li>Dodaj wszystko-w- Jedna wtyczka komunikatora czatu online na Twojej stronie, umo\u017cliwiaj\u0105ca prowadzenie rozm\u00f3w z u\u017cytkownikami. <\/li><li>Trzy warianty pozycji czatu: p\u0142ywaj\u0105ca ba\u0144ka, osadzana ba\u0144ka i osadzane okno czatu. <\/li><li>Zbi\u00f3r ikon b\u0105belk\u00f3w do wyboru. <\/li><li>Elastyczny tytu\u0142 czatu ze zdj\u0119ciem strony, nazw\u0105 i podpisem<\/li><li>Domy\u015blne ustawienie obrazu strony z kolekcji lub przes\u0142anie niestandardowego obrazu. <\/li><\/ul><p><a href=\"#demo\">Po prostu wypr\u00f3buj t\u0119 wersj\u0119 demonstracyjn\u0105, aby uzyska\u0107 pe\u0142ny obraz<\/a><\/p> <\/div> <div class=\"application-platform-content-item-installation application-platform-content-item\" id=\"installation\" data-nav-section=\"installation\"> <h2>Jak mog\u0119 doda\u0107 wtyczk\u0119 All in One Chat do mojej witryny WooCommerce?<\/h2> <p>Wystarczy wykona\u0107 poni\u017csze wskaz\u00f3wki, aby zintegrowa\u0107 wtyczk\u0119. <\/p> <ol><li><b>Korzystaj\u0105c z naszego bezp\u0142atnego konfiguratora, zacznij tworzy\u0107 w\u0142asn\u0105 wtyczk\u0119. <\/b><br> Wybierz odpowiedni uk\u0142ad i specyfikacje wid\u017cetu i zapisz poprawki.<\/li> <li><b>Zdob\u0105d\u017a sw\u00f3j osobisty kod pojawiaj\u0105cy si\u0119 w polu w aplikacjach Elfsight. <\/b><br> Zaraz po zako\u0144czeniu konfiguracji wid\u017cetu skopiuj osobisty kod z wy\u015bwietlonego okna i zachowaj go na p\u00f3\u017aniej.<\/li> <li><b>Rozpocznij korzystanie z wtyczki na WooCommerce stron\u0119 g\u0142\u00f3wn\u0105.<\/b><br> Dodaj skopiowany wcze\u015bniej kod na swoj\u0105 stron\u0119 i zastosuj modyfikacje.<\/li> <li><b>Gotowe! Integracja zosta\u0142a w pe\u0142ni przeprowadzona.<\/b><br> Przejd\u017a do swojej witryny, aby sprawdzi\u0107, jak dzia\u0142a Chat Box.<\/li><\/ol> <p>W przypadku napotkania jakichkolwiek komplikacji skontaktuj si\u0119 z naszym klientem Zesp\u00f3\u0142 serwisowy. Nasi ludzie ch\u0119tnie pomog\u0105 Ci we wszystkich problemach, jakie mo\u017cesz mie\u0107 z wid\u017cetem. <\/p> <\/div><div class=\"faq\" data-component=\"FAQ\"><div class=\"faq-item\">\r\n\t\t\t\t\t<div class=\"faq-item-question\">\r\n\t\t\t\t\t\t<h3 class=\"faq-item-question-text\">Jak mog\u0119 osadzi\u0107 czat na \u017cywo w witrynie WooCommerce?<\/h3>\r\n\r\n\t\t\t\t\t\t<div class=\"faq-item-question-icon\"><\/div>\r\n\t\t\t\t\t<\/div>\r\n\r\n\t\t\t\t\t<div class=\"faq-item-answer\">\r\n\t\t\t\t\t\t<div class=\"faq-item-answer-text\"><p>Nast\u0119puje za\u0142o\u017cenie narz\u0119dzia na stronach Elfsight i nie ma potrzeby uczenia si\u0119 kodowania. Przejd\u017a do naszej wersji demonstracyjnej na \u017cywo, aby utworzy\u0107 osobist\u0105 wtyczk\u0119, zdoby\u0107 kod i zintegrowa\u0107 go ze swoj\u0105 witryn\u0105. <\/p><\/div>\r\n\t\t\t\t\t<\/div>\r\n\t\t\t\t<\/div><div class=\"faq-item\">\r\n\t\t\t\t\t<div class=\"faq-item-question\">\r\n\t\t\t\t\t\t<h3 class=\"faq-item-question-text\">Najlepsze przyk\u0142ady wykorzystania integracji z czatem na \u017cywo<\/h3>\r\n\r\n\t\t\t\t\t\t<div class=\"faq-item-question-icon\"><\/div>\r\n\t\t\t\t\t<\/div>\r\n\r\n\t\t\t\t\t<div class=\"faq-item-answer\">\r\n\t\t\t\t\t\t<div class=\"faq-item-answer-text\"><p>Zapewniamy mn\u00f3stwo mo\u017cliwo\u015bci dostosowywania: pe\u0142nowymiarowe wid\u017cety do osadzania w sekcji tre\u015bci, p\u0142ywaj\u0105ce wtyczki z mo\u017cliwo\u015bci\u0105 przewijania, miniaturami stopki, sekcj\u0105 nag\u0142\u00f3wka i wszelkiego rodzaju mo\u017cliwo\u015bciami pionowymi dla pask\u00f3w bocznych i menu witryny. <\/p><\/div>\r\n\t\t\t\t\t<\/div>\r\n\t\t\t\t<\/div><div class=\"faq-item\">\r\n\t\t\t\t\t<div class=\"faq-item-question\">\r\n\t\t\t\t\t\t<h3 class=\"faq-item-question-text\">Jak zbudowa\u0107 czat na \u017cywo z informacj\u0105 zwrotn\u0105 lub wprowadzeniem za pomoc\u0105 edytora?<\/h3>\r\n\r\n\t\t\t\t\t\t<div class=\"faq-item-question-icon\"><\/div>\r\n\t\t\t\t\t<\/div>\r\n\r\n\t\t\t\t\t<div class=\"faq-item-answer\">\r\n\t\t\t\t\t\t<div class=\"faq-item-answer-text\"><p>Mo\u017cesz zbudowa\u0107 dowolne odmiany wid\u017cetu. W edytorze dost\u0119pnych jest wiele uk\u0142ad\u00f3w, a ka\u017cdy z nich mo\u017cna szybko dostosowa\u0107 do w\u0142asnych potrzeb. <\/p><\/div>\r\n\t\t\t\t\t<\/div>\r\n\t\t\t\t<\/div><\/div>","protected":false},"excerpt":{"rendered":"","protected":false},"author":9,"featured_media":0,"parent":750,"menu_order":0,"comment_status":"closed","ping_status":"closed","template":"templates\/template-application-platform.php","meta":{"publish_to_discourse":"","publish_post_category":"","wpdc_auto_publish_overridden":"","wpdc_topic_tags":"","wpdc_pin_topic":"","wpdc_pin_until":"","discourse_post_id":"","discourse_permalink":"","wpdc_publishing_response":"","wpdc_publishing_error":"","footnotes":""},"class_list":["post-3992","page","type-page","status-publish","hentry"],"yoast_head":"<!-- This site is optimized with the Yoast SEO plugin v25.3.1 - https:\/\/yoast.com\/wordpress\/plugins\/seo\/ -->\n<title>Czat na \u017cywo \u2014 dodaj wtyczk\u0119 czatu do witryn WooCommerce (bezp\u0142atnie i szybko)<\/title>\n<meta name=\"description\" content=\"Zaimplementuj wtyczk\u0119 All-in-One Live Chat w WooCommerce w 1-2-3. Skorzystaj z naszej aktywnej wersji demonstracyjnej, aby bez wysi\u0142ku stworzy\u0107 sw\u00f3j ekskluzywny czat online.\" \/>\n<meta name=\"robots\" content=\"index, follow, max-snippet:-1, max-image-preview:large, max-video-preview:-1\" \/>\n<link rel=\"canonical\" href=\"https:\/\/elfsight.com\/pl\/all-in-one-chat-widget\/woocommerce\/\" \/>\n<meta property=\"og:locale\" content=\"pl_PL\" \/>\n<meta property=\"og:type\" content=\"article\" \/>\n<meta property=\"og:title\" content=\"Czat na \u017cywo \u2014 dodaj wtyczk\u0119 czatu do witryn WooCommerce (bezp\u0142atnie i szybko)\" \/>\n<meta property=\"og:description\" content=\"Zaimplementuj wtyczk\u0119 All-in-One Live Chat w WooCommerce w 1-2-3. Skorzystaj z naszej aktywnej wersji demonstracyjnej, aby bez wysi\u0142ku stworzy\u0107 sw\u00f3j ekskluzywny czat online.\" \/>\n<meta property=\"og:url\" content=\"https:\/\/elfsight.com\/pl\/all-in-one-chat-widget\/woocommerce\/\" \/>\n<meta property=\"og:site_name\" content=\"Elfsight PL\" \/>\n<meta property=\"article:modified_time\" content=\"2024-11-14T09:01:25+00:00\" \/>\n<meta name=\"twitter:card\" content=\"summary_large_image\" \/>\n<meta name=\"twitter:label1\" content=\"Szacowany czas czytania\" \/>\n\t<meta name=\"twitter:data1\" content=\"3 minuty\" \/>\n<!-- \/ Yoast SEO plugin. -->","yoast_head_json":{"title":"Czat na \u017cywo \u2014 dodaj wtyczk\u0119 czatu do witryn WooCommerce (bezp\u0142atnie i szybko)","description":"Zaimplementuj wtyczk\u0119 All-in-One Live Chat w WooCommerce w 1-2-3. Skorzystaj z naszej aktywnej wersji demonstracyjnej, aby bez wysi\u0142ku stworzy\u0107 sw\u00f3j ekskluzywny czat online.","robots":{"index":"index","follow":"follow","max-snippet":"max-snippet:-1","max-image-preview":"max-image-preview:large","max-video-preview":"max-video-preview:-1"},"canonical":"https:\/\/elfsight.com\/pl\/all-in-one-chat-widget\/woocommerce\/","og_locale":"pl_PL","og_type":"article","og_title":"Czat na \u017cywo \u2014 dodaj wtyczk\u0119 czatu do witryn WooCommerce (bezp\u0142atnie i szybko)","og_description":"Zaimplementuj wtyczk\u0119 All-in-One Live Chat w WooCommerce w 1-2-3. Skorzystaj z naszej aktywnej wersji demonstracyjnej, aby bez wysi\u0142ku stworzy\u0107 sw\u00f3j ekskluzywny czat online.","og_url":"https:\/\/elfsight.com\/pl\/all-in-one-chat-widget\/woocommerce\/","og_site_name":"Elfsight PL","article_modified_time":"2024-11-14T09:01:25+00:00","twitter_card":"summary_large_image","twitter_misc":{"Szacowany czas czytania":"3 minuty"},"schema":{"@context":"https:\/\/schema.org","@graph":[{"@type":"WebPage","@id":"https:\/\/elfsight.com\/pl\/all-in-one-chat-widget\/woocommerce\/","url":"https:\/\/elfsight.com\/pl\/all-in-one-chat-widget\/woocommerce\/","name":"Czat na \u017cywo \u2014 dodaj wtyczk\u0119 czatu do witryn WooCommerce (bezp\u0142atnie i szybko)","isPartOf":{"@id":"https:\/\/elfsight.com\/pl\/#website"},"datePublished":"2024-05-03T06:26:42+00:00","dateModified":"2024-11-14T09:01:25+00:00","description":"Zaimplementuj wtyczk\u0119 All-in-One Live Chat w WooCommerce w 1-2-3. Skorzystaj z naszej aktywnej wersji demonstracyjnej, aby bez wysi\u0142ku stworzy\u0107 sw\u00f3j ekskluzywny czat online.","breadcrumb":{"@id":"https:\/\/elfsight.com\/pl\/all-in-one-chat-widget\/woocommerce\/#breadcrumb"},"inLanguage":"pl-PL","potentialAction":[{"@type":"ReadAction","target":["https:\/\/elfsight.com\/pl\/all-in-one-chat-widget\/woocommerce\/"]}]},{"@type":"BreadcrumbList","@id":"https:\/\/elfsight.com\/pl\/all-in-one-chat-widget\/woocommerce\/#breadcrumb","itemListElement":[{"@type":"ListItem","position":1,"name":"Home","item":"https:\/\/elfsight.com\/pl\/"},{"@type":"ListItem","position":2,"name":"All-in-One Chat","item":"https:\/\/elfsight.com\/pl\/all-in-one-chat-widget\/"},{"@type":"ListItem","position":3,"name":"All-in-One Chat &#8211; WooCommerce"}]},{"@type":"WebSite","@id":"https:\/\/elfsight.com\/pl\/#website","url":"https:\/\/elfsight.com\/pl\/","name":"Elfsight PL","description":"Just another Elfsight Sites site","potentialAction":[{"@type":"SearchAction","target":{"@type":"EntryPoint","urlTemplate":"https:\/\/elfsight.com\/pl\/?s={search_term_string}"},"query-input":{"@type":"PropertyValueSpecification","valueRequired":true,"valueName":"search_term_string"}}],"inLanguage":"pl-PL"}]}},"meta_box":{"industry":"","seo_heading":"","heading":"","description":"","cta_heading":"","cta_description":"","application":"749","h1":"Wtyczka czatu na \u017cywo WooCommerce","h1_caption":"Zaoferuj swoim klientom mo\u017cliwo\u015b\u0107 \u0142atwego kontaktu z Tob\u0105 na wielu platformach komunikacyjnych, takich jak WhatsApp, Facebook, telegram i nie tylko, z jednej aplikacji na Twoj\u0105 witryn\u0119 WooCommerce.","application_category":[],"applications_title":"","applications_request_title":"","applications_request_button_text":"","hero_text":"","hero_video":"","hero_video_schema_markup":"","selling_points_title":"","selling_points_caption":"","selling_points":[],"selling_points_cta_text":"","features_title":"","features":"","ed_cta_examples_text":"","ed_cta_examples_hidden":"","ed_cta_demo_text":"","ed_cta_demo_hidden":"","why_caption":"","why_editor_title":"","why_editor_text":"","why_team_title":"","why_team_text":"","why_service_title":"","why_service_text":"","template_catalog_visible":"","template_catalog_title":"","template_catalog_text":"","template_catalog_categories_visible":"","demo_title":"Utw\u00f3rz aplikacj\u0119 do czatowania typu \u201ewszystko w jednym\u201d.","demo_caption":"Skonfiguruj czat All-in-One i dodaj go do swojej witryny WooCommerce za darmo!","default_faq_hidden":"","app_template_category":[],"platform":"335","template_public_id":"","codecanyon_url":"","codecanyon_item_id":"","codecanyon_price":"","pricing_caption":"","pricing_elfsight_apps_hide_column":"","pricing_elfsight_apps_url":"","pricing_codecanyon_price_caption":"","integration_category":[],"integration_request_title":"","integration_request_cta":"","integration_platform":"","integrations":[],"platform_category":[],"video_schema_markup":"","price":"od 0 USD \/ miesi\u0105c","trial":"","benefits":[{"text":"Bezp\u0142atna pomoc w instalacji"},{"text":"Wyj\u0105tkowe wsparcie"},{"text":"14-dniowa gwarancja zwrotu pieni\u0119dzy"}],"button_url":"#demo","button_target_blank":"","button_nofollow":"","attributes":[{"name":"Instaluje"},{"name":"Czu\u0142y"},{"name":"Kompatybilne przegl\u0105darki"}],"tags":[],"tags_disable_links":"","hide_more_platforms":"","video_object":"","demo_hide_cta":"","demo_hide_cloud_options":"","pricing_title":"","pricing":[{"pricing_icon":"platform","pricing_title":"Elfsight Apps","pricing_title_caption":"Rozwi\u0105zanie niezale\u017cne od platformy, kt\u00f3re dzia\u0142a na ka\u017cdej witrynie","pricing_price":"od 0 USD \/ miesi\u0105c","pricing_price_caption":"zacznij od bezp\u0142atnego planu","pricing_benefits":[{"text":"Nielimitowane strony internetowe"},{"text":"Wsparcie premium i na czas"},{"text":"Bezp\u0142atna pomoc w instalacji"},{"text":"100% konfigurowalny"}],"pricing_button_text":"Dodaj do witryny","pricing_button_url":"#demo"}],"related_apps_title":"","related_apps_hidden":"","author":"","image":[],"title":"","job":"","social_networks":[]},"_links":{"self":[{"href":"https:\/\/elfsight.com\/pl\/wp-json\/wp\/v2\/pages\/3992","targetHints":{"allow":["GET"]}}],"collection":[{"href":"https:\/\/elfsight.com\/pl\/wp-json\/wp\/v2\/pages"}],"about":[{"href":"https:\/\/elfsight.com\/pl\/wp-json\/wp\/v2\/types\/page"}],"author":[{"embeddable":true,"href":"https:\/\/elfsight.com\/pl\/wp-json\/wp\/v2\/users\/9"}],"replies":[{"embeddable":true,"href":"https:\/\/elfsight.com\/pl\/wp-json\/wp\/v2\/comments?post=3992"}],"version-history":[{"count":1,"href":"https:\/\/elfsight.com\/pl\/wp-json\/wp\/v2\/pages\/3992\/revisions"}],"predecessor-version":[{"id":3996,"href":"https:\/\/elfsight.com\/pl\/wp-json\/wp\/v2\/pages\/3992\/revisions\/3996"}],"up":[{"embeddable":true,"href":"https:\/\/elfsight.com\/pl\/wp-json\/wp\/v2\/pages\/750"}],"wp:attachment":[{"href":"https:\/\/elfsight.com\/pl\/wp-json\/wp\/v2\/media?parent=3992"}],"curies":[{"name":"wp","href":"https:\/\/api.w.org\/{rel}","templated":true}]}}