{"id":3990,"date":"2024-05-03T06:26:40","date_gmt":"2024-05-03T06:26:40","guid":{"rendered":"https:\/\/elfsight.com\/pl\/?page_id=3990"},"modified":"2024-11-14T08:53:13","modified_gmt":"2024-11-14T08:53:13","slug":"google-sites","status":"publish","type":"page","link":"https:\/\/elfsight.com\/pl\/all-in-one-chat-widget\/google-sites\/","title":{"rendered":"All-in-One Chat &#8211; Google Sites"},"content":{"rendered":"<div class=\"application-platform-content-item-description application-platform-content-item\" id=\"description\" data-nav-section=\"description\"> <h2>Umie\u015b\u0107 czat typu \u201ewszystko w jednym\u201d w Witrynach Google za pomoc\u0105 wid\u017cetu Elfsight<\/h2> <p>Czat na \u017cywo Elfsight dla Google to jeden z najszybszy gad\u017cet, dzi\u0119ki kt\u00f3remu ludzie mog\u0105 si\u0119 z Tob\u0105 skontaktowa\u0107 i uzyska\u0107 odpowiedzi na swoje pytania. B\u0119dziesz dost\u0119pny online we wszystkich ulubionych komunikatorach 24 godziny na dob\u0119, 7 dni w tygodniu. Dodaj wid\u017cet na swoj\u0105 stron\u0119, a b\u0119dzie mo\u017cna go aktywowa\u0107 na wybranych stronach lub dla poszczeg\u00f3lnych grup odbiorc\u00f3w, wybra\u0107 wyzwalacze rozpoczynaj\u0105ce czat, ustawi\u0107 tekst powitalny, wybra\u0107 ikony i nie tylko. Dzi\u0119ki wtyczce na swojej stronie b\u0119dziesz dost\u0119pny dla ludzi o ka\u017cdej porze i z dowolnego miejsca. <\/p> <p><b>Utrzymuj proste adresy i szybkie odpowiedzi, zwi\u0119kszaj\u0105c sprzeda\u017c dzi\u0119ki konsultacjom<\/b><\/p> <\/div> <div class=\"application-platform-content-item-features application-platform-content-item\" id=\"features\" data-nav-section=\"features\"> <h2>Poni\u017cej znajduj\u0105 si\u0119 najwa\u017cniejsze funkcje gad\u017cetu Czat:<\/h2> <ul><li>Dodaj komunikator czatu typu \u201ewszystko w jednym\u201d do swojej witryny, aby rozmawia\u0107 z odwiedzaj\u0105cymi. <\/li><li>Trzy typy pozycji czatu: p\u0142ywaj\u0105ca ba\u0144ka, osadzana ba\u0144ka i osadzane okno czatu. <\/li><li>Biblioteka ikon b\u0105belk\u00f3w do wyboru. <\/li><li>Nag\u0142\u00f3wek MalleableChat ze zdj\u0119ciem strony, nazw\u0105 i podtytu\u0142em<\/li><li>Domy\u015blne wybieranie obrazu strony z biblioteki lub przesy\u0142anie niestandardowego obrazu. <\/li><\/ul><p><a href=\"#demo\">Odkryj wszystkie opcje dostosowywania w pe\u0142ni funkcjonalnej wersji demonstracyjnej<\/a><\/p> <\/div> <div class=\"application-platform-content-item-installation application-platform-content-item\" id=\"installation\" data-nav-section=\"installation\"> <h2>Jak doda\u0107 Czat na \u017cywo do moich Witryn Google?<\/h2> <p>Wystarczy wykona\u0107 kilka krok\u00f3w przedstawionych poni\u017cej, aby rozpocz\u0105\u0107 korzystanie z gad\u017cetu.<\/p> <ol><li><b>Skorzystaj z naszego bezp\u0142atnego demo i rozpocznij tworzenie w\u0142asnej wtyczki.<\/b><br> Okre\u015bl preferowany interfejs i opcje wtyczki i zastosuj modyfikacje.<\/li> <li><b>Skopiuj sw\u00f3j unikalny kod widoczny w specjalnym formularzu w aplikacjach Elfsight.<\/b><br> Po zako\u0144czeniu generowania osobistego wid\u017cetu skopiuj ekskluzywny kod z wy\u015bwietlonego pola i zapisz go na przysz\u0142o\u015b\u0107.<\/li> <li><b>Wejd\u017a w u\u017cycie przycisku Gad\u017cet Messenger na Twojej stronie Google.<\/b><br> Umie\u015b\u0107 skopiowany ostatnio kod na swojej stronie i zapisz poprawki.<\/li> <li><b>Instalacja zosta\u0142a pomy\u015blnie zako\u0144czona.<\/b><br> Przejd\u017a do swojej strony, aby sprawdzi\u0107, jak dzia\u0142a widget.<\/li><\/ol> <div class=\"tip-yellow tip\"><b>Ze wzgl\u0119du na specyfik\u0119 dzia\u0142ania Witryn Google, wid\u017cet mo\u017ce wygl\u0105da\u0107 inaczej ni\u017c wersja demonstracyjna online. Przepraszamy za wszelkie niedogodno\u015bci.<\/b><\/div><p>W przypadku pyta\u0144 lub wyst\u0105pienia problem\u00f3w prosimy o kontakt z naszym dzia\u0142em obs\u0142ugi klienta. Nasi konsultanci z przyjemno\u015bci\u0105 rozwi\u0105\u017c\u0105 wszystkie problemy, jakie mo\u017cesz mie\u0107 z produktem. <\/p> <div class=\"faq\" data-component=\"FAQ\"><div class=\"faq-item\">\r\n\t\t\t\t\t<div class=\"faq-item-question\">\r\n\t\t\t\t\t\t<h3 class=\"faq-item-question-text\"><\/h3>\r\n\r\n\t\t\t\t\t\t<div class=\"faq-item-question-icon\"><\/div>\r\n\t\t\t\t\t<\/div>\r\n\r\n\t\t\t\t\t<div class=\"faq-item-answer\">\r\n\t\t\t\t\t\t<div class=\"faq-item-answer-text\"><p>Elfsight zapewnia rozwi\u0105zanie SaaS, kt\u00f3re pozwala utworzy\u0107 czat typu \u201ewszystko w jednym\u201d Sam wid\u017cet czatu, przekonaj si\u0119, jak \u0142atwy jest ten proces: Pracuj bezpo\u015brednio w edytorze online, aby utworzy\u0107 kompleksowy wid\u017cet czatu, kt\u00f3ry chcesz widzie\u0107 w swojej witrynie Witryn Google. Wybierz jeden z gotowych szablon\u00f3w i dostosuj ustawienia czatu \u201ewszystko w jednym\u201d, dodaj tre\u015b\u0107, zmie\u0144 uk\u0142ad i kolory bez umiej\u0119tno\u015bci kodowania. Zapisz Czat kompleksowy i skopiuj jego kod instalacyjny, kt\u00f3ry mo\u017cesz \u0142atwo osadzi\u0107 w swojej witrynie Google Sites bez konieczno\u015bci kupowania p\u0142atnego planu. Za pomoc\u0105 naszego intuicyjnego edytora ka\u017cdy u\u017cytkownik Internetu mo\u017ce utworzy\u0107 kompleksowy wid\u017cet czatu online i \u0142atwo osadzi\u0107 go w swojej witrynie Google Sites. Aby uzyska\u0107 dost\u0119p do us\u0142ugi, nie trzeba p\u0142aci\u0107 ani wprowadza\u0107 danych uwierzytelniaj\u0105cych karty. Je\u015bli na kt\u00f3rymkolwiek etapie napotkasz jakiekolwiek problemy, skontaktuj si\u0119 z naszym zespo\u0142em pomocy technicznej.<\/p><\/div>\r\n\t\t\t\t\t<\/div>\r\n\t\t\t\t<\/div><\/div><\/div>","protected":false},"excerpt":{"rendered":"","protected":false},"author":9,"featured_media":0,"parent":750,"menu_order":0,"comment_status":"closed","ping_status":"closed","template":"templates\/template-application-platform.php","meta":{"publish_to_discourse":"","publish_post_category":"","wpdc_auto_publish_overridden":"","wpdc_topic_tags":"","wpdc_pin_topic":"","wpdc_pin_until":"","discourse_post_id":"","discourse_permalink":"","wpdc_publishing_response":"","wpdc_publishing_error":"","footnotes":""},"class_list":["post-3990","page","type-page","status-publish","hentry"],"yoast_head":"<!-- This site is optimized with the Yoast SEO plugin v25.3.1 - https:\/\/yoast.com\/wordpress\/plugins\/seo\/ -->\n<title>Czat na \u017cywo \u2014 dodaj wid\u017cet Czat na \u017cywo do Witryn Google [2025]<\/title>\n<meta name=\"description\" content=\"Umie\u015b\u0107 sw\u00f3j kompleksowy czat w Witrynach Google w ci\u0105gu kilku minut. Skorzystaj z naszego przydatnego demo, aby bez wysi\u0142ku zbudowa\u0107 sw\u00f3j ekskluzywny widget komunikatora.\" \/>\n<meta name=\"robots\" content=\"index, follow, max-snippet:-1, max-image-preview:large, max-video-preview:-1\" \/>\n<link rel=\"canonical\" href=\"https:\/\/elfsight.com\/pl\/all-in-one-chat-widget\/google-sites\/\" \/>\n<meta property=\"og:locale\" content=\"pl_PL\" \/>\n<meta property=\"og:type\" content=\"article\" \/>\n<meta property=\"og:title\" content=\"Czat na \u017cywo \u2014 dodaj wid\u017cet Czat na \u017cywo do Witryn Google [2025]\" \/>\n<meta property=\"og:description\" content=\"Umie\u015b\u0107 sw\u00f3j kompleksowy czat w Witrynach Google w ci\u0105gu kilku minut. Skorzystaj z naszego przydatnego demo, aby bez wysi\u0142ku zbudowa\u0107 sw\u00f3j ekskluzywny widget komunikatora.\" \/>\n<meta property=\"og:url\" content=\"https:\/\/elfsight.com\/pl\/all-in-one-chat-widget\/google-sites\/\" \/>\n<meta property=\"og:site_name\" content=\"Elfsight PL\" \/>\n<meta property=\"article:modified_time\" content=\"2024-11-14T08:53:13+00:00\" \/>\n<meta name=\"twitter:card\" content=\"summary_large_image\" \/>\n<meta name=\"twitter:label1\" content=\"Szacowany czas czytania\" \/>\n\t<meta name=\"twitter:data1\" content=\"3 minuty\" \/>\n<!-- \/ Yoast SEO plugin. -->","yoast_head_json":{"title":"Czat na \u017cywo \u2014 dodaj wid\u017cet Czat na \u017cywo do Witryn Google [2025]","description":"Umie\u015b\u0107 sw\u00f3j kompleksowy czat w Witrynach Google w ci\u0105gu kilku minut. Skorzystaj z naszego przydatnego demo, aby bez wysi\u0142ku zbudowa\u0107 sw\u00f3j ekskluzywny widget komunikatora.","robots":{"index":"index","follow":"follow","max-snippet":"max-snippet:-1","max-image-preview":"max-image-preview:large","max-video-preview":"max-video-preview:-1"},"canonical":"https:\/\/elfsight.com\/pl\/all-in-one-chat-widget\/google-sites\/","og_locale":"pl_PL","og_type":"article","og_title":"Czat na \u017cywo \u2014 dodaj wid\u017cet Czat na \u017cywo do Witryn Google [2025]","og_description":"Umie\u015b\u0107 sw\u00f3j kompleksowy czat w Witrynach Google w ci\u0105gu kilku minut. Skorzystaj z naszego przydatnego demo, aby bez wysi\u0142ku zbudowa\u0107 sw\u00f3j ekskluzywny widget komunikatora.","og_url":"https:\/\/elfsight.com\/pl\/all-in-one-chat-widget\/google-sites\/","og_site_name":"Elfsight PL","article_modified_time":"2024-11-14T08:53:13+00:00","twitter_card":"summary_large_image","twitter_misc":{"Szacowany czas czytania":"3 minuty"},"schema":{"@context":"https:\/\/schema.org","@graph":[{"@type":"WebPage","@id":"https:\/\/elfsight.com\/pl\/all-in-one-chat-widget\/google-sites\/","url":"https:\/\/elfsight.com\/pl\/all-in-one-chat-widget\/google-sites\/","name":"Czat na \u017cywo \u2014 dodaj wid\u017cet Czat na \u017cywo do Witryn Google [2025]","isPartOf":{"@id":"https:\/\/elfsight.com\/pl\/#website"},"datePublished":"2024-05-03T06:26:40+00:00","dateModified":"2024-11-14T08:53:13+00:00","description":"Umie\u015b\u0107 sw\u00f3j kompleksowy czat w Witrynach Google w ci\u0105gu kilku minut. Skorzystaj z naszego przydatnego demo, aby bez wysi\u0142ku zbudowa\u0107 sw\u00f3j ekskluzywny widget komunikatora.","breadcrumb":{"@id":"https:\/\/elfsight.com\/pl\/all-in-one-chat-widget\/google-sites\/#breadcrumb"},"inLanguage":"pl-PL","potentialAction":[{"@type":"ReadAction","target":["https:\/\/elfsight.com\/pl\/all-in-one-chat-widget\/google-sites\/"]}]},{"@type":"BreadcrumbList","@id":"https:\/\/elfsight.com\/pl\/all-in-one-chat-widget\/google-sites\/#breadcrumb","itemListElement":[{"@type":"ListItem","position":1,"name":"Home","item":"https:\/\/elfsight.com\/pl\/"},{"@type":"ListItem","position":2,"name":"All-in-One Chat","item":"https:\/\/elfsight.com\/pl\/all-in-one-chat-widget\/"},{"@type":"ListItem","position":3,"name":"All-in-One Chat &#8211; Google Sites"}]},{"@type":"WebSite","@id":"https:\/\/elfsight.com\/pl\/#website","url":"https:\/\/elfsight.com\/pl\/","name":"Elfsight PL","description":"Just another Elfsight Sites site","potentialAction":[{"@type":"SearchAction","target":{"@type":"EntryPoint","urlTemplate":"https:\/\/elfsight.com\/pl\/?s={search_term_string}"},"query-input":{"@type":"PropertyValueSpecification","valueRequired":true,"valueName":"search_term_string"}}],"inLanguage":"pl-PL"}]}},"meta_box":{"industry":"","seo_heading":"","heading":"","description":"","cta_heading":"","cta_description":"","application":"749","h1":"Wid\u017cet czatu na \u017cywo w Witrynach Google","h1_caption":"Zaoferuj swoim klientom mo\u017cliwo\u015b\u0107 \u0142atwego kontaktowania si\u0119 z Tob\u0105 za po\u015brednictwem wielu platform komunikacyjnych, takich jak WhatsApp, Facebook, telegram i nie tylko, za pomoc\u0105 jednego wid\u017cetu w Twoich Witrynach Google.","application_category":[],"applications_title":"","applications_request_title":"","applications_request_button_text":"","hero_text":"","hero_video":"","hero_video_schema_markup":"","selling_points_title":"","selling_points_caption":"","selling_points":[],"selling_points_cta_text":"","features_title":"","features":"","ed_cta_examples_text":"","ed_cta_examples_hidden":"","ed_cta_demo_text":"","ed_cta_demo_hidden":"","why_caption":"","why_editor_title":"","why_editor_text":"","why_team_title":"","why_team_text":"","why_service_title":"","why_service_text":"","template_catalog_visible":"","template_catalog_title":"","template_catalog_text":"","template_catalog_categories_visible":"","demo_title":"Utw\u00f3rz wid\u017cet czatu typu \u201ewszystko w jednym\u201d.","demo_caption":"Skonfiguruj czat kompleksowy i dodaj go do swojej witryny Google Sites za darmo!","default_faq_hidden":"","app_template_category":[],"platform":"484","template_public_id":"","codecanyon_url":"","codecanyon_item_id":"","codecanyon_price":"","pricing_caption":"","pricing_elfsight_apps_hide_column":"","pricing_elfsight_apps_url":"","pricing_codecanyon_price_caption":"","integration_category":[],"integration_request_title":"","integration_request_cta":"","integration_platform":"","integrations":[],"platform_category":[],"video_schema_markup":"","price":"od 0 USD \/ miesi\u0105c","trial":"","benefits":[{"text":"Bezp\u0142atna pomoc w monta\u017cu"},{"text":"Kompetentna obs\u0142uga klienta"},{"text":"14-dniowa gwarancja zwrotu pieni\u0119dzy"}],"button_url":"#demo","button_target_blank":"","button_nofollow":"","attributes":[{"name":"Instaluje"},{"name":"Czu\u0142y"},{"name":"Kompatybilne przegl\u0105darki"}],"tags":[],"tags_disable_links":"","hide_more_platforms":"","video_object":"","demo_hide_cta":"","demo_hide_cloud_options":"","pricing_title":"","pricing":[{"pricing_icon":"platform","pricing_title":"Elfsight Apps","pricing_title_caption":"Oprogramowanie wieloplatformowe","pricing_price":"od 0 USD \/ miesi\u0105c","pricing_price_caption":"zacznij od bezp\u0142atnego planu","pricing_benefits":[{"text":"Nieograniczona liczba stron internetowych"},{"text":"Dedykowane i terminowe wsparcie"},{"text":"Bezp\u0142atna pomoc w monta\u017cu"},{"text":"Specjalna cena za wiele aplikacji"}],"pricing_button_text":"Dodaj do witryny","pricing_button_url":"#demo"}],"related_apps_title":"","related_apps_hidden":"","author":"","image":[],"title":"","job":"","social_networks":[]},"_links":{"self":[{"href":"https:\/\/elfsight.com\/pl\/wp-json\/wp\/v2\/pages\/3990","targetHints":{"allow":["GET"]}}],"collection":[{"href":"https:\/\/elfsight.com\/pl\/wp-json\/wp\/v2\/pages"}],"about":[{"href":"https:\/\/elfsight.com\/pl\/wp-json\/wp\/v2\/types\/page"}],"author":[{"embeddable":true,"href":"https:\/\/elfsight.com\/pl\/wp-json\/wp\/v2\/users\/9"}],"replies":[{"embeddable":true,"href":"https:\/\/elfsight.com\/pl\/wp-json\/wp\/v2\/comments?post=3990"}],"version-history":[{"count":1,"href":"https:\/\/elfsight.com\/pl\/wp-json\/wp\/v2\/pages\/3990\/revisions"}],"predecessor-version":[{"id":3994,"href":"https:\/\/elfsight.com\/pl\/wp-json\/wp\/v2\/pages\/3990\/revisions\/3994"}],"up":[{"embeddable":true,"href":"https:\/\/elfsight.com\/pl\/wp-json\/wp\/v2\/pages\/750"}],"wp:attachment":[{"href":"https:\/\/elfsight.com\/pl\/wp-json\/wp\/v2\/media?parent=3990"}],"curies":[{"name":"wp","href":"https:\/\/api.w.org\/{rel}","templated":true}]}}