{"id":399,"date":"2020-11-19T11:27:03","date_gmt":"2020-11-19T11:27:03","guid":{"rendered":"https:\/\/elfsight.com\/pl\/?page_id=399"},"modified":"2021-04-21T13:43:27","modified_gmt":"2021-04-21T13:43:27","slug":"rocketspark-widgets","status":"publish","type":"page","link":"https:\/\/elfsight.com\/pl\/rocketspark-widgets\/","title":{"rendered":"Rocketspark widgets"},"content":{"rendered":"\n<h2>Najbardziej optymalne rozwi\u0105zania Elfsight dla udoskonalenia twojej strony internetowej Rocketspark<\/h2>\n\n<p>Przez 9 lat nasza dru\u017cyna specjalist\u00f3w Elfsight konstruuje korzystne i modyfikowalne aplikacji chmurowe dla Twojej firmy. Gwarantujemy szybkie wsparcie i du\u017c\u0105 szybko\u015b\u0107 \u0142adowania. Dodatki Elfsight s\u0142u\u017c\u0105 w\u0142a\u015bcicielom serwis\u00f3w internetowych, non-profit oraz wielu innym z ca\u0142ego \u015bwiata poradzi\u0107 sobie z powa\u017cnymi zadaniami efektywniej. \n<\/p>\n\n<p>A\u017ceby podnie\u015b\u0107 poziom sprzeda\u017cy, wykaza\u0107 pozytywne opinie na Twoje produkty, zwi\u0119kszy\u0107 zaufanie do swojej marki, po prostu dodaj\u0105c dodatek do Twojej serwisu www. Nasze plany taryfowe wahaj\u0105 si\u0119 od bezp\u0142atnych do premium. \u0141atwo zintegrowa\u0107 wszelkie odpowiednie aplikacji za pomoc\u0105 naszej wersji Live Demo i zobacz jak bardzo mo\u017ce to by\u0107 przydatne w kwestii rozwoju witryny biznesu. <\/p>\n\n<h2>Co czyni aplikacji Rocketspark s\u0105 wyj\u0105tkowymi instrumentami dla Ciebie? <\/h2>\n\n<p> Oto spis powa\u017cnych jako\u015bci naszych dodatk\u00f3w, kt\u00f3re pomagaj\u0105 nam by\u0107 lepszymi, ni\u017c nasi konkurenci: <\/p>\n\n\n<ul>\n<li> Darmowa i sprawna obs\u0142uga przy wbudowaniu lub dostosowywanie aplikacji; <\/li>\n<li> Adaptacja do wszystkich rozdzielczo\u015bci witryn internetowych i dostosowane do urz\u0105dze\u0144 mobilnych; <\/li>\n<li> Nie musicie programowa\u0107; <\/li>\n<li> Bogaty wyb\u00f3r funkcji stylizacji; <\/li>\n<li> Oparte na chmurze widgety pomagaj\u0105 zwi\u0119kszy\u0107 szybko\u015b\u0107 \u0142adowania witryny; <\/li>\n<li> Wszystkie dost\u0119pne aktualizacje s\u0105 darmowe i systematyczne; <\/li>\n<li> Rozs\u0105dny zakres cen; <\/li>\n<li> Profesjonalna pomoc w przypadku problem\u00f3w. <\/li>\n<\/ul>\n\n<p> Poznaj bezp\u0142atne opcje naszych dodatk\u00f3w i zrozumiej jej potencja\u0142 lub zainstaluj dowolne wymagane wtyczk\u0119 z 20% zni\u017ck\u0105. <\/p>\n\n\n<h2> Jak zintegrowa\u0107 Twoje widgety na swojej witrynie Rocketspark <\/h2>\n\n<p> Aby w\u0142\u0105czy\u0107 rozszerzenia, zobacz nast\u0119pnie etapy z dok\u0142adnej wskaz\u00f3wki: <\/p>\n\n\n<ol>\n<li> Naci\u015bnij na odpowiedni widget; <\/li>\n<li> Zmodyfikuj wszystkie potrzebne zmiany; <\/li>\n<li> Zapisz zmiany; <\/li>\n<li> Otrzymaj generowany kod; <\/li>\n<li> Zainstaluj go w potrzebnym miejscu Pa\u0144stwa strony lub szablonu; <\/li>\n<li> Zrobione! Uda\u0142o Ci si\u0119 zintegrowa\u0107 dodatek. <\/li>\n<\/ol>\n\n<p> W przypadku jakichkolwiek problem\u00f3w, nie wahaj si\u0119 poinformowa\u0107 o tym zespo\u0142 obs\u0142ugi Elfsight. <\/p>\n","protected":false},"excerpt":{"rendered":"Najbardziej optymalne rozwi\u0105zania Elfsight dla udoskonalenia twojej strony internetowej Rocketspark Przez 9 lat nasza dru\u017cyna specjalist\u00f3w Elfsight konstruuje korzystne i modyfikowalne aplikacji chmurowe dla Twojej firmy. Gwarantujemy szybkie wsparcie i du\u017c\u0105 szybko\u015b\u0107 \u0142adowania. Dodatki Elfsight s\u0142u\u017c\u0105 w\u0142a\u015bcicielom serwis\u00f3w internetowych, non-profit oraz wielu innym z ca\u0142ego \u015bwiata poradzi\u0107 sobie z powa\u017cnymi&#8230;","protected":false},"author":13,"featured_media":0,"parent":0,"menu_order":0,"comment_status":"closed","ping_status":"closed","template":"templates\/template-platform.php","meta":{"publish_to_discourse":"","publish_post_category":"","wpdc_auto_publish_overridden":"","wpdc_topic_tags":"","wpdc_pin_topic":"","wpdc_pin_until":"","discourse_post_id":"","discourse_permalink":"","wpdc_publishing_response":"","wpdc_publishing_error":"","footnotes":""},"class_list":["post-399","page","type-page","status-publish","hentry"],"yoast_head":"<!-- This site is optimized with the Yoast SEO plugin v25.3.1 - https:\/\/yoast.com\/wordpress\/plugins\/seo\/ -->\n<title>Ponad 80 najlepszych Rocketspark widget\u00f3w dla strony internetowej<\/title>\n<meta name=\"description\" content=\"Lista testowanych darmowych wtyczek najwy\u017cszej klasy dla twojej witryny internetowej Rocketspark. Pom\u00f3c w dostosowanie i bogata gama opcji.\" \/>\n<meta name=\"robots\" content=\"index, follow, max-snippet:-1, max-image-preview:large, max-video-preview:-1\" \/>\n<link rel=\"canonical\" href=\"https:\/\/elfsight.com\/pl\/rocketspark-widgets\/\" \/>\n<meta property=\"og:locale\" content=\"pl_PL\" \/>\n<meta property=\"og:type\" content=\"article\" \/>\n<meta property=\"og:title\" content=\"Ponad 80 najlepszych Rocketspark widget\u00f3w dla strony internetowej\" \/>\n<meta property=\"og:description\" content=\"Lista testowanych darmowych wtyczek najwy\u017cszej klasy dla twojej witryny internetowej Rocketspark. Pom\u00f3c w dostosowanie i bogata gama opcji.\" \/>\n<meta property=\"og:url\" content=\"https:\/\/elfsight.com\/pl\/rocketspark-widgets\/\" \/>\n<meta property=\"og:site_name\" content=\"Elfsight PL\" \/>\n<meta property=\"article:modified_time\" content=\"2021-04-21T13:43:27+00:00\" \/>\n<meta name=\"twitter:card\" content=\"summary_large_image\" \/>\n<meta name=\"twitter:label1\" content=\"Szacowany czas czytania\" \/>\n\t<meta name=\"twitter:data1\" content=\"1 minuta\" \/>\n<!-- \/ Yoast SEO plugin. -->","yoast_head_json":{"title":"Ponad 80 najlepszych Rocketspark widget\u00f3w dla strony internetowej","description":"Lista testowanych darmowych wtyczek najwy\u017cszej klasy dla twojej witryny internetowej Rocketspark. Pom\u00f3c w dostosowanie i bogata gama opcji.","robots":{"index":"index","follow":"follow","max-snippet":"max-snippet:-1","max-image-preview":"max-image-preview:large","max-video-preview":"max-video-preview:-1"},"canonical":"https:\/\/elfsight.com\/pl\/rocketspark-widgets\/","og_locale":"pl_PL","og_type":"article","og_title":"Ponad 80 najlepszych Rocketspark widget\u00f3w dla strony internetowej","og_description":"Lista testowanych darmowych wtyczek najwy\u017cszej klasy dla twojej witryny internetowej Rocketspark. Pom\u00f3c w dostosowanie i bogata gama opcji.","og_url":"https:\/\/elfsight.com\/pl\/rocketspark-widgets\/","og_site_name":"Elfsight PL","article_modified_time":"2021-04-21T13:43:27+00:00","twitter_card":"summary_large_image","twitter_misc":{"Szacowany czas czytania":"1 minuta"},"schema":{"@context":"https:\/\/schema.org","@graph":[{"@type":"WebPage","@id":"https:\/\/elfsight.com\/pl\/rocketspark-widgets\/","url":"https:\/\/elfsight.com\/pl\/rocketspark-widgets\/","name":"Ponad 80 najlepszych Rocketspark widget\u00f3w dla strony internetowej","isPartOf":{"@id":"https:\/\/elfsight.com\/pl\/#website"},"datePublished":"2020-11-19T11:27:03+00:00","dateModified":"2021-04-21T13:43:27+00:00","description":"Lista testowanych darmowych wtyczek najwy\u017cszej klasy dla twojej witryny internetowej Rocketspark. Pom\u00f3c w dostosowanie i bogata gama opcji.","breadcrumb":{"@id":"https:\/\/elfsight.com\/pl\/rocketspark-widgets\/#breadcrumb"},"inLanguage":"pl-PL","potentialAction":[{"@type":"ReadAction","target":["https:\/\/elfsight.com\/pl\/rocketspark-widgets\/"]}]},{"@type":"BreadcrumbList","@id":"https:\/\/elfsight.com\/pl\/rocketspark-widgets\/#breadcrumb","itemListElement":[{"@type":"ListItem","position":1,"name":"Home","item":"https:\/\/elfsight.com\/pl\/"},{"@type":"ListItem","position":2,"name":"Rocketspark widgets"}]},{"@type":"WebSite","@id":"https:\/\/elfsight.com\/pl\/#website","url":"https:\/\/elfsight.com\/pl\/","name":"Elfsight PL","description":"Just another Elfsight Sites site","potentialAction":[{"@type":"SearchAction","target":{"@type":"EntryPoint","urlTemplate":"https:\/\/elfsight.com\/pl\/?s={search_term_string}"},"query-input":{"@type":"PropertyValueSpecification","valueRequired":true,"valueName":"search_term_string"}}],"inLanguage":"pl-PL"}]}},"meta_box":{"industry":"","seo_heading":"","heading":"","description":"","cta_heading":"","cta_description":"","application":"","h1":"Najlepsze widgety Rocketspark","h1_caption":"Nieodp\u0142atny katalog Plug&Play element\u00f3w interfejsu pierwszej klasy z szerok\u0105 gam\u0105 mo\u017cliwo\u015bci dla powi\u0119kszania zapotrzebowania u\u017cytkownik\u00f3w oraz osi\u0105gni\u0119cia wszystkich innych zada\u0144 w zakresie rozwoju komercyjnego. Szybkie zainstalowanie, szeroka oferta mo\u017cliwo\u015bci dostosowywania a tak\u017ce szybki serwis pomocy klienta.","application_category":[],"applications_title":"Obczaj najlepsze widgety dla twojej strony internetowej w\u015br\u00f3d wszystkich wid\u017cet\u00f3w darmowych w wersji Live Demo","applications_request_title":"Nie mo\u017cesz znale\u017a\u0107 odpowiedniego widgeta?","applications_request_button_text":"Zam\u00f3w widget","hero_text":"","hero_video":"","hero_video_schema_markup":"","selling_points_title":"","selling_points_caption":"","selling_points":[],"selling_points_cta_text":"","features_title":"","features":"","ed_cta_examples_text":"","ed_cta_examples_hidden":"","ed_cta_demo_text":"","ed_cta_demo_hidden":"","why_caption":"","why_editor_title":"","why_editor_text":"","why_team_title":"","why_team_text":"","why_service_title":"","why_service_text":"","template_catalog_visible":"","template_catalog_title":"","template_catalog_text":"","template_catalog_categories_visible":"","demo_title":"","demo_caption":"","default_faq_hidden":"","app_template_category":[],"platform":"396","template_public_id":"","codecanyon_url":"","codecanyon_item_id":"","codecanyon_price":"","pricing_caption":"","pricing_elfsight_apps_hide_column":"","pricing_elfsight_apps_url":"","pricing_codecanyon_price_caption":"","integration_category":[],"integration_request_title":"","integration_request_cta":"","integration_platform":"","integrations":[],"platform_category":[],"video_schema_markup":"","price":"","trial":"","benefits":[],"button_url":"","button_target_blank":"","button_nofollow":"","attributes":[],"tags":[],"tags_disable_links":"","hide_more_platforms":"","video_object":"","demo_hide_cta":"","demo_hide_cloud_options":"","pricing_title":"","pricing":[],"related_apps_title":"","related_apps_hidden":"","author":"","image":[],"title":"","job":"","social_networks":[]},"_links":{"self":[{"href":"https:\/\/elfsight.com\/pl\/wp-json\/wp\/v2\/pages\/399","targetHints":{"allow":["GET"]}}],"collection":[{"href":"https:\/\/elfsight.com\/pl\/wp-json\/wp\/v2\/pages"}],"about":[{"href":"https:\/\/elfsight.com\/pl\/wp-json\/wp\/v2\/types\/page"}],"author":[{"embeddable":true,"href":"https:\/\/elfsight.com\/pl\/wp-json\/wp\/v2\/users\/13"}],"replies":[{"embeddable":true,"href":"https:\/\/elfsight.com\/pl\/wp-json\/wp\/v2\/comments?post=399"}],"version-history":[{"count":2,"href":"https:\/\/elfsight.com\/pl\/wp-json\/wp\/v2\/pages\/399\/revisions"}],"predecessor-version":[{"id":401,"href":"https:\/\/elfsight.com\/pl\/wp-json\/wp\/v2\/pages\/399\/revisions\/401"}],"wp:attachment":[{"href":"https:\/\/elfsight.com\/pl\/wp-json\/wp\/v2\/media?parent=399"}],"curies":[{"name":"wp","href":"https:\/\/api.w.org\/{rel}","templated":true}]}}