{"id":3984,"date":"2024-05-03T06:26:38","date_gmt":"2024-05-03T06:26:38","guid":{"rendered":"https:\/\/elfsight.com\/pl\/?page_id=3984"},"modified":"2024-10-23T13:38:51","modified_gmt":"2024-10-23T13:38:51","slug":"prestashop","status":"publish","type":"page","link":"https:\/\/elfsight.com\/pl\/all-in-one-chat-widget\/prestashop\/","title":{"rendered":"All-in-One Chat &#8211; PrestaShop"},"content":{"rendered":"<div class=\"application-platform-content-item-description application-platform-content-item\" id=\"description\" data-nav-section=\"description\"> <h2>Opis<\/h2> <p>Czat \u201ewszystko w jednym\u201d firmy Elfsight to prosty spos\u00f3b, aby klienci Twojej witryny internetowej mogli pozosta\u0107 z Tob\u0105 w kontakcie i otrzymywa\u0107 odpowiedzi na swoje pytania i pro\u015bby. Teraz mo\u017cesz by\u0107 ca\u0142y czas dost\u0119pny dla klient\u00f3w na \u017cywo w ich wygodnym komunikatorze. Wstaw czat typu \u201ewszystko w jednym\u201d na stronie internetowej i wy\u015bwietlaj go na okre\u015blonych stronach lub dla okre\u015blonych typ\u00f3w klient\u00f3w, wybierz wyzwalacze rozpocz\u0119cia czatu, do\u0142\u0105cz osobist\u0105 wiadomo\u015b\u0107 powitaln\u0105, dopasuj ikony i wiele wi\u0119cej. Korzystaj\u0105c z czatu typu \u201ewszystko w jednym\u201d wbudowanego w stron\u0119 internetow\u0105, b\u0119dziesz na bie\u017c\u0105co informowany o swoich odbiorcach w dowolnym czasie i miejscu. <\/p> <p><b>Zwi\u0119ksz skuteczno\u015b\u0107 swojej witryny w osi\u0105ganiu cel\u00f3w biznesowych za pomoc\u0105 czatu na \u017cywo<\/b><\/p> <\/div> <div class=\"application-platform-content-item-features application-platform-content-item\" id=\"features\" data-nav-section=\"features\"> <h2>Widget zawiera warto\u015bciowe i szybkie funkcje, zobacz niekt\u00f3re z nich: <\/h2> <ul><li>Wykorzystuj wezwania do dzia\u0142ania, aby poprowadzi\u0107 odbiorc\u00f3w w stron\u0119 konwersji. <\/li><li>Dostosuj czas zmiany slajdu. <\/li><li>Wybieraj spo\u015br\u00f3d wielu opcji. <\/li><li>Umie\u015b\u0107 swoj\u0105 tre\u015b\u0107 w dowolnym miejscu strony za pomoc\u0105 zaawansowanej pozycji. <\/li><li>Zmodyfikuj 5 element\u00f3w tre\u015bci. <\/li><\/ul><p><a href=\"#demo\">Wystarczy sprawdzi\u0107 t\u0119 wersj\u0119 demonstracyjn\u0105, aby zobaczy\u0107, ile wart jest wid\u017cet<\/a><\/p> <\/div> <div class=\"application-platform-content-item-installation application-platform-content-item\" id=\"installation\" data-nav-section=\"installation\"> <h2>Jak mog\u0119 osadzi\u0107 czat All-in-One w mojej witrynie PrestaShop? <\/h2> <p>Wystarczy wykona\u0107 poni\u017csze wskaz\u00f3wki, aby zintegrowa\u0107 narz\u0119dzie. <\/p> <ol><li><b>Wykonaj nasz\u0105 bezp\u0142atn\u0105 wersj\u0119 demonstracyjn\u0105 i zacznij tworzy\u0107 sw\u00f3j unikalny dodatek. <\/b><br> Znajd\u017a wybrany uk\u0142ad i specyfikacj\u0119 wtyczki i zastosuj poprawki. <\/li> <li><b>Skopiuj sw\u00f3j indywidualny kod udost\u0119pniony w specjalnym formularzu w aplikacjach Elfsight. <\/b><br> Po zako\u0144czeniu generowania wtyczki osobistej skopiuj kod osobisty z wy\u015bwietlonego okna i zachowaj go do p\u00f3\u017aniejszego wykorzystania. <\/li> <li><b>Rozpocznij instalowanie dodatku na stronie g\u0142\u00f3wnej PrestaShop. <\/b><br> Dodaj kod, kt\u00f3ry ostatnio zapisa\u0142e\u015b na swojej stronie internetowej i zastosuj zmiany. <\/li> <li><b>Gotowe! Integracja zosta\u0142a ca\u0142kowicie zako\u0144czona. <\/b><br> Odwied\u017a swoj\u0105 stron\u0119 internetow\u0105, aby zobaczy\u0107 w akcji, jak dzia\u0142a dodatek. <\/li><\/ol> <p>Je\u015bli napotkasz jakie\u015b przeszkody, nie wahaj si\u0119 i z\u0142\u00f3\u017c wniosek do naszego dzia\u0142u obs\u0142ugi klienta. Nasi ludzie z przyjemno\u015bci\u0105 pomog\u0105 Ci odpowiedzie\u0107 na wszystkie pytania dotycz\u0105ce dodatku. <\/p> <div class=\"faq\" data-component=\"FAQ\"><div class=\"faq-item\">\r\n\t\t\t\t\t<div class=\"faq-item-question\">\r\n\t\t\t\t\t\t<h3 class=\"faq-item-question-text\">Jak doda\u0107 czat typu \u201ewszystko w jednym\u201d do mojej witryny Prestashop bez umiej\u0119tno\u015bci kodowania? <\/h3>\r\n\r\n\t\t\t\t\t\t<div class=\"faq-item-question-icon\"><\/div>\r\n\t\t\t\t\t<\/div>\r\n\r\n\t\t\t\t\t<div class=\"faq-item-answer\">\r\n\t\t\t\t\t\t<div class=\"faq-item-answer-text\"><p>Elfsight zapewnia rozwi\u0105zanie SaaS, kt\u00f3re pozwala utworzy\u0107 czat typu \u201ewszystko w jednym\u201d samodzielnie wid\u017cet, przekonaj si\u0119, jak \u0142atwy jest ten proces: pracuj bezpo\u015brednio w edytorze online, aby utworzy\u0107 wid\u017cet czatu typu \u201ewszystko w jednym\u201d, kt\u00f3ry chcesz zobaczy\u0107 na swojej stronie internetowej Webnode. Wybierz jeden z gotowych szablon\u00f3w i dostosuj ustawienia czatu \u201ewszystko w jednym\u201d, dodaj tre\u015b\u0107, zmie\u0144 uk\u0142ad i kolory bez umiej\u0119tno\u015bci kodowania. Zapisz Czat All-in-one i skopiuj jego kod instalacyjny, kt\u00f3ry mo\u017cesz \u0142atwo osadzi\u0107 na swojej stronie internetowej Webnode bez kupowania p\u0142atnego planu. Dzi\u0119ki naszemu intuicyjnemu edytorowi ka\u017cdy u\u017cytkownik Internetu mo\u017ce stworzy\u0107 kompleksowy widget czatu online i \u0142atwo osadzi\u0107 go na swojej stronie internetowej Webnode. Aby uzyska\u0107 dost\u0119p do us\u0142ugi, nie trzeba p\u0142aci\u0107 ani wprowadza\u0107 danych uwierzytelniaj\u0105cych karty. Je\u015bli na kt\u00f3rymkolwiek etapie napotkasz jakiekolwiek problemy, skontaktuj si\u0119 z naszym zespo\u0142em pomocy technicznej.<\/p><\/div>\r\n\t\t\t\t\t<\/div>\r\n\t\t\t\t<\/div><\/div><\/div>","protected":false},"excerpt":{"rendered":"","protected":false},"author":9,"featured_media":0,"parent":750,"menu_order":0,"comment_status":"closed","ping_status":"closed","template":"templates\/template-application-platform.php","meta":{"publish_to_discourse":"","publish_post_category":"","wpdc_auto_publish_overridden":"","wpdc_topic_tags":"","wpdc_pin_topic":"","wpdc_pin_until":"","discourse_post_id":"","discourse_permalink":"","wpdc_publishing_response":"","wpdc_publishing_error":"","footnotes":""},"class_list":["post-3984","page","type-page","status-publish","hentry"],"yoast_head":"<!-- This site is optimized with the Yoast SEO plugin v25.3.1 - https:\/\/yoast.com\/wordpress\/plugins\/seo\/ -->\n<title>Wid\u017cet czatu na \u017cywo | Czat online dla witryn PrestaShop (bezp\u0142atny i \u0142atwy)<\/title>\n<meta name=\"description\" content=\"Szybko dodaj wtyczk\u0119 All-in-One Live Chat do strony g\u0142\u00f3wnej PrestaShop. Skorzystaj z naszej wersji demonstracyjnej na \u017cywo, aby zbudowa\u0107 sw\u00f3j czat online bez kodowania.\" \/>\n<meta name=\"robots\" content=\"index, follow, max-snippet:-1, max-image-preview:large, max-video-preview:-1\" \/>\n<link rel=\"canonical\" href=\"https:\/\/elfsight.com\/pl\/all-in-one-chat-widget\/prestashop\/\" \/>\n<meta property=\"og:locale\" content=\"pl_PL\" \/>\n<meta property=\"og:type\" content=\"article\" \/>\n<meta property=\"og:title\" content=\"Wid\u017cet czatu na \u017cywo | Czat online dla witryn PrestaShop (bezp\u0142atny i \u0142atwy)\" \/>\n<meta property=\"og:description\" content=\"Szybko dodaj wtyczk\u0119 All-in-One Live Chat do strony g\u0142\u00f3wnej PrestaShop. Skorzystaj z naszej wersji demonstracyjnej na \u017cywo, aby zbudowa\u0107 sw\u00f3j czat online bez kodowania.\" \/>\n<meta property=\"og:url\" content=\"https:\/\/elfsight.com\/pl\/all-in-one-chat-widget\/prestashop\/\" \/>\n<meta property=\"og:site_name\" content=\"Elfsight PL\" \/>\n<meta property=\"article:modified_time\" content=\"2024-10-23T13:38:51+00:00\" \/>\n<meta name=\"twitter:card\" content=\"summary_large_image\" \/>\n<meta name=\"twitter:label1\" content=\"Szacowany czas czytania\" \/>\n\t<meta name=\"twitter:data1\" content=\"3 minuty\" \/>\n<!-- \/ Yoast SEO plugin. -->","yoast_head_json":{"title":"Wid\u017cet czatu na \u017cywo | Czat online dla witryn PrestaShop (bezp\u0142atny i \u0142atwy)","description":"Szybko dodaj wtyczk\u0119 All-in-One Live Chat do strony g\u0142\u00f3wnej PrestaShop. Skorzystaj z naszej wersji demonstracyjnej na \u017cywo, aby zbudowa\u0107 sw\u00f3j czat online bez kodowania.","robots":{"index":"index","follow":"follow","max-snippet":"max-snippet:-1","max-image-preview":"max-image-preview:large","max-video-preview":"max-video-preview:-1"},"canonical":"https:\/\/elfsight.com\/pl\/all-in-one-chat-widget\/prestashop\/","og_locale":"pl_PL","og_type":"article","og_title":"Wid\u017cet czatu na \u017cywo | Czat online dla witryn PrestaShop (bezp\u0142atny i \u0142atwy)","og_description":"Szybko dodaj wtyczk\u0119 All-in-One Live Chat do strony g\u0142\u00f3wnej PrestaShop. Skorzystaj z naszej wersji demonstracyjnej na \u017cywo, aby zbudowa\u0107 sw\u00f3j czat online bez kodowania.","og_url":"https:\/\/elfsight.com\/pl\/all-in-one-chat-widget\/prestashop\/","og_site_name":"Elfsight PL","article_modified_time":"2024-10-23T13:38:51+00:00","twitter_card":"summary_large_image","twitter_misc":{"Szacowany czas czytania":"3 minuty"},"schema":{"@context":"https:\/\/schema.org","@graph":[{"@type":"WebPage","@id":"https:\/\/elfsight.com\/pl\/all-in-one-chat-widget\/prestashop\/","url":"https:\/\/elfsight.com\/pl\/all-in-one-chat-widget\/prestashop\/","name":"Wid\u017cet czatu na \u017cywo | Czat online dla witryn PrestaShop (bezp\u0142atny i \u0142atwy)","isPartOf":{"@id":"https:\/\/elfsight.com\/pl\/#website"},"datePublished":"2024-05-03T06:26:38+00:00","dateModified":"2024-10-23T13:38:51+00:00","description":"Szybko dodaj wtyczk\u0119 All-in-One Live Chat do strony g\u0142\u00f3wnej PrestaShop. Skorzystaj z naszej wersji demonstracyjnej na \u017cywo, aby zbudowa\u0107 sw\u00f3j czat online bez kodowania.","breadcrumb":{"@id":"https:\/\/elfsight.com\/pl\/all-in-one-chat-widget\/prestashop\/#breadcrumb"},"inLanguage":"pl-PL","potentialAction":[{"@type":"ReadAction","target":["https:\/\/elfsight.com\/pl\/all-in-one-chat-widget\/prestashop\/"]}]},{"@type":"BreadcrumbList","@id":"https:\/\/elfsight.com\/pl\/all-in-one-chat-widget\/prestashop\/#breadcrumb","itemListElement":[{"@type":"ListItem","position":1,"name":"Home","item":"https:\/\/elfsight.com\/pl\/"},{"@type":"ListItem","position":2,"name":"All-in-One Chat","item":"https:\/\/elfsight.com\/pl\/all-in-one-chat-widget\/"},{"@type":"ListItem","position":3,"name":"All-in-One Chat &#8211; PrestaShop"}]},{"@type":"WebSite","@id":"https:\/\/elfsight.com\/pl\/#website","url":"https:\/\/elfsight.com\/pl\/","name":"Elfsight PL","description":"Just another Elfsight Sites site","potentialAction":[{"@type":"SearchAction","target":{"@type":"EntryPoint","urlTemplate":"https:\/\/elfsight.com\/pl\/?s={search_term_string}"},"query-input":{"@type":"PropertyValueSpecification","valueRequired":true,"valueName":"search_term_string"}}],"inLanguage":"pl-PL"}]}},"meta_box":{"industry":"","seo_heading":"","heading":"","description":"","cta_heading":"","cta_description":"","application":"749","h1":"Dodatek do czatu na \u017cywo w PrestaShop","h1_caption":"Zaoferuj swoim klientom mo\u017cliwo\u015b\u0107 \u0142atwego kontaktu z Tob\u0105 na wielu platformach komunikacyjnych, takich jak WhatsApp, Facebook, telegram i nie tylko, za pomoc\u0105 jednego wid\u017cetu w Twojej witrynie Prestashop.","application_category":[],"applications_title":"","applications_request_title":"","applications_request_button_text":"","hero_text":"","hero_video":"","hero_video_schema_markup":"","selling_points_title":"","selling_points_caption":"","selling_points":[],"selling_points_cta_text":"","features_title":"","features":"","ed_cta_examples_text":"","ed_cta_examples_hidden":"","ed_cta_demo_text":"","ed_cta_demo_hidden":"","why_caption":"","why_editor_title":"","why_editor_text":"","why_team_title":"","why_team_text":"","why_service_title":"","why_service_text":"","template_catalog_visible":"","template_catalog_title":"","template_catalog_text":"","template_catalog_categories_visible":"","demo_title":"Pospiesz si\u0119, aby stworzy\u0107 spersonalizowany czat na \u017cywo Squarespace!","demo_caption":"Dostosuj go i dodaj wtyczk\u0119 do swojej witryny poprzez demonstracj\u0119 na \u017cywo","default_faq_hidden":"","app_template_category":[],"platform":"586","template_public_id":"","codecanyon_url":"","codecanyon_item_id":"","codecanyon_price":"","pricing_caption":"","pricing_elfsight_apps_hide_column":"","pricing_elfsight_apps_url":"","pricing_codecanyon_price_caption":"","integration_category":[],"integration_request_title":"","integration_request_cta":"","integration_platform":"","integrations":[],"platform_category":[],"video_schema_markup":"","price":"od 0 USD \/ miesi\u0105c","trial":"","benefits":[{"text":"Bezp\u0142atna pomoc w instalacji"},{"text":"Wsparcie premium"},{"text":"14-dniowa gwarancja zwrotu pieni\u0119dzy"}],"button_url":"#demo","button_target_blank":"","button_nofollow":"","attributes":[{"name":"Instaluje"},{"name":"Czu\u0142y"},{"name":"Kompatybilne przegl\u0105darki"}],"tags":[],"tags_disable_links":"","hide_more_platforms":"","video_object":"","demo_hide_cta":"","demo_hide_cloud_options":"","pricing_title":"","pricing":[{"pricing_icon":"platform","pricing_title":"Elfsight Apps","pricing_title_caption":"Rozwi\u0105zanie niezale\u017cne od platformy, kt\u00f3re dzia\u0142a na ka\u017cdej witrynie","pricing_price":"od 0 USD \/ miesi\u0105c","pricing_price_caption":"zacznij od bezp\u0142atnego planu","pricing_benefits":[{"text":"Nielimitowane strony internetowe"},{"text":"Wsparcie firmy premium i dobrze udokumentowane"},{"text":"Bezp\u0142atna pomoc w monta\u017cu"},{"text":"Elastyczny projekt"}],"pricing_button_text":"Dodaj do witryny","pricing_button_url":"#demo"}],"related_apps_title":"","related_apps_hidden":"","author":"","image":[],"title":"","job":"","social_networks":[]},"_links":{"self":[{"href":"https:\/\/elfsight.com\/pl\/wp-json\/wp\/v2\/pages\/3984","targetHints":{"allow":["GET"]}}],"collection":[{"href":"https:\/\/elfsight.com\/pl\/wp-json\/wp\/v2\/pages"}],"about":[{"href":"https:\/\/elfsight.com\/pl\/wp-json\/wp\/v2\/types\/page"}],"author":[{"embeddable":true,"href":"https:\/\/elfsight.com\/pl\/wp-json\/wp\/v2\/users\/9"}],"replies":[{"embeddable":true,"href":"https:\/\/elfsight.com\/pl\/wp-json\/wp\/v2\/comments?post=3984"}],"version-history":[{"count":1,"href":"https:\/\/elfsight.com\/pl\/wp-json\/wp\/v2\/pages\/3984\/revisions"}],"predecessor-version":[{"id":3988,"href":"https:\/\/elfsight.com\/pl\/wp-json\/wp\/v2\/pages\/3984\/revisions\/3988"}],"up":[{"embeddable":true,"href":"https:\/\/elfsight.com\/pl\/wp-json\/wp\/v2\/pages\/750"}],"wp:attachment":[{"href":"https:\/\/elfsight.com\/pl\/wp-json\/wp\/v2\/media?parent=3984"}],"curies":[{"name":"wp","href":"https:\/\/api.w.org\/{rel}","templated":true}]}}