{"id":3983,"date":"2024-05-03T06:26:37","date_gmt":"2024-05-03T06:26:37","guid":{"rendered":"https:\/\/elfsight.com\/pl\/?page_id=3983"},"modified":"2025-06-25T08:40:29","modified_gmt":"2025-06-25T08:40:29","slug":"jimdo","status":"publish","type":"page","link":"https:\/\/elfsight.com\/pl\/all-in-one-chat-widget\/jimdo\/","title":{"rendered":"All-in-One Chat &#8211; Jimdo"},"content":{"rendered":"<div class=\"application-platform-content-item-description application-platform-content-item\" id=\"description\" data-nav-section=\"description\">\n<h2>Opis<\/h2>\n<p>Czat kompleksowy stworzony przez Elfsight to najszybszy spos\u00f3b, w jaki klienci Twojej witryny mog\u0105 si\u0119 z Tob\u0105 skontaktowa\u0107 i mie\u0107 odpowiedzi na ich pytania i pro\u015bby. Mo\u017cesz by\u0107 dost\u0119pny na \u017cywo dla klient\u00f3w w najwygodniejszym komunikatorze przez ca\u0142y dzie\u0144. Wstaw All-in-One Chat Chat w swoim sklepie i mo\u017ce on pojawia\u0107 si\u0119 na konkretnych stronach lub dla wybranych grup u\u017cytkownik\u00f3w, wprowadza\u0107 wyzwalacze rozpoczynaj\u0105ce czat, wy\u015bwietla\u0107 unikaln\u0105 wiadomo\u015b\u0107 powitaln\u0105, ustawia\u0107 ikony i stosowa\u0107 inn\u0105 personalizacj\u0119. Dzi\u0119ki czatowi typu \u201ewszystko w jednym\u201d na swojej stronie internetowej b\u0119dziesz \u0142atwo dost\u0119pny dla widz\u00f3w o ka\u017cdej porze i niezale\u017cnie od tego, gdzie si\u0119 znajdujesz.<\/p>\n<p><b>Dzi\u0119ki czacie \u201ewszystko w jednym\u201d mo\u017cesz zapewni\u0107 silny rozw\u00f3j firmy i zwi\u0119kszy\u0107 sprzeda\u017c.<\/b><\/p>\n<\/div>\n\n<div class=\"application-platform-content-item-features application-platform-content-item\" id=\"features\" data-nav-section=\"features\">\n<h2>My oferuj\u0105 przydatne i nieskomplikowane funkcje, zobacz niekt\u00f3re z nich:<\/h2>\n<ul>\n    <li>Zintegruj komunikator czatu typu \u201ewszystko w jednym\u201d w swoim sklepie, aby komunikowa\u0107 si\u0119 z odwiedzaj\u0105cymi.<\/li>\n    <li>Odpowiadaj na wiadomo\u015bci bezpo\u015brednio ze swojego wielofunkcyjnego konta na czacie w jednym.<\/li>\n    <li>Korzystaj z 3 opcji pozycji czatu: jako p\u0142ywaj\u0105ca ba\u0144ka, osadzona ba\u0144ka i osadzona okno czatu.<\/li>\n    <li>Odkryj kolekcj\u0119 ikon b\u0105belk\u00f3w do wyboru.<\/li>\n    <li>Wprowad\u017a w\u0142asny tekst dymka czatu.<\/li>\n<\/ul>\n<p><a href=\"#demo\">Wystarczy wypr\u00f3bowa\u0107 t\u0119 wersj\u0119 demonstracyjn\u0105, aby zrozumie\u0107 funkcjonalno\u015b\u0107 wid\u017cetu<\/a><\/p>\n<\/div>\n\n<div class=\"application-platform-content-item-installation application-platform-content-item\" id=\"installation\" data-nav-section=\"installation\">\n<h2>Jak doda\u0107 czat All-in-One do mojej strony internetowej Jimdo?<\/h2>\n<p>Wystarczy zastosowa\u0107 si\u0119 do poni\u017cszych instrukcji, aby rozpocz\u0105\u0107 prac\u0119 z wid\u017cetem.<\/p>\n<ol>\n    <li><b>Skorzystaj z naszej bezp\u0142atnej wersji demonstracyjnej i zacznij tworzy\u0107 w\u0142asny widget.<\/b><br>Znajd\u017a niestandardow\u0105 form\u0119 i specyfikacj\u0119 wid\u017cetu i zastosuj poprawki.<\/li>\n    <li><b>Zdob\u0105d\u017a unikalny kod pojawiaj\u0105cy si\u0119 w specjalnym formularzu w aplikacjach Elfsight.<\/b><br>Zaraz po utworzeniu osobistego wid\u017cetu skopiuj ekskluzywny kod w pojawiaj\u0105cym si\u0119 oknie i zachowaj go do p\u00f3\u017aniejszego wykorzystania.<\/li>\n    <li><b>Rozpocznij korzystanie z narz\u0119dzia na stronie internetowej Jimdo.<\/b><br>Umie\u015b\u0107 zapisany wcze\u015bniej kod na swojej stronie i zastosuj ulepszenia.<\/li>\n    <li><b>Gotowe! Konfiguracja zosta\u0142a pomy\u015blnie przeprowadzona.<\/b><br>Przejd\u017a na swoj\u0105 stron\u0119 internetow\u0105, aby zobaczy\u0107 w akcji, jak dzia\u0142a widget.<\/li>\n<\/ol>\n<p>W przypadku pyta\u0144 lub napotkania przeszk\u00f3d nie wahaj si\u0119 zwr\u00f3ci\u0107 o pomoc do naszego personelu pomocniczego. Nasi konsultanci ch\u0119tnie rozwi\u0105\u017c\u0105 wszelkie problemy, jakie mo\u017cesz mie\u0107 z wid\u017cetem.<\/p>\n<div class=\"faq\" data-component=\"FAQ\">\n    <div class=\"faq-item\">\r\n\t\t\t\t\t<div class=\"faq-item-question\">\r\n\t\t\t\t\t\t<h3 class=\"faq-item-question-text\">Jak mog\u0119 doda\u0107 czat typu \u201ewszystko w jednym\u201d do mojej witryny Jimdo bez umiej\u0119tno\u015bci kodowania?<\/h3>\r\n\r\n\t\t\t\t\t\t<div class=\"faq-item-question-icon\"><\/div>\r\n\t\t\t\t\t<\/div>\r\n\r\n\t\t\t\t\t<div class=\"faq-item-answer\">\r\n\t\t\t\t\t\t<div class=\"faq-item-answer-text\">\n    <p>Elfsight zapewnia rozwi\u0105zanie SaaS, kt\u00f3re pozwala utworzy\u0107 czat typu \u201ewszystko w jednym\u201d Sam wid\u017cet czatu, przekonaj si\u0119, jak \u0142atwy jest ten proces: Pracuj bezpo\u015brednio w edytorze online, aby utworzy\u0107 kompleksowy wid\u017cet czatu, kt\u00f3ry chcia\u0142by\u015b zobaczy\u0107 na swojej stronie Jimdo. Wybierz jeden z gotowych szablon\u00f3w i dostosuj ustawienia czatu \u201ewszystko w jednym\u201d, dodaj tre\u015b\u0107, zmie\u0144 uk\u0142ad i kolory bez umiej\u0119tno\u015bci kodowania. Zapisz Czat All-in-one i skopiuj jego kod instalacyjny, aby\u015b m\u00f3g\u0142 \u0142atwo doda\u0107 swoj\u0105 witryn\u0119 Jimdo bez konieczno\u015bci kupowania p\u0142atnej subskrypcji. Dzi\u0119ki naszemu intuicyjnemu edytorowi ka\u017cdy u\u017cytkownik Internetu mo\u017ce stworzy\u0107 kompleksowy widget czatu online i \u0142atwo osadzi\u0107 go na swojej stronie internetowej Jimdo. Aby uzyska\u0107 dost\u0119p do us\u0142ugi, nie trzeba p\u0142aci\u0107 ani wprowadza\u0107 danych uwierzytelniaj\u0105cych karty. Je\u015bli na kt\u00f3rymkolwiek etapie napotkasz jakiekolwiek problemy, skontaktuj si\u0119 z naszym zespo\u0142em pomocy technicznej.<\/p>\n    <\/div>\r\n\t\t\t\t\t<\/div>\r\n\t\t\t\t<\/div>\n<\/div>\n<\/div>","protected":false},"excerpt":{"rendered":"","protected":false},"author":9,"featured_media":0,"parent":750,"menu_order":0,"comment_status":"closed","ping_status":"closed","template":"templates\/template-application-platform.php","meta":{"publish_to_discourse":"","publish_post_category":"","wpdc_auto_publish_overridden":"","wpdc_topic_tags":"","wpdc_pin_topic":"","wpdc_pin_until":"","discourse_post_id":"","discourse_permalink":"","wpdc_publishing_response":"","wpdc_publishing_error":"","footnotes":""},"class_list":["post-3983","page","type-page","status-publish","hentry"],"yoast_head":"<!-- This site is optimized with the Yoast SEO plugin v25.3.1 - https:\/\/yoast.com\/wordpress\/plugins\/seo\/ -->\n<title>Wid\u017cet czatu na \u017cywo | Czat online ze stronami Jimdo (bezp\u0142atny i \u0142atwy)<\/title>\n<meta name=\"description\" content=\"Szybko dodaj wid\u017cet czatu na \u017cywo typu \u201ewszystko w jednym\u201d na stronie g\u0142\u00f3wnej Jimdo. Skorzystaj z naszej wersji demonstracyjnej na \u017cywo, aby \u0142atwo i bez kodowania zbudowa\u0107 sw\u00f3j czat online.\" \/>\n<meta name=\"robots\" content=\"index, follow, max-snippet:-1, max-image-preview:large, max-video-preview:-1\" \/>\n<link rel=\"canonical\" href=\"https:\/\/elfsight.com\/pl\/all-in-one-chat-widget\/jimdo\/\" \/>\n<meta property=\"og:locale\" content=\"pl_PL\" \/>\n<meta property=\"og:type\" content=\"article\" \/>\n<meta property=\"og:title\" content=\"Wid\u017cet czatu na \u017cywo | Czat online ze stronami Jimdo (bezp\u0142atny i \u0142atwy)\" \/>\n<meta property=\"og:description\" content=\"Szybko dodaj wid\u017cet czatu na \u017cywo typu \u201ewszystko w jednym\u201d na stronie g\u0142\u00f3wnej Jimdo. Skorzystaj z naszej wersji demonstracyjnej na \u017cywo, aby \u0142atwo i bez kodowania zbudowa\u0107 sw\u00f3j czat online.\" \/>\n<meta property=\"og:url\" content=\"https:\/\/elfsight.com\/pl\/all-in-one-chat-widget\/jimdo\/\" \/>\n<meta property=\"og:site_name\" content=\"Elfsight PL\" \/>\n<meta property=\"article:modified_time\" content=\"2025-06-25T08:40:29+00:00\" \/>\n<meta name=\"twitter:card\" content=\"summary_large_image\" \/>\n<meta name=\"twitter:label1\" content=\"Szacowany czas czytania\" \/>\n\t<meta name=\"twitter:data1\" content=\"3 minuty\" \/>\n<!-- \/ Yoast SEO plugin. -->","yoast_head_json":{"title":"Wid\u017cet czatu na \u017cywo | Czat online ze stronami Jimdo (bezp\u0142atny i \u0142atwy)","description":"Szybko dodaj wid\u017cet czatu na \u017cywo typu \u201ewszystko w jednym\u201d na stronie g\u0142\u00f3wnej Jimdo. Skorzystaj z naszej wersji demonstracyjnej na \u017cywo, aby \u0142atwo i bez kodowania zbudowa\u0107 sw\u00f3j czat online.","robots":{"index":"index","follow":"follow","max-snippet":"max-snippet:-1","max-image-preview":"max-image-preview:large","max-video-preview":"max-video-preview:-1"},"canonical":"https:\/\/elfsight.com\/pl\/all-in-one-chat-widget\/jimdo\/","og_locale":"pl_PL","og_type":"article","og_title":"Wid\u017cet czatu na \u017cywo | Czat online ze stronami Jimdo (bezp\u0142atny i \u0142atwy)","og_description":"Szybko dodaj wid\u017cet czatu na \u017cywo typu \u201ewszystko w jednym\u201d na stronie g\u0142\u00f3wnej Jimdo. Skorzystaj z naszej wersji demonstracyjnej na \u017cywo, aby \u0142atwo i bez kodowania zbudowa\u0107 sw\u00f3j czat online.","og_url":"https:\/\/elfsight.com\/pl\/all-in-one-chat-widget\/jimdo\/","og_site_name":"Elfsight PL","article_modified_time":"2025-06-25T08:40:29+00:00","twitter_card":"summary_large_image","twitter_misc":{"Szacowany czas czytania":"3 minuty"},"schema":{"@context":"https:\/\/schema.org","@graph":[{"@type":"WebPage","@id":"https:\/\/elfsight.com\/pl\/all-in-one-chat-widget\/jimdo\/","url":"https:\/\/elfsight.com\/pl\/all-in-one-chat-widget\/jimdo\/","name":"Wid\u017cet czatu na \u017cywo | Czat online ze stronami Jimdo (bezp\u0142atny i \u0142atwy)","isPartOf":{"@id":"https:\/\/elfsight.com\/pl\/#website"},"datePublished":"2024-05-03T06:26:37+00:00","dateModified":"2025-06-25T08:40:29+00:00","description":"Szybko dodaj wid\u017cet czatu na \u017cywo typu \u201ewszystko w jednym\u201d na stronie g\u0142\u00f3wnej Jimdo. Skorzystaj z naszej wersji demonstracyjnej na \u017cywo, aby \u0142atwo i bez kodowania zbudowa\u0107 sw\u00f3j czat online.","breadcrumb":{"@id":"https:\/\/elfsight.com\/pl\/all-in-one-chat-widget\/jimdo\/#breadcrumb"},"inLanguage":"pl-PL","potentialAction":[{"@type":"ReadAction","target":["https:\/\/elfsight.com\/pl\/all-in-one-chat-widget\/jimdo\/"]}]},{"@type":"BreadcrumbList","@id":"https:\/\/elfsight.com\/pl\/all-in-one-chat-widget\/jimdo\/#breadcrumb","itemListElement":[{"@type":"ListItem","position":1,"name":"Home","item":"https:\/\/elfsight.com\/pl\/"},{"@type":"ListItem","position":2,"name":"All-in-One Chat","item":"https:\/\/elfsight.com\/pl\/all-in-one-chat-widget\/"},{"@type":"ListItem","position":3,"name":"All-in-One Chat &#8211; Jimdo"}]},{"@type":"WebSite","@id":"https:\/\/elfsight.com\/pl\/#website","url":"https:\/\/elfsight.com\/pl\/","name":"Elfsight PL","description":"Just another Elfsight Sites site","potentialAction":[{"@type":"SearchAction","target":{"@type":"EntryPoint","urlTemplate":"https:\/\/elfsight.com\/pl\/?s={search_term_string}"},"query-input":{"@type":"PropertyValueSpecification","valueRequired":true,"valueName":"search_term_string"}}],"inLanguage":"pl-PL"}]}},"meta_box":{"industry":"","seo_heading":"","heading":"","description":"","cta_heading":"","cta_description":"","application":"749","h1":"Wid\u017cet czatu na \u017cywo Jimdo","h1_caption":"Zaoferuj swoim klientom mo\u017cliwo\u015b\u0107 \u0142atwego dotarcia do Ciebie na wielu platformach komunikacyjnych, takich jak WhatsApp, Facebook, telegram i nie tylko, za pomoc\u0105 jednego wid\u017cetu na Twojej stronie internetowej Jimdo.","application_category":[],"applications_title":"","applications_request_title":"","applications_request_button_text":"","hero_text":"","hero_video":"","hero_video_schema_markup":"","selling_points_title":"","selling_points_caption":"","selling_points":[],"selling_points_cta_text":"","features_title":"","features":"","ed_cta_examples_text":"","ed_cta_examples_hidden":"","ed_cta_demo_text":"","ed_cta_demo_hidden":"","why_caption":"","why_editor_title":"","why_editor_text":"","why_team_title":"","why_team_text":"","why_service_title":"","why_service_text":"","template_catalog_visible":"0","template_catalog_title":"","template_catalog_text":"","template_catalog_categories_visible":"","demo_title":"Pospiesz si\u0119, aby stworzy\u0107 spersonalizowany czat na \u017cywo Squarespace!","demo_caption":"Dostosuj go i dodaj wtyczk\u0119 do swojej witryny poprzez demonstracj\u0119 na \u017cywo","default_faq_hidden":"","app_template_category":[],"platform":"193","template_public_id":"","codecanyon_url":"","codecanyon_item_id":"","codecanyon_price":"","pricing_caption":"","pricing_elfsight_apps_hide_column":"","pricing_elfsight_apps_url":"","pricing_codecanyon_price_caption":"","integration_category":[],"integration_request_title":"","integration_request_cta":"","integration_platform":"","integrations":[],"platform_category":[],"video_schema_markup":"","price":"od 0 USD \/ miesi\u0105c","trial":"","benefits":[{"text":"Bezp\u0142atna pomoc w instalacji"},{"text":"Wsparcie premium"},{"text":"14-dniowa gwarancja zwrotu pieni\u0119dzy"}],"button_url":"#demo","button_target_blank":"0","button_nofollow":"0","attributes":[{"name":"Instaluje"},{"name":"Czu\u0142y"},{"name":"Kompatybilne przegl\u0105darki"}],"tags":[],"tags_disable_links":"0","hide_more_platforms":"0","video_object":"","demo_hide_cta":"0","demo_hide_cloud_options":"0","pricing_title":"","pricing":[{"pricing_icon":"platform","pricing_title":"Elfsight Apps","pricing_title_caption":"Rozwi\u0105zanie niezale\u017cne od platformy, kt\u00f3re dzia\u0142a na ka\u017cdej witrynie","pricing_price":"od 0 USD \/ miesi\u0105c","pricing_price_caption":"zacznij od bezp\u0142atnego planu","pricing_benefits":[{"text":"Nielimitowane strony internetowe"},{"text":"Wsparcie firmy premium i dobrze udokumentowane"},{"text":"Bezp\u0142atna pomoc w monta\u017cu"},{"text":"Elastyczny projekt"}],"pricing_button_text":"Dodaj do witryny","pricing_button_url":"#demo"}],"related_apps_title":"","related_apps_hidden":"0","author":"","image":[],"title":"","job":"","social_networks":[]},"_links":{"self":[{"href":"https:\/\/elfsight.com\/pl\/wp-json\/wp\/v2\/pages\/3983","targetHints":{"allow":["GET"]}}],"collection":[{"href":"https:\/\/elfsight.com\/pl\/wp-json\/wp\/v2\/pages"}],"about":[{"href":"https:\/\/elfsight.com\/pl\/wp-json\/wp\/v2\/types\/page"}],"author":[{"embeddable":true,"href":"https:\/\/elfsight.com\/pl\/wp-json\/wp\/v2\/users\/9"}],"replies":[{"embeddable":true,"href":"https:\/\/elfsight.com\/pl\/wp-json\/wp\/v2\/comments?post=3983"}],"version-history":[{"count":2,"href":"https:\/\/elfsight.com\/pl\/wp-json\/wp\/v2\/pages\/3983\/revisions"}],"predecessor-version":[{"id":10450,"href":"https:\/\/elfsight.com\/pl\/wp-json\/wp\/v2\/pages\/3983\/revisions\/10450"}],"up":[{"embeddable":true,"href":"https:\/\/elfsight.com\/pl\/wp-json\/wp\/v2\/pages\/750"}],"wp:attachment":[{"href":"https:\/\/elfsight.com\/pl\/wp-json\/wp\/v2\/media?parent=3983"}],"curies":[{"name":"wp","href":"https:\/\/api.w.org\/{rel}","templated":true}]}}