{"id":3982,"date":"2024-05-03T06:26:36","date_gmt":"2024-05-03T06:26:36","guid":{"rendered":"https:\/\/elfsight.com\/pl\/?page_id=3982"},"modified":"2024-10-23T13:32:45","modified_gmt":"2024-10-23T13:32:45","slug":"shopify","status":"publish","type":"page","link":"https:\/\/elfsight.com\/pl\/aliexpress-reviews-widget\/shopify\/","title":{"rendered":"AliExpress Reviews &#8211; Shopify"},"content":{"rendered":"<div class=\"application-platform-content-item-description application-platform-content-item\" id=\"description\" data-nav-section=\"description\"><h2>Umie\u015b\u0107 recenzje AliExpress na Shopify za pomoc\u0105 wid\u017cetu Elfsight<\/h2> <p>Wtyczka Elfsight AliExpress Reviews, dostosowana specjalnie dla Shopify, to wszechstronna wtyczka i pot\u0119\u017cny widget zaprojektowany, aby przyci\u0105gn\u0105\u0107 uwag\u0119 odwiedzaj\u0105cych Twoj\u0105 witryn\u0119 lub stron\u0119. Dzi\u0119ki tej dynamicznej wtyczce mo\u017cesz bez wysi\u0142ku zaprezentowa\u0107 szerok\u0105 gam\u0119 zdj\u0119\u0107, film\u00f3w, a nawet wyr\u00f3\u017cni\u0107 najgor\u0119tsze oferty i oferty w swoim sklepie internetowym. Mo\u017cliwo\u015bci s\u0105 nieograniczone, a Ty masz swobod\u0119 w\u0142\u0105czenia do swojej witryny kodu HTML dowolnej liczby slajd\u00f3w, co pozwoli Ci z dum\u0105 zaprezentowa\u0107 swoje produkty i zaakcentowa\u0107 gor\u0105ce promocje.<\/p><p>Jedna z wyr\u00f3\u017cniaj\u0105cych si\u0119 funkcji wtyczki Elfsight AliExpress Reviews to jej wyj\u0105tkowa elastyczno\u015b\u0107. Mo\u017cesz udoskonali\u0107 swoje slajdy za pomoc\u0105 urzekaj\u0105cych efekt\u00f3w wizualnych, dzi\u0119ki czemu prezentacje produkt\u00f3w b\u0119d\u0105 jeszcze bardziej wci\u0105gaj\u0105ce. Niezale\u017cnie od tego, czy chcesz wy\u015bwietla\u0107 przyci\u0105gaj\u0105ce wzrok obrazy, czy anga\u017cuj\u0105ce filmy, masz kreatywn\u0105 kontrol\u0119 nad dostosowywaniem ich wymiar\u00f3w, zapewniaj\u0105c ich bezproblemow\u0105 integracj\u0119 z projektem i stylem Twojej witryny lub strony.<\/p><p>Co wyr\u00f3\u017cnia ten wid\u017cet AliExpress Reviews to jego zdolno\u015b\u0107 do pomocy w stworzeniu przyci\u0105gaj\u0105cego uwag\u0119 suwaka, kt\u00f3ry nie tylko przyci\u0105ga u\u017cytkownik\u00f3w, ale tak\u017ce utrzymuje ich na stronie internetowej przez d\u0142u\u017cszy czas. Gdy odwiedzaj\u0105cy przegl\u0105daj\u0105 Twoj\u0105 witryn\u0119, dynamiczny i interaktywny charakter tej wtyczki gwarantuje, \u017ce pozostan\u0105 zaanga\u017cowani, zmniejszaj\u0105c prawdopodobie\u0144stwo przedwczesnego opuszczenia witryny.<\/p><p>Wtyczka Elfsight AliExpress Reviews dla Shopify otwiera \u015bwiat mo\u017cliwo\u015bci dla firm zajmuj\u0105cych si\u0119 handlem elektronicznym. Zwi\u0119ksz widoczno\u015b\u0107 swojego produktu, zaanga\u017cuj odbiorc\u00f3w i zwi\u0119ksz og\u00f3ln\u0105 atrakcyjno\u015b\u0107 swojej witryny dzi\u0119ki temu wyj\u0105tkowemu narz\u0119dziu. To idealne rozwi\u0105zanie dla w\u0142a\u015bcicieli sklep\u00f3w internetowych, kt\u00f3rzy chc\u0105 zrobi\u0107 trwa\u0142e wra\u017cenie i zwi\u0119kszy\u0107 liczb\u0119 konwersji. Ju\u017c dzi\u015b wynie\u015b sw\u00f3j sklep Shopify na nowy poziom dzi\u0119ki wtyczce Elfsight AliExpress Reviews. <\/p> <p><b>U\u017cyj wtyczki AliExpress Reviews, aby szybciej osi\u0105ga\u0107 szczyty e-commerce! <\/b><\/p> <div class=\"faq\" data-component=\"FAQ\"><div class=\"faq-item\">\r\n\t\t\t\t\t<div class=\"faq-item-question\">\r\n\t\t\t\t\t\t<h3 class=\"faq-item-question-text\">Dlaczego warto wybra\u0107 recenzje Elfsight AliExpress dla Shopify?<\/h3>\r\n\r\n\t\t\t\t\t\t<div class=\"faq-item-question-icon\"><\/div>\r\n\t\t\t\t\t<\/div>\r\n\r\n\t\t\t\t\t<div class=\"faq-item-answer\">\r\n\t\t\t\t\t\t<div class=\"faq-item-answer-text\"><p>Recenzje Elfsight AliExpress dla Shopify to preferowany wyb\u00f3r w trybie online w\u0142a\u015bciciele sklep\u00f3w korzystaj\u0105cy z Shopify, kt\u00f3rzy chc\u0105 wzbogaci\u0107 swoje oferty produkt\u00f3w autentycznymi recenzjami klient\u00f3w. Oto kilka istotnych powod\u00f3w, dla kt\u00f3rych warto wybra\u0107 t\u0119 aplikacj\u0119:<\/p><ul> <li>\u0141atwa integracja: dodanie recenzji AliExpress do Twojego sklepu Shopify jest proste. Nie potrzebujesz \u017cadnych umiej\u0119tno\u015bci kodowania; jest to tak proste, jak kopiowanie i wklejanie.<\/li> <li>Opcje dostosowywania: Dostosuj wid\u017cet Recenzje AliExpress, aby pasowa\u0142 do stylu i marki Twojego sklepu. Wybieraj spo\u015br\u00f3d r\u00f3\u017cnych motyw\u00f3w, uk\u0142ad\u00f3w i ustawie\u0144 wy\u015bwietlania recenzji.<\/li> <li>Prawdziwe opinie klient\u00f3w: prezentuj prawdziwe recenzje z AliExpress, zapewniaj\u0105c potencjalnym kupuj\u0105cym cenne informacje i dow\u00f3d spo\u0142eczny.<\/li> <li>Wi\u0119ksze zaufanie: buduj ufaj swoim klientom, wy\u015bwietlaj\u0105c autentyczne recenzje, zach\u0119caj\u0105c ich do podejmowania \u015bwiadomych decyzji zakupowych.<\/li> <li>Wi\u0119ksza sprzeda\u017c: prezentuj\u0105c prawdziwe recenzje, zwi\u0119kszysz zaufanie klient\u00f3w i zwi\u0119kszysz sprzeda\u017c, dzi\u0119ki czemu Tw\u00f3j sklep Shopify b\u0119dzie bardziej rentowny. <\/li><\/ul><p>Dzi\u0119ki Recenzjom Elfsight AliExpress dla Shopify mo\u017cesz znacznie ulepszy\u0107 listy produkt\u00f3w i stworzy\u0107 bardziej wiarygodne zakupy.<\/p><\/div>\r\n\t\t\t\t\t<\/div>\r\n\t\t\t\t<\/div><div class=\"faq-item\">\r\n\t\t\t\t\t<div class=\"faq-item-question\">\r\n\t\t\t\t\t\t<h3 class=\"faq-item-question-text\">\u201eJak<\/h3>\r\n\r\n\t\t\t\t\t\t<div class=\"faq-item-question-icon\"><\/div>\r\n\t\t\t\t\t<\/div>\r\n\r\n\t\t\t\t\t<div class=\"faq-item-answer\">\r\n\t\t\t\t\t\t<div class=\"faq-item-answer-text\"><p>Integracja recenzji Elfsight AliExpress ze sklepem Shopify to szybki i prosty proces. Aby rozpocz\u0105\u0107, wykonaj nast\u0119puj\u0105ce kroki:<\/p><ol> <li><strong>Dostosowywanie wid\u017cetu:<\/strong> Rozpocznij od dostosowania wid\u017cetu Recenzje AliExpress za pomoc\u0105 naszego bezp\u0142atnego konfiguratora. Mo\u017cesz wybra\u0107 preferowany uk\u0142ad, projekt i inne ustawienia.<\/li> <li><strong>Kod instalacyjny:<\/strong> po dostosowaniu wid\u017cetu otrzymasz unikalny kod instalacyjny. Skopiuj ten kod, poniewa\u017c b\u0119dzie Ci potrzebny w nast\u0119pnym kroku.<\/li> <li><strong>Integracja ze sklepem:<\/strong> Uzyskaj dost\u0119p do zaplecza sklepu Shopify i wklej kod instalacyjny w wymaganej lokalizacji. Zapisz zmiany.<\/li> <li><strong>Ciesz si\u0119 recenzjami AliExpress:<\/strong> Tw\u00f3j wid\u017cet Recenzje AliExpress zosta\u0142 teraz pomy\u015blnie zintegrowany z Twoim sklepem. Odwied\u017a list\u0119 produkt\u00f3w, aby zobaczy\u0107, jak to dzia\u0142a.<\/li><\/ol><p>To wszystko! Pomy\u015blnie doda\u0142e\u015b recenzje Elfsight AliExpress do swojego sklepu Shopify, wzbogacaj\u0105c swoje oferty produkt\u00f3w autentycznymi opiniami klient\u00f3w.<\/p><\/div>\r\n\t\t\t\t\t<\/div>\r\n\t\t\t\t<\/div><div class=\"faq-item\">\r\n\t\t\t\t\t<div class=\"faq-item-question\">\r\n\t\t\t\t\t\t<h3 class=\"faq-item-question-text\">Podgl\u0105d wygl\u0105du wid\u017cetu dzi\u0119ki naszej demonstracji na \u017cywo<\/h3>\r\n\r\n\t\t\t\t\t\t<div class=\"faq-item-question-icon\"><\/div>\r\n\t\t\t\t\t<\/div>\r\n\r\n\t\t\t\t\t<div class=\"faq-item-answer\">\r\n\t\t\t\t\t\t<div class=\"faq-item-answer-text\"> <p> Ciekawi Ci\u0119, jak wid\u017cet Recenzje AliExpress b\u0119dzie wygl\u0105da\u0142 w Twoim sklepie Shopify? Mo\u017cesz wy\u015bwietli\u0107 jego podgl\u0105d przed dodaniem go do swojej witryny. Dostosowuj\u0105c wid\u017cet w kreatorze online, po prawej stronie mo\u017cesz zobaczy\u0107 zmiany w czasie rzeczywistym. Oznacza to, \u017ce mo\u017cesz mie\u0107 pewno\u015b\u0107, \u017ce wy\u015bwietlane recenzje idealnie pasuj\u0105 do stylu Twojego sklepu Shopify.<\/p><p><a href=\"https:\/\/elfsight.com\/aliexpress-reviews-widget\/#demo\">Wypr\u00f3buj Demo na \u017cywo teraz<\/a><\/p><\/div>\r\n\t\t\t\t\t<\/div>\r\n\t\t\t\t<\/div><\/div><\/div> <div class=\"application-platform-content-item-features application-platform-content-item\" id=\"features\" data-nav-section=\"features\"> <h2>Widget zawiera przydatne i szybkie funkcje. Zobacz niekt\u00f3re z nich: <\/h2> <p>Uwolnij potencja\u0142 recenzji Elfsight AliExpress dzi\u0119ki tym wyj\u0105tkowym funkcjom, kt\u00f3re pozwalaj\u0105 przej\u0105\u0107 kontrol\u0119 nad wydajno\u015bci\u0105 Twojego sklepu internetowego i zaanga\u017cowaniem u\u017cytkownik\u00f3w:<\/p><ul> <li> <strong>Przyciski CTA do konwersji:<\/p><ul> <li> <strong>Przyciski CTA do konwersji:<\/p> strong&gt; Dzi\u0119ki wtyczce Elfsight AliExpress Reviews mo\u017cesz bez wysi\u0142ku dodawa\u0107 przyciski Call to Action (CTA) do tre\u015bci strony i kodu HTML swojej witryny. Przyciski te stanowi\u0105 pot\u0119\u017cne narz\u0119dzie prowadz\u0105ce u\u017cytkownik\u00f3w w stron\u0119 konwersji, niezale\u017cnie od tego, czy chodzi o dokonanie zakupu, zapisanie si\u0119 do newslettera, czy wykonanie innej po\u017c\u0105danej czynno\u015bci. Dostosuj przyciski Recenzji AliExpress, aby by\u0142y zgodne z celami Twojej witryny lub strony i zach\u0119ca\u0142y do \u200b\u200binterakcji z u\u017cytkownikami. <\/li> <li> <strong>Konfigurowalny czas trwania slajdu:<\/strong> dostosuj czas prze\u0142\u0105czania slajd\u00f3w do tempa dzia\u0142ania witryny. Mo\u017cesz elastycznie ustawi\u0107 pr\u0119dko\u015b\u0107, z jak\u0105 zmienia si\u0119 zawarto\u015b\u0107 wtyczki, zapewniaj\u0105c, \u017ce uzupe\u0142nia ona og\u00f3lne wra\u017cenia u\u017cytkownika z Twojej witryny. <\/li> <li> <strong>Wiele opcji do wyboru:<\/strong> Elfsight AliExpress Reviews oferuje szereg funkcji do wyboru. Mo\u017cesz wybra\u0107 i zintegrowa\u0107 ze stron\u0105 swojej witryny kod HTML, kt\u00f3ry najlepiej odpowiada Twoim konkretnym potrzebom i celom, zwi\u0119kszaj\u0105c og\u00f3ln\u0105 funkcjonalno\u015b\u0107 i atrakcyjno\u015b\u0107 Twojego sklepu internetowego. <\/li> <li> <strong>Zaawansowane pozycjonowanie:<\/strong> Skorzystaj z zaawansowanych opcji pozycjonowania wtyczki, kt\u00f3re umo\u017cliwiaj\u0105 dodawanie wiadomo\u015bci i tre\u015bci z recenzjami AliExpress w dowolnym miejscu na Twojej stronie internetowej. Ten poziom kontroli umo\u017cliwia stworzenie p\u0142ynnego i wci\u0105gaj\u0105cego do\u015bwiadczenia u\u017cytkownika, kt\u00f3re rezonuje z odbiorcami. <\/li> <li> <strong>Pi\u0119\u0107 opcji tre\u015bci:<\/strong> Elfsight AliExpress Reviews udost\u0119pnia pi\u0119\u0107 opcji tre\u015bci, kt\u00f3re mo\u017cesz dostosowa\u0107 do swoich preferencji. Niezale\u017cnie od tego, czy s\u0105 to zdj\u0119cia, filmy, opisy produkt\u00f3w, recenzje klient\u00f3w czy kusz\u0105ce oferty, mo\u017cesz bez wysi\u0142ku doda\u0107 te elementy do kodu wid\u017cetu AliExpress Reviews, wzbogacaj\u0105c zawarto\u015b\u0107 swojej witryny lub strony oraz atrakcyjno\u015b\u0107 wizualn\u0105. <\/li><\/ul><p>W\u0142\u0105czenie recenzji Elfsight AliExpress do kodu HTML strony Twojej witryny internetowej zapewnia dost\u0119p do kompleksowego zestawu narz\u0119dzi, kt\u00f3re nie tylko zwi\u0119kszaj\u0105 zaanga\u017cowanie u\u017cytkownik\u00f3w, ale tak\u017ce poprawiaj\u0105 funkcjonalno\u015b\u0107 i estetyk\u0119 Twojej witryny. Niezale\u017cnie od tego, czy chodzi o zwi\u0119kszenie konwersji za pomoc\u0105 przycisk\u00f3w CTA, dostosowanie czasu trwania slajdu w celu zapewnienia p\u0142ynniejszego do\u015bwiadczenia, czy te\u017c wykorzystanie zaawansowanego pozycjonowania, ten wid\u017cet AliExpress Recenzje jest kluczem do optymalizacji wydajno\u015bci Twojego sklepu internetowego i stworzenia bardziej wci\u0105gaj\u0105cej podr\u00f3\u017cy u\u017cytkownika.<\/p><p><a href=\"#demo\">Mo\u017cesz przetestowa\u0107 dzia\u0142anie widgetu za pomoc\u0105 wersji demonstracyjnej<\/a><\/p> <\/div> <div class=\"application-platform-content-item-installation application-platform-content-item\" id=\"installation\" data-nav-section=\"installation\"> <h2>Jak mog\u0119 osadzi\u0107 Recenzje AliExpress na mojej stronie Shopify? <\/h2> <p>Wystarczy wykona\u0107 kilka krok\u00f3w przedstawionych poni\u017cej, aby aktywowa\u0107 wtyczk\u0119. <\/p> <ol><li><b>Skorzystaj z naszej bezp\u0142atnej wersji demonstracyjnej i zacznij tworzy\u0107 niestandardow\u0105 wtyczk\u0119 AliExpress Reviews. <\/b><br> Wybierz po\u017c\u0105dany wygl\u0105d i funkcje narz\u0119dzia oraz zastosuj modyfikacje. <\/li> <li><b>Skopiuj indywidualny kod HTML pojawiaj\u0105cy si\u0119 w oknie aplikacji Elfsight. <\/b><br> Zaraz po zako\u0144czeniu tworzenia osobistej wtyczki skopiuj osobisty kod HTML z wy\u015bwietlonego wyskakuj\u0105cego okienka i zapisz go do wykorzystania w przysz\u0142o\u015bci. <\/li> <li><b>Zacznij korzysta\u0107 z wtyczki AliExpress Reviews w witrynie Shopify. <\/b><br> Dodaj ostatnio zapisany kod w sekcji HTML swojej strony i zastosuj zmiany. <\/li> <li><b>Gotowe! Dodawanie recenzji AliExpress zosta\u0142o ca\u0142kowicie zako\u0144czone. <\/b><br> Przejd\u017a do swojej witryny, aby sprawdzi\u0107, jak dzia\u0142a wtyczka AliExpress Reviews. <\/li><\/ol> <p>Je\u015bli masz pytania lub napotkasz trudno\u015bci, napisz do naszego zespo\u0142u obs\u0142ugi klienta. Nasi konsultanci ch\u0119tnie odpowiedz\u0105 na wszystkie pytania dotycz\u0105ce produktu. <\/p> <\/div>","protected":false},"excerpt":{"rendered":"","protected":false},"author":9,"featured_media":0,"parent":1518,"menu_order":0,"comment_status":"closed","ping_status":"closed","template":"templates\/template-application-platform.php","meta":{"publish_to_discourse":"","publish_post_category":"","wpdc_auto_publish_overridden":"","wpdc_topic_tags":"","wpdc_pin_topic":"","wpdc_pin_until":"","discourse_post_id":"","discourse_permalink":"","wpdc_publishing_response":"","wpdc_publishing_error":"","footnotes":""},"class_list":["post-3982","page","type-page","status-publish","hentry"],"yoast_head":"<!-- This site is optimized with the Yoast SEO plugin v25.3.1 - https:\/\/yoast.com\/wordpress\/plugins\/seo\/ -->\n<title>Ulepsz sw\u00f3j sklep Shopify dzi\u0119ki recenzjom Elfsight AliExpress<\/title>\n<meta name=\"description\" content=\"Zwi\u0119ksz wiarygodno\u015b\u0107 i zaanga\u017cowanie swojego sklepu Shopify, p\u0142ynnie dodaj\u0105c recenzje Elfsight AliExpress. Dowiedz si\u0119, jak bez wysi\u0142ku integrowa\u0107 recenzje klient\u00f3w i prezentowa\u0107 produkty, aby zwi\u0119kszy\u0107 konwersj\u0119 i zaufanie klient\u00f3w.\" \/>\n<meta name=\"robots\" content=\"index, follow, max-snippet:-1, max-image-preview:large, max-video-preview:-1\" \/>\n<link rel=\"canonical\" href=\"https:\/\/elfsight.com\/pl\/aliexpress-reviews-widget\/shopify\/\" \/>\n<meta property=\"og:locale\" content=\"pl_PL\" \/>\n<meta property=\"og:type\" content=\"article\" \/>\n<meta property=\"og:title\" content=\"Ulepsz sw\u00f3j sklep Shopify dzi\u0119ki recenzjom Elfsight AliExpress\" \/>\n<meta property=\"og:description\" content=\"Zwi\u0119ksz wiarygodno\u015b\u0107 i zaanga\u017cowanie swojego sklepu Shopify, p\u0142ynnie dodaj\u0105c recenzje Elfsight AliExpress. Dowiedz si\u0119, jak bez wysi\u0142ku integrowa\u0107 recenzje klient\u00f3w i prezentowa\u0107 produkty, aby zwi\u0119kszy\u0107 konwersj\u0119 i zaufanie klient\u00f3w.\" \/>\n<meta property=\"og:url\" content=\"https:\/\/elfsight.com\/pl\/aliexpress-reviews-widget\/shopify\/\" \/>\n<meta property=\"og:site_name\" content=\"Elfsight PL\" \/>\n<meta property=\"article:modified_time\" content=\"2024-10-23T13:32:45+00:00\" \/>\n<meta name=\"twitter:card\" content=\"summary_large_image\" \/>\n<meta name=\"twitter:label1\" content=\"Szacowany czas czytania\" \/>\n\t<meta name=\"twitter:data1\" content=\"7 minut\" \/>\n<!-- \/ Yoast SEO plugin. -->","yoast_head_json":{"title":"Ulepsz sw\u00f3j sklep Shopify dzi\u0119ki recenzjom Elfsight AliExpress","description":"Zwi\u0119ksz wiarygodno\u015b\u0107 i zaanga\u017cowanie swojego sklepu Shopify, p\u0142ynnie dodaj\u0105c recenzje Elfsight AliExpress. Dowiedz si\u0119, jak bez wysi\u0142ku integrowa\u0107 recenzje klient\u00f3w i prezentowa\u0107 produkty, aby zwi\u0119kszy\u0107 konwersj\u0119 i zaufanie klient\u00f3w.","robots":{"index":"index","follow":"follow","max-snippet":"max-snippet:-1","max-image-preview":"max-image-preview:large","max-video-preview":"max-video-preview:-1"},"canonical":"https:\/\/elfsight.com\/pl\/aliexpress-reviews-widget\/shopify\/","og_locale":"pl_PL","og_type":"article","og_title":"Ulepsz sw\u00f3j sklep Shopify dzi\u0119ki recenzjom Elfsight AliExpress","og_description":"Zwi\u0119ksz wiarygodno\u015b\u0107 i zaanga\u017cowanie swojego sklepu Shopify, p\u0142ynnie dodaj\u0105c recenzje Elfsight AliExpress. Dowiedz si\u0119, jak bez wysi\u0142ku integrowa\u0107 recenzje klient\u00f3w i prezentowa\u0107 produkty, aby zwi\u0119kszy\u0107 konwersj\u0119 i zaufanie klient\u00f3w.","og_url":"https:\/\/elfsight.com\/pl\/aliexpress-reviews-widget\/shopify\/","og_site_name":"Elfsight PL","article_modified_time":"2024-10-23T13:32:45+00:00","twitter_card":"summary_large_image","twitter_misc":{"Szacowany czas czytania":"7 minut"},"schema":{"@context":"https:\/\/schema.org","@graph":[{"@type":"WebPage","@id":"https:\/\/elfsight.com\/pl\/aliexpress-reviews-widget\/shopify\/","url":"https:\/\/elfsight.com\/pl\/aliexpress-reviews-widget\/shopify\/","name":"Ulepsz sw\u00f3j sklep Shopify dzi\u0119ki recenzjom Elfsight AliExpress","isPartOf":{"@id":"https:\/\/elfsight.com\/pl\/#website"},"datePublished":"2024-05-03T06:26:36+00:00","dateModified":"2024-10-23T13:32:45+00:00","description":"Zwi\u0119ksz wiarygodno\u015b\u0107 i zaanga\u017cowanie swojego sklepu Shopify, p\u0142ynnie dodaj\u0105c recenzje Elfsight AliExpress. Dowiedz si\u0119, jak bez wysi\u0142ku integrowa\u0107 recenzje klient\u00f3w i prezentowa\u0107 produkty, aby zwi\u0119kszy\u0107 konwersj\u0119 i zaufanie klient\u00f3w.","breadcrumb":{"@id":"https:\/\/elfsight.com\/pl\/aliexpress-reviews-widget\/shopify\/#breadcrumb"},"inLanguage":"pl-PL","potentialAction":[{"@type":"ReadAction","target":["https:\/\/elfsight.com\/pl\/aliexpress-reviews-widget\/shopify\/"]}]},{"@type":"BreadcrumbList","@id":"https:\/\/elfsight.com\/pl\/aliexpress-reviews-widget\/shopify\/#breadcrumb","itemListElement":[{"@type":"ListItem","position":1,"name":"Home","item":"https:\/\/elfsight.com\/pl\/"},{"@type":"ListItem","position":2,"name":"AliExpress Reviews","item":"https:\/\/elfsight.com\/pl\/aliexpress-reviews-widget\/"},{"@type":"ListItem","position":3,"name":"AliExpress Reviews &#8211; Shopify"}]},{"@type":"WebSite","@id":"https:\/\/elfsight.com\/pl\/#website","url":"https:\/\/elfsight.com\/pl\/","name":"Elfsight PL","description":"Just another Elfsight Sites site","potentialAction":[{"@type":"SearchAction","target":{"@type":"EntryPoint","urlTemplate":"https:\/\/elfsight.com\/pl\/?s={search_term_string}"},"query-input":{"@type":"PropertyValueSpecification","valueRequired":true,"valueName":"search_term_string"}}],"inLanguage":"pl-PL"}]}},"meta_box":{"industry":"","seo_heading":"","heading":"","description":"","cta_heading":"","cta_description":"","application":"1517","h1":"Jak osadzi\u0107 recenzje AliExpress na stronie Shopify","h1_caption":"Wy\u015bwietlaj recenzje ze swojego sklepu aliexpress, aby bez wysi\u0142ku budowa\u0107 zaufanie i zwi\u0119ksza\u0107 wiarygodno\u015b\u0107 list produkt\u00f3w w swojej witrynie Shopify.","application_category":[],"applications_title":"","applications_request_title":"","applications_request_button_text":"","hero_text":"","hero_video":"","hero_video_schema_markup":"","selling_points_title":"","selling_points_caption":"","selling_points":[],"selling_points_cta_text":"","features_title":"","features":"","ed_cta_examples_text":"","ed_cta_examples_hidden":"","ed_cta_demo_text":"","ed_cta_demo_hidden":"","why_caption":"","why_editor_title":"","why_editor_text":"","why_team_title":"","why_team_text":"","why_service_title":"","why_service_text":"","template_catalog_visible":"","template_catalog_title":"","template_catalog_text":"","template_catalog_categories_visible":"","demo_title":"Nie wahaj si\u0119 tworzy\u0107 spersonalizowanych recenzji Shopify AliExpress","demo_caption":"Dostosuj go i dodaj wid\u017cet do swojej witryny, korzystaj\u0105c z wersji demonstracyjnej na \u017cywo.","default_faq_hidden":"","app_template_category":[],"platform":"112","template_public_id":"","codecanyon_url":"","codecanyon_item_id":"","codecanyon_price":"","pricing_caption":"","pricing_elfsight_apps_hide_column":"","pricing_elfsight_apps_url":"","pricing_codecanyon_price_caption":"","integration_category":[],"integration_request_title":"","integration_request_cta":"","integration_platform":"","integrations":[],"platform_category":[],"video_schema_markup":"","price":"od 0 USD \/ miesi\u0105c","trial":"","benefits":[{"text":"Bezp\u0142atna pomoc w monta\u017cu"},{"text":"Kompetentna obs\u0142uga klienta"},{"text":"14-dniowa gwarancja zwrotu pieni\u0119dzy"}],"button_url":"#demo","button_target_blank":"","button_nofollow":"","attributes":[{"name":"Instaluje"},{"name":"Czu\u0142y"},{"name":"Kompatybilne przegl\u0105darki"}],"tags":[],"tags_disable_links":"","hide_more_platforms":"","video_object":"","demo_hide_cta":"","demo_hide_cloud_options":"","pricing_title":"","pricing":[{"pricing_icon":"platform","pricing_title":"Elfsight Apps","pricing_title_caption":"Wersja wieloplatformowa","pricing_price":"od 0 USD \/ miesi\u0105c","pricing_price_caption":"zacznij od bezp\u0142atnego planu","pricing_benefits":[{"text":"Nielimitowane domeny"},{"text":"Najwy\u017csza obs\u0142uga klienta"},{"text":"Bezp\u0142atna us\u0142uga monta\u017cu"},{"text":"W pe\u0142ni konfigurowalny"}],"pricing_button_text":"Dodaj do witryny","pricing_button_url":"#demo"}],"related_apps_title":"","related_apps_hidden":"","author":"","image":[],"title":"","job":"","social_networks":[]},"_links":{"self":[{"href":"https:\/\/elfsight.com\/pl\/wp-json\/wp\/v2\/pages\/3982","targetHints":{"allow":["GET"]}}],"collection":[{"href":"https:\/\/elfsight.com\/pl\/wp-json\/wp\/v2\/pages"}],"about":[{"href":"https:\/\/elfsight.com\/pl\/wp-json\/wp\/v2\/types\/page"}],"author":[{"embeddable":true,"href":"https:\/\/elfsight.com\/pl\/wp-json\/wp\/v2\/users\/9"}],"replies":[{"embeddable":true,"href":"https:\/\/elfsight.com\/pl\/wp-json\/wp\/v2\/comments?post=3982"}],"version-history":[{"count":1,"href":"https:\/\/elfsight.com\/pl\/wp-json\/wp\/v2\/pages\/3982\/revisions"}],"predecessor-version":[{"id":3986,"href":"https:\/\/elfsight.com\/pl\/wp-json\/wp\/v2\/pages\/3982\/revisions\/3986"}],"up":[{"embeddable":true,"href":"https:\/\/elfsight.com\/pl\/wp-json\/wp\/v2\/pages\/1518"}],"wp:attachment":[{"href":"https:\/\/elfsight.com\/pl\/wp-json\/wp\/v2\/media?parent=3982"}],"curies":[{"name":"wp","href":"https:\/\/api.w.org\/{rel}","templated":true}]}}