{"id":3981,"date":"2024-05-03T06:26:35","date_gmt":"2024-05-03T06:26:35","guid":{"rendered":"https:\/\/elfsight.com\/pl\/?page_id=3981"},"modified":"2024-10-23T13:32:45","modified_gmt":"2024-10-23T13:32:45","slug":"woocommerce","status":"publish","type":"page","link":"https:\/\/elfsight.com\/pl\/aliexpress-reviews-widget\/woocommerce\/","title":{"rendered":"AliExpress Reviews &#8211; Woocommerce"},"content":{"rendered":"<div class=\"application-platform-content-item-description application-platform-content-item\" id=\"description\" data-nav-section=\"description\"><h2>Umie\u015b\u0107 recenzje AliExpress na Woocommerce za pomoc\u0105 wid\u017cetu Elfsight<\/h2> <p>Wtyczka Elfsight AliExpress Reviews, przeznaczona wy\u0142\u0105cznie dla Woocommerce, to wtyczka wszechstronny i solidny widget zaprojektowany, aby przyci\u0105gn\u0105\u0107 uwag\u0119 odwiedzaj\u0105cych Twoj\u0105 witryn\u0119 lub stron\u0119. Dzi\u0119ki tej dynamicznej wtyczce mo\u017cesz bez wysi\u0142ku wy\u015bwietla\u0107 szerok\u0105 gam\u0119 materia\u0142\u00f3w wizualnych, film\u00f3w, a nawet podkre\u015bla\u0107 najnowsze promocje i oferty w swoim sklepie internetowym. Mo\u017cliwo\u015bci s\u0105 nieograniczone i masz swobod\u0119 dodawania dowolnej liczby slajd\u00f3w do kodu HTML swojej strony Woocommerce, co pozwala Ci z dum\u0105 prezentowa\u0107 swoje produkty i podkre\u015bla\u0107 kusz\u0105ce promocje.<\/p><p>Jedna z wyr\u00f3\u017cniaj\u0105cych si\u0119 cech wtyczki Elfsight AliExpress Reviews dla Woocommerce to jej niezwyk\u0142a zdolno\u015b\u0107 adaptacji. Mo\u017cesz udoskonali\u0107 swoje slajdy za pomoc\u0105 urzekaj\u0105cych efekt\u00f3w wizualnych, dzi\u0119ki czemu prezentacje produkt\u00f3w b\u0119d\u0105 jeszcze bardziej urzekaj\u0105ce. Niezale\u017cnie od tego, czy chcesz zaprezentowa\u0107 przyci\u0105gaj\u0105ce wzrok efekty wizualne, czy anga\u017cuj\u0105ce filmy, masz swobod\u0119 tw\u00f3rcz\u0105 w dostosowywaniu ich wymiar\u00f3w, zapewniaj\u0105c ich bezproblemow\u0105 integracj\u0119 z projektem i stylem Twojej strony internetowej.<\/p><p>To, co czyni ten wid\u017cet Recenzje Woocommerce AliExpress wyj\u0105tkowym, to: jego zdolno\u015b\u0107 do pomocy w stworzeniu przyci\u0105gaj\u0105cego wzrok slidera, kt\u00f3ry nie tylko przyci\u0105gnie u\u017cytkownik\u00f3w, ale tak\u017ce utrzyma ich zaanga\u017cowanie na Twojej stronie internetowej przez d\u0142u\u017cszy czas. Gdy odwiedzaj\u0105cy przegl\u0105daj\u0105 Twoj\u0105 witryn\u0119 Woocommerce, dynamiczna i interaktywna natura tej wtyczki gwarantuje, \u017ce pozostan\u0105 zaanga\u017cowani, zmniejszaj\u0105c prawdopodobie\u0144stwo przedwczesnego opuszczenia witryny.<\/p><p>Wtyczka Elfsight AliExpress Reviews do witryny Woocommerce otwiera \u015bwiat mo\u017cliwo\u015bci dla Firmy handlu elektronicznego. Zwi\u0119ksz widoczno\u015b\u0107 swojego produktu, zaanga\u017cuj odbiorc\u00f3w i zwi\u0119ksz og\u00f3ln\u0105 atrakcyjno\u015b\u0107 swojej witryny Woocommerce dzi\u0119ki temu wyj\u0105tkowemu wid\u017cetowi. To idealny widget dla w\u0142a\u015bcicieli witryn Woocommerce, kt\u00f3rzy chc\u0105 zrobi\u0107 trwa\u0142e wra\u017cenie i zwi\u0119kszy\u0107 liczb\u0119 konwersji. Ju\u017c dzi\u015b wynie\u015b swoj\u0105 witryn\u0119 Woocommerce na nowy poziom dzi\u0119ki wtyczce Elfsight AliExpress Reviews. <\/p> <p><b>Wykorzystaj wtyczk\u0119 AliExpress Reviews, aby przyspieszy\u0107 sw\u00f3j sukces w handlu elektronicznym!<\/b><\/p> <div class=\"faq\" data-component=\"FAQ\"><div class=\"faq-item\">\r\n\t\t\t\t\t<div class=\"faq-item-question\">\r\n\t\t\t\t\t\t<h3 class=\"faq-item-question-text\"><\/h3>\r\n\r\n\t\t\t\t\t\t<div class=\"faq-item-question-icon\"><\/div>\r\n\t\t\t\t\t<\/div>\r\n\r\n\t\t\t\t\t<div class=\"faq-item-answer\">\r\n\t\t\t\t\t\t<div class=\"faq-item-answer-text\"><p>Recenzje Elfsight AliExpress dla WooCommerce to najlepszy wyb\u00f3r dla w\u0142a\u015bcicieli sklep\u00f3w internetowych korzystaj\u0105cych z WooCommerce, kt\u00f3rzy chc\u0105 wzbogaci\u0107 swoje oferty produkt\u00f3w o autentyczne recenzje klient\u00f3w. Oto kilka istotnych powod\u00f3w, dla kt\u00f3rych warto wybra\u0107 t\u0119 wtyczk\u0119:<\/p><ul> <li>\u0141atwa integracja: dodanie recenzji AliExpress do Twojego sklepu WooCommerce jest proste. Nie potrzebujesz \u017cadnych umiej\u0119tno\u015bci kodowania; jest to tak proste, jak kopiowanie i wklejanie.<\/li> <li>Opcje dostosowywania: Dostosuj wid\u017cet Recenzje AliExpress, aby pasowa\u0142 do stylu i marki Twojego sklepu. Wybieraj spo\u015br\u00f3d r\u00f3\u017cnych motyw\u00f3w, uk\u0142ad\u00f3w i ustawie\u0144 wy\u015bwietlania recenzji.<\/li> <li>Prawdziwe opinie klient\u00f3w: prezentuj prawdziwe recenzje z AliExpress, zapewniaj\u0105c potencjalnym kupuj\u0105cym cenne informacje i dow\u00f3d spo\u0142eczny.<\/li> <li>Wi\u0119ksze zaufanie: buduj ufaj swoim klientom, wy\u015bwietlaj\u0105c autentyczne recenzje, zach\u0119caj\u0105c ich do podejmowania \u015bwiadomych decyzji zakupowych.<\/li> <li>Wi\u0119ksza sprzeda\u017c: prezentuj\u0105c autentyczne recenzje, zwi\u0119kszysz zaufanie klient\u00f3w i zwi\u0119kszysz sprzeda\u017c, dzi\u0119ki czemu Tw\u00f3j sklep WooCommerce b\u0119dzie bardziej zyskowny. <\/li><\/ul><p>Dzi\u0119ki Recenzjom Elfsight AliExpress dla WooCommerce mo\u017cesz znacznie ulepszy\u0107 listy produkt\u00f3w i stworzy\u0107 bardziej wiarygodne zakupy.<\/p><\/div>\r\n\t\t\t\t\t<\/div>\r\n\t\t\t\t<\/div><div class=\"faq-item\">\r\n\t\t\t\t\t<div class=\"faq-item-question\">\r\n\t\t\t\t\t\t<h3 class=\"faq-item-question-text\">\u201eJak<\/h3>\r\n\r\n\t\t\t\t\t\t<div class=\"faq-item-question-icon\"><\/div>\r\n\t\t\t\t\t<\/div>\r\n\r\n\t\t\t\t\t<div class=\"faq-item-answer\">\r\n\t\t\t\t\t\t<div class=\"faq-item-answer-text\"><p>Integracja recenzji Elfsight AliExpress ze sklepem WooCommerce to szybki i prosty proces. Aby rozpocz\u0105\u0107, wykonaj nast\u0119puj\u0105ce kroki:<\/p><ol> <li><strong>Dostosowywanie wid\u017cetu:<\/strong> Rozpocznij od dostosowania wid\u017cetu Recenzje AliExpress za pomoc\u0105 naszego bezp\u0142atnego konfiguratora. Mo\u017cesz wybra\u0107 preferowany uk\u0142ad, projekt i inne ustawienia.<\/li> <li><strong>Kod instalacyjny:<\/strong> po dostosowaniu wid\u017cetu otrzymasz unikalny kod instalacyjny. Skopiuj ten kod, poniewa\u017c b\u0119dzie Ci potrzebny w nast\u0119pnym kroku.<\/li> <li><strong>Integracja ze sklepem:<\/strong> Uzyskaj dost\u0119p do zaplecza sklepu WooCommerce i wklej kod instalacyjny w wymaganej lokalizacji. Zapisz zmiany.<\/li> <li><strong>Ciesz si\u0119 recenzjami AliExpress:<\/strong> Tw\u00f3j wid\u017cet Recenzje AliExpress zosta\u0142 teraz pomy\u015blnie zintegrowany z Twoim sklepem. Odwied\u017a list\u0119 produkt\u00f3w, aby zobaczy\u0107, jak to dzia\u0142a.<\/li><\/ol><p>To wszystko! Pomy\u015blnie doda\u0142e\u015b recenzje Elfsight AliExpress do swojego sklepu WooCommerce, wzbogacaj\u0105c swoje listy produkt\u00f3w autentycznymi opiniami klient\u00f3w.<\/p><\/div>\r\n\t\t\t\t\t<\/div>\r\n\t\t\t\t<\/div><div class=\"faq-item\">\r\n\t\t\t\t\t<div class=\"faq-item-question\">\r\n\t\t\t\t\t\t<h3 class=\"faq-item-question-text\">Podgl\u0105d wygl\u0105du wid\u017cetu dzi\u0119ki naszej demonstracji na \u017cywo<\/h3>\r\n\r\n\t\t\t\t\t\t<div class=\"faq-item-question-icon\"><\/div>\r\n\t\t\t\t\t<\/div>\r\n\r\n\t\t\t\t\t<div class=\"faq-item-answer\">\r\n\t\t\t\t\t\t<div class=\"faq-item-answer-text\"> <p> Ciekawi Ci\u0119, jak wid\u017cet Recenzje AliExpress b\u0119dzie wygl\u0105da\u0142 w Twoim sklepie WooCommerce? Mo\u017cesz wy\u015bwietli\u0107 jego podgl\u0105d przed dodaniem go do swojej witryny. Dostosowuj\u0105c wid\u017cet w kreatorze online, po prawej stronie mo\u017cesz zobaczy\u0107 zmiany w czasie rzeczywistym. Oznacza to, \u017ce mo\u017cesz mie\u0107 pewno\u015b\u0107, \u017ce wy\u015bwietlane recenzje b\u0119d\u0105 idealnie dopasowane do stylu Twojego sklepu WooCommerce.<\/p><p><a href=\"https:\/\/elfsight.com\/aliexpress-reviews-widget\/#demo\">Wypr\u00f3buj Demo na \u017cywo teraz<\/a><\/p><\/div>\r\n\t\t\t\t\t<\/div>\r\n\t\t\t\t<\/div><\/div><\/div><div class=\"application-platform-content-item-features application-platform-content-item\" id=\"features\" data-nav-section=\"features\"><h2>Kluczowe funkcje wid\u017cetu: kr\u00f3tki przegl\u0105d<\/h2> <p> Uwolnij potencja\u0142 wtyczki Elfsight AliExpress Reviews dzi\u0119ki tym niezwyk\u0142ym funkcjom, kt\u00f3re umo\u017cliwiaj\u0105 przej\u0119cie kontroli nad wydajno\u015bci\u0105 Twojej witryny internetowej lub strony oraz zaanga\u017cowaniem u\u017cytkownik\u00f3w:<\/p><ul> <li> <strong>Przyciski wezwania do dzia\u0142ania (CTA) dla lepszej konwersji:<\/strong> dzi\u0119ki wtyczce Elfsight AliExpress Reviews mo\u017cesz \u0142atwo w\u0142\u0105czy\u0107 przyciski wezwania do dzia\u0142ania (CTA) do tre\u015bci swojej witryny lub strony oraz kodu HTML. Przyciski te pe\u0142ni\u0105 rol\u0119 pot\u0119\u017cnego widgetu, kt\u00f3ry prowadzi u\u017cytkownik\u00f3w w stron\u0119 konwersji, niezale\u017cnie od tego, czy chodzi o dokonanie zakupu, zapisanie si\u0119 do newslettera czy jak\u0105kolwiek inn\u0105 po\u017c\u0105dan\u0105 czynno\u015b\u0107. Dostosuj przyciski Recenzji AliExpress, aby by\u0142y zgodne z celami Twojej strony internetowej i stymulowa\u0142y interakcj\u0119 u\u017cytkownik\u00f3w. <\/li> <li> <strong>Konfigurowalny czas przej\u015bcia slajd\u00f3w:<\/strong> dostosuj czas prze\u0142\u0105czania mi\u0119dzy slajdami, aby dopasowa\u0107 go do tempa Twojej witryny lub strony Woocommerce. Mo\u017cesz elastycznie ustawi\u0107 pr\u0119dko\u015b\u0107, z jak\u0105 zmienia si\u0119 zawarto\u015b\u0107 wtyczki, zapewniaj\u0105c, \u017ce uzupe\u0142nia ona og\u00f3lne wra\u017cenia u\u017cytkownika z Twojej witryny. <\/li> <li> <strong>Opcje wielu funkcji:<\/strong> Wtyczka Elfsight AliExpress Reviews oferuje szereg funkcji do wyboru dla Twojej witryny lub strony. Mo\u017cesz wybra\u0107 i zintegrowa\u0107 te, kt\u00f3re najlepiej odpowiadaj\u0105 Twoim konkretnym potrzebom i celom, z kodem HTML Twojej strony internetowej, poprawiaj\u0105c og\u00f3ln\u0105 funkcjonalno\u015b\u0107 i atrakcyjno\u015b\u0107 Twojego sklepu internetowego. <\/li> <li> <strong>Zaawansowane pozycjonowanie tre\u015bci:<\/strong> Skorzystaj z zaawansowanych opcji pozycjonowania udost\u0119pnianych przez wtyczk\u0119, dzi\u0119ki czemu mo\u017cesz umie\u015bci\u0107 zawarto\u015b\u0107 Recenzji AliExpress w dowolnym miejscu witryny lub strony Woocommerce. Ten poziom kontroli umo\u017cliwia stworzenie p\u0142ynnego i wci\u0105gaj\u0105cego do\u015bwiadczenia u\u017cytkownika, kt\u00f3re rezonuje z odbiorcami. <\/li> <li> <strong>Pi\u0119\u0107 odmian tre\u015bci:<\/strong> Wtyczka Elfsight AliExpress Reviews udost\u0119pnia pi\u0119\u0107 opcji tre\u015bci, kt\u00f3re mo\u017cesz dostosowa\u0107 do swoich preferencji. Niezale\u017cnie od tego, czy s\u0105 to elementy wizualne, filmy, opisy produkt\u00f3w, referencje klient\u00f3w czy kusz\u0105ce oferty, mo\u017cesz bezproblemowo w\u0142\u0105czy\u0107 te elementy do kodu wtyczki AliExpress Reviews, wzbogacaj\u0105c zawarto\u015b\u0107 swojej witryny lub strony oraz atrakcyjno\u015b\u0107 wizualn\u0105. <\/li><\/ul><p>W\u0142\u0105czenie recenzji Elfsight AliExpress do kodu HTML swojej strony Woocommerce zapewnia dost\u0119p do kompleksowego zestawu wid\u017cet\u00f3w, kt\u00f3re nie tylko zwi\u0119kszaj\u0105 zaanga\u017cowanie u\u017cytkownik\u00f3w, ale tak\u017ce podnosz\u0105 funkcjonalno\u015b\u0107 i estetyk\u0119 Twojej strony internetowej. Niezale\u017cnie od tego, czy chodzi o zwi\u0119kszenie konwersji za pomoc\u0105 przycisk\u00f3w CTA, dostosowanie czasu trwania slajdu w celu zapewnienia p\u0142ynniejszego do\u015bwiadczenia, czy te\u017c wykorzystanie zaawansowanego pozycjonowania, ta wtyczka AliExpress Reviews jest kluczem do optymalizacji wydajno\u015bci Twojej witryny i stworzenia bardziej wci\u0105gaj\u0105cej podr\u00f3\u017cy u\u017cytkownika.<\/p><p> <a href=\"#demo\">Poznaj funkcjonalno\u015b\u0107 wtyczki za pomoc\u0105 demonstracji.<\/a><\/p> <\/div><div class=\"application-platform-content-item-installation application-platform-content-item\" id=\"installation\" data-nav-section=\"installation\"><h2>Jak doda\u0107 recenzje AliExpress do swojego konta Strona Woocommerce<\/h2> <p>Wykonaj te proste kroki, aby aktywowa\u0107 wtyczk\u0119 w swojej witrynie Woocommerce.<\/p> <ol><li><b>Rozpocznij od skorzystania z naszej bezp\u0142atnej wersji demonstracyjnej, aby utworzy\u0107 dostosowan\u0105 wtyczk\u0119 AliExpress Reviews dla Woocommerce stron\u0119 internetow\u0105.<\/b><br> Wybierz preferowany wygl\u0105d i funkcje wid\u017cetu oraz zastosuj \u017c\u0105dane modyfikacje. <\/li> <li><b>Skopiuj unikalny kod HTML wygenerowany w aplikacjach Elfsight.<\/b><br> Po utworzeniu spersonalizowanej wtyczki skopiuj kod HTML podany w wyskakuj\u0105cym oknie i zapisz go do wykorzystania w przysz\u0142o\u015bci. <\/li> <li><b>Zaimplementuj wtyczk\u0119 AliExpress Reviews na swojej stronie Woocommerce.<\/b><br> Dodaj zapisany wcze\u015bniej kod do sekcji HTML swojej witryny lub strony Woocommerce i wprowad\u017a niezb\u0119dne zmiany. <\/li> <li><b>To wszystko! Dodawanie recenzji AliExpress zosta\u0142o zako\u0144czone.<\/b><br> Odwied\u017a swoj\u0105 witryn\u0119, aby zobaczy\u0107, jak dzia\u0142a wtyczka Woocommerce AliExpress Reviews. <\/li><\/ol> <p>Je\u015bli masz jakiekolwiek pytania lub napotkasz trudno\u015bci, nie wahaj si\u0119 skontaktowa\u0107 z naszym zespo\u0142em obs\u0142ugi klienta. Nasi eksperci s\u0105 gotowi odpowiedzie\u0107 na wszelkie pytania zwi\u0105zane z produktami.<\/p> <\/div>","protected":false},"excerpt":{"rendered":"","protected":false},"author":9,"featured_media":0,"parent":1518,"menu_order":0,"comment_status":"closed","ping_status":"closed","template":"templates\/template-application-platform.php","meta":{"publish_to_discourse":"","publish_post_category":"","wpdc_auto_publish_overridden":"","wpdc_topic_tags":"","wpdc_pin_topic":"","wpdc_pin_until":"","discourse_post_id":"","discourse_permalink":"","wpdc_publishing_response":"","wpdc_publishing_error":"","footnotes":""},"class_list":["post-3981","page","type-page","status-publish","hentry"],"yoast_head":"<!-- This site is optimized with the Yoast SEO plugin v25.3.1 - https:\/\/yoast.com\/wordpress\/plugins\/seo\/ -->\n<title>Ulepsz sw\u00f3j sklep Woocommerce dzi\u0119ki recenzjom Elfsight AliExpress<\/title>\n<meta name=\"description\" content=\"Zwi\u0119ksz zaufanie i zaanga\u017cowanie swojego sklepu Woocommerce dzi\u0119ki p\u0142ynnej integracji recenzji Elfsight AliExpress. Odkryj prosty proces w\u0142\u0105czania recenzji klient\u00f3w i prezentacji produkt\u00f3w, prowadz\u0105cy do poprawy konwersji i zaufania klient\u00f3w.\" \/>\n<meta name=\"robots\" content=\"index, follow, max-snippet:-1, max-image-preview:large, max-video-preview:-1\" \/>\n<link rel=\"canonical\" href=\"https:\/\/elfsight.com\/pl\/aliexpress-reviews-widget\/woocommerce\/\" \/>\n<meta property=\"og:locale\" content=\"pl_PL\" \/>\n<meta property=\"og:type\" content=\"article\" \/>\n<meta property=\"og:title\" content=\"Ulepsz sw\u00f3j sklep Woocommerce dzi\u0119ki recenzjom Elfsight AliExpress\" \/>\n<meta property=\"og:description\" content=\"Zwi\u0119ksz zaufanie i zaanga\u017cowanie swojego sklepu Woocommerce dzi\u0119ki p\u0142ynnej integracji recenzji Elfsight AliExpress. Odkryj prosty proces w\u0142\u0105czania recenzji klient\u00f3w i prezentacji produkt\u00f3w, prowadz\u0105cy do poprawy konwersji i zaufania klient\u00f3w.\" \/>\n<meta property=\"og:url\" content=\"https:\/\/elfsight.com\/pl\/aliexpress-reviews-widget\/woocommerce\/\" \/>\n<meta property=\"og:site_name\" content=\"Elfsight PL\" \/>\n<meta property=\"article:modified_time\" content=\"2024-10-23T13:32:45+00:00\" \/>\n<meta name=\"twitter:card\" content=\"summary_large_image\" \/>\n<meta name=\"twitter:label1\" content=\"Szacowany czas czytania\" \/>\n\t<meta name=\"twitter:data1\" content=\"7 minut\" \/>\n<!-- \/ Yoast SEO plugin. -->","yoast_head_json":{"title":"Ulepsz sw\u00f3j sklep Woocommerce dzi\u0119ki recenzjom Elfsight AliExpress","description":"Zwi\u0119ksz zaufanie i zaanga\u017cowanie swojego sklepu Woocommerce dzi\u0119ki p\u0142ynnej integracji recenzji Elfsight AliExpress. Odkryj prosty proces w\u0142\u0105czania recenzji klient\u00f3w i prezentacji produkt\u00f3w, prowadz\u0105cy do poprawy konwersji i zaufania klient\u00f3w.","robots":{"index":"index","follow":"follow","max-snippet":"max-snippet:-1","max-image-preview":"max-image-preview:large","max-video-preview":"max-video-preview:-1"},"canonical":"https:\/\/elfsight.com\/pl\/aliexpress-reviews-widget\/woocommerce\/","og_locale":"pl_PL","og_type":"article","og_title":"Ulepsz sw\u00f3j sklep Woocommerce dzi\u0119ki recenzjom Elfsight AliExpress","og_description":"Zwi\u0119ksz zaufanie i zaanga\u017cowanie swojego sklepu Woocommerce dzi\u0119ki p\u0142ynnej integracji recenzji Elfsight AliExpress. Odkryj prosty proces w\u0142\u0105czania recenzji klient\u00f3w i prezentacji produkt\u00f3w, prowadz\u0105cy do poprawy konwersji i zaufania klient\u00f3w.","og_url":"https:\/\/elfsight.com\/pl\/aliexpress-reviews-widget\/woocommerce\/","og_site_name":"Elfsight PL","article_modified_time":"2024-10-23T13:32:45+00:00","twitter_card":"summary_large_image","twitter_misc":{"Szacowany czas czytania":"7 minut"},"schema":{"@context":"https:\/\/schema.org","@graph":[{"@type":"WebPage","@id":"https:\/\/elfsight.com\/pl\/aliexpress-reviews-widget\/woocommerce\/","url":"https:\/\/elfsight.com\/pl\/aliexpress-reviews-widget\/woocommerce\/","name":"Ulepsz sw\u00f3j sklep Woocommerce dzi\u0119ki recenzjom Elfsight AliExpress","isPartOf":{"@id":"https:\/\/elfsight.com\/pl\/#website"},"datePublished":"2024-05-03T06:26:35+00:00","dateModified":"2024-10-23T13:32:45+00:00","description":"Zwi\u0119ksz zaufanie i zaanga\u017cowanie swojego sklepu Woocommerce dzi\u0119ki p\u0142ynnej integracji recenzji Elfsight AliExpress. Odkryj prosty proces w\u0142\u0105czania recenzji klient\u00f3w i prezentacji produkt\u00f3w, prowadz\u0105cy do poprawy konwersji i zaufania klient\u00f3w.","breadcrumb":{"@id":"https:\/\/elfsight.com\/pl\/aliexpress-reviews-widget\/woocommerce\/#breadcrumb"},"inLanguage":"pl-PL","potentialAction":[{"@type":"ReadAction","target":["https:\/\/elfsight.com\/pl\/aliexpress-reviews-widget\/woocommerce\/"]}]},{"@type":"BreadcrumbList","@id":"https:\/\/elfsight.com\/pl\/aliexpress-reviews-widget\/woocommerce\/#breadcrumb","itemListElement":[{"@type":"ListItem","position":1,"name":"Home","item":"https:\/\/elfsight.com\/pl\/"},{"@type":"ListItem","position":2,"name":"AliExpress Reviews","item":"https:\/\/elfsight.com\/pl\/aliexpress-reviews-widget\/"},{"@type":"ListItem","position":3,"name":"AliExpress Reviews &#8211; Woocommerce"}]},{"@type":"WebSite","@id":"https:\/\/elfsight.com\/pl\/#website","url":"https:\/\/elfsight.com\/pl\/","name":"Elfsight PL","description":"Just another Elfsight Sites site","potentialAction":[{"@type":"SearchAction","target":{"@type":"EntryPoint","urlTemplate":"https:\/\/elfsight.com\/pl\/?s={search_term_string}"},"query-input":{"@type":"PropertyValueSpecification","valueRequired":true,"valueName":"search_term_string"}}],"inLanguage":"pl-PL"}]}},"meta_box":{"industry":"","seo_heading":"","heading":"","description":"","cta_heading":"","cta_description":"","application":"1517","h1":"Jak osadzi\u0107 recenzje AliExpress na stronie Woocommerce","h1_caption":"Poka\u017c recenzje ze swojego sklepu aliexpress, aby bez wysi\u0142ku budowa\u0107 zaufanie i zwi\u0119ksza\u0107 wiarygodno\u015b\u0107 list produkt\u00f3w w swojej witrynie WooCommerce.","application_category":[],"applications_title":"","applications_request_title":"","applications_request_button_text":"","hero_text":"","hero_video":"","hero_video_schema_markup":"","selling_points_title":"","selling_points_caption":"","selling_points":[],"selling_points_cta_text":"","features_title":"","features":"","ed_cta_examples_text":"","ed_cta_examples_hidden":"","ed_cta_demo_text":"","ed_cta_demo_hidden":"","why_caption":"","why_editor_title":"","why_editor_text":"","why_team_title":"","why_team_text":"","why_service_title":"","why_service_text":"","template_catalog_visible":"","template_catalog_title":"","template_catalog_text":"","template_catalog_categories_visible":"","demo_title":"Zach\u0119camy do kszta\u0142towania dostosowanych do indywidualnych potrzeb recenzji Woocommerce AliExpress","demo_caption":"Dostosuj go i umie\u015b\u0107 wtyczk\u0119 na swojej stronie g\u0142\u00f3wnej za pomoc\u0105 wersji demonstracyjnej.","default_faq_hidden":"","app_template_category":[],"platform":"335","template_public_id":"","codecanyon_url":"","codecanyon_item_id":"","codecanyon_price":"","pricing_caption":"","pricing_elfsight_apps_hide_column":"","pricing_elfsight_apps_url":"","pricing_codecanyon_price_caption":"","integration_category":[],"integration_request_title":"","integration_request_cta":"","integration_platform":"","integrations":[],"platform_category":[],"video_schema_markup":"","price":"od 0 USD \/ miesi\u0105c","trial":"","benefits":[{"text":"Bezp\u0142atna pomoc w instalacji"},{"text":"Wyj\u0105tkowe wsparcie"},{"text":"14-dniowa gwarancja zwrotu pieni\u0119dzy"}],"button_url":"#demo","button_target_blank":"","button_nofollow":"","attributes":[{"name":"Instaluje"},{"name":"Czu\u0142y"},{"name":"Kompatybilne przegl\u0105darki"}],"tags":[],"tags_disable_links":"","hide_more_platforms":"","video_object":"","demo_hide_cta":"","demo_hide_cloud_options":"","pricing_title":"","pricing":[{"pricing_icon":"platform","pricing_title":"Elfsight Apps","pricing_title_caption":"Wieloplatformowe rozwi\u0105zanie cyfrowe, kt\u00f3re pasuje do ka\u017cdej witryny","pricing_price":"od 0 USD \/ miesi\u0105c","pricing_price_caption":"zacznij od bezp\u0142atnego planu","pricing_benefits":[{"text":"Nielimitowane strony internetowe"},{"text":"Profesjonalne wsparcie i dobrze udokumentowane"},{"text":"Bezp\u0142atna pomoc w monta\u017cu"},{"text":"100% konfigurowalny"}],"pricing_button_text":"Dodaj do witryny","pricing_button_url":"#demo"}],"related_apps_title":"","related_apps_hidden":"","author":"","image":[],"title":"","job":"","social_networks":[]},"_links":{"self":[{"href":"https:\/\/elfsight.com\/pl\/wp-json\/wp\/v2\/pages\/3981","targetHints":{"allow":["GET"]}}],"collection":[{"href":"https:\/\/elfsight.com\/pl\/wp-json\/wp\/v2\/pages"}],"about":[{"href":"https:\/\/elfsight.com\/pl\/wp-json\/wp\/v2\/types\/page"}],"author":[{"embeddable":true,"href":"https:\/\/elfsight.com\/pl\/wp-json\/wp\/v2\/users\/9"}],"replies":[{"embeddable":true,"href":"https:\/\/elfsight.com\/pl\/wp-json\/wp\/v2\/comments?post=3981"}],"version-history":[{"count":1,"href":"https:\/\/elfsight.com\/pl\/wp-json\/wp\/v2\/pages\/3981\/revisions"}],"predecessor-version":[{"id":3985,"href":"https:\/\/elfsight.com\/pl\/wp-json\/wp\/v2\/pages\/3981\/revisions\/3985"}],"up":[{"embeddable":true,"href":"https:\/\/elfsight.com\/pl\/wp-json\/wp\/v2\/pages\/1518"}],"wp:attachment":[{"href":"https:\/\/elfsight.com\/pl\/wp-json\/wp\/v2\/media?parent=3981"}],"curies":[{"name":"wp","href":"https:\/\/api.w.org\/{rel}","templated":true}]}}