{"id":3976,"date":"2024-05-03T06:26:34","date_gmt":"2024-05-03T06:26:34","guid":{"rendered":"https:\/\/elfsight.com\/pl\/?page_id=3976"},"modified":"2025-06-24T08:28:17","modified_gmt":"2025-06-24T08:28:17","slug":"wordpress","status":"publish","type":"page","link":"https:\/\/elfsight.com\/pl\/airbnb-reviews-widget\/wordpress\/","title":{"rendered":"Airbnb Reviews &#8211; WordPress"},"content":{"rendered":"<div class=\"application-platform-content-item-description application-platform-content-item\" id=\"description\" data-nav-section=\"description\"> <h2>Umie\u015b\u0107 recenzje Airbnb na WordPress za pomoc\u0105 wid\u017cetu Elfsight<\/h2> <p>Je\u015bli chcesz ujawni\u0107 swoj\u0105 wysok\u0105 ocen\u0119 i przekona\u0107 odwiedzaj\u0105cych witryn\u0119 \u017ce Twoje zakwaterowanie jest popularne, widget Elfsight Airbnb Recenzje b\u0119dzie w\u0142a\u015bciwym wyborem. Za pomoc\u0105 tego widgetu b\u0119dziesz m\u00f3g\u0142 umieszcza\u0107 recenzje u\u017cytkownik\u00f3w z Airbnb na swojej stronie internetowej z informacj\u0105 o ich autorach, u\u017cywa\u0107 filtr\u00f3w, aby wy\u015bwietla\u0107 tylko najlepsze, wy\u015bwietla\u0107 oceny oraz przycisk przekierowuj\u0105cy, kt\u00f3ry przekieruje ludzi na Twoj\u0105 stron\u0119 Airbnb, dzi\u0119ki czemu b\u0119d\u0105 mogli napisz ich recenzj\u0119. <\/p> <div class=\"faq\" data-component=\"FAQ\"><div class=\"faq-item\">\r\n\t\t\t\t\t<div class=\"faq-item-question\">\r\n\t\t\t\t\t\t<h3 class=\"faq-item-question-text\">Jak mog\u0119 doda\u0107 recenzje u\u017cytkownik\u00f3w Airbnb do mojej witryny WordPress?<\/h3>\r\n\r\n\t\t\t\t\t\t<div class=\"faq-item-question-icon\"><\/div>\r\n\t\t\t\t\t<\/div>\r\n\r\n\t\t\t\t\t<div class=\"faq-item-answer\">\r\n\t\t\t\t\t\t<div class=\"faq-item-answer-text\"><p>Po prostu utw\u00f3rz wtyczk\u0119, nast\u0119pnie zmodyfikuj jej wygl\u0105d i zapisz zmiany. Skopiuj kod wtyczki i dodaj go do uk\u0142adu, kt\u00f3rego u\u017cywasz. <\/p><\/div>\r\n\t\t\t\t\t<\/div>\r\n\t\t\t\t<\/div><div class=\"faq-item\">\r\n\t\t\t\t\t<div class=\"faq-item-question\">\r\n\t\t\t\t\t\t<h3 class=\"faq-item-question-text\">Jak zdoby\u0107 recenzje klient\u00f3w Airbnb na temat stron produkt\u00f3w?<\/h3>\r\n\r\n\t\t\t\t\t\t<div class=\"faq-item-question-icon\"><\/div>\r\n\t\t\t\t\t<\/div>\r\n\r\n\t\t\t\t\t<div class=\"faq-item-answer\">\r\n\t\t\t\t\t\t<div class=\"faq-item-answer-text\"><p>Mo\u017cesz to \u0142atwo zrobi\u0107 za pomoc\u0105 przycisku wezwania do dzia\u0142ania. Po klikni\u0119ciu u\u017cytkownicy zostan\u0105 przeniesieni bezpo\u015brednio do Twojego profilu. <\/p><\/div>\r\n\t\t\t\t\t<\/div>\r\n\t\t\t\t<\/div><div class=\"faq-item\">\r\n\t\t\t\t\t<div class=\"faq-item-question\">\r\n\t\t\t\t\t\t<h3 class=\"faq-item-question-text\">Czy mog\u0119 zaprojektowa\u0107 rozszerzenie oceny \/ szablon odznaki Airbnb?<\/h3>\r\n\r\n\t\t\t\t\t\t<div class=\"faq-item-question-icon\"><\/div>\r\n\t\t\t\t\t<\/div>\r\n\r\n\t\t\t\t\t<div class=\"faq-item-answer\">\r\n\t\t\t\t\t\t<div class=\"faq-item-answer-text\"><p>Wykonaj kroki z poni\u017cszego nieskomplikowanego przewodnika: <\/p><ol><li>Skorzystaj z naszego demo i rozpocznij tworzenie dostosowanej wtyczki. <\/li> <li>Dostosuj funkcjonalno\u015b\u0107 wtyczki i zapisz najwa\u017cniejsze zmiany. <\/li><li>Odbierz sw\u00f3j indywidualny kod pojawiaj\u0105cy si\u0119 w oknie. <\/li> <li>Wstaw kod wtyczki na swoj\u0105 stron\u0119 g\u0142\u00f3wn\u0105 i zapisz go. <\/li><li>Gratulacje! Bezproblemowo zaimplementowa\u0142e\u015b wid\u017cet Elfsight na stronie. <\/li><\/div>\r\n\t\t\t\t\t<\/div>\r\n\t\t\t\t<\/div><\/div><\/div> <div class=\"application-platform-content-item-features application-platform-content-item\" id=\"features\" data-nav-section=\"features\"> <h2>G\u0142\u00f3wne funkcje wid\u017cetu Recenzje Airbnb<\/h2> <p>Oto lista g\u0142\u00f3wnych funkcji i cech naszego widgetu. Dzi\u0119ki nim jest to naprawd\u0119 skuteczne:<\/p> <ul> <li>3 opcje filtr\u00f3w: wed\u0142ug typu, wykluczenia wed\u0142ug i liczby wy\u015bwietlanych recenzji;<\/li> <li>Aktywny przycisk umo\u017cliwiaj\u0105cy opublikowanie jeszcze jednej recenzja przenosi go\u015bci na stron\u0119 Airbnb;<\/li> <li>Dwa warianty scenariuszy po odrzuceniu pro\u015bby o sprawdzenie: ujawnij swoj\u0105 wiadomo\u015b\u0107 lub ukryj przycisk.<\/li> <\/ul><p><a href=\"#demo \">Poznaj wi\u0119cej funkcji w wersji demonstracyjnej<\/a><\/p> <\/div> <div class=\"application-platform-content-item-installation application-platform-content-item\" id=\"installation\" data-nav-section=\"installation\"> <h2>Oto jak umie\u015bci\u0107 wtyczk\u0119 Recenzje Airbnb na swojej stronie WordPress<\/h2> <div class=\"video-container\"><iframe width=\"720\" height=\"405\" src=\"https:\/\/www.youtube.com\/embed\/ruIXCfTj_io\" frameborder=\"0\" allowfullscreen=\"\"><\/iframe><\/div><p>Poni\u017csze kroki to jedyne, co musisz ustali\u0107. <\/p> <ol><li><b>Zarz\u0105dzaj nasz\u0105 bezp\u0142atn\u0105 wersj\u0105 demonstracyjn\u0105 i rozpocznij prac\u0119 ze swoj\u0105 niestandardow\u0105 wtyczk\u0105. <\/b><br> Wybierz wybrany uk\u0142ad i parametry wtyczki Recenzje i zastosuj wszystkie zmiany. <\/li> <li><b>Zdob\u0105d\u017a indywidualny kod, kt\u00f3ry pojawia si\u0119 w specjalnym formularzu w aplikacjach Elfsight. <\/b><br> Po zako\u0144czeniu tworzenia wtyczki skopiuj kod w wy\u015bwietlonym oknie i zapisz go do dalszego wykorzystania. <\/li> <li><b>Rozpocznij korzystanie z wtyczki w swojej witrynie WordPress. <\/b><br> Zaimplementuj zapisany wcze\u015bniej kod na swojej stronie i zastosuj zmiany. <\/li> <li><b>Gotowe! Osadzanie zosta\u0142o w pe\u0142ni zako\u0144czone. <\/b><br> Odwied\u017a swoj\u0105 witryn\u0119, aby zobaczy\u0107 w akcji dzia\u0142anie wtyczki. <\/li><\/ol><p>Nadal nie mo\u017cesz si\u0119 zdecydowa\u0107? Lub do\u015bwiadczasz problem\u00f3w? Tylko jedna pro\u015bba do naszego zespo\u0142u wsparcia rozwi\u0105\u017ce ka\u017cdy problem. <\/p> <\/div><\/ol>\n","protected":false},"excerpt":{"rendered":"","protected":false},"author":9,"featured_media":0,"parent":1443,"menu_order":0,"comment_status":"closed","ping_status":"closed","template":"templates\/template-application-platform.php","meta":{"publish_to_discourse":"","publish_post_category":"","wpdc_auto_publish_overridden":"","wpdc_topic_tags":"","wpdc_pin_topic":"","wpdc_pin_until":"","discourse_post_id":"","discourse_permalink":"","wpdc_publishing_response":"","wpdc_publishing_error":"","footnotes":""},"class_list":["post-3976","page","type-page","status-publish","hentry"],"yoast_head":"<!-- This site is optimized with the Yoast SEO plugin v25.3.1 - https:\/\/yoast.com\/wordpress\/plugins\/seo\/ -->\n<title>Umie\u015b\u0107 recenzje Airbnb na swojej stronie WordPress (\u0142atwo i szybko)<\/title>\n<meta name=\"description\" content=\"Dzi\u0119ki Elfsight zaprojektuj swoje recenzje Airbnb i b\u0142yskawicznie umie\u015b\u0107 je na swojej stronie WordPress. Mamy bezp\u0142atn\u0105 obs\u0142ug\u0119 klienta i inne bonusy.\" \/>\n<meta name=\"robots\" content=\"index, follow, max-snippet:-1, max-image-preview:large, max-video-preview:-1\" \/>\n<link rel=\"canonical\" href=\"https:\/\/elfsight.com\/pl\/airbnb-reviews-widget\/wordpress\/\" \/>\n<meta property=\"og:locale\" content=\"pl_PL\" \/>\n<meta property=\"og:type\" content=\"article\" \/>\n<meta property=\"og:title\" content=\"Umie\u015b\u0107 recenzje Airbnb na swojej stronie WordPress (\u0142atwo i szybko)\" \/>\n<meta property=\"og:description\" content=\"Dzi\u0119ki Elfsight zaprojektuj swoje recenzje Airbnb i b\u0142yskawicznie umie\u015b\u0107 je na swojej stronie WordPress. Mamy bezp\u0142atn\u0105 obs\u0142ug\u0119 klienta i inne bonusy.\" \/>\n<meta property=\"og:url\" content=\"https:\/\/elfsight.com\/pl\/airbnb-reviews-widget\/wordpress\/\" \/>\n<meta property=\"og:site_name\" content=\"Elfsight PL\" \/>\n<meta property=\"article:modified_time\" content=\"2025-06-24T08:28:17+00:00\" \/>\n<meta name=\"twitter:card\" content=\"summary_large_image\" \/>\n<meta name=\"twitter:label1\" content=\"Szacowany czas czytania\" \/>\n\t<meta name=\"twitter:data1\" content=\"3 minuty\" \/>\n<!-- \/ Yoast SEO plugin. -->","yoast_head_json":{"title":"Umie\u015b\u0107 recenzje Airbnb na swojej stronie WordPress (\u0142atwo i szybko)","description":"Dzi\u0119ki Elfsight zaprojektuj swoje recenzje Airbnb i b\u0142yskawicznie umie\u015b\u0107 je na swojej stronie WordPress. Mamy bezp\u0142atn\u0105 obs\u0142ug\u0119 klienta i inne bonusy.","robots":{"index":"index","follow":"follow","max-snippet":"max-snippet:-1","max-image-preview":"max-image-preview:large","max-video-preview":"max-video-preview:-1"},"canonical":"https:\/\/elfsight.com\/pl\/airbnb-reviews-widget\/wordpress\/","og_locale":"pl_PL","og_type":"article","og_title":"Umie\u015b\u0107 recenzje Airbnb na swojej stronie WordPress (\u0142atwo i szybko)","og_description":"Dzi\u0119ki Elfsight zaprojektuj swoje recenzje Airbnb i b\u0142yskawicznie umie\u015b\u0107 je na swojej stronie WordPress. Mamy bezp\u0142atn\u0105 obs\u0142ug\u0119 klienta i inne bonusy.","og_url":"https:\/\/elfsight.com\/pl\/airbnb-reviews-widget\/wordpress\/","og_site_name":"Elfsight PL","article_modified_time":"2025-06-24T08:28:17+00:00","twitter_card":"summary_large_image","twitter_misc":{"Szacowany czas czytania":"3 minuty"},"schema":{"@context":"https:\/\/schema.org","@graph":[{"@type":"WebPage","@id":"https:\/\/elfsight.com\/pl\/airbnb-reviews-widget\/wordpress\/","url":"https:\/\/elfsight.com\/pl\/airbnb-reviews-widget\/wordpress\/","name":"Umie\u015b\u0107 recenzje Airbnb na swojej stronie WordPress (\u0142atwo i szybko)","isPartOf":{"@id":"https:\/\/elfsight.com\/pl\/#website"},"datePublished":"2024-05-03T06:26:34+00:00","dateModified":"2025-06-24T08:28:17+00:00","description":"Dzi\u0119ki Elfsight zaprojektuj swoje recenzje Airbnb i b\u0142yskawicznie umie\u015b\u0107 je na swojej stronie WordPress. Mamy bezp\u0142atn\u0105 obs\u0142ug\u0119 klienta i inne bonusy.","breadcrumb":{"@id":"https:\/\/elfsight.com\/pl\/airbnb-reviews-widget\/wordpress\/#breadcrumb"},"inLanguage":"pl-PL","potentialAction":[{"@type":"ReadAction","target":["https:\/\/elfsight.com\/pl\/airbnb-reviews-widget\/wordpress\/"]}]},{"@type":"BreadcrumbList","@id":"https:\/\/elfsight.com\/pl\/airbnb-reviews-widget\/wordpress\/#breadcrumb","itemListElement":[{"@type":"ListItem","position":1,"name":"Home","item":"https:\/\/elfsight.com\/pl\/"},{"@type":"ListItem","position":2,"name":"Airbnb Reviews","item":"https:\/\/elfsight.com\/pl\/airbnb-reviews-widget\/"},{"@type":"ListItem","position":3,"name":"Airbnb Reviews &#8211; WordPress"}]},{"@type":"WebSite","@id":"https:\/\/elfsight.com\/pl\/#website","url":"https:\/\/elfsight.com\/pl\/","name":"Elfsight PL","description":"Just another Elfsight Sites site","potentialAction":[{"@type":"SearchAction","target":{"@type":"EntryPoint","urlTemplate":"https:\/\/elfsight.com\/pl\/?s={search_term_string}"},"query-input":{"@type":"PropertyValueSpecification","valueRequired":true,"valueName":"search_term_string"}}],"inLanguage":"pl-PL"}]}},"meta_box":{"industry":"","seo_heading":"","heading":"","description":"","cta_heading":"","cta_description":"","application":"1400","h1":"Wtyczka WordPress Recenzje Airbnb","h1_caption":"Wy\u015bwietlaj recenzje ze swojej oferty airbnb, aby bez wysi\u0142ku przyci\u0105gn\u0105\u0107 wi\u0119cej go\u015bci dzi\u0119ki autentycznym opiniom do swojej witryny WordPress.","application_category":[],"applications_title":"","applications_request_title":"","applications_request_button_text":"","hero_text":"","hero_video":"","hero_video_schema_markup":"","selling_points_title":"","selling_points_caption":"","selling_points":[],"selling_points_cta_text":"","features_title":"","features":"","ed_cta_examples_text":"","ed_cta_examples_hidden":"","ed_cta_demo_text":"","ed_cta_demo_hidden":"","why_caption":"","why_editor_title":"","why_editor_text":"","why_team_title":"","why_team_text":"","why_service_title":"","why_service_text":"","template_catalog_visible":"0","template_catalog_title":"","template_catalog_text":"","template_catalog_categories_visible":"","demo_title":"Utw\u00f3rz wtyczk\u0119 Recenzji Airbnb","demo_caption":"Skonfiguruj swoje recenzje Airbnb i dodaj je za darmo do swojej witryny WordPress!","default_faq_hidden":"","app_template_category":[],"platform":"31","template_public_id":"","codecanyon_url":"","codecanyon_item_id":"","codecanyon_price":"","pricing_caption":"","pricing_elfsight_apps_hide_column":"","pricing_elfsight_apps_url":"","pricing_codecanyon_price_caption":"","integration_category":[],"integration_request_title":"","integration_request_cta":"","integration_platform":"","integrations":[],"platform_category":[],"video_schema_markup":"","price":"od 0 USD \/ miesi\u0105c","trial":"","benefits":[{"text":"Bezp\u0142atna pomoc w instalacji"},{"text":"Do\u015bwiadczona obs\u0142uga klienta"},{"text":"14-dniowa gwarancja zwrotu pieni\u0119dzy"}],"button_url":"#demo","button_target_blank":"0","button_nofollow":"0","attributes":[{"name":"Instaluje"},{"name":"Czu\u0142y"},{"name":"Kompatybilne przegl\u0105darki"}],"tags":[],"tags_disable_links":"0","hide_more_platforms":"0","video_object":"","demo_hide_cta":"0","demo_hide_cloud_options":"0","pricing_title":"","pricing":[{"pricing_icon":"platform","pricing_title":"Elfsight Apps","pricing_title_caption":"Rozwi\u0105zanie wieloplatformowe, kt\u00f3re dzia\u0142a na dowolnej witrynie","pricing_price":"od 0 USD \/ miesi\u0105c","pricing_price_caption":"zacznij od bezp\u0142atnego planu","pricing_benefits":[{"text":"Nielimitowane strony internetowe"},{"text":"Wsparcie premium, terminowe i dobrze udokumentowane"},{"text":"Bezp\u0142atna pomoc w monta\u017cu"},{"text":"Specjalna oferta na wiele aplikacji"}],"pricing_button_text":"Dodaj do witryny","pricing_button_url":"#demo"}],"related_apps_title":"","related_apps_hidden":"0","author":"","image":[],"title":"","job":"","social_networks":[]},"_links":{"self":[{"href":"https:\/\/elfsight.com\/pl\/wp-json\/wp\/v2\/pages\/3976","targetHints":{"allow":["GET"]}}],"collection":[{"href":"https:\/\/elfsight.com\/pl\/wp-json\/wp\/v2\/pages"}],"about":[{"href":"https:\/\/elfsight.com\/pl\/wp-json\/wp\/v2\/types\/page"}],"author":[{"embeddable":true,"href":"https:\/\/elfsight.com\/pl\/wp-json\/wp\/v2\/users\/9"}],"replies":[{"embeddable":true,"href":"https:\/\/elfsight.com\/pl\/wp-json\/wp\/v2\/comments?post=3976"}],"version-history":[{"count":3,"href":"https:\/\/elfsight.com\/pl\/wp-json\/wp\/v2\/pages\/3976\/revisions"}],"predecessor-version":[{"id":10391,"href":"https:\/\/elfsight.com\/pl\/wp-json\/wp\/v2\/pages\/3976\/revisions\/10391"}],"up":[{"embeddable":true,"href":"https:\/\/elfsight.com\/pl\/wp-json\/wp\/v2\/pages\/1443"}],"wp:attachment":[{"href":"https:\/\/elfsight.com\/pl\/wp-json\/wp\/v2\/media?parent=3976"}],"curies":[{"name":"wp","href":"https:\/\/api.w.org\/{rel}","templated":true}]}}