{"id":3975,"date":"2024-05-03T06:26:33","date_gmt":"2024-05-03T06:26:33","guid":{"rendered":"https:\/\/elfsight.com\/pl\/?page_id=3975"},"modified":"2024-11-14T09:44:57","modified_gmt":"2024-11-14T09:44:57","slug":"wix","status":"publish","type":"page","link":"https:\/\/elfsight.com\/pl\/airbnb-reviews-widget\/wix\/","title":{"rendered":"Airbnb Reviews &#8211; Wix"},"content":{"rendered":"<div class=\"application-platform-content-item-description application-platform-content-item\" id=\"description\" data-nav-section=\"description\"> <h2>Opis<\/h2> <p>Elfsight Recenzje Airbnb to \u0142atwy wid\u017cet, kt\u00f3ry umo\u017cliwia wy\u015bwietlanie recenzji o Twojej firmie z Airbnb na Twojej stronie internetowej . Za pomoc\u0105 tego wid\u017cetu mo\u017cesz u\u017cy\u0107 kilku filtr\u00f3w, aby ukry\u0107 niechciane recenzje, doda\u0107 swoje gwiazdki i oceny liczbowe z Airbnb, doda\u0107 informacje o autorach i zintegrowa\u0107 przycisk, kt\u00f3ry pomo\u017ce odwiedzaj\u0105cym doda\u0107 jeszcze jedn\u0105 recenzj\u0119 na Airbnb. Recenzje Elfsight Airbnb pomog\u0105 Ci zademonstrowa\u0107 doskona\u0142y dow\u00f3d spo\u0142eczno\u015bciowy na Twojej stronie internetowej i zwi\u0119kszy\u0107 sprzeda\u017c. <\/p> <div class=\"faq\" data-component=\"FAQ\"><div class=\"faq-item\">\r\n\t\t\t\t\t<div class=\"faq-item-question\">\r\n\t\t\t\t\t\t<h3 class=\"faq-item-question-text\">Gdzie mog\u0119 osadzi\u0107 t\u0119 wtyczk\u0119<\/h3>\r\n\r\n\t\t\t\t\t\t<div class=\"faq-item-question-icon\"><\/div>\r\n\t\t\t\t\t<\/div>\r\n\r\n\t\t\t\t\t<div class=\"faq-item-answer\">\r\n\t\t\t\t\t\t<div class=\"faq-item-answer-text\"> <p>Mo\u017cesz wy\u015bwietli\u0107 widget na dowolnej stronie witryny lub wklei\u0107 go do szablonu witryny, w tym przypadku b\u0119dzie to poka\u017c na wszystkich stronach. Recenzje dobrze sprawdz\u0105 si\u0119 na stronach produkt\u00f3w lub na stronie O nas, czyli w miejscach, w kt\u00f3rych musisz wykaza\u0107 si\u0119 wysok\u0105 ocen\u0105. <\/p> <\/div>\r\n\t\t\t\t\t<\/div>\r\n\t\t\t\t<\/div><div class=\"faq-item\">\r\n\t\t\t\t\t<div class=\"faq-item-question\">\r\n\t\t\t\t\t\t<h3 class=\"faq-item-question-text\">Jak mog\u0119 skorzysta\u0107 z recenzji Airbnb?<\/h3>\r\n\r\n\t\t\t\t\t\t<div class=\"faq-item-question-icon\"><\/div>\r\n\t\t\t\t\t<\/div>\r\n\r\n\t\t\t\t\t<div class=\"faq-item-answer\">\r\n\t\t\t\t\t\t<div class=\"faq-item-answer-text\"> <p>Opinie udost\u0119pniane przez prawdziwe osoby s\u0105 dla klient\u00f3w Twojej witryny nieskazitelnie wiarygodne i pokazuj\u0105 im, \u017ce mo\u017cna zaufa\u0107 Twojej firmie. Wysoka ocena i pozytywne recenzje mog\u0105 pom\u00f3c zwi\u0119kszy\u0107 poziom sprzeda\u017cy w Twojej witrynie. Aktywny przycisk mo\u017ce tak\u017ce przyczyni\u0107 si\u0119 do pojawienia si\u0119 wi\u0119kszej liczby recenzji klient\u00f3w na temat Twoich ofert lub us\u0142ug na Airbnb. <\/p> <\/div>\r\n\t\t\t\t\t<\/div>\r\n\t\t\t\t<\/div> <div class=\"faq-item\">\r\n\t\t\t\t\t<div class=\"faq-item-question\">\r\n\t\t\t\t\t\t<h3 class=\"faq-item-question-text\">Jak doda\u0107 recenzje Airbnb do mojej witryny Wix?<\/h3>\r\n\r\n\t\t\t\t\t\t<div class=\"faq-item-question-icon\"><\/div>\r\n\t\t\t\t\t<\/div>\r\n\r\n\t\t\t\t\t<div class=\"faq-item-answer\">\r\n\t\t\t\t\t\t<div class=\"faq-item-answer-text\"> <p>B\u0119dziesz potrzebowa\u0107 dw\u00f3ch minut, aby wid\u017cet zacz\u0105\u0142 dzia\u0142a\u0107. Instalacja jest niezwykle szybka, bezp\u0142atna i nie wymaga kodowania. <\/p> <ol><li>Za po\u015brednictwem naszej us\u0142ugi istnieje mo\u017cliwo\u015b\u0107 osadzenia recenzji Airbnb na stronie. Wystarczy post\u0119powa\u0107 zgodnie z instrukcjami poni\u017cej na tej stronie. <\/li> <li>Widget mo\u017cna umie\u015bci\u0107 za po\u015brednictwem naszego serwisu lub poprzez platform\u0119 handlow\u0105. Mo\u017cesz wy\u015bwietli\u0107 wi\u0119cej informacji na temat tych wariant\u00f3w i wybra\u0107 najbardziej odpowiedni. <\/li> <\/ol> <\/div>\r\n\t\t\t\t\t<\/div>\r\n\t\t\t\t<\/div> <\/div> <\/div> <div class=\"application-platform-content-item-features application-platform-content-item\" id=\"features\" data-nav-section=\"features\"> <h2>Funkcje<\/h2> <p>Aby uzyska\u0107 pe\u0142ny obraz wid\u017cetu, przejrzyj list\u0119 jego g\u0142\u00f3wnych cech. Sprawiaj\u0105, \u017ce wid\u017cet jest naprawd\u0119 wydajny dla Twojej witryny: <\/p> <ul> <li>Dost\u0119pne s\u0105 cztery uk\u0142ady: Lista, Siatka, Mur i Suwak;<\/li> <li>Aktywny przycisk udost\u0119pniania recenzji zabiera u\u017cytkownik\u00f3w na Twoj\u0105 stron\u0119 Airbnb; <\/li> <li>Sze\u015b\u0107 elastycznych element\u00f3w recenzji: nazwisko i zdj\u0119cie autora, tekst rekomendacji, data udost\u0119pnienia, ikona Airbnb i liczba gwiazdek; <\/li> <\/ul><p><a href=\"#demo\">Demo zademonstruje Ci wi\u0119cej funkcji<\/a><\/p> <\/div> <div class=\"application-platform-content-item-installation application-platform-content-item\" id=\"installation\" data-nav-section=\"installation\"> <h2> Dowiedz si\u0119, jak wklei\u0107 recenzje Airbnb na swoj\u0105 witryn\u0119 Wix<\/h2><div class=\"video-container\"><iframe width=\"720\" height=\"405\" src=\"https:\/\/www.youtube.com\/embed\/HIl83roRsio\" frameborder=\"0\" allowfullscreen=\"\"><\/iframe> <\/div><p>Jedyne, co musisz zrobi\u0107, aby skonfigurowa\u0107 wid\u017cet, to poni\u017csze czynno\u015bci. Nie wymaga kodowania i jest szybki. <\/p> <ol><li><b>Zaprojektuj swoj\u0105 spersonalizowan\u0105 wtyczk\u0119 Airbnb<\/b><br> Za pomoc\u0105 naszego bezp\u0142atnego edytora wygeneruj wtyczk\u0119 o wybranym wygl\u0105dzie i funkcjonalno\u015bci. <\/li><li><b>Zdob\u0105d\u017a osobisty kod, aby opublikowa\u0107 wtyczk\u0119<\/b><br> Po wygenerowaniu wid\u017cetu otrzymasz unikalny kod z wy\u015bwietlonego okna aplikacji Elfsight. Skopiuj to. <\/li> <li><b>Opublikuj wtyczk\u0119 na swojej stronie Wix<\/b><br> Wybierz obszar, w kt\u00f3rym chcesz osadzi\u0107 wtyczk\u0119 i dodaj tam skopiowany kod. Opublikuj zmiany. <\/li> <li><b>Gotowe!<\/b><br> Odwied\u017a stron\u0119, aby zobaczy\u0107 swoj\u0105 wtyczk\u0119. <\/li> <\/ol><p>Nadal nie mo\u017cesz si\u0119 zdecydowa\u0107? Albo masz problemy? Wystarczy wys\u0142a\u0107 pro\u015bb\u0119 do naszego zespo\u0142u obs\u0142ugi klienta, a wszelkie problemy zostan\u0105 rozwi\u0105zane. <\/p> <\/div>","protected":false},"excerpt":{"rendered":"","protected":false},"author":9,"featured_media":0,"parent":1443,"menu_order":0,"comment_status":"closed","ping_status":"closed","template":"templates\/template-application-platform.php","meta":{"publish_to_discourse":"","publish_post_category":"","wpdc_auto_publish_overridden":"","wpdc_topic_tags":"","wpdc_pin_topic":"","wpdc_pin_until":"","discourse_post_id":"","discourse_permalink":"","wpdc_publishing_response":"","wpdc_publishing_error":"","footnotes":""},"class_list":["post-3975","page","type-page","status-publish","hentry"],"yoast_head":"<!-- This site is optimized with the Yoast SEO plugin v25.3.1 - https:\/\/yoast.com\/wordpress\/plugins\/seo\/ -->\n<title>Umie\u015b\u0107 recenzje Airbnb na swojej stronie Wix (2026)<\/title>\n<meta name=\"description\" content=\"Stworzenie aplikacji Recenzje Airbnb i dodanie jej na stronie Wix jest absolutnie proste. Obs\u0142uga klienta Elfsight jest bezp\u0142atna.\" \/>\n<meta name=\"robots\" content=\"index, follow, max-snippet:-1, max-image-preview:large, max-video-preview:-1\" \/>\n<link rel=\"canonical\" href=\"https:\/\/elfsight.com\/pl\/airbnb-reviews-widget\/wix\/\" \/>\n<meta property=\"og:locale\" content=\"pl_PL\" \/>\n<meta property=\"og:type\" content=\"article\" \/>\n<meta property=\"og:title\" content=\"Umie\u015b\u0107 recenzje Airbnb na swojej stronie Wix (2026)\" \/>\n<meta property=\"og:description\" content=\"Stworzenie aplikacji Recenzje Airbnb i dodanie jej na stronie Wix jest absolutnie proste. Obs\u0142uga klienta Elfsight jest bezp\u0142atna.\" \/>\n<meta property=\"og:url\" content=\"https:\/\/elfsight.com\/pl\/airbnb-reviews-widget\/wix\/\" \/>\n<meta property=\"og:site_name\" content=\"Elfsight PL\" \/>\n<meta property=\"article:modified_time\" content=\"2024-11-14T09:44:57+00:00\" \/>\n<meta name=\"twitter:card\" content=\"summary_large_image\" \/>\n<meta name=\"twitter:label1\" content=\"Szacowany czas czytania\" \/>\n\t<meta name=\"twitter:data1\" content=\"3 minuty\" \/>\n<!-- \/ Yoast SEO plugin. -->","yoast_head_json":{"title":"Umie\u015b\u0107 recenzje Airbnb na swojej stronie Wix (2026)","description":"Stworzenie aplikacji Recenzje Airbnb i dodanie jej na stronie Wix jest absolutnie proste. Obs\u0142uga klienta Elfsight jest bezp\u0142atna.","robots":{"index":"index","follow":"follow","max-snippet":"max-snippet:-1","max-image-preview":"max-image-preview:large","max-video-preview":"max-video-preview:-1"},"canonical":"https:\/\/elfsight.com\/pl\/airbnb-reviews-widget\/wix\/","og_locale":"pl_PL","og_type":"article","og_title":"Umie\u015b\u0107 recenzje Airbnb na swojej stronie Wix (2026)","og_description":"Stworzenie aplikacji Recenzje Airbnb i dodanie jej na stronie Wix jest absolutnie proste. Obs\u0142uga klienta Elfsight jest bezp\u0142atna.","og_url":"https:\/\/elfsight.com\/pl\/airbnb-reviews-widget\/wix\/","og_site_name":"Elfsight PL","article_modified_time":"2024-11-14T09:44:57+00:00","twitter_card":"summary_large_image","twitter_misc":{"Szacowany czas czytania":"3 minuty"},"schema":{"@context":"https:\/\/schema.org","@graph":[{"@type":"WebPage","@id":"https:\/\/elfsight.com\/pl\/airbnb-reviews-widget\/wix\/","url":"https:\/\/elfsight.com\/pl\/airbnb-reviews-widget\/wix\/","name":"Umie\u015b\u0107 recenzje Airbnb na swojej stronie Wix (2026)","isPartOf":{"@id":"https:\/\/elfsight.com\/pl\/#website"},"datePublished":"2024-05-03T06:26:33+00:00","dateModified":"2024-11-14T09:44:57+00:00","description":"Stworzenie aplikacji Recenzje Airbnb i dodanie jej na stronie Wix jest absolutnie proste. Obs\u0142uga klienta Elfsight jest bezp\u0142atna.","breadcrumb":{"@id":"https:\/\/elfsight.com\/pl\/airbnb-reviews-widget\/wix\/#breadcrumb"},"inLanguage":"pl-PL","potentialAction":[{"@type":"ReadAction","target":["https:\/\/elfsight.com\/pl\/airbnb-reviews-widget\/wix\/"]}]},{"@type":"BreadcrumbList","@id":"https:\/\/elfsight.com\/pl\/airbnb-reviews-widget\/wix\/#breadcrumb","itemListElement":[{"@type":"ListItem","position":1,"name":"Home","item":"https:\/\/elfsight.com\/pl\/"},{"@type":"ListItem","position":2,"name":"Airbnb Reviews","item":"https:\/\/elfsight.com\/pl\/airbnb-reviews-widget\/"},{"@type":"ListItem","position":3,"name":"Airbnb Reviews &#8211; Wix"}]},{"@type":"WebSite","@id":"https:\/\/elfsight.com\/pl\/#website","url":"https:\/\/elfsight.com\/pl\/","name":"Elfsight PL","description":"Just another Elfsight Sites site","potentialAction":[{"@type":"SearchAction","target":{"@type":"EntryPoint","urlTemplate":"https:\/\/elfsight.com\/pl\/?s={search_term_string}"},"query-input":{"@type":"PropertyValueSpecification","valueRequired":true,"valueName":"search_term_string"}}],"inLanguage":"pl-PL"}]}},"meta_box":{"industry":"","seo_heading":"","heading":"","description":"","cta_heading":"","cta_description":"","application":"1400","h1":"Recenzje Wix Airbnb","h1_caption":"Wy\u015bwietlaj recenzje ze swojej oferty airbnb, aby bez wysi\u0142ku przyci\u0105gn\u0105\u0107 wi\u0119cej go\u015bci dzi\u0119ki autentycznym opiniom do Twojej witryny Wix.","application_category":[],"applications_title":"","applications_request_title":"","applications_request_button_text":"","hero_text":"","hero_video":"","hero_video_schema_markup":"","selling_points_title":"","selling_points_caption":"","selling_points":[],"selling_points_cta_text":"","features_title":"","features":"","ed_cta_examples_text":"","ed_cta_examples_hidden":"","ed_cta_demo_text":"","ed_cta_demo_hidden":"","why_caption":"","why_editor_title":"","why_editor_text":"","why_team_title":"","why_team_text":"","why_service_title":"","why_service_text":"","template_catalog_visible":"","template_catalog_title":"","template_catalog_text":"","template_catalog_categories_visible":"","demo_title":"Utw\u00f3rz aplikacj\u0119 Recenzje Airbnb","demo_caption":"Skonfiguruj swoje recenzje Airbnb i dodaj je za darmo do swojej witryny Wix!","default_faq_hidden":"","app_template_category":[],"platform":"30","template_public_id":"","codecanyon_url":"","codecanyon_item_id":"","codecanyon_price":"","pricing_caption":"","pricing_elfsight_apps_hide_column":"","pricing_elfsight_apps_url":"","pricing_codecanyon_price_caption":"","integration_category":[],"integration_request_title":"","integration_request_cta":"","integration_platform":"","integrations":[],"platform_category":[],"video_schema_markup":"","price":"od 0 USD \/ miesi\u0105c","trial":"","benefits":[{"text":"Bezp\u0142atna pomoc w monta\u017cu"},{"text":"Wsparcie premium"},{"text":"14-dniowa gwarancja zwrotu pieni\u0119dzy"}],"button_url":"#demo","button_target_blank":"","button_nofollow":"","attributes":[{"name":"Instaluje"},{"name":"Czu\u0142y"},{"name":"Kompatybilne przegl\u0105darki"}],"tags":[],"tags_disable_links":"","hide_more_platforms":"","video_object":"","demo_hide_cta":"","demo_hide_cloud_options":"","pricing_title":"","pricing":[{"pricing_icon":"platform","pricing_title":"Elfsight Apps","pricing_title_caption":"Wersja wieloplatformowa, kt\u00f3ra dzia\u0142a na ka\u017cdej stronie internetowej","pricing_price":"od 0 USD \/ miesi\u0105c","pricing_price_caption":"zacznij od bezp\u0142atnego planu","pricing_benefits":[{"text":"Nielimitowane strony internetowe"},{"text":"Dedykowane wsparcie firmy"},{"text":"Bezp\u0142atna pomoc przy instalacji"},{"text":"100% konfigurowalny"}],"pricing_button_text":"Dodaj do witryny","pricing_button_url":"#demo"}],"related_apps_title":"","related_apps_hidden":"","author":"","image":[],"title":"","job":"","social_networks":[]},"_links":{"self":[{"href":"https:\/\/elfsight.com\/pl\/wp-json\/wp\/v2\/pages\/3975","targetHints":{"allow":["GET"]}}],"collection":[{"href":"https:\/\/elfsight.com\/pl\/wp-json\/wp\/v2\/pages"}],"about":[{"href":"https:\/\/elfsight.com\/pl\/wp-json\/wp\/v2\/types\/page"}],"author":[{"embeddable":true,"href":"https:\/\/elfsight.com\/pl\/wp-json\/wp\/v2\/users\/9"}],"replies":[{"embeddable":true,"href":"https:\/\/elfsight.com\/pl\/wp-json\/wp\/v2\/comments?post=3975"}],"version-history":[{"count":2,"href":"https:\/\/elfsight.com\/pl\/wp-json\/wp\/v2\/pages\/3975\/revisions"}],"predecessor-version":[{"id":7619,"href":"https:\/\/elfsight.com\/pl\/wp-json\/wp\/v2\/pages\/3975\/revisions\/7619"}],"up":[{"embeddable":true,"href":"https:\/\/elfsight.com\/pl\/wp-json\/wp\/v2\/pages\/1443"}],"wp:attachment":[{"href":"https:\/\/elfsight.com\/pl\/wp-json\/wp\/v2\/media?parent=3975"}],"curies":[{"name":"wp","href":"https:\/\/api.w.org\/{rel}","templated":true}]}}