{"id":3968,"date":"2024-05-03T06:26:30","date_gmt":"2024-05-03T06:26:30","guid":{"rendered":"https:\/\/elfsight.com\/pl\/?page_id=3968"},"modified":"2024-11-14T09:44:57","modified_gmt":"2024-11-14T09:44:57","slug":"webflow","status":"publish","type":"page","link":"https:\/\/elfsight.com\/pl\/airbnb-reviews-widget\/webflow\/","title":{"rendered":"Airbnb Reviews &#8211; Webflow"},"content":{"rendered":"<div class=\"application-platform-content-item-description application-platform-content-item\" id=\"description\" data-nav-section=\"description\"> <h2>Umie\u015b\u0107 recenzje Airbnb w Webflow za pomoc\u0105 wid\u017cetu Elfsight<\/h2> <p>Je\u015bli chcesz wyrazi\u0107 swoje uznanie w\u015br\u00f3d u\u017cytkownik\u00f3w i przekona\u0107 odwiedzaj\u0105cych witryn\u0119 \u017ce Twoje produkty lub us\u0142ugi s\u0105 warte zakupu, Recenzje Elfsight Airbnb idealnie Ci odpowiadaj\u0105. Dzi\u0119ki naszemu narz\u0119dziu mo\u017cesz umieszcza\u0107 na swojej stronie recenzje u\u017cytkownik\u00f3w z Airbnb z informacj\u0105 o ich autorach, u\u017cywa\u0107 filtr\u00f3w, aby wy\u015bwietla\u0107 tylko dobre, dodawa\u0107 oceny i aktywny przycisk, kt\u00f3ry przekieruje u\u017cytkownik\u00f3w na Twoj\u0105 stron\u0119 Airbnb, aby mogli zostaw swoj\u0105 recenzj\u0119. <\/p> <div class=\"faq\" data-component=\"FAQ\"><div class=\"faq-item\">\r\n\t\t\t\t\t<div class=\"faq-item-question\">\r\n\t\t\t\t\t\t<h3 class=\"faq-item-question-text\">Gdzie na mojej stronie mog\u0119 zintegrowa\u0107 recenzje Airbnb<\/h3>\r\n\r\n\t\t\t\t\t\t<div class=\"faq-item-question-icon\"><\/div>\r\n\t\t\t\t\t<\/div>\r\n\r\n\t\t\t\t\t<div class=\"faq-item-answer\">\r\n\t\t\t\t\t\t<div class=\"faq-item-answer-text\"> <p>Nasz widget mo\u017cna ustawi\u0107 na dowolnej stronie, na kt\u00f3rej chcesz zaimponowa\u0107 u\u017cytkownikom wysok\u0105 ocen\u0105 i popularno\u015bci\u0105 w\u015br\u00f3d klient\u00f3w . Je\u015bli chcesz, aby widget wy\u015bwietla\u0142 si\u0119 na wszystkich stronach serwisu, mo\u017cesz \u0142atwo wklei\u0107 go do szablonu serwisu. <\/p> <\/div>\r\n\t\t\t\t\t<\/div>\r\n\t\t\t\t<\/div><div class=\"faq-item\">\r\n\t\t\t\t\t<div class=\"faq-item-question\">\r\n\t\t\t\t\t\t<h3 class=\"faq-item-question-text\">Jakie b\u0119d\u0119 z tego korzy\u015bci?<\/h3>\r\n\r\n\t\t\t\t\t\t<div class=\"faq-item-question-icon\"><\/div>\r\n\t\t\t\t\t<\/div>\r\n\r\n\t\t\t\t\t<div class=\"faq-item-answer\">\r\n\t\t\t\t\t\t<div class=\"faq-item-answer-text\"> <p>Opinie zamieszczane przez prawdziwych ludzi wydaj\u0105 si\u0119 u\u017cytkownikom Twojej witryny maksymalnie godne zaufania i udowadniaj\u0105 im, \u017ce Twoja firma jest wiarygodnym partnerem. Wysoka ocena i doskona\u0142e recenzje mog\u0105 pom\u00f3c zwi\u0119kszy\u0107 sprzeda\u017c w Twojej witrynie. Dodatkowo przycisk przekierowania przyczyni si\u0119 do zwi\u0119kszenia ilo\u015bci opinii klient\u00f3w na temat Twojego miejsca na Airbnb. <\/p> <\/div>\r\n\t\t\t\t\t<\/div>\r\n\t\t\t\t<\/div> <div class=\"faq-item\">\r\n\t\t\t\t\t<div class=\"faq-item-question\">\r\n\t\t\t\t\t\t<h3 class=\"faq-item-question-text\">Jak doda\u0107 recenzje Airbnb do mojej witryny Webflow? <\/h3>\r\n\r\n\t\t\t\t\t\t<div class=\"faq-item-question-icon\"><\/div>\r\n\t\t\t\t\t<\/div>\r\n\r\n\t\t\t\t\t<div class=\"faq-item-answer\">\r\n\t\t\t\t\t\t<div class=\"faq-item-answer-text\"> <p>Potrzebujesz tylko minuty, aby umie\u015bci\u0107 wid\u017cet. Proces jest niezwykle szybki, bezp\u0142atny i nie wymaga kodowania. <\/p> <ol><li>Mo\u017cesz umie\u015bci\u0107 recenzje Airbnb na stronie internetowej bezpo\u015brednio za po\u015brednictwem naszej us\u0142ugi. W tym celu nale\u017cy zastosowa\u0107 si\u0119 do instrukcji zamieszczonych poni\u017cej na tej stronie. <\/li> <li>Wid\u017cet mo\u017cna osadzi\u0107 za po\u015brednictwem naszej us\u0142ugi lub na platformie handlowej. Mo\u017cesz por\u00f3wna\u0107 obie opcje i wybra\u0107 swoj\u0105. <\/li> <\/ol> <\/div>\r\n\t\t\t\t\t<\/div>\r\n\t\t\t\t<\/div> <\/div> <\/div> <div class=\"application-platform-content-item-features application-platform-content-item\" id=\"features\" data-nav-section=\"features\"> <h2>G\u0142\u00f3wne funkcje wid\u017cetu Recenzje Airbnb<\/h2> <p>Aby kszta\u0142towa\u0107 pe\u0142ne zrozumienie Recenzji Airbnb, odkryj list\u0119 najwa\u017cniejszych funkcji. Dzi\u0119ki nim ten widget jest maksymalnie efektywny dla Twojej firmy: <\/p> <ul> <li>Cztery dost\u0119pne uk\u0142ady: Lista, Siatka, Mur i Suwak; <\/li> <li>Aktywny przycisk umo\u017cliwiaj\u0105cy pozostawienie jeszcze jednej recenzji przenosi odwiedzaj\u0105cych na stron\u0119 Airbnb; <\/li> <li>Sze\u015b\u0107 elastycznych element\u00f3w recenzji: imi\u0119 i nazwisko autora i zdj\u0119cie, rekomendacja, data opublikowania, ikona Airbnb i liczba gwiazdek; <\/li> <\/ul><p><a href=\"#demo\">Aby pozna\u0107 wi\u0119cej funkcji, zobacz demonstracj\u0119<\/a><\/p> <\/div> <div class=\"application-platform-content-item-installation application-platform-content-item\" id=\"installation\" data-nav-section=\"installation\"> <h2> Sprawd\u017a, jak skonfigurowa\u0107 recenzje Airbnb na swojej stronie Webflow<\/h2><div class=\"video-container\"><iframe width=\"720\" height=\"405\" src=\"https:\/\/www.youtube.com\/embed\/Ig7XIYFy9VE\" frameborder=\"0\" allowfullscreen=\"\"><\/iframe><\/div><p>Jedyne, co musisz zrobi\u0107, to kilka poni\u017cszych krok\u00f3w. Proces ten nie wymaga kodowania. <\/p> <ol><li><b>Utw\u00f3rz w\u0142asn\u0105 wtyczk\u0119 Airbnb<\/b><br> Za pomoc\u0105 naszego bezp\u0142atnego edytora utw\u00f3rz wtyczk\u0119 o preferowanym uk\u0142adzie i funkcjonalno\u015bci. <\/li><li><b>Uzyskaj indywidualny kod do opublikowania wtyczki<\/b><br> Po utworzeniu wid\u017cetu otrzymasz unikalny kod z wy\u015bwietlonego okna aplikacji Elfsight. Skopiuj to. <\/li> <li><b>Wy\u015bwietl wtyczk\u0119 w swojej witrynie Webflow<\/b><br> Wybierz stron\u0119 lub obszar, w kt\u00f3rym chcesz wy\u015bwietli\u0107 wtyczk\u0119 i dodaj tam zapisany kod. Zapisz zmiany. <\/li> <li><b>Instalacja przebieg\u0142a pomy\u015blnie<\/b><br> Odwied\u017a stron\u0119, aby zapozna\u0107 si\u0119 ze swoimi recenzjami. <\/li> <\/ol><p>Nadal nie mo\u017cesz si\u0119 zdecydowa\u0107? Albo natkn\u0105\u0142e\u015b si\u0119 na co\u015b? Po prostu wy\u015blij zapytanie do naszego dzia\u0142u obs\u0142ugi klienta, pomo\u017cemy w rozwi\u0105zaniu ka\u017cdego problemu. <\/p> <\/div>","protected":false},"excerpt":{"rendered":"","protected":false},"author":9,"featured_media":0,"parent":1443,"menu_order":0,"comment_status":"closed","ping_status":"closed","template":"templates\/template-application-platform.php","meta":{"publish_to_discourse":"","publish_post_category":"","wpdc_auto_publish_overridden":"","wpdc_topic_tags":"","wpdc_pin_topic":"","wpdc_pin_until":"","discourse_post_id":"","discourse_permalink":"","wpdc_publishing_response":"","wpdc_publishing_error":"","footnotes":""},"class_list":["post-3968","page","type-page","status-publish","hentry"],"yoast_head":"<!-- This site is optimized with the Yoast SEO plugin v25.3.1 - https:\/\/yoast.com\/wordpress\/plugins\/seo\/ -->\n<title>Umie\u015b\u0107 recenzje Airbnb na swojej stronie internetowej Webflow (2026)<\/title>\n<meta name=\"description\" content=\"Utworzenie wid\u017cetu Recenzje Airbnb i wy\u015bwietlenie go na swojej stronie internetowej Webflow jest ca\u0142kowicie proste. Obs\u0142uga klienta Elfsight jest bezp\u0142atna.\" \/>\n<meta name=\"robots\" content=\"index, follow, max-snippet:-1, max-image-preview:large, max-video-preview:-1\" \/>\n<link rel=\"canonical\" href=\"https:\/\/elfsight.com\/pl\/airbnb-reviews-widget\/webflow\/\" \/>\n<meta property=\"og:locale\" content=\"pl_PL\" \/>\n<meta property=\"og:type\" content=\"article\" \/>\n<meta property=\"og:title\" content=\"Umie\u015b\u0107 recenzje Airbnb na swojej stronie internetowej Webflow (2026)\" \/>\n<meta property=\"og:description\" content=\"Utworzenie wid\u017cetu Recenzje Airbnb i wy\u015bwietlenie go na swojej stronie internetowej Webflow jest ca\u0142kowicie proste. Obs\u0142uga klienta Elfsight jest bezp\u0142atna.\" \/>\n<meta property=\"og:url\" content=\"https:\/\/elfsight.com\/pl\/airbnb-reviews-widget\/webflow\/\" \/>\n<meta property=\"og:site_name\" content=\"Elfsight PL\" \/>\n<meta property=\"article:modified_time\" content=\"2024-11-14T09:44:57+00:00\" \/>\n<meta name=\"twitter:card\" content=\"summary_large_image\" \/>\n<meta name=\"twitter:label1\" content=\"Szacowany czas czytania\" \/>\n\t<meta name=\"twitter:data1\" content=\"3 minuty\" \/>\n<!-- \/ Yoast SEO plugin. -->","yoast_head_json":{"title":"Umie\u015b\u0107 recenzje Airbnb na swojej stronie internetowej Webflow (2026)","description":"Utworzenie wid\u017cetu Recenzje Airbnb i wy\u015bwietlenie go na swojej stronie internetowej Webflow jest ca\u0142kowicie proste. Obs\u0142uga klienta Elfsight jest bezp\u0142atna.","robots":{"index":"index","follow":"follow","max-snippet":"max-snippet:-1","max-image-preview":"max-image-preview:large","max-video-preview":"max-video-preview:-1"},"canonical":"https:\/\/elfsight.com\/pl\/airbnb-reviews-widget\/webflow\/","og_locale":"pl_PL","og_type":"article","og_title":"Umie\u015b\u0107 recenzje Airbnb na swojej stronie internetowej Webflow (2026)","og_description":"Utworzenie wid\u017cetu Recenzje Airbnb i wy\u015bwietlenie go na swojej stronie internetowej Webflow jest ca\u0142kowicie proste. Obs\u0142uga klienta Elfsight jest bezp\u0142atna.","og_url":"https:\/\/elfsight.com\/pl\/airbnb-reviews-widget\/webflow\/","og_site_name":"Elfsight PL","article_modified_time":"2024-11-14T09:44:57+00:00","twitter_card":"summary_large_image","twitter_misc":{"Szacowany czas czytania":"3 minuty"},"schema":{"@context":"https:\/\/schema.org","@graph":[{"@type":"WebPage","@id":"https:\/\/elfsight.com\/pl\/airbnb-reviews-widget\/webflow\/","url":"https:\/\/elfsight.com\/pl\/airbnb-reviews-widget\/webflow\/","name":"Umie\u015b\u0107 recenzje Airbnb na swojej stronie internetowej Webflow (2026)","isPartOf":{"@id":"https:\/\/elfsight.com\/pl\/#website"},"datePublished":"2024-05-03T06:26:30+00:00","dateModified":"2024-11-14T09:44:57+00:00","description":"Utworzenie wid\u017cetu Recenzje Airbnb i wy\u015bwietlenie go na swojej stronie internetowej Webflow jest ca\u0142kowicie proste. Obs\u0142uga klienta Elfsight jest bezp\u0142atna.","breadcrumb":{"@id":"https:\/\/elfsight.com\/pl\/airbnb-reviews-widget\/webflow\/#breadcrumb"},"inLanguage":"pl-PL","potentialAction":[{"@type":"ReadAction","target":["https:\/\/elfsight.com\/pl\/airbnb-reviews-widget\/webflow\/"]}]},{"@type":"BreadcrumbList","@id":"https:\/\/elfsight.com\/pl\/airbnb-reviews-widget\/webflow\/#breadcrumb","itemListElement":[{"@type":"ListItem","position":1,"name":"Home","item":"https:\/\/elfsight.com\/pl\/"},{"@type":"ListItem","position":2,"name":"Airbnb Reviews","item":"https:\/\/elfsight.com\/pl\/airbnb-reviews-widget\/"},{"@type":"ListItem","position":3,"name":"Airbnb Reviews &#8211; Webflow"}]},{"@type":"WebSite","@id":"https:\/\/elfsight.com\/pl\/#website","url":"https:\/\/elfsight.com\/pl\/","name":"Elfsight PL","description":"Just another Elfsight Sites site","potentialAction":[{"@type":"SearchAction","target":{"@type":"EntryPoint","urlTemplate":"https:\/\/elfsight.com\/pl\/?s={search_term_string}"},"query-input":{"@type":"PropertyValueSpecification","valueRequired":true,"valueName":"search_term_string"}}],"inLanguage":"pl-PL"}]}},"meta_box":{"industry":"","seo_heading":"","heading":"","description":"","cta_heading":"","cta_description":"","application":"1400","h1":"Recenzje Webflow Airbnb","h1_caption":"Wy\u015bwietlaj recenzje ze swojej oferty Airbnb, aby bez wysi\u0142ku przyci\u0105gn\u0105\u0107 wi\u0119cej go\u015bci dzi\u0119ki prawdziwym opiniom do swojej witryny Webflow.","application_category":[],"applications_title":"","applications_request_title":"","applications_request_button_text":"","hero_text":"","hero_video":"","hero_video_schema_markup":"","selling_points_title":"","selling_points_caption":"","selling_points":[],"selling_points_cta_text":"","features_title":"","features":"","ed_cta_examples_text":"","ed_cta_examples_hidden":"","ed_cta_demo_text":"","ed_cta_demo_hidden":"","why_caption":"","why_editor_title":"","why_editor_text":"","why_team_title":"","why_team_text":"","why_service_title":"","why_service_text":"","template_catalog_visible":"","template_catalog_title":"","template_catalog_text":"","template_catalog_categories_visible":"","demo_title":"Utw\u00f3rz wid\u017cet Recenzje Airbnb","demo_caption":"Skonfiguruj swoje recenzje Airbnb i dodaj je za darmo do swojej witryny Webflow!","default_faq_hidden":"","app_template_category":[],"platform":"127","template_public_id":"","codecanyon_url":"","codecanyon_item_id":"","codecanyon_price":"","pricing_caption":"","pricing_elfsight_apps_hide_column":"","pricing_elfsight_apps_url":"","pricing_codecanyon_price_caption":"","integration_category":[],"integration_request_title":"","integration_request_cta":"","integration_platform":"","integrations":[],"platform_category":[],"video_schema_markup":"","price":"od 0 USD \/ miesi\u0105c","trial":"","benefits":[{"text":"Bezp\u0142atna pomoc w monta\u017cu"},{"text":"Do\u015bwiadczona obs\u0142uga klienta"},{"text":"14-dniowa gwarancja zwrotu pieni\u0119dzy"}],"button_url":"#demo","button_target_blank":"","button_nofollow":"","attributes":[{"name":"Instaluje"},{"name":"Czu\u0142y"},{"name":"Kompatybilne przegl\u0105darki"}],"tags":[],"tags_disable_links":"","hide_more_platforms":"","video_object":"","demo_hide_cta":"","demo_hide_cloud_options":"","pricing_title":"","pricing":[{"pricing_icon":"platform","pricing_title":"Elfsight Apps","pricing_title_caption":"Rozwi\u0105zanie wieloplatformowe, kt\u00f3re dzia\u0142a na ka\u017cdej stronie internetowej","pricing_price":"od 0 USD \/ miesi\u0105c","pricing_price_caption":"zacznij od bezp\u0142atnego planu","pricing_benefits":[{"text":"Nielimitowane domeny"},{"text":"Dedykowana obs\u0142uga klienta"},{"text":"Bezp\u0142atna pomoc przy instalacji"},{"text":"Specjalna oferta na wiele aplikacji"}],"pricing_button_text":"Dodaj do witryny","pricing_button_url":"#demo"}],"related_apps_title":"","related_apps_hidden":"","author":"","image":[],"title":"","job":"","social_networks":[]},"_links":{"self":[{"href":"https:\/\/elfsight.com\/pl\/wp-json\/wp\/v2\/pages\/3968","targetHints":{"allow":["GET"]}}],"collection":[{"href":"https:\/\/elfsight.com\/pl\/wp-json\/wp\/v2\/pages"}],"about":[{"href":"https:\/\/elfsight.com\/pl\/wp-json\/wp\/v2\/types\/page"}],"author":[{"embeddable":true,"href":"https:\/\/elfsight.com\/pl\/wp-json\/wp\/v2\/users\/9"}],"replies":[{"embeddable":true,"href":"https:\/\/elfsight.com\/pl\/wp-json\/wp\/v2\/comments?post=3968"}],"version-history":[{"count":2,"href":"https:\/\/elfsight.com\/pl\/wp-json\/wp\/v2\/pages\/3968\/revisions"}],"predecessor-version":[{"id":7617,"href":"https:\/\/elfsight.com\/pl\/wp-json\/wp\/v2\/pages\/3968\/revisions\/7617"}],"up":[{"embeddable":true,"href":"https:\/\/elfsight.com\/pl\/wp-json\/wp\/v2\/pages\/1443"}],"wp:attachment":[{"href":"https:\/\/elfsight.com\/pl\/wp-json\/wp\/v2\/media?parent=3968"}],"curies":[{"name":"wp","href":"https:\/\/api.w.org\/{rel}","templated":true}]}}