{"id":3967,"date":"2024-05-03T06:26:29","date_gmt":"2024-05-03T06:26:29","guid":{"rendered":"https:\/\/elfsight.com\/pl\/?page_id=3967"},"modified":"2025-06-24T08:26:33","modified_gmt":"2025-06-24T08:26:33","slug":"squarespace","status":"publish","type":"page","link":"https:\/\/elfsight.com\/pl\/airbnb-reviews-widget\/squarespace\/","title":{"rendered":"Airbnb Reviews &#8211; Squarespace"},"content":{"rendered":"<div class=\"application-platform-content-item-description application-platform-content-item\" id=\"description\" data-nav-section=\"description\"> <h2>Umie\u015b\u0107 recenzje Airbnb na Squarespace za pomoc\u0105 wid\u017cetu Elfsight<\/h2> <p>Je\u015bli chcesz pochwali\u0107 si\u0119 wysok\u0105 ocen\u0105 i przekona\u0107 odwiedzaj\u0105cych witryn\u0119, \u017ce Twoi go\u015bcie zawsze b\u0119d\u0105 zadowoleni, widget Elfsight Airbnb Recenzje b\u0119dzie w\u0142a\u015bciwym wyborem. Za pomoc\u0105 tego wid\u017cetu mo\u017cesz wy\u015bwietla\u0107 recenzje klient\u00f3w z Airbnb na swojej stronie internetowej ze szczeg\u00f3\u0142ami o ich autorach, filtrowa\u0107 je tak, aby wy\u015bwietla\u0142y tylko pozytywne, wy\u015bwietla\u0107 oceny i aktywny przycisk, kt\u00f3ry przekieruje u\u017cytkownik\u00f3w na Twoj\u0105 stron\u0119 Airbnb, gdzie b\u0119d\u0105 mogli napisa\u0107 swoj\u0105 recenzj\u0119. <\/p> <div class=\"faq\" data-component=\"FAQ\"><div class=\"faq-item\">\r\n\t\t\t\t\t<div class=\"faq-item-question\">\r\n\t\t\t\t\t\t<h3 class=\"faq-item-question-text\">Gdzie mog\u0119 doda\u0107 recenzje Airbnb<\/h3>\r\n\r\n\t\t\t\t\t\t<div class=\"faq-item-question-icon\"><\/div>\r\n\t\t\t\t\t<\/div>\r\n\r\n\t\t\t\t\t<div class=\"faq-item-answer\">\r\n\t\t\t\t\t\t<div class=\"faq-item-answer-text\"> <p>Nasz widget mo\u017cna umie\u015bci\u0107 na dowolnej stronie internetowej, na kt\u00f3rej chcesz zademonstrowa\u0107 swoje du\u017ce uznanie i popularno\u015b\u0107 w\u015br\u00f3d klient\u00f3w. Je\u015bli potrzebujesz go na wszystkich stronach swojej witryny, mo\u017cesz \u0142atwo wstawi\u0107 go do szablonu witryny. <\/p> <\/div>\r\n\t\t\t\t\t<\/div>\r\n\t\t\t\t<\/div><div class=\"faq-item\">\r\n\t\t\t\t\t<div class=\"faq-item-question\">\r\n\t\t\t\t\t\t<h3 class=\"faq-item-question-text\">Jakie korzy\u015bci mo\u017ce mi to da\u0107?<\/h3>\r\n\r\n\t\t\t\t\t\t<div class=\"faq-item-question-icon\"><\/div>\r\n\t\t\t\t\t<\/div>\r\n\r\n\t\t\t\t\t<div class=\"faq-item-answer\">\r\n\t\t\t\t\t\t<div class=\"faq-item-answer-text\"> <p>Opinie prawdziwych ludzi s\u0105 bezb\u0142\u0119dnie wiarygodne dla os\u00f3b odwiedzaj\u0105cych Twoj\u0105 witryn\u0119 i pokazuj\u0105 im, \u017ce mo\u017cna zaufa\u0107 Twojej firmie. Wysoka ocena i doskona\u0142e wy\u015bwietlenia mog\u0105 pom\u00f3c zwi\u0119kszy\u0107 liczb\u0119 zakup\u00f3w w Twojej witrynie. Co wi\u0119cej, przycisk przekierowania mo\u017ce przyczyni\u0107 si\u0119 do zwi\u0119kszenia liczby recenzji klient\u00f3w na temat Twoich ofert lub us\u0142ug na Airbnb. <\/p> <\/div>\r\n\t\t\t\t\t<\/div>\r\n\t\t\t\t<\/div> <div class=\"faq-item\">\r\n\t\t\t\t\t<div class=\"faq-item-question\">\r\n\t\t\t\t\t\t<h3 class=\"faq-item-question-text\">Jak mog\u0119 doda\u0107 recenzje Airbnb na mojej stronie Squarespace?<\/h3>\r\n\r\n\t\t\t\t\t\t<div class=\"faq-item-question-icon\"><\/div>\r\n\t\t\t\t\t<\/div>\r\n\r\n\t\t\t\t\t<div class=\"faq-item-answer\">\r\n\t\t\t\t\t\t<div class=\"faq-item-answer-text\"> <p>Potrzebujesz tylko minuty, aby aktywowa\u0107 wid\u017cet recenzji. Instalacja jest naprawd\u0119 szybka, darmowa i bez kodowania. <\/p> <ol><li>Mo\u017cesz doda\u0107 recenzje Airbnb do swojej witryny za po\u015brednictwem naszego serwisu. Wystarczy zobaczy\u0107 kr\u00f3tki opis na tej stronie. <\/li> <li>Widget mo\u017cna wprowadzi\u0107 za po\u015brednictwem naszego serwisu lub poprzez platform\u0119 handlow\u0105. Tutaj mo\u017cesz pozna\u0107 zalety tych wariant\u00f3w i wybra\u0107 sw\u00f3j. <\/li> <\/ol> <\/div>\r\n\t\t\t\t\t<\/div>\r\n\t\t\t\t<\/div> <\/div> <\/div> <div class=\"application-platform-content-item-features application-platform-content-item\" id=\"features\" data-nav-section=\"features\"> <h2>G\u0142\u00f3wne funkcje wid\u017cetu Recenzje Airbnb<\/h2> <p>Aby uzyska\u0107 pe\u0142n\u0105 wiedz\u0119 na temat wid\u017cetu, przejrzyj list\u0119 podstawowych cech. Sprawiaj\u0105, \u017ce ten widget jest niezwykle korzystny dla Twojej promocji: <\/p> <ul> <li>4 gotowe do u\u017cycia uk\u0142ady: Lista, Siatka, Mur i Suwak; <\/li> <li>Przycisk pro\u015bby o recenzj\u0119 przenosi go\u015bci na Twoj\u0105 stron\u0119 Airbnb; <\/li> <li>6 konfigurowalnych element\u00f3w interfejsu: imi\u0119 i nazwisko autora i zdj\u0119cie, tekst rekomendacji, data opublikowania, ikona Airbnb i liczba gwiazdek; <\/li> <\/ul><p><a href=\"#demo\">Sprawd\u017a wi\u0119cej funkcji w naszej wersji demonstracyjnej<\/a><\/p> <\/div> <div class=\"application-platform-content-item-installation application-platform-content-item\" id=\"installation\" data-nav-section=\"installation\"> <h2>Sprawd\u017a jak umie\u015bci\u0107 recenzje Airbnb na swojej stronie Squarespace<\/h2><div class=\"video-container\"><iframe width=\"720\" height=\"405\" src=\"https:\/\/www.youtube.com\/embed\/0Y3sEbIuoaE\" frameborder=\"0\" allowfullscreen=\"\"><\/iframe><\/div><p>Wystarcz\u0105 poni\u017csze kroki, aby unikn\u0105\u0107 kodowania.<\/p> <ol><li><b>Stw\u00f3rz swoj\u0105 osobist\u0105 wtyczk\u0119 Airbnb<\/b><br> Za pomoc\u0105 naszego bezp\u0142atnego konfiguratora stw\u00f3rz wtyczk\u0119 z preferowanym interfejsem i funkcjami. <\/li><li><b>Uzyskaj indywidualny kod do osadzenia wtyczki<\/b><br> Po utworzeniu wid\u017cetu otrzymasz kod instalacyjny z wy\u015bwietlonego okna aplikacji Elfsight. Skopiuj ten kod. <\/li> <li><b>Wy\u015bwietl wtyczk\u0119 na swojej stronie Squarespace<\/b><br> Wybierz miejsce, w kt\u00f3rym chcesz osadzi\u0107 wtyczk\u0119 i wklej tam zapisany kod. Zastosuj wyniki. <\/li> <li><b>Gratulacje! W\u0142a\u015bnie zintegrowa\u0142e\u015b widget!<\/b><br> Wejd\u017a na stron\u0119 i sprawd\u017a swoj\u0105 prac\u0119.<\/li> <\/ol><p>Nadal co\u015b masz w\u0105tpliwo\u015bci? Albo do\u015bwiadczasz problem\u00f3w? Po prostu napisz pro\u015bb\u0119 do naszego dzia\u0142u obs\u0142ugi klienta, a pomo\u017cesz w rozwi\u0105zaniu ka\u017cdego problemu.<\/p> <\/div>","protected":false},"excerpt":{"rendered":"","protected":false},"author":9,"featured_media":0,"parent":1443,"menu_order":0,"comment_status":"closed","ping_status":"closed","template":"templates\/template-application-platform.php","meta":{"publish_to_discourse":"","publish_post_category":"","wpdc_auto_publish_overridden":"","wpdc_topic_tags":"","wpdc_pin_topic":"","wpdc_pin_until":"","discourse_post_id":"","discourse_permalink":"","wpdc_publishing_response":"","wpdc_publishing_error":"","footnotes":""},"class_list":["post-3967","page","type-page","status-publish","hentry"],"yoast_head":"<!-- This site is optimized with the Yoast SEO plugin v25.3.1 - https:\/\/yoast.com\/wordpress\/plugins\/seo\/ -->\n<title>Umie\u015b\u0107 recenzje Airbnb na swojej stronie Squarespace (w 2 minuty)<\/title>\n<meta name=\"description\" content=\"Utworzenie wid\u017cetu Recenzje Airbnb i umieszczenie go na swojej stronie Squarespace jest \u0142atwe. Obs\u0142uga klienta Elfsight jest bezp\u0142atna.\" \/>\n<meta name=\"robots\" content=\"index, follow, max-snippet:-1, max-image-preview:large, max-video-preview:-1\" \/>\n<link rel=\"canonical\" href=\"https:\/\/elfsight.com\/pl\/airbnb-reviews-widget\/squarespace\/\" \/>\n<meta property=\"og:locale\" content=\"pl_PL\" \/>\n<meta property=\"og:type\" content=\"article\" \/>\n<meta property=\"og:title\" content=\"Umie\u015b\u0107 recenzje Airbnb na swojej stronie Squarespace (w 2 minuty)\" \/>\n<meta property=\"og:description\" content=\"Utworzenie wid\u017cetu Recenzje Airbnb i umieszczenie go na swojej stronie Squarespace jest \u0142atwe. Obs\u0142uga klienta Elfsight jest bezp\u0142atna.\" \/>\n<meta property=\"og:url\" content=\"https:\/\/elfsight.com\/pl\/airbnb-reviews-widget\/squarespace\/\" \/>\n<meta property=\"og:site_name\" content=\"Elfsight PL\" \/>\n<meta property=\"article:modified_time\" content=\"2025-06-24T08:26:33+00:00\" \/>\n<meta name=\"twitter:card\" content=\"summary_large_image\" \/>\n<meta name=\"twitter:label1\" content=\"Szacowany czas czytania\" \/>\n\t<meta name=\"twitter:data1\" content=\"3 minuty\" \/>\n<!-- \/ Yoast SEO plugin. -->","yoast_head_json":{"title":"Umie\u015b\u0107 recenzje Airbnb na swojej stronie Squarespace (w 2 minuty)","description":"Utworzenie wid\u017cetu Recenzje Airbnb i umieszczenie go na swojej stronie Squarespace jest \u0142atwe. Obs\u0142uga klienta Elfsight jest bezp\u0142atna.","robots":{"index":"index","follow":"follow","max-snippet":"max-snippet:-1","max-image-preview":"max-image-preview:large","max-video-preview":"max-video-preview:-1"},"canonical":"https:\/\/elfsight.com\/pl\/airbnb-reviews-widget\/squarespace\/","og_locale":"pl_PL","og_type":"article","og_title":"Umie\u015b\u0107 recenzje Airbnb na swojej stronie Squarespace (w 2 minuty)","og_description":"Utworzenie wid\u017cetu Recenzje Airbnb i umieszczenie go na swojej stronie Squarespace jest \u0142atwe. Obs\u0142uga klienta Elfsight jest bezp\u0142atna.","og_url":"https:\/\/elfsight.com\/pl\/airbnb-reviews-widget\/squarespace\/","og_site_name":"Elfsight PL","article_modified_time":"2025-06-24T08:26:33+00:00","twitter_card":"summary_large_image","twitter_misc":{"Szacowany czas czytania":"3 minuty"},"schema":{"@context":"https:\/\/schema.org","@graph":[{"@type":"WebPage","@id":"https:\/\/elfsight.com\/pl\/airbnb-reviews-widget\/squarespace\/","url":"https:\/\/elfsight.com\/pl\/airbnb-reviews-widget\/squarespace\/","name":"Umie\u015b\u0107 recenzje Airbnb na swojej stronie Squarespace (w 2 minuty)","isPartOf":{"@id":"https:\/\/elfsight.com\/pl\/#website"},"datePublished":"2024-05-03T06:26:29+00:00","dateModified":"2025-06-24T08:26:33+00:00","description":"Utworzenie wid\u017cetu Recenzje Airbnb i umieszczenie go na swojej stronie Squarespace jest \u0142atwe. Obs\u0142uga klienta Elfsight jest bezp\u0142atna.","breadcrumb":{"@id":"https:\/\/elfsight.com\/pl\/airbnb-reviews-widget\/squarespace\/#breadcrumb"},"inLanguage":"pl-PL","potentialAction":[{"@type":"ReadAction","target":["https:\/\/elfsight.com\/pl\/airbnb-reviews-widget\/squarespace\/"]}]},{"@type":"BreadcrumbList","@id":"https:\/\/elfsight.com\/pl\/airbnb-reviews-widget\/squarespace\/#breadcrumb","itemListElement":[{"@type":"ListItem","position":1,"name":"Home","item":"https:\/\/elfsight.com\/pl\/"},{"@type":"ListItem","position":2,"name":"Airbnb Reviews","item":"https:\/\/elfsight.com\/pl\/airbnb-reviews-widget\/"},{"@type":"ListItem","position":3,"name":"Airbnb Reviews &#8211; Squarespace"}]},{"@type":"WebSite","@id":"https:\/\/elfsight.com\/pl\/#website","url":"https:\/\/elfsight.com\/pl\/","name":"Elfsight PL","description":"Just another Elfsight Sites site","potentialAction":[{"@type":"SearchAction","target":{"@type":"EntryPoint","urlTemplate":"https:\/\/elfsight.com\/pl\/?s={search_term_string}"},"query-input":{"@type":"PropertyValueSpecification","valueRequired":true,"valueName":"search_term_string"}}],"inLanguage":"pl-PL"}]}},"meta_box":{"industry":"","seo_heading":"","heading":"","description":"","cta_heading":"","cta_description":"","application":"1400","h1":"Recenzje Squarespace Airbnb","h1_caption":"Wy\u015bwietlaj recenzje ze swojej oferty Airbnb, aby bez wysi\u0142ku przyci\u0105gn\u0105\u0107 wi\u0119cej go\u015bci dzi\u0119ki prawdziwym opiniom do swojej witryny Squarespace.","application_category":[],"applications_title":"","applications_request_title":"","applications_request_button_text":"","hero_text":"","hero_video":"","hero_video_schema_markup":"","selling_points_title":"","selling_points_caption":"","selling_points":[],"selling_points_cta_text":"","features_title":"","features":"","ed_cta_examples_text":"","ed_cta_examples_hidden":"","ed_cta_demo_text":"","ed_cta_demo_hidden":"","why_caption":"","why_editor_title":"","why_editor_text":"","why_team_title":"","why_team_text":"","why_service_title":"","why_service_text":"","template_catalog_visible":"0","template_catalog_title":"","template_catalog_text":"","template_catalog_categories_visible":"","demo_title":"Utw\u00f3rz wtyczk\u0119 Recenzji Airbnb","demo_caption":"Skonfiguruj swoje recenzje Airbnb i dodaj je za darmo do swojej witryny Squarespace!","default_faq_hidden":"","app_template_category":[],"platform":"7588","template_public_id":"","codecanyon_url":"","codecanyon_item_id":"","codecanyon_price":"","pricing_caption":"","pricing_elfsight_apps_hide_column":"","pricing_elfsight_apps_url":"","pricing_codecanyon_price_caption":"","integration_category":[],"integration_request_title":"","integration_request_cta":"","integration_platform":"","integrations":[],"platform_category":[],"video_schema_markup":"","price":"od 0 USD \/ miesi\u0105c","trial":"","benefits":[{"text":"Profesjonalna obs\u0142uga klienta"},{"text":"Bezp\u0142atna pomoc w instalacji"},{"text":"14-dniowa gwarancja zwrotu pieni\u0119dzy"}],"button_url":"#demo","button_target_blank":"0","button_nofollow":"0","attributes":[{"name":"Instaluje"},{"name":"Czu\u0142y"},{"name":"Kompatybilne przegl\u0105darki"}],"tags":[],"tags_disable_links":"0","hide_more_platforms":"0","video_object":"","demo_hide_cta":"0","demo_hide_cloud_options":"0","pricing_title":"","pricing":[{"pricing_icon":"platform","pricing_title":"Elfsight Apps","pricing_title_caption":"Oprogramowanie wieloplatformowe","pricing_price":"od 0 USD \/ miesi\u0105c","pricing_price_caption":"zacznij od bezp\u0142atnego planu","pricing_benefits":[{"text":"Nielimitowane domeny"},{"text":"Wsparcie premium i dobrze udokumentowane"},{"text":"Bezp\u0142atna pomoc w instalacji"},{"text":"W pe\u0142ni konfigurowalny"}],"pricing_button_text":"Dodaj do witryny","pricing_button_url":"#demo"}],"related_apps_title":"","related_apps_hidden":"0","author":"","image":[],"title":"","job":"","social_networks":[]},"_links":{"self":[{"href":"https:\/\/elfsight.com\/pl\/wp-json\/wp\/v2\/pages\/3967","targetHints":{"allow":["GET"]}}],"collection":[{"href":"https:\/\/elfsight.com\/pl\/wp-json\/wp\/v2\/pages"}],"about":[{"href":"https:\/\/elfsight.com\/pl\/wp-json\/wp\/v2\/types\/page"}],"author":[{"embeddable":true,"href":"https:\/\/elfsight.com\/pl\/wp-json\/wp\/v2\/users\/9"}],"replies":[{"embeddable":true,"href":"https:\/\/elfsight.com\/pl\/wp-json\/wp\/v2\/comments?post=3967"}],"version-history":[{"count":2,"href":"https:\/\/elfsight.com\/pl\/wp-json\/wp\/v2\/pages\/3967\/revisions"}],"predecessor-version":[{"id":7616,"href":"https:\/\/elfsight.com\/pl\/wp-json\/wp\/v2\/pages\/3967\/revisions\/7616"}],"up":[{"embeddable":true,"href":"https:\/\/elfsight.com\/pl\/wp-json\/wp\/v2\/pages\/1443"}],"wp:attachment":[{"href":"https:\/\/elfsight.com\/pl\/wp-json\/wp\/v2\/media?parent=3967"}],"curies":[{"name":"wp","href":"https:\/\/api.w.org\/{rel}","templated":true}]}}