{"id":3966,"date":"2024-05-03T06:26:28","date_gmt":"2024-05-03T06:26:28","guid":{"rendered":"https:\/\/elfsight.com\/pl\/?page_id=3966"},"modified":"2025-06-24T08:27:19","modified_gmt":"2025-06-24T08:27:19","slug":"shopify","status":"publish","type":"page","link":"https:\/\/elfsight.com\/pl\/airbnb-reviews-widget\/shopify\/","title":{"rendered":"Airbnb Reviews &#8211; Shopify"},"content":{"rendered":"<div class=\"application-platform-content-item-description application-platform-content-item\" id=\"description\" data-nav-section=\"description\"> <h2>Umie\u015b\u0107 recenzje Airbnb w Shopify za pomoc\u0105 wid\u017cetu Elfsight<\/h2> <p>Recenzje Elfsight Airbnb to przydatne narz\u0119dzie, kt\u00f3re pomo\u017ce Ci zaprezentowa\u0107 Twoja witryna zawiera opinie u\u017cytkownik\u00f3w Airbnb na temat Twoich ofert. Za pomoc\u0105 naszego wid\u017cetu b\u0119dziesz m\u00f3g\u0142 zastosowa\u0107 filtry, aby uporz\u0105dkowa\u0107 niechciane recenzje, wy\u015bwietli\u0107 swoje oceny w postaci gwiazdek i liczb z Airbnb, wy\u015bwietli\u0107 szczeg\u00f3\u0142owe informacje o autorach oraz umie\u015bci\u0107 przycisk, kt\u00f3ry przekieruje go\u015bci do pozostawienia jeszcze jednej recenzji Airbnb. Recenzje Elfsight Airbnb pomog\u0105 Ci pochwali\u0107 si\u0119 doskona\u0142ym dowodem spo\u0142eczno\u015bciowym na Twojej osobistej stronie internetowej i przyci\u0105gn\u0105\u0107 now\u0105 sprzeda\u017c. <\/p> <div class=\"faq\" data-component=\"FAQ\"><div class=\"faq-item\">\r\n\t\t\t\t\t<div class=\"faq-item-question\">\r\n\t\t\t\t\t\t<h3 class=\"faq-item-question-text\">Gdzie na mojej stronie mog\u0119 doda\u0107 wid\u017cet<\/h3>\r\n\r\n\t\t\t\t\t\t<div class=\"faq-item-question-icon\"><\/div>\r\n\t\t\t\t\t<\/div>\r\n\r\n\t\t\t\t\t<div class=\"faq-item-answer\">\r\n\t\t\t\t\t\t<div class=\"faq-item-answer-text\"> <p>Mo\u017cesz zintegrowa\u0107 wid\u017cet z dowoln\u0105 stron\u0105 swojej witryny lub wstawi\u0107 go do szablonu, w tym przypadku b\u0119dzie poka\u017c na wszystkich stronach. Recenzje mog\u0105 dobrze sprawdzi\u0107 si\u0119 na stronach produkt\u00f3w lub na stronie O nas, gdzie chcesz zaimponowa\u0107 u\u017cytkownikom swoj\u0105 wysok\u0105 ocen\u0105. <\/p> <\/div>\r\n\t\t\t\t\t<\/div>\r\n\t\t\t\t<\/div><div class=\"faq-item\">\r\n\t\t\t\t\t<div class=\"faq-item-question\">\r\n\t\t\t\t\t\t<h3 class=\"faq-item-question-text\">Jakie korzy\u015bci mog\u0119 odnie\u015b\u0107 dzi\u0119ki tej wtyczce?<\/h3>\r\n\r\n\t\t\t\t\t\t<div class=\"faq-item-question-icon\"><\/div>\r\n\t\t\t\t\t<\/div>\r\n\r\n\t\t\t\t\t<div class=\"faq-item-answer\">\r\n\t\t\t\t\t\t<div class=\"faq-item-answer-text\"> <p>Opinie pisane przez prawdziwych ludzi s\u0105 w pe\u0142ni godne zaufania dla u\u017cytkownik\u00f3w Twojej witryny i pokazuj\u0105 im, \u017ce mo\u017cna zaufa\u0107 Twojej firmie. Wysoka ocena i doskona\u0142e recenzje mog\u0105 pom\u00f3c zwi\u0119kszy\u0107 liczb\u0119 zakup\u00f3w w Twojej witrynie. Ponadto przycisk przekierowania przyczyni si\u0119 do zwi\u0119kszenia liczby opinii klient\u00f3w na temat Twojej firmy na Airbnb. <\/p> <\/div>\r\n\t\t\t\t\t<\/div>\r\n\t\t\t\t<\/div> <div class=\"faq-item\">\r\n\t\t\t\t\t<div class=\"faq-item-question\">\r\n\t\t\t\t\t\t<h3 class=\"faq-item-question-text\">Jak zainstalowa\u0107 recenzje Airbnb na mojej stronie Shopify?<\/h3>\r\n\r\n\t\t\t\t\t\t<div class=\"faq-item-question-icon\"><\/div>\r\n\t\t\t\t\t<\/div>\r\n\r\n\t\t\t\t\t<div class=\"faq-item-answer\">\r\n\t\t\t\t\t\t<div class=\"faq-item-answer-text\"> <p>Rozpocz\u0119cie korzystania z wid\u017cetu zajmie tylko minut\u0119. Proces jest bardzo szybki, bezp\u0142atny i nie obejmuje kodowania. <\/p> <ol><li>Mo\u017cesz doda\u0107 recenzje Airbnb do strony internetowej w naszym serwisie. Wystarczy wykona\u0107 kroki opisane w kr\u00f3tkim opisie poni\u017cej na tej stronie. <\/li> <li>Recenzje Elfsight Airbnb mo\u017cna umieszcza\u0107 w naszym serwisie lub na rynku. Tutaj mo\u017cesz por\u00f3wna\u0107 wi\u0119cej tych opcji i wybra\u0107 swoj\u0105. <\/li> <\/ol> <\/div>\r\n\t\t\t\t\t<\/div>\r\n\t\t\t\t<\/div> <\/div> <\/div> <div class=\"application-platform-content-item-features application-platform-content-item\" id=\"features\" data-nav-section=\"features\"> <h2>G\u0142\u00f3wne funkcje wid\u017cetu Recenzje Airbnb<\/h2> <p>Aby uzyska\u0107 lepsz\u0105 wiedz\u0119 Recenzji Airbnb mo\u017cesz zapozna\u0107 si\u0119 z list\u0105 jego g\u0142\u00f3wnych funkcji. Dzi\u0119ki nim nasz widget jest maksymalnie efektywny dla Twojej witryny: <\/p> <ul> <li>Trzy warianty filtr\u00f3w: wed\u0142ug typu, wykluczenia wed\u0142ug i ilo\u015bci wy\u015bwietlanych recenzji; <\/li> <li>Przycisk pro\u015bby o recenzj\u0119 przenosi ludzi na stron\u0119 Airbnb; <\/li> <li>Dwa warianty odrzucenia pro\u015bby o sprawdzenie: poka\u017c wiadomo\u015b\u0107 tekstow\u0105 lub usu\u0144 przycisk. <\/li> <\/ul><p><a href=\"#demo\">Aby pozna\u0107 wszystkie funkcje, zobacz demonstracj\u0119 na \u017cywo<\/a><\/p> <\/div> <div class=\"application-platform-content-item-installation application-platform-content-item\" id=\"installation\" data-nav-section=\"installation\"> <h2>Zobacz, jak wstawi\u0107 recenzje Airbnb do swojego sklepu Shopify<\/h2><div class=\"video-container\"><iframe width=\"720\" height=\"405\" src=\"https:\/\/www.youtube.com\/embed\/Vqjc4zTq7ZI\" frameborder=\"0\" allowfullscreen=\"\"><\/iframe><\/div><p>Poni\u017csze kroki to jedyne, czego potrzebujesz, aby zademonstrowa\u0107. <\/p> <ol><li><b>Zarz\u0105dzaj naszym bezp\u0142atnym edytorem i zacznij tworzy\u0107 spersonalizowan\u0105 aplikacj\u0119. <\/b><br> Znajd\u017a preferowany uk\u0142ad i cechy funkcjonalne aplikacji i zapisz wszystkie zmiany. <\/li> <li><b>Skopiuj sw\u00f3j unikalny kod pojawiaj\u0105cy si\u0119 w polu aplikacji Elfsight. <\/b><br> Gdy tylko aplikacja zostanie utworzona, skopiuj kod osobisty z wy\u015bwietlonego okna i zachowaj go na p\u00f3\u017aniej. <\/li> <li><b>Zacznij korzysta\u0107 z aplikacji na swojej stronie Shopify. <\/b><br> Zintegruj skopiowany wcze\u015bniej kod ze swoj\u0105 witryn\u0105 i zastosuj modyfikacje. <\/li> <li><b>Gotowe! Integracja zosta\u0142a w pe\u0142ni wykonana. <\/b><br> Przejd\u017a do swojej witryny, aby sprawdzi\u0107 dzia\u0142anie aplikacji. <\/li><\/ol><p>Nadal nie mo\u017cesz si\u0119 zdecydowa\u0107? Lub masz pytania? Wystarczy wys\u0142a\u0107 pro\u015bb\u0119 do naszego dzia\u0142u obs\u0142ugi klienta, a rozwi\u0105\u017cemy ka\u017cdy problem. <\/p> <\/div>","protected":false},"excerpt":{"rendered":"","protected":false},"author":9,"featured_media":0,"parent":1443,"menu_order":0,"comment_status":"closed","ping_status":"closed","template":"templates\/template-application-platform.php","meta":{"publish_to_discourse":"","publish_post_category":"","wpdc_auto_publish_overridden":"","wpdc_topic_tags":"","wpdc_pin_topic":"","wpdc_pin_until":"","discourse_post_id":"","discourse_permalink":"","wpdc_publishing_response":"","wpdc_publishing_error":"","footnotes":""},"class_list":["post-3966","page","type-page","status-publish","hentry"],"yoast_head":"<!-- This site is optimized with the Yoast SEO plugin v25.3.1 - https:\/\/yoast.com\/wordpress\/plugins\/seo\/ -->\n<title>Umie\u015b\u0107 recenzje Airbnb na swojej stronie Shopify (\u0142atwo i szybko)<\/title>\n<meta name=\"description\" content=\"Utworzenie wid\u017cetu Recenzji Airbnb i opublikowanie go w sklepie Shopify jest absolutnie proste. Obs\u0142uga klienta Elfsight jest bezp\u0142atna.\" \/>\n<meta name=\"robots\" content=\"index, follow, max-snippet:-1, max-image-preview:large, max-video-preview:-1\" \/>\n<link rel=\"canonical\" href=\"https:\/\/elfsight.com\/pl\/airbnb-reviews-widget\/shopify\/\" \/>\n<meta property=\"og:locale\" content=\"pl_PL\" \/>\n<meta property=\"og:type\" content=\"article\" \/>\n<meta property=\"og:title\" content=\"Umie\u015b\u0107 recenzje Airbnb na swojej stronie Shopify (\u0142atwo i szybko)\" \/>\n<meta property=\"og:description\" content=\"Utworzenie wid\u017cetu Recenzji Airbnb i opublikowanie go w sklepie Shopify jest absolutnie proste. Obs\u0142uga klienta Elfsight jest bezp\u0142atna.\" \/>\n<meta property=\"og:url\" content=\"https:\/\/elfsight.com\/pl\/airbnb-reviews-widget\/shopify\/\" \/>\n<meta property=\"og:site_name\" content=\"Elfsight PL\" \/>\n<meta property=\"article:modified_time\" content=\"2025-06-24T08:27:19+00:00\" \/>\n<meta name=\"twitter:card\" content=\"summary_large_image\" \/>\n<meta name=\"twitter:label1\" content=\"Szacowany czas czytania\" \/>\n\t<meta name=\"twitter:data1\" content=\"3 minuty\" \/>\n<!-- \/ Yoast SEO plugin. -->","yoast_head_json":{"title":"Umie\u015b\u0107 recenzje Airbnb na swojej stronie Shopify (\u0142atwo i szybko)","description":"Utworzenie wid\u017cetu Recenzji Airbnb i opublikowanie go w sklepie Shopify jest absolutnie proste. Obs\u0142uga klienta Elfsight jest bezp\u0142atna.","robots":{"index":"index","follow":"follow","max-snippet":"max-snippet:-1","max-image-preview":"max-image-preview:large","max-video-preview":"max-video-preview:-1"},"canonical":"https:\/\/elfsight.com\/pl\/airbnb-reviews-widget\/shopify\/","og_locale":"pl_PL","og_type":"article","og_title":"Umie\u015b\u0107 recenzje Airbnb na swojej stronie Shopify (\u0142atwo i szybko)","og_description":"Utworzenie wid\u017cetu Recenzji Airbnb i opublikowanie go w sklepie Shopify jest absolutnie proste. Obs\u0142uga klienta Elfsight jest bezp\u0142atna.","og_url":"https:\/\/elfsight.com\/pl\/airbnb-reviews-widget\/shopify\/","og_site_name":"Elfsight PL","article_modified_time":"2025-06-24T08:27:19+00:00","twitter_card":"summary_large_image","twitter_misc":{"Szacowany czas czytania":"3 minuty"},"schema":{"@context":"https:\/\/schema.org","@graph":[{"@type":"WebPage","@id":"https:\/\/elfsight.com\/pl\/airbnb-reviews-widget\/shopify\/","url":"https:\/\/elfsight.com\/pl\/airbnb-reviews-widget\/shopify\/","name":"Umie\u015b\u0107 recenzje Airbnb na swojej stronie Shopify (\u0142atwo i szybko)","isPartOf":{"@id":"https:\/\/elfsight.com\/pl\/#website"},"datePublished":"2024-05-03T06:26:28+00:00","dateModified":"2025-06-24T08:27:19+00:00","description":"Utworzenie wid\u017cetu Recenzji Airbnb i opublikowanie go w sklepie Shopify jest absolutnie proste. Obs\u0142uga klienta Elfsight jest bezp\u0142atna.","breadcrumb":{"@id":"https:\/\/elfsight.com\/pl\/airbnb-reviews-widget\/shopify\/#breadcrumb"},"inLanguage":"pl-PL","potentialAction":[{"@type":"ReadAction","target":["https:\/\/elfsight.com\/pl\/airbnb-reviews-widget\/shopify\/"]}]},{"@type":"BreadcrumbList","@id":"https:\/\/elfsight.com\/pl\/airbnb-reviews-widget\/shopify\/#breadcrumb","itemListElement":[{"@type":"ListItem","position":1,"name":"Home","item":"https:\/\/elfsight.com\/pl\/"},{"@type":"ListItem","position":2,"name":"Airbnb Reviews","item":"https:\/\/elfsight.com\/pl\/airbnb-reviews-widget\/"},{"@type":"ListItem","position":3,"name":"Airbnb Reviews &#8211; Shopify"}]},{"@type":"WebSite","@id":"https:\/\/elfsight.com\/pl\/#website","url":"https:\/\/elfsight.com\/pl\/","name":"Elfsight PL","description":"Just another Elfsight Sites site","potentialAction":[{"@type":"SearchAction","target":{"@type":"EntryPoint","urlTemplate":"https:\/\/elfsight.com\/pl\/?s={search_term_string}"},"query-input":{"@type":"PropertyValueSpecification","valueRequired":true,"valueName":"search_term_string"}}],"inLanguage":"pl-PL"}]}},"meta_box":{"industry":"","seo_heading":"","heading":"","description":"","cta_heading":"","cta_description":"","application":"1400","h1":"Recenzje Shopify Airbnb","h1_caption":"Wy\u015bwietlaj recenzje ze swojej oferty airbnb, aby bez wysi\u0142ku przyci\u0105gn\u0105\u0107 wi\u0119cej go\u015bci dzi\u0119ki prawdziwym opiniom do swojej witryny Shopify.","application_category":[],"applications_title":"","applications_request_title":"","applications_request_button_text":"","hero_text":"","hero_video":"","hero_video_schema_markup":"","selling_points_title":"","selling_points_caption":"","selling_points":[],"selling_points_cta_text":"","features_title":"","features":"","ed_cta_examples_text":"","ed_cta_examples_hidden":"","ed_cta_demo_text":"","ed_cta_demo_hidden":"","why_caption":"","why_editor_title":"","why_editor_text":"","why_team_title":"","why_team_text":"","why_service_title":"","why_service_text":"","template_catalog_visible":"0","template_catalog_title":"","template_catalog_text":"","template_catalog_categories_visible":"","demo_title":"Utw\u00f3rz aplikacj\u0119 Recenzje Airbnb","demo_caption":"Skonfiguruj swoje recenzje Airbnb i dodaj je za darmo do swojej witryny Shopify!","default_faq_hidden":"","app_template_category":[],"platform":"7580","template_public_id":"","codecanyon_url":"","codecanyon_item_id":"","codecanyon_price":"","pricing_caption":"","pricing_elfsight_apps_hide_column":"","pricing_elfsight_apps_url":"","pricing_codecanyon_price_caption":"","integration_category":[],"integration_request_title":"","integration_request_cta":"","integration_platform":"","integrations":[],"platform_category":[],"video_schema_markup":"","price":"od 0 USD \/ miesi\u0105c","trial":"","benefits":[{"text":"Bezp\u0142atna us\u0142uga monta\u017cu"},{"text":"Wsparcie premium"},{"text":"14-dniowa gwarancja zwrotu pieni\u0119dzy"}],"button_url":"#demo","button_target_blank":"0","button_nofollow":"0","attributes":[{"name":"Instaluje"},{"name":"Czu\u0142y"},{"name":"Kompatybilne przegl\u0105darki"}],"tags":[],"tags_disable_links":"0","hide_more_platforms":"0","video_object":"","demo_hide_cta":"0","demo_hide_cloud_options":"0","pricing_title":"","pricing":[{"pricing_icon":"cloud","pricing_title":"Elfsight Apps","pricing_title_caption":"Wersja wieloplatformowa, kt\u00f3ra dzia\u0142a na ka\u017cdej stronie internetowej","pricing_price":"od 0 USD \/ miesi\u0105c","pricing_price_caption":"zacznij od bezp\u0142atnego planu","pricing_benefits":[{"text":"Nielimitowane strony internetowe"},{"text":"Wsparcie premium"},{"text":"Bezp\u0142atna us\u0142uga monta\u017cu"},{"text":"Oferta specjalna na wiele aplikacji"}],"pricing_button_text":"Dodaj do witryny","pricing_button_url":"#demo"}],"related_apps_title":"","related_apps_hidden":"0","author":"","image":[],"title":"","job":"","social_networks":[]},"_links":{"self":[{"href":"https:\/\/elfsight.com\/pl\/wp-json\/wp\/v2\/pages\/3966","targetHints":{"allow":["GET"]}}],"collection":[{"href":"https:\/\/elfsight.com\/pl\/wp-json\/wp\/v2\/pages"}],"about":[{"href":"https:\/\/elfsight.com\/pl\/wp-json\/wp\/v2\/types\/page"}],"author":[{"embeddable":true,"href":"https:\/\/elfsight.com\/pl\/wp-json\/wp\/v2\/users\/9"}],"replies":[{"embeddable":true,"href":"https:\/\/elfsight.com\/pl\/wp-json\/wp\/v2\/comments?post=3966"}],"version-history":[{"count":2,"href":"https:\/\/elfsight.com\/pl\/wp-json\/wp\/v2\/pages\/3966\/revisions"}],"predecessor-version":[{"id":7615,"href":"https:\/\/elfsight.com\/pl\/wp-json\/wp\/v2\/pages\/3966\/revisions\/7615"}],"up":[{"embeddable":true,"href":"https:\/\/elfsight.com\/pl\/wp-json\/wp\/v2\/pages\/1443"}],"wp:attachment":[{"href":"https:\/\/elfsight.com\/pl\/wp-json\/wp\/v2\/media?parent=3966"}],"curies":[{"name":"wp","href":"https:\/\/api.w.org\/{rel}","templated":true}]}}