{"id":3959,"date":"2024-05-03T06:26:25","date_gmt":"2024-05-03T06:26:25","guid":{"rendered":"https:\/\/elfsight.com\/pl\/?page_id=3959"},"modified":"2024-11-14T09:44:40","modified_gmt":"2024-11-14T09:44:40","slug":"html","status":"publish","type":"page","link":"https:\/\/elfsight.com\/pl\/airbnb-reviews-widget\/html\/","title":{"rendered":"Airbnb Reviews &#8211; HTML"},"content":{"rendered":"<div class=\"application-platform-content-item-description application-platform-content-item\" id=\"description\" data-nav-section=\"description\"> <h2>Opis<\/h2> <p>Je\u015bli chcesz udowodni\u0107 swoj\u0105 wysok\u0105 ocen\u0119 przez klient\u00f3w i przekona\u0107 odwiedzaj\u0105cych witryn\u0119, \u017ce Twoje oferty s\u0105 warte swojej ceny za pieni\u0105dze, Recenzje Elfsight Airbnb s\u0105 w\u0142a\u015bnie dla Ciebie. Za pomoc\u0105 tego wid\u017cetu szybko umie\u015bcisz na swojej stronie recenzje klient\u00f3w z Airbnb z informacj\u0105 o ich autorach, przefiltrujesz je tak, aby wy\u015bwietla\u0142y si\u0119 tylko pozytywne, dodasz oceny i aktywny przycisk, kt\u00f3ry przekieruje ludzi na Twoje konto Airbnb, gdzie b\u0119d\u0105 mogli zostawi\u0107 now\u0105 recenzj\u0119 . <\/p> <div class=\"faq\" data-component=\"FAQ\"><div class=\"faq-item\">\r\n\t\t\t\t\t<div class=\"faq-item-question\">\r\n\t\t\t\t\t\t<h3 class=\"faq-item-question-text\">Gdzie mog\u0119 osadzi\u0107 recenzje Airbnb<\/h3>\r\n\r\n\t\t\t\t\t\t<div class=\"faq-item-question-icon\"><\/div>\r\n\t\t\t\t\t<\/div>\r\n\r\n\t\t\t\t\t<div class=\"faq-item-answer\">\r\n\t\t\t\t\t\t<div class=\"faq-item-answer-text\"> <p>Mo\u017cesz osadzi\u0107 wid\u017cet na dowolnej stronie witryny lub zintegrowa\u0107 go z szablonem witryny, aby pojawi\u0142 si\u0119 na wszystkich stronach . Recenzje mog\u0105 by\u0107 skuteczne na stronach produkt\u00f3w lub na stronie O nas, gdzie chcesz udowodni\u0107 swoj\u0105 wysok\u0105 ocen\u0119. <\/p> <\/div>\r\n\t\t\t\t\t<\/div>\r\n\t\t\t\t<\/div><div class=\"faq-item\">\r\n\t\t\t\t\t<div class=\"faq-item-question\">\r\n\t\t\t\t\t\t<h3 class=\"faq-item-question-text\">Jakie korzy\u015bci mi to da?<\/h3>\r\n\r\n\t\t\t\t\t\t<div class=\"faq-item-question-icon\"><\/div>\r\n\t\t\t\t\t<\/div>\r\n\r\n\t\t\t\t\t<div class=\"faq-item-answer\">\r\n\t\t\t\t\t\t<div class=\"faq-item-answer-text\"> <p>Recenzje pisane przez prawdziwych ludzi s\u0105 maksymalnie wiarygodne dla u\u017cytkownik\u00f3w Twojej witryny i udowadniaj\u0105, \u017ce mo\u017cna zaufa\u0107 Twojej firmie. Wysoka ocena i doskona\u0142e recenzje mog\u0105 pom\u00f3c zwi\u0119kszy\u0107 poziom zakup\u00f3w w Twojej witrynie. Dodatkowo aktywny przycisk przyczyni si\u0119 do zwi\u0119kszenia liczby opinii klient\u00f3w na temat Twoich ofert lub us\u0142ug na Airbnb. <\/p> <\/div>\r\n\t\t\t\t\t<\/div>\r\n\t\t\t\t<\/div> <div class=\"faq-item\">\r\n\t\t\t\t\t<div class=\"faq-item-question\">\r\n\t\t\t\t\t\t<h3 class=\"faq-item-question-text\">Czego potrzebuj\u0119, aby doda\u0107 recenzje Airbnb do mojej witryny HTML?<\/h3>\r\n\r\n\t\t\t\t\t\t<div class=\"faq-item-question-icon\"><\/div>\r\n\t\t\t\t\t<\/div>\r\n\r\n\t\t\t\t\t<div class=\"faq-item-answer\">\r\n\t\t\t\t\t\t<div class=\"faq-item-answer-text\"> <p>Zainstalowanie i uruchomienie wid\u017cetu zajmie tylko chwil\u0119. Jest naprawd\u0119 szybki, darmowy i nie wymaga kodowania. <\/p> <ol><li>Istnieje mo\u017cliwo\u015b\u0107 zintegrowania Recenzji Airbnb z witryn\u0105 w naszym serwisie. Wystarczy wykona\u0107 poni\u017csze instrukcje na tej stronie. <\/li> <li>Recenzje Elfsight Airbnb mo\u017cna zintegrowa\u0107 z nasz\u0105 us\u0142ug\u0105 lub za po\u015brednictwem rynku. Mo\u017cesz pozna\u0107 bli\u017cej oba warianty i wybra\u0107 odpowiedni. <\/li> <\/ol> <\/div>\r\n\t\t\t\t\t<\/div>\r\n\t\t\t\t<\/div> <\/div> <\/div> <div class=\"application-platform-content-item-features application-platform-content-item\" id=\"features\" data-nav-section=\"features\"> <h2>Funkcje<\/h2> <p>Aby w pe\u0142ni zrozumie\u0107 wid\u017cet, sp\u00f3jrz na list\u0119 jego podstawowych funkcji. Dzi\u0119ki nim nasz widget jest dla Ciebie maksymalnie przydatny: <\/p> <ul> <li>Trzy opcje filtr\u00f3w: wed\u0142ug typu, wykluczenia wed\u0142ug i ilo\u015bci wy\u015bwietlanych recenzji; <\/li> <li>Przycisk pro\u015bby o recenzj\u0119 kieruje u\u017cytkownik\u00f3w do Twojej strony Airbnb; <\/li> <li>Dwa warianty odrzucenia pro\u015bby o sprawdzenie: wy\u015bwietl wiadomo\u015b\u0107 tekstow\u0105 lub ukryj przycisk. <\/li> <\/ul><p><a href=\"#demo\">Aby sprawdzi\u0107 wszystkie funkcje, zobacz nasz\u0105 demonstracj\u0119 na \u017cywo<\/a><\/p> <\/div> <div class=\"application-platform-content-item-installation application-platform-content-item\" id=\"installation\" data-nav-section=\"installation\"> <h2>Dowiedz si\u0119, jak osadzi\u0107 recenzje Airbnb w swojej witrynie HTML<\/h2><div class=\"video-container\"><iframe width=\"720\" height=\"405\" src=\"https:\/\/www.youtube.com\/embed\/aRnt-iTdrNc\" frameborder=\"0\" allowfullscreen=\"\"><\/iframe><\/div><p>Poni\u017csze kroki to jedyne, co musisz ustali\u0107. <\/p> <ol><li><b>Stw\u00f3rz w\u0142asn\u0105 wtyczk\u0119 Recenzji Airbnb<\/b><br> Zarz\u0105dzaj\u0105c naszym bezp\u0142atnym konfiguratorem, wygeneruj wtyczk\u0119 o niestandardowym wygl\u0105dzie i funkcjonalno\u015bci. <\/li><li><b>Zdob\u0105d\u017a indywidualny kod, aby doda\u0107 wtyczk\u0119<\/b><br> Po ustawieniu wid\u017cetu otrzymasz indywidualny kod z pojawiaj\u0105cego si\u0119 okna aplikacji Elfsight. Skopiuj ten kod do wykorzystania w przysz\u0142o\u015bci. <\/li> <li><b>Dodaj wtyczk\u0119 na swojej stronie HTML<\/b><br> Wybierz miejsce, w kt\u00f3rym chcesz udost\u0119pni\u0107 wtyczk\u0119 i tam dodaj zapisany kod. Opublikuj zmiany. <\/li> <li><b>Gotowe! <\/b><br> Wejd\u017a do sklepu i obejrzyj swoj\u0105 prac\u0119. <\/li> <\/ol><p>Nadal masz w\u0105tpliwo\u015bci? Lub do\u015bwiadczasz problem\u00f3w? Po prostu wy\u015blij swoj\u0105 pro\u015bb\u0119 do naszego dzia\u0142u obs\u0142ugi klienta. Do\u0142o\u017c\u0105 wszelkich stara\u0144, aby rozwi\u0105za\u0107 ka\u017cd\u0105 spraw\u0119. <\/p> <\/div>","protected":false},"excerpt":{"rendered":"","protected":false},"author":9,"featured_media":0,"parent":1443,"menu_order":0,"comment_status":"closed","ping_status":"closed","template":"templates\/template-application-platform.php","meta":{"publish_to_discourse":"","publish_post_category":"","wpdc_auto_publish_overridden":"","wpdc_topic_tags":"","wpdc_pin_topic":"","wpdc_pin_until":"","discourse_post_id":"","discourse_permalink":"","wpdc_publishing_response":"","wpdc_publishing_error":"","footnotes":""},"class_list":["post-3959","page","type-page","status-publish","hentry"],"yoast_head":"<!-- This site is optimized with the Yoast SEO plugin v25.3.1 - https:\/\/yoast.com\/wordpress\/plugins\/seo\/ -->\n<title>Umie\u015b\u0107 recenzje Airbnb na swojej stronie HTML (\u0142atwo i szybko)<\/title>\n<meta name=\"description\" content=\"Dzi\u0119ki Elfsight mo\u017cesz szybko i \u0142atwo tworzy\u0107 recenzje Airbnb i umieszcza\u0107 je na swojej stronie HTML. Mamy bezp\u0142atn\u0105 obs\u0142ug\u0119 klienta i wi\u0119cej bonus\u00f3w.\" \/>\n<meta name=\"robots\" content=\"index, follow, max-snippet:-1, max-image-preview:large, max-video-preview:-1\" \/>\n<link rel=\"canonical\" href=\"https:\/\/elfsight.com\/pl\/airbnb-reviews-widget\/html\/\" \/>\n<meta property=\"og:locale\" content=\"pl_PL\" \/>\n<meta property=\"og:type\" content=\"article\" \/>\n<meta property=\"og:title\" content=\"Umie\u015b\u0107 recenzje Airbnb na swojej stronie HTML (\u0142atwo i szybko)\" \/>\n<meta property=\"og:description\" content=\"Dzi\u0119ki Elfsight mo\u017cesz szybko i \u0142atwo tworzy\u0107 recenzje Airbnb i umieszcza\u0107 je na swojej stronie HTML. Mamy bezp\u0142atn\u0105 obs\u0142ug\u0119 klienta i wi\u0119cej bonus\u00f3w.\" \/>\n<meta property=\"og:url\" content=\"https:\/\/elfsight.com\/pl\/airbnb-reviews-widget\/html\/\" \/>\n<meta property=\"og:site_name\" content=\"Elfsight PL\" \/>\n<meta property=\"article:modified_time\" content=\"2024-11-14T09:44:40+00:00\" \/>\n<meta name=\"twitter:card\" content=\"summary_large_image\" \/>\n<meta name=\"twitter:label1\" content=\"Szacowany czas czytania\" \/>\n\t<meta name=\"twitter:data1\" content=\"3 minuty\" \/>\n<!-- \/ Yoast SEO plugin. -->","yoast_head_json":{"title":"Umie\u015b\u0107 recenzje Airbnb na swojej stronie HTML (\u0142atwo i szybko)","description":"Dzi\u0119ki Elfsight mo\u017cesz szybko i \u0142atwo tworzy\u0107 recenzje Airbnb i umieszcza\u0107 je na swojej stronie HTML. Mamy bezp\u0142atn\u0105 obs\u0142ug\u0119 klienta i wi\u0119cej bonus\u00f3w.","robots":{"index":"index","follow":"follow","max-snippet":"max-snippet:-1","max-image-preview":"max-image-preview:large","max-video-preview":"max-video-preview:-1"},"canonical":"https:\/\/elfsight.com\/pl\/airbnb-reviews-widget\/html\/","og_locale":"pl_PL","og_type":"article","og_title":"Umie\u015b\u0107 recenzje Airbnb na swojej stronie HTML (\u0142atwo i szybko)","og_description":"Dzi\u0119ki Elfsight mo\u017cesz szybko i \u0142atwo tworzy\u0107 recenzje Airbnb i umieszcza\u0107 je na swojej stronie HTML. Mamy bezp\u0142atn\u0105 obs\u0142ug\u0119 klienta i wi\u0119cej bonus\u00f3w.","og_url":"https:\/\/elfsight.com\/pl\/airbnb-reviews-widget\/html\/","og_site_name":"Elfsight PL","article_modified_time":"2024-11-14T09:44:40+00:00","twitter_card":"summary_large_image","twitter_misc":{"Szacowany czas czytania":"3 minuty"},"schema":{"@context":"https:\/\/schema.org","@graph":[{"@type":"WebPage","@id":"https:\/\/elfsight.com\/pl\/airbnb-reviews-widget\/html\/","url":"https:\/\/elfsight.com\/pl\/airbnb-reviews-widget\/html\/","name":"Umie\u015b\u0107 recenzje Airbnb na swojej stronie HTML (\u0142atwo i szybko)","isPartOf":{"@id":"https:\/\/elfsight.com\/pl\/#website"},"datePublished":"2024-05-03T06:26:25+00:00","dateModified":"2024-11-14T09:44:40+00:00","description":"Dzi\u0119ki Elfsight mo\u017cesz szybko i \u0142atwo tworzy\u0107 recenzje Airbnb i umieszcza\u0107 je na swojej stronie HTML. Mamy bezp\u0142atn\u0105 obs\u0142ug\u0119 klienta i wi\u0119cej bonus\u00f3w.","breadcrumb":{"@id":"https:\/\/elfsight.com\/pl\/airbnb-reviews-widget\/html\/#breadcrumb"},"inLanguage":"pl-PL","potentialAction":[{"@type":"ReadAction","target":["https:\/\/elfsight.com\/pl\/airbnb-reviews-widget\/html\/"]}]},{"@type":"BreadcrumbList","@id":"https:\/\/elfsight.com\/pl\/airbnb-reviews-widget\/html\/#breadcrumb","itemListElement":[{"@type":"ListItem","position":1,"name":"Home","item":"https:\/\/elfsight.com\/pl\/"},{"@type":"ListItem","position":2,"name":"Airbnb Reviews","item":"https:\/\/elfsight.com\/pl\/airbnb-reviews-widget\/"},{"@type":"ListItem","position":3,"name":"Airbnb Reviews &#8211; HTML"}]},{"@type":"WebSite","@id":"https:\/\/elfsight.com\/pl\/#website","url":"https:\/\/elfsight.com\/pl\/","name":"Elfsight PL","description":"Just another Elfsight Sites site","potentialAction":[{"@type":"SearchAction","target":{"@type":"EntryPoint","urlTemplate":"https:\/\/elfsight.com\/pl\/?s={search_term_string}"},"query-input":{"@type":"PropertyValueSpecification","valueRequired":true,"valueName":"search_term_string"}}],"inLanguage":"pl-PL"}]}},"meta_box":{"industry":"","seo_heading":"","heading":"","description":"","cta_heading":"","cta_description":"","application":"1400","h1":"Recenzje HTML Airbnb","h1_caption":"Wy\u015bwietlaj recenzje ze swojej oferty Airbnb, aby bez wysi\u0142ku przyci\u0105gn\u0105\u0107 wi\u0119cej go\u015bci dzi\u0119ki prawdziwym opiniom do swojej witryny HTML.","application_category":[],"applications_title":"","applications_request_title":"","applications_request_button_text":"","hero_text":"","hero_video":"","hero_video_schema_markup":"","selling_points_title":"","selling_points_caption":"","selling_points":[],"selling_points_cta_text":"","features_title":"","features":"","ed_cta_examples_text":"","ed_cta_examples_hidden":"","ed_cta_demo_text":"","ed_cta_demo_hidden":"","why_caption":"","why_editor_title":"","why_editor_text":"","why_team_title":"","why_team_text":"","why_service_title":"","why_service_text":"","template_catalog_visible":"","template_catalog_title":"","template_catalog_text":"","template_catalog_categories_visible":"","demo_title":"Utw\u00f3rz wid\u017cet Recenzje Airbnb","demo_caption":"Skonfiguruj swoje recenzje Airbnb i dodaj je do swojej witryny HTML za darmo!","default_faq_hidden":"","app_template_category":[],"platform":"50","template_public_id":"","codecanyon_url":"","codecanyon_item_id":"","codecanyon_price":"","pricing_caption":"","pricing_elfsight_apps_hide_column":"","pricing_elfsight_apps_url":"","pricing_codecanyon_price_caption":"","integration_category":[],"integration_request_title":"","integration_request_cta":"","integration_platform":"","integrations":[],"platform_category":[],"video_schema_markup":"","price":"od 0 USD \/ miesi\u0105c","trial":"","benefits":[{"text":"Bezp\u0142atna pomoc w monta\u017cu"},{"text":"Kompetentna obs\u0142uga klienta"},{"text":"14-dniowa gwarancja zwrotu pieni\u0119dzy"}],"button_url":"#demo","button_target_blank":"","button_nofollow":"","attributes":[{"name":"Instaluje"},{"name":"Czu\u0142y"},{"name":"Kompatybilne przegl\u0105darki"}],"tags":[],"tags_disable_links":"","hide_more_platforms":"","video_object":"","demo_hide_cta":"","demo_hide_cloud_options":"","pricing_title":"","pricing":[{"pricing_icon":"platform","pricing_title":"Elfsight Apps","pricing_title_caption":"Wersja wieloplatformowa","pricing_price":"od 0 USD \/ miesi\u0105c","pricing_price_caption":"zacznij od bezp\u0142atnego planu","pricing_benefits":[{"text":"Nielimitowane domeny"},{"text":"Dedykowane wsparcie firmy"},{"text":"Bezp\u0142atna us\u0142uga monta\u017cu"},{"text":"Oferta specjalna na wiele aplikacji"}],"pricing_button_text":"Dodaj do witryny","pricing_button_url":"#demo"}],"related_apps_title":"","related_apps_hidden":"","author":"","image":[],"title":"","job":"","social_networks":[]},"_links":{"self":[{"href":"https:\/\/elfsight.com\/pl\/wp-json\/wp\/v2\/pages\/3959","targetHints":{"allow":["GET"]}}],"collection":[{"href":"https:\/\/elfsight.com\/pl\/wp-json\/wp\/v2\/pages"}],"about":[{"href":"https:\/\/elfsight.com\/pl\/wp-json\/wp\/v2\/types\/page"}],"author":[{"embeddable":true,"href":"https:\/\/elfsight.com\/pl\/wp-json\/wp\/v2\/users\/9"}],"replies":[{"embeddable":true,"href":"https:\/\/elfsight.com\/pl\/wp-json\/wp\/v2\/comments?post=3959"}],"version-history":[{"count":2,"href":"https:\/\/elfsight.com\/pl\/wp-json\/wp\/v2\/pages\/3959\/revisions"}],"predecessor-version":[{"id":7614,"href":"https:\/\/elfsight.com\/pl\/wp-json\/wp\/v2\/pages\/3959\/revisions\/7614"}],"up":[{"embeddable":true,"href":"https:\/\/elfsight.com\/pl\/wp-json\/wp\/v2\/pages\/1443"}],"wp:attachment":[{"href":"https:\/\/elfsight.com\/pl\/wp-json\/wp\/v2\/media?parent=3959"}],"curies":[{"name":"wp","href":"https:\/\/api.w.org\/{rel}","templated":true}]}}