{"id":3958,"date":"2024-05-03T06:26:24","date_gmt":"2024-05-03T06:26:24","guid":{"rendered":"https:\/\/elfsight.com\/pl\/?page_id=3958"},"modified":"2024-11-14T09:44:40","modified_gmt":"2024-11-14T09:44:40","slug":"magento","status":"publish","type":"page","link":"https:\/\/elfsight.com\/pl\/airbnb-reviews-widget\/magento\/","title":{"rendered":"Airbnb Reviews &#8211; Magento"},"content":{"rendered":"<div class=\"application-platform-content-item-description application-platform-content-item\" id=\"description\" data-nav-section=\"description\"> <h2>Opis<\/h2> <p>Je\u015bli chcesz pochwali\u0107 si\u0119 wysok\u0105 ocen\u0105 klient\u00f3w i przekona\u0107 odwiedzaj\u0105cych witryn\u0119, \u017ce warto zatrzyma\u0107 si\u0119 w Twoim miejscu, Widget Recenzje Elfsight Airbnb idealnie Ci odpowiada. Korzystaj\u0105c z naszego narz\u0119dzia, szybko wstawisz na swoj\u0105 stron\u0119 recenzje klient\u00f3w z Airbnb z informacj\u0105 o ich autorach, przefiltrujesz je tak, aby wy\u015bwietla\u0142y si\u0119 tylko pozytywne, wy\u015bwietlisz oceny i przycisk pro\u015bby o recenzj\u0119, kt\u00f3ry przeniesie u\u017cytkownik\u00f3w na Twoje konto Airbnb, gdzie b\u0119d\u0105 mogli udost\u0119pnia\u0107 jeszcze jedna recenzja. <\/p> <div class=\"faq\" data-component=\"FAQ\"><div class=\"faq-item\">\r\n\t\t\t\t\t<div class=\"faq-item-question\">\r\n\t\t\t\t\t\t<h3 class=\"faq-item-question-text\">Gdzie mog\u0119 doda\u0107 widget<\/h3>\r\n\r\n\t\t\t\t\t\t<div class=\"faq-item-question-icon\"><\/div>\r\n\t\t\t\t\t<\/div>\r\n\r\n\t\t\t\t\t<div class=\"faq-item-answer\">\r\n\t\t\t\t\t\t<div class=\"faq-item-answer-text\"> <p>Nasz widget mo\u017cna umie\u015bci\u0107 na dowolnej stronie, na kt\u00f3rej chcesz pokaza\u0107 swoje du\u017ce uznanie i popularno\u015b\u0107 w\u015br\u00f3d klient\u00f3w. Je\u015bli potrzebujesz go na wszystkich stronach witryny, mo\u017cesz \u0142atwo wklei\u0107 go do szablonu witryny. <\/p> <\/div>\r\n\t\t\t\t\t<\/div>\r\n\t\t\t\t<\/div><div class=\"faq-item\">\r\n\t\t\t\t\t<div class=\"faq-item-question\">\r\n\t\t\t\t\t\t<h3 class=\"faq-item-question-text\">Jakie korzy\u015bci odnios\u0119 z recenzji Airbnb?<\/h3>\r\n\r\n\t\t\t\t\t\t<div class=\"faq-item-question-icon\"><\/div>\r\n\t\t\t\t\t<\/div>\r\n\r\n\t\t\t\t\t<div class=\"faq-item-answer\">\r\n\t\t\t\t\t\t<div class=\"faq-item-answer-text\"> <p>Opinie prawdziwych ludzi s\u0105 w pe\u0142ni godne zaufania dla os\u00f3b odwiedzaj\u0105cych Twoj\u0105 witryn\u0119 i wskazuj\u0105 im, \u017ce Twoja firma jest wiarygodna. Wysoka ocena i dobre wy\u015bwietlenia mog\u0105 pom\u00f3c zwi\u0119kszy\u0107 poziom sprzeda\u017cy w Twojej witrynie. Ponadto przycisk przekierowania mo\u017ce przyczyni\u0107 si\u0119 do zwi\u0119kszenia liczby opinii klient\u00f3w na temat Twojej firmy na Airbnb. <\/p> <\/div>\r\n\t\t\t\t\t<\/div>\r\n\t\t\t\t<\/div> <div class=\"faq-item\">\r\n\t\t\t\t\t<div class=\"faq-item-question\">\r\n\t\t\t\t\t\t<h3 class=\"faq-item-question-text\">Czego potrzebuj\u0119, aby doda\u0107 recenzje Airbnb na mojej stronie Magento?<\/h3>\r\n\r\n\t\t\t\t\t\t<div class=\"faq-item-question-icon\"><\/div>\r\n\t\t\t\t\t<\/div>\r\n\r\n\t\t\t\t\t<div class=\"faq-item-answer\">\r\n\t\t\t\t\t\t<div class=\"faq-item-answer-text\"> <p>B\u0119dziesz potrzebowa\u0142 tylko kilku minut, aby osadzi\u0107 wid\u017cet. Proces jest super szybki, bezp\u0142atny i nie wymaga kodowania. <\/p> <ol><li>Mo\u017cesz wklei\u0107 recenzje Airbnb na swojej stronie internetowej bezpo\u015brednio za po\u015brednictwem naszego serwisu. Wystarczy zapozna\u0107 si\u0119 z poni\u017cszymi instrukcjami na tej stronie. <\/li> <li>Recenzje Elfsight Airbnb mo\u017cna dodawa\u0107 bezpo\u015brednio w naszym serwisie lub na rynku. Mo\u017cesz por\u00f3wna\u0107 oba warianty i wybra\u0107 sw\u00f3j. <\/li> <\/ol> <\/div>\r\n\t\t\t\t\t<\/div>\r\n\t\t\t\t<\/div> <\/div> <\/div> <div class=\"application-platform-content-item-features application-platform-content-item\" id=\"features\" data-nav-section=\"features\"> <h2>Funkcje<\/h2> <p>Aby uzyska\u0107 lepsz\u0105 widoczno\u015b\u0107 wid\u017cetu, zobacz list\u0119 jego najwybitniejszych funkcji. Dzi\u0119ki nim nasz widget jest naprawd\u0119 skuteczny w Twoim sklepie: <\/p> <ul> <li>4 typy uk\u0142ad\u00f3w: Lista, Siatka, Mur i Suwak; <\/li> <li>Opcja pokazania lub ukrycia nag\u0142\u00f3wka wid\u017cetu; <\/li> <li>Dwie mo\u017cliwo\u015bci odrzucenia pro\u015bby o sprawdzenie: wy\u015bwietl wiadomo\u015b\u0107 lub usu\u0144 przycisk. <\/li> <\/ul><p><a href=\"#demo\">Aby pozna\u0107 wszystkie funkcje, zobacz nasz\u0105 wersj\u0119 demonstracyjn\u0105<\/a><\/p> <\/div> <div class=\"application-platform-content-item-installation application-platform-content-item\" id=\"installation\" data-nav-section=\"installation\"> <h2>Dowiedz si\u0119, jak osadzi\u0107 recenzje Airbnb na swojej stronie Magento<\/h2> <p>Wystarcz\u0105 poni\u017csze czynno\u015bci, aby zacz\u0105\u0107 korzysta\u0107 z wid\u017cetu. <\/p> <ol><li><b>Wykonaj nasz darmowy konfigurator i zacznij tworzy\u0107 w\u0142asne rozszerzenie. <\/b><br> Okre\u015bl preferowan\u0105 form\u0119 i specyfikacje rozszerzenia i zapisz wszystkie zmiany. <\/li> <li><b>Skopiuj unikalny kod pojawiaj\u0105cy si\u0119 w polu aplikacji Elfsight. <\/b><br> Po zako\u0144czeniu generowania osobistego rozszerzenia skopiuj ekskluzywny kod z wy\u015bwietlonego wyskakuj\u0105cego okienka i zapisz go do p\u00f3\u017aniejszego wykorzystania. <\/li> <li><b>Rozpocznij korzystanie z rozszerzenia w swojej witrynie Magento. <\/b><br> Zintegruj zapisany wcze\u015bniej kod ze swoj\u0105 witryn\u0105 i zapisz poprawki. <\/li> <li><b>Instalacja zosta\u0142a pomy\u015blnie zako\u0144czona. <\/b><br> Otw\u00f3rz swoj\u0105 stron\u0119 internetow\u0105, aby sprawdzi\u0107 dzia\u0142anie rozszerzenia. <\/li><\/ol><p>Nadal nie jeste\u015b pewien? Albo natkn\u0105\u0142e\u015b si\u0119 na co\u015b? Po prostu wy\u015blij swoj\u0105 pro\u015bb\u0119 do naszego dzia\u0142u obs\u0142ugi klienta, kt\u00f3ry pomo\u017ce Ci odpowiedzie\u0107 na ka\u017cde pytanie. <\/p> <\/div>","protected":false},"excerpt":{"rendered":"","protected":false},"author":9,"featured_media":0,"parent":1443,"menu_order":0,"comment_status":"closed","ping_status":"closed","template":"templates\/template-application-platform.php","meta":{"publish_to_discourse":"","publish_post_category":"","wpdc_auto_publish_overridden":"","wpdc_topic_tags":"","wpdc_pin_topic":"","wpdc_pin_until":"","discourse_post_id":"","discourse_permalink":"","wpdc_publishing_response":"","wpdc_publishing_error":"","footnotes":""},"class_list":["post-3958","page","type-page","status-publish","hentry"],"yoast_head":"<!-- This site is optimized with the Yoast SEO plugin v25.3.1 - https:\/\/yoast.com\/wordpress\/plugins\/seo\/ -->\n<title>Umie\u015b\u0107 recenzje Airbnb na swojej stronie Magento (2025)<\/title>\n<meta name=\"description\" content=\"Oto mo\u017cliwo\u015b\u0107 skonstruowania wid\u017cetu Recenzje Airbnb i osadzenia go na swojej stronie Magento. Uzyskaj bezp\u0142atn\u0105 obs\u0142ug\u0119 klienta i inne bonusy od Elfsight.\" \/>\n<meta name=\"robots\" content=\"index, follow, max-snippet:-1, max-image-preview:large, max-video-preview:-1\" \/>\n<link rel=\"canonical\" href=\"https:\/\/elfsight.com\/pl\/airbnb-reviews-widget\/magento\/\" \/>\n<meta property=\"og:locale\" content=\"pl_PL\" \/>\n<meta property=\"og:type\" content=\"article\" \/>\n<meta property=\"og:title\" content=\"Umie\u015b\u0107 recenzje Airbnb na swojej stronie Magento (2025)\" \/>\n<meta property=\"og:description\" content=\"Oto mo\u017cliwo\u015b\u0107 skonstruowania wid\u017cetu Recenzje Airbnb i osadzenia go na swojej stronie Magento. Uzyskaj bezp\u0142atn\u0105 obs\u0142ug\u0119 klienta i inne bonusy od Elfsight.\" \/>\n<meta property=\"og:url\" content=\"https:\/\/elfsight.com\/pl\/airbnb-reviews-widget\/magento\/\" \/>\n<meta property=\"og:site_name\" content=\"Elfsight PL\" \/>\n<meta property=\"article:modified_time\" content=\"2024-11-14T09:44:40+00:00\" \/>\n<meta name=\"twitter:card\" content=\"summary_large_image\" \/>\n<meta name=\"twitter:label1\" content=\"Szacowany czas czytania\" \/>\n\t<meta name=\"twitter:data1\" content=\"3 minuty\" \/>\n<!-- \/ Yoast SEO plugin. -->","yoast_head_json":{"title":"Umie\u015b\u0107 recenzje Airbnb na swojej stronie Magento (2025)","description":"Oto mo\u017cliwo\u015b\u0107 skonstruowania wid\u017cetu Recenzje Airbnb i osadzenia go na swojej stronie Magento. Uzyskaj bezp\u0142atn\u0105 obs\u0142ug\u0119 klienta i inne bonusy od Elfsight.","robots":{"index":"index","follow":"follow","max-snippet":"max-snippet:-1","max-image-preview":"max-image-preview:large","max-video-preview":"max-video-preview:-1"},"canonical":"https:\/\/elfsight.com\/pl\/airbnb-reviews-widget\/magento\/","og_locale":"pl_PL","og_type":"article","og_title":"Umie\u015b\u0107 recenzje Airbnb na swojej stronie Magento (2025)","og_description":"Oto mo\u017cliwo\u015b\u0107 skonstruowania wid\u017cetu Recenzje Airbnb i osadzenia go na swojej stronie Magento. Uzyskaj bezp\u0142atn\u0105 obs\u0142ug\u0119 klienta i inne bonusy od Elfsight.","og_url":"https:\/\/elfsight.com\/pl\/airbnb-reviews-widget\/magento\/","og_site_name":"Elfsight PL","article_modified_time":"2024-11-14T09:44:40+00:00","twitter_card":"summary_large_image","twitter_misc":{"Szacowany czas czytania":"3 minuty"},"schema":{"@context":"https:\/\/schema.org","@graph":[{"@type":"WebPage","@id":"https:\/\/elfsight.com\/pl\/airbnb-reviews-widget\/magento\/","url":"https:\/\/elfsight.com\/pl\/airbnb-reviews-widget\/magento\/","name":"Umie\u015b\u0107 recenzje Airbnb na swojej stronie Magento (2025)","isPartOf":{"@id":"https:\/\/elfsight.com\/pl\/#website"},"datePublished":"2024-05-03T06:26:24+00:00","dateModified":"2024-11-14T09:44:40+00:00","description":"Oto mo\u017cliwo\u015b\u0107 skonstruowania wid\u017cetu Recenzje Airbnb i osadzenia go na swojej stronie Magento. Uzyskaj bezp\u0142atn\u0105 obs\u0142ug\u0119 klienta i inne bonusy od Elfsight.","breadcrumb":{"@id":"https:\/\/elfsight.com\/pl\/airbnb-reviews-widget\/magento\/#breadcrumb"},"inLanguage":"pl-PL","potentialAction":[{"@type":"ReadAction","target":["https:\/\/elfsight.com\/pl\/airbnb-reviews-widget\/magento\/"]}]},{"@type":"BreadcrumbList","@id":"https:\/\/elfsight.com\/pl\/airbnb-reviews-widget\/magento\/#breadcrumb","itemListElement":[{"@type":"ListItem","position":1,"name":"Home","item":"https:\/\/elfsight.com\/pl\/"},{"@type":"ListItem","position":2,"name":"Airbnb Reviews","item":"https:\/\/elfsight.com\/pl\/airbnb-reviews-widget\/"},{"@type":"ListItem","position":3,"name":"Airbnb Reviews &#8211; Magento"}]},{"@type":"WebSite","@id":"https:\/\/elfsight.com\/pl\/#website","url":"https:\/\/elfsight.com\/pl\/","name":"Elfsight PL","description":"Just another Elfsight Sites site","potentialAction":[{"@type":"SearchAction","target":{"@type":"EntryPoint","urlTemplate":"https:\/\/elfsight.com\/pl\/?s={search_term_string}"},"query-input":{"@type":"PropertyValueSpecification","valueRequired":true,"valueName":"search_term_string"}}],"inLanguage":"pl-PL"}]}},"meta_box":{"industry":"","seo_heading":"","heading":"","description":"","cta_heading":"","cta_description":"","application":"1400","h1":"Recenzje Magento Airbnb","h1_caption":"Wy\u015bwietlaj recenzje ze swojego og\u0142oszenia na Airbnb, aby bez wysi\u0142ku przyci\u0105gn\u0105\u0107 wi\u0119cej go\u015bci dzi\u0119ki prawdziwym opiniom do swojej witryny Magento.","application_category":[],"applications_title":"","applications_request_title":"","applications_request_button_text":"","hero_text":"","hero_video":"","hero_video_schema_markup":"","selling_points_title":"","selling_points_caption":"","selling_points":[],"selling_points_cta_text":"","features_title":"","features":"","ed_cta_examples_text":"","ed_cta_examples_hidden":"","ed_cta_demo_text":"","ed_cta_demo_hidden":"","why_caption":"","why_editor_title":"","why_editor_text":"","why_team_title":"","why_team_text":"","why_service_title":"","why_service_text":"","template_catalog_visible":"","template_catalog_title":"","template_catalog_text":"","template_catalog_categories_visible":"","demo_title":"Utw\u00f3rz rozszerzenie Recenzji Airbnb","demo_caption":"Skonfiguruj swoje recenzje Airbnb i dodaj je za darmo do swojej witryny Magento!","default_faq_hidden":"","app_template_category":[],"platform":"92","template_public_id":"","codecanyon_url":"","codecanyon_item_id":"","codecanyon_price":"","pricing_caption":"","pricing_elfsight_apps_hide_column":"","pricing_elfsight_apps_url":"","pricing_codecanyon_price_caption":"","integration_category":[],"integration_request_title":"","integration_request_cta":"","integration_platform":"","integrations":[],"platform_category":[],"video_schema_markup":"","price":"od 0 USD \/ miesi\u0105c","trial":"","benefits":[{"text":"Bezp\u0142atna us\u0142uga monta\u017cu"},{"text":"Wsparcie premium"},{"text":"14-dniowa gwarancja zwrotu pieni\u0119dzy"}],"button_url":"#demo","button_target_blank":"","button_nofollow":"","attributes":[{"name":"Instaluje"},{"name":"Czu\u0142y"},{"name":"Kompatybilne przegl\u0105darki"}],"tags":[],"tags_disable_links":"","hide_more_platforms":"","video_object":"","demo_hide_cta":"","demo_hide_cloud_options":"","pricing_title":"","pricing":[{"pricing_icon":"platform","pricing_title":"Elfsight Apps","pricing_title_caption":"Wersja wieloplatformowa, kt\u00f3ra pasuje do ka\u017cdej witryny internetowej","pricing_price":"od 0 USD \/ miesi\u0105c","pricing_price_caption":"zacznij od bezp\u0142atnego planu","pricing_benefits":[{"text":"Nielimitowane domeny"},{"text":"Dedykowane wsparcie firmy i dobrze udokumentowane"},{"text":"Bezp\u0142atna pomoc w instalacji"},{"text":"100% konfigurowalny"}],"pricing_button_text":"Dodaj do witryny","pricing_button_url":"#demo"}],"related_apps_title":"","related_apps_hidden":"","author":"","image":[],"title":"","job":"","social_networks":[]},"_links":{"self":[{"href":"https:\/\/elfsight.com\/pl\/wp-json\/wp\/v2\/pages\/3958","targetHints":{"allow":["GET"]}}],"collection":[{"href":"https:\/\/elfsight.com\/pl\/wp-json\/wp\/v2\/pages"}],"about":[{"href":"https:\/\/elfsight.com\/pl\/wp-json\/wp\/v2\/types\/page"}],"author":[{"embeddable":true,"href":"https:\/\/elfsight.com\/pl\/wp-json\/wp\/v2\/users\/9"}],"replies":[{"embeddable":true,"href":"https:\/\/elfsight.com\/pl\/wp-json\/wp\/v2\/comments?post=3958"}],"version-history":[{"count":1,"href":"https:\/\/elfsight.com\/pl\/wp-json\/wp\/v2\/pages\/3958\/revisions"}],"predecessor-version":[{"id":3962,"href":"https:\/\/elfsight.com\/pl\/wp-json\/wp\/v2\/pages\/3958\/revisions\/3962"}],"up":[{"embeddable":true,"href":"https:\/\/elfsight.com\/pl\/wp-json\/wp\/v2\/pages\/1443"}],"wp:attachment":[{"href":"https:\/\/elfsight.com\/pl\/wp-json\/wp\/v2\/media?parent=3958"}],"curies":[{"name":"wp","href":"https:\/\/api.w.org\/{rel}","templated":true}]}}