{"id":3957,"date":"2024-05-03T06:26:23","date_gmt":"2024-05-03T06:26:23","guid":{"rendered":"https:\/\/elfsight.com\/pl\/?page_id=3957"},"modified":"2024-11-14T09:44:40","modified_gmt":"2024-11-14T09:44:40","slug":"jquery","status":"publish","type":"page","link":"https:\/\/elfsight.com\/pl\/airbnb-reviews-widget\/jquery\/","title":{"rendered":"Airbnb Reviews &#8211; jQuery"},"content":{"rendered":"<div class=\"application-platform-content-item-description application-platform-content-item\" id=\"description\" data-nav-section=\"description\"> <h2>Opis<\/h2> <p>Je\u015bli chcesz wyrazi\u0107 swoje uznanie w\u015br\u00f3d klient\u00f3w i przekona\u0107 odwiedzaj\u0105cych witryn\u0119, \u017ce Twoje produkty lub us\u0142ugi s\u0105 warte zakupu , widget Recenzje Elfsight Airbnb idealnie Ci odpowiada. Maj\u0105c to narz\u0119dzie, mo\u017cesz zintegrowa\u0107 recenzje u\u017cytkownik\u00f3w z Airbnb na swojej stronie z informacjami o ich autorach, uporz\u0105dkowa\u0107 je tak, aby ukaza\u0142y si\u0119 tylko dobre, doda\u0107 oceny i aktywny przycisk, kt\u00f3ry przeniesie u\u017cytkownik\u00f3w na Twoj\u0105 stron\u0119 Airbnb, dzi\u0119ki czemu b\u0119d\u0105 mogli dodawa\u0107 jeszcze jedna recenzja. <\/p> <div class=\"faq\" data-component=\"FAQ\"><div class=\"faq-item\">\r\n\t\t\t\t\t<div class=\"faq-item-question\">\r\n\t\t\t\t\t\t<h3 class=\"faq-item-question-text\">Gdzie mog\u0119 wy\u015bwietli\u0107 wid\u017cet<\/h3>\r\n\r\n\t\t\t\t\t\t<div class=\"faq-item-question-icon\"><\/div>\r\n\t\t\t\t\t<\/div>\r\n\r\n\t\t\t\t\t<div class=\"faq-item-answer\">\r\n\t\t\t\t\t\t<div class=\"faq-item-answer-text\"> <p>Mo\u017cesz wklei\u0107 wid\u017cet na dowoln\u0105 stron\u0119 serwisu lub wklei\u0107 go do szablonu witryny, a b\u0119dzie on wy\u015bwietlany na wszystkich stronach . Recenzje sprawdzaj\u0105 si\u0119 na stronach produkt\u00f3w lub na stronie O nas, gdzie mo\u017cesz pochwali\u0107 si\u0119 wysok\u0105 ocen\u0105. <\/p> <\/div>\r\n\t\t\t\t\t<\/div>\r\n\t\t\t\t<\/div><div class=\"faq-item\">\r\n\t\t\t\t\t<div class=\"faq-item-question\">\r\n\t\t\t\t\t\t<h3 class=\"faq-item-question-text\">Jak mog\u0119 skorzysta\u0107 z tej wtyczki?<\/h3>\r\n\r\n\t\t\t\t\t\t<div class=\"faq-item-question-icon\"><\/div>\r\n\t\t\t\t\t<\/div>\r\n\r\n\t\t\t\t\t<div class=\"faq-item-answer\">\r\n\t\t\t\t\t\t<div class=\"faq-item-answer-text\"> <p>Opinie zamieszczane przez prawdziwe osoby s\u0105 dla klient\u00f3w Twojej witryny ca\u0142kowicie godne zaufania i oznaczaj\u0105 dla nich, \u017ce Twoja firma jest wiarygodna. Wysoka ocena i doskona\u0142e recenzje mog\u0105 pom\u00f3c zwi\u0119kszy\u0107 sprzeda\u017c w Twojej witrynie. Co wi\u0119cej, przycisk przekierowania przyczyni si\u0119 do zwi\u0119kszenia liczby opinii klient\u00f3w na temat Twoich us\u0142ug zakwaterowania na Airbnb. <\/p> <\/div>\r\n\t\t\t\t\t<\/div>\r\n\t\t\t\t<\/div> <div class=\"faq-item\">\r\n\t\t\t\t\t<div class=\"faq-item-question\">\r\n\t\t\t\t\t\t<h3 class=\"faq-item-question-text\">Jak doda\u0107 recenzje Airbnb do mojej witryny jQuery? <\/h3>\r\n\r\n\t\t\t\t\t\t<div class=\"faq-item-question-icon\"><\/div>\r\n\t\t\t\t\t<\/div>\r\n\r\n\t\t\t\t\t<div class=\"faq-item-answer\">\r\n\t\t\t\t\t\t<div class=\"faq-item-answer-text\"> <p>Uruchomienie wid\u017cetu zajmuje trzy minuty. Jest superszybki, darmowy i nie wymaga kodowania. <\/p> <ol><li>Za po\u015brednictwem naszego serwisu mo\u017cesz zintegrowa\u0107 Recenzje Airbnb ze swoj\u0105 stron\u0105 internetow\u0105. Wystarczy wykona\u0107 kroki opisane w kr\u00f3tkim opisie znajduj\u0105cym si\u0119 poni\u017cej na tej stronie. <\/li> <li>Recenzje Elfsight Airbnb mo\u017cna dodawa\u0107 za po\u015brednictwem naszej us\u0142ugi lub za po\u015brednictwem rynku. Mo\u017cna pozna\u0107 zalety tych wariant\u00f3w i wybra\u0107 bardziej odpowiedni. <\/li> <\/ol> <\/div>\r\n\t\t\t\t\t<\/div>\r\n\t\t\t\t<\/div> <\/div> <\/div> <div class=\"application-platform-content-item-features application-platform-content-item\" id=\"features\" data-nav-section=\"features\"> <h2>Funkcje<\/h2> <p>Aby mie\u0107 pe\u0142n\u0105 wiedz\u0119 na temat recenzji Airbnb, zajrzyj do list\u0119 jego g\u0142\u00f3wnych cech. Dzi\u0119ki nim wid\u017cet jest naprawd\u0119 skuteczny:<\/p> <ul> <li>Trzy predefiniowane filtry: wed\u0142ug typu, wykluczania i liczby wy\u015bwietlanych recenzji; <\/li> <li>Przycisk pro\u015bby o sprawdzenie przenosi go\u015bci na stron\u0119 Airbnb; <\/li> <li>Dwa mo\u017cliwe scenariusze odrzucenia pro\u015bby o sprawdzenie: poka\u017c niestandardow\u0105 wiadomo\u015b\u0107 lub ukryj przycisk. <\/li> <\/ul><p><a href=\"#demo\">Nasza demonstracja na \u017cywo poka\u017ce Ci wi\u0119cej funkcji<\/a><\/p> <\/div> <div class=\"application-platform-content-item-installation application-platform-content-item\" id=\"installation\" data-nav-section=\"installation\"> <h2>Sprawd\u017a, jak wprowadzi\u0107 recenzje Airbnb do swojej witryny jQuery<\/h2> <p> Wystarczy kilka szybkich krok\u00f3w, kt\u00f3re musisz zademonstrowa\u0107.<\/p> <ol><li><b>Utw\u00f3rz sw\u00f3j osobisty Wtyczka Airbnb Recenzje<\/b><br> Zarz\u0105dzaj\u0105c naszym bezp\u0142atnym konfiguratorem, utw\u00f3rz wtyczk\u0119 z preferowanym uk\u0142adem i funkcjonalno\u015bci\u0105.<\/li><li><b>Otrzymaj indywidualny kod umo\u017cliwiaj\u0105cy integracj\u0119 wtyczki<\/b><br> Po utworzeniu wid\u017cetu otrzymasz indywidualny kod z pojawiaj\u0105cego si\u0119 okna aplikacji Elfsight. Skopiuj kod do p\u00f3\u017aniejszego wykorzystania.<\/li> <li><b>Wy\u015bwietl wtyczk\u0119 na swojej stronie jQuery<\/b><br> Wybierz miejsce, w kt\u00f3rym planujesz osadzi\u0107 wtyczk\u0119 i tam wklej skopiowany kod. Opublikuj zmiany. <\/li> <li><b>Konfiguracja zosta\u0142a uko\u0144czona<\/b><br> Przejd\u017a do witryny i obejrzyj swoj\u0105 prac\u0119.<\/li> <\/ol><p>Nadal masz co\u015b, co sprawia, \u017ce \u200b\u200bjeste\u015b nie jeste\u015b pewien? Lub masz pytania do zadania? Po prostu napisz pro\u015bb\u0119 do naszego zespo\u0142u obs\u0142ugi klienta. <\/p> <\/div>","protected":false},"excerpt":{"rendered":"","protected":false},"author":9,"featured_media":0,"parent":1443,"menu_order":0,"comment_status":"closed","ping_status":"closed","template":"templates\/template-application-platform.php","meta":{"publish_to_discourse":"","publish_post_category":"","wpdc_auto_publish_overridden":"","wpdc_topic_tags":"","wpdc_pin_topic":"","wpdc_pin_until":"","discourse_post_id":"","discourse_permalink":"","wpdc_publishing_response":"","wpdc_publishing_error":"","footnotes":""},"class_list":["post-3957","page","type-page","status-publish","hentry"],"yoast_head":"<!-- This site is optimized with the Yoast SEO plugin v25.3.1 - https:\/\/yoast.com\/wordpress\/plugins\/seo\/ -->\n<title>Umie\u015b\u0107 recenzje Airbnb na swojej stronie jQuery (w 2 minuty)<\/title>\n<meta name=\"description\" content=\"Oto mo\u017cliwo\u015b\u0107 zbudowania wid\u017cetu Recenzje Airbnb i zintegrowania go ze swoj\u0105 witryn\u0105 jQuery. Ciesz si\u0119 bezp\u0142atn\u0105 obs\u0142ug\u0105 klienta i innymi korzy\u015bciami od Elfsight.\" \/>\n<meta name=\"robots\" content=\"index, follow, max-snippet:-1, max-image-preview:large, max-video-preview:-1\" \/>\n<link rel=\"canonical\" href=\"https:\/\/elfsight.com\/pl\/airbnb-reviews-widget\/jquery\/\" \/>\n<meta property=\"og:locale\" content=\"pl_PL\" \/>\n<meta property=\"og:type\" content=\"article\" \/>\n<meta property=\"og:title\" content=\"Umie\u015b\u0107 recenzje Airbnb na swojej stronie jQuery (w 2 minuty)\" \/>\n<meta property=\"og:description\" content=\"Oto mo\u017cliwo\u015b\u0107 zbudowania wid\u017cetu Recenzje Airbnb i zintegrowania go ze swoj\u0105 witryn\u0105 jQuery. Ciesz si\u0119 bezp\u0142atn\u0105 obs\u0142ug\u0105 klienta i innymi korzy\u015bciami od Elfsight.\" \/>\n<meta property=\"og:url\" content=\"https:\/\/elfsight.com\/pl\/airbnb-reviews-widget\/jquery\/\" \/>\n<meta property=\"og:site_name\" content=\"Elfsight PL\" \/>\n<meta property=\"article:modified_time\" content=\"2024-11-14T09:44:40+00:00\" \/>\n<meta name=\"twitter:card\" content=\"summary_large_image\" \/>\n<meta name=\"twitter:label1\" content=\"Szacowany czas czytania\" \/>\n\t<meta name=\"twitter:data1\" content=\"3 minuty\" \/>\n<!-- \/ Yoast SEO plugin. -->","yoast_head_json":{"title":"Umie\u015b\u0107 recenzje Airbnb na swojej stronie jQuery (w 2 minuty)","description":"Oto mo\u017cliwo\u015b\u0107 zbudowania wid\u017cetu Recenzje Airbnb i zintegrowania go ze swoj\u0105 witryn\u0105 jQuery. Ciesz si\u0119 bezp\u0142atn\u0105 obs\u0142ug\u0105 klienta i innymi korzy\u015bciami od Elfsight.","robots":{"index":"index","follow":"follow","max-snippet":"max-snippet:-1","max-image-preview":"max-image-preview:large","max-video-preview":"max-video-preview:-1"},"canonical":"https:\/\/elfsight.com\/pl\/airbnb-reviews-widget\/jquery\/","og_locale":"pl_PL","og_type":"article","og_title":"Umie\u015b\u0107 recenzje Airbnb na swojej stronie jQuery (w 2 minuty)","og_description":"Oto mo\u017cliwo\u015b\u0107 zbudowania wid\u017cetu Recenzje Airbnb i zintegrowania go ze swoj\u0105 witryn\u0105 jQuery. Ciesz si\u0119 bezp\u0142atn\u0105 obs\u0142ug\u0105 klienta i innymi korzy\u015bciami od Elfsight.","og_url":"https:\/\/elfsight.com\/pl\/airbnb-reviews-widget\/jquery\/","og_site_name":"Elfsight PL","article_modified_time":"2024-11-14T09:44:40+00:00","twitter_card":"summary_large_image","twitter_misc":{"Szacowany czas czytania":"3 minuty"},"schema":{"@context":"https:\/\/schema.org","@graph":[{"@type":"WebPage","@id":"https:\/\/elfsight.com\/pl\/airbnb-reviews-widget\/jquery\/","url":"https:\/\/elfsight.com\/pl\/airbnb-reviews-widget\/jquery\/","name":"Umie\u015b\u0107 recenzje Airbnb na swojej stronie jQuery (w 2 minuty)","isPartOf":{"@id":"https:\/\/elfsight.com\/pl\/#website"},"datePublished":"2024-05-03T06:26:23+00:00","dateModified":"2024-11-14T09:44:40+00:00","description":"Oto mo\u017cliwo\u015b\u0107 zbudowania wid\u017cetu Recenzje Airbnb i zintegrowania go ze swoj\u0105 witryn\u0105 jQuery. Ciesz si\u0119 bezp\u0142atn\u0105 obs\u0142ug\u0105 klienta i innymi korzy\u015bciami od Elfsight.","breadcrumb":{"@id":"https:\/\/elfsight.com\/pl\/airbnb-reviews-widget\/jquery\/#breadcrumb"},"inLanguage":"pl-PL","potentialAction":[{"@type":"ReadAction","target":["https:\/\/elfsight.com\/pl\/airbnb-reviews-widget\/jquery\/"]}]},{"@type":"BreadcrumbList","@id":"https:\/\/elfsight.com\/pl\/airbnb-reviews-widget\/jquery\/#breadcrumb","itemListElement":[{"@type":"ListItem","position":1,"name":"Home","item":"https:\/\/elfsight.com\/pl\/"},{"@type":"ListItem","position":2,"name":"Airbnb Reviews","item":"https:\/\/elfsight.com\/pl\/airbnb-reviews-widget\/"},{"@type":"ListItem","position":3,"name":"Airbnb Reviews &#8211; jQuery"}]},{"@type":"WebSite","@id":"https:\/\/elfsight.com\/pl\/#website","url":"https:\/\/elfsight.com\/pl\/","name":"Elfsight PL","description":"Just another Elfsight Sites site","potentialAction":[{"@type":"SearchAction","target":{"@type":"EntryPoint","urlTemplate":"https:\/\/elfsight.com\/pl\/?s={search_term_string}"},"query-input":{"@type":"PropertyValueSpecification","valueRequired":true,"valueName":"search_term_string"}}],"inLanguage":"pl-PL"}]}},"meta_box":{"industry":"","seo_heading":"","heading":"","description":"","cta_heading":"","cta_description":"","application":"1400","h1":"Recenzje jQuery Airbnb","h1_caption":"Wy\u015bwietlaj recenzje ze swojej oferty Airbnb, aby bez wysi\u0142ku przyci\u0105gn\u0105\u0107 wi\u0119cej go\u015bci dzi\u0119ki prawdziwym opiniom do swojej witryny jQuery.","application_category":[],"applications_title":"","applications_request_title":"","applications_request_button_text":"","hero_text":"","hero_video":"","hero_video_schema_markup":"","selling_points_title":"","selling_points_caption":"","selling_points":[],"selling_points_cta_text":"","features_title":"","features":"","ed_cta_examples_text":"","ed_cta_examples_hidden":"","ed_cta_demo_text":"","ed_cta_demo_hidden":"","why_caption":"","why_editor_title":"","why_editor_text":"","why_team_title":"","why_team_text":"","why_service_title":"","why_service_text":"","template_catalog_visible":"","template_catalog_title":"","template_catalog_text":"","template_catalog_categories_visible":"","demo_title":"Utw\u00f3rz wtyczk\u0119 Recenzji Airbnb","demo_caption":"Skonfiguruj swoje recenzje Airbnb i dodaj je za darmo do swojej witryny jQuery!","default_faq_hidden":"","app_template_category":[],"platform":"56","template_public_id":"","codecanyon_url":"","codecanyon_item_id":"","codecanyon_price":"","pricing_caption":"","pricing_elfsight_apps_hide_column":"","pricing_elfsight_apps_url":"","pricing_codecanyon_price_caption":"","integration_category":[],"integration_request_title":"","integration_request_cta":"","integration_platform":"","integrations":[],"platform_category":[],"video_schema_markup":"","price":"od 0 USD \/ miesi\u0105c","trial":"","benefits":[{"text":"Bezp\u0142atna us\u0142uga monta\u017cu"},{"text":"Wsparcie premium"},{"text":"14-dniowa gwarancja zwrotu pieni\u0119dzy"}],"button_url":"#demo","button_target_blank":"","button_nofollow":"","attributes":[{"name":"Instaluje"},{"name":"Czu\u0142y"},{"name":"Kompatybilne przegl\u0105darki"}],"tags":[],"tags_disable_links":"","hide_more_platforms":"","video_object":"","demo_hide_cta":"","demo_hide_cloud_options":"","pricing_title":"","pricing":[{"pricing_icon":"platform","pricing_title":"Elfsight Apps","pricing_title_caption":"Wieloplatformowe rozwi\u0105zanie cyfrowe, kt\u00f3re pasuje do ka\u017cdej witryny","pricing_price":"od 0 USD \/ miesi\u0105c","pricing_price_caption":"zacznij od bezp\u0142atnego planu","pricing_benefits":[{"text":"Nielimitowane strony internetowe"},{"text":"Najwy\u017csza obs\u0142uga klienta"},{"text":"Bezp\u0142atna pomoc w instalacji"},{"text":"Elastyczny projekt"}],"pricing_button_text":"Dodaj do witryny","pricing_button_url":"#demo"}],"related_apps_title":"","related_apps_hidden":"","author":"","image":[],"title":"","job":"","social_networks":[]},"_links":{"self":[{"href":"https:\/\/elfsight.com\/pl\/wp-json\/wp\/v2\/pages\/3957","targetHints":{"allow":["GET"]}}],"collection":[{"href":"https:\/\/elfsight.com\/pl\/wp-json\/wp\/v2\/pages"}],"about":[{"href":"https:\/\/elfsight.com\/pl\/wp-json\/wp\/v2\/types\/page"}],"author":[{"embeddable":true,"href":"https:\/\/elfsight.com\/pl\/wp-json\/wp\/v2\/users\/9"}],"replies":[{"embeddable":true,"href":"https:\/\/elfsight.com\/pl\/wp-json\/wp\/v2\/comments?post=3957"}],"version-history":[{"count":1,"href":"https:\/\/elfsight.com\/pl\/wp-json\/wp\/v2\/pages\/3957\/revisions"}],"predecessor-version":[{"id":3961,"href":"https:\/\/elfsight.com\/pl\/wp-json\/wp\/v2\/pages\/3957\/revisions\/3961"}],"up":[{"embeddable":true,"href":"https:\/\/elfsight.com\/pl\/wp-json\/wp\/v2\/pages\/1443"}],"wp:attachment":[{"href":"https:\/\/elfsight.com\/pl\/wp-json\/wp\/v2\/media?parent=3957"}],"curies":[{"name":"wp","href":"https:\/\/api.w.org\/{rel}","templated":true}]}}