{"id":3952,"date":"2024-05-03T06:26:22","date_gmt":"2024-05-03T06:26:22","guid":{"rendered":"https:\/\/elfsight.com\/pl\/?page_id=3952"},"modified":"2024-11-14T09:44:40","modified_gmt":"2024-11-14T09:44:40","slug":"joomla","status":"publish","type":"page","link":"https:\/\/elfsight.com\/pl\/airbnb-reviews-widget\/joomla\/","title":{"rendered":"Airbnb Reviews &#8211; Joomla"},"content":{"rendered":"<div class=\"application-platform-content-item-description application-platform-content-item\" id=\"description\" data-nav-section=\"description\"> <h2>Opis<\/h2> <p>Je\u015bli chcesz pochwali\u0107 si\u0119 wysok\u0105 ocen\u0105 klient\u00f3w i przekona\u0107 odwiedzaj\u0105cych witryn\u0119, \u017ce Twoje oferty s\u0105 warte swojej ceny za pieni\u0105dze, Elfsight Recenzje Airbnb jest dok\u0142adnie tym, czego potrzebujesz. Dzi\u0119ki naszemu wid\u017cetowi b\u0119dziesz m\u00f3g\u0142 umieszcza\u0107 recenzje klient\u00f3w z Airbnb na swojej stronie ze szczeg\u00f3\u0142ami o ich autorach, filtrowa\u0107 je, aby wy\u015bwietli\u0107 tylko najlepsze, wy\u015bwietla\u0107 oceny i przycisk pro\u015bby o recenzj\u0119, kt\u00f3ry przeniesie ludzi na Twoje konto Airbnb, gdzie mog\u0105 zostaw swoj\u0105 recenzj\u0119. <\/p> <div class=\"faq\" data-component=\"FAQ\"><div class=\"faq-item\">\r\n\t\t\t\t\t<div class=\"faq-item-question\">\r\n\t\t\t\t\t\t<h3 class=\"faq-item-question-text\">Gdzie mog\u0119 go wstawi\u0107<\/h3>\r\n\r\n\t\t\t\t\t\t<div class=\"faq-item-question-icon\"><\/div>\r\n\t\t\t\t\t<\/div>\r\n\r\n\t\t\t\t\t<div class=\"faq-item-answer\">\r\n\t\t\t\t\t\t<div class=\"faq-item-answer-text\"> <p>Wid\u017cet mo\u017cna doda\u0107 na dowoln\u0105 stron\u0119, na kt\u00f3rej chcia\u0142by\u015b zademonstrowa\u0107 swoj\u0105 wysok\u0105 ocen\u0119 i popularno\u015b\u0107 w\u015br\u00f3d klient\u00f3w. Je\u015bli chcesz, aby widget wy\u015bwietla\u0142 si\u0119 na wszystkich stronach serwisu, mo\u017cesz po prostu wstawi\u0107 go do szablonu serwisu. <\/p> <\/div>\r\n\t\t\t\t\t<\/div>\r\n\t\t\t\t<\/div><div class=\"faq-item\">\r\n\t\t\t\t\t<div class=\"faq-item-question\">\r\n\t\t\t\t\t\t<h3 class=\"faq-item-question-text\">Jakie korzy\u015bci odnios\u0119 z recenzji Airbnb?<\/h3>\r\n\r\n\t\t\t\t\t\t<div class=\"faq-item-question-icon\"><\/div>\r\n\t\t\t\t\t<\/div>\r\n\r\n\t\t\t\t\t<div class=\"faq-item-answer\">\r\n\t\t\t\t\t\t<div class=\"faq-item-answer-text\"> <p>Opinie prawdziwych ludzi s\u0105 dla klient\u00f3w Twojej witryny nieskazitelnie wiarygodne i pokazuj\u0105 im, \u017ce mo\u017cna zaufa\u0107 Twojej firmie. Wysoka ocena i pozytywne wy\u015bwietlenia mog\u0105 pom\u00f3c zwi\u0119kszy\u0107 liczb\u0119 zakup\u00f3w w Twojej witrynie. Dodatkowo przycisk przekierowania przyczyni si\u0119 do zwi\u0119kszenia ilo\u015bci opinii klient\u00f3w na temat Twojego miejsca na Airbnb. <\/p> <\/div>\r\n\t\t\t\t\t<\/div>\r\n\t\t\t\t<\/div> <div class=\"faq-item\">\r\n\t\t\t\t\t<div class=\"faq-item-question\">\r\n\t\t\t\t\t\t<h3 class=\"faq-item-question-text\">Czego potrzebuj\u0119, aby umie\u015bci\u0107 recenzje Airbnb na mojej stronie Joomla?<\/h3>\r\n\r\n\t\t\t\t\t\t<div class=\"faq-item-question-icon\"><\/div>\r\n\t\t\t\t\t<\/div>\r\n\r\n\t\t\t\t\t<div class=\"faq-item-answer\">\r\n\t\t\t\t\t\t<div class=\"faq-item-answer-text\"> <p>Aktywacja wid\u017cetu z recenzjami zajmie tylko dwie minuty. Instalacja jest naprawd\u0119 szybka, bezp\u0142atna i nie wymaga kodowania. <\/p> <ol><li>Mo\u017cesz wprowadzi\u0107 widget na swoj\u0105 stron\u0119 bezpo\u015brednio w naszym serwisie. Wystarczy wykona\u0107 kroki opisane w instrukcjach znajduj\u0105cych si\u0119 poni\u017cej na tej stronie. <\/li> <li>Wid\u017cet mo\u017cna doda\u0107 za po\u015brednictwem naszego serwisu lub na platformie handlowej. Mo\u017cesz zapozna\u0107 si\u0119 z zaletami i wadami tych wariant\u00f3w i zdecydowa\u0107, kt\u00f3ry jest bardziej odpowiedni. <\/li> <\/ol> <\/div>\r\n\t\t\t\t\t<\/div>\r\n\t\t\t\t<\/div> <\/div> <\/div> <div class=\"application-platform-content-item-features application-platform-content-item\" id=\"features\" data-nav-section=\"features\"> <h2>Funkcje<\/h2> <p>Aby lepiej zrozumie\u0107 recenzje Airbnb, zobacz list\u0119 jego g\u0142\u00f3wnych funkcji. Dzi\u0119ki nim ten widget jest naprawd\u0119 skuteczny: <\/p> <ul> <li>Cztery predefiniowane uk\u0142ady: Lista, Siatka, Mur i Suwak; <\/li> <li> Prze\u0142\u0105czany nag\u0142\u00f3wek wid\u017cetu; <\/li> <li>Sze\u015b\u0107 regulowanych element\u00f3w interfejsu: imi\u0119 i zdj\u0119cie autora, rekomendacja, data, ikona Airbnb i liczba gwiazdek; <\/li> <\/ul><p><a href=\"#demo\">Zobacz wi\u0119cej funkcji w naszej wersji demonstracyjnej na \u017cywo<\/a><\/p> <\/div> <div class=\"application-platform-content-item-installation application-platform-content-item\" id=\"installation\" data-nav-section=\"installation\"> <h2> Oto jak doda\u0107 recenzje Airbnb do swojej witryny Joomla<\/h2> <div class=\"video-container\"><iframe width=\"720\" height=\"405\" src=\"https:\/\/www.youtube.com\/embed\/8CCO0TUmH_g\" frameborder=\"0\" allowfullscreen=\"\"><\/iframe><\/div><p> Kilka akcji \u2013 i widget b\u0119dzie aktywny na Twojej stronie. <\/p> <ol><li><b>Wykonaj nasz darmowy konfigurator i rozpocznij prac\u0119 z w\u0142asnym rozszerzeniem. <\/b><br> Znajd\u017a preferowany wygl\u0105d i funkcjonalno\u015b\u0107 rozszerzenia i zapisz wszystkie zmiany. <\/li> <li><b>Zdob\u0105d\u017a indywidualny kod pokazany w oknie aplikacji Elfsight. <\/b><br> Po zako\u0144czeniu dostosowywania rozszerzenia skopiuj kod w wy\u015bwietlonym wyskakuj\u0105cym okienku i zapisz go na p\u00f3\u017aniej. <\/li> <li><b>Rozpocznij korzystanie z rozszerzenia w witrynie Joomla. <\/b><br> Zaimplementuj skopiowany wcze\u015bniej kod na swojej stronie i zapisz zmiany. <\/li> <li><b>Gotowe! Konfiguracja zosta\u0142a pomy\u015blnie zako\u0144czona. <\/b><br> Wejd\u017a na swoj\u0105 stron\u0119 i sprawd\u017a dzia\u0142anie rozszerzenia. <\/li><\/ol><p>Nadal masz w\u0105tpliwo\u015bci? Albo do\u015bwiadczasz problem\u00f3w? Po prostu wy\u015blij swoj\u0105 pro\u015bb\u0119 do naszego dzia\u0142u obs\u0142ugi klienta. Nasz oddany zesp\u00f3\u0142 rozwi\u0105\u017ce ka\u017cdy problem. <\/p> <\/div>","protected":false},"excerpt":{"rendered":"","protected":false},"author":9,"featured_media":0,"parent":1443,"menu_order":0,"comment_status":"closed","ping_status":"closed","template":"templates\/template-application-platform.php","meta":{"publish_to_discourse":"","publish_post_category":"","wpdc_auto_publish_overridden":"","wpdc_topic_tags":"","wpdc_pin_topic":"","wpdc_pin_until":"","discourse_post_id":"","discourse_permalink":"","wpdc_publishing_response":"","wpdc_publishing_error":"","footnotes":""},"class_list":["post-3952","page","type-page","status-publish","hentry"],"yoast_head":"<!-- This site is optimized with the Yoast SEO plugin v25.3.1 - https:\/\/yoast.com\/wordpress\/plugins\/seo\/ -->\n<title>Umie\u015b\u0107 recenzje Airbnb na swojej stronie Joomla (\u0142atwo i szybko)<\/title>\n<meta name=\"description\" content=\"Dzi\u0119ki Elfsight zaprojektuj wid\u017cet Recenzje Airbnb i umie\u015b\u0107 go na swojej stronie Joomla. Oferujemy bezp\u0142atn\u0105 obs\u0142ug\u0119 klienta i inne bonusy.\" \/>\n<meta name=\"robots\" content=\"index, follow, max-snippet:-1, max-image-preview:large, max-video-preview:-1\" \/>\n<link rel=\"canonical\" href=\"https:\/\/elfsight.com\/pl\/airbnb-reviews-widget\/joomla\/\" \/>\n<meta property=\"og:locale\" content=\"pl_PL\" \/>\n<meta property=\"og:type\" content=\"article\" \/>\n<meta property=\"og:title\" content=\"Umie\u015b\u0107 recenzje Airbnb na swojej stronie Joomla (\u0142atwo i szybko)\" \/>\n<meta property=\"og:description\" content=\"Dzi\u0119ki Elfsight zaprojektuj wid\u017cet Recenzje Airbnb i umie\u015b\u0107 go na swojej stronie Joomla. Oferujemy bezp\u0142atn\u0105 obs\u0142ug\u0119 klienta i inne bonusy.\" \/>\n<meta property=\"og:url\" content=\"https:\/\/elfsight.com\/pl\/airbnb-reviews-widget\/joomla\/\" \/>\n<meta property=\"og:site_name\" content=\"Elfsight PL\" \/>\n<meta property=\"article:modified_time\" content=\"2024-11-14T09:44:40+00:00\" \/>\n<meta name=\"twitter:card\" content=\"summary_large_image\" \/>\n<meta name=\"twitter:label1\" content=\"Szacowany czas czytania\" \/>\n\t<meta name=\"twitter:data1\" content=\"3 minuty\" \/>\n<!-- \/ Yoast SEO plugin. -->","yoast_head_json":{"title":"Umie\u015b\u0107 recenzje Airbnb na swojej stronie Joomla (\u0142atwo i szybko)","description":"Dzi\u0119ki Elfsight zaprojektuj wid\u017cet Recenzje Airbnb i umie\u015b\u0107 go na swojej stronie Joomla. Oferujemy bezp\u0142atn\u0105 obs\u0142ug\u0119 klienta i inne bonusy.","robots":{"index":"index","follow":"follow","max-snippet":"max-snippet:-1","max-image-preview":"max-image-preview:large","max-video-preview":"max-video-preview:-1"},"canonical":"https:\/\/elfsight.com\/pl\/airbnb-reviews-widget\/joomla\/","og_locale":"pl_PL","og_type":"article","og_title":"Umie\u015b\u0107 recenzje Airbnb na swojej stronie Joomla (\u0142atwo i szybko)","og_description":"Dzi\u0119ki Elfsight zaprojektuj wid\u017cet Recenzje Airbnb i umie\u015b\u0107 go na swojej stronie Joomla. Oferujemy bezp\u0142atn\u0105 obs\u0142ug\u0119 klienta i inne bonusy.","og_url":"https:\/\/elfsight.com\/pl\/airbnb-reviews-widget\/joomla\/","og_site_name":"Elfsight PL","article_modified_time":"2024-11-14T09:44:40+00:00","twitter_card":"summary_large_image","twitter_misc":{"Szacowany czas czytania":"3 minuty"},"schema":{"@context":"https:\/\/schema.org","@graph":[{"@type":"WebPage","@id":"https:\/\/elfsight.com\/pl\/airbnb-reviews-widget\/joomla\/","url":"https:\/\/elfsight.com\/pl\/airbnb-reviews-widget\/joomla\/","name":"Umie\u015b\u0107 recenzje Airbnb na swojej stronie Joomla (\u0142atwo i szybko)","isPartOf":{"@id":"https:\/\/elfsight.com\/pl\/#website"},"datePublished":"2024-05-03T06:26:22+00:00","dateModified":"2024-11-14T09:44:40+00:00","description":"Dzi\u0119ki Elfsight zaprojektuj wid\u017cet Recenzje Airbnb i umie\u015b\u0107 go na swojej stronie Joomla. Oferujemy bezp\u0142atn\u0105 obs\u0142ug\u0119 klienta i inne bonusy.","breadcrumb":{"@id":"https:\/\/elfsight.com\/pl\/airbnb-reviews-widget\/joomla\/#breadcrumb"},"inLanguage":"pl-PL","potentialAction":[{"@type":"ReadAction","target":["https:\/\/elfsight.com\/pl\/airbnb-reviews-widget\/joomla\/"]}]},{"@type":"BreadcrumbList","@id":"https:\/\/elfsight.com\/pl\/airbnb-reviews-widget\/joomla\/#breadcrumb","itemListElement":[{"@type":"ListItem","position":1,"name":"Home","item":"https:\/\/elfsight.com\/pl\/"},{"@type":"ListItem","position":2,"name":"Airbnb Reviews","item":"https:\/\/elfsight.com\/pl\/airbnb-reviews-widget\/"},{"@type":"ListItem","position":3,"name":"Airbnb Reviews &#8211; Joomla"}]},{"@type":"WebSite","@id":"https:\/\/elfsight.com\/pl\/#website","url":"https:\/\/elfsight.com\/pl\/","name":"Elfsight PL","description":"Just another Elfsight Sites site","potentialAction":[{"@type":"SearchAction","target":{"@type":"EntryPoint","urlTemplate":"https:\/\/elfsight.com\/pl\/?s={search_term_string}"},"query-input":{"@type":"PropertyValueSpecification","valueRequired":true,"valueName":"search_term_string"}}],"inLanguage":"pl-PL"}]}},"meta_box":{"industry":"","seo_heading":"","heading":"","description":"","cta_heading":"","cta_description":"","application":"1400","h1":"Recenzje Joomla Airbnb","h1_caption":"Wy\u015bwietlaj recenzje ze swojej oferty airbnb, aby bez wysi\u0142ku przyci\u0105gn\u0105\u0107 wi\u0119cej go\u015bci dzi\u0119ki autentycznym opiniom do swojej witryny Joomla.","application_category":[],"applications_title":"","applications_request_title":"","applications_request_button_text":"","hero_text":"","hero_video":"","hero_video_schema_markup":"","selling_points_title":"","selling_points_caption":"","selling_points":[],"selling_points_cta_text":"","features_title":"","features":"","ed_cta_examples_text":"","ed_cta_examples_hidden":"","ed_cta_demo_text":"","ed_cta_demo_hidden":"","why_caption":"","why_editor_title":"","why_editor_text":"","why_team_title":"","why_team_text":"","why_service_title":"","why_service_text":"","template_catalog_visible":"","template_catalog_title":"","template_catalog_text":"","template_catalog_categories_visible":"","demo_title":"Utw\u00f3rz wtyczk\u0119 Recenzji Airbnb","demo_caption":"Skonfiguruj swoje recenzje Airbnb i dodaj je do swojej witryny Joomla za darmo!","default_faq_hidden":"","app_template_category":[],"platform":"53","template_public_id":"","codecanyon_url":"","codecanyon_item_id":"","codecanyon_price":"","pricing_caption":"","pricing_elfsight_apps_hide_column":"","pricing_elfsight_apps_url":"","pricing_codecanyon_price_caption":"","integration_category":[],"integration_request_title":"","integration_request_cta":"","integration_platform":"","integrations":[],"platform_category":[],"video_schema_markup":"","price":"od 0 USD \/ miesi\u0105c","trial":"","benefits":[{"text":"Bezp\u0142atna pomoc w instalacji"},{"text":"Kompetentna obs\u0142uga klienta"},{"text":"14-dniowa gwarancja zwrotu pieni\u0119dzy"}],"button_url":"#demo","button_target_blank":"","button_nofollow":"","attributes":[{"name":"Instaluje"},{"name":"Czu\u0142y"},{"name":"Kompatybilne przegl\u0105darki"}],"tags":[],"tags_disable_links":"","hide_more_platforms":"","video_object":"","demo_hide_cta":"","demo_hide_cloud_options":"","pricing_title":"","pricing":[{"pricing_icon":"platform","pricing_title":"Elfsight Apps","pricing_title_caption":"Wersja wieloplatformowa, kt\u00f3ra dzia\u0142a na ka\u017cdej stronie internetowej","pricing_price":"od 0 USD \/ miesi\u0105c","pricing_price_caption":"zacznij od bezp\u0142atnego planu","pricing_benefits":[{"text":"Nielimitowane domeny"},{"text":"Szybka pomoc i dobrze udokumentowana"},{"text":"Bezp\u0142atna us\u0142uga monta\u017cu"},{"text":"Oferta specjalna na wiele aplikacji"}],"pricing_button_text":"Dodaj do witryny","pricing_button_url":"#demo"}],"related_apps_title":"","related_apps_hidden":"","author":"","image":[],"title":"","job":"","social_networks":[]},"_links":{"self":[{"href":"https:\/\/elfsight.com\/pl\/wp-json\/wp\/v2\/pages\/3952","targetHints":{"allow":["GET"]}}],"collection":[{"href":"https:\/\/elfsight.com\/pl\/wp-json\/wp\/v2\/pages"}],"about":[{"href":"https:\/\/elfsight.com\/pl\/wp-json\/wp\/v2\/types\/page"}],"author":[{"embeddable":true,"href":"https:\/\/elfsight.com\/pl\/wp-json\/wp\/v2\/users\/9"}],"replies":[{"embeddable":true,"href":"https:\/\/elfsight.com\/pl\/wp-json\/wp\/v2\/comments?post=3952"}],"version-history":[{"count":2,"href":"https:\/\/elfsight.com\/pl\/wp-json\/wp\/v2\/pages\/3952\/revisions"}],"predecessor-version":[{"id":7613,"href":"https:\/\/elfsight.com\/pl\/wp-json\/wp\/v2\/pages\/3952\/revisions\/7613"}],"up":[{"embeddable":true,"href":"https:\/\/elfsight.com\/pl\/wp-json\/wp\/v2\/pages\/1443"}],"wp:attachment":[{"href":"https:\/\/elfsight.com\/pl\/wp-json\/wp\/v2\/media?parent=3952"}],"curies":[{"name":"wp","href":"https:\/\/api.w.org\/{rel}","templated":true}]}}