{"id":3944,"date":"2024-05-03T06:26:18","date_gmt":"2024-05-03T06:26:18","guid":{"rendered":"https:\/\/elfsight.com\/pl\/?page_id=3944"},"modified":"2024-11-14T09:40:18","modified_gmt":"2024-11-14T09:40:18","slug":"bigcommerce","status":"publish","type":"page","link":"https:\/\/elfsight.com\/pl\/airbnb-reviews-widget\/bigcommerce\/","title":{"rendered":"Airbnb Reviews &#8211; BigCommerce"},"content":{"rendered":"<div class=\"application-platform-content-item-description application-platform-content-item\" id=\"description\" data-nav-section=\"description\"> <h2>Opis<\/h2> <p>Je\u015bli chcesz pochwali\u0107 si\u0119 wysok\u0105 ocen\u0105 i przekona\u0107 odwiedzaj\u0105cych witryn\u0119, \u017ce Twoje produkty lub us\u0142ugi s\u0105 warte swojej ceny pieni\u0105dze, rozwi\u0105zaniem b\u0119dzie widget Elfsight Airbnb Recenzje. Dzi\u0119ki temu narz\u0119dziu z \u0142atwo\u015bci\u0105 umie\u015bcisz na swojej stronie recenzje klient\u00f3w z Airbnb. B\u0119dziesz m\u00f3g\u0142 je posortowa\u0107 tak, aby wy\u015bwietla\u0142y tylko pozytywne, wy\u015bwietla\u0142y oceny i aktywny przycisk, kt\u00f3ry poprowadzi u\u017cytkownik\u00f3w do Twojej strony Airbnb, gdzie b\u0119d\u0105 mogli napisa\u0107 now\u0105 recenzj\u0119. <\/p> <div class=\"faq\" data-component=\"FAQ\"><div class=\"faq-item\">\r\n\t\t\t\t\t<div class=\"faq-item-question\">\r\n\t\t\t\t\t\t<h3 class=\"faq-item-question-text\">Gdzie mog\u0119 publikowa\u0107 recenzje Airbnb<\/h3>\r\n\r\n\t\t\t\t\t\t<div class=\"faq-item-question-icon\"><\/div>\r\n\t\t\t\t\t<\/div>\r\n\r\n\t\t\t\t\t<div class=\"faq-item-answer\">\r\n\t\t\t\t\t\t<div class=\"faq-item-answer-text\"> <p>Mo\u017cesz zintegrowa\u0107 wid\u017cet recenzji z dowoln\u0105 stron\u0105 swojej witryny lub wstawi\u0107 go do szablonu witryny \u2013 w tym przypadku b\u0119dzie to zostanie ujawnione na wszystkich stronach. Recenzje \u015bwietnie sprawdz\u0105 si\u0119 na stronach produkt\u00f3w czy stronie O nas, czyli tam, gdzie chcesz udowodni\u0107 swoj\u0105 wysok\u0105 ocen\u0119. <\/p> <\/div>\r\n\t\t\t\t\t<\/div>\r\n\t\t\t\t<\/div><div class=\"faq-item\">\r\n\t\t\t\t\t<div class=\"faq-item-question\">\r\n\t\t\t\t\t\t<h3 class=\"faq-item-question-text\">Jakie daje mi to korzy\u015bci?<\/h3>\r\n\r\n\t\t\t\t\t\t<div class=\"faq-item-question-icon\"><\/div>\r\n\t\t\t\t\t<\/div>\r\n\r\n\t\t\t\t\t<div class=\"faq-item-answer\">\r\n\t\t\t\t\t\t<div class=\"faq-item-answer-text\"> <p>Opinie dodawane przez prawdziwych ludzi wygl\u0105daj\u0105 dla odwiedzaj\u0105cych Twoj\u0105 witryn\u0119 jako ca\u0142kowicie godne zaufania i oznaczaj\u0105 dla nich, \u017ce Twoja firma jest godna zaufania. Wysoka ocena i pozytywne recenzje mog\u0105 pom\u00f3c zwi\u0119kszy\u0107 liczb\u0119 zakup\u00f3w w Twojej witrynie. Ponadto aktywny przycisk przyczyni si\u0119 do pojawienia si\u0119 wi\u0119kszej liczby recenzji klient\u00f3w na temat Twojego zakwaterowania na Airbnb. <\/p> <\/div>\r\n\t\t\t\t\t<\/div>\r\n\t\t\t\t<\/div> <div class=\"faq-item\">\r\n\t\t\t\t\t<div class=\"faq-item-question\">\r\n\t\t\t\t\t\t<h3 class=\"faq-item-question-text\">Czego potrzebuj\u0119, aby umie\u015bci\u0107 recenzje Airbnb na mojej stronie internetowej? <\/h3>\r\n\r\n\t\t\t\t\t\t<div class=\"faq-item-question-icon\"><\/div>\r\n\t\t\t\t\t<\/div>\r\n\r\n\t\t\t\t\t<div class=\"faq-item-answer\">\r\n\t\t\t\t\t\t<div class=\"faq-item-answer-text\"> <p>Umieszczenie wid\u017cetu zajmie tylko kilka minut. Proces jest naprawd\u0119 szybki, bezp\u0142atny i nie wymaga kodowania. <\/p> <ol><li>Mo\u017cesz umie\u015bci\u0107 wid\u017cet na swojej stronie bezpo\u015brednio za po\u015brednictwem naszego serwisu. Po prostu zastosuj si\u0119 do poni\u017cszego przewodnika na tej stronie. <\/li> <li>Wid\u017cet mo\u017cna zintegrowa\u0107 za po\u015brednictwem naszego serwisu lub na platformie handlowej. Mo\u017cesz wy\u015bwietli\u0107 wi\u0119cej szczeg\u00f3\u0142\u00f3w tych wariant\u00f3w i wybra\u0107 sw\u00f3j. <\/li> <\/ol> <\/div>\r\n\t\t\t\t\t<\/div>\r\n\t\t\t\t<\/div> <\/div> <\/div> <div class=\"application-platform-content-item-features application-platform-content-item\" id=\"features\" data-nav-section=\"features\"> <h2>Funkcje<\/h2> <p>Aby lepiej pozna\u0107 wid\u017cet, zobacz lista podstawowych cech. Dzi\u0119ki nim nasz widget jest naprawd\u0119 skuteczny na Twojej stronie internetowej: <\/p> <ul> <li>3 dost\u0119pne filtry: wed\u0142ug typu, wykluczenia wed\u0142ug i ilo\u015bci wy\u015bwietlanych recenzji; <\/li> <li> W pe\u0142ni elastyczny nag\u0142\u00f3wek wid\u017cetu; <\/li> <li>Sze\u015b\u0107 elastycznych element\u00f3w recenzji: imi\u0119 i zdj\u0119cie autora, rekomendacja, data udost\u0119pnienia, ikona Airbnb i liczba gwiazdek; <\/li> <\/ul><p><a href=\"#demo\">Demo na \u017cywo poka\u017ce Ci pe\u0142n\u0105 list\u0119 funkcji<\/a><\/p> <\/div> <div class=\"application-platform-content-item-installation application-platform-content-item\" id=\"installation\" data-nav-section=\"installation\"> <h2>Sprawd\u017amy, jak osadzi\u0107 recenzje Airbnb w Twoim sklepie BigCommerce<\/h2> <div class=\"video-container\"><iframe width=\"720\" height=\"405\" src=\"https:\/\/www.youtube.com\/embed\/Daf1kvaSLh4\" frameborder=\"0\" allowfullscreen=\"\"><\/iframe><\/div><p>Wystarczy wykona\u0107 poni\u017csze wskaz\u00f3wki, aby zintegrowa\u0107 aplikacj\u0119 z BigCommerce.<\/p> <ol><li><b>Skorzystaj z naszego bezp\u0142atnego konfiguratora i zacznij tworzy\u0107 spersonalizowany wid\u017cet Recenzji Airbnb. <\/b><br> Okre\u015bl odpowiedni projekt i opcje narz\u0119dzia i zapisz zmiany. <\/li> <li><b>Zdob\u0105d\u017a sw\u00f3j unikalny kod, kt\u00f3ry pojawia si\u0119 w specjalnym formularzu w aplikacjach Elfsight. <\/b><br> Zaraz po zako\u0144czeniu dostosowywania wid\u017cetu skopiuj kod osobisty w wy\u015bwietlonym oknie i zachowaj go do dalszego wykorzystania. <\/li> <li><b>Rozpocznij korzystanie z aplikacji w swojej witrynie BigCommerce. <\/b><br> Umie\u015b\u0107 skopiowany wcze\u015bniej kod na swojej stronie internetowej i zapisz zmiany. <\/li> <li><b>Gotowe! Osadzanie zosta\u0142o ca\u0142kowicie zako\u0144czone. <\/b><br> Przejd\u017a do swojej witryny i sprawd\u017a dzia\u0142anie wtyczki. <\/li><\/ol><p>Nadal nie mo\u017cesz si\u0119 zdecydowa\u0107? Albo natkn\u0105\u0142e\u015b si\u0119 na co\u015b? Po prostu napisz pro\u015bb\u0119 do naszego zespo\u0142u wsparcia, kt\u00f3ry rozwi\u0105\u017ce ka\u017cdy problem. <\/p> <\/div>","protected":false},"excerpt":{"rendered":"","protected":false},"author":9,"featured_media":0,"parent":1443,"menu_order":0,"comment_status":"closed","ping_status":"closed","template":"templates\/template-application-platform.php","meta":{"publish_to_discourse":"","publish_post_category":"","wpdc_auto_publish_overridden":"","wpdc_topic_tags":"","wpdc_pin_topic":"","wpdc_pin_until":"","discourse_post_id":"","discourse_permalink":"","wpdc_publishing_response":"","wpdc_publishing_error":"","footnotes":""},"class_list":["post-3944","page","type-page","status-publish","hentry"],"yoast_head":"<!-- This site is optimized with the Yoast SEO plugin v25.3.1 - https:\/\/yoast.com\/wordpress\/plugins\/seo\/ -->\n<title>Umie\u015b\u0107 recenzje Airbnb na swojej stronie BigCommerce (2025)<\/title>\n<meta name=\"description\" content=\"Oto szansa na utworzenie wid\u017cetu Recenzje Airbnb i umieszczenie go na swojej stronie BigCommere. B\u0119dziesz cieszy\u0107 si\u0119 bezp\u0142atn\u0105 obs\u0142ug\u0105 klienta i innymi korzy\u015bciami od Elfsight.\" \/>\n<meta name=\"robots\" content=\"index, follow, max-snippet:-1, max-image-preview:large, max-video-preview:-1\" \/>\n<link rel=\"canonical\" href=\"https:\/\/elfsight.com\/pl\/airbnb-reviews-widget\/bigcommerce\/\" \/>\n<meta property=\"og:locale\" content=\"pl_PL\" \/>\n<meta property=\"og:type\" content=\"article\" \/>\n<meta property=\"og:title\" content=\"Umie\u015b\u0107 recenzje Airbnb na swojej stronie BigCommerce (2025)\" \/>\n<meta property=\"og:description\" content=\"Oto szansa na utworzenie wid\u017cetu Recenzje Airbnb i umieszczenie go na swojej stronie BigCommere. B\u0119dziesz cieszy\u0107 si\u0119 bezp\u0142atn\u0105 obs\u0142ug\u0105 klienta i innymi korzy\u015bciami od Elfsight.\" \/>\n<meta property=\"og:url\" content=\"https:\/\/elfsight.com\/pl\/airbnb-reviews-widget\/bigcommerce\/\" \/>\n<meta property=\"og:site_name\" content=\"Elfsight PL\" \/>\n<meta property=\"article:modified_time\" content=\"2024-11-14T09:40:18+00:00\" \/>\n<meta name=\"twitter:card\" content=\"summary_large_image\" \/>\n<meta name=\"twitter:label1\" content=\"Szacowany czas czytania\" \/>\n\t<meta name=\"twitter:data1\" content=\"3 minuty\" \/>\n<!-- \/ Yoast SEO plugin. -->","yoast_head_json":{"title":"Umie\u015b\u0107 recenzje Airbnb na swojej stronie BigCommerce (2025)","description":"Oto szansa na utworzenie wid\u017cetu Recenzje Airbnb i umieszczenie go na swojej stronie BigCommere. B\u0119dziesz cieszy\u0107 si\u0119 bezp\u0142atn\u0105 obs\u0142ug\u0105 klienta i innymi korzy\u015bciami od Elfsight.","robots":{"index":"index","follow":"follow","max-snippet":"max-snippet:-1","max-image-preview":"max-image-preview:large","max-video-preview":"max-video-preview:-1"},"canonical":"https:\/\/elfsight.com\/pl\/airbnb-reviews-widget\/bigcommerce\/","og_locale":"pl_PL","og_type":"article","og_title":"Umie\u015b\u0107 recenzje Airbnb na swojej stronie BigCommerce (2025)","og_description":"Oto szansa na utworzenie wid\u017cetu Recenzje Airbnb i umieszczenie go na swojej stronie BigCommere. B\u0119dziesz cieszy\u0107 si\u0119 bezp\u0142atn\u0105 obs\u0142ug\u0105 klienta i innymi korzy\u015bciami od Elfsight.","og_url":"https:\/\/elfsight.com\/pl\/airbnb-reviews-widget\/bigcommerce\/","og_site_name":"Elfsight PL","article_modified_time":"2024-11-14T09:40:18+00:00","twitter_card":"summary_large_image","twitter_misc":{"Szacowany czas czytania":"3 minuty"},"schema":{"@context":"https:\/\/schema.org","@graph":[{"@type":"WebPage","@id":"https:\/\/elfsight.com\/pl\/airbnb-reviews-widget\/bigcommerce\/","url":"https:\/\/elfsight.com\/pl\/airbnb-reviews-widget\/bigcommerce\/","name":"Umie\u015b\u0107 recenzje Airbnb na swojej stronie BigCommerce (2025)","isPartOf":{"@id":"https:\/\/elfsight.com\/pl\/#website"},"datePublished":"2024-05-03T06:26:18+00:00","dateModified":"2024-11-14T09:40:18+00:00","description":"Oto szansa na utworzenie wid\u017cetu Recenzje Airbnb i umieszczenie go na swojej stronie BigCommere. B\u0119dziesz cieszy\u0107 si\u0119 bezp\u0142atn\u0105 obs\u0142ug\u0105 klienta i innymi korzy\u015bciami od Elfsight.","breadcrumb":{"@id":"https:\/\/elfsight.com\/pl\/airbnb-reviews-widget\/bigcommerce\/#breadcrumb"},"inLanguage":"pl-PL","potentialAction":[{"@type":"ReadAction","target":["https:\/\/elfsight.com\/pl\/airbnb-reviews-widget\/bigcommerce\/"]}]},{"@type":"BreadcrumbList","@id":"https:\/\/elfsight.com\/pl\/airbnb-reviews-widget\/bigcommerce\/#breadcrumb","itemListElement":[{"@type":"ListItem","position":1,"name":"Home","item":"https:\/\/elfsight.com\/pl\/"},{"@type":"ListItem","position":2,"name":"Airbnb Reviews","item":"https:\/\/elfsight.com\/pl\/airbnb-reviews-widget\/"},{"@type":"ListItem","position":3,"name":"Airbnb Reviews &#8211; BigCommerce"}]},{"@type":"WebSite","@id":"https:\/\/elfsight.com\/pl\/#website","url":"https:\/\/elfsight.com\/pl\/","name":"Elfsight PL","description":"Just another Elfsight Sites site","potentialAction":[{"@type":"SearchAction","target":{"@type":"EntryPoint","urlTemplate":"https:\/\/elfsight.com\/pl\/?s={search_term_string}"},"query-input":{"@type":"PropertyValueSpecification","valueRequired":true,"valueName":"search_term_string"}}],"inLanguage":"pl-PL"}]}},"meta_box":{"industry":"","seo_heading":"","heading":"","description":"","cta_heading":"","cta_description":"","application":"1400","h1":"Recenzje Airbnb BigCommerce","h1_caption":"Wy\u015bwietlaj recenzje ze swojej oferty Airbnb, aby bez wysi\u0142ku przyci\u0105gn\u0105\u0107 wi\u0119cej go\u015bci dzi\u0119ki prawdziwym opiniom do swojej witryny BigCommerce.","application_category":[],"applications_title":"","applications_request_title":"","applications_request_button_text":"","hero_text":"","hero_video":"","hero_video_schema_markup":"","selling_points_title":"","selling_points_caption":"","selling_points":[],"selling_points_cta_text":"","features_title":"","features":"","ed_cta_examples_text":"","ed_cta_examples_hidden":"","ed_cta_demo_text":"","ed_cta_demo_hidden":"","why_caption":"","why_editor_title":"","why_editor_text":"","why_team_title":"","why_team_text":"","why_service_title":"","why_service_text":"","template_catalog_visible":"","template_catalog_title":"","template_catalog_text":"","template_catalog_categories_visible":"","demo_title":"Utw\u00f3rz aplikacj\u0119 Recenzje Airbnb","demo_caption":"Skonfiguruj swoje recenzje Airbnb i dodaj je za darmo do swojej witryny BigCommerce!","default_faq_hidden":"","app_template_category":[],"platform":"41","template_public_id":"","codecanyon_url":"","codecanyon_item_id":"","codecanyon_price":"","pricing_caption":"","pricing_elfsight_apps_hide_column":"","pricing_elfsight_apps_url":"","pricing_codecanyon_price_caption":"","integration_category":[],"integration_request_title":"","integration_request_cta":"","integration_platform":"","integrations":[],"platform_category":[],"video_schema_markup":"","price":"od 0 USD \/ miesi\u0105c","trial":"","benefits":[{"text":"Bezp\u0142atna pomoc w monta\u017cu"},{"text":"Profesjonalna obs\u0142uga klienta"},{"text":"14-dniowa gwarancja zwrotu pieni\u0119dzy"}],"button_url":"#demo","button_target_blank":"","button_nofollow":"","attributes":[{"name":"Instaluje"},{"name":"Czu\u0142y"},{"name":"Kompatybilne przegl\u0105darki"}],"tags":[],"tags_disable_links":"","hide_more_platforms":"","video_object":"","demo_hide_cta":"","demo_hide_cloud_options":"","pricing_title":"","pricing":[{"pricing_icon":"platform","pricing_title":"Elfsight Apps","pricing_title_caption":"Oprogramowanie wieloplatformowe","pricing_price":"od 0 USD \/ miesi\u0105c","pricing_price_caption":"zacznij od bezp\u0142atnego planu","pricing_benefits":[{"text":"Nielimitowane strony internetowe"},{"text":"Dedykowana obs\u0142uga klienta i dobrze udokumentowana"},{"text":"Bezp\u0142atna us\u0142uga monta\u017cu"},{"text":"W pe\u0142ni konfigurowalny"}],"pricing_button_text":"Dodaj do witryny","pricing_button_url":"#demo"}],"related_apps_title":"","related_apps_hidden":"","author":"","image":[],"title":"","job":"","social_networks":[]},"_links":{"self":[{"href":"https:\/\/elfsight.com\/pl\/wp-json\/wp\/v2\/pages\/3944","targetHints":{"allow":["GET"]}}],"collection":[{"href":"https:\/\/elfsight.com\/pl\/wp-json\/wp\/v2\/pages"}],"about":[{"href":"https:\/\/elfsight.com\/pl\/wp-json\/wp\/v2\/types\/page"}],"author":[{"embeddable":true,"href":"https:\/\/elfsight.com\/pl\/wp-json\/wp\/v2\/users\/9"}],"replies":[{"embeddable":true,"href":"https:\/\/elfsight.com\/pl\/wp-json\/wp\/v2\/comments?post=3944"}],"version-history":[{"count":2,"href":"https:\/\/elfsight.com\/pl\/wp-json\/wp\/v2\/pages\/3944\/revisions"}],"predecessor-version":[{"id":7609,"href":"https:\/\/elfsight.com\/pl\/wp-json\/wp\/v2\/pages\/3944\/revisions\/7609"}],"up":[{"embeddable":true,"href":"https:\/\/elfsight.com\/pl\/wp-json\/wp\/v2\/pages\/1443"}],"wp:attachment":[{"href":"https:\/\/elfsight.com\/pl\/wp-json\/wp\/v2\/media?parent=3944"}],"curies":[{"name":"wp","href":"https:\/\/api.w.org\/{rel}","templated":true}]}}