{"id":394,"date":"2020-11-19T11:07:58","date_gmt":"2020-11-19T11:07:58","guid":{"rendered":"https:\/\/elfsight.com\/pl\/?page_id=394"},"modified":"2021-04-21T13:43:17","modified_gmt":"2021-04-21T13:43:17","slug":"weblium-widgets","status":"publish","type":"page","link":"https:\/\/elfsight.com\/pl\/weblium-widgets\/","title":{"rendered":"Weblium widgets"},"content":{"rendered":"\n<h2>Najskuteczniejsze wid\u017cety Elfsight dla udoskonalenia twojej witryny internetowej Weblium<\/h2>\n\n<p>Przez kilka lat nasza dru\u017cyna profesjonalist\u00f3w Elfsight buduje Plug&amp;Play i uniwersalne elementy interfejsu chmurowe dla Twojej witryny. Elfsight gwarantuje serwis wsparcia i szybko\u015b\u0107 wczytywania. Aplikacji Elfsight s\u0142u\u017c\u0105 w\u0142a\u015bcicielom stron e-commerce, niekomercyjnych oraz innym na \u015bwiecie sprosta\u0107 r\u00f3\u017cnymi dzia\u0142aniami bardziej racjonalnie. \n<\/p>\n\n<p>Aby powi\u0119kszy\u0107 liczb\u0119 lead\u00f3w, wykaza\u0107 5-gwiazdkow\u0105 ocen\u0119 na Twoje us\u0142ugi, zwi\u0119kszy\u0107 zaufanie do swojej marki, przez dodanie element\u00f3w interfejsu do swojej strony internetowej. Nasze plany abonamentowe wahaj\u0105 si\u0119 od bezp\u0142atnych do premium. \u0141atwo do\u0142\u0105czy\u0107 wszelkie odpowiednie rozszerzenia u\u017cywaj\u0105c naszej wersji Live Demo i przekonaj si\u0119 jak bardzo to b\u0119dzie istotne w kwestii rozwoju serwisu www Twojego biznesu. <\/p>\n\n<h2>Co sprawia, \u017ce nasze pluginy Elfsight s\u0105 najlepszymi narz\u0119dziami dla Ciebie? <\/h2>\n\n<p> Tu jest lista powa\u017cnych cech naszych dodatk\u00f3w, kt\u00f3re pomagaj\u0105 nam wyprzedzi\u0107 konkurencj\u0119: <\/p>\n\n\n<ul>\n<li> Nieodp\u0142atna i natychmiastowa pomoc przy dodaniu lub personalizacji wid\u017cet\u00f3w; <\/li>\n<li> Automatyczne dostosowanie do wszystkich rozdzielczo\u015bci witryn internetowych i przyjazne dla urz\u0105dze\u0144 mobilnych; <\/li>\n<li> Nie ma potrzeby prosi\u0107 o pomoc programisty; <\/li>\n<li> Bogata oferta mo\u017cliwo\u015bci personalizacji; <\/li>\n<li> Rozwi\u0105zania chmurowe pomagaj\u0105 zwi\u0119kszy\u0107 szybko\u015b\u0107 witryny; <\/li>\n<li> Wszystkie przysz\u0142e aktualizacje s\u0105 bezp\u0142atne i regularne; <\/li>\n<li> Przyst\u0119pne ceny; <\/li>\n<li> Kompetentna pomoc w przypadku problem\u00f3w. <\/li>\n<\/ul>\n\n<p> Sprawd\u017a bezp\u0142atne opcje naszych dodatk\u00f3w i zastosuj jej potencja\u0142 lub kup dowolne wymagane wtyczk\u0119 z 20% obni\u017ck\u0105. <\/p>\n\n\n<h2> Jak wstawi\u0107 Twoje widgety na swojej stronie internetowej Weblium <\/h2>\n\n<p> A\u017ceby w\u0142\u0105czy\u0107 aplikacji, zobacz wszystkie czynno\u015bci z prostej instrukcji: <\/p>\n\n\n<ol>\n<li> Kliknij na wymagany wid\u017cet; <\/li>\n<li> Zmie\u0144 wa\u017cne konfiguracji; <\/li>\n<li> Zapisz zmiany; <\/li>\n<li> Skopiuj otrzymany kod; <\/li>\n<li> Dodaj kod instalacyjny w wymaganym miejscu swojej strony lub szablonu; <\/li>\n<li> Zrobione! Masz zainstalowany dodatek. <\/li>\n<\/ol>\n\n<p> Je\u015bli potrzebujesz porady, nie wahaj si\u0119 napisa\u0107 do zespo\u0142u wspieraj\u0105cego Elfsight. <\/p>\n","protected":false},"excerpt":{"rendered":"Najskuteczniejsze wid\u017cety Elfsight dla udoskonalenia twojej witryny internetowej Weblium Przez kilka lat nasza dru\u017cyna profesjonalist\u00f3w Elfsight buduje Plug&amp;Play i uniwersalne elementy interfejsu chmurowe dla Twojej witryny. Elfsight gwarantuje serwis wsparcia i szybko\u015b\u0107 wczytywania. Aplikacji Elfsight s\u0142u\u017c\u0105 w\u0142a\u015bcicielom stron e-commerce, niekomercyjnych oraz innym na \u015bwiecie sprosta\u0107 r\u00f3\u017cnymi dzia\u0142aniami bardziej racjonalnie. Aby&#8230;","protected":false},"author":13,"featured_media":0,"parent":0,"menu_order":0,"comment_status":"closed","ping_status":"closed","template":"templates\/template-platform.php","meta":{"publish_to_discourse":"","publish_post_category":"","wpdc_auto_publish_overridden":"","wpdc_topic_tags":"","wpdc_pin_topic":"","wpdc_pin_until":"","discourse_post_id":"","discourse_permalink":"","wpdc_publishing_response":"","wpdc_publishing_error":"","footnotes":""},"class_list":["post-394","page","type-page","status-publish","hentry"],"yoast_head":"<!-- This site is optimized with the Yoast SEO plugin v25.3.1 - https:\/\/yoast.com\/wordpress\/plugins\/seo\/ -->\n<title>80 najlepszych darmowych Weblium wid\u017cet\u00f3w dla strony internetowej<\/title>\n<meta name=\"description\" content=\"Spis najlepszych gratisowych widget\u00f3w dla twojej witryny internetowej Weblium. Pom\u00f3c przy personalizacji a tak\u017ce bogata gama opcji.\" \/>\n<meta name=\"robots\" content=\"index, follow, max-snippet:-1, max-image-preview:large, max-video-preview:-1\" \/>\n<link rel=\"canonical\" href=\"https:\/\/elfsight.com\/pl\/weblium-widgets\/\" \/>\n<meta property=\"og:locale\" content=\"pl_PL\" \/>\n<meta property=\"og:type\" content=\"article\" \/>\n<meta property=\"og:title\" content=\"80 najlepszych darmowych Weblium wid\u017cet\u00f3w dla strony internetowej\" \/>\n<meta property=\"og:description\" content=\"Spis najlepszych gratisowych widget\u00f3w dla twojej witryny internetowej Weblium. Pom\u00f3c przy personalizacji a tak\u017ce bogata gama opcji.\" \/>\n<meta property=\"og:url\" content=\"https:\/\/elfsight.com\/pl\/weblium-widgets\/\" \/>\n<meta property=\"og:site_name\" content=\"Elfsight PL\" \/>\n<meta property=\"article:modified_time\" content=\"2021-04-21T13:43:17+00:00\" \/>\n<meta name=\"twitter:card\" content=\"summary_large_image\" \/>\n<meta name=\"twitter:label1\" content=\"Szacowany czas czytania\" \/>\n\t<meta name=\"twitter:data1\" content=\"2 minuty\" \/>\n<!-- \/ Yoast SEO plugin. -->","yoast_head_json":{"title":"80 najlepszych darmowych Weblium wid\u017cet\u00f3w dla strony internetowej","description":"Spis najlepszych gratisowych widget\u00f3w dla twojej witryny internetowej Weblium. Pom\u00f3c przy personalizacji a tak\u017ce bogata gama opcji.","robots":{"index":"index","follow":"follow","max-snippet":"max-snippet:-1","max-image-preview":"max-image-preview:large","max-video-preview":"max-video-preview:-1"},"canonical":"https:\/\/elfsight.com\/pl\/weblium-widgets\/","og_locale":"pl_PL","og_type":"article","og_title":"80 najlepszych darmowych Weblium wid\u017cet\u00f3w dla strony internetowej","og_description":"Spis najlepszych gratisowych widget\u00f3w dla twojej witryny internetowej Weblium. Pom\u00f3c przy personalizacji a tak\u017ce bogata gama opcji.","og_url":"https:\/\/elfsight.com\/pl\/weblium-widgets\/","og_site_name":"Elfsight PL","article_modified_time":"2021-04-21T13:43:17+00:00","twitter_card":"summary_large_image","twitter_misc":{"Szacowany czas czytania":"2 minuty"},"schema":{"@context":"https:\/\/schema.org","@graph":[{"@type":"WebPage","@id":"https:\/\/elfsight.com\/pl\/weblium-widgets\/","url":"https:\/\/elfsight.com\/pl\/weblium-widgets\/","name":"80 najlepszych darmowych Weblium wid\u017cet\u00f3w dla strony internetowej","isPartOf":{"@id":"https:\/\/elfsight.com\/pl\/#website"},"datePublished":"2020-11-19T11:07:58+00:00","dateModified":"2021-04-21T13:43:17+00:00","description":"Spis najlepszych gratisowych widget\u00f3w dla twojej witryny internetowej Weblium. Pom\u00f3c przy personalizacji a tak\u017ce bogata gama opcji.","breadcrumb":{"@id":"https:\/\/elfsight.com\/pl\/weblium-widgets\/#breadcrumb"},"inLanguage":"pl-PL","potentialAction":[{"@type":"ReadAction","target":["https:\/\/elfsight.com\/pl\/weblium-widgets\/"]}]},{"@type":"BreadcrumbList","@id":"https:\/\/elfsight.com\/pl\/weblium-widgets\/#breadcrumb","itemListElement":[{"@type":"ListItem","position":1,"name":"Home","item":"https:\/\/elfsight.com\/pl\/"},{"@type":"ListItem","position":2,"name":"Weblium widgets"}]},{"@type":"WebSite","@id":"https:\/\/elfsight.com\/pl\/#website","url":"https:\/\/elfsight.com\/pl\/","name":"Elfsight PL","description":"Just another Elfsight Sites site","potentialAction":[{"@type":"SearchAction","target":{"@type":"EntryPoint","urlTemplate":"https:\/\/elfsight.com\/pl\/?s={search_term_string}"},"query-input":{"@type":"PropertyValueSpecification","valueRequired":true,"valueName":"search_term_string"}}],"inLanguage":"pl-PL"}]}},"meta_box":{"industry":"","seo_heading":"","heading":"","description":"","cta_heading":"","cta_description":"","application":"","h1":"Najlepsze widgety weblium","h1_caption":"Gratisowy spis Plug&Play wid\u017cet\u00f3w pierwszej klasy z szerokim wachlarzem funkcji dla powi\u0119kszania sprzeda\u017cy oraz wykonania wszystkich kluczowych zada\u0144 handlowych. Proste w\u0142\u0105czanie, szeroki asortyment mo\u017cliwo\u015bci dostosowywania i wysoko wykwalifikowany serwis pomocy klienta.","application_category":[],"applications_title":"Zbadaj najlepsze widgety dla twojej witryny sieci Web w\u015br\u00f3d wszystkich dodatk\u00f3w gratisowych w edytorze internetowym","applications_request_title":"Nie mo\u017cesz znale\u017a\u0107 odpowiedniego widgeta?","applications_request_button_text":"Zam\u00f3w widget","hero_text":"","hero_video":"","hero_video_schema_markup":"","selling_points_title":"","selling_points_caption":"","selling_points":[],"selling_points_cta_text":"","features_title":"","features":"","ed_cta_examples_text":"","ed_cta_examples_hidden":"","ed_cta_demo_text":"","ed_cta_demo_hidden":"","why_caption":"","why_editor_title":"","why_editor_text":"","why_team_title":"","why_team_text":"","why_service_title":"","why_service_text":"","template_catalog_visible":"","template_catalog_title":"","template_catalog_text":"","template_catalog_categories_visible":"","demo_title":"","demo_caption":"","default_faq_hidden":"","app_template_category":[],"platform":"391","template_public_id":"","codecanyon_url":"","codecanyon_item_id":"","codecanyon_price":"","pricing_caption":"","pricing_elfsight_apps_hide_column":"","pricing_elfsight_apps_url":"","pricing_codecanyon_price_caption":"","integration_category":[],"integration_request_title":"","integration_request_cta":"","integration_platform":"","integrations":[],"platform_category":[],"video_schema_markup":"","price":"","trial":"","benefits":[],"button_url":"","button_target_blank":"","button_nofollow":"","attributes":[],"tags":[],"tags_disable_links":"","hide_more_platforms":"","video_object":"","demo_hide_cta":"","demo_hide_cloud_options":"","pricing_title":"","pricing":[],"related_apps_title":"","related_apps_hidden":"","author":"","image":[],"title":"","job":"","social_networks":[]},"_links":{"self":[{"href":"https:\/\/elfsight.com\/pl\/wp-json\/wp\/v2\/pages\/394","targetHints":{"allow":["GET"]}}],"collection":[{"href":"https:\/\/elfsight.com\/pl\/wp-json\/wp\/v2\/pages"}],"about":[{"href":"https:\/\/elfsight.com\/pl\/wp-json\/wp\/v2\/types\/page"}],"author":[{"embeddable":true,"href":"https:\/\/elfsight.com\/pl\/wp-json\/wp\/v2\/users\/13"}],"replies":[{"embeddable":true,"href":"https:\/\/elfsight.com\/pl\/wp-json\/wp\/v2\/comments?post=394"}],"version-history":[{"count":1,"href":"https:\/\/elfsight.com\/pl\/wp-json\/wp\/v2\/pages\/394\/revisions"}],"predecessor-version":[{"id":395,"href":"https:\/\/elfsight.com\/pl\/wp-json\/wp\/v2\/pages\/394\/revisions\/395"}],"wp:attachment":[{"href":"https:\/\/elfsight.com\/pl\/wp-json\/wp\/v2\/media?parent=394"}],"curies":[{"name":"wp","href":"https:\/\/api.w.org\/{rel}","templated":true}]}}