{"id":3933,"date":"2024-05-03T06:26:11","date_gmt":"2024-05-03T06:26:11","guid":{"rendered":"https:\/\/elfsight.com\/pl\/?page_id=3933"},"modified":"2024-09-13T13:06:31","modified_gmt":"2024-09-13T13:06:31","slug":"godaddy","status":"publish","type":"page","link":"https:\/\/elfsight.com\/pl\/airbnb-reviews-widget\/godaddy\/","title":{"rendered":"Airbnb Reviews  &#8211; GoDaddy"},"content":{"rendered":"<div class=\"application-platform-content-item-description application-platform-content-item\" id=\"description\" data-nav-section=\"description\"> <h2>Umie\u015b\u0107 recenzje Airbnb w GoDaddy za pomoc\u0105 wid\u017cetu Elfsight<\/h2> <p>Elfsight Recenzje Airbnb to narz\u0119dzie, kt\u00f3re pozwala publikowa\u0107 rekomendacje opublikowane na Airbnb na Twojej stronie internetowej. Dzi\u0119ki wtyczce b\u0119dziesz m\u00f3g\u0142 zastosowa\u0107 filtry do sortowania niechcianych recenzji, doda\u0107 gwiazdki i liczb\u0119 ocen swojej strony, wy\u015bwietli\u0107 informacje o autorach i doda\u0107 przycisk wezwania do dzia\u0142ania, kt\u00f3ry pomo\u017ce odwiedzaj\u0105cym napisa\u0107 now\u0105 opini\u0119 o Twoim lokalu. Recenzje Elfsight Airbnb pomog\u0105 Ci wykaza\u0107 si\u0119 wysokim poziomem wiarygodno\u015bci spo\u0142ecznej na stronie i pozyska\u0107 nowe zakupy.<\/p> <p><b>Zwi\u0119ksz liczb\u0119 zakup\u00f3w, potwierdzaj\u0105c swoj\u0105 wysok\u0105 ocen\u0119 i pozytywny wizerunek<\/b><\/p> <\/div> <div class=\"application-platform-content-item-features application-platform-content-item\" id=\"features\" data-nav-section=\"features\"> <h2>Znajd\u017a poni\u017cej podstawowe funkcje wtyczki: <\/h2> <ul> <li>Trzy opcje filtr\u00f3w: wed\u0142ug typu, wykluczenia wed\u0142ug i ilo\u015bci wy\u015bwietlanych recenzji; <\/li> <li>Mo\u017cliwo\u015b\u0107 w\u0142\u0105czenia\/wy\u0142\u0105czenia nag\u0142\u00f3wka wtyczki; <\/li> <li>Sze\u015b\u0107 elastycznych element\u00f3w wtyczki: imi\u0119 i zdj\u0119cie autora, tekst rekomendacji, data, ikona Airbnb i liczba gwiazdek; <\/li> <\/ul><p><a href=\"#demo\">Po prostu sprawd\u017a t\u0119 wersj\u0119 demonstracyjn\u0105, aby zobaczy\u0107, ile jest warta wtyczka<\/a><\/p> <\/div> <div class=\"application-platform-content-item-installation application-platform-content-item\" id=\"installation\" data-nav-section=\"installation\"> <h2>Jak umie\u015bci\u0107 recenzje Airbnb w mojej witrynie GoDaddy? <\/h2> <p>Wystarczy zastosowa\u0107 si\u0119 do poni\u017cszych instrukcji, aby osadzi\u0107 wtyczk\u0119. <\/p> <ol><li><b>Uruchom nasze bezp\u0142atne demo i zacznij tworzy\u0107 w\u0142asny instrument. <\/b><br> Okre\u015bl preferowan\u0105 form\u0119 i cechy wtyczki oraz zastosuj modyfikacje. <\/li> <li><b>Skopiuj sw\u00f3j unikalny kod pokazany w oknie aplikacji Elfsight. <\/b><br> Po zako\u0144czeniu tworzenia osobistej wtyczki skopiuj ekskluzywny kod z wyskakuj\u0105cego okienka i zapisz go do p\u00f3\u017aniejszego wykorzystania. <\/li> <li><b>Rozpocznij stosowanie narz\u0119dzia na swojej stronie internetowej GoDaddy. <\/b><br> Wstaw wcze\u015bniej zapisany kod na swoj\u0105 stron\u0119 internetow\u0105 i zastosuj modyfikacje. <\/li> <li><b>Gotowe! Integracja zosta\u0142a w pe\u0142ni uko\u0144czona. <\/b><br> Wejd\u017a na swoj\u0105 stron\u0119 i sprawd\u017a dzia\u0142anie narz\u0119dzia. <\/li><\/ol> <p>Je\u015bli napotkasz jakiekolwiek trudno\u015bci, nie b\u00f3j si\u0119 napisa\u0107 do naszego personelu pomocy technicznej. Nasi specjali\u015bci z przyjemno\u015bci\u0105 odpowiedz\u0105 na wszystkie pytania dotycz\u0105ce wtyczki. <\/p> <div class=\"faq\" data-component=\"FAQ\"> <div class=\"faq-item\">\r\n\t\t\t\t\t<div class=\"faq-item-question\">\r\n\t\t\t\t\t\t<h3 class=\"faq-item-question-text\">Jak doda\u0107 recenzje Airbnb do mojej witryny GoDaddy bez umiej\u0119tno\u015bci kodowania?<\/h3>\r\n\r\n\t\t\t\t\t\t<div class=\"faq-item-question-icon\"><\/div>\r\n\t\t\t\t\t<\/div>\r\n\r\n\t\t\t\t\t<div class=\"faq-item-answer\">\r\n\t\t\t\t\t\t<div class=\"faq-item-answer-text\"> <p>Elfsight zapewnia rozwi\u0105zanie SaaS, kt\u00f3re pozwala samodzielnie utworzy\u0107 wid\u017cet Recenzji Airbnb. Zobacz, jak \u0142atwy jest ten proces to: Pracuj bezpo\u015brednio w edytorze online, aby utworzy\u0107 wid\u017cet Recenzji Airbnb, kt\u00f3ry chcesz widzie\u0107 w swojej witrynie GoDaddy. Wybierz jeden z gotowych szablon\u00f3w i dostosuj ustawienia Recenzji Airbnb, dodaj tre\u015bci, zmie\u0144 uk\u0142ad i kolory bez umiej\u0119tno\u015bci kodowania. Zapisz recenzje Airbnb i skopiuj ich kod instalacyjny, kt\u00f3ry mo\u017cesz bez problemu wklei\u0107 na swojej stronie GoDaddy, bez konieczno\u015bci kupowania wersji p\u0142atnej. Dzi\u0119ki naszemu intuicyjnemu edytorowi ka\u017cdy u\u017cytkownik Internetu mo\u017ce utworzy\u0107 wid\u017cet Recenzji Airbnb online i \u0142atwo umie\u015bci\u0107 go na swojej stronie GoDaddy. Aby uzyska\u0107 dost\u0119p do us\u0142ugi, nie trzeba p\u0142aci\u0107 ani wprowadza\u0107 danych uwierzytelniaj\u0105cych karty. Je\u015bli na kt\u00f3rymkolwiek etapie napotkasz jakiekolwiek problemy, skontaktuj si\u0119 z naszym zespo\u0142em pomocy technicznej.<\/p> <\/div>\r\n\t\t\t\t\t<\/div>\r\n\t\t\t\t<\/div> <\/div> <\/div>","protected":false},"excerpt":{"rendered":"","protected":false},"author":9,"featured_media":0,"parent":1443,"menu_order":0,"comment_status":"closed","ping_status":"closed","template":"templates\/template-application-platform.php","meta":{"publish_to_discourse":"","publish_post_category":"","wpdc_auto_publish_overridden":"","wpdc_topic_tags":"","wpdc_pin_topic":"","wpdc_pin_until":"","discourse_post_id":"","discourse_permalink":"","wpdc_publishing_response":"","wpdc_publishing_error":"","footnotes":""},"class_list":["post-3933","page","type-page","status-publish","hentry"],"yoast_head":"<!-- This site is optimized with the Yoast SEO plugin v25.3.1 - https:\/\/yoast.com\/wordpress\/plugins\/seo\/ -->\n<title>Recenzje Airbnb \u2014 dodaj wtyczk\u0119 Recenzje do witryny GoDaddy!<\/title>\n<meta name=\"description\" content=\"Szybko prezentuj recenzje u\u017cytkownik\u00f3w z Airbnb na swojej stronie internetowej wraz z informacjami o ich autorach, korzystaj\u0105c z wtyczki Airbnb Recenzje dla GoDaddy!\" \/>\n<meta name=\"robots\" content=\"index, follow, max-snippet:-1, max-image-preview:large, max-video-preview:-1\" \/>\n<link rel=\"canonical\" href=\"https:\/\/elfsight.com\/pl\/airbnb-reviews-widget\/godaddy\/\" \/>\n<meta property=\"og:locale\" content=\"pl_PL\" \/>\n<meta property=\"og:type\" content=\"article\" \/>\n<meta property=\"og:title\" content=\"Recenzje Airbnb \u2014 dodaj wtyczk\u0119 Recenzje do witryny GoDaddy!\" \/>\n<meta property=\"og:description\" content=\"Szybko prezentuj recenzje u\u017cytkownik\u00f3w z Airbnb na swojej stronie internetowej wraz z informacjami o ich autorach, korzystaj\u0105c z wtyczki Airbnb Recenzje dla GoDaddy!\" \/>\n<meta property=\"og:url\" content=\"https:\/\/elfsight.com\/pl\/airbnb-reviews-widget\/godaddy\/\" \/>\n<meta property=\"og:site_name\" content=\"Elfsight PL\" \/>\n<meta property=\"article:modified_time\" content=\"2024-09-13T13:06:31+00:00\" \/>\n<meta name=\"twitter:card\" content=\"summary_large_image\" \/>\n<meta name=\"twitter:label1\" content=\"Szacowany czas czytania\" \/>\n\t<meta name=\"twitter:data1\" content=\"3 minuty\" \/>\n<!-- \/ Yoast SEO plugin. -->","yoast_head_json":{"title":"Recenzje Airbnb \u2014 dodaj wtyczk\u0119 Recenzje do witryny GoDaddy!","description":"Szybko prezentuj recenzje u\u017cytkownik\u00f3w z Airbnb na swojej stronie internetowej wraz z informacjami o ich autorach, korzystaj\u0105c z wtyczki Airbnb Recenzje dla GoDaddy!","robots":{"index":"index","follow":"follow","max-snippet":"max-snippet:-1","max-image-preview":"max-image-preview:large","max-video-preview":"max-video-preview:-1"},"canonical":"https:\/\/elfsight.com\/pl\/airbnb-reviews-widget\/godaddy\/","og_locale":"pl_PL","og_type":"article","og_title":"Recenzje Airbnb \u2014 dodaj wtyczk\u0119 Recenzje do witryny GoDaddy!","og_description":"Szybko prezentuj recenzje u\u017cytkownik\u00f3w z Airbnb na swojej stronie internetowej wraz z informacjami o ich autorach, korzystaj\u0105c z wtyczki Airbnb Recenzje dla GoDaddy!","og_url":"https:\/\/elfsight.com\/pl\/airbnb-reviews-widget\/godaddy\/","og_site_name":"Elfsight PL","article_modified_time":"2024-09-13T13:06:31+00:00","twitter_card":"summary_large_image","twitter_misc":{"Szacowany czas czytania":"3 minuty"},"schema":{"@context":"https:\/\/schema.org","@graph":[{"@type":"WebPage","@id":"https:\/\/elfsight.com\/pl\/airbnb-reviews-widget\/godaddy\/","url":"https:\/\/elfsight.com\/pl\/airbnb-reviews-widget\/godaddy\/","name":"Recenzje Airbnb \u2014 dodaj wtyczk\u0119 Recenzje do witryny GoDaddy!","isPartOf":{"@id":"https:\/\/elfsight.com\/pl\/#website"},"datePublished":"2024-05-03T06:26:11+00:00","dateModified":"2024-09-13T13:06:31+00:00","description":"Szybko prezentuj recenzje u\u017cytkownik\u00f3w z Airbnb na swojej stronie internetowej wraz z informacjami o ich autorach, korzystaj\u0105c z wtyczki Airbnb Recenzje dla GoDaddy!","breadcrumb":{"@id":"https:\/\/elfsight.com\/pl\/airbnb-reviews-widget\/godaddy\/#breadcrumb"},"inLanguage":"pl-PL","potentialAction":[{"@type":"ReadAction","target":["https:\/\/elfsight.com\/pl\/airbnb-reviews-widget\/godaddy\/"]}]},{"@type":"BreadcrumbList","@id":"https:\/\/elfsight.com\/pl\/airbnb-reviews-widget\/godaddy\/#breadcrumb","itemListElement":[{"@type":"ListItem","position":1,"name":"Home","item":"https:\/\/elfsight.com\/pl\/"},{"@type":"ListItem","position":2,"name":"Airbnb Reviews","item":"https:\/\/elfsight.com\/pl\/airbnb-reviews-widget\/"},{"@type":"ListItem","position":3,"name":"Airbnb Reviews &#8211; GoDaddy"}]},{"@type":"WebSite","@id":"https:\/\/elfsight.com\/pl\/#website","url":"https:\/\/elfsight.com\/pl\/","name":"Elfsight PL","description":"Just another Elfsight Sites site","potentialAction":[{"@type":"SearchAction","target":{"@type":"EntryPoint","urlTemplate":"https:\/\/elfsight.com\/pl\/?s={search_term_string}"},"query-input":{"@type":"PropertyValueSpecification","valueRequired":true,"valueName":"search_term_string"}}],"inLanguage":"pl-PL"}]}},"meta_box":{"industry":"","seo_heading":"","heading":"","description":"","cta_heading":"","cta_description":"","application":"1400","h1":"Wtyczka GoDaddy Airbnb Recenzje","h1_caption":"Dodaj najbardziej kusz\u0105ce recenzje u\u017cytkownik\u00f3w z Airbnb na swojej stronie internetowej","application_category":[],"applications_title":"","applications_request_title":"","applications_request_button_text":"","hero_text":"","hero_video":"","hero_video_schema_markup":"","selling_points_title":"","selling_points_caption":"","selling_points":[],"selling_points_cta_text":"","features_title":"","features":"","ed_cta_examples_text":"","ed_cta_examples_hidden":"","ed_cta_demo_text":"","ed_cta_demo_hidden":"","why_caption":"","why_editor_title":"","why_editor_text":"","why_team_title":"","why_team_text":"","why_service_title":"","why_service_text":"","template_catalog_visible":"","template_catalog_title":"","template_catalog_text":"","template_catalog_categories_visible":"","demo_title":"Pospiesz si\u0119, aby zaprojektowa\u0107 spersonalizowane recenzje GoDaddy Airbnb","demo_caption":"Spersonalizuj je i wstaw narz\u0119dzie na swoj\u0105 stron\u0119 za pomoc\u0105 demo na \u017cywo.","default_faq_hidden":"","app_template_category":[],"platform":"180","template_public_id":"","codecanyon_url":"","codecanyon_item_id":"","codecanyon_price":"","pricing_caption":"","pricing_elfsight_apps_hide_column":"","pricing_elfsight_apps_url":"","pricing_codecanyon_price_caption":"","integration_category":[],"integration_request_title":"","integration_request_cta":"","integration_platform":"","integrations":[],"platform_category":[],"video_schema_markup":"","price":"od 0 USD \/ miesi\u0105c","trial":"","benefits":[{"text":"Bezp\u0142atna pomoc w monta\u017cu"},{"text":"Profesjonalna obs\u0142uga klienta"},{"text":"14-dniowa gwarancja zwrotu pieni\u0119dzy"}],"button_url":"#demo","button_target_blank":"","button_nofollow":"","attributes":[{"name":"Instaluje"},{"name":"Czu\u0142y"},{"name":"Kompatybilne przegl\u0105darki"}],"tags":[],"tags_disable_links":"","hide_more_platforms":"","video_object":"","demo_hide_cta":"","demo_hide_cloud_options":"","pricing_title":"","pricing":[{"pricing_icon":"platform","pricing_title":"Elfsight Apps","pricing_title_caption":"Wersja niezale\u017cna od platformy, kt\u00f3ra dzia\u0142a na ka\u017cdej stronie","pricing_price":"od 0 USD \/ miesi\u0105c","pricing_price_caption":"zacznij od bezp\u0142atnego planu","pricing_benefits":[{"text":"Nielimitowane domeny"},{"text":"Bezp\u0142atne wsparcie i dobrze udokumentowane"},{"text":"Bezp\u0142atna pomoc w instalacji"},{"text":"100% konfigurowalny"}],"pricing_button_text":"Dodaj do witryny","pricing_button_url":"#demo"}],"related_apps_title":"","related_apps_hidden":"","author":"","image":[],"title":"","job":"","social_networks":[]},"_links":{"self":[{"href":"https:\/\/elfsight.com\/pl\/wp-json\/wp\/v2\/pages\/3933","targetHints":{"allow":["GET"]}}],"collection":[{"href":"https:\/\/elfsight.com\/pl\/wp-json\/wp\/v2\/pages"}],"about":[{"href":"https:\/\/elfsight.com\/pl\/wp-json\/wp\/v2\/types\/page"}],"author":[{"embeddable":true,"href":"https:\/\/elfsight.com\/pl\/wp-json\/wp\/v2\/users\/9"}],"replies":[{"embeddable":true,"href":"https:\/\/elfsight.com\/pl\/wp-json\/wp\/v2\/comments?post=3933"}],"version-history":[{"count":1,"href":"https:\/\/elfsight.com\/pl\/wp-json\/wp\/v2\/pages\/3933\/revisions"}],"predecessor-version":[{"id":3937,"href":"https:\/\/elfsight.com\/pl\/wp-json\/wp\/v2\/pages\/3933\/revisions\/3937"}],"up":[{"embeddable":true,"href":"https:\/\/elfsight.com\/pl\/wp-json\/wp\/v2\/pages\/1443"}],"wp:attachment":[{"href":"https:\/\/elfsight.com\/pl\/wp-json\/wp\/v2\/media?parent=3933"}],"curies":[{"name":"wp","href":"https:\/\/api.w.org\/{rel}","templated":true}]}}