{"id":3925,"date":"2024-05-03T06:26:07","date_gmt":"2024-05-03T06:26:07","guid":{"rendered":"https:\/\/elfsight.com\/pl\/?page_id=3925"},"modified":"2024-11-14T12:38:20","modified_gmt":"2024-11-14T12:38:20","slug":"bigcommerce","status":"publish","type":"page","link":"https:\/\/elfsight.com\/pl\/age-verification-widget\/bigcommerce\/","title":{"rendered":"Age Verification &#8211; BigCommerce"},"content":{"rendered":"<div class=\"application-platform-content-item-description application-platform-content-item\" id=\"description\" data-nav-section=\"description\"> <h2>Opis<\/h2> <p>Nasz widget stanie si\u0119 najprostszym sposobem na skonfigurowanie natychmiastowego wyskakuj\u0105cego okienka, kt\u00f3re b\u0119dzie kontrolowa\u0107 wiek u\u017cytkownik. Nasz widget pomaga udost\u0119pnia\u0107 materia\u0142y dostosowane do wieku doros\u0142ym u\u017cytkownikom i odstrasza nieletnich widz\u00f3w. Mo\u017cesz okre\u015bli\u0107 limit wieku, wybra\u0107 format weryfikacji, umie\u015bci\u0107 wyskakuj\u0105ce okienko na ca\u0142ej witrynie lub tylko na wybranych stronach i wyznaczy\u0107 akcj\u0119. Wygl\u0105d mo\u017cna r\u00f3wnie\u017c dostosowa\u0107 za pomoc\u0105 detali, kt\u00f3re mo\u017cna pomalowa\u0107 i opcji pokazania w\u0142asnych obraz\u00f3w. <\/p> <div class=\"faq\" data-component=\"FAQ\"> <div class=\"faq-item\">\r\n\t\t\t\t\t<div class=\"faq-item-question\">\r\n\t\t\t\t\t\t<h3 class=\"faq-item-question-text\">Gdzie mog\u0119 wstawi\u0107 weryfikacj\u0119 wieku<\/h3>\r\n\r\n\t\t\t\t\t\t<div class=\"faq-item-question-icon\"><\/div>\r\n\t\t\t\t\t<\/div>\r\n\r\n\t\t\t\t\t<div class=\"faq-item-answer\">\r\n\t\t\t\t\t\t<div class=\"faq-item-answer-text\"> <p>Mo\u017cesz pokaza\u0107 okno sprawdzania wieku na wszystkich stronach lub wybra\u0107 strony, na kt\u00f3rych chcesz je zintegrowa\u0107. Ponadto dost\u0119pna jest funkcja wyznaczania stron, na kt\u00f3rych tego nie chcesz. <\/p> <\/div>\r\n\t\t\t\t\t<\/div>\r\n\t\t\t\t<\/div> <div class=\"faq-item\">\r\n\t\t\t\t\t<div class=\"faq-item-question\">\r\n\t\t\t\t\t\t<h3 class=\"faq-item-question-text\">Jakie mia\u0142bym z tego korzy\u015bci? <\/h3>\r\n\r\n\t\t\t\t\t\t<div class=\"faq-item-question-icon\"><\/div>\r\n\t\t\t\t\t<\/div>\r\n\r\n\t\t\t\t\t<div class=\"faq-item-answer\">\r\n\t\t\t\t\t\t<div class=\"faq-item-answer-text\"> <p>Dzi\u0119ki naszemu wid\u017cetowi utworzenie okna sprawdzaj\u0105cego wiek i odstraszanie nieletnich go\u015bci jest absolutnie \u0142atwe i szybkie. Pomo\u017ce to upewni\u0107 si\u0119, \u017ce Twoja witryna internetowa jest zgodna z przepisami. Przyniesie tak\u017ce wi\u0119cej docelowych go\u015bci i wa\u017cnych klient\u00f3w. <\/p> <\/div>\r\n\t\t\t\t\t<\/div>\r\n\t\t\t\t<\/div> <div class=\"faq-item\">\r\n\t\t\t\t\t<div class=\"faq-item-question\">\r\n\t\t\t\t\t\t<h3 class=\"faq-item-question-text\">Jak doda\u0107 weryfikacj\u0119 wieku w mojej witrynie BigCommerce? <\/h3>\r\n\r\n\t\t\t\t\t\t<div class=\"faq-item-question-icon\"><\/div>\r\n\t\t\t\t\t<\/div>\r\n\r\n\t\t\t\t\t<div class=\"faq-item-answer\">\r\n\t\t\t\t\t\t<div class=\"faq-item-answer-text\"> <p>Aktywacja wid\u017cetu zajmie tylko minut\u0119. Instalacja jest bardzo szybka, bezp\u0142atna i nie wymaga kodowania. <\/p> <p>Widget mo\u017cna wprowadzi\u0107 bezpo\u015brednio w naszym serwisie lub za po\u015brednictwem marketplace. Mo\u017cesz por\u00f3wna\u0107 oba warianty i wybra\u0107 sw\u00f3j.<\/p> <\/div>\r\n\t\t\t\t\t<\/div>\r\n\t\t\t\t<\/div> <\/div> <\/div> <div class=\"application-platform-content-item-features application-platform-content-item\" id=\"features\" data-nav-section=\"features\"> <h2>Funkcje<\/h2> <p>Aby stworzy\u0107 lepsz\u0105 pomys\u0142 na wid\u017cet, sprawd\u017a list\u0119 jego g\u0142\u00f3wnych cech. Sprawiaj\u0105, \u017ce ten widget jest naprawd\u0119 skuteczny dla Twojego sklepu: <\/p> <ul><li>Wybierz jeden z trzech typ\u00f3w weryfikacji: pro\u015bba o podanie pe\u0142nej daty urodzenia, tylko rok urodzenia lub pytanie z odpowiedzi\u0105 Tak i Nie; <\/li><li>Ustaw wid\u017cet tak, aby pami\u0119ta\u0142 go\u015bcia przez dowoln\u0105 ilo\u015b\u0107 czasu w dniach; <\/li><li>Dwa mo\u017cliwe scenariusze dla nieletnich go\u015bci: pokazanie tekstu lub przekierowanie u\u017cytkownika pod inny adres; <\/li><li>Za\u0142aduj dowolne zdj\u0119cie do wyskakuj\u0105cego okienka sprawdzaj\u0105cego wiek; <\/li><li>Wy\u015bwietlaj dodatkowy tekst z linkami pod przyciskiem weryfikacji. <\/li><\/ul><p><a href=\"#demo\">Zobacz wszystkie funkcje w naszej wersji demonstracyjnej<\/a><\/p> <\/div> <div class=\"application-platform-content-item-installation application-platform-content-item\" id=\"installation\" data-nav-section=\"installation\"> <h2>Za\u0142\u00f3\u017cmy sprawd\u017a, jak doda\u0107 wid\u017cet Weryfikacja wieku do swojej witryny BigCommerce<\/h2> <div class=\"video-container\"><iframe width=\"720\" height=\"405\" src=\"https:\/\/www.youtube.com\/embed\/Dc4FWjE4-RQ\" frameborder=\"0\" allowfullscreen=\"\"><\/iframe><\/div><p>Wystarczy wykona\u0107 kilka krok\u00f3w przedstawionych poni\u017cej, aby aktywowa\u0107 wtyczk\u0119 w BigCommerce.<\/p> <ol><li><b>Wykonaj nasz darmowy konfigurator i zacznij tworzy\u0107 sw\u00f3j w\u0142asny instrument. <\/b><br> Okre\u015bl preferowany uk\u0142ad i specyfikacje narz\u0119dzia i zastosuj poprawki. <\/li> <li><b>Skopiuj kod osobisty pojawiaj\u0105cy si\u0119 w oknie aplikacji Elfsight. <\/b><br> Po zako\u0144czeniu tworzenia wid\u017cetu Weryfikacja skopiuj kod osobisty z wy\u015bwietlonego wyskakuj\u0105cego okienka i zachowaj go do dalszego wykorzystania. <\/li> <li><b>Zacznij korzysta\u0107 z wid\u017cetu w swojej witrynie BigCommerce. <\/b><br> Zintegruj ostatnio skopiowany kod ze swoj\u0105 stron\u0105 i zastosuj ulepszenia. <\/li> <li><b>Gotowe! Integracja zako\u0144czy\u0142a si\u0119 pomy\u015blnie. <\/b><br> Wejd\u017a na swoj\u0105 stron\u0119 i sprawd\u017a dzia\u0142anie wtyczki. <\/li><\/ol><p>Nadal nie mo\u017cesz si\u0119 zdecydowa\u0107? Lub masz pytania? Po prostu napisz pro\u015bb\u0119 do naszego zespo\u0142u wsparcia, a oni rozwi\u0105\u017c\u0105 ka\u017cdy problem. <\/p> <\/div>","protected":false},"excerpt":{"rendered":"","protected":false},"author":9,"featured_media":0,"parent":1921,"menu_order":0,"comment_status":"closed","ping_status":"closed","template":"templates\/template-application-platform.php","meta":{"publish_to_discourse":"","publish_post_category":"","wpdc_auto_publish_overridden":"","wpdc_topic_tags":"","wpdc_pin_topic":"","wpdc_pin_until":"","discourse_post_id":"","discourse_permalink":"","wpdc_publishing_response":"","wpdc_publishing_error":"","footnotes":""},"class_list":["post-3925","page","type-page","status-publish","hentry"],"yoast_head":"<!-- This site is optimized with the Yoast SEO plugin v25.3.1 - https:\/\/yoast.com\/wordpress\/plugins\/seo\/ -->\n<title>Aplikacja do weryfikacji wieku na stronie BigCommerce (szybka i bezp\u0142atna)<\/title>\n<meta name=\"description\" content=\"Dzi\u0119ki Elfsight z \u0142atwo\u015bci\u0105 przeprowad\u017a weryfikacj\u0119 wieku i poka\u017c j\u0105 na swojej stronie BigCommerce. Oferujemy bezp\u0142atn\u0105 obs\u0142ug\u0119 klienta i inne bonusy.\" \/>\n<meta name=\"robots\" content=\"index, follow, max-snippet:-1, max-image-preview:large, max-video-preview:-1\" \/>\n<link rel=\"canonical\" href=\"https:\/\/elfsight.com\/pl\/age-verification-widget\/bigcommerce\/\" \/>\n<meta property=\"og:locale\" content=\"pl_PL\" \/>\n<meta property=\"og:type\" content=\"article\" \/>\n<meta property=\"og:title\" content=\"Aplikacja do weryfikacji wieku na stronie BigCommerce (szybka i bezp\u0142atna)\" \/>\n<meta property=\"og:description\" content=\"Dzi\u0119ki Elfsight z \u0142atwo\u015bci\u0105 przeprowad\u017a weryfikacj\u0119 wieku i poka\u017c j\u0105 na swojej stronie BigCommerce. Oferujemy bezp\u0142atn\u0105 obs\u0142ug\u0119 klienta i inne bonusy.\" \/>\n<meta property=\"og:url\" content=\"https:\/\/elfsight.com\/pl\/age-verification-widget\/bigcommerce\/\" \/>\n<meta property=\"og:site_name\" content=\"Elfsight PL\" \/>\n<meta property=\"article:modified_time\" content=\"2024-11-14T12:38:20+00:00\" \/>\n<meta name=\"twitter:card\" content=\"summary_large_image\" \/>\n<meta name=\"twitter:label1\" content=\"Szacowany czas czytania\" \/>\n\t<meta name=\"twitter:data1\" content=\"3 minuty\" \/>\n<!-- \/ Yoast SEO plugin. -->","yoast_head_json":{"title":"Aplikacja do weryfikacji wieku na stronie BigCommerce (szybka i bezp\u0142atna)","description":"Dzi\u0119ki Elfsight z \u0142atwo\u015bci\u0105 przeprowad\u017a weryfikacj\u0119 wieku i poka\u017c j\u0105 na swojej stronie BigCommerce. Oferujemy bezp\u0142atn\u0105 obs\u0142ug\u0119 klienta i inne bonusy.","robots":{"index":"index","follow":"follow","max-snippet":"max-snippet:-1","max-image-preview":"max-image-preview:large","max-video-preview":"max-video-preview:-1"},"canonical":"https:\/\/elfsight.com\/pl\/age-verification-widget\/bigcommerce\/","og_locale":"pl_PL","og_type":"article","og_title":"Aplikacja do weryfikacji wieku na stronie BigCommerce (szybka i bezp\u0142atna)","og_description":"Dzi\u0119ki Elfsight z \u0142atwo\u015bci\u0105 przeprowad\u017a weryfikacj\u0119 wieku i poka\u017c j\u0105 na swojej stronie BigCommerce. Oferujemy bezp\u0142atn\u0105 obs\u0142ug\u0119 klienta i inne bonusy.","og_url":"https:\/\/elfsight.com\/pl\/age-verification-widget\/bigcommerce\/","og_site_name":"Elfsight PL","article_modified_time":"2024-11-14T12:38:20+00:00","twitter_card":"summary_large_image","twitter_misc":{"Szacowany czas czytania":"3 minuty"},"schema":{"@context":"https:\/\/schema.org","@graph":[{"@type":"WebPage","@id":"https:\/\/elfsight.com\/pl\/age-verification-widget\/bigcommerce\/","url":"https:\/\/elfsight.com\/pl\/age-verification-widget\/bigcommerce\/","name":"Aplikacja do weryfikacji wieku na stronie BigCommerce (szybka i bezp\u0142atna)","isPartOf":{"@id":"https:\/\/elfsight.com\/pl\/#website"},"datePublished":"2024-05-03T06:26:07+00:00","dateModified":"2024-11-14T12:38:20+00:00","description":"Dzi\u0119ki Elfsight z \u0142atwo\u015bci\u0105 przeprowad\u017a weryfikacj\u0119 wieku i poka\u017c j\u0105 na swojej stronie BigCommerce. Oferujemy bezp\u0142atn\u0105 obs\u0142ug\u0119 klienta i inne bonusy.","breadcrumb":{"@id":"https:\/\/elfsight.com\/pl\/age-verification-widget\/bigcommerce\/#breadcrumb"},"inLanguage":"pl-PL","potentialAction":[{"@type":"ReadAction","target":["https:\/\/elfsight.com\/pl\/age-verification-widget\/bigcommerce\/"]}]},{"@type":"BreadcrumbList","@id":"https:\/\/elfsight.com\/pl\/age-verification-widget\/bigcommerce\/#breadcrumb","itemListElement":[{"@type":"ListItem","position":1,"name":"Home","item":"https:\/\/elfsight.com\/pl\/"},{"@type":"ListItem","position":2,"name":"Age Verification","item":"https:\/\/elfsight.com\/pl\/age-verification-widget\/"},{"@type":"ListItem","position":3,"name":"Age Verification &#8211; BigCommerce"}]},{"@type":"WebSite","@id":"https:\/\/elfsight.com\/pl\/#website","url":"https:\/\/elfsight.com\/pl\/","name":"Elfsight PL","description":"Just another Elfsight Sites site","potentialAction":[{"@type":"SearchAction","target":{"@type":"EntryPoint","urlTemplate":"https:\/\/elfsight.com\/pl\/?s={search_term_string}"},"query-input":{"@type":"PropertyValueSpecification","valueRequired":true,"valueName":"search_term_string"}}],"inLanguage":"pl-PL"}]}},"meta_box":{"industry":"","seo_heading":"","heading":"","description":"","cta_heading":"","cta_description":"","application":"1920","h1":"Aplikacja do weryfikacji wieku BigCommerce","h1_caption":"Zapewnij odpowiedzialny dost\u0119p do tre\u015bci wra\u017cliwych na wiek, korzystaj\u0105c z prostej i konfigurowalnej aplikacji do weryfikacji wieku, kt\u00f3ra jest dost\u0119pna w Twojej witrynie BigCommerce bez wysi\u0142ku.","application_category":[],"applications_title":"","applications_request_title":"","applications_request_button_text":"","hero_text":"","hero_video":"","hero_video_schema_markup":"","selling_points_title":"","selling_points_caption":"","selling_points":[],"selling_points_cta_text":"","features_title":"","features":"","ed_cta_examples_text":"","ed_cta_examples_hidden":"","ed_cta_demo_text":"","ed_cta_demo_hidden":"","why_caption":"","why_editor_title":"","why_editor_text":"","why_team_title":"","why_team_text":"","why_service_title":"","why_service_text":"","template_catalog_visible":"","template_catalog_title":"","template_catalog_text":"","template_catalog_categories_visible":"","demo_title":"Utw\u00f3rz aplikacj\u0119 do weryfikacji wieku","demo_caption":"Skonfiguruj weryfikacj\u0119 wieku i dodaj j\u0105 do swojej witryny BigCommerce za darmo!","default_faq_hidden":"","app_template_category":[],"platform":"41","template_public_id":"","codecanyon_url":"","codecanyon_item_id":"","codecanyon_price":"","pricing_caption":"","pricing_elfsight_apps_hide_column":"","pricing_elfsight_apps_url":"","pricing_codecanyon_price_caption":"","integration_category":[],"integration_request_title":"","integration_request_cta":"","integration_platform":"","integrations":[],"platform_category":[],"video_schema_markup":"","price":"od 0 USD \/ miesi\u0105c","trial":"","benefits":[{"text":"Bezp\u0142atna pomoc w monta\u017cu"},{"text":"Skuteczna obs\u0142uga klienta"},{"text":"14-dniowa gwarancja zwrotu pieni\u0119dzy"}],"button_url":"#demo","button_target_blank":"","button_nofollow":"","attributes":[{"name":"Instaluje"},{"name":"Czu\u0142y"},{"name":"Kompatybilne przegl\u0105darki"}],"tags":[],"tags_disable_links":"","hide_more_platforms":"","video_object":"","demo_hide_cta":"","demo_hide_cloud_options":"","pricing_title":"","pricing":[{"pricing_icon":"platform","pricing_title":"Elfsight Apps","pricing_title_caption":"Wieloplatformowe rozwi\u0105zanie cyfrowe, kt\u00f3re pasuje do ka\u017cdej witryny","pricing_price":"od 0 USD \/ miesi\u0105c","pricing_price_caption":"zacznij od bezp\u0142atnego planu","pricing_benefits":[{"text":"Nielimitowane domeny"},{"text":"Szybka obs\u0142uga klienta"},{"text":"Bezp\u0142atna pomoc w monta\u017cu"},{"text":"100% konfigurowalny"}],"pricing_button_text":"Dodaj do witryny","pricing_button_url":"#demo"}],"related_apps_title":"","related_apps_hidden":"","author":"","image":[],"title":"","job":"","social_networks":[]},"_links":{"self":[{"href":"https:\/\/elfsight.com\/pl\/wp-json\/wp\/v2\/pages\/3925","targetHints":{"allow":["GET"]}}],"collection":[{"href":"https:\/\/elfsight.com\/pl\/wp-json\/wp\/v2\/pages"}],"about":[{"href":"https:\/\/elfsight.com\/pl\/wp-json\/wp\/v2\/types\/page"}],"author":[{"embeddable":true,"href":"https:\/\/elfsight.com\/pl\/wp-json\/wp\/v2\/users\/9"}],"replies":[{"embeddable":true,"href":"https:\/\/elfsight.com\/pl\/wp-json\/wp\/v2\/comments?post=3925"}],"version-history":[{"count":2,"href":"https:\/\/elfsight.com\/pl\/wp-json\/wp\/v2\/pages\/3925\/revisions"}],"predecessor-version":[{"id":7607,"href":"https:\/\/elfsight.com\/pl\/wp-json\/wp\/v2\/pages\/3925\/revisions\/7607"}],"up":[{"embeddable":true,"href":"https:\/\/elfsight.com\/pl\/wp-json\/wp\/v2\/pages\/1921"}],"wp:attachment":[{"href":"https:\/\/elfsight.com\/pl\/wp-json\/wp\/v2\/media?parent=3925"}],"curies":[{"name":"wp","href":"https:\/\/api.w.org\/{rel}","templated":true}]}}