{"id":3920,"date":"2024-05-03T06:26:06","date_gmt":"2024-05-03T06:26:06","guid":{"rendered":"https:\/\/elfsight.com\/pl\/?page_id=3920"},"modified":"2024-11-14T12:38:20","modified_gmt":"2024-11-14T12:38:20","slug":"blogger","status":"publish","type":"page","link":"https:\/\/elfsight.com\/pl\/age-verification-widget\/blogger\/","title":{"rendered":"Age Verification &#8211; Blogger"},"content":{"rendered":"<div class=\"application-platform-content-item-description application-platform-content-item\" id=\"description\" data-nav-section=\"description\"> <h2>Opis<\/h2> <p>Wid\u017cet Elfsight b\u0119dzie naj\u0142atwiejszym narz\u0119dziem do uzyskania okna \u0142adowania strony, kt\u00f3re weryfikuje wiek odwiedzaj\u0105cego. Wid\u017cet sprawia, \u017ce \u200b\u200bTwoje materia\u0142y ograniczone wiekowo s\u0105 dost\u0119pne dla pe\u0142noletnich u\u017cytkownik\u00f3w i ukrywa je przed kategori\u0105 nieletnich. Mo\u017cesz ustawi\u0107 wymagane ograniczenie wiekowe, okre\u015bli\u0107 spos\u00f3b weryfikacji, wprowadzi\u0107 wid\u017cet na ka\u017cdej lub tylko wybranych stronach i wybra\u0107 scenariusz. Interfejs jest r\u00f3wnie\u017c pod Twoj\u0105 kontrol\u0105 i zawiera detale, kt\u00f3re mo\u017cna malowa\u0107 oraz funkcj\u0119 przesy\u0142ania w\u0142asnych obraz\u00f3w. <\/p> <div class=\"faq\" data-component=\"FAQ\"> <div class=\"faq-item\">\r\n\t\t\t\t\t<div class=\"faq-item-question\">\r\n\t\t\t\t\t\t<h3 class=\"faq-item-question-text\">Gdzie w mojej witrynie mog\u0119 to zainstalowa\u0107<\/h3>\r\n\r\n\t\t\t\t\t\t<div class=\"faq-item-question-icon\"><\/div>\r\n\t\t\t\t\t<\/div>\r\n\r\n\t\t\t\t\t<div class=\"faq-item-answer\">\r\n\t\t\t\t\t\t<div class=\"faq-item-answer-text\"> <p>Mo\u017cesz albo wy\u015bwietli\u0107 wyskakuj\u0105ce okienko kontroli wieku we wszystkich witrynach, albo wybra\u0107 strony, na kt\u00f3rych b\u0119dzie ono wy\u015bwietlane. Ponadto istnieje mo\u017cliwo\u015b\u0107 wykluczenia stron, na kt\u00f3rych nie jest to potrzebne. <\/p> <\/div>\r\n\t\t\t\t\t<\/div>\r\n\t\t\t\t<\/div> <div class=\"faq-item\">\r\n\t\t\t\t\t<div class=\"faq-item-question\">\r\n\t\t\t\t\t\t<h3 class=\"faq-item-question-text\">Jak mog\u0119 skorzysta\u0107 z tej wtyczki? <\/h3>\r\n\r\n\t\t\t\t\t\t<div class=\"faq-item-question-icon\"><\/div>\r\n\t\t\t\t\t<\/div>\r\n\r\n\t\t\t\t\t<div class=\"faq-item-answer\">\r\n\t\t\t\t\t\t<div class=\"faq-item-answer-text\"> <p>Dzi\u0119ki temu widgetowi maksymalnie proste i szybkie jest wy\u015bwietlenie okna weryfikacji wieku i uniemo\u017cliwienie dost\u0119pu do materia\u0142\u00f3w nieletnim. Dzi\u0119ki temu b\u0119dziesz mie\u0107 pewno\u015b\u0107, \u017ce Twoja witryna internetowa jest zgodna z przepisami. Co wi\u0119cej, przyci\u0105gnie to wi\u0119cej docelowych go\u015bci i wa\u017cnych potencjalnych klient\u00f3w. <\/p> <\/div>\r\n\t\t\t\t\t<\/div>\r\n\t\t\t\t<\/div> <div class=\"faq-item\">\r\n\t\t\t\t\t<div class=\"faq-item-question\">\r\n\t\t\t\t\t\t<h3 class=\"faq-item-question-text\">Jak doda\u0107 weryfikacj\u0119 wieku do mojej witryny Bloggera? <\/h3>\r\n\r\n\t\t\t\t\t\t<div class=\"faq-item-question-icon\"><\/div>\r\n\t\t\t\t\t<\/div>\r\n\r\n\t\t\t\t\t<div class=\"faq-item-answer\">\r\n\t\t\t\t\t\t<div class=\"faq-item-answer-text\"> <p>Aby j\u0105 skonfigurowa\u0107, potrzebujesz tylko dw\u00f3ch minut. Instalacja jest naprawd\u0119 szybka, bezp\u0142atna i nie obejmuje kodowania. <\/p> <p>Weryfikacj\u0119 wieku Elfsight mo\u017cna zintegrowa\u0107 za po\u015brednictwem naszej us\u0142ugi lub za po\u015brednictwem rynku. Tutaj mo\u017cesz por\u00f3wna\u0107 zalety obu wariant\u00f3w i wybra\u0107 bardziej odpowiedni. <\/p> <\/div>\r\n\t\t\t\t\t<\/div>\r\n\t\t\t\t<\/div> <\/div> <\/div> <div class=\"application-platform-content-item-features application-platform-content-item\" id=\"features\" data-nav-section=\"features\"> <h2>Funkcje<\/h2> <p>Aby lepiej zrozumie\u0107 wid\u017cet, sprawd\u017a list\u0119 g\u0142\u00f3wnych cechy. Dzi\u0119ki nim widget jest dla Ciebie niezwykle skuteczny: <\/p> <ul><li>Wybierz jeden z trzech format\u00f3w sprawdzenia: pytanie o pe\u0142n\u0105 dat\u0119 urodzenia, tylko rok urodzenia lub pytanie z opcj\u0105 Tak i Nie; <\/li><li>Mo\u017cliwo\u015b\u0107 zapami\u0119tywania u\u017cytkownik\u00f3w przez dowolny czas; <\/li><li>2 scenariusze odstraszenia odwiedzaj\u0105cych: wy\u015bwietlenie niestandardowego tekstu lub skierowanie u\u017cytkownika pod dowolny adres; <\/li><li>Dodaj w\u0142asne zdj\u0119cie, kt\u00f3re chcesz doda\u0107 do wyskakuj\u0105cego okienka weryfikacji; <\/li><li>Poka\u017c dodatkowe szczeg\u00f3\u0142y za pomoc\u0105 link\u00f3w pod przyciskiem weryfikacji. <\/li><\/ul><p><a href=\"#demo\">Demo na \u017cywo udost\u0119pni Ci wszystkie funkcje<\/a><\/p> <\/div> <div class=\"application-platform-content-item-installation application-platform-content-item\" id=\"installation\" data-nav-section=\"installation\"> <h2>Zobacz, jak doda\u0107 wid\u017cet weryfikacji wieku do swojej witryny Bloggera. Jest szybki.<\/h2> <div class=\"video-container\"><iframe width=\"720\" height=\"405\" src=\"https:\/\/www.youtube.com\/embed\/5tEa0-ah-0E\" frameborder=\"0\" allowfullscreen=\"\"><\/iframe><\/div><p>Poni\u017csze kroki to jedyne, co musisz zrobi\u0107. <\/p> <ol><li><b>Wygeneruj swoj\u0105 osobist\u0105 wtyczk\u0119 do weryfikacji wieku<\/b><br> Zarz\u0105dzaj\u0105c naszym bezp\u0142atnym konfiguratorem, skonfiguruj wtyczk\u0119 z wybranym uk\u0142adem i funkcjami. <\/li><li><b>Skopiuj indywidualny kod, aby wy\u015bwietli\u0107 wtyczk\u0119<\/b><br> Po dostosowaniu wid\u017cetu otrzymasz kod instalacyjny z wyskakuj\u0105cego powiadomienia w aplikacji Elfsight. Skopiuj go.<\/li> <li><b> Wtyczka na Twojej stronie Muse<\/b><br> Wybierz obszar, w kt\u00f3rym chcesz osadzi\u0107 wtyczk\u0119 i wstaw tam skopiowany kod. Zapisz zmiany. <\/li> <li><b>Gratulacje! W\u0142a\u015bnie opublikowa\u0142e\u015b widget! <\/b><br> Odwied\u017a stron\u0119 internetow\u0105, aby wy\u015bwietli\u0107 wtyczk\u0119. <\/li> <\/ol><p>Nadal masz w\u0105tpliwo\u015bci? Lub masz pytania? Wystarczy jedno zg\u0142oszenie do naszego dzia\u0142u obs\u0142ugi klienta, aby rozwi\u0105za\u0107 ka\u017cdy problem. <\/p> <\/div>","protected":false},"excerpt":{"rendered":"","protected":false},"author":9,"featured_media":0,"parent":1921,"menu_order":0,"comment_status":"closed","ping_status":"closed","template":"templates\/template-application-platform.php","meta":{"publish_to_discourse":"","publish_post_category":"","wpdc_auto_publish_overridden":"","wpdc_topic_tags":"","wpdc_pin_topic":"","wpdc_pin_until":"","discourse_post_id":"","discourse_permalink":"","wpdc_publishing_response":"","wpdc_publishing_error":"","footnotes":""},"class_list":["post-3920","page","type-page","status-publish","hentry"],"yoast_head":"<!-- This site is optimized with the Yoast SEO plugin v25.3.1 - https:\/\/yoast.com\/wordpress\/plugins\/seo\/ -->\n<title>Dodaj wid\u017cet weryfikacji wieku do witryny Bloggera (szybko i bezp\u0142atnie)<\/title>\n<meta name=\"description\" content=\"Utworzenie wid\u017cetu weryfikacji wieku i opublikowanie go w witrynie Bloggera jest \u0142atwe. Obs\u0142uga klienta Elfsight jest bezp\u0142atna.\" \/>\n<meta name=\"robots\" content=\"index, follow, max-snippet:-1, max-image-preview:large, max-video-preview:-1\" \/>\n<link rel=\"canonical\" href=\"https:\/\/elfsight.com\/pl\/age-verification-widget\/blogger\/\" \/>\n<meta property=\"og:locale\" content=\"pl_PL\" \/>\n<meta property=\"og:type\" content=\"article\" \/>\n<meta property=\"og:title\" content=\"Dodaj wid\u017cet weryfikacji wieku do witryny Bloggera (szybko i bezp\u0142atnie)\" \/>\n<meta property=\"og:description\" content=\"Utworzenie wid\u017cetu weryfikacji wieku i opublikowanie go w witrynie Bloggera jest \u0142atwe. Obs\u0142uga klienta Elfsight jest bezp\u0142atna.\" \/>\n<meta property=\"og:url\" content=\"https:\/\/elfsight.com\/pl\/age-verification-widget\/blogger\/\" \/>\n<meta property=\"og:site_name\" content=\"Elfsight PL\" \/>\n<meta property=\"article:modified_time\" content=\"2024-11-14T12:38:20+00:00\" \/>\n<meta name=\"twitter:card\" content=\"summary_large_image\" \/>\n<meta name=\"twitter:label1\" content=\"Szacowany czas czytania\" \/>\n\t<meta name=\"twitter:data1\" content=\"3 minuty\" \/>\n<!-- \/ Yoast SEO plugin. -->","yoast_head_json":{"title":"Dodaj wid\u017cet weryfikacji wieku do witryny Bloggera (szybko i bezp\u0142atnie)","description":"Utworzenie wid\u017cetu weryfikacji wieku i opublikowanie go w witrynie Bloggera jest \u0142atwe. Obs\u0142uga klienta Elfsight jest bezp\u0142atna.","robots":{"index":"index","follow":"follow","max-snippet":"max-snippet:-1","max-image-preview":"max-image-preview:large","max-video-preview":"max-video-preview:-1"},"canonical":"https:\/\/elfsight.com\/pl\/age-verification-widget\/blogger\/","og_locale":"pl_PL","og_type":"article","og_title":"Dodaj wid\u017cet weryfikacji wieku do witryny Bloggera (szybko i bezp\u0142atnie)","og_description":"Utworzenie wid\u017cetu weryfikacji wieku i opublikowanie go w witrynie Bloggera jest \u0142atwe. Obs\u0142uga klienta Elfsight jest bezp\u0142atna.","og_url":"https:\/\/elfsight.com\/pl\/age-verification-widget\/blogger\/","og_site_name":"Elfsight PL","article_modified_time":"2024-11-14T12:38:20+00:00","twitter_card":"summary_large_image","twitter_misc":{"Szacowany czas czytania":"3 minuty"},"schema":{"@context":"https:\/\/schema.org","@graph":[{"@type":"WebPage","@id":"https:\/\/elfsight.com\/pl\/age-verification-widget\/blogger\/","url":"https:\/\/elfsight.com\/pl\/age-verification-widget\/blogger\/","name":"Dodaj wid\u017cet weryfikacji wieku do witryny Bloggera (szybko i bezp\u0142atnie)","isPartOf":{"@id":"https:\/\/elfsight.com\/pl\/#website"},"datePublished":"2024-05-03T06:26:06+00:00","dateModified":"2024-11-14T12:38:20+00:00","description":"Utworzenie wid\u017cetu weryfikacji wieku i opublikowanie go w witrynie Bloggera jest \u0142atwe. Obs\u0142uga klienta Elfsight jest bezp\u0142atna.","breadcrumb":{"@id":"https:\/\/elfsight.com\/pl\/age-verification-widget\/blogger\/#breadcrumb"},"inLanguage":"pl-PL","potentialAction":[{"@type":"ReadAction","target":["https:\/\/elfsight.com\/pl\/age-verification-widget\/blogger\/"]}]},{"@type":"BreadcrumbList","@id":"https:\/\/elfsight.com\/pl\/age-verification-widget\/blogger\/#breadcrumb","itemListElement":[{"@type":"ListItem","position":1,"name":"Home","item":"https:\/\/elfsight.com\/pl\/"},{"@type":"ListItem","position":2,"name":"Age Verification","item":"https:\/\/elfsight.com\/pl\/age-verification-widget\/"},{"@type":"ListItem","position":3,"name":"Age Verification &#8211; Blogger"}]},{"@type":"WebSite","@id":"https:\/\/elfsight.com\/pl\/#website","url":"https:\/\/elfsight.com\/pl\/","name":"Elfsight PL","description":"Just another Elfsight Sites site","potentialAction":[{"@type":"SearchAction","target":{"@type":"EntryPoint","urlTemplate":"https:\/\/elfsight.com\/pl\/?s={search_term_string}"},"query-input":{"@type":"PropertyValueSpecification","valueRequired":true,"valueName":"search_term_string"}}],"inLanguage":"pl-PL"}]}},"meta_box":{"industry":"","seo_heading":"","heading":"","description":"","cta_heading":"","cta_description":"","application":"1920","h1":"Wid\u017cet weryfikacji wieku Bloggera","h1_caption":"Zapewnij odpowiedzialny dost\u0119p do tre\u015bci wra\u017cliwych na wiek, korzystaj\u0105c z prostego i konfigurowalnego wid\u017cetu umo\u017cliwiaj\u0105cego weryfikacj\u0119 wieku w Twojej witrynie Bloggera.","application_category":[],"applications_title":"","applications_request_title":"","applications_request_button_text":"","hero_text":"","hero_video":"","hero_video_schema_markup":"","selling_points_title":"","selling_points_caption":"","selling_points":[],"selling_points_cta_text":"","features_title":"","features":"","ed_cta_examples_text":"","ed_cta_examples_hidden":"","ed_cta_demo_text":"","ed_cta_demo_hidden":"","why_caption":"","why_editor_title":"","why_editor_text":"","why_team_title":"","why_team_text":"","why_service_title":"","why_service_text":"","template_catalog_visible":"","template_catalog_title":"","template_catalog_text":"","template_catalog_categories_visible":"","demo_title":"Utw\u00f3rz wid\u017cet weryfikacji wieku","demo_caption":"Skonfiguruj weryfikacj\u0119 wieku i dodaj j\u0105 do swojej witryny Bloggera za darmo!","default_faq_hidden":"","app_template_category":[],"platform":"44","template_public_id":"","codecanyon_url":"","codecanyon_item_id":"","codecanyon_price":"","pricing_caption":"","pricing_elfsight_apps_hide_column":"","pricing_elfsight_apps_url":"","pricing_codecanyon_price_caption":"","integration_category":[],"integration_request_title":"","integration_request_cta":"","integration_platform":"","integrations":[],"platform_category":[],"video_schema_markup":"","price":"od 0 USD \/ miesi\u0105c","trial":"","benefits":[{"text":"Bezp\u0142atna pomoc w monta\u017cu"},{"text":"Wsparcie premium"},{"text":"14-dniowa gwarancja zwrotu pieni\u0119dzy"}],"button_url":"#demo","button_target_blank":"","button_nofollow":"","attributes":[{"name":"Instaluje"},{"name":"Czu\u0142y"},{"name":"Kompatybilne przegl\u0105darki"}],"tags":[],"tags_disable_links":"","hide_more_platforms":"","video_object":"","demo_hide_cta":"","demo_hide_cloud_options":"","pricing_title":"","pricing":[{"pricing_icon":"platform","pricing_title":"Elfsight Apps","pricing_title_caption":"Wersja niezale\u017cna od platformy, kt\u00f3ra dzia\u0142a na ka\u017cdej stronie","pricing_price":"od 0 USD \/ miesi\u0105c","pricing_price_caption":"zacznij od bezp\u0142atnego planu","pricing_benefits":[{"text":"Nielimitowane domeny"},{"text":"Bezp\u0142atna obs\u0142uga klienta"},{"text":"Bezp\u0142atna pomoc w monta\u017cu"},{"text":"Elastyczny projekt"}],"pricing_button_text":"Dodaj do witryny","pricing_button_url":"#demo"}],"related_apps_title":"","related_apps_hidden":"","author":"","image":[],"title":"","job":"","social_networks":[]},"_links":{"self":[{"href":"https:\/\/elfsight.com\/pl\/wp-json\/wp\/v2\/pages\/3920","targetHints":{"allow":["GET"]}}],"collection":[{"href":"https:\/\/elfsight.com\/pl\/wp-json\/wp\/v2\/pages"}],"about":[{"href":"https:\/\/elfsight.com\/pl\/wp-json\/wp\/v2\/types\/page"}],"author":[{"embeddable":true,"href":"https:\/\/elfsight.com\/pl\/wp-json\/wp\/v2\/users\/9"}],"replies":[{"embeddable":true,"href":"https:\/\/elfsight.com\/pl\/wp-json\/wp\/v2\/comments?post=3920"}],"version-history":[{"count":2,"href":"https:\/\/elfsight.com\/pl\/wp-json\/wp\/v2\/pages\/3920\/revisions"}],"predecessor-version":[{"id":7606,"href":"https:\/\/elfsight.com\/pl\/wp-json\/wp\/v2\/pages\/3920\/revisions\/7606"}],"up":[{"embeddable":true,"href":"https:\/\/elfsight.com\/pl\/wp-json\/wp\/v2\/pages\/1921"}],"wp:attachment":[{"href":"https:\/\/elfsight.com\/pl\/wp-json\/wp\/v2\/media?parent=3920"}],"curies":[{"name":"wp","href":"https:\/\/api.w.org\/{rel}","templated":true}]}}