{"id":3919,"date":"2024-05-03T06:26:05","date_gmt":"2024-05-03T06:26:05","guid":{"rendered":"https:\/\/elfsight.com\/pl\/?page_id=3919"},"modified":"2024-11-14T12:38:20","modified_gmt":"2024-11-14T12:38:20","slug":"drupal","status":"publish","type":"page","link":"https:\/\/elfsight.com\/pl\/age-verification-widget\/drupal\/","title":{"rendered":"Age Verification &#8211; Drupal"},"content":{"rendered":"<div class=\"application-platform-content-item-description application-platform-content-item\" id=\"description\" data-nav-section=\"description\"> <h2>Opis<\/h2> <p>Wid\u017cet weryfikacji wieku Elfsight to najszybszy spos\u00f3b skonfigurowania okna, kt\u00f3re pyta o wiek odwiedzaj\u0105cego. Nasz widget pomo\u017ce udost\u0119pni\u0107 tre\u015bci ograniczone wiekowo doros\u0142ym i chroni\u0107 je dla nieletnich. Wid\u017cet umo\u017cliwia wprowadzenie wieku, wybranie metody weryfikacji, dodanie okna na ka\u017cdej lub tylko wybranych stronach oraz wybranie scenariusza po odmowie dost\u0119pu. Wygl\u0105d jest elastyczny dzi\u0119ki elementom, kt\u00f3re mo\u017cna malowa\u0107 i mo\u017cliwo\u015bci wy\u015bwietlania niestandardowych zdj\u0119\u0107. <\/p> <div class=\"faq\" data-component=\"FAQ\"> <div class=\"faq-item\">\r\n\t\t\t\t\t<div class=\"faq-item-question\">\r\n\t\t\t\t\t\t<h3 class=\"faq-item-question-text\">Gdzie mog\u0119 to doda\u0107<\/h3>\r\n\r\n\t\t\t\t\t\t<div class=\"faq-item-question-icon\"><\/div>\r\n\t\t\t\t\t<\/div>\r\n\r\n\t\t\t\t\t<div class=\"faq-item-answer\">\r\n\t\t\t\t\t\t<div class=\"faq-item-answer-text\"> <p>Mo\u017cesz osadzi\u0107 okno weryfikacji na wszystkich stronach internetowych lub wyznaczy\u0107 konkretne strony, na kt\u00f3rych b\u0119dzie ono wy\u015bwietlane. Mo\u017cesz tak\u017ce skorzysta\u0107 z funkcji wykluczania stron, kt\u00f3rych nie chcesz. <\/p> <\/div>\r\n\t\t\t\t\t<\/div>\r\n\t\t\t\t<\/div> <div class=\"faq-item\">\r\n\t\t\t\t\t<div class=\"faq-item-question\">\r\n\t\t\t\t\t\t<h3 class=\"faq-item-question-text\">Jak mog\u0119 skorzysta\u0107 z wid\u017cetu? <\/h3>\r\n\r\n\t\t\t\t\t\t<div class=\"faq-item-question-icon\"><\/div>\r\n\t\t\t\t\t<\/div>\r\n\r\n\t\t\t\t\t<div class=\"faq-item-answer\">\r\n\t\t\t\t\t\t<div class=\"faq-item-answer-text\"> <p>Dzi\u0119ki wid\u017cetowi Elfsight skonfigurowanie wyskakuj\u0105cego okienka sprawdzaj\u0105cego wiek i ukrycie tre\u015bci przed niepe\u0142noletnimi u\u017cytkownikami jest absolutnie \u0142atwe i szybkie. Dzi\u0119ki temu b\u0119dziesz mie\u0107 pewno\u015b\u0107, \u017ce Twoja witryna spe\u0142nia wymagania prawne. Co wi\u0119cej, przyci\u0105gnie nowych odbiorc\u00f3w docelowych i wa\u017cnych klient\u00f3w. <\/p> <\/div>\r\n\t\t\t\t\t<\/div>\r\n\t\t\t\t<\/div> <div class=\"faq-item\">\r\n\t\t\t\t\t<div class=\"faq-item-question\">\r\n\t\t\t\t\t\t<h3 class=\"faq-item-question-text\">Jak osadzi\u0107 weryfikacj\u0119 wieku w mojej witrynie Drupal? <\/h3>\r\n\r\n\t\t\t\t\t\t<div class=\"faq-item-question-icon\"><\/div>\r\n\t\t\t\t\t<\/div>\r\n\r\n\t\t\t\t\t<div class=\"faq-item-answer\">\r\n\t\t\t\t\t\t<div class=\"faq-item-answer-text\"> <p>Aby aktywowa\u0107, potrzebujesz tylko minuty. Jest bardzo szybki, darmowy i nie wymaga kodowania. <\/p> <p>Widget mo\u017cna skonfigurowa\u0107 w naszym serwisie lub na marketplace. Mo\u017cesz por\u00f3wna\u0107 wszystkie szczeg\u00f3\u0142y obu wariant\u00f3w i wybra\u0107 sw\u00f3j. <\/p> <\/div>\r\n\t\t\t\t\t<\/div>\r\n\t\t\t\t<\/div> <\/div> <\/div> <div class=\"application-platform-content-item-features application-platform-content-item\" id=\"features\" data-nav-section=\"features\"> <h2>Funkcje<\/h2> <p>Aby zapewni\u0107 lepsz\u0105 widoczno\u015b\u0107 wid\u017cetu, zapoznaj si\u0119 z list\u0105 jego podstawowych cechy. Sprawiaj\u0105, \u017ce nasz widget jest naprawd\u0119 przydatny dla Twojego sklepu: <\/p> <ul><li>Wybierz jeden z typ\u00f3w weryfikacji: pro\u015bba o podanie pe\u0142nej daty urodzenia, tylko rok urodzenia lub pytanie z odpowiedzi\u0105 Tak i Nie; <\/li><li>Wybierz opcj\u0119 pami\u0119tania go\u015bcia przez dowolny okres w dniach; <\/li><li>Dwa mo\u017cliwe scenariusze odstraszenia u\u017cytkownik\u00f3w: wy\u015bwietlenie wiadomo\u015bci lub przekierowanie u\u017cytkownika na inn\u0105 stron\u0119 lub witryn\u0119; <\/li><li>Prze\u015blij niestandardowy obraz, kt\u00f3ry b\u0119dzie wy\u015bwietlany w oknie weryfikacji; <\/li><li>Podaj szczeg\u00f3\u0142owe informacje i linki pod przyciskiem weryfikacji. <\/li><\/ul><p><a href=\"#demo\">Odkryj wi\u0119cej funkcji w wersji demonstracyjnej<\/a><\/p> <\/div> <div class=\"application-platform-content-item-installation application-platform-content-item\" id=\"installation\" data-nav-section=\"installation\"> <h2>Dowiedz si\u0119, jak aby osadzi\u0107 modu\u0142 weryfikacji wieku w witrynie Drupal<\/h2><div class=\"video-container\"><iframe width=\"720\" height=\"405\" src=\"https:\/\/www.youtube.com\/embed\/vgbnHTmmzY0\" frameborder=\"0\" allowfullscreen=\"\"><\/iframe><\/div><p>Wystarczy zastosowa\u0107 si\u0119 do poni\u017cszych instrukcji, aby zintegrowa\u0107 modu\u0142 z Drupalem.<\/p> <ol><li><b>Otw\u00f3rz naszego darmowego edytora i zacznij tworzy\u0107 w\u0142asne narz\u0119dzie. <\/b><br> Wybierz wybrany interfejs i cechy funkcjonalne modu\u0142u Weryfikacja wieku i zapisz zmiany. <\/li> <li><b>Odbierz osobisty kod, kt\u00f3ry pojawi si\u0119 w oknie aplikacji Elfsight. <\/b><br> Po zako\u0144czeniu konfiguracji narz\u0119dzia osobistego skopiuj kod osobisty z wy\u015bwietlonego okna i zachowaj go do wykorzystania w przysz\u0142o\u015bci. <\/li> <li><b>Rozpocznij wdra\u017canie modu\u0142u na stronie Drupal. <\/b><br> Zintegruj ostatnio skopiowany kod ze swoj\u0105 stron\u0105 i zapisz poprawki. <\/li> <li><b>Gotowe! Osadzanie zosta\u0142o w pe\u0142ni wykonane. <\/b><br> Przejd\u017a do swojej witryny i sprawd\u017a dzia\u0142anie narz\u0119dzia. <\/li><\/ol><p>Nadal nie jeste\u015b pewien? Albo masz problemy? Wystarczy jedno zapytanie do naszego dzia\u0142u obs\u0142ugi klienta, aby rozwi\u0105za\u0107 ka\u017cdy problem. <\/p> <\/div>","protected":false},"excerpt":{"rendered":"","protected":false},"author":9,"featured_media":0,"parent":1921,"menu_order":0,"comment_status":"closed","ping_status":"closed","template":"templates\/template-application-platform.php","meta":{"publish_to_discourse":"","publish_post_category":"","wpdc_auto_publish_overridden":"","wpdc_topic_tags":"","wpdc_pin_topic":"","wpdc_pin_until":"","discourse_post_id":"","discourse_permalink":"","wpdc_publishing_response":"","wpdc_publishing_error":"","footnotes":""},"class_list":["post-3919","page","type-page","status-publish","hentry"],"yoast_head":"<!-- This site is optimized with the Yoast SEO plugin v25.3.1 - https:\/\/yoast.com\/wordpress\/plugins\/seo\/ -->\n<title>Dodaj modu\u0142 weryfikacji wieku do strony Drupal (szybko i bezp\u0142atnie)<\/title>\n<meta name=\"description\" content=\"Dzi\u0119ki Elfsight mo\u017cesz kszta\u0142towa\u0107 swoj\u0105 weryfikacj\u0119 wieku i b\u0142yskawicznie publikowa\u0107 j\u0105 na stronie Drupal. Oferujemy bezp\u0142atn\u0105 obs\u0142ug\u0119 klienta i inne bonusy.\" \/>\n<meta name=\"robots\" content=\"index, follow, max-snippet:-1, max-image-preview:large, max-video-preview:-1\" \/>\n<link rel=\"canonical\" href=\"https:\/\/elfsight.com\/pl\/age-verification-widget\/drupal\/\" \/>\n<meta property=\"og:locale\" content=\"pl_PL\" \/>\n<meta property=\"og:type\" content=\"article\" \/>\n<meta property=\"og:title\" content=\"Dodaj modu\u0142 weryfikacji wieku do strony Drupal (szybko i bezp\u0142atnie)\" \/>\n<meta property=\"og:description\" content=\"Dzi\u0119ki Elfsight mo\u017cesz kszta\u0142towa\u0107 swoj\u0105 weryfikacj\u0119 wieku i b\u0142yskawicznie publikowa\u0107 j\u0105 na stronie Drupal. Oferujemy bezp\u0142atn\u0105 obs\u0142ug\u0119 klienta i inne bonusy.\" \/>\n<meta property=\"og:url\" content=\"https:\/\/elfsight.com\/pl\/age-verification-widget\/drupal\/\" \/>\n<meta property=\"og:site_name\" content=\"Elfsight PL\" \/>\n<meta property=\"article:modified_time\" content=\"2024-11-14T12:38:20+00:00\" \/>\n<meta name=\"twitter:card\" content=\"summary_large_image\" \/>\n<meta name=\"twitter:label1\" content=\"Szacowany czas czytania\" \/>\n\t<meta name=\"twitter:data1\" content=\"3 minuty\" \/>\n<!-- \/ Yoast SEO plugin. -->","yoast_head_json":{"title":"Dodaj modu\u0142 weryfikacji wieku do strony Drupal (szybko i bezp\u0142atnie)","description":"Dzi\u0119ki Elfsight mo\u017cesz kszta\u0142towa\u0107 swoj\u0105 weryfikacj\u0119 wieku i b\u0142yskawicznie publikowa\u0107 j\u0105 na stronie Drupal. Oferujemy bezp\u0142atn\u0105 obs\u0142ug\u0119 klienta i inne bonusy.","robots":{"index":"index","follow":"follow","max-snippet":"max-snippet:-1","max-image-preview":"max-image-preview:large","max-video-preview":"max-video-preview:-1"},"canonical":"https:\/\/elfsight.com\/pl\/age-verification-widget\/drupal\/","og_locale":"pl_PL","og_type":"article","og_title":"Dodaj modu\u0142 weryfikacji wieku do strony Drupal (szybko i bezp\u0142atnie)","og_description":"Dzi\u0119ki Elfsight mo\u017cesz kszta\u0142towa\u0107 swoj\u0105 weryfikacj\u0119 wieku i b\u0142yskawicznie publikowa\u0107 j\u0105 na stronie Drupal. Oferujemy bezp\u0142atn\u0105 obs\u0142ug\u0119 klienta i inne bonusy.","og_url":"https:\/\/elfsight.com\/pl\/age-verification-widget\/drupal\/","og_site_name":"Elfsight PL","article_modified_time":"2024-11-14T12:38:20+00:00","twitter_card":"summary_large_image","twitter_misc":{"Szacowany czas czytania":"3 minuty"},"schema":{"@context":"https:\/\/schema.org","@graph":[{"@type":"WebPage","@id":"https:\/\/elfsight.com\/pl\/age-verification-widget\/drupal\/","url":"https:\/\/elfsight.com\/pl\/age-verification-widget\/drupal\/","name":"Dodaj modu\u0142 weryfikacji wieku do strony Drupal (szybko i bezp\u0142atnie)","isPartOf":{"@id":"https:\/\/elfsight.com\/pl\/#website"},"datePublished":"2024-05-03T06:26:05+00:00","dateModified":"2024-11-14T12:38:20+00:00","description":"Dzi\u0119ki Elfsight mo\u017cesz kszta\u0142towa\u0107 swoj\u0105 weryfikacj\u0119 wieku i b\u0142yskawicznie publikowa\u0107 j\u0105 na stronie Drupal. Oferujemy bezp\u0142atn\u0105 obs\u0142ug\u0119 klienta i inne bonusy.","breadcrumb":{"@id":"https:\/\/elfsight.com\/pl\/age-verification-widget\/drupal\/#breadcrumb"},"inLanguage":"pl-PL","potentialAction":[{"@type":"ReadAction","target":["https:\/\/elfsight.com\/pl\/age-verification-widget\/drupal\/"]}]},{"@type":"BreadcrumbList","@id":"https:\/\/elfsight.com\/pl\/age-verification-widget\/drupal\/#breadcrumb","itemListElement":[{"@type":"ListItem","position":1,"name":"Home","item":"https:\/\/elfsight.com\/pl\/"},{"@type":"ListItem","position":2,"name":"Age Verification","item":"https:\/\/elfsight.com\/pl\/age-verification-widget\/"},{"@type":"ListItem","position":3,"name":"Age Verification &#8211; Drupal"}]},{"@type":"WebSite","@id":"https:\/\/elfsight.com\/pl\/#website","url":"https:\/\/elfsight.com\/pl\/","name":"Elfsight PL","description":"Just another Elfsight Sites site","potentialAction":[{"@type":"SearchAction","target":{"@type":"EntryPoint","urlTemplate":"https:\/\/elfsight.com\/pl\/?s={search_term_string}"},"query-input":{"@type":"PropertyValueSpecification","valueRequired":true,"valueName":"search_term_string"}}],"inLanguage":"pl-PL"}]}},"meta_box":{"industry":"","seo_heading":"","heading":"","description":"","cta_heading":"","cta_description":"","application":"1920","h1":"Modu\u0142 weryfikacji wieku Drupala","h1_caption":"Zapewnij odpowiedzialny dost\u0119p do tre\u015bci wra\u017cliwych na wiek dzi\u0119ki prostemu i konfigurowalnemu modu\u0142owi weryfikacji wieku w Twojej witrynie Drupal.","application_category":[],"applications_title":"","applications_request_title":"","applications_request_button_text":"","hero_text":"","hero_video":"","hero_video_schema_markup":"","selling_points_title":"","selling_points_caption":"","selling_points":[],"selling_points_cta_text":"","features_title":"","features":"","ed_cta_examples_text":"","ed_cta_examples_hidden":"","ed_cta_demo_text":"","ed_cta_demo_hidden":"","why_caption":"","why_editor_title":"","why_editor_text":"","why_team_title":"","why_team_text":"","why_service_title":"","why_service_text":"","template_catalog_visible":"","template_catalog_title":"","template_catalog_text":"","template_catalog_categories_visible":"","demo_title":"Utw\u00f3rz modu\u0142 weryfikacji wieku","demo_caption":"Skonfiguruj weryfikacj\u0119 wieku i dodaj j\u0105 do swojej witryny Drupal za darmo!","default_faq_hidden":"","app_template_category":[],"platform":"47","template_public_id":"","codecanyon_url":"","codecanyon_item_id":"","codecanyon_price":"","pricing_caption":"","pricing_elfsight_apps_hide_column":"","pricing_elfsight_apps_url":"","pricing_codecanyon_price_caption":"","integration_category":[],"integration_request_title":"","integration_request_cta":"","integration_platform":"","integrations":[],"platform_category":[],"video_schema_markup":"","price":"od 0 USD \/ miesi\u0105c","trial":"","benefits":[{"text":"Bezp\u0142atna pomoc w monta\u017cu"},{"text":"Wyj\u0105tkowe wsparcie"},{"text":"14-dniowa gwarancja zwrotu pieni\u0119dzy"}],"button_url":"#demo","button_target_blank":"","button_nofollow":"","attributes":[{"name":"Instaluje"},{"name":"Czu\u0142y"},{"name":"Kompatybilne przegl\u0105darki"}],"tags":[],"tags_disable_links":"","hide_more_platforms":"","video_object":"","demo_hide_cta":"","demo_hide_cloud_options":"","pricing_title":"","pricing":[{"pricing_icon":"platform","pricing_title":"Elfsight Apps","pricing_title_caption":"Rozwi\u0105zanie wieloplatformowe, kt\u00f3re dzia\u0142a na dowolnej witrynie","pricing_price":"od 0 USD \/ miesi\u0105c","pricing_price_caption":"zacznij od bezp\u0142atnego planu","pricing_benefits":[{"text":"Nielimitowane domeny"},{"text":"Profesjonalna obs\u0142uga klienta i dobrze udokumentowana"},{"text":"Bezp\u0142atne wsparcie przy instalacji"},{"text":"Oferta specjalna na wiele aplikacji"}],"pricing_button_text":"Dodaj do witryny","pricing_button_url":"#demo"}],"related_apps_title":"","related_apps_hidden":"","author":"","image":[],"title":"","job":"","social_networks":[]},"_links":{"self":[{"href":"https:\/\/elfsight.com\/pl\/wp-json\/wp\/v2\/pages\/3919","targetHints":{"allow":["GET"]}}],"collection":[{"href":"https:\/\/elfsight.com\/pl\/wp-json\/wp\/v2\/pages"}],"about":[{"href":"https:\/\/elfsight.com\/pl\/wp-json\/wp\/v2\/types\/page"}],"author":[{"embeddable":true,"href":"https:\/\/elfsight.com\/pl\/wp-json\/wp\/v2\/users\/9"}],"replies":[{"embeddable":true,"href":"https:\/\/elfsight.com\/pl\/wp-json\/wp\/v2\/comments?post=3919"}],"version-history":[{"count":2,"href":"https:\/\/elfsight.com\/pl\/wp-json\/wp\/v2\/pages\/3919\/revisions"}],"predecessor-version":[{"id":7605,"href":"https:\/\/elfsight.com\/pl\/wp-json\/wp\/v2\/pages\/3919\/revisions\/7605"}],"up":[{"embeddable":true,"href":"https:\/\/elfsight.com\/pl\/wp-json\/wp\/v2\/pages\/1921"}],"wp:attachment":[{"href":"https:\/\/elfsight.com\/pl\/wp-json\/wp\/v2\/media?parent=3919"}],"curies":[{"name":"wp","href":"https:\/\/api.w.org\/{rel}","templated":true}]}}