{"id":3918,"date":"2024-05-03T06:26:04","date_gmt":"2024-05-03T06:26:04","guid":{"rendered":"https:\/\/elfsight.com\/pl\/?page_id=3918"},"modified":"2024-11-14T12:38:12","modified_gmt":"2024-11-14T12:38:12","slug":"joomla","status":"publish","type":"page","link":"https:\/\/elfsight.com\/pl\/age-verification-widget\/joomla\/","title":{"rendered":"Age Verification &#8211; Joomla"},"content":{"rendered":"<div class=\"application-platform-content-item-description application-platform-content-item\" id=\"description\" data-nav-section=\"description\"> <h2>Opis<\/h2> <p>Ten widget b\u0119dzie najwygodniejszym narz\u0119dziem do tworzenia natychmiastowego powiadomienia, kt\u00f3re sprawdzi wiek osoby odwiedzaj\u0105cej witryn\u0119 . Ten wid\u017cet pomo\u017ce udost\u0119pni\u0107 tre\u015bci z ograniczeniami wiekowymi pe\u0142noletnim u\u017cytkownikom i ukry\u0107 je dla kategorii nieletnich. Dost\u0119pne s\u0105 opcje wyboru prawid\u0142owego ograniczenia wiekowego, zdefiniowania formularza weryfikacji, wprowadzenia wid\u017cetu na wszystkich lub tylko wybranych stronach oraz akcji po odmowie dost\u0119pu. Styl jest r\u00f3wnie\u017c pod Twoj\u0105 kontrol\u0105, zawiera elementy do malowania i opcj\u0119 przesy\u0142ania w\u0142asnych obraz\u00f3w. <\/p> <div class=\"faq\" data-component=\"FAQ\"> <div class=\"faq-item\">\r\n\t\t\t\t\t<div class=\"faq-item-question\">\r\n\t\t\t\t\t\t<h3 class=\"faq-item-question-text\">Gdzie w mojej witrynie mog\u0119 to zintegrowa\u0107<\/h3>\r\n\r\n\t\t\t\t\t\t<div class=\"faq-item-question-icon\"><\/div>\r\n\t\t\t\t\t<\/div>\r\n\r\n\t\t\t\t\t<div class=\"faq-item-answer\">\r\n\t\t\t\t\t\t<div class=\"faq-item-answer-text\"> <p>Mo\u017cesz albo wy\u015bwietli\u0107 wyskakuj\u0105ce okienko sprawdzania wieku na wszystkich stronach, albo wybra\u0107 strony, na kt\u00f3rych chcesz je wy\u015bwietli\u0107. Ponadto mo\u017cesz skorzysta\u0107 z funkcji wykluczania tych stron, na kt\u00f3rych tego nie chcesz. <\/p> <\/div>\r\n\t\t\t\t\t<\/div>\r\n\t\t\t\t<\/div> <div class=\"faq-item\">\r\n\t\t\t\t\t<div class=\"faq-item-question\">\r\n\t\t\t\t\t\t<h3 class=\"faq-item-question-text\">Jakie korzy\u015bci mo\u017ce mi to da\u0107? <\/h3>\r\n\r\n\t\t\t\t\t\t<div class=\"faq-item-question-icon\"><\/div>\r\n\t\t\t\t\t<\/div>\r\n\r\n\t\t\t\t\t<div class=\"faq-item-answer\">\r\n\t\t\t\t\t\t<div class=\"faq-item-answer-text\"> <p>Dzi\u0119ki temu widgetowi w prosty i szybki spos\u00f3b mo\u017cna umie\u015bci\u0107 wyskakuj\u0105ce okienko z weryfikacj\u0105 wieku i ukry\u0107 swoje materia\u0142y przed niepe\u0142noletnimi u\u017cytkownikami . Pomo\u017ce to upewni\u0107 si\u0119, \u017ce Twoja witryna internetowa jest zgodna z przepisami. Przyci\u0105gnie tak\u017ce nowych docelowych go\u015bci i wa\u017cnych potencjalnych klient\u00f3w. <\/p> <\/div>\r\n\t\t\t\t\t<\/div>\r\n\t\t\t\t<\/div> <div class=\"faq-item\">\r\n\t\t\t\t\t<div class=\"faq-item-question\">\r\n\t\t\t\t\t\t<h3 class=\"faq-item-question-text\">Czego potrzebuj\u0119, aby doda\u0107 weryfikacj\u0119 wieku na mojej stronie Joomla? <\/h3>\r\n\r\n\t\t\t\t\t\t<div class=\"faq-item-question-icon\"><\/div>\r\n\t\t\t\t\t<\/div>\r\n\r\n\t\t\t\t\t<div class=\"faq-item-answer\">\r\n\t\t\t\t\t\t<div class=\"faq-item-answer-text\"> <p>Potrzebujesz tylko trzech minut, aby aktywowa\u0107 powiadomienie. Proces integracji jest niezwykle szybki, darmowy i nie wymaga kodowania. <\/p> <p>Widget mo\u017cna umie\u015bci\u0107 za po\u015brednictwem naszego serwisu lub na platformie handlowej. Mo\u017cesz por\u00f3wna\u0107 wi\u0119cej tych opcji i wybra\u0107 swoj\u0105. <\/p> <\/div>\r\n\t\t\t\t\t<\/div>\r\n\t\t\t\t<\/div> <\/div> <\/div> <div class=\"application-platform-content-item-features application-platform-content-item\" id=\"features\" data-nav-section=\"features\"> <h2>Funkcje<\/h2> <p>Aby lepiej zrozumie\u0107 weryfikacj\u0119 wieku, zapoznaj si\u0119 z list\u0105 podstawowe funkcje. Dzi\u0119ki nim widget jest niezwykle wydajny dla Twojej firmy: <\/p> <ul><li>Wybierz jeden z trzech format\u00f3w sprawdzania: pro\u015bba o podanie pe\u0142nej daty urodzenia, tylko rok urodzenia lub pytanie z odpowiedzi\u0105 Tak i Nie; <\/li><li>Ustaw widget tak, aby zapami\u0119tywa\u0142 u\u017cytkownik\u00f3w przez dowoln\u0105 ilo\u015b\u0107 czasu; <\/li><li>2 scenariusze dla nieletnich u\u017cytkownik\u00f3w: pokazanie komunikatu lub przekierowanie u\u017cytkownika na inny adres; <\/li><li>Prze\u015blij dowolne zdj\u0119cie, kt\u00f3re b\u0119dzie wy\u015bwietlane w wyskakuj\u0105cym okienku kontrolnym; <\/li><li>Poka\u017c dodatkowe szczeg\u00f3\u0142y za pomoc\u0105 link\u00f3w pod przyciskiem weryfikacji. <\/li><\/ul><p><a href=\"#demo\">Zobacz wszystkie funkcje w wersji demonstracyjnej<\/a><\/p> <\/div> <div class=\"application-platform-content-item-installation application-platform-content-item\" id=\"installation\" data-nav-section=\"installation\"> <h2>Oto jak to zrobi\u0107 aby wklei\u0107 wid\u017cet weryfikacji wieku na swoj\u0105 stron\u0119 Joomla. To niewiarygodnie proste.<\/h2> <div class=\"video-container\"><iframe width=\"720\" height=\"405\" src=\"https:\/\/www.youtube.com\/embed\/Ki4cj6YEVxY\" frameborder=\"0\" allowfullscreen=\"\"><\/iframe><\/div><p> Wystarczy kilka prostych krok\u00f3w, aby osadzi\u0107 wid\u017cet. <\/p> <ol><li><b>Otw\u00f3rz nasz darmowy edytor i rozpocznij prac\u0119 z w\u0142asnym rozszerzeniem. <\/b><br> Znajd\u017a wybrany uk\u0142ad i parametry rozszerzenia i zapisz wszystkie zmiany. <\/li> <li><b>Odbierz sw\u00f3j indywidualny kod pojawiaj\u0105cy si\u0119 w polu aplikacji Elfsight. <\/b><br> Po zako\u0144czeniu tworzenia rozszerzenia skopiuj kod w wy\u015bwietlonym wyskakuj\u0105cym okienku i zapisz go do p\u00f3\u017aniejszego wykorzystania. <\/li> <li><b>Rozpocznij korzystanie z rozszerzenia w witrynie Joomla. <\/b><br> Zintegruj kod zapisany wcze\u015bniej na swojej stronie internetowej i zastosuj modyfikacje. <\/li> <li><b>Instalacja zosta\u0142a pomy\u015blnie zako\u0144czona. <\/b><br> Przejd\u017a na swoj\u0105 stron\u0119 internetow\u0105 i sprawd\u017a dzia\u0142anie rozszerzenia. <\/li><\/ol><p>Nadal nie jeste\u015b pewien? Albo natkn\u0105\u0142e\u015b si\u0119 na co\u015b? Po prostu wy\u015blij zapytanie do naszego zespo\u0142u obs\u0142ugi klienta, a my rozwi\u0105\u017cemy ka\u017cdy problem. <\/p> <\/div>","protected":false},"excerpt":{"rendered":"","protected":false},"author":9,"featured_media":0,"parent":1921,"menu_order":0,"comment_status":"closed","ping_status":"closed","template":"templates\/template-application-platform.php","meta":{"publish_to_discourse":"","publish_post_category":"","wpdc_auto_publish_overridden":"","wpdc_topic_tags":"","wpdc_pin_topic":"","wpdc_pin_until":"","discourse_post_id":"","discourse_permalink":"","wpdc_publishing_response":"","wpdc_publishing_error":"","footnotes":""},"class_list":["post-3918","page","type-page","status-publish","hentry"],"yoast_head":"<!-- This site is optimized with the Yoast SEO plugin v25.3.1 - https:\/\/yoast.com\/wordpress\/plugins\/seo\/ -->\n<title>Dodaj rozszerzenie Age Verification do strony Joomla (szybko i za darmo)<\/title>\n<meta name=\"description\" content=\"Utworzenie rozszerzenia weryfikacji wieku i umieszczenie go na stronie Joomla nie jest trudne. Obs\u0142uga klienta Elfsight jest bezp\u0142atna.\" \/>\n<meta name=\"robots\" content=\"index, follow, max-snippet:-1, max-image-preview:large, max-video-preview:-1\" \/>\n<link rel=\"canonical\" href=\"https:\/\/elfsight.com\/pl\/age-verification-widget\/joomla\/\" \/>\n<meta property=\"og:locale\" content=\"pl_PL\" \/>\n<meta property=\"og:type\" content=\"article\" \/>\n<meta property=\"og:title\" content=\"Dodaj rozszerzenie Age Verification do strony Joomla (szybko i za darmo)\" \/>\n<meta property=\"og:description\" content=\"Utworzenie rozszerzenia weryfikacji wieku i umieszczenie go na stronie Joomla nie jest trudne. Obs\u0142uga klienta Elfsight jest bezp\u0142atna.\" \/>\n<meta property=\"og:url\" content=\"https:\/\/elfsight.com\/pl\/age-verification-widget\/joomla\/\" \/>\n<meta property=\"og:site_name\" content=\"Elfsight PL\" \/>\n<meta property=\"article:modified_time\" content=\"2024-11-14T12:38:12+00:00\" \/>\n<meta name=\"twitter:card\" content=\"summary_large_image\" \/>\n<meta name=\"twitter:label1\" content=\"Szacowany czas czytania\" \/>\n\t<meta name=\"twitter:data1\" content=\"3 minuty\" \/>\n<!-- \/ Yoast SEO plugin. -->","yoast_head_json":{"title":"Dodaj rozszerzenie Age Verification do strony Joomla (szybko i za darmo)","description":"Utworzenie rozszerzenia weryfikacji wieku i umieszczenie go na stronie Joomla nie jest trudne. Obs\u0142uga klienta Elfsight jest bezp\u0142atna.","robots":{"index":"index","follow":"follow","max-snippet":"max-snippet:-1","max-image-preview":"max-image-preview:large","max-video-preview":"max-video-preview:-1"},"canonical":"https:\/\/elfsight.com\/pl\/age-verification-widget\/joomla\/","og_locale":"pl_PL","og_type":"article","og_title":"Dodaj rozszerzenie Age Verification do strony Joomla (szybko i za darmo)","og_description":"Utworzenie rozszerzenia weryfikacji wieku i umieszczenie go na stronie Joomla nie jest trudne. Obs\u0142uga klienta Elfsight jest bezp\u0142atna.","og_url":"https:\/\/elfsight.com\/pl\/age-verification-widget\/joomla\/","og_site_name":"Elfsight PL","article_modified_time":"2024-11-14T12:38:12+00:00","twitter_card":"summary_large_image","twitter_misc":{"Szacowany czas czytania":"3 minuty"},"schema":{"@context":"https:\/\/schema.org","@graph":[{"@type":"WebPage","@id":"https:\/\/elfsight.com\/pl\/age-verification-widget\/joomla\/","url":"https:\/\/elfsight.com\/pl\/age-verification-widget\/joomla\/","name":"Dodaj rozszerzenie Age Verification do strony Joomla (szybko i za darmo)","isPartOf":{"@id":"https:\/\/elfsight.com\/pl\/#website"},"datePublished":"2024-05-03T06:26:04+00:00","dateModified":"2024-11-14T12:38:12+00:00","description":"Utworzenie rozszerzenia weryfikacji wieku i umieszczenie go na stronie Joomla nie jest trudne. Obs\u0142uga klienta Elfsight jest bezp\u0142atna.","breadcrumb":{"@id":"https:\/\/elfsight.com\/pl\/age-verification-widget\/joomla\/#breadcrumb"},"inLanguage":"pl-PL","potentialAction":[{"@type":"ReadAction","target":["https:\/\/elfsight.com\/pl\/age-verification-widget\/joomla\/"]}]},{"@type":"BreadcrumbList","@id":"https:\/\/elfsight.com\/pl\/age-verification-widget\/joomla\/#breadcrumb","itemListElement":[{"@type":"ListItem","position":1,"name":"Home","item":"https:\/\/elfsight.com\/pl\/"},{"@type":"ListItem","position":2,"name":"Age Verification","item":"https:\/\/elfsight.com\/pl\/age-verification-widget\/"},{"@type":"ListItem","position":3,"name":"Age Verification &#8211; Joomla"}]},{"@type":"WebSite","@id":"https:\/\/elfsight.com\/pl\/#website","url":"https:\/\/elfsight.com\/pl\/","name":"Elfsight PL","description":"Just another Elfsight Sites site","potentialAction":[{"@type":"SearchAction","target":{"@type":"EntryPoint","urlTemplate":"https:\/\/elfsight.com\/pl\/?s={search_term_string}"},"query-input":{"@type":"PropertyValueSpecification","valueRequired":true,"valueName":"search_term_string"}}],"inLanguage":"pl-PL"}]}},"meta_box":{"industry":"","seo_heading":"","heading":"","description":"","cta_heading":"","cta_description":"","application":"1920","h1":"Rozszerzenie Joomla Age Verification","h1_caption":"Zapewnij odpowiedzialny dost\u0119p do tre\u015bci wra\u017cliwych na wiek dzi\u0119ki prostemu i konfigurowalnemu rozszerzeniu weryfikacji wieku w Twojej witrynie Joomla.","application_category":[],"applications_title":"","applications_request_title":"","applications_request_button_text":"","hero_text":"","hero_video":"","hero_video_schema_markup":"","selling_points_title":"","selling_points_caption":"","selling_points":[],"selling_points_cta_text":"","features_title":"","features":"","ed_cta_examples_text":"","ed_cta_examples_hidden":"","ed_cta_demo_text":"","ed_cta_demo_hidden":"","why_caption":"","why_editor_title":"","why_editor_text":"","why_team_title":"","why_team_text":"","why_service_title":"","why_service_text":"","template_catalog_visible":"","template_catalog_title":"","template_catalog_text":"","template_catalog_categories_visible":"","demo_title":"Utw\u00f3rz wtyczk\u0119 weryfikacji wieku","demo_caption":"Skonfiguruj weryfikacj\u0119 wieku i dodaj j\u0105 do swojej witryny Joomla za darmo!","default_faq_hidden":"","app_template_category":[],"platform":"53","template_public_id":"","codecanyon_url":"","codecanyon_item_id":"","codecanyon_price":"","pricing_caption":"","pricing_elfsight_apps_hide_column":"","pricing_elfsight_apps_url":"","pricing_codecanyon_price_caption":"","integration_category":[],"integration_request_title":"","integration_request_cta":"","integration_platform":"","integrations":[],"platform_category":[],"video_schema_markup":"","price":"od 0 USD \/ miesi\u0105c","trial":"","benefits":[{"text":"Bezp\u0142atna us\u0142uga monta\u017cu"},{"text":"Wsparcie premium"},{"text":"14-dniowa gwarancja zwrotu pieni\u0119dzy"}],"button_url":"#demo","button_target_blank":"","button_nofollow":"","attributes":[{"name":"Instaluje"},{"name":"Czu\u0142y"},{"name":"Kompatybilne przegl\u0105darki"}],"tags":[],"tags_disable_links":"","hide_more_platforms":"","video_object":"","demo_hide_cta":"","demo_hide_cloud_options":"","pricing_title":"","pricing":[{"pricing_icon":"platform","pricing_title":"Elfsight Apps","pricing_title_caption":"Oprogramowanie niezale\u017cne od platformy, kt\u00f3re pasuje do ka\u017cdej witryny internetowej","pricing_price":"od 0 USD \/ miesi\u0105c","pricing_price_caption":"zacznij od bezp\u0142atnego planu","pricing_benefits":[{"text":"Nielimitowane domeny"},{"text":"Ca\u0142odobowe wsparcie firmy i dobrze udokumentowane"},{"text":"Bezp\u0142atne wsparcie przy instalacji"},{"text":"Cena do z\u0142apania dla wielu aplikacji"}],"pricing_button_text":"Dodaj do witryny","pricing_button_url":"#demo"}],"related_apps_title":"","related_apps_hidden":"","author":"","image":[],"title":"","job":"","social_networks":[]},"_links":{"self":[{"href":"https:\/\/elfsight.com\/pl\/wp-json\/wp\/v2\/pages\/3918","targetHints":{"allow":["GET"]}}],"collection":[{"href":"https:\/\/elfsight.com\/pl\/wp-json\/wp\/v2\/pages"}],"about":[{"href":"https:\/\/elfsight.com\/pl\/wp-json\/wp\/v2\/types\/page"}],"author":[{"embeddable":true,"href":"https:\/\/elfsight.com\/pl\/wp-json\/wp\/v2\/users\/9"}],"replies":[{"embeddable":true,"href":"https:\/\/elfsight.com\/pl\/wp-json\/wp\/v2\/comments?post=3918"}],"version-history":[{"count":2,"href":"https:\/\/elfsight.com\/pl\/wp-json\/wp\/v2\/pages\/3918\/revisions"}],"predecessor-version":[{"id":7604,"href":"https:\/\/elfsight.com\/pl\/wp-json\/wp\/v2\/pages\/3918\/revisions\/7604"}],"up":[{"embeddable":true,"href":"https:\/\/elfsight.com\/pl\/wp-json\/wp\/v2\/pages\/1921"}],"wp:attachment":[{"href":"https:\/\/elfsight.com\/pl\/wp-json\/wp\/v2\/media?parent=3918"}],"curies":[{"name":"wp","href":"https:\/\/api.w.org\/{rel}","templated":true}]}}