{"id":3917,"date":"2024-05-03T06:26:03","date_gmt":"2024-05-03T06:26:03","guid":{"rendered":"https:\/\/elfsight.com\/pl\/?page_id=3917"},"modified":"2024-11-14T12:38:12","modified_gmt":"2024-11-14T12:38:12","slug":"jquery","status":"publish","type":"page","link":"https:\/\/elfsight.com\/pl\/age-verification-widget\/jquery\/","title":{"rendered":"Age Verification &#8211; jQuery"},"content":{"rendered":"<div class=\"application-platform-content-item-description application-platform-content-item\" id=\"description\" data-nav-section=\"description\"> <h2>Opis<\/h2> <p>Nasz widget stanie si\u0119 najlepsz\u0105 metod\u0105 skonfigurowania wyskakuj\u0105cego okienka \u0142adowania strony, kt\u00f3re kontroluje wiek odwiedzaj\u0105cy stron\u0119 internetow\u0105. Ten wid\u017cet udost\u0119pnia tre\u015bci ograniczone wiekowo pe\u0142noletnim u\u017cytkownikom i odstrasza nieletnich odbiorc\u00f3w. Mo\u017cesz okre\u015bli\u0107 wymagany limit wiekowy, okre\u015bli\u0107 spos\u00f3b weryfikacji, wstawi\u0107 okno na wszystkich lub tylko wybranych stronach i wyznaczy\u0107 akcj\u0119. Wygl\u0105d mo\u017cna \u0142atwo dostosowa\u0107, zawiera elementy do malowania i mo\u017cliwo\u015b\u0107 pokazania w\u0142asnych zdj\u0119\u0107. <\/p> <div class=\"faq\" data-component=\"FAQ\"> <div class=\"faq-item\">\r\n\t\t\t\t\t<div class=\"faq-item-question\">\r\n\t\t\t\t\t\t<h3 class=\"faq-item-question-text\">Gdzie mog\u0119 to wy\u015bwietli\u0107<\/h3>\r\n\r\n\t\t\t\t\t\t<div class=\"faq-item-question-icon\"><\/div>\r\n\t\t\t\t\t<\/div>\r\n\r\n\t\t\t\t\t<div class=\"faq-item-answer\">\r\n\t\t\t\t\t\t<div class=\"faq-item-answer-text\"> <p>Mo\u017cesz albo zademonstrowa\u0107 wyskakuj\u0105ce okienko kontroli wieku na wszystkich stronach, albo wyznaczy\u0107 konkretne strony, kt\u00f3re maj\u0105 je zintegrowa\u0107. Co wi\u0119cej, dost\u0119pna jest funkcja umo\u017cliwiaj\u0105ca okre\u015blenie stron, na kt\u00f3rych tego nie chcesz. <\/p> <\/div>\r\n\t\t\t\t\t<\/div>\r\n\t\t\t\t<\/div> <div class=\"faq-item\">\r\n\t\t\t\t\t<div class=\"faq-item-question\">\r\n\t\t\t\t\t\t<h3 class=\"faq-item-question-text\">Jakie korzy\u015bci daje mi posiadanie wid\u017cetu? <\/h3>\r\n\r\n\t\t\t\t\t\t<div class=\"faq-item-question-icon\"><\/div>\r\n\t\t\t\t\t<\/div>\r\n\r\n\t\t\t\t\t<div class=\"faq-item-answer\">\r\n\t\t\t\t\t\t<div class=\"faq-item-answer-text\"> <p>Dzi\u0119ki temu wid\u017cetowi mo\u017cna w prosty i szybki spos\u00f3b utworzy\u0107 okno sprawdzaj\u0105ce wiek i zablokowa\u0107 dost\u0119p do swoich materia\u0142\u00f3w dla nieletnich u\u017cytkownik\u00f3w. Dzi\u0119ki temu b\u0119dziesz mie\u0107 pewno\u015b\u0107, \u017ce Twoja witryna internetowa spe\u0142nia wymogi prawne. Co wi\u0119cej, przyci\u0105gnie nowych docelowych u\u017cytkownik\u00f3w i wa\u017cnych klient\u00f3w. <\/p> <\/div>\r\n\t\t\t\t\t<\/div>\r\n\t\t\t\t<\/div> <div class=\"faq-item\">\r\n\t\t\t\t\t<div class=\"faq-item-question\">\r\n\t\t\t\t\t\t<h3 class=\"faq-item-question-text\">Jak zainstalowa\u0107 weryfikacj\u0119 wieku w jQuery? <\/h3>\r\n\r\n\t\t\t\t\t\t<div class=\"faq-item-question-icon\"><\/div>\r\n\t\t\t\t\t<\/div>\r\n\r\n\t\t\t\t\t<div class=\"faq-item-answer\">\r\n\t\t\t\t\t\t<div class=\"faq-item-answer-text\"> <p>B\u0119dziesz potrzebowa\u0107 tylko dw\u00f3ch minut, aby osadzi\u0107 wid\u017cet. Jest superszybki, darmowy i nie wymaga kodowania. <\/p> <p>Mo\u017cesz skonfigurowa\u0107 wid\u017cet na swojej stronie bezpo\u015brednio za po\u015brednictwem naszego serwisu. W tym celu b\u0119dziesz musia\u0142 zastosowa\u0107 si\u0119 do przewodnika znajduj\u0105cego si\u0119 poni\u017cej na tej stronie. <\/p> <\/div>\r\n\t\t\t\t\t<\/div>\r\n\t\t\t\t<\/div> <\/div> <\/div> <div class=\"application-platform-content-item-features application-platform-content-item\" id=\"features\" data-nav-section=\"features\"> <h2>Funkcje<\/h2> <p>Aby zapewni\u0107 lepsze postrzeganie weryfikacji wieku, poni\u017cej znajduje si\u0119 lista najwybitniejsze cechy. Sprawiaj\u0105, \u017ce nasz widget jest dla Ciebie maksymalnie skuteczny: <\/p> <ul><li>Wybierz jedn\u0105 z metod sprawdzenia: pro\u015bba o podanie pe\u0142nej daty urodzenia, tylko rok urodzenia lub pytanie z opcjami Tak i Nie; <\/li><li>Ustaw wid\u017cet tak, aby zapami\u0119tywa\u0142 odwiedzaj\u0105cych przez dowolny czas; <\/li><li>2 mo\u017cliwe scenariusze odstraszenia u\u017cytkownik\u00f3w: wy\u015bwietlenie niestandardowego komunikatu lub przekierowanie u\u017cytkownika na dowolny adres; <\/li><li>Dodaj niestandardowy obraz do wyskakuj\u0105cego okienka sprawdzaj\u0105cego wiek; <\/li><li>Podaj szczeg\u00f3\u0142owy tekst i linki pod przyciskiem weryfikacji. <\/li><\/ul><p><a href=\"#demo\">Nasze demo poka\u017ce Ci wszystkie funkcje<\/a><\/p> <\/div> <div class=\"application-platform-content-item-installation application-platform-content-item\" id=\"installation\" data-nav-section=\"installation\"> <h2>Dowiedz si\u0119, jak skonfigurowa\u0107 weryfikacj\u0119 wieku w swojej witrynie jQuery. Nie wymaga kodowania i jest szybki.<\/h2> <p>Jedyne, co musisz zrobi\u0107, aby zademonstrowa\u0107 wid\u017cet, to poni\u017csze czynno\u015bci.<\/p><ol><li><b>Wygeneruj unikaln\u0105 wtyczk\u0119 weryfikacji wieku <\/b><br> Korzystaj\u0105c z naszej bezp\u0142atnej wersji demonstracyjnej, utw\u00f3rz wtyczk\u0119 o preferowanym wygl\u0105dzie i funkcjach.<\/li><li><b>Zdob\u0105d\u017a osobisty kod, aby zintegrowa\u0107 wtyczk\u0119<\/b><br> Po dostosowaniu wid\u017cetu otrzymasz sw\u00f3j osobisty kod z powiadomienia pojawiaj\u0105cego si\u0119 w aplikacjach Elfsight. Skopiuj ten kod. <\/li> <li><b>Wy\u015bwietl wtyczk\u0119 na swojej stronie jQuery<\/b><br> Przejd\u017a do obszaru, w kt\u00f3rym chcesz umie\u015bci\u0107 wtyczk\u0119 i wstaw tam zapisany kod. Zastosuj zmiany.<\/li> <li><b>Gratulacje! W\u0142a\u015bnie umie\u015bci\u0142e\u015b wid\u017cet!<\/b><br> Wejd\u017a na swoj\u0105 stron\u0119, aby zobaczy\u0107 swoj\u0105 wtyczk\u0119.<\/li> <\/ol><p>Nadal nie zdecydowa\u0142e\u015b? Lub masz problemy? Po prostu wy\u015blij zapytanie do naszego dzia\u0142u obs\u0142ugi klienta, a oni rozwi\u0105\u017c\u0105 ka\u017cdy problem. <\/p> <\/div>","protected":false},"excerpt":{"rendered":"","protected":false},"author":9,"featured_media":0,"parent":1921,"menu_order":0,"comment_status":"closed","ping_status":"closed","template":"templates\/template-application-platform.php","meta":{"publish_to_discourse":"","publish_post_category":"","wpdc_auto_publish_overridden":"","wpdc_topic_tags":"","wpdc_pin_topic":"","wpdc_pin_until":"","discourse_post_id":"","discourse_permalink":"","wpdc_publishing_response":"","wpdc_publishing_error":"","footnotes":""},"class_list":["post-3917","page","type-page","status-publish","hentry"],"yoast_head":"<!-- This site is optimized with the Yoast SEO plugin v25.3.1 - https:\/\/yoast.com\/wordpress\/plugins\/seo\/ -->\n<title>Dodaj wtyczk\u0119 Age Verification do strony jQuery (szybko i za darmo)<\/title>\n<meta name=\"description\" content=\"\u0141atwo jest ukszta\u0142towa\u0107 wtyczk\u0119 Age Verification i umie\u015bci\u0107 j\u0105 na stronie jQuery. Obs\u0142uga klienta Elfsight jest bezp\u0142atna i szybka.\" \/>\n<meta name=\"robots\" content=\"index, follow, max-snippet:-1, max-image-preview:large, max-video-preview:-1\" \/>\n<link rel=\"canonical\" href=\"https:\/\/elfsight.com\/pl\/age-verification-widget\/jquery\/\" \/>\n<meta property=\"og:locale\" content=\"pl_PL\" \/>\n<meta property=\"og:type\" content=\"article\" \/>\n<meta property=\"og:title\" content=\"Dodaj wtyczk\u0119 Age Verification do strony jQuery (szybko i za darmo)\" \/>\n<meta property=\"og:description\" content=\"\u0141atwo jest ukszta\u0142towa\u0107 wtyczk\u0119 Age Verification i umie\u015bci\u0107 j\u0105 na stronie jQuery. Obs\u0142uga klienta Elfsight jest bezp\u0142atna i szybka.\" \/>\n<meta property=\"og:url\" content=\"https:\/\/elfsight.com\/pl\/age-verification-widget\/jquery\/\" \/>\n<meta property=\"og:site_name\" content=\"Elfsight PL\" \/>\n<meta property=\"article:modified_time\" content=\"2024-11-14T12:38:12+00:00\" \/>\n<meta name=\"twitter:card\" content=\"summary_large_image\" \/>\n<meta name=\"twitter:label1\" content=\"Szacowany czas czytania\" \/>\n\t<meta name=\"twitter:data1\" content=\"3 minuty\" \/>\n<!-- \/ Yoast SEO plugin. -->","yoast_head_json":{"title":"Dodaj wtyczk\u0119 Age Verification do strony jQuery (szybko i za darmo)","description":"\u0141atwo jest ukszta\u0142towa\u0107 wtyczk\u0119 Age Verification i umie\u015bci\u0107 j\u0105 na stronie jQuery. Obs\u0142uga klienta Elfsight jest bezp\u0142atna i szybka.","robots":{"index":"index","follow":"follow","max-snippet":"max-snippet:-1","max-image-preview":"max-image-preview:large","max-video-preview":"max-video-preview:-1"},"canonical":"https:\/\/elfsight.com\/pl\/age-verification-widget\/jquery\/","og_locale":"pl_PL","og_type":"article","og_title":"Dodaj wtyczk\u0119 Age Verification do strony jQuery (szybko i za darmo)","og_description":"\u0141atwo jest ukszta\u0142towa\u0107 wtyczk\u0119 Age Verification i umie\u015bci\u0107 j\u0105 na stronie jQuery. Obs\u0142uga klienta Elfsight jest bezp\u0142atna i szybka.","og_url":"https:\/\/elfsight.com\/pl\/age-verification-widget\/jquery\/","og_site_name":"Elfsight PL","article_modified_time":"2024-11-14T12:38:12+00:00","twitter_card":"summary_large_image","twitter_misc":{"Szacowany czas czytania":"3 minuty"},"schema":{"@context":"https:\/\/schema.org","@graph":[{"@type":"WebPage","@id":"https:\/\/elfsight.com\/pl\/age-verification-widget\/jquery\/","url":"https:\/\/elfsight.com\/pl\/age-verification-widget\/jquery\/","name":"Dodaj wtyczk\u0119 Age Verification do strony jQuery (szybko i za darmo)","isPartOf":{"@id":"https:\/\/elfsight.com\/pl\/#website"},"datePublished":"2024-05-03T06:26:03+00:00","dateModified":"2024-11-14T12:38:12+00:00","description":"\u0141atwo jest ukszta\u0142towa\u0107 wtyczk\u0119 Age Verification i umie\u015bci\u0107 j\u0105 na stronie jQuery. Obs\u0142uga klienta Elfsight jest bezp\u0142atna i szybka.","breadcrumb":{"@id":"https:\/\/elfsight.com\/pl\/age-verification-widget\/jquery\/#breadcrumb"},"inLanguage":"pl-PL","potentialAction":[{"@type":"ReadAction","target":["https:\/\/elfsight.com\/pl\/age-verification-widget\/jquery\/"]}]},{"@type":"BreadcrumbList","@id":"https:\/\/elfsight.com\/pl\/age-verification-widget\/jquery\/#breadcrumb","itemListElement":[{"@type":"ListItem","position":1,"name":"Home","item":"https:\/\/elfsight.com\/pl\/"},{"@type":"ListItem","position":2,"name":"Age Verification","item":"https:\/\/elfsight.com\/pl\/age-verification-widget\/"},{"@type":"ListItem","position":3,"name":"Age Verification &#8211; jQuery"}]},{"@type":"WebSite","@id":"https:\/\/elfsight.com\/pl\/#website","url":"https:\/\/elfsight.com\/pl\/","name":"Elfsight PL","description":"Just another Elfsight Sites site","potentialAction":[{"@type":"SearchAction","target":{"@type":"EntryPoint","urlTemplate":"https:\/\/elfsight.com\/pl\/?s={search_term_string}"},"query-input":{"@type":"PropertyValueSpecification","valueRequired":true,"valueName":"search_term_string"}}],"inLanguage":"pl-PL"}]}},"meta_box":{"industry":"","seo_heading":"","heading":"","description":"","cta_heading":"","cta_description":"","application":"1920","h1":"Wtyczka jQuery Age Verification","h1_caption":"Zapewnij odpowiedzialny dost\u0119p do tre\u015bci wra\u017cliwych na wiek dzi\u0119ki prostej i konfigurowalnej wtyczce do weryfikacji wieku, kt\u00f3ra bez wysi\u0142ku b\u0119dzie dost\u0119pna w Twojej witrynie jQuery.","application_category":[],"applications_title":"","applications_request_title":"","applications_request_button_text":"","hero_text":"","hero_video":"","hero_video_schema_markup":"","selling_points_title":"","selling_points_caption":"","selling_points":[],"selling_points_cta_text":"","features_title":"","features":"","ed_cta_examples_text":"","ed_cta_examples_hidden":"","ed_cta_demo_text":"","ed_cta_demo_hidden":"","why_caption":"","why_editor_title":"","why_editor_text":"","why_team_title":"","why_team_text":"","why_service_title":"","why_service_text":"","template_catalog_visible":"","template_catalog_title":"","template_catalog_text":"","template_catalog_categories_visible":"","demo_title":"Utw\u00f3rz wtyczk\u0119 weryfikacji wieku","demo_caption":"Skonfiguruj weryfikacj\u0119 wieku i dodaj j\u0105 do swojej witryny jQuery za darmo!","default_faq_hidden":"","app_template_category":[],"platform":"56","template_public_id":"","codecanyon_url":"","codecanyon_item_id":"","codecanyon_price":"","pricing_caption":"","pricing_elfsight_apps_hide_column":"","pricing_elfsight_apps_url":"","pricing_codecanyon_price_caption":"","integration_category":[],"integration_request_title":"","integration_request_cta":"","integration_platform":"","integrations":[],"platform_category":[],"video_schema_markup":"","price":"od 0 USD \/ miesi\u0105c","trial":"","benefits":[{"text":"Bezp\u0142atna pomoc w monta\u017cu"},{"text":"Profesjonalna obs\u0142uga klienta"},{"text":"14-dniowa gwarancja zwrotu pieni\u0119dzy"}],"button_url":"#demo","button_target_blank":"","button_nofollow":"","attributes":[{"name":"Instaluje"},{"name":"Czu\u0142y"},{"name":"Kompatybilne przegl\u0105darki"}],"tags":[],"tags_disable_links":"","hide_more_platforms":"","video_object":"","demo_hide_cta":"","demo_hide_cloud_options":"","pricing_title":"","pricing":[{"pricing_icon":"platform","pricing_title":"Elfsight Apps","pricing_title_caption":"Wersja wieloplatformowa, kt\u00f3ra dzia\u0142a na ka\u017cdej stronie internetowej","pricing_price":"od 0 USD \/ miesi\u0105c","pricing_price_caption":"zacznij od bezp\u0142atnego planu","pricing_benefits":[{"text":"Nielimitowane domeny"},{"text":"Wsparcie premium, terminowe i dobrze udokumentowane"},{"text":"Bezp\u0142atna pomoc w monta\u017cu"},{"text":"100% konfigurowalny"}],"pricing_button_text":"Dodaj do witryny","pricing_button_url":"#demo"}],"related_apps_title":"","related_apps_hidden":"","author":"","image":[],"title":"","job":"","social_networks":[]},"_links":{"self":[{"href":"https:\/\/elfsight.com\/pl\/wp-json\/wp\/v2\/pages\/3917","targetHints":{"allow":["GET"]}}],"collection":[{"href":"https:\/\/elfsight.com\/pl\/wp-json\/wp\/v2\/pages"}],"about":[{"href":"https:\/\/elfsight.com\/pl\/wp-json\/wp\/v2\/types\/page"}],"author":[{"embeddable":true,"href":"https:\/\/elfsight.com\/pl\/wp-json\/wp\/v2\/users\/9"}],"replies":[{"embeddable":true,"href":"https:\/\/elfsight.com\/pl\/wp-json\/wp\/v2\/comments?post=3917"}],"version-history":[{"count":1,"href":"https:\/\/elfsight.com\/pl\/wp-json\/wp\/v2\/pages\/3917\/revisions"}],"predecessor-version":[{"id":3921,"href":"https:\/\/elfsight.com\/pl\/wp-json\/wp\/v2\/pages\/3917\/revisions\/3921"}],"up":[{"embeddable":true,"href":"https:\/\/elfsight.com\/pl\/wp-json\/wp\/v2\/pages\/1921"}],"wp:attachment":[{"href":"https:\/\/elfsight.com\/pl\/wp-json\/wp\/v2\/media?parent=3917"}],"curies":[{"name":"wp","href":"https:\/\/api.w.org\/{rel}","templated":true}]}}