{"id":3912,"date":"2024-05-03T06:26:02","date_gmt":"2024-05-03T06:26:02","guid":{"rendered":"https:\/\/elfsight.com\/pl\/?page_id=3912"},"modified":"2024-11-14T12:38:12","modified_gmt":"2024-11-14T12:38:12","slug":"magento","status":"publish","type":"page","link":"https:\/\/elfsight.com\/pl\/age-verification-widget\/magento\/","title":{"rendered":"Age Verification &#8211; Magento"},"content":{"rendered":"<div class=\"application-platform-content-item-description application-platform-content-item\" id=\"description\" data-nav-section=\"description\"> <h2>Opis<\/h2> <p>Nasz widget stanie si\u0119 najlepszym sposobem na stworzenie natychmiastowego okna sprawdzaj\u0105cego wiek u\u017cytkownika. Widget sprawi, \u017ce Twoje tre\u015bci wra\u017cliwe na wiek b\u0119d\u0105 dost\u0119pne dla pe\u0142noletnich u\u017cytkownik\u00f3w i ukryj\u0105 je dla widz\u00f3w niepe\u0142noletnich. Wid\u017cet pozwala na ustalenie wymaganego limitu wieku, wyb\u00f3r formatu weryfikacji, umieszczenie wyskakuj\u0105cego okienka na ca\u0142ej witrynie lub tylko na wybranych stronach oraz wyb\u00f3r akcji w przypadku odmowy dost\u0119pu. Wygl\u0105d jest elastyczny, obejmuje detale, kt\u00f3re mo\u017cna pomalowa\u0107 i opcj\u0119 dodawania niestandardowych zdj\u0119\u0107. <\/p> <div class=\"faq\" data-component=\"FAQ\"> <div class=\"faq-item\">\r\n\t\t\t\t\t<div class=\"faq-item-question\">\r\n\t\t\t\t\t\t<h3 class=\"faq-item-question-text\">Gdzie mog\u0119 opublikowa\u0107 t\u0119 wtyczk\u0119<\/h3>\r\n\r\n\t\t\t\t\t\t<div class=\"faq-item-question-icon\"><\/div>\r\n\t\t\t\t\t<\/div>\r\n\r\n\t\t\t\t\t<div class=\"faq-item-answer\">\r\n\t\t\t\t\t\t<div class=\"faq-item-answer-text\"> <p>Mo\u017cesz albo wy\u015bwietli\u0107 okno kontroli wieku na wszystkich stronach witryny, albo wyznaczy\u0107 konkretne strony, na kt\u00f3rych chcesz go osadzi\u0107. Dodatkowo mo\u017cesz skorzysta\u0107 z funkcji wykluczania stron, kt\u00f3rych nie potrzebujesz. <\/p> <\/div>\r\n\t\t\t\t\t<\/div>\r\n\t\t\t\t<\/div> <div class=\"faq-item\">\r\n\t\t\t\t\t<div class=\"faq-item-question\">\r\n\t\t\t\t\t\t<h3 class=\"faq-item-question-text\">Jakie korzy\u015bci mo\u017ce mi to da\u0107?<\/h3>\r\n\r\n\t\t\t\t\t\t<div class=\"faq-item-question-icon\"><\/div>\r\n\t\t\t\t\t<\/div>\r\n\r\n\t\t\t\t\t<div class=\"faq-item-answer\">\r\n\t\t\t\t\t\t<div class=\"faq-item-answer-text\"> <p>Dzi\u0119ki naszemu wid\u017cetowi utworzenie wyskakuj\u0105cego okienka weryfikuj\u0105cego wiek i odstraszanie nieletnich u\u017cytkownik\u00f3w jest maksymalnie proste i szybkie. Pomo\u017ce to upewni\u0107 si\u0119, \u017ce Twoja witryna spe\u0142nia wymagania prawne. Co wi\u0119cej, zyskasz now\u0105 grup\u0119 docelow\u0105 i wa\u017cnych klient\u00f3w. <\/p> <\/div>\r\n\t\t\t\t\t<\/div>\r\n\t\t\t\t<\/div> <div class=\"faq-item\">\r\n\t\t\t\t\t<div class=\"faq-item-question\">\r\n\t\t\t\t\t\t<h3 class=\"faq-item-question-text\">Jak doda\u0107 weryfikacj\u0119 wieku do Magento?<\/h3>\r\n\r\n\t\t\t\t\t\t<div class=\"faq-item-question-icon\"><\/div>\r\n\t\t\t\t\t<\/div>\r\n\r\n\t\t\t\t\t<div class=\"faq-item-answer\">\r\n\t\t\t\t\t\t<div class=\"faq-item-answer-text\"> <p>Rozpocz\u0119cie korzystania z wid\u017cetu zajmuje kilka minut. Proces jest bardzo szybki, bezp\u0142atny i nie wymaga kodowania. <\/p> <p>Weryfikacj\u0119 wieku Elfsight mo\u017cna skonfigurowa\u0107 w naszym serwisie lub na rynku. Mo\u017cesz przeczyta\u0107 wi\u0119cej o obu opcjach i zdecydowa\u0107, kt\u00f3ra jest Twoja.<\/p> <\/div>\r\n\t\t\t\t\t<\/div>\r\n\t\t\t\t<\/div> <\/div> <\/div> <div class=\"application-platform-content-item-features application-platform-content-item\" id=\"features\" data-nav-section=\"features\"> <h2>Funkcje<\/h2> <p>Do kszta\u0142towania Aby lepiej pozna\u0107 wid\u017cet, odkryj list\u0119 najwa\u017cniejszych funkcji. Sprawiaj\u0105, \u017ce wid\u017cet jest niezwykle wydajny dla Twojej firmy: <\/p> <ul><li>Wybierz jedn\u0105 z metod sprawdzenia: pro\u015bba o podanie pe\u0142nej daty urodzenia, tylko rok urodzenia lub pytanie z opcj\u0105 Tak i Nie;<\/li><li>Mo\u017cliwo\u015b\u0107 zapami\u0119tania go\u015bcia przez dowolny okres czasu;<\/li><li>Dwa scenariusze po odmowie dost\u0119pu: wy\u015bwietlenie SMS-a lub skierowanie u\u017cytkownika pod dowolny adres;<\/li><li>Dodaj dowolny obraz do wy\u015bwietlenia w wyskakuj\u0105cym okienku kontrolnym;<\/li><li>Poka\u017c dodatkowe szczeg\u00f3\u0142y i linki pod przyciskiem weryfikacji.<\/li><\/ul><p><a href=\"#demo\">Nasze demo zademonstruje wi\u0119cej funkcje dla Ciebie<\/a><\/p> <\/div> <div class=\"application-platform-content-item-installation application-platform-content-item\" id=\"installation\" data-nav-section=\"installation\"> <h2>Zobaczmy, jak osadzi\u0107 wid\u017cet weryfikacji wieku na swojej stronie internetowej Magento<\/h2> <p> Kilka szybkich kroki to jedyna rzecz, kt\u00f3r\u0105 musisz zrobi\u0107. <\/p> <ol><li><b>Otw\u00f3rz nasz darmowy edytor i zacznij tworzy\u0107 spersonalizowane rozszerzenie. <\/b><br> Okre\u015bl preferowan\u0105 form\u0119 i funkcje rozszerzenia oraz zastosuj wszystkie zmiany. <\/li> <li><b>Odbierz indywidualny kod pokazany w oknie aplikacji Elfsight. <\/b><br> Po zako\u0144czeniu generowania Twojego osobistego rozszerzenia skopiuj sw\u00f3j kod z wy\u015bwietlonego okna i zapisz go do dalszego wykorzystania. <\/li> <li><b>Zainicjuj u\u017cycie rozszerzenia na stronie Magento. <\/b><br> Umie\u015b\u0107 skopiowany wcze\u015bniej kod na swojej stronie i zapisz zmiany. <\/li> <li><b>Gotowe! Osadzanie zosta\u0142o w pe\u0142ni wykonane. <\/b><br> Przejd\u017a do swojej witryny, aby obserwowa\u0107 dzia\u0142anie rozszerzenia. <\/li><\/ol><p>Nadal masz w\u0105tpliwo\u015bci? Albo do\u015bwiadczasz problem\u00f3w? Po prostu wy\u015blij zapytanie do naszego dzia\u0142u obs\u0142ugi klienta, pomo\u017cemy w ka\u017cdej sprawie. <\/p> <\/div>","protected":false},"excerpt":{"rendered":"","protected":false},"author":9,"featured_media":0,"parent":1921,"menu_order":0,"comment_status":"closed","ping_status":"closed","template":"templates\/template-application-platform.php","meta":{"publish_to_discourse":"","publish_post_category":"","wpdc_auto_publish_overridden":"","wpdc_topic_tags":"","wpdc_pin_topic":"","wpdc_pin_until":"","discourse_post_id":"","discourse_permalink":"","wpdc_publishing_response":"","wpdc_publishing_error":"","footnotes":""},"class_list":["post-3912","page","type-page","status-publish","hentry"],"yoast_head":"<!-- This site is optimized with the Yoast SEO plugin v25.3.1 - https:\/\/yoast.com\/wordpress\/plugins\/seo\/ -->\n<title>Dodaj rozszerzenie Age Verification do strony Magento (szybko i za darmo)<\/title>\n<meta name=\"description\" content=\"Dzi\u0119ki Elfsight skonstruuj rozszerzenie weryfikacji wieku i szybko wstaw je na swoj\u0105 witryn\u0119 Magento. Mamy bezp\u0142atn\u0105 obs\u0142ug\u0119 klienta i wi\u0119cej bonus\u00f3w.\" \/>\n<meta name=\"robots\" content=\"index, follow, max-snippet:-1, max-image-preview:large, max-video-preview:-1\" \/>\n<link rel=\"canonical\" href=\"https:\/\/elfsight.com\/pl\/age-verification-widget\/magento\/\" \/>\n<meta property=\"og:locale\" content=\"pl_PL\" \/>\n<meta property=\"og:type\" content=\"article\" \/>\n<meta property=\"og:title\" content=\"Dodaj rozszerzenie Age Verification do strony Magento (szybko i za darmo)\" \/>\n<meta property=\"og:description\" content=\"Dzi\u0119ki Elfsight skonstruuj rozszerzenie weryfikacji wieku i szybko wstaw je na swoj\u0105 witryn\u0119 Magento. Mamy bezp\u0142atn\u0105 obs\u0142ug\u0119 klienta i wi\u0119cej bonus\u00f3w.\" \/>\n<meta property=\"og:url\" content=\"https:\/\/elfsight.com\/pl\/age-verification-widget\/magento\/\" \/>\n<meta property=\"og:site_name\" content=\"Elfsight PL\" \/>\n<meta property=\"article:modified_time\" content=\"2024-11-14T12:38:12+00:00\" \/>\n<meta name=\"twitter:card\" content=\"summary_large_image\" \/>\n<meta name=\"twitter:label1\" content=\"Szacowany czas czytania\" \/>\n\t<meta name=\"twitter:data1\" content=\"3 minuty\" \/>\n<!-- \/ Yoast SEO plugin. -->","yoast_head_json":{"title":"Dodaj rozszerzenie Age Verification do strony Magento (szybko i za darmo)","description":"Dzi\u0119ki Elfsight skonstruuj rozszerzenie weryfikacji wieku i szybko wstaw je na swoj\u0105 witryn\u0119 Magento. Mamy bezp\u0142atn\u0105 obs\u0142ug\u0119 klienta i wi\u0119cej bonus\u00f3w.","robots":{"index":"index","follow":"follow","max-snippet":"max-snippet:-1","max-image-preview":"max-image-preview:large","max-video-preview":"max-video-preview:-1"},"canonical":"https:\/\/elfsight.com\/pl\/age-verification-widget\/magento\/","og_locale":"pl_PL","og_type":"article","og_title":"Dodaj rozszerzenie Age Verification do strony Magento (szybko i za darmo)","og_description":"Dzi\u0119ki Elfsight skonstruuj rozszerzenie weryfikacji wieku i szybko wstaw je na swoj\u0105 witryn\u0119 Magento. Mamy bezp\u0142atn\u0105 obs\u0142ug\u0119 klienta i wi\u0119cej bonus\u00f3w.","og_url":"https:\/\/elfsight.com\/pl\/age-verification-widget\/magento\/","og_site_name":"Elfsight PL","article_modified_time":"2024-11-14T12:38:12+00:00","twitter_card":"summary_large_image","twitter_misc":{"Szacowany czas czytania":"3 minuty"},"schema":{"@context":"https:\/\/schema.org","@graph":[{"@type":"WebPage","@id":"https:\/\/elfsight.com\/pl\/age-verification-widget\/magento\/","url":"https:\/\/elfsight.com\/pl\/age-verification-widget\/magento\/","name":"Dodaj rozszerzenie Age Verification do strony Magento (szybko i za darmo)","isPartOf":{"@id":"https:\/\/elfsight.com\/pl\/#website"},"datePublished":"2024-05-03T06:26:02+00:00","dateModified":"2024-11-14T12:38:12+00:00","description":"Dzi\u0119ki Elfsight skonstruuj rozszerzenie weryfikacji wieku i szybko wstaw je na swoj\u0105 witryn\u0119 Magento. Mamy bezp\u0142atn\u0105 obs\u0142ug\u0119 klienta i wi\u0119cej bonus\u00f3w.","breadcrumb":{"@id":"https:\/\/elfsight.com\/pl\/age-verification-widget\/magento\/#breadcrumb"},"inLanguage":"pl-PL","potentialAction":[{"@type":"ReadAction","target":["https:\/\/elfsight.com\/pl\/age-verification-widget\/magento\/"]}]},{"@type":"BreadcrumbList","@id":"https:\/\/elfsight.com\/pl\/age-verification-widget\/magento\/#breadcrumb","itemListElement":[{"@type":"ListItem","position":1,"name":"Home","item":"https:\/\/elfsight.com\/pl\/"},{"@type":"ListItem","position":2,"name":"Age Verification","item":"https:\/\/elfsight.com\/pl\/age-verification-widget\/"},{"@type":"ListItem","position":3,"name":"Age Verification &#8211; Magento"}]},{"@type":"WebSite","@id":"https:\/\/elfsight.com\/pl\/#website","url":"https:\/\/elfsight.com\/pl\/","name":"Elfsight PL","description":"Just another Elfsight Sites site","potentialAction":[{"@type":"SearchAction","target":{"@type":"EntryPoint","urlTemplate":"https:\/\/elfsight.com\/pl\/?s={search_term_string}"},"query-input":{"@type":"PropertyValueSpecification","valueRequired":true,"valueName":"search_term_string"}}],"inLanguage":"pl-PL"}]}},"meta_box":{"industry":"","seo_heading":"","heading":"","description":"","cta_heading":"","cta_description":"","application":"1920","h1":"Rozszerzenie Magento Age Verification","h1_caption":"Zapewnij odpowiedzialny dost\u0119p do tre\u015bci wra\u017cliwych na wiek dzi\u0119ki prostemu i konfigurowalnemu rozszerzeniu weryfikacji wieku w Twojej witrynie Magento.","application_category":[],"applications_title":"","applications_request_title":"","applications_request_button_text":"","hero_text":"","hero_video":"","hero_video_schema_markup":"","selling_points_title":"","selling_points_caption":"","selling_points":[],"selling_points_cta_text":"","features_title":"","features":"","ed_cta_examples_text":"","ed_cta_examples_hidden":"","ed_cta_demo_text":"","ed_cta_demo_hidden":"","why_caption":"","why_editor_title":"","why_editor_text":"","why_team_title":"","why_team_text":"","why_service_title":"","why_service_text":"","template_catalog_visible":"","template_catalog_title":"","template_catalog_text":"","template_catalog_categories_visible":"","demo_title":"Utw\u00f3rz rozszerzenie weryfikacji wieku","demo_caption":"Skonfiguruj weryfikacj\u0119 wieku i dodaj j\u0105 do swojej witryny Magento za darmo!","default_faq_hidden":"","app_template_category":[],"platform":"92","template_public_id":"","codecanyon_url":"","codecanyon_item_id":"","codecanyon_price":"","pricing_caption":"","pricing_elfsight_apps_hide_column":"","pricing_elfsight_apps_url":"","pricing_codecanyon_price_caption":"","integration_category":[],"integration_request_title":"","integration_request_cta":"","integration_platform":"","integrations":[],"platform_category":[],"video_schema_markup":"","price":"od 0 USD \/ miesi\u0105c","trial":"","benefits":[{"text":"Bezp\u0142atna pomoc w monta\u017cu"},{"text":"Kompetentna obs\u0142uga klienta"},{"text":"14-dniowa gwarancja zwrotu pieni\u0119dzy"}],"button_url":"#demo","button_target_blank":"","button_nofollow":"","attributes":[{"name":"Instaluje"},{"name":"Czu\u0142y"},{"name":"Kompatybilne przegl\u0105darki"}],"tags":[],"tags_disable_links":"","hide_more_platforms":"","video_object":"","demo_hide_cta":"","demo_hide_cloud_options":"","pricing_title":"","pricing":[{"pricing_icon":"platform","pricing_title":"Elfsight Apps","pricing_title_caption":"Wieloplatformowe rozwi\u0105zanie cyfrowe","pricing_price":"od 0 USD \/ miesi\u0105c","pricing_price_caption":"zacznij od bezp\u0142atnego planu","pricing_benefits":[{"text":"Nielimitowane strony internetowe"},{"text":"Obs\u0142uga klienta premium i dobrze udokumentowana"},{"text":"Bezp\u0142atna us\u0142uga monta\u017cu"},{"text":"Elastyczny projekt"}],"pricing_button_text":"Dodaj do witryny","pricing_button_url":"#demo"}],"related_apps_title":"","related_apps_hidden":"","author":"","image":[],"title":"","job":"","social_networks":[]},"_links":{"self":[{"href":"https:\/\/elfsight.com\/pl\/wp-json\/wp\/v2\/pages\/3912","targetHints":{"allow":["GET"]}}],"collection":[{"href":"https:\/\/elfsight.com\/pl\/wp-json\/wp\/v2\/pages"}],"about":[{"href":"https:\/\/elfsight.com\/pl\/wp-json\/wp\/v2\/types\/page"}],"author":[{"embeddable":true,"href":"https:\/\/elfsight.com\/pl\/wp-json\/wp\/v2\/users\/9"}],"replies":[{"embeddable":true,"href":"https:\/\/elfsight.com\/pl\/wp-json\/wp\/v2\/comments?post=3912"}],"version-history":[{"count":1,"href":"https:\/\/elfsight.com\/pl\/wp-json\/wp\/v2\/pages\/3912\/revisions"}],"predecessor-version":[{"id":3916,"href":"https:\/\/elfsight.com\/pl\/wp-json\/wp\/v2\/pages\/3912\/revisions\/3916"}],"up":[{"embeddable":true,"href":"https:\/\/elfsight.com\/pl\/wp-json\/wp\/v2\/pages\/1921"}],"wp:attachment":[{"href":"https:\/\/elfsight.com\/pl\/wp-json\/wp\/v2\/media?parent=3912"}],"curies":[{"name":"wp","href":"https:\/\/api.w.org\/{rel}","templated":true}]}}