{"id":3911,"date":"2024-05-03T06:26:01","date_gmt":"2024-05-03T06:26:01","guid":{"rendered":"https:\/\/elfsight.com\/pl\/?page_id=3911"},"modified":"2024-11-14T12:38:12","modified_gmt":"2024-11-14T12:38:12","slug":"html","status":"publish","type":"page","link":"https:\/\/elfsight.com\/pl\/age-verification-widget\/html\/","title":{"rendered":"Age Verification &#8211; HTML"},"content":{"rendered":"<div class=\"application-platform-content-item-description application-platform-content-item\" id=\"description\" data-nav-section=\"description\"> <h2>Opis<\/h2> <p>Wid\u017cet Elfsight b\u0119dzie najszybszym narz\u0119dziem do skonfigurowania powiadomienia o za\u0142adowaniu strony, kt\u00f3re sprawdzi wiek u\u017cytkownik. Nasz widget pomaga udost\u0119pni\u0107 materia\u0142y ograniczone wiekowo osobom doros\u0142ym i zablokowa\u0107 dost\u0119p do nich osobom niepe\u0142noletnim. Istnieje mo\u017cliwo\u015b\u0107 okre\u015blenia odpowiedniego ograniczenia wiekowego, zdefiniowania formatu weryfikacji, osadzenia widgetu na ka\u017cdej lub tylko kilku stronach oraz akcji po odmowie dost\u0119pu. Wygl\u0105d mo\u017cna \u0142atwo dostosowa\u0107 za pomoc\u0105 detali, kt\u00f3re mo\u017cna pomalowa\u0107 i opcji dodawania niestandardowych obraz\u00f3w. <\/p> <div class=\"faq\" data-component=\"FAQ\"> <div class=\"faq-item\">\r\n\t\t\t\t\t<div class=\"faq-item-question\">\r\n\t\t\t\t\t\t<h3 class=\"faq-item-question-text\">Gdzie mog\u0119 zainstalowa\u0107 widget<\/h3>\r\n\r\n\t\t\t\t\t\t<div class=\"faq-item-question-icon\"><\/div>\r\n\t\t\t\t\t<\/div>\r\n\r\n\t\t\t\t\t<div class=\"faq-item-answer\">\r\n\t\t\t\t\t\t<div class=\"faq-item-answer-text\"> <p>Mo\u017cesz zademonstrowa\u0107 okno weryfikacji na wszystkich stronach internetowych lub wyznaczy\u0107 konkretne strony, na kt\u00f3rych chcesz je zintegrowa\u0107. Istnieje r\u00f3wnie\u017c mo\u017cliwo\u015b\u0107 okre\u015blenia stron, na kt\u00f3rych tego nie chcesz. <\/p> <\/div>\r\n\t\t\t\t\t<\/div>\r\n\t\t\t\t<\/div> <div class=\"faq-item\">\r\n\t\t\t\t\t<div class=\"faq-item-question\">\r\n\t\t\t\t\t\t<h3 class=\"faq-item-question-text\">Jakie mia\u0142bym z tego korzy\u015bci? <\/h3>\r\n\r\n\t\t\t\t\t\t<div class=\"faq-item-question-icon\"><\/div>\r\n\t\t\t\t\t<\/div>\r\n\r\n\t\t\t\t\t<div class=\"faq-item-answer\">\r\n\t\t\t\t\t\t<div class=\"faq-item-answer-text\"> <p>Dzi\u0119ki wid\u017cetowi Elfsight mo\u017cna \u0142atwo i szybko umie\u015bci\u0107 wyskakuj\u0105ce okienko sprawdzaj\u0105ce wiek i ukry\u0107 swoje materia\u0142y przed nieletnimi odwiedzaj\u0105cymi . Dzi\u0119ki temu b\u0119dziesz mie\u0107 pewno\u015b\u0107, \u017ce Twoja witryna internetowa spe\u0142nia wymogi prawne. Co wi\u0119cej, przyci\u0105gnie to wi\u0119cej docelowych u\u017cytkownik\u00f3w i wa\u017cnych klient\u00f3w. <\/p> <\/div>\r\n\t\t\t\t\t<\/div>\r\n\t\t\t\t<\/div> <div class=\"faq-item\">\r\n\t\t\t\t\t<div class=\"faq-item-question\">\r\n\t\t\t\t\t\t<h3 class=\"faq-item-question-text\">Czego potrzebuj\u0119, aby doda\u0107 weryfikacj\u0119 wieku do kodu HTML? <\/h3>\r\n\r\n\t\t\t\t\t\t<div class=\"faq-item-question-icon\"><\/div>\r\n\t\t\t\t\t<\/div>\r\n\r\n\t\t\t\t\t<div class=\"faq-item-answer\">\r\n\t\t\t\t\t\t<div class=\"faq-item-answer-text\"> <p>Ustawienie powiadomienia zajmie Ci tylko minut\u0119. Proces integracji jest niezwykle szybki, darmowy i bez konieczno\u015bci kodowania. <\/p> <p>Mo\u017cesz skonfigurowa\u0107 wid\u017cet na stronie za po\u015brednictwem naszej us\u0142ugi. Aby to zrobi\u0107, post\u0119puj zgodnie z przewodnikiem znajduj\u0105cym si\u0119 poni\u017cej na tej stronie. <\/p> <\/div>\r\n\t\t\t\t\t<\/div>\r\n\t\t\t\t<\/div> <\/div> <\/div> <div class=\"application-platform-content-item-features application-platform-content-item\" id=\"features\" data-nav-section=\"features\"> <h2>Funkcje<\/h2> <p>Aby w pe\u0142ni zrozumie\u0107 weryfikacj\u0119 wieku, sprawd\u017a list\u0119 najcz\u0119\u015bciej wa\u017cne cechy. Dzi\u0119ki nim widget jest dla Ciebie niezwykle skuteczny: <\/p> <ul><li>Wybierz jeden z typ\u00f3w sprawdzania: pro\u015bba o pe\u0142n\u0105 dat\u0119 urodzenia, tylko rok urodzenia lub pytanie z opcj\u0105 Tak i Nie;<\/li><li>Wybierz opcj\u0119 zapami\u0119tywania go\u015bci przez dowolny okres w dniach;<\/li><li>Dwa mo\u017cliwe scenariusze po odmowie dost\u0119pu: wy\u015bwietlenie tekstu lub przekierowanie u\u017cytkownika na dowolny adres;<\/li><li>Prze\u015blij w\u0142asny obraz do wy\u015bwietlenia w wyskakuj\u0105cym okienku sprawdzania wieku;<\/li><li>Wy\u015bwietlaj szczeg\u00f3\u0142owe szczeg\u00f3\u0142y za pomoc\u0105 link\u00f3w pod przyciskiem weryfikacji. <\/li><\/ul><p><a href=\"#demo\">Aby pozna\u0107 pe\u0142n\u0105 list\u0119 funkcji, zobacz demonstracj\u0119<\/a><\/p> <\/div> <div class=\"application-platform-content-item-installation application-platform-content-item\" id=\"installation\" data-nav-section=\"installation\"> <h2>Zobacz, jak osadzi\u0107 kod weryfikacji wieku w swojej witrynie HTML. Jest superszybki.<\/h2> <div class=\"video-container\"><iframe width=\"720\" height=\"405\" src=\"https:\/\/www.youtube.com\/embed\/b9gIB_3-s5k\" frameborder=\"0\" allowfullscreen=\"\"><\/iframe><\/div><p>Te kilka krok\u00f3w to jedyna rzecz, kt\u00f3r\u0105 musisz zrobi\u0107, aby osadzi\u0107 wid\u017cet <\/p> <ol><li><b>Generuj Twoja unikalna wtyczka do weryfikacji wieku<\/b><br> Korzystaj\u0105c z naszej bezp\u0142atnej wersji demonstracyjnej, utw\u00f3rz wtyczk\u0119 o preferowanym wygl\u0105dzie i funkcjach. <\/li><li><b>Zdob\u0105d\u017a osobisty kod, aby zintegrowa\u0107 wtyczk\u0119<\/b><br> Po dostosowaniu wid\u017cetu otrzymasz sw\u00f3j osobisty kod z powiadomienia pojawiaj\u0105cego si\u0119 w aplikacjach Elfsight. Skopiuj ten kod. <\/li> <li><b>Wy\u015bwietl wtyczk\u0119 na swojej stronie HTML<\/b><br> Przejd\u017a do obszaru, w kt\u00f3rym chcesz umie\u015bci\u0107 wtyczk\u0119 i wstaw tam zapisany kod. Zastosuj zmiany.<\/li> <li><b>Gratulacje! W\u0142a\u015bnie umie\u015bci\u0142e\u015b widget! <\/b><br> Wejd\u017a na swoj\u0105 stron\u0119, aby zobaczy\u0107 swoj\u0105 wtyczk\u0119. <\/li> <\/ol><p>Nadal nie mo\u017cesz si\u0119 zdecydowa\u0107? Albo masz problemy? Zapytanie do naszego dzia\u0142u obs\u0142ugi klienta rozwi\u0105\u017ce ka\u017cd\u0105 spraw\u0119. <\/p> <\/div>","protected":false},"excerpt":{"rendered":"","protected":false},"author":9,"featured_media":0,"parent":1921,"menu_order":0,"comment_status":"closed","ping_status":"closed","template":"templates\/template-application-platform.php","meta":{"publish_to_discourse":"","publish_post_category":"","wpdc_auto_publish_overridden":"","wpdc_topic_tags":"","wpdc_pin_topic":"","wpdc_pin_until":"","discourse_post_id":"","discourse_permalink":"","wpdc_publishing_response":"","wpdc_publishing_error":"","footnotes":""},"class_list":["post-3911","page","type-page","status-publish","hentry"],"yoast_head":"<!-- This site is optimized with the Yoast SEO plugin v25.3.1 - https:\/\/yoast.com\/wordpress\/plugins\/seo\/ -->\n<title>Kod weryfikacyjny wieku do strony HTML (szybki i bezp\u0142atny)<\/title>\n<meta name=\"description\" content=\"Oto szansa na skonstruowanie kodu weryfikacji wieku i zintegrowanie go ze swoj\u0105 witryn\u0105 HTML. Ciesz si\u0119 bezp\u0142atn\u0105 obs\u0142ug\u0105 klienta i innymi korzy\u015bciami od Elfsight.\" \/>\n<meta name=\"robots\" content=\"index, follow, max-snippet:-1, max-image-preview:large, max-video-preview:-1\" \/>\n<link rel=\"canonical\" href=\"https:\/\/elfsight.com\/pl\/age-verification-widget\/html\/\" \/>\n<meta property=\"og:locale\" content=\"pl_PL\" \/>\n<meta property=\"og:type\" content=\"article\" \/>\n<meta property=\"og:title\" content=\"Kod weryfikacyjny wieku do strony HTML (szybki i bezp\u0142atny)\" \/>\n<meta property=\"og:description\" content=\"Oto szansa na skonstruowanie kodu weryfikacji wieku i zintegrowanie go ze swoj\u0105 witryn\u0105 HTML. Ciesz si\u0119 bezp\u0142atn\u0105 obs\u0142ug\u0105 klienta i innymi korzy\u015bciami od Elfsight.\" \/>\n<meta property=\"og:url\" content=\"https:\/\/elfsight.com\/pl\/age-verification-widget\/html\/\" \/>\n<meta property=\"og:site_name\" content=\"Elfsight PL\" \/>\n<meta property=\"article:modified_time\" content=\"2024-11-14T12:38:12+00:00\" \/>\n<meta name=\"twitter:card\" content=\"summary_large_image\" \/>\n<meta name=\"twitter:label1\" content=\"Szacowany czas czytania\" \/>\n\t<meta name=\"twitter:data1\" content=\"3 minuty\" \/>\n<!-- \/ Yoast SEO plugin. -->","yoast_head_json":{"title":"Kod weryfikacyjny wieku do strony HTML (szybki i bezp\u0142atny)","description":"Oto szansa na skonstruowanie kodu weryfikacji wieku i zintegrowanie go ze swoj\u0105 witryn\u0105 HTML. Ciesz si\u0119 bezp\u0142atn\u0105 obs\u0142ug\u0105 klienta i innymi korzy\u015bciami od Elfsight.","robots":{"index":"index","follow":"follow","max-snippet":"max-snippet:-1","max-image-preview":"max-image-preview:large","max-video-preview":"max-video-preview:-1"},"canonical":"https:\/\/elfsight.com\/pl\/age-verification-widget\/html\/","og_locale":"pl_PL","og_type":"article","og_title":"Kod weryfikacyjny wieku do strony HTML (szybki i bezp\u0142atny)","og_description":"Oto szansa na skonstruowanie kodu weryfikacji wieku i zintegrowanie go ze swoj\u0105 witryn\u0105 HTML. Ciesz si\u0119 bezp\u0142atn\u0105 obs\u0142ug\u0105 klienta i innymi korzy\u015bciami od Elfsight.","og_url":"https:\/\/elfsight.com\/pl\/age-verification-widget\/html\/","og_site_name":"Elfsight PL","article_modified_time":"2024-11-14T12:38:12+00:00","twitter_card":"summary_large_image","twitter_misc":{"Szacowany czas czytania":"3 minuty"},"schema":{"@context":"https:\/\/schema.org","@graph":[{"@type":"WebPage","@id":"https:\/\/elfsight.com\/pl\/age-verification-widget\/html\/","url":"https:\/\/elfsight.com\/pl\/age-verification-widget\/html\/","name":"Kod weryfikacyjny wieku do strony HTML (szybki i bezp\u0142atny)","isPartOf":{"@id":"https:\/\/elfsight.com\/pl\/#website"},"datePublished":"2024-05-03T06:26:01+00:00","dateModified":"2024-11-14T12:38:12+00:00","description":"Oto szansa na skonstruowanie kodu weryfikacji wieku i zintegrowanie go ze swoj\u0105 witryn\u0105 HTML. Ciesz si\u0119 bezp\u0142atn\u0105 obs\u0142ug\u0105 klienta i innymi korzy\u015bciami od Elfsight.","breadcrumb":{"@id":"https:\/\/elfsight.com\/pl\/age-verification-widget\/html\/#breadcrumb"},"inLanguage":"pl-PL","potentialAction":[{"@type":"ReadAction","target":["https:\/\/elfsight.com\/pl\/age-verification-widget\/html\/"]}]},{"@type":"BreadcrumbList","@id":"https:\/\/elfsight.com\/pl\/age-verification-widget\/html\/#breadcrumb","itemListElement":[{"@type":"ListItem","position":1,"name":"Home","item":"https:\/\/elfsight.com\/pl\/"},{"@type":"ListItem","position":2,"name":"Age Verification","item":"https:\/\/elfsight.com\/pl\/age-verification-widget\/"},{"@type":"ListItem","position":3,"name":"Age Verification &#8211; HTML"}]},{"@type":"WebSite","@id":"https:\/\/elfsight.com\/pl\/#website","url":"https:\/\/elfsight.com\/pl\/","name":"Elfsight PL","description":"Just another Elfsight Sites site","potentialAction":[{"@type":"SearchAction","target":{"@type":"EntryPoint","urlTemplate":"https:\/\/elfsight.com\/pl\/?s={search_term_string}"},"query-input":{"@type":"PropertyValueSpecification","valueRequired":true,"valueName":"search_term_string"}}],"inLanguage":"pl-PL"}]}},"meta_box":{"industry":"","seo_heading":"","heading":"","description":"","cta_heading":"","cta_description":"","application":"1920","h1":"Kod weryfikacyjny wieku HTML","h1_caption":"Zapewnij odpowiedzialny dost\u0119p do tre\u015bci wra\u017cliwych na wiek, korzystaj\u0105c z prostego i konfigurowalnego wid\u017cetu weryfikacji wieku, kt\u00f3ry mo\u017cna \u0142atwo dostosowa\u0107 do swojej witryny HTML.","application_category":[],"applications_title":"","applications_request_title":"","applications_request_button_text":"","hero_text":"","hero_video":"","hero_video_schema_markup":"","selling_points_title":"","selling_points_caption":"","selling_points":[],"selling_points_cta_text":"","features_title":"","features":"","ed_cta_examples_text":"","ed_cta_examples_hidden":"","ed_cta_demo_text":"","ed_cta_demo_hidden":"","why_caption":"","why_editor_title":"","why_editor_text":"","why_team_title":"","why_team_text":"","why_service_title":"","why_service_text":"","template_catalog_visible":"","template_catalog_title":"","template_catalog_text":"","template_catalog_categories_visible":"","demo_title":"Utw\u00f3rz wid\u017cet weryfikacji wieku","demo_caption":"Skonfiguruj weryfikacj\u0119 wieku i dodaj j\u0105 do swojej witryny HTML za darmo!","default_faq_hidden":"","app_template_category":[],"platform":"50","template_public_id":"","codecanyon_url":"","codecanyon_item_id":"","codecanyon_price":"","pricing_caption":"","pricing_elfsight_apps_hide_column":"","pricing_elfsight_apps_url":"","pricing_codecanyon_price_caption":"","integration_category":[],"integration_request_title":"","integration_request_cta":"","integration_platform":"","integrations":[],"platform_category":[],"video_schema_markup":"","price":"od 0 USD \/ miesi\u0105c","trial":"","benefits":[{"text":"Bezp\u0142atna pomoc w monta\u017cu"},{"text":"Wyj\u0105tkowe wsparcie"},{"text":"14-dniowa gwarancja zwrotu pieni\u0119dzy"}],"button_url":"#demo","button_target_blank":"","button_nofollow":"","attributes":[{"name":"Instaluje"},{"name":"Czu\u0142y"},{"name":"Kompatybilne przegl\u0105darki"}],"tags":[],"tags_disable_links":"","hide_more_platforms":"","video_object":"","demo_hide_cta":"","demo_hide_cloud_options":"","pricing_title":"","pricing":[{"pricing_icon":"platform","pricing_title":"Elfsight Apps","pricing_title_caption":"Rozwi\u0105zanie wieloplatformowe","pricing_price":"od 0 USD \/ miesi\u0105c","pricing_price_caption":"zacznij od bezp\u0142atnego planu","pricing_benefits":[{"text":"Nielimitowane strony internetowe"},{"text":"Profesjonalne wsparcie"},{"text":"Bezp\u0142atne wsparcie instalacyjne"},{"text":"Specjalna oferta na wiele aplikacji"}],"pricing_button_text":"Dodaj do witryny","pricing_button_url":"#demo"}],"related_apps_title":"","related_apps_hidden":"","author":"","image":[],"title":"","job":"","social_networks":[]},"_links":{"self":[{"href":"https:\/\/elfsight.com\/pl\/wp-json\/wp\/v2\/pages\/3911","targetHints":{"allow":["GET"]}}],"collection":[{"href":"https:\/\/elfsight.com\/pl\/wp-json\/wp\/v2\/pages"}],"about":[{"href":"https:\/\/elfsight.com\/pl\/wp-json\/wp\/v2\/types\/page"}],"author":[{"embeddable":true,"href":"https:\/\/elfsight.com\/pl\/wp-json\/wp\/v2\/users\/9"}],"replies":[{"embeddable":true,"href":"https:\/\/elfsight.com\/pl\/wp-json\/wp\/v2\/comments?post=3911"}],"version-history":[{"count":2,"href":"https:\/\/elfsight.com\/pl\/wp-json\/wp\/v2\/pages\/3911\/revisions"}],"predecessor-version":[{"id":7603,"href":"https:\/\/elfsight.com\/pl\/wp-json\/wp\/v2\/pages\/3911\/revisions\/7603"}],"up":[{"embeddable":true,"href":"https:\/\/elfsight.com\/pl\/wp-json\/wp\/v2\/pages\/1921"}],"wp:attachment":[{"href":"https:\/\/elfsight.com\/pl\/wp-json\/wp\/v2\/media?parent=3911"}],"curies":[{"name":"wp","href":"https:\/\/api.w.org\/{rel}","templated":true}]}}