{"id":3909,"date":"2024-05-03T06:25:59","date_gmt":"2024-05-03T06:25:59","guid":{"rendered":"https:\/\/elfsight.com\/pl\/?page_id=3909"},"modified":"2025-12-18T15:37:43","modified_gmt":"2025-12-18T15:37:43","slug":"shopify","status":"publish","type":"page","link":"https:\/\/elfsight.com\/pl\/age-verification-widget\/shopify\/","title":{"rendered":"Age Verification &#8211; Shopify"},"content":{"rendered":"<div class=\"application-platform-content-item-description application-platform-content-item\" id=\"description\" data-nav-section=\"description\"> <h2>Osad\u017a weryfikacj\u0119 wieku w Shopify za pomoc\u0105 wid\u017cetu Elfsight<\/h2> <p>Ten wid\u017cet b\u0119dzie najwygodniejszym sposobem skonfigurowania bezpo\u015bredniego okna, kt\u00f3ry pyta o wiek osoby odwiedzaj\u0105cej witryn\u0119. Udost\u0119pnia materia\u0142y ograniczone wiekowo pe\u0142noletnim u\u017cytkownikom i chroni je przed nieletnimi odbiorcami. Dost\u0119pne s\u0105 opcje okre\u015blenia wieku, wyboru metody weryfikacji, dodania wyskakuj\u0105cego okienka na ka\u017cdej lub tylko okre\u015blonych stronach oraz wybrania akcji po odmowie dost\u0119pu. Wygl\u0105d jest elastyczny i obejmuje detale, kt\u00f3re mo\u017cna malowa\u0107 oraz opcj\u0119 dodawania niestandardowych zdj\u0119\u0107. <\/p> <div class=\"faq\" data-component=\"FAQ\"> <div class=\"faq-item\">\r\n\t\t\t\t\t<div class=\"faq-item-question\">\r\n\t\t\t\t\t\t<h3 class=\"faq-item-question-text\">Gdzie w mojej witrynie mog\u0119 zintegrowa\u0107 wid\u017cet<\/h3>\r\n\r\n\t\t\t\t\t\t<div class=\"faq-item-question-icon\"><\/div>\r\n\t\t\t\t\t<\/div>\r\n\r\n\t\t\t\t\t<div class=\"faq-item-answer\">\r\n\t\t\t\t\t\t<div class=\"faq-item-answer-text\"> <p>Mo\u017cesz osadzi\u0107 wyskakuj\u0105ce okienko weryfikacyjne na ka\u017cdej stronie lub wybra\u0107 strony, na kt\u00f3rych chcesz je zintegrowa\u0107. Ponadto mo\u017cesz skorzysta\u0107 z opcji wykluczenia tych stron, gdzie tego nie chcesz. <\/p> <\/div>\r\n\t\t\t\t\t<\/div>\r\n\t\t\t\t<\/div> <div class=\"faq-item\">\r\n\t\t\t\t\t<div class=\"faq-item-question\">\r\n\t\t\t\t\t\t<h3 class=\"faq-item-question-text\">Jakie korzy\u015bci mi to da?<\/h3>\r\n\r\n\t\t\t\t\t\t<div class=\"faq-item-question-icon\"><\/div>\r\n\t\t\t\t\t<\/div>\r\n\r\n\t\t\t\t\t<div class=\"faq-item-answer\">\r\n\t\t\t\t\t\t<div class=\"faq-item-answer-text\"> <p>Dzi\u0119ki naszemu widgetowi niezwykle \u0142atwo i szybko skonfigurujesz okno weryfikacji wieku i sprawisz, \u017ce Twoje tre\u015bci b\u0119d\u0105 niedost\u0119pne dla os\u00f3b niepe\u0142noletnich u\u017cytkownicy. Dzi\u0119ki temu b\u0119dziesz mie\u0107 pewno\u015b\u0107, \u017ce Twoja witryna jest zgodna z przepisami. Dzi\u0119ki temu zyskasz wi\u0119cej docelowych u\u017cytkownik\u00f3w i wa\u017cnych potencjalnych klient\u00f3w. <\/p> <\/div>\r\n\t\t\t\t\t<\/div>\r\n\t\t\t\t<\/div> <div class=\"faq-item\">\r\n\t\t\t\t\t<div class=\"faq-item-question\">\r\n\t\t\t\t\t\t<h3 class=\"faq-item-question-text\">Czego potrzebuj\u0119, aby uzyska\u0107 wid\u017cet weryfikacji wieku w mojej witrynie Shopify?<\/h3>\r\n\r\n\t\t\t\t\t\t<div class=\"faq-item-question-icon\"><\/div>\r\n\t\t\t\t\t<\/div>\r\n\r\n\t\t\t\t\t<div class=\"faq-item-answer\">\r\n\t\t\t\t\t\t<div class=\"faq-item-answer-text\"> <p>Osadzanie wid\u017cetu zajmuje dwie minuty. Integracja jest niezwykle szybka, bezp\u0142atna i nie wymaga kodowania. <\/p> <p>Weryfikacj\u0119 wieku Elfsight mo\u017cna przeprowadzi\u0107 za po\u015brednictwem naszej us\u0142ugi lub na rynku. Tutaj mo\u017cesz por\u00f3wna\u0107 wi\u0119cej szczeg\u00f3\u0142\u00f3w obu opcji i wybra\u0107 swoj\u0105.<\/p> <\/div>\r\n\t\t\t\t\t<\/div>\r\n\t\t\t\t<\/div> <\/div> <\/div> <div class=\"application-platform-content-item-features application-platform-content-item\" id=\"features\" data-nav-section=\"features\"> <h2>G\u0142\u00f3wne funkcje wid\u017cetu weryfikacji wieku<\/h2> <p>Aby lepiej pozna\u0107 wid\u017cet, mo\u017cesz rzuci\u0107 okiem na list\u0119 g\u0142\u00f3wnych cech. Sprawiaj\u0105, \u017ce widget jest dla Ciebie niezwykle skuteczny: <\/p> <ul><li>Wybierz jeden z typ\u00f3w czek\u00f3w: pro\u015bba o pe\u0142n\u0105 dat\u0119 urodzenia, tylko rok urodzenia lub pytanie z opcjami Tak i Nie; <\/li><li>Wybierz opcj\u0119 zapami\u0119tywania u\u017cytkownik\u00f3w przez dowolny okres czasu; <\/li><li>Dwa mo\u017cliwe scenariusze odstraszenia odwiedzaj\u0105cych: wy\u015bwietlenie niestandardowego tekstu lub przekierowanie u\u017cytkownika na dowolny adres; <\/li><li>Dodaj dowolne zdj\u0119cie, kt\u00f3re b\u0119dzie wy\u015bwietlane w oknie weryfikacji; <\/li><li>Przedstaw dodatkowe informacje za pomoc\u0105 link\u00f3w pod przyciskiem weryfikacji. <\/li><\/ul><p><a href=\"#demo\">Nasza demonstracja na \u017cywo poka\u017ce Ci wszystkie funkcje<\/a><\/p> <\/div><div class=\"application-platform-content-item-installation application-platform-content-item\" id=\"installation\" data-nav-section=\"installation\"> <h2>Sprawd\u017amy, jak wprowadzi\u0107 aplikacj\u0119 Age Verification do Twojego sklepu Shopify. Jest to niezwykle proste.<\/h2> <div class=\"video-container\">\n<iframe width=\"720\" height=\"405\" src=\"https:\/\/www.youtube.com\/embed\/HoyI5ybafJE?si=omOJ_TNxmSGHDny8\" frameborder=\"0\" allowfullscreen=\"\"><\/iframe>\n<\/div><p>Poni\u017csze kroki to jedyne, co musisz zrobi\u0107, aby skonfigurowa\u0107 wid\u017cet. <\/p> <ol><li><b>Skorzystaj z naszego bezp\u0142atnego konfiguratora i zacznij tworzy\u0107 w\u0142asn\u0105 aplikacj\u0119. <\/b><br> Okre\u015bl odpowiedni uk\u0142ad i cechy aplikacji oraz zastosuj wszystkie zmiany. <\/li> <li><b>Odbierz sw\u00f3j unikalny kod pojawiaj\u0105cy si\u0119 w polu aplikacji Elfsight. <\/b><br> Po zako\u0144czeniu generowania aplikacji osobistej skopiuj kod z wy\u015bwietlonego okna i zapisz go na p\u00f3\u017aniej. <\/li> <li><b>Rozpocznij korzystanie z aplikacji na swojej stronie internetowej Shopify.<\/b><br> Osad\u017a skopiowany wcze\u015bniej kod w swojej witrynie i zastosuj zmiany.<\/li> <li><b>Instalacja zosta\u0142a w pe\u0142ni wykonana.<\/b><br> Przejd\u017a do swojej witryny, aby zobaczy\u0107 dzia\u0142anie aplikacji.<\/li><\/ol><p>Nadal masz w\u0105tpliwo\u015bci? Lub masz pytania? Tylko jedno zg\u0142oszenie do naszego dzia\u0142u obs\u0142ugi klienta za\u0142atwi spraw\u0119.<\/p> <\/div>","protected":false},"excerpt":{"rendered":"","protected":false},"author":9,"featured_media":0,"parent":1921,"menu_order":0,"comment_status":"closed","ping_status":"closed","template":"templates\/template-application-platform.php","meta":{"publish_to_discourse":"","publish_post_category":"","wpdc_auto_publish_overridden":"","wpdc_topic_tags":"","wpdc_pin_topic":"","wpdc_pin_until":"","discourse_post_id":"","discourse_permalink":"","wpdc_publishing_response":"","wpdc_publishing_error":"","footnotes":""},"class_list":["post-3909","page","type-page","status-publish","hentry"],"yoast_head":"<!-- This site is optimized with the Yoast SEO plugin v25.3.1 - https:\/\/yoast.com\/wordpress\/plugins\/seo\/ -->\n<title>Dodaj aplikacj\u0119 do weryfikacji wieku do witryny Shopify (szybko i bezp\u0142atnie)<\/title>\n<meta name=\"description\" content=\"Dzi\u0119ki Elfsight zaprojektuj aplikacj\u0119 do weryfikacji wieku i z \u0142atwo\u015bci\u0105 dodaj j\u0105 do swojej witryny Shopify. Mamy bezp\u0142atn\u0105 obs\u0142ug\u0119 klienta i wi\u0119cej bonus\u00f3w.\" \/>\n<meta name=\"robots\" content=\"index, follow, max-snippet:-1, max-image-preview:large, max-video-preview:-1\" \/>\n<link rel=\"canonical\" href=\"https:\/\/elfsight.com\/pl\/age-verification-widget\/shopify\/\" \/>\n<meta property=\"og:locale\" content=\"pl_PL\" \/>\n<meta property=\"og:type\" content=\"article\" \/>\n<meta property=\"og:title\" content=\"Dodaj aplikacj\u0119 do weryfikacji wieku do witryny Shopify (szybko i bezp\u0142atnie)\" \/>\n<meta property=\"og:description\" content=\"Dzi\u0119ki Elfsight zaprojektuj aplikacj\u0119 do weryfikacji wieku i z \u0142atwo\u015bci\u0105 dodaj j\u0105 do swojej witryny Shopify. Mamy bezp\u0142atn\u0105 obs\u0142ug\u0119 klienta i wi\u0119cej bonus\u00f3w.\" \/>\n<meta property=\"og:url\" content=\"https:\/\/elfsight.com\/pl\/age-verification-widget\/shopify\/\" \/>\n<meta property=\"og:site_name\" content=\"Elfsight PL\" \/>\n<meta property=\"article:modified_time\" content=\"2025-12-18T15:37:43+00:00\" \/>\n<meta name=\"twitter:card\" content=\"summary_large_image\" \/>\n<meta name=\"twitter:label1\" content=\"Szacowany czas czytania\" \/>\n\t<meta name=\"twitter:data1\" content=\"3 minuty\" \/>\n<!-- \/ Yoast SEO plugin. -->","yoast_head_json":{"title":"Dodaj aplikacj\u0119 do weryfikacji wieku do witryny Shopify (szybko i bezp\u0142atnie)","description":"Dzi\u0119ki Elfsight zaprojektuj aplikacj\u0119 do weryfikacji wieku i z \u0142atwo\u015bci\u0105 dodaj j\u0105 do swojej witryny Shopify. Mamy bezp\u0142atn\u0105 obs\u0142ug\u0119 klienta i wi\u0119cej bonus\u00f3w.","robots":{"index":"index","follow":"follow","max-snippet":"max-snippet:-1","max-image-preview":"max-image-preview:large","max-video-preview":"max-video-preview:-1"},"canonical":"https:\/\/elfsight.com\/pl\/age-verification-widget\/shopify\/","og_locale":"pl_PL","og_type":"article","og_title":"Dodaj aplikacj\u0119 do weryfikacji wieku do witryny Shopify (szybko i bezp\u0142atnie)","og_description":"Dzi\u0119ki Elfsight zaprojektuj aplikacj\u0119 do weryfikacji wieku i z \u0142atwo\u015bci\u0105 dodaj j\u0105 do swojej witryny Shopify. Mamy bezp\u0142atn\u0105 obs\u0142ug\u0119 klienta i wi\u0119cej bonus\u00f3w.","og_url":"https:\/\/elfsight.com\/pl\/age-verification-widget\/shopify\/","og_site_name":"Elfsight PL","article_modified_time":"2025-12-18T15:37:43+00:00","twitter_card":"summary_large_image","twitter_misc":{"Szacowany czas czytania":"3 minuty"},"schema":{"@context":"https:\/\/schema.org","@graph":[{"@type":"WebPage","@id":"https:\/\/elfsight.com\/pl\/age-verification-widget\/shopify\/","url":"https:\/\/elfsight.com\/pl\/age-verification-widget\/shopify\/","name":"Dodaj aplikacj\u0119 do weryfikacji wieku do witryny Shopify (szybko i bezp\u0142atnie)","isPartOf":{"@id":"https:\/\/elfsight.com\/pl\/#website"},"datePublished":"2024-05-03T06:25:59+00:00","dateModified":"2025-12-18T15:37:43+00:00","description":"Dzi\u0119ki Elfsight zaprojektuj aplikacj\u0119 do weryfikacji wieku i z \u0142atwo\u015bci\u0105 dodaj j\u0105 do swojej witryny Shopify. Mamy bezp\u0142atn\u0105 obs\u0142ug\u0119 klienta i wi\u0119cej bonus\u00f3w.","breadcrumb":{"@id":"https:\/\/elfsight.com\/pl\/age-verification-widget\/shopify\/#breadcrumb"},"inLanguage":"pl-PL","potentialAction":[{"@type":"ReadAction","target":["https:\/\/elfsight.com\/pl\/age-verification-widget\/shopify\/"]}]},{"@type":"BreadcrumbList","@id":"https:\/\/elfsight.com\/pl\/age-verification-widget\/shopify\/#breadcrumb","itemListElement":[{"@type":"ListItem","position":1,"name":"Home","item":"https:\/\/elfsight.com\/pl\/"},{"@type":"ListItem","position":2,"name":"Age Verification","item":"https:\/\/elfsight.com\/pl\/age-verification-widget\/"},{"@type":"ListItem","position":3,"name":"Age Verification &#8211; Shopify"}]},{"@type":"WebSite","@id":"https:\/\/elfsight.com\/pl\/#website","url":"https:\/\/elfsight.com\/pl\/","name":"Elfsight PL","description":"Just another Elfsight Sites site","potentialAction":[{"@type":"SearchAction","target":{"@type":"EntryPoint","urlTemplate":"https:\/\/elfsight.com\/pl\/?s={search_term_string}"},"query-input":{"@type":"PropertyValueSpecification","valueRequired":true,"valueName":"search_term_string"}}],"inLanguage":"pl-PL"}]}},"meta_box":{"industry":"","seo_heading":"","heading":"","description":"","cta_heading":"","cta_description":"","application":"1920","h1":"Aplikacja Shopify do weryfikacji wieku","h1_caption":"Zapewnij odpowiedzialny dost\u0119p do tre\u015bci wra\u017cliwych na wiek dzi\u0119ki prostej i konfigurowalnej aplikacji do weryfikacji wieku dost\u0119pnej w Twojej witrynie Shopify.","application_category":[],"applications_title":"","applications_request_title":"","applications_request_button_text":"","hero_text":"","hero_video":"","hero_video_schema_markup":"","selling_points_title":"","selling_points_caption":"","selling_points":[],"selling_points_cta_text":"","features_title":"","features":"","ed_cta_examples_text":"","ed_cta_examples_hidden":"","ed_cta_demo_text":"","ed_cta_demo_hidden":"","why_caption":"","why_editor_title":"","why_editor_text":"","why_team_title":"","why_team_text":"","why_service_title":"","why_service_text":"","template_catalog_visible":"0","template_catalog_title":"","template_catalog_text":"","template_catalog_categories_visible":"","demo_title":"Utw\u00f3rz aplikacj\u0119 do weryfikacji wieku","demo_caption":"Skonfiguruj weryfikacj\u0119 wieku i dodaj j\u0105 do swojej witryny Shopify za darmo!","default_faq_hidden":"","app_template_category":[],"platform":"7580","template_public_id":"","codecanyon_url":"","codecanyon_item_id":"","codecanyon_price":"","pricing_caption":"","pricing_elfsight_apps_hide_column":"","pricing_elfsight_apps_url":"","pricing_codecanyon_price_caption":"","integration_category":[],"integration_request_title":"","integration_request_cta":"","integration_platform":"","integrations":[],"platform_category":[],"video_schema_markup":"","price":"od 0 USD \/ miesi\u0105c","trial":"","benefits":[{"text":"Bezp\u0142atna us\u0142uga monta\u017cu"},{"text":"Wsparcie premium"},{"text":"14-dniowa gwarancja zwrotu pieni\u0119dzy"}],"button_url":"#demo","button_target_blank":"0","button_nofollow":"0","attributes":[{"name":"Instaluje"},{"name":"Czu\u0142y"},{"name":"Kompatybilne przegl\u0105darki"}],"tags":[],"tags_disable_links":"0","hide_more_platforms":"0","video_object":"","demo_hide_cta":"0","demo_hide_cloud_options":"0","pricing_title":"","pricing":[{"pricing_icon":"cloud","pricing_title":"Elfsight Apps","pricing_title_caption":"Wersja wieloplatformowa, kt\u00f3ra dzia\u0142a na ka\u017cdej stronie internetowej","pricing_price":"od 0 USD \/ miesi\u0105c","pricing_price_caption":"zacznij od bezp\u0142atnego planu","pricing_benefits":[{"text":"Nielimitowane strony internetowe"},{"text":"Wsparcie premium"},{"text":"Bezp\u0142atna us\u0142uga monta\u017cu"},{"text":"Oferta specjalna na wiele aplikacji"}],"pricing_button_text":"Dodaj do witryny","pricing_button_url":"#demo"}],"related_apps_title":"","related_apps_hidden":"0","author":"","image":[],"title":"","job":"","social_networks":[]},"_links":{"self":[{"href":"https:\/\/elfsight.com\/pl\/wp-json\/wp\/v2\/pages\/3909","targetHints":{"allow":["GET"]}}],"collection":[{"href":"https:\/\/elfsight.com\/pl\/wp-json\/wp\/v2\/pages"}],"about":[{"href":"https:\/\/elfsight.com\/pl\/wp-json\/wp\/v2\/types\/page"}],"author":[{"embeddable":true,"href":"https:\/\/elfsight.com\/pl\/wp-json\/wp\/v2\/users\/9"}],"replies":[{"embeddable":true,"href":"https:\/\/elfsight.com\/pl\/wp-json\/wp\/v2\/comments?post=3909"}],"version-history":[{"count":3,"href":"https:\/\/elfsight.com\/pl\/wp-json\/wp\/v2\/pages\/3909\/revisions"}],"predecessor-version":[{"id":10820,"href":"https:\/\/elfsight.com\/pl\/wp-json\/wp\/v2\/pages\/3909\/revisions\/10820"}],"up":[{"embeddable":true,"href":"https:\/\/elfsight.com\/pl\/wp-json\/wp\/v2\/pages\/1921"}],"wp:attachment":[{"href":"https:\/\/elfsight.com\/pl\/wp-json\/wp\/v2\/media?parent=3909"}],"curies":[{"name":"wp","href":"https:\/\/api.w.org\/{rel}","templated":true}]}}