{"id":3904,"date":"2024-05-03T06:25:58","date_gmt":"2024-05-03T06:25:58","guid":{"rendered":"https:\/\/elfsight.com\/pl\/?page_id=3904"},"modified":"2025-06-26T13:26:28","modified_gmt":"2025-06-26T13:26:28","slug":"squarespace","status":"publish","type":"page","link":"https:\/\/elfsight.com\/pl\/age-verification-widget\/squarespace\/","title":{"rendered":"Age Verification &#8211; Squarespace"},"content":{"rendered":"<div class=\"application-platform-content-item-description application-platform-content-item\" id=\"description\" data-nav-section=\"description\"> <h2>Osad\u017a weryfikacj\u0119 wieku w Squarespace za pomoc\u0105 wid\u017cetu Elfsight<\/h2> <p>Wid\u017cet weryfikacji wieku Elfsight b\u0119dzie najlepsz\u0105 metod\u0105 skonfigurowania powiadomienie kontroluj\u0105ce wiek u\u017cytkownika. Wid\u017cet sprawi, \u017ce Twoje tre\u015bci wra\u017cliwe na wiek b\u0119d\u0105 dost\u0119pne dla doros\u0142ych i ukryj\u0105 je przed nieletnimi. Mo\u017cesz okre\u015bli\u0107 odpowiednie ograniczenie wiekowe, wybra\u0107 metod\u0119 weryfikacji, wprowadzi\u0107 okno na wszystkich lub tylko wybranych stronach i wybra\u0107 scenariusz. Wygl\u0105d jest elastyczny, detale mo\u017cna malowa\u0107 i mo\u017cna przesy\u0142a\u0107 niestandardowe zdj\u0119cia. <\/p> <div class=\"faq\" data-component=\"FAQ\"> <div class=\"faq-item\">\r\n\t\t\t\t\t<div class=\"faq-item-question\">\r\n\t\t\t\t\t\t<h3 class=\"faq-item-question-text\">Gdzie mog\u0119 opublikowa\u0107 weryfikacj\u0119 wieku<\/h3>\r\n\r\n\t\t\t\t\t\t<div class=\"faq-item-question-icon\"><\/div>\r\n\t\t\t\t\t<\/div>\r\n\r\n\t\t\t\t\t<div class=\"faq-item-answer\">\r\n\t\t\t\t\t\t<div class=\"faq-item-answer-text\"> <p>Mo\u017cesz albo osadzi\u0107 okno weryfikacji na wszystkich stronach internetowych, albo wybra\u0107 strony, gdzie je zintegrowa\u0107, albo wykluczy\u0107 kilka stron. <\/p> <\/div>\r\n\t\t\t\t\t<\/div>\r\n\t\t\t\t<\/div> <div class=\"faq-item\">\r\n\t\t\t\t\t<div class=\"faq-item-question\">\r\n\t\t\t\t\t\t<h3 class=\"faq-item-question-text\">Jak mog\u0119 z tego skorzysta\u0107?<\/h3>\r\n\r\n\t\t\t\t\t\t<div class=\"faq-item-question-icon\"><\/div>\r\n\t\t\t\t\t<\/div>\r\n\r\n\t\t\t\t\t<div class=\"faq-item-answer\">\r\n\t\t\t\t\t\t<div class=\"faq-item-answer-text\"> <p>Dzi\u0119ki temu wid\u017cetowi wy\u015bwietlenie wyskakuj\u0105cego okienka z informacj\u0105 o wieku i odstraszenie nieletnich u\u017cytkownik\u00f3w jest maksymalnie \u0142atwe i szybkie. Dzi\u0119ki temu b\u0119dziesz mie\u0107 pewno\u015b\u0107, \u017ce Twoja witryna jest zgodna z przepisami. Ponadto zapewni Ci wi\u0119ksz\u0105 grup\u0119 docelow\u0105 i wa\u017cnych klient\u00f3w. <\/p> <\/div>\r\n\t\t\t\t\t<\/div>\r\n\t\t\t\t<\/div> <div class=\"faq-item\">\r\n\t\t\t\t\t<div class=\"faq-item-question\">\r\n\t\t\t\t\t\t<h3 class=\"faq-item-question-text\">Jak doda\u0107 weryfikacj\u0119 wieku do mojej witryny Squarespace?<\/h3>\r\n\r\n\t\t\t\t\t\t<div class=\"faq-item-question-icon\"><\/div>\r\n\t\t\t\t\t<\/div>\r\n\r\n\t\t\t\t\t<div class=\"faq-item-answer\">\r\n\t\t\t\t\t\t<div class=\"faq-item-answer-text\"> <p>Aktywacja wid\u017cetu zajmie tylko kilka minut. Osadzanie jest bardzo szybkie, bezp\u0142atne i nie wymaga kodowania. <\/p> <p>Istnieje mo\u017cliwo\u015b\u0107 wprowadzenia weryfikacji wieku w Twojej witrynie bezpo\u015brednio w naszej us\u0142udze. Po prostu zastosuj si\u0119 do przewodnika opublikowanego poni\u017cej na tej stronie.<\/p> <\/div>\r\n\t\t\t\t\t<\/div>\r\n\t\t\t\t<\/div> <\/div> <\/div> <div class=\"application-platform-content-item-features application-platform-content-item\" id=\"features\" data-nav-section=\"features\"> <h2>G\u0142\u00f3wne funkcje wid\u017cetu Weryfikacja wieku<\/h2> <p>Aby lepiej zrozumie\u0107 wid\u017cet Weryfikacja wieku, sp\u00f3jrz na list\u0119 jego podstawowych funkcji. Dzi\u0119ki nim nasz widget b\u0119dzie maksymalnie korzystny dla Twojej firmy: <\/p> <ul><li>Wybierz jedn\u0105 z trzech metod weryfikacji: pro\u015bba o podanie pe\u0142nej daty urodzenia, tylko rok urodzenia lub pytanie z odpowiedzi\u0105 Tak lub Nie; <\/li><li>Ustaw widget tak, aby pami\u0119ta\u0142 go\u015bcia przez dowoln\u0105 ilo\u015b\u0107 czasu; <\/li><li>2 mo\u017cliwe scenariusze odstraszenia u\u017cytkownik\u00f3w: wy\u015bwietlenie komunikatu lub skierowanie u\u017cytkownika pod dowolny adres; <\/li><li>Prze\u015blij dowolny obraz do wyskakuj\u0105cego okienka kontrolnego; <\/li><li>Poka\u017c dodatkowy tekst i linki pod przyciskiem weryfikacji. <\/li><\/ul><p><a href=\"#demo\">Aby sprawdzi\u0107 pe\u0142n\u0105 list\u0119 funkcji, zobacz nasz\u0105 demonstracj\u0119 na \u017cywo<\/a><\/p> <\/div> <div class=\"application-platform-content-item-installation  application-platform-content-item\" id=\"installation \" data-nav-section=\"installation \"> <h2>Sprawd\u017a, jak wprowadzi\u0107 wid\u017cet Weryfikacja wieku na swoj\u0105 witryn\u0119 Squarespace. Dzia\u0142a szybko i bez potu.<\/h2> <div class=\"video-container\"><iframe width=\"720\" height=\"405\" src=\"https:\/\/www.youtube.com\/embed\/r_CmpExwAhk\" frameborder=\"0\" allowfullscreen=\"\"><\/iframe><\/div><p>Poni\u017csze czynno\u015bci to jedyne, co musisz zrobi\u0107, aby zainstalowa\u0107 wid\u017cet. Jest szybki i nie wymaga kodowania. <\/p> <ol><li><b>Stw\u00f3rz w\u0142asn\u0105 wtyczk\u0119 do weryfikacji wieku<\/b><br> Zarz\u0105dzaj\u0105c naszym darmowym edytorem, skonfiguruj wtyczk\u0119 z preferowanym uk\u0142adem i funkcjami. <\/li><li><b>Skopiuj kod osobisty, aby doda\u0107 wtyczk\u0119<\/b><br> Po skonfigurowaniu wid\u017cetu otrzymasz sw\u00f3j osobisty kod z powiadomienia pojawiaj\u0105cego si\u0119 w aplikacjach Elfsight. Skopiuj ten kod. <\/li> <li><b>Zintegruj wtyczk\u0119 ze swoj\u0105 witryn\u0105 Squarespace<\/b><br> Znajd\u017a obszar, w kt\u00f3rym chcesz umie\u015bci\u0107 wtyczk\u0119 i wstaw tam zapisany kod. Opublikuj wyniki. <\/li> <li><b>Gotowe! <\/b><br> Wejd\u017a na swoj\u0105 stron\u0119 internetow\u0105, aby sprawdzi\u0107 wtyczk\u0119.<\/li> <\/ol><p>Nadal nie mo\u017cesz si\u0119 zdecydowa\u0107? Lub masz pytania do zadania? Wystarczy jedna pro\u015bba do naszego zespo\u0142u wsparcia, aby rozwi\u0105za\u0107 ka\u017cde pytanie. <\/p> <\/div>","protected":false},"excerpt":{"rendered":"","protected":false},"author":9,"featured_media":0,"parent":1921,"menu_order":0,"comment_status":"closed","ping_status":"closed","template":"templates\/template-application-platform.php","meta":{"publish_to_discourse":"","publish_post_category":"","wpdc_auto_publish_overridden":"","wpdc_topic_tags":"","wpdc_pin_topic":"","wpdc_pin_until":"","discourse_post_id":"","discourse_permalink":"","wpdc_publishing_response":"","wpdc_publishing_error":"","footnotes":""},"class_list":["post-3904","page","type-page","status-publish","hentry"],"yoast_head":"<!-- This site is optimized with the Yoast SEO plugin v25.3.1 - https:\/\/yoast.com\/wordpress\/plugins\/seo\/ -->\n<title>Wtyczka Age Verification do witryny Squarespace (szybka i bezp\u0142atna)<\/title>\n<meta name=\"description\" content=\"Zaprojektowanie wtyczki Age Verification i wy\u015bwietlenie jej na stronie Squarespace nie jest trudne. Obs\u0142uga klienta Elfsight jest bezp\u0142atna.\" \/>\n<meta name=\"robots\" content=\"index, follow, max-snippet:-1, max-image-preview:large, max-video-preview:-1\" \/>\n<link rel=\"canonical\" href=\"https:\/\/elfsight.com\/pl\/age-verification-widget\/squarespace\/\" \/>\n<meta property=\"og:locale\" content=\"pl_PL\" \/>\n<meta property=\"og:type\" content=\"article\" \/>\n<meta property=\"og:title\" content=\"Wtyczka Age Verification do witryny Squarespace (szybka i bezp\u0142atna)\" \/>\n<meta property=\"og:description\" content=\"Zaprojektowanie wtyczki Age Verification i wy\u015bwietlenie jej na stronie Squarespace nie jest trudne. Obs\u0142uga klienta Elfsight jest bezp\u0142atna.\" \/>\n<meta property=\"og:url\" content=\"https:\/\/elfsight.com\/pl\/age-verification-widget\/squarespace\/\" \/>\n<meta property=\"og:site_name\" content=\"Elfsight PL\" \/>\n<meta property=\"article:modified_time\" content=\"2025-06-26T13:26:28+00:00\" \/>\n<meta name=\"twitter:card\" content=\"summary_large_image\" \/>\n<meta name=\"twitter:label1\" content=\"Szacowany czas czytania\" \/>\n\t<meta name=\"twitter:data1\" content=\"3 minuty\" \/>\n<!-- \/ Yoast SEO plugin. -->","yoast_head_json":{"title":"Wtyczka Age Verification do witryny Squarespace (szybka i bezp\u0142atna)","description":"Zaprojektowanie wtyczki Age Verification i wy\u015bwietlenie jej na stronie Squarespace nie jest trudne. Obs\u0142uga klienta Elfsight jest bezp\u0142atna.","robots":{"index":"index","follow":"follow","max-snippet":"max-snippet:-1","max-image-preview":"max-image-preview:large","max-video-preview":"max-video-preview:-1"},"canonical":"https:\/\/elfsight.com\/pl\/age-verification-widget\/squarespace\/","og_locale":"pl_PL","og_type":"article","og_title":"Wtyczka Age Verification do witryny Squarespace (szybka i bezp\u0142atna)","og_description":"Zaprojektowanie wtyczki Age Verification i wy\u015bwietlenie jej na stronie Squarespace nie jest trudne. Obs\u0142uga klienta Elfsight jest bezp\u0142atna.","og_url":"https:\/\/elfsight.com\/pl\/age-verification-widget\/squarespace\/","og_site_name":"Elfsight PL","article_modified_time":"2025-06-26T13:26:28+00:00","twitter_card":"summary_large_image","twitter_misc":{"Szacowany czas czytania":"3 minuty"},"schema":{"@context":"https:\/\/schema.org","@graph":[{"@type":"WebPage","@id":"https:\/\/elfsight.com\/pl\/age-verification-widget\/squarespace\/","url":"https:\/\/elfsight.com\/pl\/age-verification-widget\/squarespace\/","name":"Wtyczka Age Verification do witryny Squarespace (szybka i bezp\u0142atna)","isPartOf":{"@id":"https:\/\/elfsight.com\/pl\/#website"},"datePublished":"2024-05-03T06:25:58+00:00","dateModified":"2025-06-26T13:26:28+00:00","description":"Zaprojektowanie wtyczki Age Verification i wy\u015bwietlenie jej na stronie Squarespace nie jest trudne. Obs\u0142uga klienta Elfsight jest bezp\u0142atna.","breadcrumb":{"@id":"https:\/\/elfsight.com\/pl\/age-verification-widget\/squarespace\/#breadcrumb"},"inLanguage":"pl-PL","potentialAction":[{"@type":"ReadAction","target":["https:\/\/elfsight.com\/pl\/age-verification-widget\/squarespace\/"]}]},{"@type":"BreadcrumbList","@id":"https:\/\/elfsight.com\/pl\/age-verification-widget\/squarespace\/#breadcrumb","itemListElement":[{"@type":"ListItem","position":1,"name":"Home","item":"https:\/\/elfsight.com\/pl\/"},{"@type":"ListItem","position":2,"name":"Age Verification","item":"https:\/\/elfsight.com\/pl\/age-verification-widget\/"},{"@type":"ListItem","position":3,"name":"Age Verification &#8211; Squarespace"}]},{"@type":"WebSite","@id":"https:\/\/elfsight.com\/pl\/#website","url":"https:\/\/elfsight.com\/pl\/","name":"Elfsight PL","description":"Just another Elfsight Sites site","potentialAction":[{"@type":"SearchAction","target":{"@type":"EntryPoint","urlTemplate":"https:\/\/elfsight.com\/pl\/?s={search_term_string}"},"query-input":{"@type":"PropertyValueSpecification","valueRequired":true,"valueName":"search_term_string"}}],"inLanguage":"pl-PL"}]}},"meta_box":{"industry":"","seo_heading":"","heading":"","description":"","cta_heading":"","cta_description":"","application":"1920","h1":"Wtyczka Squarespace Age Verification","h1_caption":"Zapewnij odpowiedzialny dost\u0119p do tre\u015bci wra\u017cliwych na wiek dzi\u0119ki prostej i konfigurowalnej wtyczce weryfikacji wieku w Twojej witrynie Squarespace.","application_category":[],"applications_title":"","applications_request_title":"","applications_request_button_text":"","hero_text":"","hero_video":"","hero_video_schema_markup":"","selling_points_title":"","selling_points_caption":"","selling_points":[],"selling_points_cta_text":"","features_title":"","features":"","ed_cta_examples_text":"","ed_cta_examples_hidden":"","ed_cta_demo_text":"","ed_cta_demo_hidden":"","why_caption":"","why_editor_title":"","why_editor_text":"","why_team_title":"","why_team_text":"","why_service_title":"","why_service_text":"","template_catalog_visible":"0","template_catalog_title":"","template_catalog_text":"","template_catalog_categories_visible":"","demo_title":"Utw\u00f3rz wtyczk\u0119 weryfikacji wieku","demo_caption":"Skonfiguruj weryfikacj\u0119 wieku i dodaj j\u0105 do swojej witryny Squarespace za darmo!","default_faq_hidden":"","app_template_category":[],"platform":"7588","template_public_id":"","codecanyon_url":"","codecanyon_item_id":"","codecanyon_price":"","pricing_caption":"","pricing_elfsight_apps_hide_column":"","pricing_elfsight_apps_url":"","pricing_codecanyon_price_caption":"","integration_category":[],"integration_request_title":"","integration_request_cta":"","integration_platform":"","integrations":[],"platform_category":[],"video_schema_markup":"","price":"od 0 USD \/ miesi\u0105c","trial":"","benefits":[{"text":"Profesjonalna obs\u0142uga klienta"},{"text":"Bezp\u0142atna pomoc w monta\u017cu"},{"text":"14-dniowa gwarancja zwrotu pieni\u0119dzy"}],"button_url":"#demo","button_target_blank":"0","button_nofollow":"0","attributes":[{"name":"Instaluje"},{"name":"Czu\u0142y"},{"name":"Kompatybilne przegl\u0105darki"}],"tags":[],"tags_disable_links":"0","hide_more_platforms":"0","video_object":"","demo_hide_cta":"0","demo_hide_cloud_options":"0","pricing_title":"","pricing":[{"pricing_icon":"platform","pricing_title":"Elfsight Apps","pricing_title_caption":"Rozwi\u0105zanie wieloplatformowe, kt\u00f3re pasuje do ka\u017cdej witryny","pricing_price":"od 0 USD \/ miesi\u0105c","pricing_price_caption":"zacznij od bezp\u0142atnego planu","pricing_benefits":[{"text":"Nielimitowane domeny"},{"text":"Ca\u0142odobowe i terminowe wsparcie oraz dobrze udokumentowane"},{"text":"Bezp\u0142atna us\u0142uga monta\u017cu"},{"text":"W pe\u0142ni konfigurowalny"}],"pricing_button_text":"Dodaj do witryny","pricing_button_url":"#demo"}],"related_apps_title":"","related_apps_hidden":"0","author":"","image":[],"title":"","job":"","social_networks":[]},"_links":{"self":[{"href":"https:\/\/elfsight.com\/pl\/wp-json\/wp\/v2\/pages\/3904","targetHints":{"allow":["GET"]}}],"collection":[{"href":"https:\/\/elfsight.com\/pl\/wp-json\/wp\/v2\/pages"}],"about":[{"href":"https:\/\/elfsight.com\/pl\/wp-json\/wp\/v2\/types\/page"}],"author":[{"embeddable":true,"href":"https:\/\/elfsight.com\/pl\/wp-json\/wp\/v2\/users\/9"}],"replies":[{"embeddable":true,"href":"https:\/\/elfsight.com\/pl\/wp-json\/wp\/v2\/comments?post=3904"}],"version-history":[{"count":2,"href":"https:\/\/elfsight.com\/pl\/wp-json\/wp\/v2\/pages\/3904\/revisions"}],"predecessor-version":[{"id":7601,"href":"https:\/\/elfsight.com\/pl\/wp-json\/wp\/v2\/pages\/3904\/revisions\/7601"}],"up":[{"embeddable":true,"href":"https:\/\/elfsight.com\/pl\/wp-json\/wp\/v2\/pages\/1921"}],"wp:attachment":[{"href":"https:\/\/elfsight.com\/pl\/wp-json\/wp\/v2\/media?parent=3904"}],"curies":[{"name":"wp","href":"https:\/\/api.w.org\/{rel}","templated":true}]}}