{"id":3903,"date":"2024-05-03T06:25:57","date_gmt":"2024-05-03T06:25:57","guid":{"rendered":"https:\/\/elfsight.com\/pl\/?page_id=3903"},"modified":"2024-11-14T12:38:04","modified_gmt":"2024-11-14T12:38:04","slug":"webflow","status":"publish","type":"page","link":"https:\/\/elfsight.com\/pl\/age-verification-widget\/webflow\/","title":{"rendered":"Age Verification &#8211; Webflow"},"content":{"rendered":"<div class=\"application-platform-content-item-description application-platform-content-item\" id=\"description\" data-nav-section=\"description\"> <h2>Osad\u017a weryfikacj\u0119 wieku w Webflow za pomoc\u0105 wid\u017cetu Elfsight<\/h2> <p>Wid\u017cet weryfikacji wieku Elfsight to najprostszy spos\u00f3b na skonfigurowanie natychmiastowej okienko weryfikuj\u0105ce wiek odwiedzaj\u0105cego. Nasz widget sprawia, \u017ce \u200b\u200bmateria\u0142y wra\u017cliwe na wiek staj\u0105 si\u0119 dost\u0119pne dla doros\u0142ych u\u017cytkownik\u00f3w i odstraszaj\u0105 nieletnich widz\u00f3w. Mo\u017cesz ustawi\u0107 odpowiedni wiek, wybra\u0107 metod\u0119 weryfikacji, wprowadzi\u0107 okno na ka\u017cdej lub tylko wybranych stronach i wybra\u0107 akcj\u0119. Mo\u017cna r\u00f3wnie\u017c dostosowa\u0107 styl, w\u0142\u0105czaj\u0105c elementy do malowania i opcj\u0119 dodawania niestandardowych obraz\u00f3w. <\/p> <div class=\"faq\" data-component=\"FAQ\"> <div class=\"faq-item\">\r\n\t\t\t\t\t<div class=\"faq-item-question\">\r\n\t\t\t\t\t\t<h3 class=\"faq-item-question-text\">Gdzie mog\u0119 to wy\u015bwietli\u0107<\/h3>\r\n\r\n\t\t\t\t\t\t<div class=\"faq-item-question-icon\"><\/div>\r\n\t\t\t\t\t<\/div>\r\n\r\n\t\t\t\t\t<div class=\"faq-item-answer\">\r\n\t\t\t\t\t\t<div class=\"faq-item-answer-text\"> <p>Mo\u017cesz wybra\u0107 wy\u015bwietlanie wyskakuj\u0105cego okienka weryfikacyjnego na ka\u017cdej stronie lub wyznaczy\u0107 konkretne strony, gdzie ma si\u0119 ono wy\u015bwietla\u0107. Co wi\u0119cej, istnieje funkcja wykluczania stron, na kt\u00f3rych tego nie chcesz. <\/p> <\/div>\r\n\t\t\t\t\t<\/div>\r\n\t\t\t\t<\/div> <div class=\"faq-item\">\r\n\t\t\t\t\t<div class=\"faq-item-question\">\r\n\t\t\t\t\t\t<h3 class=\"faq-item-question-text\">Jakie korzy\u015bci odnios\u0119 z wid\u017cetu? <\/h3>\r\n\r\n\t\t\t\t\t\t<div class=\"faq-item-question-icon\"><\/div>\r\n\t\t\t\t\t<\/div>\r\n\r\n\t\t\t\t\t<div class=\"faq-item-answer\">\r\n\t\t\t\t\t\t<div class=\"faq-item-answer-text\"> <p>Dzi\u0119ki temu wid\u017cetowi mo\u017cna \u0142atwo i szybko umie\u015bci\u0107 okno sprawdzania wieku i uniemo\u017cliwi\u0107 dost\u0119p do tre\u015bci osobom niepe\u0142noletnim . Dzi\u0119ki temu b\u0119dziesz mie\u0107 pewno\u015b\u0107, \u017ce Twoja witryna internetowa spe\u0142nia wymogi prawne. Przyci\u0105gnie tak\u017ce nowych docelowych go\u015bci i wa\u017cnych klient\u00f3w. <\/p> <\/div>\r\n\t\t\t\t\t<\/div>\r\n\t\t\t\t<\/div> <div class=\"faq-item\">\r\n\t\t\t\t\t<div class=\"faq-item-question\">\r\n\t\t\t\t\t\t<h3 class=\"faq-item-question-text\">Jak mog\u0119 osadzi\u0107 weryfikacj\u0119 wieku w mojej witrynie Webflow? <\/h3>\r\n\r\n\t\t\t\t\t\t<div class=\"faq-item-question-icon\"><\/div>\r\n\t\t\t\t\t<\/div>\r\n\r\n\t\t\t\t\t<div class=\"faq-item-answer\">\r\n\t\t\t\t\t\t<div class=\"faq-item-answer-text\"> <p>Rozpocz\u0119cie korzystania z wid\u017cetu zajmie minut\u0119. Integracja jest naprawd\u0119 szybka, bezp\u0142atna i nie wymaga kodowania. <\/p> <ol> <li>Mo\u017cesz osadzi\u0107 wid\u017cet na stronie internetowej bezpo\u015brednio za po\u015brednictwem naszej us\u0142ugi. Wystarczy zastosowa\u0107 si\u0119 do instrukcji znajduj\u0105cych si\u0119 na tej stronie. <\/li> <li>Wid\u017cet mo\u017cna osadzi\u0107 za po\u015brednictwem naszej us\u0142ugi lub za po\u015brednictwem rynku. Tutaj mo\u017cesz por\u00f3wna\u0107 oba warianty i wybra\u0107 bardziej odpowiedni. <\/li> <\/ol> <\/div>\r\n\t\t\t\t\t<\/div>\r\n\t\t\t\t<\/div> <\/div> <\/div> <div class=\"application-platform-content-item-features application-platform-content-item\" id=\"features\" data-nav-section=\"features\"> <h2>G\u0142\u00f3wne funkcje wid\u017cetu Weryfikacja wieku<\/h2> <p>Aby lepiej zrozumie\u0107 weryfikacji wieku, sprawd\u017a list\u0119 g\u0142\u00f3wnych funkcji wid\u017cetu. Sprawiaj\u0105, \u017ce ten widget jest naprawd\u0119 przydatny dla Twojego sklepu: <\/p> <ul><li>Wybierz jeden z format\u00f3w weryfikacji: pro\u015bba o pe\u0142n\u0105 dat\u0119 urodzenia, sam rok urodzenia lub pytanie z opcj\u0105 Tak i Nie; <\/li><li>Wybierz opcj\u0119 zapami\u0119tywania u\u017cytkownik\u00f3w przez dowolny okres czasu; <\/li><li>Dwa scenariusze odstraszenia odwiedzaj\u0105cych: pokazanie niestandardowego komunikatu lub skierowanie u\u017cytkownika pod dowolny adres; <\/li><li>Dodaj dowolne zdj\u0119cie, kt\u00f3re b\u0119dzie wy\u015bwietlane w oknie weryfikacji; <\/li><li>Poka\u017c dodatkowe szczeg\u00f3\u0142y za pomoc\u0105 link\u00f3w pod przyciskiem weryfikacji. <\/li><\/ul><p><a href=\"#demo\">Sprawd\u017a wi\u0119cej funkcji w wersji demonstracyjnej<\/a><\/p> <\/div> <div class=\"application-platform-content-item-installation application-platform-content-item\" id=\"installation\" data-nav-section=\"installation\"> <h2>Dowiedz si\u0119, jak aby doda\u0107 weryfikacj\u0119 wieku do swojej witryny Webflow. Nie wymaga kodowania i jest bardzo szybki.<\/h2><iframe width=\"720\" height=\"405\" src=\"https:\/\/www.youtube.com\/embed\/rAr3jZG6hsA\" frameborder=\"0\" allowfullscreen=\"\"><\/iframe><p>Poni\u017csze kroki to jedyna rzecz, kt\u00f3r\u0105 musisz wykona\u0107, aby osadzi\u0107 wid\u017cet. <\/p> <ol><li><b>Stw\u00f3rz unikaln\u0105 wtyczk\u0119 do weryfikacji wieku<\/b><br> W naszym bezp\u0142atnym konfiguratorze skonfiguruj wtyczk\u0119, wybierz uk\u0142ad i dostosuj inne szczeg\u00f3\u0142y interfejsu. <\/li><li><b>Odbierz osobisty kod umo\u017cliwiaj\u0105cy dodanie wtyczki<\/b><br> Po wygenerowaniu wid\u017cetu kod instalacyjny uzyskasz z powiadomienia, kt\u00f3re pojawi si\u0119 w aplikacji Elfsight. Skopiuj ten kod. <\/li> <li><b>Osad\u017a wtyczk\u0119 na swojej stronie Webflow<\/b><br> Wybierz miejsce, w kt\u00f3rym chcesz wy\u015bwietli\u0107 wtyczk\u0119 i wklej tam skopiowany kod. Zastosuj zmiany. <\/li> <li><b>Instalacja przebieg\u0142a pomy\u015blnie.<\/b><br> Przejd\u017a do witryny, aby zobaczy\u0107 sw\u00f3j widget. <\/li> <\/ol><p>Nadal nie mo\u017cesz si\u0119 zdecydowa\u0107? Lub masz pytania? Po prostu wy\u015blij swoj\u0105 pro\u015bb\u0119 do naszego dzia\u0142u obs\u0142ugi klienta; pomo\u017cemy w ka\u017cdym problemie. <\/p> <\/div>","protected":false},"excerpt":{"rendered":"","protected":false},"author":9,"featured_media":0,"parent":1921,"menu_order":0,"comment_status":"closed","ping_status":"closed","template":"templates\/template-application-platform.php","meta":{"publish_to_discourse":"","publish_post_category":"","wpdc_auto_publish_overridden":"","wpdc_topic_tags":"","wpdc_pin_topic":"","wpdc_pin_until":"","discourse_post_id":"","discourse_permalink":"","wpdc_publishing_response":"","wpdc_publishing_error":"","footnotes":""},"class_list":["post-3903","page","type-page","status-publish","hentry"],"yoast_head":"<!-- This site is optimized with the Yoast SEO plugin v25.3.1 - https:\/\/yoast.com\/wordpress\/plugins\/seo\/ -->\n<title>Dodaj wid\u017cet weryfikacji wieku do witryny Webflow (szybko i bezp\u0142atnie)<\/title>\n<meta name=\"description\" content=\"Dzi\u0119ki Elfsight mo\u017cesz z \u0142atwo\u015bci\u0105 stworzy\u0107 wid\u017cet weryfikacji wieku i opublikowa\u0107 go na stronie internetowej Webflow. Oferujemy bezp\u0142atn\u0105 obs\u0142ug\u0119 klienta i wi\u0119cej bonus\u00f3w.\" \/>\n<meta name=\"robots\" content=\"index, follow, max-snippet:-1, max-image-preview:large, max-video-preview:-1\" \/>\n<link rel=\"canonical\" href=\"https:\/\/elfsight.com\/pl\/age-verification-widget\/webflow\/\" \/>\n<meta property=\"og:locale\" content=\"pl_PL\" \/>\n<meta property=\"og:type\" content=\"article\" \/>\n<meta property=\"og:title\" content=\"Dodaj wid\u017cet weryfikacji wieku do witryny Webflow (szybko i bezp\u0142atnie)\" \/>\n<meta property=\"og:description\" content=\"Dzi\u0119ki Elfsight mo\u017cesz z \u0142atwo\u015bci\u0105 stworzy\u0107 wid\u017cet weryfikacji wieku i opublikowa\u0107 go na stronie internetowej Webflow. Oferujemy bezp\u0142atn\u0105 obs\u0142ug\u0119 klienta i wi\u0119cej bonus\u00f3w.\" \/>\n<meta property=\"og:url\" content=\"https:\/\/elfsight.com\/pl\/age-verification-widget\/webflow\/\" \/>\n<meta property=\"og:site_name\" content=\"Elfsight PL\" \/>\n<meta property=\"article:modified_time\" content=\"2024-11-14T12:38:04+00:00\" \/>\n<meta name=\"twitter:card\" content=\"summary_large_image\" \/>\n<meta name=\"twitter:label1\" content=\"Szacowany czas czytania\" \/>\n\t<meta name=\"twitter:data1\" content=\"3 minuty\" \/>\n<!-- \/ Yoast SEO plugin. -->","yoast_head_json":{"title":"Dodaj wid\u017cet weryfikacji wieku do witryny Webflow (szybko i bezp\u0142atnie)","description":"Dzi\u0119ki Elfsight mo\u017cesz z \u0142atwo\u015bci\u0105 stworzy\u0107 wid\u017cet weryfikacji wieku i opublikowa\u0107 go na stronie internetowej Webflow. Oferujemy bezp\u0142atn\u0105 obs\u0142ug\u0119 klienta i wi\u0119cej bonus\u00f3w.","robots":{"index":"index","follow":"follow","max-snippet":"max-snippet:-1","max-image-preview":"max-image-preview:large","max-video-preview":"max-video-preview:-1"},"canonical":"https:\/\/elfsight.com\/pl\/age-verification-widget\/webflow\/","og_locale":"pl_PL","og_type":"article","og_title":"Dodaj wid\u017cet weryfikacji wieku do witryny Webflow (szybko i bezp\u0142atnie)","og_description":"Dzi\u0119ki Elfsight mo\u017cesz z \u0142atwo\u015bci\u0105 stworzy\u0107 wid\u017cet weryfikacji wieku i opublikowa\u0107 go na stronie internetowej Webflow. Oferujemy bezp\u0142atn\u0105 obs\u0142ug\u0119 klienta i wi\u0119cej bonus\u00f3w.","og_url":"https:\/\/elfsight.com\/pl\/age-verification-widget\/webflow\/","og_site_name":"Elfsight PL","article_modified_time":"2024-11-14T12:38:04+00:00","twitter_card":"summary_large_image","twitter_misc":{"Szacowany czas czytania":"3 minuty"},"schema":{"@context":"https:\/\/schema.org","@graph":[{"@type":"WebPage","@id":"https:\/\/elfsight.com\/pl\/age-verification-widget\/webflow\/","url":"https:\/\/elfsight.com\/pl\/age-verification-widget\/webflow\/","name":"Dodaj wid\u017cet weryfikacji wieku do witryny Webflow (szybko i bezp\u0142atnie)","isPartOf":{"@id":"https:\/\/elfsight.com\/pl\/#website"},"datePublished":"2024-05-03T06:25:57+00:00","dateModified":"2024-11-14T12:38:04+00:00","description":"Dzi\u0119ki Elfsight mo\u017cesz z \u0142atwo\u015bci\u0105 stworzy\u0107 wid\u017cet weryfikacji wieku i opublikowa\u0107 go na stronie internetowej Webflow. Oferujemy bezp\u0142atn\u0105 obs\u0142ug\u0119 klienta i wi\u0119cej bonus\u00f3w.","breadcrumb":{"@id":"https:\/\/elfsight.com\/pl\/age-verification-widget\/webflow\/#breadcrumb"},"inLanguage":"pl-PL","potentialAction":[{"@type":"ReadAction","target":["https:\/\/elfsight.com\/pl\/age-verification-widget\/webflow\/"]}]},{"@type":"BreadcrumbList","@id":"https:\/\/elfsight.com\/pl\/age-verification-widget\/webflow\/#breadcrumb","itemListElement":[{"@type":"ListItem","position":1,"name":"Home","item":"https:\/\/elfsight.com\/pl\/"},{"@type":"ListItem","position":2,"name":"Age Verification","item":"https:\/\/elfsight.com\/pl\/age-verification-widget\/"},{"@type":"ListItem","position":3,"name":"Age Verification &#8211; Webflow"}]},{"@type":"WebSite","@id":"https:\/\/elfsight.com\/pl\/#website","url":"https:\/\/elfsight.com\/pl\/","name":"Elfsight PL","description":"Just another Elfsight Sites site","potentialAction":[{"@type":"SearchAction","target":{"@type":"EntryPoint","urlTemplate":"https:\/\/elfsight.com\/pl\/?s={search_term_string}"},"query-input":{"@type":"PropertyValueSpecification","valueRequired":true,"valueName":"search_term_string"}}],"inLanguage":"pl-PL"}]}},"meta_box":{"industry":"","seo_heading":"","heading":"","description":"","cta_heading":"","cta_description":"","application":"1920","h1":"Widget weryfikacji wieku Webflow","h1_caption":"Zapewnij odpowiedzialny dost\u0119p do tre\u015bci wra\u017cliwych na wiek, korzystaj\u0105c z prostego i konfigurowalnego wid\u017cetu weryfikacji wieku w witrynie Webflow.","application_category":[],"applications_title":"","applications_request_title":"","applications_request_button_text":"","hero_text":"","hero_video":"","hero_video_schema_markup":"","selling_points_title":"","selling_points_caption":"","selling_points":[],"selling_points_cta_text":"","features_title":"","features":"","ed_cta_examples_text":"","ed_cta_examples_hidden":"","ed_cta_demo_text":"","ed_cta_demo_hidden":"","why_caption":"","why_editor_title":"","why_editor_text":"","why_team_title":"","why_team_text":"","why_service_title":"","why_service_text":"","template_catalog_visible":"","template_catalog_title":"","template_catalog_text":"","template_catalog_categories_visible":"","demo_title":"Utw\u00f3rz wid\u017cet weryfikacji wieku","demo_caption":"Skonfiguruj weryfikacj\u0119 wieku i dodaj j\u0105 do swojej witryny Webflow za darmo!","default_faq_hidden":"","app_template_category":[],"platform":"127","template_public_id":"","codecanyon_url":"","codecanyon_item_id":"","codecanyon_price":"","pricing_caption":"","pricing_elfsight_apps_hide_column":"","pricing_elfsight_apps_url":"","pricing_codecanyon_price_caption":"","integration_category":[],"integration_request_title":"","integration_request_cta":"","integration_platform":"","integrations":[],"platform_category":[],"video_schema_markup":"","price":"od 0 USD \/ miesi\u0105c","trial":"","benefits":[{"text":"Bezp\u0142atna us\u0142uga monta\u017cu"},{"text":"Profesjonalna obs\u0142uga klienta"},{"text":"14-dniowa gwarancja zwrotu pieni\u0119dzy"}],"button_url":"#demo","button_target_blank":"","button_nofollow":"","attributes":[{"name":"Instaluje"},{"name":"Czu\u0142y"},{"name":"Kompatybilne przegl\u0105darki"}],"tags":[],"tags_disable_links":"","hide_more_platforms":"","video_object":"","demo_hide_cta":"","demo_hide_cloud_options":"","pricing_title":"","pricing":[{"pricing_icon":"platform","pricing_title":"Elfsight Apps","pricing_title_caption":"Rozwi\u0105zanie wieloplatformowe","pricing_price":"od 0 USD \/ miesi\u0105c","pricing_price_caption":"zacznij od bezp\u0142atnego planu","pricing_benefits":[{"text":"Nielimitowane strony internetowe"},{"text":"Profesjonalne wsparcie"},{"text":"Bezp\u0142atna pomoc przy instalacji"},{"text":"Specjalna oferta na wiele aplikacji"}],"pricing_button_text":"Dodaj do witryny","pricing_button_url":"#demo"}],"related_apps_title":"","related_apps_hidden":"","author":"","image":[],"title":"","job":"","social_networks":[]},"_links":{"self":[{"href":"https:\/\/elfsight.com\/pl\/wp-json\/wp\/v2\/pages\/3903","targetHints":{"allow":["GET"]}}],"collection":[{"href":"https:\/\/elfsight.com\/pl\/wp-json\/wp\/v2\/pages"}],"about":[{"href":"https:\/\/elfsight.com\/pl\/wp-json\/wp\/v2\/types\/page"}],"author":[{"embeddable":true,"href":"https:\/\/elfsight.com\/pl\/wp-json\/wp\/v2\/users\/9"}],"replies":[{"embeddable":true,"href":"https:\/\/elfsight.com\/pl\/wp-json\/wp\/v2\/comments?post=3903"}],"version-history":[{"count":2,"href":"https:\/\/elfsight.com\/pl\/wp-json\/wp\/v2\/pages\/3903\/revisions"}],"predecessor-version":[{"id":7600,"href":"https:\/\/elfsight.com\/pl\/wp-json\/wp\/v2\/pages\/3903\/revisions\/7600"}],"up":[{"embeddable":true,"href":"https:\/\/elfsight.com\/pl\/wp-json\/wp\/v2\/pages\/1921"}],"wp:attachment":[{"href":"https:\/\/elfsight.com\/pl\/wp-json\/wp\/v2\/media?parent=3903"}],"curies":[{"name":"wp","href":"https:\/\/api.w.org\/{rel}","templated":true}]}}