{"id":3902,"date":"2024-05-03T06:25:56","date_gmt":"2024-05-03T06:25:56","guid":{"rendered":"https:\/\/elfsight.com\/pl\/?page_id=3902"},"modified":"2024-11-14T12:37:55","modified_gmt":"2024-11-14T12:37:55","slug":"webnode","status":"publish","type":"page","link":"https:\/\/elfsight.com\/pl\/age-verification-widget\/webnode\/","title":{"rendered":"Age Verification &#8211; Webnode"},"content":{"rendered":"<div class=\"application-platform-content-item-description application-platform-content-item\" id=\"description\" data-nav-section=\"description\"> <h2>Opis<\/h2> <p>Nasz widget stanie si\u0119 najwygodniejsz\u0105 metod\u0105 tworzenia powiadomie\u0144 kontroluj\u0105cych wiek u\u017cytkownika. Nasz widget pomaga udost\u0119pni\u0107 Twoje materia\u0142y ograniczone wiekowo pe\u0142noletnim u\u017cytkownikom i zablokowa\u0107 dost\u0119p do nich niepe\u0142noletnim widzom. Wid\u017cet pozwala ustawi\u0107 limit wieku, wybra\u0107 format weryfikacji, umie\u015bci\u0107 okno na ka\u017cdej stronie lub tylko na wybranych stronach, a tak\u017ce wybra\u0107 akcj\u0119 po odmowie dost\u0119pu. Wygl\u0105d jest r\u00f3wnie\u017c pod Twoj\u0105 kontrol\u0105, zawiera elementy, kt\u00f3re mo\u017cna malowa\u0107 i mo\u017cliwo\u015b\u0107 wy\u015bwietlania niestandardowych obraz\u00f3w. <\/p> <div class=\"faq\" data-component=\"FAQ\"> <div class=\"faq-item\">\r\n\t\t\t\t\t<div class=\"faq-item-question\">\r\n\t\t\t\t\t\t<h3 class=\"faq-item-question-text\">Gdzie mog\u0119 wy\u015bwietli\u0107 wid\u017cet weryfikacji wieku?<\/h3>\r\n\r\n\t\t\t\t\t\t<div class=\"faq-item-question-icon\"><\/div>\r\n\t\t\t\t\t<\/div>\r\n\r\n\t\t\t\t\t<div class=\"faq-item-answer\">\r\n\t\t\t\t\t\t<div class=\"faq-item-answer-text\"> <p>Mo\u017cesz wybra\u0107 wy\u015bwietlanie wyskakuj\u0105cego okienka sprawdzaj\u0105cego wiek na ka\u017cdej stronie lub wybra\u0107 strony, na kt\u00f3rych ma ono by\u0107 wy\u015bwietlane. Ponadto istnieje funkcja wykluczania tych stron, na kt\u00f3rych nie jest to potrzebne. <\/p> <\/div>\r\n\t\t\t\t\t<\/div>\r\n\t\t\t\t<\/div> <div class=\"faq-item\">\r\n\t\t\t\t\t<div class=\"faq-item-question\">\r\n\t\t\t\t\t\t<h3 class=\"faq-item-question-text\">Jakie korzy\u015bci mi to da?<\/h3>\r\n\r\n\t\t\t\t\t\t<div class=\"faq-item-question-icon\"><\/div>\r\n\t\t\t\t\t<\/div>\r\n\r\n\t\t\t\t\t<div class=\"faq-item-answer\">\r\n\t\t\t\t\t\t<div class=\"faq-item-answer-text\"> <p>Dzi\u0119ki naszemu widgetowi bardzo \u0142atwo i szybko mo\u017cna wy\u015bwietli\u0107 okno weryfikacji wieku i ukry\u0107 swoje tre\u015bci przed niepe\u0142noletnimi osobami. Dzi\u0119ki temu b\u0119dziesz mie\u0107 pewno\u015b\u0107, \u017ce Twoja witryna internetowa spe\u0142nia wymogi prawne. Ponadto przyci\u0105gnie to wi\u0119cej docelowych odbiorc\u00f3w i wa\u017cnych potencjalnych klient\u00f3w. <\/p> <\/div>\r\n\t\t\t\t\t<\/div>\r\n\t\t\t\t<\/div> <div class=\"faq-item\">\r\n\t\t\t\t\t<div class=\"faq-item-question\">\r\n\t\t\t\t\t\t<h3 class=\"faq-item-question-text\">Czego potrzebuj\u0119, aby doda\u0107 weryfikacj\u0119 wieku na mojej stronie Webnode?<\/h3>\r\n\r\n\t\t\t\t\t\t<div class=\"faq-item-question-icon\"><\/div>\r\n\t\t\t\t\t<\/div>\r\n\r\n\t\t\t\t\t<div class=\"faq-item-answer\">\r\n\t\t\t\t\t\t<div class=\"faq-item-answer-text\"> <p>Aktywacja wid\u017cetu zajmuje tylko trzy minuty. Dodanie go do witryny jest niezwykle szybkie, bezp\u0142atne i nie wymaga kodowania. <\/p> <p>Istnieje mo\u017cliwo\u015b\u0107 zintegrowania weryfikacji wieku z witryn\u0105 bezpo\u015brednio za po\u015brednictwem naszej us\u0142ugi. Po prostu zobacz kr\u00f3tki opis poni\u017cej na tej stronie.<\/p> <\/div>\r\n\t\t\t\t\t<\/div>\r\n\t\t\t\t<\/div> <\/div> <\/div> <div class=\"application-platform-content-item-features application-platform-content-item\" id=\"features\" data-nav-section=\"features\"> <h2>Funkcje<\/h2> <p>Aby kszta\u0142towa\u0107 pe\u0142n\u0105 wiedz\u0119 wid\u017cetu sprawd\u017a list\u0119 g\u0142\u00f3wnych funkcji. Dzi\u0119ki nim ten widget jest dla Ciebie niezwykle wydajny: <\/p> <ul><li>Wybierz jeden z typ\u00f3w czek\u00f3w: wprowadzenie pe\u0142nej daty urodzenia, tylko roku urodzenia lub do wyboru przyciski Tak i Nie; <\/li><li>Ustaw widget tak, aby pami\u0119ta\u0142 go\u015bcia przez dowoln\u0105 ilo\u015b\u0107 czasu; <\/li><li>2 scenariusze dla nieletnich u\u017cytkownik\u00f3w: pokazanie niestandardowego komunikatu lub przekierowanie u\u017cytkownika na dowoln\u0105 stron\u0119 lub witryn\u0119; <\/li><li>Za\u0142aduj w\u0142asne zdj\u0119cie, kt\u00f3re b\u0119dzie wy\u015bwietlane w oknie sprawdzania wieku; <\/li><li>Wy\u015bwietlaj dodatkowe informacje za pomoc\u0105 link\u00f3w pod przyciskiem weryfikacji. <\/li><\/ul><p><a href=\"#demo\">Dowiedz si\u0119 wi\u0119cej o funkcjach w naszej demonstracji na \u017cywo<\/a><\/p> <\/div><div class=\"application-platform-content-item-installation application-platform-content-item\" id=\"installation\" data-nav-section=\"installation\"> <h2> Sprawd\u017a jak doda\u0107 wid\u017cet Weryfikacja wieku do swojej witryny. To jest proste raz, dwa, trzy<\/h2> <p>Wykonaj poni\u017csze kroki, aby skonfigurowa\u0107 wid\u017cet. <\/p> <ol><li><b>Utw\u00f3rz w\u0142asn\u0105 wtyczk\u0119 do weryfikacji wieku<\/b><br> Korzystaj\u0105c z naszej bezp\u0142atnej wersji demonstracyjnej, skonfiguruj wtyczk\u0119, wybierz preferowany interfejs i opcje funkcjonalno\u015bci. <\/li><li><b>Skopiuj kod osobisty, aby wy\u015bwietli\u0107 wtyczk\u0119<\/b><br> Po utworzeniu wid\u017cetu otrzymasz kod instalacyjny z wyskakuj\u0105cego powiadomienia w aplikacji Elfsight. Skopiuj kod. <\/li> <li><b>Wy\u015bwietl wtyczk\u0119 na swojej stronie Webnode<\/b><br> Znajd\u017a obszar, w kt\u00f3rym planujesz osadzi\u0107 wtyczk\u0119 i tam dodaj zapisany kod. Zastosuj zmiany.<\/li> <li><b>Gratulacje! W\u0142a\u015bnie opublikowa\u0142e\u015b widget! <\/b><br> Odwied\u017a t\u0119 witryn\u0119 i obejrzyj swoj\u0105 prac\u0119.<\/li> <\/ol><p>Nadal nie mo\u017cesz si\u0119 zdecydowa\u0107? Lub masz problemy? Po prostu wy\u015blij zapytanie do naszego dzia\u0142u obs\u0142ugi klienta, a rozwi\u0105\u017cemy ka\u017cdy problem.<\/p> <\/div>","protected":false},"excerpt":{"rendered":"","protected":false},"author":9,"featured_media":0,"parent":1921,"menu_order":0,"comment_status":"closed","ping_status":"closed","template":"templates\/template-application-platform.php","meta":{"publish_to_discourse":"","publish_post_category":"","wpdc_auto_publish_overridden":"","wpdc_topic_tags":"","wpdc_pin_topic":"","wpdc_pin_until":"","discourse_post_id":"","discourse_permalink":"","wpdc_publishing_response":"","wpdc_publishing_error":"","footnotes":""},"class_list":["post-3902","page","type-page","status-publish","hentry"],"yoast_head":"<!-- This site is optimized with the Yoast SEO plugin v25.3.1 - https:\/\/yoast.com\/wordpress\/plugins\/seo\/ -->\n<title>Dodaj weryfikacj\u0119 wieku do witryny Webnode (szybko i bezp\u0142atnie)<\/title>\n<meta name=\"description\" content=\"Dzi\u0119ki Elfsight szybko przeprowad\u017a weryfikacj\u0119 wieku i poka\u017c j\u0105 na stronie Webnode. Mamy bezp\u0142atn\u0105 obs\u0142ug\u0119 klienta i inne bonusy.\" \/>\n<meta name=\"robots\" content=\"index, follow, max-snippet:-1, max-image-preview:large, max-video-preview:-1\" \/>\n<link rel=\"canonical\" href=\"https:\/\/elfsight.com\/pl\/age-verification-widget\/webnode\/\" \/>\n<meta property=\"og:locale\" content=\"pl_PL\" \/>\n<meta property=\"og:type\" content=\"article\" \/>\n<meta property=\"og:title\" content=\"Dodaj weryfikacj\u0119 wieku do witryny Webnode (szybko i bezp\u0142atnie)\" \/>\n<meta property=\"og:description\" content=\"Dzi\u0119ki Elfsight szybko przeprowad\u017a weryfikacj\u0119 wieku i poka\u017c j\u0105 na stronie Webnode. Mamy bezp\u0142atn\u0105 obs\u0142ug\u0119 klienta i inne bonusy.\" \/>\n<meta property=\"og:url\" content=\"https:\/\/elfsight.com\/pl\/age-verification-widget\/webnode\/\" \/>\n<meta property=\"og:site_name\" content=\"Elfsight PL\" \/>\n<meta property=\"article:modified_time\" content=\"2024-11-14T12:37:55+00:00\" \/>\n<meta name=\"twitter:card\" content=\"summary_large_image\" \/>\n<meta name=\"twitter:label1\" content=\"Szacowany czas czytania\" \/>\n\t<meta name=\"twitter:data1\" content=\"3 minuty\" \/>\n<!-- \/ Yoast SEO plugin. -->","yoast_head_json":{"title":"Dodaj weryfikacj\u0119 wieku do witryny Webnode (szybko i bezp\u0142atnie)","description":"Dzi\u0119ki Elfsight szybko przeprowad\u017a weryfikacj\u0119 wieku i poka\u017c j\u0105 na stronie Webnode. Mamy bezp\u0142atn\u0105 obs\u0142ug\u0119 klienta i inne bonusy.","robots":{"index":"index","follow":"follow","max-snippet":"max-snippet:-1","max-image-preview":"max-image-preview:large","max-video-preview":"max-video-preview:-1"},"canonical":"https:\/\/elfsight.com\/pl\/age-verification-widget\/webnode\/","og_locale":"pl_PL","og_type":"article","og_title":"Dodaj weryfikacj\u0119 wieku do witryny Webnode (szybko i bezp\u0142atnie)","og_description":"Dzi\u0119ki Elfsight szybko przeprowad\u017a weryfikacj\u0119 wieku i poka\u017c j\u0105 na stronie Webnode. Mamy bezp\u0142atn\u0105 obs\u0142ug\u0119 klienta i inne bonusy.","og_url":"https:\/\/elfsight.com\/pl\/age-verification-widget\/webnode\/","og_site_name":"Elfsight PL","article_modified_time":"2024-11-14T12:37:55+00:00","twitter_card":"summary_large_image","twitter_misc":{"Szacowany czas czytania":"3 minuty"},"schema":{"@context":"https:\/\/schema.org","@graph":[{"@type":"WebPage","@id":"https:\/\/elfsight.com\/pl\/age-verification-widget\/webnode\/","url":"https:\/\/elfsight.com\/pl\/age-verification-widget\/webnode\/","name":"Dodaj weryfikacj\u0119 wieku do witryny Webnode (szybko i bezp\u0142atnie)","isPartOf":{"@id":"https:\/\/elfsight.com\/pl\/#website"},"datePublished":"2024-05-03T06:25:56+00:00","dateModified":"2024-11-14T12:37:55+00:00","description":"Dzi\u0119ki Elfsight szybko przeprowad\u017a weryfikacj\u0119 wieku i poka\u017c j\u0105 na stronie Webnode. Mamy bezp\u0142atn\u0105 obs\u0142ug\u0119 klienta i inne bonusy.","breadcrumb":{"@id":"https:\/\/elfsight.com\/pl\/age-verification-widget\/webnode\/#breadcrumb"},"inLanguage":"pl-PL","potentialAction":[{"@type":"ReadAction","target":["https:\/\/elfsight.com\/pl\/age-verification-widget\/webnode\/"]}]},{"@type":"BreadcrumbList","@id":"https:\/\/elfsight.com\/pl\/age-verification-widget\/webnode\/#breadcrumb","itemListElement":[{"@type":"ListItem","position":1,"name":"Home","item":"https:\/\/elfsight.com\/pl\/"},{"@type":"ListItem","position":2,"name":"Age Verification","item":"https:\/\/elfsight.com\/pl\/age-verification-widget\/"},{"@type":"ListItem","position":3,"name":"Age Verification &#8211; Webnode"}]},{"@type":"WebSite","@id":"https:\/\/elfsight.com\/pl\/#website","url":"https:\/\/elfsight.com\/pl\/","name":"Elfsight PL","description":"Just another Elfsight Sites site","potentialAction":[{"@type":"SearchAction","target":{"@type":"EntryPoint","urlTemplate":"https:\/\/elfsight.com\/pl\/?s={search_term_string}"},"query-input":{"@type":"PropertyValueSpecification","valueRequired":true,"valueName":"search_term_string"}}],"inLanguage":"pl-PL"}]}},"meta_box":{"industry":"","seo_heading":"","heading":"","description":"","cta_heading":"","cta_description":"","application":"1920","h1":"Weryfikacja wieku Webnode","h1_caption":"Zapewnij odpowiedzialny dost\u0119p do tre\u015bci wra\u017cliwych na wiek, korzystaj\u0105c z prostego i konfigurowalnego wid\u017cetu weryfikacji wieku w witrynie Webnode.","application_category":[],"applications_title":"","applications_request_title":"","applications_request_button_text":"","hero_text":"","hero_video":"","hero_video_schema_markup":"","selling_points_title":"","selling_points_caption":"","selling_points":[],"selling_points_cta_text":"","features_title":"","features":"","ed_cta_examples_text":"","ed_cta_examples_hidden":"","ed_cta_demo_text":"","ed_cta_demo_hidden":"","why_caption":"","why_editor_title":"","why_editor_text":"","why_team_title":"","why_team_text":"","why_service_title":"","why_service_text":"","template_catalog_visible":"","template_catalog_title":"","template_catalog_text":"","template_catalog_categories_visible":"","demo_title":"Utw\u00f3rz wid\u017cet weryfikacji wieku","demo_caption":"Skonfiguruj weryfikacj\u0119 wieku i dodaj j\u0105 do swojej witryny Webnode za darmo!","default_faq_hidden":"","app_template_category":[],"platform":"138","template_public_id":"","codecanyon_url":"","codecanyon_item_id":"","codecanyon_price":"","pricing_caption":"","pricing_elfsight_apps_hide_column":"","pricing_elfsight_apps_url":"","pricing_codecanyon_price_caption":"","integration_category":[],"integration_request_title":"","integration_request_cta":"","integration_platform":"","integrations":[],"platform_category":[],"video_schema_markup":"","price":"od 0 USD \/ miesi\u0105c","trial":"","benefits":[{"text":"Bezp\u0142atna pomoc w monta\u017cu"},{"text":"Do\u015bwiadczona obs\u0142uga klienta"},{"text":"14-dniowa gwarancja zwrotu pieni\u0119dzy"}],"button_url":"#demo","button_target_blank":"","button_nofollow":"","attributes":[{"name":"Instaluje"},{"name":"Czu\u0142y"},{"name":"Kompatybilne przegl\u0105darki"}],"tags":[],"tags_disable_links":"","hide_more_platforms":"","video_object":"","demo_hide_cta":"","demo_hide_cloud_options":"","pricing_title":"","pricing":[{"pricing_icon":"platform","pricing_title":"Elfsight Apps","pricing_title_caption":"Wersja niezale\u017cna od platformy, kt\u00f3ra dzia\u0142a na ka\u017cdej stronie internetowej","pricing_price":"od 0 USD \/ miesi\u0105c","pricing_price_caption":"zacznij od bezp\u0142atnego planu","pricing_benefits":[{"text":"Nielimitowane strony internetowe"},{"text":"Ca\u0142odobowe wsparcie firmy i dobrze udokumentowane"},{"text":"Bezp\u0142atna pomoc w instalacji"},{"text":"Specjalna oferta na wiele aplikacji"}],"pricing_button_text":"Dodaj do witryny","pricing_button_url":"#demo"}],"related_apps_title":"","related_apps_hidden":"","author":"","image":[],"title":"","job":"","social_networks":[]},"_links":{"self":[{"href":"https:\/\/elfsight.com\/pl\/wp-json\/wp\/v2\/pages\/3902","targetHints":{"allow":["GET"]}}],"collection":[{"href":"https:\/\/elfsight.com\/pl\/wp-json\/wp\/v2\/pages"}],"about":[{"href":"https:\/\/elfsight.com\/pl\/wp-json\/wp\/v2\/types\/page"}],"author":[{"embeddable":true,"href":"https:\/\/elfsight.com\/pl\/wp-json\/wp\/v2\/users\/9"}],"replies":[{"embeddable":true,"href":"https:\/\/elfsight.com\/pl\/wp-json\/wp\/v2\/comments?post=3902"}],"version-history":[{"count":1,"href":"https:\/\/elfsight.com\/pl\/wp-json\/wp\/v2\/pages\/3902\/revisions"}],"predecessor-version":[{"id":3906,"href":"https:\/\/elfsight.com\/pl\/wp-json\/wp\/v2\/pages\/3902\/revisions\/3906"}],"up":[{"embeddable":true,"href":"https:\/\/elfsight.com\/pl\/wp-json\/wp\/v2\/pages\/1921"}],"wp:attachment":[{"href":"https:\/\/elfsight.com\/pl\/wp-json\/wp\/v2\/media?parent=3902"}],"curies":[{"name":"wp","href":"https:\/\/api.w.org\/{rel}","templated":true}]}}