{"id":3895,"date":"2024-05-03T06:25:53","date_gmt":"2024-05-03T06:25:53","guid":{"rendered":"https:\/\/elfsight.com\/pl\/?page_id=3895"},"modified":"2024-11-14T12:37:55","modified_gmt":"2024-11-14T12:37:55","slug":"wordpress","status":"publish","type":"page","link":"https:\/\/elfsight.com\/pl\/age-verification-widget\/wordpress\/","title":{"rendered":"Age Verification &#8211; WordPress"},"content":{"rendered":"<div class=\"application-platform-content-item-description application-platform-content-item\" id=\"description\" data-nav-section=\"description\"> <h2>Osad\u017a weryfikacj\u0119 wieku na WordPressie za pomoc\u0105 wid\u017cetu Elfsight<\/h2> <p>Nasz widget stanie si\u0119 naj\u0142atwiejsz\u0105 metod\u0105 uzyskania natychmiastowego powiadomienia, kt\u00f3re zweryfikuje wiek u\u017cytkownika. Ten wid\u017cet pomaga udost\u0119pni\u0107 materia\u0142y ograniczone wiekowo pe\u0142noletnim u\u017cytkownikom i ukry\u0107 je przed osobami niepe\u0142noletnimi. Istnieje mo\u017cliwo\u015b\u0107 ustawienia wymaganego ograniczenia wiekowego, okre\u015blenia formularza weryfikacji, wprowadzenia wyskakuj\u0105cego okienka na wszystkich stronach lub tylko na wybranych stronach i ustalenia scenariusza p\u00f3\u017aniej. Mo\u017cna dostosowa\u0107 tak\u017ce wygl\u0105d, w\u0142\u0105czaj\u0105c elementy do malowania i mo\u017cliwo\u015b\u0107 dodawania w\u0142asnych zdj\u0119\u0107. <\/p> <div class=\"faq\" data-component=\"FAQ\"> <div class=\"faq-item\">\r\n\t\t\t\t\t<div class=\"faq-item-question\">\r\n\t\t\t\t\t\t<h3 class=\"faq-item-question-text\">Gdzie w mojej witrynie mog\u0119 zintegrowa\u0107 t\u0119 wtyczk\u0119<\/h3>\r\n\r\n\t\t\t\t\t\t<div class=\"faq-item-question-icon\"><\/div>\r\n\t\t\t\t\t<\/div>\r\n\r\n\t\t\t\t\t<div class=\"faq-item-answer\">\r\n\t\t\t\t\t\t<div class=\"faq-item-answer-text\"> <p>Mo\u017cesz umie\u015bci\u0107 wyskakuj\u0105ce okienko weryfikacyjne na wszystkich stronach internetowych lub wybra\u0107 strony, na kt\u00f3rych b\u0119dzie ono wy\u015bwietlane. Dost\u0119pna jest tak\u017ce funkcja wykluczania stron, kt\u00f3rych nie chcesz. <\/p> <\/div>\r\n\t\t\t\t\t<\/div>\r\n\t\t\t\t<\/div> <div class=\"faq-item\">\r\n\t\t\t\t\t<div class=\"faq-item-question\">\r\n\t\t\t\t\t\t<h3 class=\"faq-item-question-text\">Jakie korzy\u015bci daje mi weryfikacja wieku? <\/h3>\r\n\r\n\t\t\t\t\t\t<div class=\"faq-item-question-icon\"><\/div>\r\n\t\t\t\t\t<\/div>\r\n\r\n\t\t\t\t\t<div class=\"faq-item-answer\">\r\n\t\t\t\t\t\t<div class=\"faq-item-answer-text\"> <p>Dzi\u0119ki naszemu wid\u017cetowi utworzenie wyskakuj\u0105cego okienka sprawdzaj\u0105cego wiek i ukrycie przed nim tre\u015bci jest maksymalnie \u0142atwe i szybkie nieletni u\u017cytkownicy. Dzi\u0119ki temu b\u0119dziesz mie\u0107 pewno\u015b\u0107, \u017ce Twoja witryna spe\u0142nia wymogi prawne. Zapewni to tak\u017ce wi\u0119ksz\u0105 liczb\u0119 docelowych u\u017cytkownik\u00f3w i wa\u017cnych klient\u00f3w. <\/p> <\/div>\r\n\t\t\t\t\t<\/div>\r\n\t\t\t\t<\/div> <div class=\"faq-item\">\r\n\t\t\t\t\t<div class=\"faq-item-question\">\r\n\t\t\t\t\t\t<h3 class=\"faq-item-question-text\">Jak mog\u0119 doda\u0107 weryfikacj\u0119 wieku na mojej stronie WordPress? <\/h3>\r\n\r\n\t\t\t\t\t\t<div class=\"faq-item-question-icon\"><\/div>\r\n\t\t\t\t\t<\/div>\r\n\r\n\t\t\t\t\t<div class=\"faq-item-answer\">\r\n\t\t\t\t\t\t<div class=\"faq-item-answer-text\"> <p>Potrzebujesz tylko minuty, aby skonfigurowa\u0107 powiadomienie. Proces jest bardzo szybki, bezp\u0142atny i nie wymaga kodowania. <\/p> <p>Za po\u015brednictwem naszej us\u0142ugi istnieje mo\u017cliwo\u015b\u0107 osadzenia wid\u017cetu na stronie internetowej. W tym celu zapoznaj si\u0119 z instrukcjami na tej stronie. <\/p> <\/div>\r\n\t\t\t\t\t<\/div>\r\n\t\t\t\t<\/div> <\/div> <\/div> <div class=\"application-platform-content-item-features application-platform-content-item\" id=\"features\" data-nav-section=\"features\"> <h2>G\u0142\u00f3wne funkcje wid\u017cetu Weryfikacja wieku<\/h2> <p>Aby uzyska\u0107 jasny obraz widget, mo\u017cesz przegl\u0105da\u0107 list\u0119 jego najwa\u017cniejszych funkcji. Dzi\u0119ki nim nasz widget b\u0119dzie maksymalnie korzystny dla Twojego sklepu: <\/p> <ul><li>Wybierz jeden z trzech typ\u00f3w czek\u00f3w: pro\u015bba o pe\u0142n\u0105 dat\u0119 urodzenia, tylko rok urodzenia lub pytanie z odpowiedzi\u0105 Tak i Nie; <\/li><li>Wybierz opcj\u0119 zapami\u0119tywania u\u017cytkownik\u00f3w przez dowolny okres czasu; <\/li><li>2 scenariusze po odmowie dost\u0119pu: wy\u015bwietlenie SMS-a lub skierowanie u\u017cytkownika pod dowolny adres; <\/li><li>Prze\u015blij niestandardowe zdj\u0119cie, aby doda\u0107 je do okna sprawdzania; <\/li><li>Podaj dodatkowe informacje i linki pod przyciskiem weryfikacji. <\/li><\/ul><p><a href=\"#demo\">Nasza wersja demonstracyjna poka\u017ce Ci wi\u0119cej funkcji<\/a><\/p> <\/div> <div class=\"application-platform-content-item-installation application-platform-content-item\" id=\"installation\" data-nav-section=\"installation\"> <h2>Zobacz, jak osadzi\u0107 wtyczk\u0119 weryfikacji wieku w witrynie WordPress<\/h2><iframe width=\"720\" height=\"405\" src=\"https:\/\/www.youtube.com\/embed\/X4zmD7Zj9pE\" frameborder=\"0\" allowfullscreen=\"\"><\/iframe><p>Po prostu opowiedz te kroki i ciesz si\u0119 prac\u0105 wid\u017cetu:. <\/p> <ol><li><b>Uruchom nasz darmowy edytor i zacznij tworzy\u0107 niestandardow\u0105 wtyczk\u0119 weryfikacyjn\u0105. <\/b><br> Okre\u015bl wybran\u0105 form\u0119 i specyfikacj\u0119 wtyczki i zapisz wszystkie zmiany. <\/li> <li><b>Uzyskaj osobisty kod pojawiaj\u0105cy si\u0119 w specjalnym formularzu w aplikacjach Elfsight. <\/b><br> Po zako\u0144czeniu konfiguracji wtyczki skopiuj indywidualny kod z wy\u015bwietlonego wyskakuj\u0105cego okienka i zachowaj go do wykorzystania w przysz\u0142o\u015bci. <\/li> <li><b>Rozpocznij korzystanie z wtyczki w swojej witrynie WordPress. <\/b><br> Umie\u015b\u0107 ostatnio zapisany kod na swojej stronie internetowej i zapisz ulepszenia. <\/li> <li><b>Instalacja zosta\u0142a pomy\u015blnie zako\u0144czona. <\/b><br> Otw\u00f3rz swoj\u0105 stron\u0119 internetow\u0105 i zobacz, jak dzia\u0142a wtyczka. <\/li><\/ol><p>Nadal nie jeste\u015b pewien? Lub masz pytania? Po prostu wy\u015blij swoj\u0105 pro\u015bb\u0119 do naszego zespo\u0142u obs\u0142ugi klienta; pomog\u0105 w ka\u017cdym problemie. <\/p> <\/div>","protected":false},"excerpt":{"rendered":"","protected":false},"author":9,"featured_media":0,"parent":1921,"menu_order":0,"comment_status":"closed","ping_status":"closed","template":"templates\/template-application-platform.php","meta":{"publish_to_discourse":"","publish_post_category":"","wpdc_auto_publish_overridden":"","wpdc_topic_tags":"","wpdc_pin_topic":"","wpdc_pin_until":"","discourse_post_id":"","discourse_permalink":"","wpdc_publishing_response":"","wpdc_publishing_error":"","footnotes":""},"class_list":["post-3895","page","type-page","status-publish","hentry"],"yoast_head":"<!-- This site is optimized with the Yoast SEO plugin v25.3.1 - https:\/\/yoast.com\/wordpress\/plugins\/seo\/ -->\n<title>Wtyczka Age Verification do WordPressa (szybka i darmowa)<\/title>\n<meta name=\"description\" content=\"Utworzenie wtyczki weryfikacji wieku i dodanie jej na stronie WordPress jest \u0142atwe. Obs\u0142uga klienta Elfsight jest bezp\u0142atna i szybka.\" \/>\n<meta name=\"robots\" content=\"index, follow, max-snippet:-1, max-image-preview:large, max-video-preview:-1\" \/>\n<link rel=\"canonical\" href=\"https:\/\/elfsight.com\/pl\/age-verification-widget\/wordpress\/\" \/>\n<meta property=\"og:locale\" content=\"pl_PL\" \/>\n<meta property=\"og:type\" content=\"article\" \/>\n<meta property=\"og:title\" content=\"Wtyczka Age Verification do WordPressa (szybka i darmowa)\" \/>\n<meta property=\"og:description\" content=\"Utworzenie wtyczki weryfikacji wieku i dodanie jej na stronie WordPress jest \u0142atwe. Obs\u0142uga klienta Elfsight jest bezp\u0142atna i szybka.\" \/>\n<meta property=\"og:url\" content=\"https:\/\/elfsight.com\/pl\/age-verification-widget\/wordpress\/\" \/>\n<meta property=\"og:site_name\" content=\"Elfsight PL\" \/>\n<meta property=\"article:modified_time\" content=\"2024-11-14T12:37:55+00:00\" \/>\n<meta name=\"twitter:card\" content=\"summary_large_image\" \/>\n<meta name=\"twitter:label1\" content=\"Szacowany czas czytania\" \/>\n\t<meta name=\"twitter:data1\" content=\"3 minuty\" \/>\n<!-- \/ Yoast SEO plugin. -->","yoast_head_json":{"title":"Wtyczka Age Verification do WordPressa (szybka i darmowa)","description":"Utworzenie wtyczki weryfikacji wieku i dodanie jej na stronie WordPress jest \u0142atwe. Obs\u0142uga klienta Elfsight jest bezp\u0142atna i szybka.","robots":{"index":"index","follow":"follow","max-snippet":"max-snippet:-1","max-image-preview":"max-image-preview:large","max-video-preview":"max-video-preview:-1"},"canonical":"https:\/\/elfsight.com\/pl\/age-verification-widget\/wordpress\/","og_locale":"pl_PL","og_type":"article","og_title":"Wtyczka Age Verification do WordPressa (szybka i darmowa)","og_description":"Utworzenie wtyczki weryfikacji wieku i dodanie jej na stronie WordPress jest \u0142atwe. Obs\u0142uga klienta Elfsight jest bezp\u0142atna i szybka.","og_url":"https:\/\/elfsight.com\/pl\/age-verification-widget\/wordpress\/","og_site_name":"Elfsight PL","article_modified_time":"2024-11-14T12:37:55+00:00","twitter_card":"summary_large_image","twitter_misc":{"Szacowany czas czytania":"3 minuty"},"schema":{"@context":"https:\/\/schema.org","@graph":[{"@type":"WebPage","@id":"https:\/\/elfsight.com\/pl\/age-verification-widget\/wordpress\/","url":"https:\/\/elfsight.com\/pl\/age-verification-widget\/wordpress\/","name":"Wtyczka Age Verification do WordPressa (szybka i darmowa)","isPartOf":{"@id":"https:\/\/elfsight.com\/pl\/#website"},"datePublished":"2024-05-03T06:25:53+00:00","dateModified":"2024-11-14T12:37:55+00:00","description":"Utworzenie wtyczki weryfikacji wieku i dodanie jej na stronie WordPress jest \u0142atwe. Obs\u0142uga klienta Elfsight jest bezp\u0142atna i szybka.","breadcrumb":{"@id":"https:\/\/elfsight.com\/pl\/age-verification-widget\/wordpress\/#breadcrumb"},"inLanguage":"pl-PL","potentialAction":[{"@type":"ReadAction","target":["https:\/\/elfsight.com\/pl\/age-verification-widget\/wordpress\/"]}]},{"@type":"BreadcrumbList","@id":"https:\/\/elfsight.com\/pl\/age-verification-widget\/wordpress\/#breadcrumb","itemListElement":[{"@type":"ListItem","position":1,"name":"Home","item":"https:\/\/elfsight.com\/pl\/"},{"@type":"ListItem","position":2,"name":"Age Verification","item":"https:\/\/elfsight.com\/pl\/age-verification-widget\/"},{"@type":"ListItem","position":3,"name":"Age Verification &#8211; WordPress"}]},{"@type":"WebSite","@id":"https:\/\/elfsight.com\/pl\/#website","url":"https:\/\/elfsight.com\/pl\/","name":"Elfsight PL","description":"Just another Elfsight Sites site","potentialAction":[{"@type":"SearchAction","target":{"@type":"EntryPoint","urlTemplate":"https:\/\/elfsight.com\/pl\/?s={search_term_string}"},"query-input":{"@type":"PropertyValueSpecification","valueRequired":true,"valueName":"search_term_string"}}],"inLanguage":"pl-PL"}]}},"meta_box":{"industry":"","seo_heading":"","heading":"","description":"","cta_heading":"","cta_description":"","application":"1920","h1":"Aplikacja do weryfikacji wieku WordPress","h1_caption":"Upewnij si\u0119, \u017ce dost\u0119p do tre\u015bci wra\u017cliwych na wiek jest odpowiedzialny, dzi\u0119ki prostej i konfigurowalnej wtyczce weryfikacji wieku, kt\u00f3ra bez wysi\u0142ku b\u0119dzie dost\u0119pna w Twojej witrynie WordPress.","application_category":[],"applications_title":"","applications_request_title":"","applications_request_button_text":"","hero_text":"","hero_video":"","hero_video_schema_markup":"","selling_points_title":"","selling_points_caption":"","selling_points":[],"selling_points_cta_text":"","features_title":"","features":"","ed_cta_examples_text":"","ed_cta_examples_hidden":"","ed_cta_demo_text":"","ed_cta_demo_hidden":"","why_caption":"","why_editor_title":"","why_editor_text":"","why_team_title":"","why_team_text":"","why_service_title":"","why_service_text":"","template_catalog_visible":"","template_catalog_title":"","template_catalog_text":"","template_catalog_categories_visible":"","demo_title":"Utw\u00f3rz wtyczk\u0119 weryfikacji wieku","demo_caption":"Skonfiguruj weryfikacj\u0119 wieku i dodaj j\u0105 do swojej witryny WordPress za darmo!","default_faq_hidden":"","app_template_category":[],"platform":"31","template_public_id":"","codecanyon_url":"","codecanyon_item_id":"","codecanyon_price":"","pricing_caption":"","pricing_elfsight_apps_hide_column":"","pricing_elfsight_apps_url":"","pricing_codecanyon_price_caption":"","integration_category":[],"integration_request_title":"","integration_request_cta":"","integration_platform":"","integrations":[],"platform_category":[],"video_schema_markup":"","price":"od 0 USD \/ miesi\u0105c","trial":"","benefits":[{"text":"Bezp\u0142atna pomoc w monta\u017cu"},{"text":"Do\u015bwiadczona obs\u0142uga klienta"},{"text":"14-dniowa gwarancja zwrotu pieni\u0119dzy"}],"button_url":"#demo","button_target_blank":"","button_nofollow":"","attributes":[{"name":"Instaluje"},{"name":"Czu\u0142y"},{"name":"Kompatybilne przegl\u0105darki"}],"tags":[],"tags_disable_links":"","hide_more_platforms":"","video_object":"","demo_hide_cta":"","demo_hide_cloud_options":"","pricing_title":"","pricing":[{"pricing_icon":"platform","pricing_title":"Elfsight Apps","pricing_title_caption":"Wersja niezale\u017cna od platformy, kt\u00f3ra dzia\u0142a na ka\u017cdej stronie internetowej","pricing_price":"od 0 USD \/ miesi\u0105c","pricing_price_caption":"zacznij od bezp\u0142atnego planu","pricing_benefits":[{"text":"Nielimitowane strony internetowe"},{"text":"Ca\u0142odobowe wsparcie firmy i dobrze udokumentowane"},{"text":"Bezp\u0142atna pomoc w instalacji"},{"text":"Specjalna oferta na wiele aplikacji"}],"pricing_button_text":"Dodaj do witryny","pricing_button_url":"#demo"}],"related_apps_title":"","related_apps_hidden":"","author":"","image":[],"title":"","job":"","social_networks":[]},"_links":{"self":[{"href":"https:\/\/elfsight.com\/pl\/wp-json\/wp\/v2\/pages\/3895","targetHints":{"allow":["GET"]}}],"collection":[{"href":"https:\/\/elfsight.com\/pl\/wp-json\/wp\/v2\/pages"}],"about":[{"href":"https:\/\/elfsight.com\/pl\/wp-json\/wp\/v2\/types\/page"}],"author":[{"embeddable":true,"href":"https:\/\/elfsight.com\/pl\/wp-json\/wp\/v2\/users\/9"}],"replies":[{"embeddable":true,"href":"https:\/\/elfsight.com\/pl\/wp-json\/wp\/v2\/comments?post=3895"}],"version-history":[{"count":2,"href":"https:\/\/elfsight.com\/pl\/wp-json\/wp\/v2\/pages\/3895\/revisions"}],"predecessor-version":[{"id":7597,"href":"https:\/\/elfsight.com\/pl\/wp-json\/wp\/v2\/pages\/3895\/revisions\/7597"}],"up":[{"embeddable":true,"href":"https:\/\/elfsight.com\/pl\/wp-json\/wp\/v2\/pages\/1921"}],"wp:attachment":[{"href":"https:\/\/elfsight.com\/pl\/wp-json\/wp\/v2\/media?parent=3895"}],"curies":[{"name":"wp","href":"https:\/\/api.w.org\/{rel}","templated":true}]}}