{"id":3893,"date":"2024-05-03T06:25:51","date_gmt":"2024-05-03T06:25:51","guid":{"rendered":"https:\/\/elfsight.com\/pl\/?page_id=3893"},"modified":"2024-11-14T12:35:50","modified_gmt":"2024-11-14T12:35:50","slug":"elementor","status":"publish","type":"page","link":"https:\/\/elfsight.com\/pl\/age-verification-widget\/elementor\/","title":{"rendered":"Age Verification &#8211; Elementor"},"content":{"rendered":"<div class=\"application-platform-content-item-description application-platform-content-item\" id=\"description\" data-nav-section=\"description\"> <h2>Osad\u017a weryfikacj\u0119 wieku w Elementorze za pomoc\u0105 wid\u017cetu Elfsight<\/h2> <p>Widget Elfsight to najlepsza metoda zorganizowania powiadomienia sprawdzaj\u0105cego wiek u\u017cytkownika. Nasz wid\u017cet udost\u0119pnia doros\u0142ym materia\u0142y wra\u017cliwe na wiek i ukrywa je przed nieletnimi. Mo\u017cesz ustawi\u0107 odpowiednie ograniczenie wiekowe, wybra\u0107 metod\u0119 weryfikacji, umie\u015bci\u0107 widget na wszystkich lub tylko kilku stronach oraz wykona\u0107 akcj\u0119 przekierowuj\u0105c\u0105 dost\u0119p. Wygl\u0105d jest elastyczny dzi\u0119ki mo\u017cliwo\u015bci malowania szczeg\u00f3\u0142\u00f3w i funkcji wy\u015bwietlania niestandardowych obraz\u00f3w.<\/p> <div class=\"faq\" data-component=\"FAQ\"> <div class=\"faq-item\">\r\n\t\t\t\t\t<div class=\"faq-item-question\">\r\n\t\t\t\t\t\t<h3 class=\"faq-item-question-text\">Gdzie mog\u0119 wstawi\u0107 wid\u017cet weryfikacyjny<\/h3>\r\n\r\n\t\t\t\t\t\t<div class=\"faq-item-question-icon\"><\/div>\r\n\t\t\t\t\t<\/div>\r\n\r\n\t\t\t\t\t<div class=\"faq-item-answer\">\r\n\t\t\t\t\t\t<div class=\"faq-item-answer-text\"> <p>Mo\u017cesz albo wy\u015bwietli\u0107 okno kontroli wieku na wszystkich stronach, albo wybierz konkretne strony. Co wi\u0119cej, istnieje mo\u017cliwo\u015b\u0107 wykluczenia tych stron, gdzie tego nie chcesz.<\/p> <\/div>\r\n\t\t\t\t\t<\/div>\r\n\t\t\t\t<\/div> <div class=\"faq-item\">\r\n\t\t\t\t\t<div class=\"faq-item-question\">\r\n\t\t\t\t\t\t<h3 class=\"faq-item-question-text\">Jakie korzy\u015bci mog\u0119 zyska\u0107 dzi\u0119ki tej wtyczce?<\/h3>\r\n\r\n\t\t\t\t\t\t<div class=\"faq-item-question-icon\"><\/div>\r\n\t\t\t\t\t<\/div>\r\n\r\n\t\t\t\t\t<div class=\"faq-item-answer\">\r\n\t\t\t\t\t\t<div class=\"faq-item-answer-text\"> <p>Dzi\u0119ki temu widgetowi jest to idealne rozwi\u0105zanie \u0142atwo i szybko skonfigurujesz okno sprawdzania wieku i blokujesz dost\u0119p do swoich materia\u0142\u00f3w niepe\u0142noletnim u\u017cytkownikom. Dzi\u0119ki temu b\u0119dziesz mie\u0107 pewno\u015b\u0107, \u017ce Twoja witryna jest zgodna z przepisami. Co wi\u0119cej, zyskasz nowych docelowych u\u017cytkownik\u00f3w i wa\u017cnych klient\u00f3w.<\/p> <\/div>\r\n\t\t\t\t\t<\/div>\r\n\t\t\t\t<\/div> <div class=\"faq-item\">\r\n\t\t\t\t\t<div class=\"faq-item-question\">\r\n\t\t\t\t\t\t<h3 class=\"faq-item-question-text\">Jak doda\u0107 weryfikacj\u0119 wieku do Elementora?<\/h3>\r\n\r\n\t\t\t\t\t\t<div class=\"faq-item-question-icon\"><\/div>\r\n\t\t\t\t\t<\/div>\r\n\r\n\t\t\t\t\t<div class=\"faq-item-answer\">\r\n\t\t\t\t\t\t<div class=\"faq-item-answer-text\"> <p>Zajmie to tylko dwie minuty czas na konfiguracj\u0119. Instalacja jest bardzo szybka, bezp\u0142atna i nie wymaga kodowania.<\/p> <p>Za po\u015brednictwem naszej us\u0142ugi mo\u017cesz umie\u015bci\u0107 weryfikacj\u0119 wieku na swojej stronie internetowej. W tym celu zapoznaj si\u0119 z przewodnikiem poni\u017cej na tej stronie.<\/p> <\/div>\r\n\t\t\t\t\t<\/div>\r\n\t\t\t\t<\/div> <\/div> <\/div> <div class=\"application-platform-content-item-features application-platform-content-item\" id=\"features\" data-nav-section=\"features\"> <h2>G\u0142\u00f3wne funkcje wid\u017cetu Weryfikacja wieku<\/h2> <p>Aby lepiej pozna\u0107 funkcj\u0119 weryfikacji wieku, poni\u017cej znajduje si\u0119 lista jej g\u0142\u00f3wnych funkcji. Sprawiaj\u0105, \u017ce widget jest dla Ciebie niezwykle przydatny:<\/p> <ul><li>Wybierz jedn\u0105 z metod sprawdzenia: pro\u015bba o podanie pe\u0142nej daty urodzenia, tylko rok urodzenia lub pytanie z opcj\u0105 Tak lub Nie;<\/li><li>Wybierz opcj\u0119 zapami\u0119tywania go\u015bcia przez dowolny okres w dniach;<\/li><li>2 scenariusze dla nieletnich go\u015bci: pokazanie niestandardowego tekstu lub przekierowanie u\u017cytkownika na dowoln\u0105 stron\u0119 lub witryn\u0119; <\/li><li>Prze\u015blij w\u0142asne zdj\u0119cie, aby doda\u0107 je do okna weryfikacji;<\/li><li>Poka\u017c dodatkowy tekst i linki pod przyciskiem weryfikacji.<\/li><\/ul><p><a href=\"#demo\">Poznaj wszystkie funkcje w wersji demonstracyjnej<\/a><\/p> <\/div><div class=\"application-platform-content-item-installation application-platform-content-item\" id=\"installation\" data-nav-section=\"installation\"> <h2>Dowiedz si\u0119, jak umie\u015bci\u0107 wid\u017cet weryfikacji wieku na swojej stronie internetowej Elementor<\/h2> <div class=\"video-container\"><iframe width=\"720\" height=\"405\" src=\"https:\/\/www.youtube.com\/embed\/YbPlEwXJRTY\" frameborder=\"0\" allowfullscreen=\"\"><\/iframe><\/div><p>Wystarczy wykona\u0107 poni\u017csze kroki, aby umie\u015bci\u0107 wid\u017cet na swojej stronie internetowej.<\/p><ol><li><b>Utw\u00f3rz spersonalizowan\u0105 wtyczk\u0119 do weryfikacji wieku<\/b> <br> Za pomoc\u0105 naszego bezp\u0142atnego konfiguratora utw\u00f3rz wtyczk\u0119, wybierz uk\u0142ad i inne funkcje interfejsu.<\/li><li><b>Zdob\u0105d\u017a osobisty kod, aby zainstalowa\u0107 wtyczk\u0119<\/b><br> Po ustawieniu widgetu, w wy\u015bwietlonym oknie aplikacji Elfsight otrzymasz kod instalacyjny. Skopiuj go.<\/li> <li><b>Dodaj wtyczk\u0119 na swojej stronie Elementora<\/b><br> Wybierz obszar, w kt\u00f3rym chcesz osadzi\u0107 wtyczk\u0119 i wklej tam skopiowany kod. Zastosuj zmiany.<\/li><li><b>Gotowe!<\/b><br>Wejd\u017a na stron\u0119 internetow\u0105 i sprawd\u017a sw\u00f3j wiek.<\/li> <\/ol><p>Nadal masz w\u0105tpliwo\u015bci? A mo\u017ce potrzebujesz pomocy? Wystarczy wys\u0142a\u0107 zapytanie do naszego dzia\u0142u obs\u0142ugi klienta. Rozwi\u0105\u017cemy ka\u017cdy problem.<\/p> <\/div>","protected":false},"excerpt":{"rendered":"","protected":false},"author":9,"featured_media":0,"parent":1921,"menu_order":0,"comment_status":"closed","ping_status":"closed","template":"templates\/template-application-platform.php","meta":{"publish_to_discourse":"","publish_post_category":"","wpdc_auto_publish_overridden":"","wpdc_topic_tags":"","wpdc_pin_topic":"","wpdc_pin_until":"","discourse_post_id":"","discourse_permalink":"","wpdc_publishing_response":"","wpdc_publishing_error":"","footnotes":""},"class_list":["post-3893","page","type-page","status-publish","hentry"],"yoast_head":"<!-- This site is optimized with the Yoast SEO plugin v25.3.1 - https:\/\/yoast.com\/wordpress\/plugins\/seo\/ -->\n<title>Widget Weryfikacja wieku na stronie Elementora (szybko i za darmo)<\/title>\n<meta name=\"description\" content=\"Zaprojektowanie wid\u017cetu weryfikacji wieku i dodanie go na stronie internetowej Elementora jest ca\u0142kowicie proste. Obs\u0142uga klienta Elfsight jest bezp\u0142atna.\" \/>\n<meta name=\"robots\" content=\"index, follow, max-snippet:-1, max-image-preview:large, max-video-preview:-1\" \/>\n<link rel=\"canonical\" href=\"https:\/\/elfsight.com\/pl\/age-verification-widget\/elementor\/\" \/>\n<meta property=\"og:locale\" content=\"pl_PL\" \/>\n<meta property=\"og:type\" content=\"article\" \/>\n<meta property=\"og:title\" content=\"Widget Weryfikacja wieku na stronie Elementora (szybko i za darmo)\" \/>\n<meta property=\"og:description\" content=\"Zaprojektowanie wid\u017cetu weryfikacji wieku i dodanie go na stronie internetowej Elementora jest ca\u0142kowicie proste. Obs\u0142uga klienta Elfsight jest bezp\u0142atna.\" \/>\n<meta property=\"og:url\" content=\"https:\/\/elfsight.com\/pl\/age-verification-widget\/elementor\/\" \/>\n<meta property=\"og:site_name\" content=\"Elfsight PL\" \/>\n<meta property=\"article:modified_time\" content=\"2024-11-14T12:35:50+00:00\" \/>\n<meta name=\"twitter:card\" content=\"summary_large_image\" \/>\n<meta name=\"twitter:label1\" content=\"Szacowany czas czytania\" \/>\n\t<meta name=\"twitter:data1\" content=\"3 minuty\" \/>\n<!-- \/ Yoast SEO plugin. -->","yoast_head_json":{"title":"Widget Weryfikacja wieku na stronie Elementora (szybko i za darmo)","description":"Zaprojektowanie wid\u017cetu weryfikacji wieku i dodanie go na stronie internetowej Elementora jest ca\u0142kowicie proste. Obs\u0142uga klienta Elfsight jest bezp\u0142atna.","robots":{"index":"index","follow":"follow","max-snippet":"max-snippet:-1","max-image-preview":"max-image-preview:large","max-video-preview":"max-video-preview:-1"},"canonical":"https:\/\/elfsight.com\/pl\/age-verification-widget\/elementor\/","og_locale":"pl_PL","og_type":"article","og_title":"Widget Weryfikacja wieku na stronie Elementora (szybko i za darmo)","og_description":"Zaprojektowanie wid\u017cetu weryfikacji wieku i dodanie go na stronie internetowej Elementora jest ca\u0142kowicie proste. Obs\u0142uga klienta Elfsight jest bezp\u0142atna.","og_url":"https:\/\/elfsight.com\/pl\/age-verification-widget\/elementor\/","og_site_name":"Elfsight PL","article_modified_time":"2024-11-14T12:35:50+00:00","twitter_card":"summary_large_image","twitter_misc":{"Szacowany czas czytania":"3 minuty"},"schema":{"@context":"https:\/\/schema.org","@graph":[{"@type":"WebPage","@id":"https:\/\/elfsight.com\/pl\/age-verification-widget\/elementor\/","url":"https:\/\/elfsight.com\/pl\/age-verification-widget\/elementor\/","name":"Widget Weryfikacja wieku na stronie Elementora (szybko i za darmo)","isPartOf":{"@id":"https:\/\/elfsight.com\/pl\/#website"},"datePublished":"2024-05-03T06:25:51+00:00","dateModified":"2024-11-14T12:35:50+00:00","description":"Zaprojektowanie wid\u017cetu weryfikacji wieku i dodanie go na stronie internetowej Elementora jest ca\u0142kowicie proste. Obs\u0142uga klienta Elfsight jest bezp\u0142atna.","breadcrumb":{"@id":"https:\/\/elfsight.com\/pl\/age-verification-widget\/elementor\/#breadcrumb"},"inLanguage":"pl-PL","potentialAction":[{"@type":"ReadAction","target":["https:\/\/elfsight.com\/pl\/age-verification-widget\/elementor\/"]}]},{"@type":"BreadcrumbList","@id":"https:\/\/elfsight.com\/pl\/age-verification-widget\/elementor\/#breadcrumb","itemListElement":[{"@type":"ListItem","position":1,"name":"Home","item":"https:\/\/elfsight.com\/pl\/"},{"@type":"ListItem","position":2,"name":"Age Verification","item":"https:\/\/elfsight.com\/pl\/age-verification-widget\/"},{"@type":"ListItem","position":3,"name":"Age Verification &#8211; Elementor"}]},{"@type":"WebSite","@id":"https:\/\/elfsight.com\/pl\/#website","url":"https:\/\/elfsight.com\/pl\/","name":"Elfsight PL","description":"Just another Elfsight Sites site","potentialAction":[{"@type":"SearchAction","target":{"@type":"EntryPoint","urlTemplate":"https:\/\/elfsight.com\/pl\/?s={search_term_string}"},"query-input":{"@type":"PropertyValueSpecification","valueRequired":true,"valueName":"search_term_string"}}],"inLanguage":"pl-PL"}]}},"meta_box":{"industry":"","seo_heading":"","heading":"","description":"","cta_heading":"","cta_description":"","application":"1920","h1":"Wid\u017cet weryfikacji wieku Elementora","h1_caption":"Zapewnij odpowiedzialny dost\u0119p do tre\u015bci wra\u017cliwych na wiek, korzystaj\u0105c z prostego i konfigurowalnego wid\u017cetu weryfikacji wieku w witrynie Elementor.","application_category":[],"applications_title":"","applications_request_title":"","applications_request_button_text":"","hero_text":"","hero_video":"","hero_video_schema_markup":"","selling_points_title":"","selling_points_caption":"","selling_points":[],"selling_points_cta_text":"","features_title":"","features":"","ed_cta_examples_text":"","ed_cta_examples_hidden":"","ed_cta_demo_text":"","ed_cta_demo_hidden":"","why_caption":"","why_editor_title":"","why_editor_text":"","why_team_title":"","why_team_text":"","why_service_title":"","why_service_text":"","template_catalog_visible":"","template_catalog_title":"","template_catalog_text":"","template_catalog_categories_visible":"","demo_title":"Utw\u00f3rz wid\u017cet weryfikacji wieku","demo_caption":"Skonfiguruj weryfikacj\u0119 wieku i dodaj j\u0105 do swojej witryny Elementor za darmo!","default_faq_hidden":"","app_template_category":[],"platform":"268","template_public_id":"","codecanyon_url":"","codecanyon_item_id":"","codecanyon_price":"","pricing_caption":"","pricing_elfsight_apps_hide_column":"","pricing_elfsight_apps_url":"","pricing_codecanyon_price_caption":"","integration_category":[],"integration_request_title":"","integration_request_cta":"","integration_platform":"","integrations":[],"platform_category":[],"video_schema_markup":"","price":"od 0 USD \/ miesi\u0105c","trial":"","benefits":[{"text":"Bezp\u0142atna us\u0142uga monta\u017cu"},{"text":"Do\u015bwiadczona obs\u0142uga klienta"},{"text":"14-dniowa gwarancja zwrotu pieni\u0119dzy"}],"button_url":"#demo","button_target_blank":"","button_nofollow":"","attributes":[{"name":"Instaluje"},{"name":"Czu\u0142y"},{"name":"Kompatybilne przegl\u0105darki"}],"tags":[],"tags_disable_links":"","hide_more_platforms":"","video_object":"","demo_hide_cta":"","demo_hide_cloud_options":"","pricing_title":"","pricing":[{"pricing_icon":"platform","pricing_title":"Elfsight Apps","pricing_title_caption":"Oprogramowanie wieloplatformowe","pricing_price":"od 0 USD \/ miesi\u0105c","pricing_price_caption":"zacznij od bezp\u0142atnego planu","pricing_benefits":[{"text":"Nielimitowane strony internetowe"},{"text":"Dedykowane wsparcie firmy i dobrze udokumentowane"},{"text":"Bezp\u0142atna pomoc w monta\u017cu"},{"text":"Specjalna cena za wiele aplikacji"}],"pricing_button_text":"Dodaj do witryny","pricing_button_url":"#demo"}],"related_apps_title":"","related_apps_hidden":"","author":"","image":[],"title":"","job":"","social_networks":[]},"_links":{"self":[{"href":"https:\/\/elfsight.com\/pl\/wp-json\/wp\/v2\/pages\/3893","targetHints":{"allow":["GET"]}}],"collection":[{"href":"https:\/\/elfsight.com\/pl\/wp-json\/wp\/v2\/pages"}],"about":[{"href":"https:\/\/elfsight.com\/pl\/wp-json\/wp\/v2\/types\/page"}],"author":[{"embeddable":true,"href":"https:\/\/elfsight.com\/pl\/wp-json\/wp\/v2\/users\/9"}],"replies":[{"embeddable":true,"href":"https:\/\/elfsight.com\/pl\/wp-json\/wp\/v2\/comments?post=3893"}],"version-history":[{"count":2,"href":"https:\/\/elfsight.com\/pl\/wp-json\/wp\/v2\/pages\/3893\/revisions"}],"predecessor-version":[{"id":7596,"href":"https:\/\/elfsight.com\/pl\/wp-json\/wp\/v2\/pages\/3893\/revisions\/7596"}],"up":[{"embeddable":true,"href":"https:\/\/elfsight.com\/pl\/wp-json\/wp\/v2\/pages\/1921"}],"wp:attachment":[{"href":"https:\/\/elfsight.com\/pl\/wp-json\/wp\/v2\/media?parent=3893"}],"curies":[{"name":"wp","href":"https:\/\/api.w.org\/{rel}","templated":true}]}}