{"id":3888,"date":"2024-05-03T06:25:50","date_gmt":"2024-05-03T06:25:50","guid":{"rendered":"https:\/\/elfsight.com\/pl\/?page_id=3888"},"modified":"2024-11-14T09:31:38","modified_gmt":"2024-11-14T09:31:38","slug":"iframe","status":"publish","type":"page","link":"https:\/\/elfsight.com\/pl\/age-verification-widget\/iframe\/","title":{"rendered":"Age Verification &#8211; iFrame"},"content":{"rendered":"<div class=\"application-platform-content-item-description application-platform-content-item\" id=\"description\" data-nav-section=\"description\"><h2>Osad\u017a weryfikacj\u0119 wieku w iFrame za pomoc\u0105 wid\u017cetu Elfsight<\/h2><p>Widget Weryfikacja wieku Elfsight to naj\u0142atwiejsza metoda konfiguracji bezpo\u015bredniego okna kt\u00f3ra pyta o wiek osoby odwiedzaj\u0105cej witryn\u0119. Widget pomo\u017ce udost\u0119pni\u0107 pe\u0142noletnim u\u017cytkownikom tre\u015bci wra\u017cliwe na wiek i ukry\u0107 je przed widzami niepe\u0142noletnimi. Mo\u017cesz ustawi\u0107 limit wiekowy, zdefiniowa\u0107 format weryfikacji, wprowadzi\u0107 popup na wszystkich lub tylko wybranych stronach oraz wybra\u0107 scenariusz. Wygl\u0105d mo\u017cna \u0142atwo dostosowa\u0107 za pomoc\u0105 element\u00f3w, kt\u00f3re mo\u017cna malowa\u0107, oraz funkcji dodawania niestandardowych obraz\u00f3w.<\/p> <p><b>Najwygodniejszy spos\u00f3b wy\u015bwietlania okna weryfikacji wieku w Twojej witrynie<\/b><\/p><\/div>[ application_platform_content_item id=&#8221;features&#8221;]<h2>G\u0142\u00f3wne cechy wid\u017cetu Weryfikacja wieku<\/h2><p>Sp\u00f3jrz na list\u0119 najwa\u017cniejszych zdj\u0119\u0107 wid\u017cetu. Robi\u0105 to naprawd\u0119 osza\u0142amiaj\u0105co: <\/p> <ul><li>Wybierz jedn\u0105 z trzech metod weryfikacji: pytanie o pe\u0142n\u0105 dat\u0119 urodzenia, tylko rok urodzenia lub pytanie z opcjami Tak i Nie;<\/li><li>Opcja zapami\u0119tywania go\u015bci przez dowolny okres czasu;<\/li><li>Dwa mo\u017cliwe scenariusze odstraszenia u\u017cytkownik\u00f3w: pokazanie tekstu lub przekierowanie u\u017cytkownika na inn\u0105 stron\u0119 lub witryn\u0119;<\/li><li>Prze\u015blij dowolne obraz wy\u015bwietlany w wyskakuj\u0105cym okienku kontrolnym;<\/li><li>Podaj dodatkowe informacje za pomoc\u0105 link\u00f3w pod przyciskiem weryfikacji.<\/li><\/ul><p><a href=\"#demo\">Sprawd\u017a wszystkie opcje w demonstracja na \u017cywo<\/a><\/p>[\/application_platform_content_item]<div class=\"application-platform-content-item-installation application-platform-content-item\" id=\"installation\" data-nav-section=\"installation\"><h2>Jak doda\u0107 weryfikacj\u0119 wieku do witryny iFrame<\/h2><p>Aktywuj wid\u017cet, wykonuj\u0105c poni\u017csze czynno\u015bci. <\/p> <ol><li><b>Stw\u00f3rz spersonalizowan\u0105 wtyczk\u0119 Age<\/b><br> Korzystaj\u0105c z naszej bezp\u0142atnej wersji demonstracyjnej, utw\u00f3rz wtyczk\u0119 o preferowanym sk\u0142adzie i cechach funkcjonalnych. <\/li><li><b>Uzyskaj osobisty kod do osadzenia wtyczki<\/b><br> Po utworzeniu wid\u017cetu otrzymasz unikalny kod z powiadomienia, kt\u00f3re pojawi si\u0119 w aplikacji Elfsight. Skopiuj kod. <\/li> <li><b>Osad\u017a wtyczk\u0119 na swojej stronie iFrame<\/b><br> Okre\u015bl miejsce, w kt\u00f3rym chcesz wy\u015bwietli\u0107 wtyczk\u0119 i wstaw tam skopiowany kod. Zastosuj wyniki. <\/li> <li><b>Gotowe! <\/b><br> Przejd\u017a do swojej strony, aby zobaczy\u0107 swoj\u0105 weryfikacj\u0119. <\/li> <\/ol><p>Nasz zesp\u00f3\u0142 obs\u0142ugi klienta znajdzie spersonalizowane rozwi\u0105zanie Twoich problem\u00f3w, je\u015bli je napotkasz. Zapraszamy do kontaktu z nami! <\/p> <div class=\"faq\" data-component=\"FAQ\"> <div class=\"faq-item\">\r\n\t\t\t\t\t<div class=\"faq-item-question\">\r\n\t\t\t\t\t\t<h3 class=\"faq-item-question-text\">Jak mog\u0119 doda\u0107 weryfikacj\u0119 wieku do mojej witryny iFrame bez umiej\u0119tno\u015bci kodowania?<\/h3>\r\n\r\n\t\t\t\t\t\t<div class=\"faq-item-question-icon\"><\/div>\r\n\t\t\t\t\t<\/div>\r\n\r\n\t\t\t\t\t<div class=\"faq-item-answer\">\r\n\t\t\t\t\t\t<div class=\"faq-item-answer-text\"> <p>Elfsight zapewnia rozwi\u0105zanie SaaS, kt\u00f3re pozwala samodzielnie utworzy\u0107 wid\u017cet weryfikacji wieku. Zobacz, jak \u0142atwo proces jest nast\u0119puj\u0105cy: Pracuj bezpo\u015brednio w edytorze online, aby utworzy\u0107 wid\u017cet weryfikacji wieku, kt\u00f3ry chcesz zobaczy\u0107 w swojej witrynie iFrame. Wybierz jeden z gotowych szablon\u00f3w i dostosuj ustawienia weryfikacji wieku, dodaj tre\u015b\u0107, zmie\u0144 uk\u0142ad i kolory bez umiej\u0119tno\u015bci kodowania. Zapisz weryfikacj\u0119 wieku i skopiuj jej kod instalacyjny, kt\u00f3ry mo\u017cesz bez trudu osadzi\u0107 na swojej stronie iFrame bez kupowania p\u0142atnego planu. Dzi\u0119ki naszemu intuicyjnemu edytorowi ka\u017cdy u\u017cytkownik Internetu mo\u017ce stworzy\u0107 wid\u017cet weryfikacji wieku online i \u0142atwo osadzi\u0107 go na swojej stronie internetowej iFrame. Aby uzyska\u0107 dost\u0119p do us\u0142ugi, nie trzeba p\u0142aci\u0107 ani wprowadza\u0107 danych uwierzytelniaj\u0105cych karty. Je\u015bli na kt\u00f3rymkolwiek etapie napotkasz jakiekolwiek problemy, skontaktuj si\u0119 z naszym zespo\u0142em pomocy technicznej.<\/p> <\/div>\r\n\t\t\t\t\t<\/div>\r\n\t\t\t\t<\/div> <\/div> <\/div>","protected":false},"excerpt":{"rendered":"[ application_platform_content_item id=&#8221;features&#8221;]G\u0142\u00f3wne cechy wid\u017cetu Weryfikacja wiekuSp\u00f3jrz na list\u0119 najwa\u017cniejszych zdj\u0119\u0107 wid\u017cetu. Robi\u0105 to naprawd\u0119 osza\u0142amiaj\u0105co: Wybierz jedn\u0105 z trzech metod weryfikacji: pytanie o pe\u0142n\u0105 dat\u0119 urodzenia, tylko rok urodzenia lub pytanie z opcjami Tak i Nie;Opcja zapami\u0119tywania go\u015bci przez dowolny okres czasu;Dwa mo\u017cliwe scenariusze odstraszenia u\u017cytkownik\u00f3w: pokazanie tekstu lub&#8230;","protected":false},"author":9,"featured_media":0,"parent":1921,"menu_order":0,"comment_status":"closed","ping_status":"closed","template":"templates\/template-application-platform.php","meta":{"publish_to_discourse":"","publish_post_category":"","wpdc_auto_publish_overridden":"","wpdc_topic_tags":"","wpdc_pin_topic":"","wpdc_pin_until":"","discourse_post_id":"","discourse_permalink":"","wpdc_publishing_response":"","wpdc_publishing_error":"","footnotes":""},"class_list":["post-3888","page","type-page","status-publish","hentry"],"yoast_head":"<!-- This site is optimized with the Yoast SEO plugin v25.3.1 - https:\/\/yoast.com\/wordpress\/plugins\/seo\/ -->\n<title>Wtyczka iFrame Age Verification dla Twojej witryny (bezp\u0142atna i szybka)<\/title>\n<meta name=\"description\" content=\"Utworzenie wid\u017cetu weryfikacji wieku i umieszczenie go w witrynie iFrame jest absolutnie proste. Obs\u0142uga klienta Elfsight jest bezp\u0142atna i szybka.\" \/>\n<meta name=\"robots\" content=\"index, follow, max-snippet:-1, max-image-preview:large, max-video-preview:-1\" \/>\n<link rel=\"canonical\" href=\"https:\/\/elfsight.com\/pl\/age-verification-widget\/iframe\/\" \/>\n<meta property=\"og:locale\" content=\"pl_PL\" \/>\n<meta property=\"og:type\" content=\"article\" \/>\n<meta property=\"og:title\" content=\"Wtyczka iFrame Age Verification dla Twojej witryny (bezp\u0142atna i szybka)\" \/>\n<meta property=\"og:description\" content=\"Utworzenie wid\u017cetu weryfikacji wieku i umieszczenie go w witrynie iFrame jest absolutnie proste. Obs\u0142uga klienta Elfsight jest bezp\u0142atna i szybka.\" \/>\n<meta property=\"og:url\" content=\"https:\/\/elfsight.com\/pl\/age-verification-widget\/iframe\/\" \/>\n<meta property=\"og:site_name\" content=\"Elfsight PL\" \/>\n<meta property=\"article:modified_time\" content=\"2024-11-14T09:31:38+00:00\" \/>\n<meta name=\"twitter:card\" content=\"summary_large_image\" \/>\n<meta name=\"twitter:label1\" content=\"Szacowany czas czytania\" \/>\n\t<meta name=\"twitter:data1\" content=\"3 minuty\" \/>\n<!-- \/ Yoast SEO plugin. -->","yoast_head_json":{"title":"Wtyczka iFrame Age Verification dla Twojej witryny (bezp\u0142atna i szybka)","description":"Utworzenie wid\u017cetu weryfikacji wieku i umieszczenie go w witrynie iFrame jest absolutnie proste. Obs\u0142uga klienta Elfsight jest bezp\u0142atna i szybka.","robots":{"index":"index","follow":"follow","max-snippet":"max-snippet:-1","max-image-preview":"max-image-preview:large","max-video-preview":"max-video-preview:-1"},"canonical":"https:\/\/elfsight.com\/pl\/age-verification-widget\/iframe\/","og_locale":"pl_PL","og_type":"article","og_title":"Wtyczka iFrame Age Verification dla Twojej witryny (bezp\u0142atna i szybka)","og_description":"Utworzenie wid\u017cetu weryfikacji wieku i umieszczenie go w witrynie iFrame jest absolutnie proste. Obs\u0142uga klienta Elfsight jest bezp\u0142atna i szybka.","og_url":"https:\/\/elfsight.com\/pl\/age-verification-widget\/iframe\/","og_site_name":"Elfsight PL","article_modified_time":"2024-11-14T09:31:38+00:00","twitter_card":"summary_large_image","twitter_misc":{"Szacowany czas czytania":"3 minuty"},"schema":{"@context":"https:\/\/schema.org","@graph":[{"@type":"WebPage","@id":"https:\/\/elfsight.com\/pl\/age-verification-widget\/iframe\/","url":"https:\/\/elfsight.com\/pl\/age-verification-widget\/iframe\/","name":"Wtyczka iFrame Age Verification dla Twojej witryny (bezp\u0142atna i szybka)","isPartOf":{"@id":"https:\/\/elfsight.com\/pl\/#website"},"datePublished":"2024-05-03T06:25:50+00:00","dateModified":"2024-11-14T09:31:38+00:00","description":"Utworzenie wid\u017cetu weryfikacji wieku i umieszczenie go w witrynie iFrame jest absolutnie proste. Obs\u0142uga klienta Elfsight jest bezp\u0142atna i szybka.","breadcrumb":{"@id":"https:\/\/elfsight.com\/pl\/age-verification-widget\/iframe\/#breadcrumb"},"inLanguage":"pl-PL","potentialAction":[{"@type":"ReadAction","target":["https:\/\/elfsight.com\/pl\/age-verification-widget\/iframe\/"]}]},{"@type":"BreadcrumbList","@id":"https:\/\/elfsight.com\/pl\/age-verification-widget\/iframe\/#breadcrumb","itemListElement":[{"@type":"ListItem","position":1,"name":"Home","item":"https:\/\/elfsight.com\/pl\/"},{"@type":"ListItem","position":2,"name":"Age Verification","item":"https:\/\/elfsight.com\/pl\/age-verification-widget\/"},{"@type":"ListItem","position":3,"name":"Age Verification &#8211; iFrame"}]},{"@type":"WebSite","@id":"https:\/\/elfsight.com\/pl\/#website","url":"https:\/\/elfsight.com\/pl\/","name":"Elfsight PL","description":"Just another Elfsight Sites site","potentialAction":[{"@type":"SearchAction","target":{"@type":"EntryPoint","urlTemplate":"https:\/\/elfsight.com\/pl\/?s={search_term_string}"},"query-input":{"@type":"PropertyValueSpecification","valueRequired":true,"valueName":"search_term_string"}}],"inLanguage":"pl-PL"}]}},"meta_box":{"industry":"","seo_heading":"","heading":"","description":"","cta_heading":"","cta_description":"","application":"1920","h1":"Wid\u017cet weryfikacji wieku iFrame","h1_caption":"Zapewnij odpowiedzialny dost\u0119p do tre\u015bci wra\u017cliwych na wiek, korzystaj\u0105c z prostego i konfigurowalnego wid\u017cetu weryfikacji wieku w witrynie iFrame.","application_category":[],"applications_title":"","applications_request_title":"","applications_request_button_text":"","hero_text":"","hero_video":"","hero_video_schema_markup":"","selling_points_title":"","selling_points_caption":"","selling_points":[],"selling_points_cta_text":"","features_title":"","features":"","ed_cta_examples_text":"","ed_cta_examples_hidden":"","ed_cta_demo_text":"","ed_cta_demo_hidden":"","why_caption":"","why_editor_title":"","why_editor_text":"","why_team_title":"","why_team_text":"","why_service_title":"","why_service_text":"","template_catalog_visible":"","template_catalog_title":"","template_catalog_text":"","template_catalog_categories_visible":"","demo_title":"Utw\u00f3rz wid\u017cet weryfikacji wieku","demo_caption":"Skonfiguruj weryfikacj\u0119 wieku i dodaj j\u0105 do swojej witryny iFrame za darmo!","default_faq_hidden":"","app_template_category":[],"platform":"187","template_public_id":"","codecanyon_url":"","codecanyon_item_id":"","codecanyon_price":"","pricing_caption":"","pricing_elfsight_apps_hide_column":"","pricing_elfsight_apps_url":"","pricing_codecanyon_price_caption":"","integration_category":[],"integration_request_title":"","integration_request_cta":"","integration_platform":"","integrations":[],"platform_category":[],"video_schema_markup":"","price":"od 0 USD \/ miesi\u0105c","trial":"","benefits":[{"text":"Bezp\u0142atna pomoc w monta\u017cu"},{"text":"Wyj\u0105tkowe wsparcie"},{"text":"14-dniowa gwarancja zwrotu pieni\u0119dzy"}],"button_url":"#demo","button_target_blank":"","button_nofollow":"","attributes":[{"name":"Instaluje"},{"name":"Czu\u0142y"},{"name":"Kompatybilne przegl\u0105darki"}],"tags":[],"tags_disable_links":"","hide_more_platforms":"","video_object":"","demo_hide_cta":"","demo_hide_cloud_options":"","pricing_title":"","pricing":[{"pricing_icon":"platform","pricing_title":"Elfsight Apps","pricing_title_caption":"Wersja wieloplatformowa, kt\u00f3ra dzia\u0142a na ka\u017cdej stronie internetowej","pricing_price":"od 0 USD \/ miesi\u0105c","pricing_price_caption":"zacznij od bezp\u0142atnego planu","pricing_benefits":[{"text":"Nielimitowane domeny"},{"text":"Bezp\u0142atne wsparcie"},{"text":"Bezp\u0142atna pomoc w instalacji"},{"text":"Oferta specjalna na wiele aplikacji"}],"pricing_button_text":"Dodaj do witryny","pricing_button_url":"#demo"}],"related_apps_title":"","related_apps_hidden":"","author":"","image":[],"title":"","job":"","social_networks":[]},"_links":{"self":[{"href":"https:\/\/elfsight.com\/pl\/wp-json\/wp\/v2\/pages\/3888","targetHints":{"allow":["GET"]}}],"collection":[{"href":"https:\/\/elfsight.com\/pl\/wp-json\/wp\/v2\/pages"}],"about":[{"href":"https:\/\/elfsight.com\/pl\/wp-json\/wp\/v2\/types\/page"}],"author":[{"embeddable":true,"href":"https:\/\/elfsight.com\/pl\/wp-json\/wp\/v2\/users\/9"}],"replies":[{"embeddable":true,"href":"https:\/\/elfsight.com\/pl\/wp-json\/wp\/v2\/comments?post=3888"}],"version-history":[{"count":1,"href":"https:\/\/elfsight.com\/pl\/wp-json\/wp\/v2\/pages\/3888\/revisions"}],"predecessor-version":[{"id":3892,"href":"https:\/\/elfsight.com\/pl\/wp-json\/wp\/v2\/pages\/3888\/revisions\/3892"}],"up":[{"embeddable":true,"href":"https:\/\/elfsight.com\/pl\/wp-json\/wp\/v2\/pages\/1921"}],"wp:attachment":[{"href":"https:\/\/elfsight.com\/pl\/wp-json\/wp\/v2\/media?parent=3888"}],"curies":[{"name":"wp","href":"https:\/\/api.w.org\/{rel}","templated":true}]}}