{"id":3887,"date":"2024-05-03T06:25:49","date_gmt":"2024-05-03T06:25:49","guid":{"rendered":"https:\/\/elfsight.com\/pl\/?page_id=3887"},"modified":"2024-11-14T09:27:31","modified_gmt":"2024-11-14T09:27:31","slug":"facebook","status":"publish","type":"page","link":"https:\/\/elfsight.com\/pl\/age-verification-widget\/facebook\/","title":{"rendered":"Age Verification &#8211; Facebook Page"},"content":{"rendered":"<div class=\"application-platform-content-item-description application-platform-content-item\" id=\"description\" data-nav-section=\"description\"><h2>Opis<\/h2><p>Widget Elfsight b\u0119dzie najszybszym sposobem na utworzenie powiadomienia pytaj\u0105cego o wiek u\u017cytkownika. Ten wid\u017cet pomo\u017ce udost\u0119pni\u0107 tre\u015bci ograniczone wiekowo pe\u0142noletnim u\u017cytkownikom i ukry\u0107 je przed nieletnimi. Mo\u017cesz okre\u015bli\u0107 prawid\u0142owe ograniczenie wiekowe, wybra\u0107 formularz weryfikacji i wybra\u0107 akcj\u0119 dla niepe\u0142noletnich u\u017cytkownik\u00f3w. Styl masz pod kontrol\u0105 dzi\u0119ki elementom, kt\u00f3re mo\u017cna malowa\u0107 i mo\u017cliwo\u015bci przesy\u0142ania niestandardowych zdj\u0119\u0107.<\/p><p><b>Kontroluj wiek dzi\u0119ki \u0142atwemu i konfigurowalnemu wid\u017cetowi na swojej stronie!<\/b><\/p><\/div> <div class=\"application-platform-content-item-features application-platform-content-item\" id=\"features\" data-nav-section=\"features\"><h2>Funkcje<\/h2><p>Tutaj mo\u017cesz zobaczy\u0107 wszystkie funkcje wid\u017cetu. Mo\u017cesz je dostosowa\u0107 bezpo\u015brednio w edytorze, a pomog\u0105 Ci one skonfigurowa\u0107 wid\u017cet dopasowany do Twojego przypadku u\u017cycia.<\/p><ul><li>Wybierz jeden z typ\u00f3w weryfikacji: pro\u015bba o podanie pe\u0142nej daty urodzenia, tylko rok urodzenia , czyli pytanie z odpowiedzi\u0105 Tak i Nie;<\/li><li>Mo\u017cliwo\u015b\u0107 zapami\u0119tywania u\u017cytkownik\u00f3w przez dowolny okres czasu;<\/li><li>2 scenariusze dla u\u017cytkownik\u00f3w niepe\u0142noletnich: pokazanie komunikatu lub przekierowanie u\u017cytkownika do inny adres;<\/li><li>Dodaj w\u0142asne zdj\u0119cie, kt\u00f3re b\u0119dzie wy\u015bwietlane w oknie sprawdzania wieku;<\/li><li>Poka\u017c dodatkowy tekst i linki pod przyciskiem weryfikacji.<\/li><\/ul><p><a href=\"#demo\">Przetestuj wszystkie inne funkcje w wersji demonstracyjnej<\/a><\/p><\/div><div class=\"application-platform-content-item-installation application-platform-content-item\" id=\"installation\" data-nav-section=\"installation\"><h2>Jak doda\u0107 zak\u0142adk\u0119 Weryfikacja wieku do Facebooka strona<\/h2><p>Aby aktywowa\u0107 widget na swojej stronie na Facebooku, post\u0119puj zgodnie z poni\u017cszymi wskaz\u00f3wkami<\/p><ul><li><b>Skonstruuj swoj\u0105 unikaln\u0105 wtyczk\u0119<\/b><br>Zarz\u0105dzaj naszym bezp\u0142atnym konfiguratorem, ustaw interfejs wid\u017cetu i wybierz funkcjonalno\u015b\u0107.<\/li><li><b>Skopiuj kod osobisty, aby zainstalowa\u0107 wtyczk\u0119<\/b><br>Po ustawieniu wid\u017cetu otrzymasz kod instalacyjny z wy\u015bwietlonego powiadomienie w aplikacjach Elfsight. Skopiuj go.<\/li><li><b>Dodaj wid\u017cet do strony na Facebooku<\/b><br> Utw\u00f3rz w\u0142asn\u0105 zak\u0142adk\u0119 na Facebooku. Wpisz w zak\u0142adce kod otrzymany w aplikacji elfsight. Je\u015bli masz jakiekolwiek problemy, po prostu zapoznaj si\u0119 z naszym przewodnikiem na stronie <a href=\"https:\/\/elfsight.com\/blog\/how-to-add-custom-tab-to-facebook-page\/\" target=\"_blank\" rel=\"noopener noreferrer\">tworzenie niestandardowej karty Facebook<\/a><\/li><li><b>Konfiguracja powiod\u0142a si\u0119! <\/b><br>Przejd\u017a na swoj\u0105 stron\u0119 i sprawd\u017a wid\u017cet. <\/li><\/ul><p>Po\u015bwi\u0119\u0107 chwil\u0119, aby skontaktowa\u0107 si\u0119 z naszym dzia\u0142em obs\u0142ugi klienta, je\u015bli potrzebujesz porady lub masz pytania. Przy ka\u017cdej pro\u015bbie wyci\u0105gniemy pomocn\u0105 d\u0142o\u0144. <\/p><div class=\"faq\" data-component=\"FAQ\"> <div class=\"faq-item\">\r\n\t\t\t\t\t<div class=\"faq-item-question\">\r\n\t\t\t\t\t\t<h3 class=\"faq-item-question-text\">Jak doda\u0107 weryfikacj\u0119 wieku do mojej strony na Facebooku bez umiej\u0119tno\u015bci kodowania?<\/h3>\r\n\r\n\t\t\t\t\t\t<div class=\"faq-item-question-icon\"><\/div>\r\n\t\t\t\t\t<\/div>\r\n\r\n\t\t\t\t\t<div class=\"faq-item-answer\">\r\n\t\t\t\t\t\t<div class=\"faq-item-answer-text\"> <p>Elfsight zapewnia rozwi\u0105zanie SaaS, kt\u00f3re pozwala samodzielnie utworzy\u0107 wid\u017cet weryfikacji wieku. Zobacz, jak \u0142atwo proces jest nast\u0119puj\u0105cy: Pracuj bezpo\u015brednio w edytorze online, aby utworzy\u0107 wid\u017cet weryfikacji wieku, kt\u00f3ry chcesz zobaczy\u0107 na swojej stronie na Facebooku. Wybierz jeden z gotowych szablon\u00f3w i dostosuj ustawienia weryfikacji wieku, dodaj tre\u015b\u0107, zmie\u0144 uk\u0142ad i kolory bez umiej\u0119tno\u015bci kodowania. Zapisz weryfikacj\u0119 wieku i skopiuj jej kod instalacyjny, kt\u00f3ry mo\u017cesz \u0142atwo umie\u015bci\u0107 na swojej stronie na Facebooku, bez konieczno\u015bci kupowania p\u0142atnego planu. Dzi\u0119ki naszemu intuicyjnemu edytorowi ka\u017cdy u\u017cytkownik Internetu mo\u017ce utworzy\u0107 wid\u017cet weryfikacji wieku online i \u0142atwo osadzi\u0107 go na swojej stronie na Facebooku. Aby uzyska\u0107 dost\u0119p do us\u0142ugi, nie trzeba p\u0142aci\u0107 ani wprowadza\u0107 danych uwierzytelniaj\u0105cych karty. Je\u015bli na kt\u00f3rymkolwiek etapie napotkasz jakiekolwiek problemy, skontaktuj si\u0119 z naszym zespo\u0142em pomocy technicznej.<\/p> <\/div>\r\n\t\t\t\t\t<\/div>\r\n\t\t\t\t<\/div> <\/div> <\/div>","protected":false},"excerpt":{"rendered":"","protected":false},"author":9,"featured_media":0,"parent":1921,"menu_order":0,"comment_status":"closed","ping_status":"closed","template":"templates\/template-application-platform.php","meta":{"publish_to_discourse":"","publish_post_category":"","wpdc_auto_publish_overridden":"","wpdc_topic_tags":"","wpdc_pin_topic":"","wpdc_pin_until":"","discourse_post_id":"","discourse_permalink":"","wpdc_publishing_response":"","wpdc_publishing_error":"","footnotes":""},"class_list":["post-3887","page","type-page","status-publish","hentry"],"yoast_head":"<!-- This site is optimized with the Yoast SEO plugin v25.3.1 - https:\/\/yoast.com\/wordpress\/plugins\/seo\/ -->\n<title>Dodaj weryfikacj\u0119 wieku do karty niestandardowej strony na Facebooku (2025)<\/title>\n<meta name=\"description\" content=\"Stworzenie wid\u017cetu weryfikacji wieku i dodanie go na stron\u0119 na Facebooku nie jest trudne. Obs\u0142uga klienta Elfsight jest bezp\u0142atna i szybka.\" \/>\n<meta name=\"robots\" content=\"index, follow, max-snippet:-1, max-image-preview:large, max-video-preview:-1\" \/>\n<link rel=\"canonical\" href=\"https:\/\/elfsight.com\/pl\/age-verification-widget\/facebook\/\" \/>\n<meta property=\"og:locale\" content=\"pl_PL\" \/>\n<meta property=\"og:type\" content=\"article\" \/>\n<meta property=\"og:title\" content=\"Dodaj weryfikacj\u0119 wieku do karty niestandardowej strony na Facebooku (2025)\" \/>\n<meta property=\"og:description\" content=\"Stworzenie wid\u017cetu weryfikacji wieku i dodanie go na stron\u0119 na Facebooku nie jest trudne. Obs\u0142uga klienta Elfsight jest bezp\u0142atna i szybka.\" \/>\n<meta property=\"og:url\" content=\"https:\/\/elfsight.com\/pl\/age-verification-widget\/facebook\/\" \/>\n<meta property=\"og:site_name\" content=\"Elfsight PL\" \/>\n<meta property=\"article:modified_time\" content=\"2024-11-14T09:27:31+00:00\" \/>\n<meta name=\"twitter:card\" content=\"summary_large_image\" \/>\n<meta name=\"twitter:label1\" content=\"Szacowany czas czytania\" \/>\n\t<meta name=\"twitter:data1\" content=\"3 minuty\" \/>\n<!-- \/ Yoast SEO plugin. -->","yoast_head_json":{"title":"Dodaj weryfikacj\u0119 wieku do karty niestandardowej strony na Facebooku (2025)","description":"Stworzenie wid\u017cetu weryfikacji wieku i dodanie go na stron\u0119 na Facebooku nie jest trudne. Obs\u0142uga klienta Elfsight jest bezp\u0142atna i szybka.","robots":{"index":"index","follow":"follow","max-snippet":"max-snippet:-1","max-image-preview":"max-image-preview:large","max-video-preview":"max-video-preview:-1"},"canonical":"https:\/\/elfsight.com\/pl\/age-verification-widget\/facebook\/","og_locale":"pl_PL","og_type":"article","og_title":"Dodaj weryfikacj\u0119 wieku do karty niestandardowej strony na Facebooku (2025)","og_description":"Stworzenie wid\u017cetu weryfikacji wieku i dodanie go na stron\u0119 na Facebooku nie jest trudne. Obs\u0142uga klienta Elfsight jest bezp\u0142atna i szybka.","og_url":"https:\/\/elfsight.com\/pl\/age-verification-widget\/facebook\/","og_site_name":"Elfsight PL","article_modified_time":"2024-11-14T09:27:31+00:00","twitter_card":"summary_large_image","twitter_misc":{"Szacowany czas czytania":"3 minuty"},"schema":{"@context":"https:\/\/schema.org","@graph":[{"@type":"WebPage","@id":"https:\/\/elfsight.com\/pl\/age-verification-widget\/facebook\/","url":"https:\/\/elfsight.com\/pl\/age-verification-widget\/facebook\/","name":"Dodaj weryfikacj\u0119 wieku do karty niestandardowej strony na Facebooku (2025)","isPartOf":{"@id":"https:\/\/elfsight.com\/pl\/#website"},"datePublished":"2024-05-03T06:25:49+00:00","dateModified":"2024-11-14T09:27:31+00:00","description":"Stworzenie wid\u017cetu weryfikacji wieku i dodanie go na stron\u0119 na Facebooku nie jest trudne. Obs\u0142uga klienta Elfsight jest bezp\u0142atna i szybka.","breadcrumb":{"@id":"https:\/\/elfsight.com\/pl\/age-verification-widget\/facebook\/#breadcrumb"},"inLanguage":"pl-PL","potentialAction":[{"@type":"ReadAction","target":["https:\/\/elfsight.com\/pl\/age-verification-widget\/facebook\/"]}]},{"@type":"BreadcrumbList","@id":"https:\/\/elfsight.com\/pl\/age-verification-widget\/facebook\/#breadcrumb","itemListElement":[{"@type":"ListItem","position":1,"name":"Home","item":"https:\/\/elfsight.com\/pl\/"},{"@type":"ListItem","position":2,"name":"Age Verification","item":"https:\/\/elfsight.com\/pl\/age-verification-widget\/"},{"@type":"ListItem","position":3,"name":"Age Verification &#8211; Facebook Page"}]},{"@type":"WebSite","@id":"https:\/\/elfsight.com\/pl\/#website","url":"https:\/\/elfsight.com\/pl\/","name":"Elfsight PL","description":"Just another Elfsight Sites site","potentialAction":[{"@type":"SearchAction","target":{"@type":"EntryPoint","urlTemplate":"https:\/\/elfsight.com\/pl\/?s={search_term_string}"},"query-input":{"@type":"PropertyValueSpecification","valueRequired":true,"valueName":"search_term_string"}}],"inLanguage":"pl-PL"}]}},"meta_box":{"industry":"","seo_heading":"","heading":"","description":"","cta_heading":"","cta_description":"","application":"1920","h1":"Weryfikacja wieku dla strony na Facebooku","h1_caption":"Zapewnij odpowiedzialny dost\u0119p do tre\u015bci wra\u017cliwych na wiek, korzystaj\u0105c z prostego i konfigurowalnego wid\u017cetu weryfikacji wieku, kt\u00f3ry mo\u017cna \u0142atwo dostosowa\u0107 do swojej strony na Facebooku.","application_category":[],"applications_title":"","applications_request_title":"","applications_request_button_text":"","hero_text":"","hero_video":"","hero_video_schema_markup":"","selling_points_title":"","selling_points_caption":"","selling_points":[],"selling_points_cta_text":"","features_title":"","features":"","ed_cta_examples_text":"","ed_cta_examples_hidden":"","ed_cta_demo_text":"","ed_cta_demo_hidden":"","why_caption":"","why_editor_title":"","why_editor_text":"","why_team_title":"","why_team_text":"","why_service_title":"","why_service_text":"","template_catalog_visible":"","template_catalog_title":"","template_catalog_text":"","template_catalog_categories_visible":"","demo_title":"Utw\u00f3rz wid\u017cet weryfikacji wieku","demo_caption":"Skonfiguruj weryfikacj\u0119 wieku i dodaj j\u0105 za darmo do swojej strony na Facebooku!","default_faq_hidden":"","app_template_category":[],"platform":"319","template_public_id":"","codecanyon_url":"","codecanyon_item_id":"","codecanyon_price":"","pricing_caption":"","pricing_elfsight_apps_hide_column":"","pricing_elfsight_apps_url":"","pricing_codecanyon_price_caption":"","integration_category":[],"integration_request_title":"","integration_request_cta":"","integration_platform":"","integrations":[],"platform_category":[],"video_schema_markup":"","price":"od 0 USD \/ miesi\u0105c","trial":"","benefits":[{"text":"Bezp\u0142atna pomoc w instalacji"},{"text":"Do\u015bwiadczona obs\u0142uga klienta"},{"text":"14-dniowa gwarancja zwrotu pieni\u0119dzy"}],"button_url":"#demo","button_target_blank":"","button_nofollow":"","attributes":[{"name":"Instaluje"},{"name":"Czu\u0142y"},{"name":"Kompatybilne przegl\u0105darki"}],"tags":[],"tags_disable_links":"","hide_more_platforms":"","video_object":"","demo_hide_cta":"","demo_hide_cloud_options":"","pricing_title":"","pricing":[{"pricing_icon":"platform","pricing_title":"Elfsight Apps","pricing_title_caption":"Wieloplatformowe rozwi\u0105zanie cyfrowe, kt\u00f3re pasuje do ka\u017cdej witryny internetowej","pricing_price":"od 0 USD \/ miesi\u0105c","pricing_price_caption":"zacznij od bezp\u0142atnego planu","pricing_benefits":[{"text":"Nielimitowane domeny"},{"text":"Dedykowane i terminowe wsparcie"},{"text":"Bezp\u0142atna pomoc w monta\u017cu"},{"text":"Elastyczny projekt"}],"pricing_button_text":"Dodaj do witryny","pricing_button_url":"#demo"}],"related_apps_title":"","related_apps_hidden":"","author":"","image":[],"title":"","job":"","social_networks":[]},"_links":{"self":[{"href":"https:\/\/elfsight.com\/pl\/wp-json\/wp\/v2\/pages\/3887","targetHints":{"allow":["GET"]}}],"collection":[{"href":"https:\/\/elfsight.com\/pl\/wp-json\/wp\/v2\/pages"}],"about":[{"href":"https:\/\/elfsight.com\/pl\/wp-json\/wp\/v2\/types\/page"}],"author":[{"embeddable":true,"href":"https:\/\/elfsight.com\/pl\/wp-json\/wp\/v2\/users\/9"}],"replies":[{"embeddable":true,"href":"https:\/\/elfsight.com\/pl\/wp-json\/wp\/v2\/comments?post=3887"}],"version-history":[{"count":1,"href":"https:\/\/elfsight.com\/pl\/wp-json\/wp\/v2\/pages\/3887\/revisions"}],"predecessor-version":[{"id":3891,"href":"https:\/\/elfsight.com\/pl\/wp-json\/wp\/v2\/pages\/3887\/revisions\/3891"}],"up":[{"embeddable":true,"href":"https:\/\/elfsight.com\/pl\/wp-json\/wp\/v2\/pages\/1921"}],"wp:attachment":[{"href":"https:\/\/elfsight.com\/pl\/wp-json\/wp\/v2\/media?parent=3887"}],"curies":[{"name":"wp","href":"https:\/\/api.w.org\/{rel}","templated":true}]}}