{"id":3886,"date":"2024-05-03T06:25:48","date_gmt":"2024-05-03T06:25:48","guid":{"rendered":"https:\/\/elfsight.com\/pl\/?page_id=3886"},"modified":"2024-11-14T09:20:08","modified_gmt":"2024-11-14T09:20:08","slug":"woocommerce","status":"publish","type":"page","link":"https:\/\/elfsight.com\/pl\/age-verification-widget\/woocommerce\/","title":{"rendered":"Age Verification &#8211; WooCommerce"},"content":{"rendered":"<div class=\"application-platform-content-item-description application-platform-content-item\" id=\"description\" data-nav-section=\"description\"><h2>Opis<\/h2><p>Ten widget stanie si\u0119 najszybsz\u0105 metod\u0105 konfiguracji okna \u0142adowania strony sprawdzaj\u0105cego wiek osoby odwiedzaj\u0105cej witryn\u0119 . Wid\u017cet umo\u017cliwi dost\u0119p do tre\u015bci ograniczonych wiekowo pe\u0142noletnim u\u017cytkownikom i ukryje je dla kategorii nieletnich. Mo\u017cesz wybra\u0107 wymagane ograniczenie wiekowe, wybra\u0107 formularz weryfikacji, umie\u015bci\u0107 wid\u017cet na ka\u017cdej lub tylko kilku stronach i wyznaczy\u0107 akcj\u0119. Styl mo\u017cna \u0142atwo dostosowa\u0107, \u0142\u0105cznie z detalami do pomalowania i mo\u017cliwo\u015bci\u0105 wy\u015bwietlania niestandardowych obraz\u00f3w.<\/p><\/div> <div class=\"application-platform-content-item-features application-platform-content-item\" id=\"features\" data-nav-section=\"features\"><h2>Poznaj list\u0119 najlepszych funkcji:<\/h2><ul><li>Wybierz jeden z typ\u00f3w weryfikacji: pro\u015bba o pe\u0142n\u0105 dat\u0119 urodzenia, sam rok urodzenia lub pytanie z opcj\u0105 Tak i Nie; <\/li><li>Wybierz opcj\u0119 zapami\u0119tywania go\u015bci przez dowolny okres w dniach; <\/li><li>Dwa scenariusze dla nieletnich go\u015bci: pokazanie niestandardowego tekstu lub przekierowanie u\u017cytkownika na inn\u0105 stron\u0119 lub witryn\u0119; <\/li><li>Dodaj dowolny obraz do wyskakuj\u0105cego okienka kontrolnego; <\/li><li>Poka\u017c szczeg\u00f3\u0142owe szczeg\u00f3\u0142y i linki pod przyciskiem weryfikacji. <\/li><\/ul><p><a href=\"#demo\">Przetestuj wszystkie funkcje personalizacji w pe\u0142nej wersji demonstracyjnej<\/a><\/p><\/div><div class=\"application-platform-content-item-installation application-platform-content-item\" id=\"installation\" data-nav-section=\"installation\"> <h2>Jak doda\u0107 weryfikacj\u0119 wieku na mojej stronie internetowej WooCommerce?<\/h2><p>Wystarczy wykona\u0107 kilka krok\u00f3w podanych poni\u017cej, aby rozpocz\u0105\u0107 prac\u0119 z wtyczk\u0105.<\/p><ol><li><b>Skorzystaj z naszej darmowy edytor i zacznij tworzy\u0107 w\u0142asn\u0105 wtyczk\u0119.<\/b><br>Okre\u015bl odpowiedni interfejs i opcje narz\u0119dzia oraz zapisz modyfikacje.<\/li><li><b>Zdob\u0105d\u017a osobisty kod wy\u015bwietlony w oknie Elfsight Aplikacje.<\/b><br>Gdy tylko konfiguracja Twojej osobistej wtyczki zostanie zako\u0144czona, skopiuj ekskluzywny kod z wy\u015bwietlonego wyskakuj\u0105cego okienka i zapisz go na p\u00f3\u017aniej.<\/li><li><b>Rozpocznij korzystanie z wtyczki wid\u017cet na Twojej witrynie WooCommerce.<\/b><br>Wprowad\u017a skopiowany wcze\u015bniej kod na swoj\u0105 stron\u0119 g\u0142\u00f3wn\u0105 i zastosuj modyfikacje.<\/li><li><b>Gotowe! Integracja zosta\u0142a pomy\u015blnie przeprowadzona.<\/b><br>Odwied\u017a swoj\u0105 witryn\u0119 i obserwuj dzia\u0142anie wtyczki.<\/li><\/ol><p>Je\u015bli napotkasz jakiekolwiek trudno\u015bci, nie wahaj si\u0119 skontaktowa\u0107 z naszym dzial obslugi klienta. Nasi konsultanci ch\u0119tnie rozwi\u0105\u017c\u0105 wszystkie problemy, jakie mo\u017cesz mie\u0107 z produktem.<\/p><div class=\"faq\" data-component=\"FAQ\"> <div class=\"faq-item\">\r\n\t\t\t\t\t<div class=\"faq-item-question\">\r\n\t\t\t\t\t\t<h3 class=\"faq-item-question-text\">Jak doda\u0107 weryfikacj\u0119 wieku do mojej witryny WooCommerce bez umiej\u0119tno\u015bci kodowania?<\/h3>\r\n\r\n\t\t\t\t\t\t<div class=\"faq-item-question-icon\"><\/div>\r\n\t\t\t\t\t<\/div>\r\n\r\n\t\t\t\t\t<div class=\"faq-item-answer\">\r\n\t\t\t\t\t\t<div class=\"faq-item-answer-text\"> <p>Elfsight zapewnia SaaS rozwi\u0105zanie, kt\u00f3re pozwala samodzielnie utworzy\u0107 wid\u017cet weryfikacji wieku, przekonaj si\u0119, jakie to proste: Pracuj bezpo\u015brednio w edytorze online, aby utworzy\u0107 wid\u017cet weryfikacji wieku, kt\u00f3ry chcesz zobaczy\u0107 na swojej stronie WooCommerce. Wybierz jeden z gotowych szablon\u00f3w i dostosuj ustawienia weryfikacji wieku, dodaj tre\u015b\u0107, zmie\u0144 uk\u0142ad i kolory bez umiej\u0119tno\u015bci kodowania. Zapisz weryfikacj\u0119 wieku i skopiuj jej kod instalacyjny, kt\u00f3ry mo\u017cesz bez wysi\u0142ku osadzi\u0107 na swojej stronie WooCommerce bez konieczno\u015bci kupowania wersji p\u0142atnej. Dzi\u0119ki naszemu intuicyjnemu edytorowi ka\u017cdy u\u017cytkownik Internetu mo\u017ce stworzy\u0107 wid\u017cet weryfikacji wieku online i \u0142atwo osadzi\u0107 go na swojej stronie WooCommerce. Aby uzyska\u0107 dost\u0119p do us\u0142ugi, nie trzeba p\u0142aci\u0107 ani wprowadza\u0107 danych uwierzytelniaj\u0105cych karty. Je\u015bli na kt\u00f3rymkolwiek etapie napotkasz jakiekolwiek problemy, skontaktuj si\u0119 z naszym zespo\u0142em pomocy technicznej.<\/p> <\/div>\r\n\t\t\t\t\t<\/div>\r\n\t\t\t\t<\/div> <\/div> <\/div>","protected":false},"excerpt":{"rendered":"","protected":false},"author":9,"featured_media":0,"parent":1921,"menu_order":0,"comment_status":"closed","ping_status":"closed","template":"templates\/template-application-platform.php","meta":{"publish_to_discourse":"","publish_post_category":"","wpdc_auto_publish_overridden":"","wpdc_topic_tags":"","wpdc_pin_topic":"","wpdc_pin_until":"","discourse_post_id":"","discourse_permalink":"","wpdc_publishing_response":"","wpdc_publishing_error":"","footnotes":""},"class_list":["post-3886","page","type-page","status-publish","hentry"],"yoast_head":"<!-- This site is optimized with the Yoast SEO plugin v25.3.1 - https:\/\/yoast.com\/wordpress\/plugins\/seo\/ -->\n<title>Wtyczka WooCommerce Age Verification dla Twojej witryny (2025)<\/title>\n<meta name=\"description\" content=\"Mo\u017cesz spersonalizowa\u0107 wtyczk\u0119 Age Verification w edytorze i zintegrowa\u0107 j\u0105 ze swoj\u0105 witryn\u0105 WooCommerce bezpo\u015brednio z wersji demonstracyjnej na \u017cywo.\" \/>\n<meta name=\"robots\" content=\"index, follow, max-snippet:-1, max-image-preview:large, max-video-preview:-1\" \/>\n<link rel=\"canonical\" href=\"https:\/\/elfsight.com\/pl\/age-verification-widget\/woocommerce\/\" \/>\n<meta property=\"og:locale\" content=\"pl_PL\" \/>\n<meta property=\"og:type\" content=\"article\" \/>\n<meta property=\"og:title\" content=\"Wtyczka WooCommerce Age Verification dla Twojej witryny (2025)\" \/>\n<meta property=\"og:description\" content=\"Mo\u017cesz spersonalizowa\u0107 wtyczk\u0119 Age Verification w edytorze i zintegrowa\u0107 j\u0105 ze swoj\u0105 witryn\u0105 WooCommerce bezpo\u015brednio z wersji demonstracyjnej na \u017cywo.\" \/>\n<meta property=\"og:url\" content=\"https:\/\/elfsight.com\/pl\/age-verification-widget\/woocommerce\/\" \/>\n<meta property=\"og:site_name\" content=\"Elfsight PL\" \/>\n<meta property=\"article:modified_time\" content=\"2024-11-14T09:20:08+00:00\" \/>\n<meta name=\"twitter:card\" content=\"summary_large_image\" \/>\n<meta name=\"twitter:label1\" content=\"Szacowany czas czytania\" \/>\n\t<meta name=\"twitter:data1\" content=\"3 minuty\" \/>\n<!-- \/ Yoast SEO plugin. -->","yoast_head_json":{"title":"Wtyczka WooCommerce Age Verification dla Twojej witryny (2025)","description":"Mo\u017cesz spersonalizowa\u0107 wtyczk\u0119 Age Verification w edytorze i zintegrowa\u0107 j\u0105 ze swoj\u0105 witryn\u0105 WooCommerce bezpo\u015brednio z wersji demonstracyjnej na \u017cywo.","robots":{"index":"index","follow":"follow","max-snippet":"max-snippet:-1","max-image-preview":"max-image-preview:large","max-video-preview":"max-video-preview:-1"},"canonical":"https:\/\/elfsight.com\/pl\/age-verification-widget\/woocommerce\/","og_locale":"pl_PL","og_type":"article","og_title":"Wtyczka WooCommerce Age Verification dla Twojej witryny (2025)","og_description":"Mo\u017cesz spersonalizowa\u0107 wtyczk\u0119 Age Verification w edytorze i zintegrowa\u0107 j\u0105 ze swoj\u0105 witryn\u0105 WooCommerce bezpo\u015brednio z wersji demonstracyjnej na \u017cywo.","og_url":"https:\/\/elfsight.com\/pl\/age-verification-widget\/woocommerce\/","og_site_name":"Elfsight PL","article_modified_time":"2024-11-14T09:20:08+00:00","twitter_card":"summary_large_image","twitter_misc":{"Szacowany czas czytania":"3 minuty"},"schema":{"@context":"https:\/\/schema.org","@graph":[{"@type":"WebPage","@id":"https:\/\/elfsight.com\/pl\/age-verification-widget\/woocommerce\/","url":"https:\/\/elfsight.com\/pl\/age-verification-widget\/woocommerce\/","name":"Wtyczka WooCommerce Age Verification dla Twojej witryny (2025)","isPartOf":{"@id":"https:\/\/elfsight.com\/pl\/#website"},"datePublished":"2024-05-03T06:25:48+00:00","dateModified":"2024-11-14T09:20:08+00:00","description":"Mo\u017cesz spersonalizowa\u0107 wtyczk\u0119 Age Verification w edytorze i zintegrowa\u0107 j\u0105 ze swoj\u0105 witryn\u0105 WooCommerce bezpo\u015brednio z wersji demonstracyjnej na \u017cywo.","breadcrumb":{"@id":"https:\/\/elfsight.com\/pl\/age-verification-widget\/woocommerce\/#breadcrumb"},"inLanguage":"pl-PL","potentialAction":[{"@type":"ReadAction","target":["https:\/\/elfsight.com\/pl\/age-verification-widget\/woocommerce\/"]}]},{"@type":"BreadcrumbList","@id":"https:\/\/elfsight.com\/pl\/age-verification-widget\/woocommerce\/#breadcrumb","itemListElement":[{"@type":"ListItem","position":1,"name":"Home","item":"https:\/\/elfsight.com\/pl\/"},{"@type":"ListItem","position":2,"name":"Age Verification","item":"https:\/\/elfsight.com\/pl\/age-verification-widget\/"},{"@type":"ListItem","position":3,"name":"Age Verification &#8211; WooCommerce"}]},{"@type":"WebSite","@id":"https:\/\/elfsight.com\/pl\/#website","url":"https:\/\/elfsight.com\/pl\/","name":"Elfsight PL","description":"Just another Elfsight Sites site","potentialAction":[{"@type":"SearchAction","target":{"@type":"EntryPoint","urlTemplate":"https:\/\/elfsight.com\/pl\/?s={search_term_string}"},"query-input":{"@type":"PropertyValueSpecification","valueRequired":true,"valueName":"search_term_string"}}],"inLanguage":"pl-PL"}]}},"meta_box":{"industry":"","seo_heading":"","heading":"","description":"","cta_heading":"","cta_description":"","application":"1920","h1":"Wtyczka WooCommerce do weryfikacji wieku","h1_caption":"Upewnij si\u0119, \u017ce dost\u0119p do tre\u015bci wra\u017cliwych na wiek jest odpowiedzialny, dzi\u0119ki prostej i konfigurowalnej aplikacji do weryfikacji wieku w Twojej witrynie WooCommerce.","application_category":[],"applications_title":"","applications_request_title":"","applications_request_button_text":"","hero_text":"","hero_video":"","hero_video_schema_markup":"","selling_points_title":"","selling_points_caption":"","selling_points":[],"selling_points_cta_text":"","features_title":"","features":"","ed_cta_examples_text":"","ed_cta_examples_hidden":"","ed_cta_demo_text":"","ed_cta_demo_hidden":"","why_caption":"","why_editor_title":"","why_editor_text":"","why_team_title":"","why_team_text":"","why_service_title":"","why_service_text":"","template_catalog_visible":"","template_catalog_title":"","template_catalog_text":"","template_catalog_categories_visible":"","demo_title":"Utw\u00f3rz aplikacj\u0119 do weryfikacji wieku","demo_caption":"Skonfiguruj weryfikacj\u0119 wieku i dodaj j\u0105 do swojej witryny WooCommerce za darmo!","default_faq_hidden":"","app_template_category":[],"platform":"335","template_public_id":"","codecanyon_url":"","codecanyon_item_id":"","codecanyon_price":"","pricing_caption":"","pricing_elfsight_apps_hide_column":"","pricing_elfsight_apps_url":"","pricing_codecanyon_price_caption":"","integration_category":[],"integration_request_title":"","integration_request_cta":"","integration_platform":"","integrations":[],"platform_category":[],"video_schema_markup":"","price":"od 0 USD \/ miesi\u0105c","trial":"","benefits":[{"text":"Bezp\u0142atna pomoc w instalacji"},{"text":"Do\u015bwiadczona obs\u0142uga klienta"},{"text":"14-dniowa gwarancja zwrotu pieni\u0119dzy"}],"button_url":"#demo","button_target_blank":"","button_nofollow":"","attributes":[{"name":"Instaluje"},{"name":"Czu\u0142y"},{"name":"Kompatybilne przegl\u0105darki"}],"tags":[],"tags_disable_links":"","hide_more_platforms":"","video_object":"","demo_hide_cta":"","demo_hide_cloud_options":"","pricing_title":"","pricing":[{"pricing_icon":"platform","pricing_title":"Elfsight Apps","pricing_title_caption":"Najlepiej na urz\u0105dzenia mobilne","pricing_price":"od 0 USD \/ miesi\u0105c","pricing_price_caption":"zacznij od bezp\u0142atnego planu","pricing_benefits":[{"text":"Nielimitowane strony internetowe"},{"text":"Bezp\u0142atne wsparcie firmy"},{"text":"Bezp\u0142atna pomoc w monta\u017cu"},{"text":"100% konfigurowalny"}],"pricing_button_text":"Dodaj do witryny","pricing_button_url":"#demo"}],"related_apps_title":"","related_apps_hidden":"","author":"","image":[],"title":"","job":"","social_networks":[]},"_links":{"self":[{"href":"https:\/\/elfsight.com\/pl\/wp-json\/wp\/v2\/pages\/3886","targetHints":{"allow":["GET"]}}],"collection":[{"href":"https:\/\/elfsight.com\/pl\/wp-json\/wp\/v2\/pages"}],"about":[{"href":"https:\/\/elfsight.com\/pl\/wp-json\/wp\/v2\/types\/page"}],"author":[{"embeddable":true,"href":"https:\/\/elfsight.com\/pl\/wp-json\/wp\/v2\/users\/9"}],"replies":[{"embeddable":true,"href":"https:\/\/elfsight.com\/pl\/wp-json\/wp\/v2\/comments?post=3886"}],"version-history":[{"count":1,"href":"https:\/\/elfsight.com\/pl\/wp-json\/wp\/v2\/pages\/3886\/revisions"}],"predecessor-version":[{"id":3890,"href":"https:\/\/elfsight.com\/pl\/wp-json\/wp\/v2\/pages\/3886\/revisions\/3890"}],"up":[{"embeddable":true,"href":"https:\/\/elfsight.com\/pl\/wp-json\/wp\/v2\/pages\/1921"}],"wp:attachment":[{"href":"https:\/\/elfsight.com\/pl\/wp-json\/wp\/v2\/media?parent=3886"}],"curies":[{"name":"wp","href":"https:\/\/api.w.org\/{rel}","templated":true}]}}