{"id":3880,"date":"2024-05-03T06:25:46","date_gmt":"2024-05-03T06:25:46","guid":{"rendered":"https:\/\/elfsight.com\/pl\/?page_id=3880"},"modified":"2024-11-14T08:52:33","modified_gmt":"2024-11-14T08:52:33","slug":"google-sites","status":"publish","type":"page","link":"https:\/\/elfsight.com\/pl\/age-verification-widget\/google-sites\/","title":{"rendered":"Age Verification &#8211; Google Sites"},"content":{"rendered":"<div class=\"application-platform-content-item-description application-platform-content-item\" id=\"description\" data-nav-section=\"description\"> <h2>Umie\u015b\u0107 weryfikacj\u0119 wieku w Witrynach Google za pomoc\u0105 wid\u017cetu Elfsight<\/h2> <p>Weryfikacja wieku Elfsight w Witrynach Google to najlepsza metoda tworzenia natychmiastowe powiadomienie kontroluj\u0105ce wiek u\u017cytkownika. Widget udost\u0119pnia Twoje tre\u015bci dostosowane do wieku u\u017cytkownikom pe\u0142noletnim i chroni je dla kategorii nieletnich. Dost\u0119pne s\u0105 opcje ustalenia ograniczenia wiekowego, zdefiniowania formatu weryfikacji, wstawienia wyskakuj\u0105cego okienka na ka\u017cdej lub kilku stronach oraz akcji odmowy dost\u0119pu. Interfejs mo\u017cna \u0142atwo dostosowa\u0107, zawiera detale do malowania i opcj\u0119 pokazywania w\u0142asnych zdj\u0119\u0107. <\/p> <p><b>Zwi\u0119ksz skuteczno\u015b\u0107 swojej witryny pod k\u0105tem cel\u00f3w biznesowych dzi\u0119ki weryfikacji wieku<\/b><\/p> <\/div> <div class=\"application-platform-content-item-features application-platform-content-item\" id=\"features\" data-nav-section=\"features\"> <h2>Poni\u017cej znajduj\u0105 si\u0119 niezb\u0119dne informacje cechy wid\u017cetu: <\/h2> <ul><li>Wybierz jedn\u0105 z metod sprawdzenia: pytanie o pe\u0142n\u0105 dat\u0119 urodzenia, tylko rok urodzenia lub pytanie z odpowiedzi\u0105 Tak i Nie; <\/li><li>Wybierz opcj\u0119 zapami\u0119tywania go\u015bci przez dowolny czas; <\/li><li>2 scenariusze dla odstraszonych u\u017cytkownik\u00f3w: pokazanie komunikatu lub przekierowanie u\u017cytkownika na inn\u0105 stron\u0119 lub witryn\u0119; <\/li><li>Prze\u015blij dowolne zdj\u0119cie okna kontrolnego; <\/li><li>Wy\u015bwietlaj dodatkowe informacje za pomoc\u0105 link\u00f3w pod przyciskiem weryfikacji. <\/li><\/ul><p><a href=\"#demo\">Mo\u017cesz wypr\u00f3bowa\u0107 pe\u0142ne mo\u017cliwo\u015bci wid\u017cetu w poni\u017cszej wersji demonstracyjnej<\/a><\/p> <\/div> <div class=\"application-platform-content-item- instalacja application-platform-content-item\" id=\" instalacja\" data-nav-section=\" instalacja\"> <h2>Jak doda\u0107 weryfikacj\u0119 wieku w moich Witrynach Google?<\/h2> <p>Wystarczy wykona\u0107 poni\u017csze wskaz\u00f3wki, aby aktywowa\u0107 wtyczk\u0119. <\/p> <ol><li><b>Skorzystaj z naszego darmowego konfiguratora i zacznij tworzy\u0107 w\u0142asn\u0105 wtyczk\u0119. <\/b><br> Znajd\u017a niestandardowy uk\u0142ad i cechy funkcjonalne wid\u017cetu i zastosuj zmiany. <\/li> <li><b>Odbierz sw\u00f3j osobisty kod pojawiaj\u0105cy si\u0119 w specjalnym formularzu w aplikacjach Elfsight. <\/b><br> Zaraz po dostosowaniu wid\u017cetu skopiuj ekskluzywny kod z wy\u015bwietlonego okna i zapisz go na p\u00f3\u017aniej. <\/li> <li><b>Rozpocznij korzystanie z narz\u0119dzia w witrynie Google Sites. <\/b><br> Wprowad\u017a skopiowany ostatnio kod na swoj\u0105 stron\u0119 internetow\u0105 i zastosuj modyfikacje. <\/li> <li><b>Instalacja zosta\u0142a pomy\u015blnie zako\u0144czona. <\/b><br> Przejd\u017a na swoj\u0105 stron\u0119 i zobacz, jak dzia\u0142a widget. <\/li><\/ol> <div class=\"tip-yellow tip\"><b>Ze wzgl\u0119du na specyfik\u0119 dzia\u0142ania Witryn Google wid\u017cet mo\u017ce wygl\u0105da\u0107 inaczej ni\u017c wersja demonstracyjna online. Przepraszamy za wszelkie niedogodno\u015bci.<\/b><\/div><p>W przypadku pyta\u0144 lub napotkania pewnych trudno\u015bci prosimy o kontakt z naszym zespo\u0142em obs\u0142ugi klienta. Nasi konsultanci z przyjemno\u015bci\u0105 rozwi\u0105\u017c\u0105 wszelkie trudno\u015bci, jakie mo\u017cesz mie\u0107 z produktem. <\/p> <div class=\"faq\" data-component=\"FAQ\"> <div class=\"faq-item\">\r\n\t\t\t\t\t<div class=\"faq-item-question\">\r\n\t\t\t\t\t\t<h3 class=\"faq-item-question-text\">Jak doda\u0107 weryfikacj\u0119 wieku do mojej witryny Google Sites bez umiej\u0119tno\u015bci kodowania?<\/h3>\r\n\r\n\t\t\t\t\t\t<div class=\"faq-item-question-icon\"><\/div>\r\n\t\t\t\t\t<\/div>\r\n\r\n\t\t\t\t\t<div class=\"faq-item-answer\">\r\n\t\t\t\t\t\t<div class=\"faq-item-answer-text\"> <p>Elfsight zapewnia rozwi\u0105zanie SaaS, kt\u00f3re umo\u017cliwia samodzielne utworzenie wid\u017cetu weryfikacji wieku. Zobacz, jak \u0142atwo proces jest nast\u0119puj\u0105cy: Pracuj bezpo\u015brednio w edytorze online, aby utworzy\u0107 wid\u017cet weryfikacji wieku, kt\u00f3ry chcesz widzie\u0107 w swojej witrynie Google Sites. Wybierz jeden z gotowych szablon\u00f3w i dostosuj ustawienia weryfikacji wieku, dodaj tre\u015b\u0107, zmie\u0144 uk\u0142ad i kolory bez umiej\u0119tno\u015bci kodowania. Zapisz weryfikacj\u0119 wieku i skopiuj jej kod instalacyjny, kt\u00f3ry mo\u017cesz \u0142atwo umie\u015bci\u0107 w swojej witrynie Google Sites bez konieczno\u015bci kupowania wersji p\u0142atnej. Dzi\u0119ki naszemu intuicyjnemu edytorowi ka\u017cdy u\u017cytkownik Internetu mo\u017ce utworzy\u0107 wid\u017cet weryfikacji wieku online i \u0142atwo umie\u015bci\u0107 go w swojej witrynie Google Sites. Aby uzyska\u0107 dost\u0119p do us\u0142ugi, nie trzeba p\u0142aci\u0107 ani wprowadza\u0107 danych uwierzytelniaj\u0105cych karty. Je\u015bli na kt\u00f3rymkolwiek etapie napotkasz jakiekolwiek problemy, skontaktuj si\u0119 z naszym zespo\u0142em pomocy technicznej.<\/p> <\/div>\r\n\t\t\t\t\t<\/div>\r\n\t\t\t\t<\/div> <\/div> <\/div>","protected":false},"excerpt":{"rendered":"","protected":false},"author":9,"featured_media":0,"parent":1921,"menu_order":0,"comment_status":"closed","ping_status":"closed","template":"templates\/template-application-platform.php","meta":{"publish_to_discourse":"","publish_post_category":"","wpdc_auto_publish_overridden":"","wpdc_topic_tags":"","wpdc_pin_topic":"","wpdc_pin_until":"","discourse_post_id":"","discourse_permalink":"","wpdc_publishing_response":"","wpdc_publishing_error":"","footnotes":""},"class_list":["post-3880","page","type-page","status-publish","hentry"],"yoast_head":"<!-- This site is optimized with the Yoast SEO plugin v25.3.1 - https:\/\/yoast.com\/wordpress\/plugins\/seo\/ -->\n<title>Weryfikacja wieku \u2013 dodaj wid\u017cet weryfikacji wieku do Witryn Google (2025)<\/title>\n<meta name=\"description\" content=\"Dodaj responsywn\u0105 wtyczk\u0119 weryfikacji wieku do swojej witryny Google Sites i zyskaj pe\u0142ne zaufanie. Wykorzystaj \u0142atw\u0105 w u\u017cyciu wersj\u0119 demonstracyjn\u0105 Elfsight, aby zbudowa\u0107 sw\u00f3j unikalny widget.\" \/>\n<meta name=\"robots\" content=\"index, follow, max-snippet:-1, max-image-preview:large, max-video-preview:-1\" \/>\n<link rel=\"canonical\" href=\"https:\/\/elfsight.com\/pl\/age-verification-widget\/google-sites\/\" \/>\n<meta property=\"og:locale\" content=\"pl_PL\" \/>\n<meta property=\"og:type\" content=\"article\" \/>\n<meta property=\"og:title\" content=\"Weryfikacja wieku \u2013 dodaj wid\u017cet weryfikacji wieku do Witryn Google (2025)\" \/>\n<meta property=\"og:description\" content=\"Dodaj responsywn\u0105 wtyczk\u0119 weryfikacji wieku do swojej witryny Google Sites i zyskaj pe\u0142ne zaufanie. Wykorzystaj \u0142atw\u0105 w u\u017cyciu wersj\u0119 demonstracyjn\u0105 Elfsight, aby zbudowa\u0107 sw\u00f3j unikalny widget.\" \/>\n<meta property=\"og:url\" content=\"https:\/\/elfsight.com\/pl\/age-verification-widget\/google-sites\/\" \/>\n<meta property=\"og:site_name\" content=\"Elfsight PL\" \/>\n<meta property=\"article:modified_time\" content=\"2024-11-14T08:52:33+00:00\" \/>\n<meta name=\"twitter:card\" content=\"summary_large_image\" \/>\n<meta name=\"twitter:label1\" content=\"Szacowany czas czytania\" \/>\n\t<meta name=\"twitter:data1\" content=\"3 minuty\" \/>\n<!-- \/ Yoast SEO plugin. -->","yoast_head_json":{"title":"Weryfikacja wieku \u2013 dodaj wid\u017cet weryfikacji wieku do Witryn Google (2025)","description":"Dodaj responsywn\u0105 wtyczk\u0119 weryfikacji wieku do swojej witryny Google Sites i zyskaj pe\u0142ne zaufanie. Wykorzystaj \u0142atw\u0105 w u\u017cyciu wersj\u0119 demonstracyjn\u0105 Elfsight, aby zbudowa\u0107 sw\u00f3j unikalny widget.","robots":{"index":"index","follow":"follow","max-snippet":"max-snippet:-1","max-image-preview":"max-image-preview:large","max-video-preview":"max-video-preview:-1"},"canonical":"https:\/\/elfsight.com\/pl\/age-verification-widget\/google-sites\/","og_locale":"pl_PL","og_type":"article","og_title":"Weryfikacja wieku \u2013 dodaj wid\u017cet weryfikacji wieku do Witryn Google (2025)","og_description":"Dodaj responsywn\u0105 wtyczk\u0119 weryfikacji wieku do swojej witryny Google Sites i zyskaj pe\u0142ne zaufanie. Wykorzystaj \u0142atw\u0105 w u\u017cyciu wersj\u0119 demonstracyjn\u0105 Elfsight, aby zbudowa\u0107 sw\u00f3j unikalny widget.","og_url":"https:\/\/elfsight.com\/pl\/age-verification-widget\/google-sites\/","og_site_name":"Elfsight PL","article_modified_time":"2024-11-14T08:52:33+00:00","twitter_card":"summary_large_image","twitter_misc":{"Szacowany czas czytania":"3 minuty"},"schema":{"@context":"https:\/\/schema.org","@graph":[{"@type":"WebPage","@id":"https:\/\/elfsight.com\/pl\/age-verification-widget\/google-sites\/","url":"https:\/\/elfsight.com\/pl\/age-verification-widget\/google-sites\/","name":"Weryfikacja wieku \u2013 dodaj wid\u017cet weryfikacji wieku do Witryn Google (2025)","isPartOf":{"@id":"https:\/\/elfsight.com\/pl\/#website"},"datePublished":"2024-05-03T06:25:46+00:00","dateModified":"2024-11-14T08:52:33+00:00","description":"Dodaj responsywn\u0105 wtyczk\u0119 weryfikacji wieku do swojej witryny Google Sites i zyskaj pe\u0142ne zaufanie. Wykorzystaj \u0142atw\u0105 w u\u017cyciu wersj\u0119 demonstracyjn\u0105 Elfsight, aby zbudowa\u0107 sw\u00f3j unikalny widget.","breadcrumb":{"@id":"https:\/\/elfsight.com\/pl\/age-verification-widget\/google-sites\/#breadcrumb"},"inLanguage":"pl-PL","potentialAction":[{"@type":"ReadAction","target":["https:\/\/elfsight.com\/pl\/age-verification-widget\/google-sites\/"]}]},{"@type":"BreadcrumbList","@id":"https:\/\/elfsight.com\/pl\/age-verification-widget\/google-sites\/#breadcrumb","itemListElement":[{"@type":"ListItem","position":1,"name":"Home","item":"https:\/\/elfsight.com\/pl\/"},{"@type":"ListItem","position":2,"name":"Age Verification","item":"https:\/\/elfsight.com\/pl\/age-verification-widget\/"},{"@type":"ListItem","position":3,"name":"Age Verification &#8211; Google Sites"}]},{"@type":"WebSite","@id":"https:\/\/elfsight.com\/pl\/#website","url":"https:\/\/elfsight.com\/pl\/","name":"Elfsight PL","description":"Just another Elfsight Sites site","potentialAction":[{"@type":"SearchAction","target":{"@type":"EntryPoint","urlTemplate":"https:\/\/elfsight.com\/pl\/?s={search_term_string}"},"query-input":{"@type":"PropertyValueSpecification","valueRequired":true,"valueName":"search_term_string"}}],"inLanguage":"pl-PL"}]}},"meta_box":{"industry":"","seo_heading":"","heading":"","description":"","cta_heading":"","cta_description":"","application":"1920","h1":"Wid\u017cet weryfikacji wieku w Witrynach Google","h1_caption":"Zapewnij odpowiedzialny dost\u0119p do tre\u015bci wra\u017cliwych na wiek, korzystaj\u0105c z prostego i konfigurowalnego wid\u017cetu umo\u017cliwiaj\u0105cego weryfikacj\u0119 wieku w Witrynach Google.","application_category":[],"applications_title":"","applications_request_title":"","applications_request_button_text":"","hero_text":"","hero_video":"","hero_video_schema_markup":"","selling_points_title":"","selling_points_caption":"","selling_points":[],"selling_points_cta_text":"","features_title":"","features":"","ed_cta_examples_text":"","ed_cta_examples_hidden":"","ed_cta_demo_text":"","ed_cta_demo_hidden":"","why_caption":"","why_editor_title":"","why_editor_text":"","why_team_title":"","why_team_text":"","why_service_title":"","why_service_text":"","template_catalog_visible":"","template_catalog_title":"","template_catalog_text":"","template_catalog_categories_visible":"","demo_title":"Utw\u00f3rz wid\u017cet weryfikacji wieku","demo_caption":"Skonfiguruj weryfikacj\u0119 wieku i dodaj j\u0105 do swojej witryny Google Sites za darmo!","default_faq_hidden":"","app_template_category":[],"platform":"484","template_public_id":"","codecanyon_url":"","codecanyon_item_id":"","codecanyon_price":"","pricing_caption":"","pricing_elfsight_apps_hide_column":"","pricing_elfsight_apps_url":"","pricing_codecanyon_price_caption":"","integration_category":[],"integration_request_title":"","integration_request_cta":"","integration_platform":"","integrations":[],"platform_category":[],"video_schema_markup":"","price":"od 0 USD \/ miesi\u0105c","trial":"","benefits":[{"text":"Bezp\u0142atna pomoc w monta\u017cu"},{"text":"Do\u015bwiadczona obs\u0142uga klienta"},{"text":"14-dniowa gwarancja zwrotu pieni\u0119dzy"}],"button_url":"#demo","button_target_blank":"","button_nofollow":"","attributes":[{"name":"Instaluje"},{"name":"Czu\u0142y"},{"name":"Kompatybilne przegl\u0105darki"}],"tags":[],"tags_disable_links":"","hide_more_platforms":"","video_object":"","demo_hide_cta":"","demo_hide_cloud_options":"","pricing_title":"","pricing":[{"pricing_icon":"platform","pricing_title":"Elfsight Apps","pricing_title_caption":"Wieloplatformowe rozwi\u0105zanie cyfrowe, kt\u00f3re dzia\u0142a na ka\u017cdej stronie internetowej","pricing_price":"od 0 USD \/ miesi\u0105c","pricing_price_caption":"zacznij od bezp\u0142atnego planu","pricing_benefits":[{"text":"Nielimitowane domeny"},{"text":"Bezp\u0142atne i terminowe wsparcie"},{"text":"Bezp\u0142atna us\u0142uga monta\u017cu"},{"text":"Oferta specjalna na wiele aplikacji"}],"pricing_button_text":"Dodaj do witryny","pricing_button_url":"#demo"}],"related_apps_title":"","related_apps_hidden":"","author":"","image":[],"title":"","job":"","social_networks":[]},"_links":{"self":[{"href":"https:\/\/elfsight.com\/pl\/wp-json\/wp\/v2\/pages\/3880","targetHints":{"allow":["GET"]}}],"collection":[{"href":"https:\/\/elfsight.com\/pl\/wp-json\/wp\/v2\/pages"}],"about":[{"href":"https:\/\/elfsight.com\/pl\/wp-json\/wp\/v2\/types\/page"}],"author":[{"embeddable":true,"href":"https:\/\/elfsight.com\/pl\/wp-json\/wp\/v2\/users\/9"}],"replies":[{"embeddable":true,"href":"https:\/\/elfsight.com\/pl\/wp-json\/wp\/v2\/comments?post=3880"}],"version-history":[{"count":1,"href":"https:\/\/elfsight.com\/pl\/wp-json\/wp\/v2\/pages\/3880\/revisions"}],"predecessor-version":[{"id":3884,"href":"https:\/\/elfsight.com\/pl\/wp-json\/wp\/v2\/pages\/3880\/revisions\/3884"}],"up":[{"embeddable":true,"href":"https:\/\/elfsight.com\/pl\/wp-json\/wp\/v2\/pages\/1921"}],"wp:attachment":[{"href":"https:\/\/elfsight.com\/pl\/wp-json\/wp\/v2\/media?parent=3880"}],"curies":[{"name":"wp","href":"https:\/\/api.w.org\/{rel}","templated":true}]}}