{"id":388,"date":"2020-11-19T10:59:44","date_gmt":"2020-11-19T10:59:44","guid":{"rendered":"https:\/\/elfsight.com\/pl\/?page_id=388"},"modified":"2021-04-21T13:43:08","modified_gmt":"2021-04-21T13:43:08","slug":"netlify-widgets","status":"publish","type":"page","link":"https:\/\/elfsight.com\/pl\/netlify-widgets\/","title":{"rendered":"Netlify widgets"},"content":{"rendered":"\n<h2>Najbardziej optymalne elementy interfejsu Elfsight dla aktualizacji twojej witryny internetowej Netlify<\/h2>\n\n<p>Przez szereg lat nasza dru\u017cyna profesjonalist\u00f3w Elfsight wynajduje Plug&amp;Play i konfigurowalne aplikacji chmurowe dla Twojej firmy. Nasz zesp\u00f3\u0142 gwarantuj\u0105 najwy\u017cszej klasy pomoc techniczn\u0105 i du\u017c\u0105 szybko\u015b\u0107 \u0142adowania. Widgety Elfsight pomagaj\u0105 w\u0142a\u015bcicielom stron e-commerce, non-profit i innym na \u015bwiecie zaradzi\u0107 g\u0142\u00f3wnymi zadaniami bardziej wydajnie. \n<\/p>\n\n<p>Aby podnie\u015b\u0107 liczb\u0119 lead\u00f3w, zademonstrowa\u0107 pozytywny feedback na Twoje oferty, zwi\u0119kszy\u0107 zaufanie do swojej marki, wystarczy zainstalowa\u0107 plugin do Twojej witryny. Nasze plany subskrypcji s\u0105 w zakresie od bezp\u0142atnych do premium. Szybko zainstalowa\u0107 wszelkie odpowiednie dodatki za pomoc\u0105 naszej demonstracji i przekonaj si\u0119 jak bardzo to b\u0119dzie po\u017cyteczne w kwestii rozwoju witryny firmy. <\/p>\n\n<h2>Dlaczego nasze aplikacji Elfsight s\u0105 jednymi z najlepszych rozwi\u0105zaniami dla Ciebie? <\/h2>\n\n<p> Zobacz list\u0119 wa\u017cnych cech naszych wid\u017cet\u00f3w, kt\u00f3re umo\u017cliwiaj\u0105 nam wyprzedzi\u0107 konkurencj\u0119: <\/p>\n\n\n<ul>\n<li> Nieodp\u0142atna i sprawna obs\u0142uga przy instalacje lub personalizacji dodatk\u00f3w; <\/li>\n<li> Adaptacja do wszystkich rozdzielczo\u015bci stron internetowych i dostosowane do urz\u0105dze\u0144 mobilnych; <\/li>\n<li> Nie trzeba umiej\u0119tno\u015bci programowania; <\/li>\n<li> Szeroka oferta funkcji stylizacji; <\/li>\n<li> Rozwi\u0105zania w chmurze pomagaj\u0105 zwi\u0119kszy\u0107 pr\u0119dko\u015b\u0107 \u0142adowania serwisu; <\/li>\n<li> Wszystkie poprawki s\u0105 bezp\u0142atne i regularne; <\/li>\n<li> Przyst\u0119pne ceny; <\/li>\n<li> Profesjonalna pomoc z problemami klient\u00f3w. <\/li>\n<\/ul>\n\n<p> Sprawd\u017a bezp\u0142atne opcje naszych rozszerze\u0144 i u\u017cywaj jej potencja\u0142 lub kup dowolne wymagane aplikacje z 20% zni\u017ck\u0105. <\/p>\n\n\n<h2> W jaki spos\u00f3b wstawi\u0107 Pa\u0144stwa pluginy na Pa\u0144stwa witrynie Netlify <\/h2>\n\n<p> Mo\u017cesz wstawi\u0107 wid\u017cety, wykonuj\u0105c poni\u017csze kroki z kr\u00f3tkiej instrukcji: <\/p>\n\n\n<ol>\n<li> Wybierz odpowiedni\u0105 wtyczk\u0119; <\/li>\n<li> Wprowad\u017a wymagane zmiany; <\/li>\n<li> Kliknij przycisk &#8222;Zapisz Zmiany&#8221;; <\/li>\n<li> Kliknij wygenerowany kod; <\/li>\n<li> Zainstaluj kod w dost\u0119pnym miejscu Twojej strony lub szablonu; <\/li>\n<li> Sko\u0144czone! Uda\u0142o Ci si\u0119 zintegrowa\u0107 dodatek. <\/li>\n<\/ol>\n\n<p> Je\u015bli potrzebujesz porady, prosimy poinformowa\u0107 o tym zesp\u00f3\u0142 wspieraj\u0105cy Elfsight. <\/p>\n","protected":false},"excerpt":{"rendered":"Najbardziej optymalne elementy interfejsu Elfsight dla aktualizacji twojej witryny internetowej Netlify Przez szereg lat nasza dru\u017cyna profesjonalist\u00f3w Elfsight wynajduje Plug&amp;Play i konfigurowalne aplikacji chmurowe dla Twojej firmy. Nasz zesp\u00f3\u0142 gwarantuj\u0105 najwy\u017cszej klasy pomoc techniczn\u0105 i du\u017c\u0105 szybko\u015b\u0107 \u0142adowania. Widgety Elfsight pomagaj\u0105 w\u0142a\u015bcicielom stron e-commerce, non-profit i innym na \u015bwiecie zaradzi\u0107&#8230;","protected":false},"author":13,"featured_media":0,"parent":0,"menu_order":0,"comment_status":"closed","ping_status":"closed","template":"templates\/template-platform.php","meta":{"publish_to_discourse":"","publish_post_category":"","wpdc_auto_publish_overridden":"","wpdc_topic_tags":"","wpdc_pin_topic":"","wpdc_pin_until":"","discourse_post_id":"","discourse_permalink":"","wpdc_publishing_response":"","wpdc_publishing_error":"","footnotes":""},"class_list":["post-388","page","type-page","status-publish","hentry"],"yoast_head":"<!-- This site is optimized with the Yoast SEO plugin v25.3.1 - https:\/\/yoast.com\/wordpress\/plugins\/seo\/ -->\n<title>Ponad 80 najlepszych darmowych Netlify widget\u00f3w dla strony internetowej<\/title>\n<meta name=\"description\" content=\"Spis najlepszych nieodp\u0142atnych aplikacji dla twojej strony internetowej Netlify. Pom\u00f3c w dostosowanie a tak\u017ce bogata gama mo\u017cliwo\u015bci.\" \/>\n<meta name=\"robots\" content=\"index, follow, max-snippet:-1, max-image-preview:large, max-video-preview:-1\" \/>\n<link rel=\"canonical\" href=\"https:\/\/elfsight.com\/pl\/netlify-widgets\/\" \/>\n<meta property=\"og:locale\" content=\"pl_PL\" \/>\n<meta property=\"og:type\" content=\"article\" \/>\n<meta property=\"og:title\" content=\"Ponad 80 najlepszych darmowych Netlify widget\u00f3w dla strony internetowej\" \/>\n<meta property=\"og:description\" content=\"Spis najlepszych nieodp\u0142atnych aplikacji dla twojej strony internetowej Netlify. Pom\u00f3c w dostosowanie a tak\u017ce bogata gama mo\u017cliwo\u015bci.\" \/>\n<meta property=\"og:url\" content=\"https:\/\/elfsight.com\/pl\/netlify-widgets\/\" \/>\n<meta property=\"og:site_name\" content=\"Elfsight PL\" \/>\n<meta property=\"article:modified_time\" content=\"2021-04-21T13:43:08+00:00\" \/>\n<meta name=\"twitter:card\" content=\"summary_large_image\" \/>\n<meta name=\"twitter:label1\" content=\"Szacowany czas czytania\" \/>\n\t<meta name=\"twitter:data1\" content=\"1 minuta\" \/>\n<!-- \/ Yoast SEO plugin. -->","yoast_head_json":{"title":"Ponad 80 najlepszych darmowych Netlify widget\u00f3w dla strony internetowej","description":"Spis najlepszych nieodp\u0142atnych aplikacji dla twojej strony internetowej Netlify. Pom\u00f3c w dostosowanie a tak\u017ce bogata gama mo\u017cliwo\u015bci.","robots":{"index":"index","follow":"follow","max-snippet":"max-snippet:-1","max-image-preview":"max-image-preview:large","max-video-preview":"max-video-preview:-1"},"canonical":"https:\/\/elfsight.com\/pl\/netlify-widgets\/","og_locale":"pl_PL","og_type":"article","og_title":"Ponad 80 najlepszych darmowych Netlify widget\u00f3w dla strony internetowej","og_description":"Spis najlepszych nieodp\u0142atnych aplikacji dla twojej strony internetowej Netlify. Pom\u00f3c w dostosowanie a tak\u017ce bogata gama mo\u017cliwo\u015bci.","og_url":"https:\/\/elfsight.com\/pl\/netlify-widgets\/","og_site_name":"Elfsight PL","article_modified_time":"2021-04-21T13:43:08+00:00","twitter_card":"summary_large_image","twitter_misc":{"Szacowany czas czytania":"1 minuta"},"schema":{"@context":"https:\/\/schema.org","@graph":[{"@type":"WebPage","@id":"https:\/\/elfsight.com\/pl\/netlify-widgets\/","url":"https:\/\/elfsight.com\/pl\/netlify-widgets\/","name":"Ponad 80 najlepszych darmowych Netlify widget\u00f3w dla strony internetowej","isPartOf":{"@id":"https:\/\/elfsight.com\/pl\/#website"},"datePublished":"2020-11-19T10:59:44+00:00","dateModified":"2021-04-21T13:43:08+00:00","description":"Spis najlepszych nieodp\u0142atnych aplikacji dla twojej strony internetowej Netlify. Pom\u00f3c w dostosowanie a tak\u017ce bogata gama mo\u017cliwo\u015bci.","breadcrumb":{"@id":"https:\/\/elfsight.com\/pl\/netlify-widgets\/#breadcrumb"},"inLanguage":"pl-PL","potentialAction":[{"@type":"ReadAction","target":["https:\/\/elfsight.com\/pl\/netlify-widgets\/"]}]},{"@type":"BreadcrumbList","@id":"https:\/\/elfsight.com\/pl\/netlify-widgets\/#breadcrumb","itemListElement":[{"@type":"ListItem","position":1,"name":"Home","item":"https:\/\/elfsight.com\/pl\/"},{"@type":"ListItem","position":2,"name":"Netlify widgets"}]},{"@type":"WebSite","@id":"https:\/\/elfsight.com\/pl\/#website","url":"https:\/\/elfsight.com\/pl\/","name":"Elfsight PL","description":"Just another Elfsight Sites site","potentialAction":[{"@type":"SearchAction","target":{"@type":"EntryPoint","urlTemplate":"https:\/\/elfsight.com\/pl\/?s={search_term_string}"},"query-input":{"@type":"PropertyValueSpecification","valueRequired":true,"valueName":"search_term_string"}}],"inLanguage":"pl-PL"}]}},"meta_box":{"industry":"","seo_heading":"","heading":"","description":"","cta_heading":"","cta_description":"","application":"","h1":"Najlepsze widgety Netlify","h1_caption":"Nieodp\u0142atny katalog gotowych do u\u017cycia dodatk\u00f3w najwy\u017cszej klasy z szerok\u0105 gam\u0105 funkcji dla powi\u0119kszania zaanga\u017cowania u\u017cytkownika oraz wykonania wszystkich innych cel\u00f3w w zakresie rozwoju komercyjnego. Szybkie instalowanie, szeroka oferta opcji modyfikacji oraz profesjonalny serwis pomocy klienta.","application_category":[],"applications_title":"Zobacz najbardziej odpowiednie widgety dla twojej witryny internetowej w\u015br\u00f3d wszystkich wid\u017cet\u00f3w gratisowych w edytorze internetowym","applications_request_title":"Nie mo\u017cesz znale\u017a\u0107 odpowiedni widget?","applications_request_button_text":"Zam\u00f3w widget","hero_text":"","hero_video":"","hero_video_schema_markup":"","selling_points_title":"","selling_points_caption":"","selling_points":[],"selling_points_cta_text":"","features_title":"","features":"","ed_cta_examples_text":"","ed_cta_examples_hidden":"","ed_cta_demo_text":"","ed_cta_demo_hidden":"","why_caption":"","why_editor_title":"","why_editor_text":"","why_team_title":"","why_team_text":"","why_service_title":"","why_service_text":"","template_catalog_visible":"","template_catalog_title":"","template_catalog_text":"","template_catalog_categories_visible":"","demo_title":"","demo_caption":"","default_faq_hidden":"","app_template_category":[],"platform":"385","template_public_id":"","codecanyon_url":"","codecanyon_item_id":"","codecanyon_price":"","pricing_caption":"","pricing_elfsight_apps_hide_column":"","pricing_elfsight_apps_url":"","pricing_codecanyon_price_caption":"","integration_category":[],"integration_request_title":"","integration_request_cta":"","integration_platform":"","integrations":[],"platform_category":[],"video_schema_markup":"","price":"","trial":"","benefits":[],"button_url":"","button_target_blank":"","button_nofollow":"","attributes":[],"tags":[],"tags_disable_links":"","hide_more_platforms":"","video_object":"","demo_hide_cta":"","demo_hide_cloud_options":"","pricing_title":"","pricing":[],"related_apps_title":"","related_apps_hidden":"","author":"","image":[],"title":"","job":"","social_networks":[]},"_links":{"self":[{"href":"https:\/\/elfsight.com\/pl\/wp-json\/wp\/v2\/pages\/388","targetHints":{"allow":["GET"]}}],"collection":[{"href":"https:\/\/elfsight.com\/pl\/wp-json\/wp\/v2\/pages"}],"about":[{"href":"https:\/\/elfsight.com\/pl\/wp-json\/wp\/v2\/types\/page"}],"author":[{"embeddable":true,"href":"https:\/\/elfsight.com\/pl\/wp-json\/wp\/v2\/users\/13"}],"replies":[{"embeddable":true,"href":"https:\/\/elfsight.com\/pl\/wp-json\/wp\/v2\/comments?post=388"}],"version-history":[{"count":2,"href":"https:\/\/elfsight.com\/pl\/wp-json\/wp\/v2\/pages\/388\/revisions"}],"predecessor-version":[{"id":390,"href":"https:\/\/elfsight.com\/pl\/wp-json\/wp\/v2\/pages\/388\/revisions\/390"}],"wp:attachment":[{"href":"https:\/\/elfsight.com\/pl\/wp-json\/wp\/v2\/media?parent=388"}],"curies":[{"name":"wp","href":"https:\/\/api.w.org\/{rel}","templated":true}]}}