{"id":382,"date":"2020-11-19T10:49:35","date_gmt":"2020-11-19T10:49:35","guid":{"rendered":"https:\/\/elfsight.com\/pl\/?page_id=382"},"modified":"2021-04-21T13:42:58","modified_gmt":"2021-04-21T13:42:58","slug":"clickfunnels-integrations","status":"publish","type":"page","link":"https:\/\/elfsight.com\/pl\/clickfunnels-integrations\/","title":{"rendered":"ClickFunnels integrations"},"content":{"rendered":"\n<h2>Najdoskonalsze pluginy Elfsight dla udoskonalenia twojej witryny internetowej ClickFunnels<\/h2>\n\n<p>W ci\u0105gu dziewi\u0119ciu lat nasza dru\u017cyna ekspert\u00f3w Elfsight projektuje \u0142atwe w u\u017cyciu i personalizowane elementy interfejsu chmurowe dla Twojej witryny internetowej. Gwarantujemy profesjonalne wsparcie oraz szybkie \u0142adowanie. Pluginy Elfsight wespraj\u0105 w\u0142a\u015bcicielom witryn www, edukacyjnych oraz innym z ca\u0142ego \u015bwiata upora\u0107 si\u0119 z podstawowymi problemami bardziej racjonalnie. \n<\/p>\n\n<p>Aby zwi\u0119kszy\u0107 poziom sprzeda\u017cy, wykaza\u0107 5-gwiazdkow\u0105 ocen\u0119 na Twoje oferty, zwi\u0119kszy\u0107 zaufanie do swojej marki, wystarczy zainstalowa\u0107 wtyczku do Pa\u0144stwa strony internetowej. Nasze plany subskrypcji wahaj\u0105 si\u0119 od bezp\u0142atnych do premium. Szybko zastosowa\u0107 wszelkie odpowiednie aplikacji za pomoc\u0105 naszej wersji Live Demo i sprawd\u017a jak bardzo mo\u017ce to by\u0107 istotne w kwestii rozwoju strony internetowej Pa\u0144stwa firmy. <\/p>\n\n<h2>Co czyni rozszerzenia Elfsight s\u0105 jednymi z najlepszych narz\u0119dzi dla Ciebie? <\/h2>\n\n<p> Sprawd\u017a spis powa\u017cnych charakterystyk naszych wid\u017cet\u00f3w, kt\u00f3re umo\u017cliwiaj\u0105 nam wyprzedzi\u0107 konkurencj\u0119: <\/p>\n\n\n<ul>\n<li> Bezp\u0142atna i sprawna pomoc przy wbudowaniu lub customizacji rozszerze\u0144; <\/li>\n<li> Adaptacja do wszystkich rozdzielczo\u015bci witryn internetowych i przyjazne dla urz\u0105dze\u0144 mobilnych; <\/li>\n<li> Nie ma potrzeby zatrudnia\u0107 deweloper\u00f3w; <\/li>\n<li> Szeroki wyb\u00f3r funkcji stylizacji; <\/li>\n<li> Rozwi\u0105zania w chmurze pomagaj\u0105 zwi\u0119kszy\u0107 pr\u0119dko\u015b\u0107 serwisu; <\/li>\n<li> Wszystkie przysz\u0142e poprawki s\u0105 darmowe i regularnie publikowane; <\/li>\n<li> Uczciwe ceny; <\/li>\n<li> Sta\u0142a pomoc w przypadku problem\u00f3w. <\/li>\n<\/ul>\n\n<p> Sprawd\u017a bezp\u0142atne opcje naszych wid\u017cet\u00f3w i wykorzystaj jej potencja\u0142 lub kup dowolne wymagane wtyczk\u0119 z 20% rabatem. <\/p>\n\n\n<h2> Jak wbudowa\u0107 rozszerzenia na Pa\u0144stwa stronie Web ClickFunnels<\/h2>\n\n<p> A\u017ceby integrowa\u0107 aplikacji, zobacz etapy z oczywistej instrukcji: <\/p>\n\n\n<ol>\n<li> Naci\u015bnij na przydatn\u0105 wtyczk\u0119; <\/li>\n<li> Wprowad\u017a wszystkie potrzebne zmiany; <\/li>\n<li> Zapisz zmiany; <\/li>\n<li> Skopiuj wygenerowany kod; <\/li>\n<li> Dodaj kod w przydatnym miejscu Twojej strony lub szablonu; <\/li>\n<li> Sko\u0144czone! Masz zainstalowany dodatek. <\/li>\n<\/ol>\n\n<p> W przypadku problem\u00f3w, zapraszamy skontaktowa\u0107 si\u0119 z zespo\u0142em pomocy technicznej Elfsight. <\/p>\n","protected":false},"excerpt":{"rendered":"Najdoskonalsze pluginy Elfsight dla udoskonalenia twojej witryny internetowej ClickFunnels W ci\u0105gu dziewi\u0119ciu lat nasza dru\u017cyna ekspert\u00f3w Elfsight projektuje \u0142atwe w u\u017cyciu i personalizowane elementy interfejsu chmurowe dla Twojej witryny internetowej. Gwarantujemy profesjonalne wsparcie oraz szybkie \u0142adowanie. Pluginy Elfsight wespraj\u0105 w\u0142a\u015bcicielom witryn www, edukacyjnych oraz innym z ca\u0142ego \u015bwiata upora\u0107 si\u0119&#8230;","protected":false},"author":13,"featured_media":0,"parent":0,"menu_order":0,"comment_status":"closed","ping_status":"closed","template":"templates\/template-platform.php","meta":{"publish_to_discourse":"","publish_post_category":"","wpdc_auto_publish_overridden":"","wpdc_topic_tags":"","wpdc_pin_topic":"","wpdc_pin_until":"","discourse_post_id":"","discourse_permalink":"","wpdc_publishing_response":"","wpdc_publishing_error":"","footnotes":""},"class_list":["post-382","page","type-page","status-publish","hentry"],"yoast_head":"<!-- This site is optimized with the Yoast SEO plugin v25.3.1 - https:\/\/yoast.com\/wordpress\/plugins\/seo\/ -->\n<title>Ponad 80 darmowych ClickFunnels integrations dla strony internetowej<\/title>\n<meta name=\"description\" content=\"Odbi\u00f3r doskona\u0142ych rozszerze\u0144 dla twojej strony internetowej ClickFunnels. Pom\u00f3c w personalizacj\u0119 oraz szeroka funkcjonalno\u015b\u0107.\" \/>\n<meta name=\"robots\" content=\"index, follow, max-snippet:-1, max-image-preview:large, max-video-preview:-1\" \/>\n<link rel=\"canonical\" href=\"https:\/\/elfsight.com\/pl\/clickfunnels-integrations\/\" \/>\n<meta property=\"og:locale\" content=\"pl_PL\" \/>\n<meta property=\"og:type\" content=\"article\" \/>\n<meta property=\"og:title\" content=\"Ponad 80 darmowych ClickFunnels integrations dla strony internetowej\" \/>\n<meta property=\"og:description\" content=\"Odbi\u00f3r doskona\u0142ych rozszerze\u0144 dla twojej strony internetowej ClickFunnels. Pom\u00f3c w personalizacj\u0119 oraz szeroka funkcjonalno\u015b\u0107.\" \/>\n<meta property=\"og:url\" content=\"https:\/\/elfsight.com\/pl\/clickfunnels-integrations\/\" \/>\n<meta property=\"og:site_name\" content=\"Elfsight PL\" \/>\n<meta property=\"article:modified_time\" content=\"2021-04-21T13:42:58+00:00\" \/>\n<meta name=\"twitter:card\" content=\"summary_large_image\" \/>\n<meta name=\"twitter:label1\" content=\"Szacowany czas czytania\" \/>\n\t<meta name=\"twitter:data1\" content=\"1 minuta\" \/>\n<!-- \/ Yoast SEO plugin. -->","yoast_head_json":{"title":"Ponad 80 darmowych ClickFunnels integrations dla strony internetowej","description":"Odbi\u00f3r doskona\u0142ych rozszerze\u0144 dla twojej strony internetowej ClickFunnels. Pom\u00f3c w personalizacj\u0119 oraz szeroka funkcjonalno\u015b\u0107.","robots":{"index":"index","follow":"follow","max-snippet":"max-snippet:-1","max-image-preview":"max-image-preview:large","max-video-preview":"max-video-preview:-1"},"canonical":"https:\/\/elfsight.com\/pl\/clickfunnels-integrations\/","og_locale":"pl_PL","og_type":"article","og_title":"Ponad 80 darmowych ClickFunnels integrations dla strony internetowej","og_description":"Odbi\u00f3r doskona\u0142ych rozszerze\u0144 dla twojej strony internetowej ClickFunnels. Pom\u00f3c w personalizacj\u0119 oraz szeroka funkcjonalno\u015b\u0107.","og_url":"https:\/\/elfsight.com\/pl\/clickfunnels-integrations\/","og_site_name":"Elfsight PL","article_modified_time":"2021-04-21T13:42:58+00:00","twitter_card":"summary_large_image","twitter_misc":{"Szacowany czas czytania":"1 minuta"},"schema":{"@context":"https:\/\/schema.org","@graph":[{"@type":"WebPage","@id":"https:\/\/elfsight.com\/pl\/clickfunnels-integrations\/","url":"https:\/\/elfsight.com\/pl\/clickfunnels-integrations\/","name":"Ponad 80 darmowych ClickFunnels integrations dla strony internetowej","isPartOf":{"@id":"https:\/\/elfsight.com\/pl\/#website"},"datePublished":"2020-11-19T10:49:35+00:00","dateModified":"2021-04-21T13:42:58+00:00","description":"Odbi\u00f3r doskona\u0142ych rozszerze\u0144 dla twojej strony internetowej ClickFunnels. Pom\u00f3c w personalizacj\u0119 oraz szeroka funkcjonalno\u015b\u0107.","breadcrumb":{"@id":"https:\/\/elfsight.com\/pl\/clickfunnels-integrations\/#breadcrumb"},"inLanguage":"pl-PL","potentialAction":[{"@type":"ReadAction","target":["https:\/\/elfsight.com\/pl\/clickfunnels-integrations\/"]}]},{"@type":"BreadcrumbList","@id":"https:\/\/elfsight.com\/pl\/clickfunnels-integrations\/#breadcrumb","itemListElement":[{"@type":"ListItem","position":1,"name":"Home","item":"https:\/\/elfsight.com\/pl\/"},{"@type":"ListItem","position":2,"name":"ClickFunnels integrations"}]},{"@type":"WebSite","@id":"https:\/\/elfsight.com\/pl\/#website","url":"https:\/\/elfsight.com\/pl\/","name":"Elfsight PL","description":"Just another Elfsight Sites site","potentialAction":[{"@type":"SearchAction","target":{"@type":"EntryPoint","urlTemplate":"https:\/\/elfsight.com\/pl\/?s={search_term_string}"},"query-input":{"@type":"PropertyValueSpecification","valueRequired":true,"valueName":"search_term_string"}}],"inLanguage":"pl-PL"}]}},"meta_box":{"industry":"","seo_heading":"","heading":"","description":"","cta_heading":"","cta_description":"","application":"","h1":"Najlepsze integracje ClickFunnels","h1_caption":"Darmowy pakiet nowych plugin\u00f3w pierwszej klasy z szerokim zakresem funkcji dla zwi\u0119kszenia aktywno\u015bci u\u017cytkownik\u00f3w i osi\u0105gni\u0119cia wszystkich r\u00f3\u017cnych cel\u00f3w o charakterze handlowym. \u0141atwa integracja, bogata oferta opcji personalizacji oraz do\u017cywotnie wsparcie klienta.","application_category":[],"applications_title":"Poznaj najodpowiedniejsze integracje dla twojej strony www w\u015br\u00f3d wszystkich wid\u017cet\u00f3w gratisowych w demonstracje online","applications_request_title":"Nie mo\u017cesz znale\u017a\u0107 odpowiedniej integracji?","applications_request_button_text":"Zam\u00f3w integracje","hero_text":"","hero_video":"","hero_video_schema_markup":"","selling_points_title":"","selling_points_caption":"","selling_points":[],"selling_points_cta_text":"","features_title":"","features":"","ed_cta_examples_text":"","ed_cta_examples_hidden":"","ed_cta_demo_text":"","ed_cta_demo_hidden":"","why_caption":"","why_editor_title":"","why_editor_text":"","why_team_title":"","why_team_text":"","why_service_title":"","why_service_text":"","template_catalog_visible":"","template_catalog_title":"","template_catalog_text":"","template_catalog_categories_visible":"","demo_title":"","demo_caption":"","default_faq_hidden":"","app_template_category":[],"platform":"379","template_public_id":"","codecanyon_url":"","codecanyon_item_id":"","codecanyon_price":"","pricing_caption":"","pricing_elfsight_apps_hide_column":"","pricing_elfsight_apps_url":"","pricing_codecanyon_price_caption":"","integration_category":[],"integration_request_title":"","integration_request_cta":"","integration_platform":"","integrations":[],"platform_category":[],"video_schema_markup":"","price":"","trial":"","benefits":[],"button_url":"","button_target_blank":"","button_nofollow":"","attributes":[],"tags":[],"tags_disable_links":"","hide_more_platforms":"","video_object":"","demo_hide_cta":"","demo_hide_cloud_options":"","pricing_title":"","pricing":[],"related_apps_title":"","related_apps_hidden":"","author":"","image":[],"title":"","job":"","social_networks":[]},"_links":{"self":[{"href":"https:\/\/elfsight.com\/pl\/wp-json\/wp\/v2\/pages\/382","targetHints":{"allow":["GET"]}}],"collection":[{"href":"https:\/\/elfsight.com\/pl\/wp-json\/wp\/v2\/pages"}],"about":[{"href":"https:\/\/elfsight.com\/pl\/wp-json\/wp\/v2\/types\/page"}],"author":[{"embeddable":true,"href":"https:\/\/elfsight.com\/pl\/wp-json\/wp\/v2\/users\/13"}],"replies":[{"embeddable":true,"href":"https:\/\/elfsight.com\/pl\/wp-json\/wp\/v2\/comments?post=382"}],"version-history":[{"count":2,"href":"https:\/\/elfsight.com\/pl\/wp-json\/wp\/v2\/pages\/382\/revisions"}],"predecessor-version":[{"id":384,"href":"https:\/\/elfsight.com\/pl\/wp-json\/wp\/v2\/pages\/382\/revisions\/384"}],"wp:attachment":[{"href":"https:\/\/elfsight.com\/pl\/wp-json\/wp\/v2\/media?parent=382"}],"curies":[{"name":"wp","href":"https:\/\/api.w.org\/{rel}","templated":true}]}}